{"id":1874,"date":"2024-05-09T07:00:52","date_gmt":"2024-05-09T07:00:52","guid":{"rendered":"https:\/\/rmvapesale.com\/?post_type=product&#038;p=1874"},"modified":"2024-10-21T08:04:35","modified_gmt":"2024-10-21T08:04:35","slug":"randm-tornado-15000-puffs-15k-vape-recharge-fumot-original-vape-factory-price","status":"publish","type":"product","link":"https:\/\/rmvapesale.com\/cs\/product\/randm-tornado-15000-puffs-15k-vape-recharge-fumot-original-vape-factory-price\/","title":{"rendered":"RANDM TORNADO 15000 PUFFS 15K VAPE RECHARGE FUMOT ORIGIN\u00c1LN\u00cd VAPE TOV\u00c1RN\u00cd CENA"},"content":{"rendered":"<h1>RANDM TORNADO 15000 PUFFS 15K VAPE RECHARGE FUMOT ORIGIN\u00c1LN\u00cd VAPE TOV\u00c1RN\u00cd CENA<\/h1>\n<p>RANDM TORNADO VAPE 15000 POT\u00c1HNUT\u00cd Dob\u00edjec\u00ed vape je nyn\u00ed popul\u00e1rn\u00ed ve v\u011bt\u0161in\u011b evropsk\u00fdch zem\u00ed, jako je N\u011bmecko, Nizozemsko, Francie, It\u00e1lie, \u0160pan\u011blsko, \u0160v\u00fdcarsko, \u0160v\u00e9dsko, Polsko atd. Jak koupit Randm Tornado 15k Vapes? Co je Fumot tornado 15k vape? Pozdravte RANDM Tornado 15K Vape \u2013 \u0161pi\u010dkov\u00fd v\u00fdtvor od Fumot. Tento \u0161patn\u00fd chlapec m\u00e1 s\u00edlu s kapacitou 15 000 pot\u00e1hnut\u00ed, \u010d\u00edm\u017e nastavuje la\u0165ku vysoko ve sv\u011bt\u011b vapingu. Tento vape, vytvo\u0159en\u00fd kouzeln\u00edky ze spole\u010dnosti Shenzhen Fumot Technology, nejen\u017ee vypad\u00e1 skv\u011ble, ale tak\u00e9 dod\u00e1v\u00e1 zbo\u017e\u00ed.<\/p>\n<p>S mo\u017enostmi obsahu nikotinu v rozmez\u00ed od 0% do 5% a p\u0159edem napln\u011bn\u00fdm 25 ml e-liquidu m\u00e1 p\u0159\u00edchut\u011b na cel\u00e9 dny. Poh\u00e1n\u011bn dob\u00edjec\u00ed bateri\u00ed 850 mAh a sportovn\u00ed 0,9\u03a9 Mesh spir\u00e1lkou, zaru\u010duje hladk\u00e9 z\u00e1sahy poka\u017ed\u00e9. Sledujte hladinu \u0161\u0165\u00e1vy a baterie pomoc\u00ed LED indik\u00e1toru \u2013 je to snadn\u00e9 jako facka. P\u0159ipravte se na dokonal\u00fd z\u00e1\u017eitek z vapingu s RANDM Tornado 15K Vape<\/p>\n<p>&nbsp;<\/p>\n<p><strong>P\u0159idejte obchodn\u00edho mana\u017eera AMY whatsapp <a href=\"https:\/\/wa.me\/8617776015835\" target=\"_blank\" rel=\"noopener\">+86-17776015835<\/a> z\u00edskejte v\u011bt\u0161\u00ed slevu!<\/strong><\/p>\n<p><img loading=\"lazy\" decoding=\"async\" class=\"size-medium wp-image-1814\" src=\"https:\/\/rmvapesale.com\/wp-content\/uploads\/2024\/04\/whatsapp-amy-229x300.jpg\" alt=\"whatsapp amy\" width=\"229\" height=\"300\" srcset=\"https:\/\/rmvapesale.com\/wp-content\/uploads\/2024\/04\/whatsapp-amy-229x300.jpg 229w, https:\/\/rmvapesale.com\/wp-content\/uploads\/2024\/04\/whatsapp-amy-783x1024.jpg 783w, https:\/\/rmvapesale.com\/wp-content\/uploads\/2024\/04\/whatsapp-amy-768x1005.jpg 768w, https:\/\/rmvapesale.com\/wp-content\/uploads\/2024\/04\/whatsapp-amy-600x785.jpg 600w, https:\/\/rmvapesale.com\/wp-content\/uploads\/2024\/04\/whatsapp-amy.jpg 990w\" sizes=\"auto, (max-width: 229px) 100vw, 229px\" \/><\/p>\n<h2>Specifikace JEDNOR\u00c1ZOV\u00c9HO VAPU FUMOT TORNADO 15000:<\/h2>\n<p>Mo\u017enosti obsahu nikotinu: 0%, 2%, 3% a 5%<br \/>\nA\u017e 15 000 pot\u00e1hnut\u00ed<br \/>\nP\u0159edpln\u011bno 25 ml e-liquidu<br \/>\n850mAh dob\u00edjec\u00ed bateri\u00ed<br \/>\n0,9\u03a9 Mesh spir\u00e1lka<br \/>\n41 dostupn\u00fdch p\u0159\u00edchut\u00ed<\/p>\n<h2>Nejlep\u0161\u00ed p\u0159\u00edchu\u0165 Randm 15000 Puff<\/h2>\n<p>1 Modr\u00e1 malina s limon\u00e1dou<br \/>\n2 Broskvov\u00fd led<br \/>\n3 Kysel\u00e9 jablko<br \/>\n4 Melounov\u00fd led<br \/>\n5 Bor\u016fvka s ledem<br \/>\n6 Bor\u016fvka a malina<br \/>\n7 Ananasov\u00fd led<br \/>\n8 T\u0159e\u0161e\u0148<br \/>\n9 Jahodov\u00fd Led<br \/>\n10 Vimto\u00a0 <span style=\"color: #ff0000\"><strong>&gt;&gt;&gt;&gt; Hork\u00e9!<\/strong><\/span><br \/>\n11 Hroznov\u00fd led<br \/>\n12 Cola s ledem<br \/>\n13 Jahoda s melounem<br \/>\n14 R\u016f\u017eov\u00e1 limon\u00e1da <span style=\"color: #ff0000\"><strong>&gt;&gt;&gt;&gt; Nejlep\u0161\u00ed!<\/strong><\/span><br \/>\n15 M\u00edchan\u00e9 bobule <span style=\"color: #ff0000\"><strong>&gt;&gt;&gt;&gt; Hork\u00e9!<\/strong><\/span><br \/>\n16 Broskev a mango<br \/>\n17. Dra\u010d\u00ed ovoce<br \/>\n18. Jahoda a hrozny<br \/>\n19. Pan Modr\u00fd <span style=\"color: #ff0000\"><strong>&gt;&gt;&gt;&gt; Hork\u00e9!<\/strong><\/span><br \/>\n20. Sv\u011b\u017e\u00ed led<br \/>\n21. Nanuk<br \/>\n22. Jahoda kiwi<br \/>\n23. Kiwi mu\u010denka guava<br \/>\n24. Trojit\u00e9 bobule <span style=\"color: #ff0000\"><strong>&gt;&gt;&gt;&gt; Hork\u00e9!<\/strong><\/span><br \/>\n25. Ban\u00e1nov\u00fd led<br \/>\n26. Broskvov\u00e9 bor\u016fvkov\u00e9 bonb\u00f3ny<br \/>\n27. Jablko broskev hru\u0161ka<br \/>\n28. Bobulov\u00e1 limon\u00e1da<br \/>\n29. Modr\u00e1 malina t\u0159e\u0161e\u0148<br \/>\n30. Bor\u016fvkov\u00e1 \u017ev\u00fdka\u010dka<br \/>\n31. Bor\u016fvka t\u0159e\u0161e\u0148 brusinka<br \/>\n32. Bor\u016fvka Gran\u00e1tov\u00e9 jablko<br \/>\n33. Bluesour Malina<br \/>\n34. T\u0159e\u0161\u0148ov\u00e1 Cola<br \/>\n35. Gumov\u00fd medv\u00eddek<br \/>\n36. Citron<br \/>\n37. Mango s ledem<br \/>\n38. \u010cerven\u00e1 energetick\u00e1 s ledem<br \/>\n39. Jahoda Ban\u00e1n<br \/>\n40. Jahoda Red Bull<br \/>\n41. Jahodov\u00e1 Melounov\u00e1 Limon\u00e1da<\/p>\n<p>&nbsp;<\/p>\n<h2>\u010casto kladen\u00e9 ot\u00e1zky Randm Tornado 15000<\/h2>\n<p>1. Co je RANDM VAPE 15K TORNADO Original?<br \/>\nRANDM VAPE 15K TORNADO Original je \u017ehav\u00fd prodejn\u00ed jednor\u00e1zov\u00e9 vapovac\u00ed za\u0159\u00edzen\u00ed vyroben\u00e9 spole\u010dnost\u00ed Fumot Vape Tech. Je pojmenov\u00e1no pro svou p\u016fsobivou kapacitu 15 000 pot\u00e1hnut\u00ed.<\/p>\n<p>2. Kdo vyr\u00e1b\u00ed RANDM VAPE 15K TORNADO Genuine?<br \/>\nRANDM VAPE 15K TORNADO Genuine vyr\u00e1b\u00ed spole\u010dnost Shenzhen Fumot Technology, p\u0159edn\u00ed spole\u010dnost v odv\u011btv\u00ed vapingu, zn\u00e1m\u00e1 sv\u00fdmi inovativn\u00edmi produkty.<\/p>\n<p>3. \u010c\u00edm je RANDM VAPE 15K TORNADO Authentic jedine\u010dn\u00fd?<\/p>\n<p>Se svou kapacitou 15 000 pot\u00e1hnut\u00ed vynik\u00e1 RANDM VAPE 15K TORNADO Authentic jako jeden z jednor\u00e1zov\u00fdch vap\u016f s nejvy\u0161\u0161\u00ed kapacitou na trhu. Je to dobr\u00e1 volba pro ty, kte\u0159\u00ed tou\u017e\u00ed po za\u0159\u00edzen\u00edch s del\u0161\u00ed \u017eivotnost\u00ed.<\/p>\n<p>4. Jak\u00e9 p\u0159\u00edchut\u011b jsou k dispozici pro RANDM VAPE 15K TORNADO Genuine?<br \/>\nRANDM VAPE 15K TORNADO Genuine se dod\u00e1v\u00e1 v r\u016fzn\u00fdch p\u0159\u00edchut\u00edch, v\u010detn\u011b Apple Peach Pear, Banana Ice, Berry Lemonade, Blue Razz Cherry a mnoha dal\u0161\u00edch. Se 41 p\u0159\u00edchut\u011bmi, ze kter\u00fdch si m\u016f\u017eete vybrat, si vybere ka\u017ed\u00fd.<\/p>\n<p>5. Jak dlouho vydr\u017e\u00ed baterie na RANDM VAPE 15K TORNADO Authentic?<br \/>\nAutentick\u00fd RANDM VAPE 15K TORNADO je vybaven vestav\u011bnou bateri\u00ed s kapacitou 850 mAh, kter\u00e1 nab\u00edz\u00ed prodlou\u017een\u00e9 pou\u017e\u00edv\u00e1n\u00ed na jedno nabit\u00ed. P\u0159esn\u00e1 \u017eivotnost baterie z\u00e1vis\u00ed na individu\u00e1ln\u00edch vzorc\u00edch pou\u017e\u00edv\u00e1n\u00ed.<\/p>\n<p>6. Je RANDM VAPE 15000 TORNADO Original dob\u00edjec\u00ed?<br \/>\nNe, RANDM VAPE 15000 TORNADO Original je jednor\u00e1zov\u00e9 vapovac\u00ed za\u0159\u00edzen\u00ed a nen\u00ed dob\u00edjec\u00ed. Jakmile se baterie vybije nebo dojde e-liquid, za\u0159\u00edzen\u00ed je ur\u010deno k zodpov\u011bdn\u00e9 likvidaci.<\/p>\n<p>7. Jak mohu zakoupit RANDM VAPE 15000 Genuine?<br \/>\nRANDM VAPE 15000 Genuine je k dispozici ke koupi prost\u0159ednictv\u00edm autorizovan\u00fdch distributor\u016f. Pro velkoobchodn\u00ed dotazy se mohou distributo\u0159i <a href=\"https:\/\/wa.me\/8617776015835\" target=\"_blank\" rel=\"noopener\">kontaktujte N\u00c1S<\/a> obr\u00e1tit p\u0159\u00edmo. Maloobchodn\u00ed z\u00e1kazn\u00edci mohou produkt naj\u00edt u vybran\u00fdch prodejc\u016f nebo v online obchodech.<\/p>\n<p>&nbsp;<\/p>\n<p>Naj\u00edt v\u00edce produkt\u016f pro vaping, kter\u00e9 by se v\u00e1m mohly l\u00edbit:<em><a href=\"https:\/\/rmvapesale.com\/cs\/shop-2\/\">nakupovat nyn\u00ed\u00a0<\/a><\/em><\/p>\n<p>dal\u0161\u00ed \u017ehav\u00e9 prodeje vape, kter\u00e9 by se v\u00e1m mohly l\u00edbit:<\/p>\n<p><a href=\"https:\/\/rmvapesale.com\/cs\/product\/jnr-shisha-vape-15000-puffs-wholesale-price-with-screen-vape\/\">VOPK SHISHA 15K<\/a><\/p>\n<p><a href=\"https:\/\/rmvapesale.com\/cs\/product\/randm-vape-al-fakher-10000-puffs-vape-wholesale\/\">randm vape AI FAKHER 15k vape<\/a><\/p>","protected":false},"excerpt":{"rendered":"<p class=\"LC20lb MBeuO DKV0Md\">15K POT\u00c1HNUT\u00cd FUMOT VAPE RANDM Velkoobchodn\u00ed cena<br \/>\n15K POT\u00c1HNUT\u00cd FUMOT ORIGIN\u00c1LN\u00cd RANDM Cena z v\u00fdroby<br \/>\n15K POT\u00c1HNUT\u00cd Origin\u00e1ln\u00ed FUMOT VAPE TORNADO RANDM Zlevn\u011bn\u00e1 cena<br \/>\n<strong>Kontaktujte Amy pro v\u011bt\u0161\u00ed slevu a ni\u017e\u0161\u00ed MOQ Vape<\/strong><\/p>\n<p><img loading=\"lazy\" decoding=\"async\" class=\"size-medium wp-image-1814\" src=\"https:\/\/rmvapesale.com\/wp-content\/uploads\/2024\/04\/whatsapp-amy-229x300.jpg\" alt=\"whatsapp amy\" width=\"229\" height=\"300\" srcset=\"https:\/\/rmvapesale.com\/wp-content\/uploads\/2024\/04\/whatsapp-amy-229x300.jpg 229w, https:\/\/rmvapesale.com\/wp-content\/uploads\/2024\/04\/whatsapp-amy-783x1024.jpg 783w, https:\/\/rmvapesale.com\/wp-content\/uploads\/2024\/04\/whatsapp-amy-768x1005.jpg 768w, https:\/\/rmvapesale.com\/wp-content\/uploads\/2024\/04\/whatsapp-amy-600x785.jpg 600w, https:\/\/rmvapesale.com\/wp-content\/uploads\/2024\/04\/whatsapp-amy.jpg 990w\" sizes=\"auto, (max-width: 229px) 100vw, 229px\" \/><\/p>\n<h3><span style=\"color: #ff0000\"><strong>WhatsApp: +86 17776015835<\/strong><\/span><\/h3>","protected":false},"featured_media":1877,"comment_status":"open","ping_status":"closed","template":"","meta":{"_uag_custom_page_level_css":"","_lmt_disableupdate":"no","_lmt_disable":"","site-sidebar-layout":"default","site-content-layout":"content-boxed-container","ast-site-content-layout":"normal-width-container","site-content-style":"boxed","site-sidebar-style":"unboxed","ast-global-header-display":"","ast-banner-title-visibility":"","ast-main-header-display":"","ast-hfb-above-header-display":"","ast-hfb-below-header-display":"","ast-hfb-mobile-header-display":"","site-post-title":"","ast-breadcrumbs-content":"","ast-featured-img":"","footer-sml-layout":"","theme-transparent-header-meta":"default","adv-header-id-meta":"","stick-header-meta":"","header-above-stick-meta":"","header-main-stick-meta":"","header-below-stick-meta":"","astra-migrate-meta-layouts":"set","ast-page-background-enabled":"default","ast-page-background-meta":{"desktop":{"background-color":"var(--ast-global-color-4)","background-image":"","background-repeat":"repeat","background-position":"center center","background-size":"auto","background-attachment":"scroll","background-type":"","background-media":"","overlay-type":"","overlay-color":"","overlay-opacity":"","overlay-gradient":""},"tablet":{"background-color":"","background-image":"","background-repeat":"repeat","background-position":"center center","background-size":"auto","background-attachment":"scroll","background-type":"","background-media":"","overlay-type":"","overlay-color":"","overlay-opacity":"","overlay-gradient":""},"mobile":{"background-color":"","background-image":"","background-repeat":"repeat","background-position":"center center","background-size":"auto","background-attachment":"scroll","background-type":"","background-media":"","overlay-type":"","overlay-color":"","overlay-opacity":"","overlay-gradient":""}},"ast-content-background-meta":{"desktop":{"background-color":"var(--ast-global-color-5)","background-image":"","background-repeat":"repeat","background-position":"center center","background-size":"auto","background-attachment":"scroll","background-type":"","background-media":"","overlay-type":"","overlay-color":"","overlay-opacity":"","overlay-gradient":""},"tablet":{"background-color":"var(--ast-global-color-5)","background-image":"","background-repeat":"repeat","background-position":"center center","background-size":"auto","background-attachment":"scroll","background-type":"","background-media":"","overlay-type":"","overlay-color":"","overlay-opacity":"","overlay-gradient":""},"mobile":{"background-color":"var(--ast-global-color-5)","background-image":"","background-repeat":"repeat","background-position":"center center","background-size":"auto","background-attachment":"scroll","background-type":"","background-media":"","overlay-type":"","overlay-color":"","overlay-opacity":"","overlay-gradient":""}},"_joinchat":[]},"product_brand":[],"product_cat":[25,51,123,26,28,135,27,31,61,137,15,30],"product_tag":[44,39,40,41,171,38,37],"class_list":{"0":"post-1874","1":"product","2":"type-product","3":"status-publish","4":"has-post-thumbnail","6":"product_cat-germany-best-selling-vape","7":"product_cat-fumot-vape","8":"product_cat-italy-wholesale-vape","9":"product_cat-netherlands-hot-sale-vape","10":"product_cat-poland-hot-sale-vape","11":"product_cat-spain-best-hot-sale-vape","12":"product_cat-fance-hot-sale-vape","13":"product_cat-randm-fumot-vape","14":"product_cat-15000-puffs-disposable-vapes","15":"product_cat-rechargeable-vapes","16":"product_cat-new-vape-this-week","17":"product_cat-minimum-order-quantity-50pcs","18":"product_tag-15k-puffs-15000-vape-wholesale","19":"product_tag-fumot-vape","20":"product_tag-hot-sale-vape","21":"product_tag-original-factory-vape","22":"product_tag-randm-15000","23":"product_tag-randm-vape","24":"product_tag-wholesale-vape-price","25":"desktop-align-left","26":"tablet-align-left","27":"mobile-align-left","29":"first","30":"instock","31":"sale","32":"shipping-taxable","33":"purchasable","34":"product-type-simple"},"uagb_featured_image_src":{"full":["https:\/\/rmvapesale.com\/wp-content\/uploads\/2024\/05\/randm-vape-tornado-15k-fumot.jpg",424,589,false],"thumbnail":["https:\/\/rmvapesale.com\/wp-content\/uploads\/2024\/05\/randm-vape-tornado-15k-fumot-150x150.jpg",150,150,true],"medium":["https:\/\/rmvapesale.com\/wp-content\/uploads\/2024\/05\/randm-vape-tornado-15k-fumot-216x300.jpg",216,300,true],"medium_large":["https:\/\/rmvapesale.com\/wp-content\/uploads\/2024\/05\/randm-vape-tornado-15k-fumot.jpg",424,589,false],"large":["https:\/\/rmvapesale.com\/wp-content\/uploads\/2024\/05\/randm-vape-tornado-15k-fumot.jpg",424,589,false],"1536x1536":["https:\/\/rmvapesale.com\/wp-content\/uploads\/2024\/05\/randm-vape-tornado-15k-fumot.jpg",424,589,false],"2048x2048":["https:\/\/rmvapesale.com\/wp-content\/uploads\/2024\/05\/randm-vape-tornado-15k-fumot.jpg",424,589,false],"trp-custom-language-flag":["https:\/\/rmvapesale.com\/wp-content\/uploads\/2024\/05\/randm-vape-tornado-15k-fumot.jpg",9,12,false],"woocommerce_thumbnail":["https:\/\/rmvapesale.com\/wp-content\/uploads\/2024\/05\/randm-vape-tornado-15k-fumot-300x300.jpg",300,300,true],"woocommerce_single":["https:\/\/rmvapesale.com\/wp-content\/uploads\/2024\/05\/randm-vape-tornado-15k-fumot.jpg",424,589,false],"woocommerce_gallery_thumbnail":["https:\/\/rmvapesale.com\/wp-content\/uploads\/2024\/05\/randm-vape-tornado-15k-fumot-100x100.jpg",100,100,true],"wcpr-photo-reviews":["https:\/\/rmvapesale.com\/wp-content\/uploads\/2024\/05\/randm-vape-tornado-15k-fumot.jpg",360,500,false]},"uagb_author_info":{"display_name":"yannazhan","author_link":"https:\/\/rmvapesale.com\/cs\/author\/"},"uagb_comment_info":0,"uagb_excerpt":"15K PUFFS FUMOT VAPE RANDM Wholesale Price 15K PUFFS FUMOT ORIGINAL RANDM\u00a0 Factory Price 15K PUFFS Genuine FUMOT VAPE TORNADO RANDM Discount Price Contact Amy For More Discount And Lower MOQ Vape WhatsApp: +86 17776015835","_links":{"self":[{"href":"https:\/\/rmvapesale.com\/cs\/wp-json\/wp\/v2\/product\/1874","targetHints":{"allow":["GET"]}}],"collection":[{"href":"https:\/\/rmvapesale.com\/cs\/wp-json\/wp\/v2\/product"}],"about":[{"href":"https:\/\/rmvapesale.com\/cs\/wp-json\/wp\/v2\/types\/product"}],"replies":[{"embeddable":true,"href":"https:\/\/rmvapesale.com\/cs\/wp-json\/wp\/v2\/comments?post=1874"}],"wp:featuredmedia":[{"embeddable":true,"href":"https:\/\/rmvapesale.com\/cs\/wp-json\/wp\/v2\/media\/1877"}],"wp:attachment":[{"href":"https:\/\/rmvapesale.com\/cs\/wp-json\/wp\/v2\/media?parent=1874"}],"wp:term":[{"taxonomy":"product_brand","embeddable":true,"href":"https:\/\/rmvapesale.com\/cs\/wp-json\/wp\/v2\/product_brand?post=1874"},{"taxonomy":"product_cat","embeddable":true,"href":"https:\/\/rmvapesale.com\/cs\/wp-json\/wp\/v2\/product_cat?post=1874"},{"taxonomy":"product_tag","embeddable":true,"href":"https:\/\/rmvapesale.com\/cs\/wp-json\/wp\/v2\/product_tag?post=1874"}],"curies":[{"name":"wp","href":"https:\/\/api.w.org\/{rel}","templated":true}]}}