{"id":1886,"date":"2024-05-15T08:46:17","date_gmt":"2024-05-15T08:46:17","guid":{"rendered":"https:\/\/rmvapesale.com\/?post_type=product&#038;p=1886"},"modified":"2024-10-21T08:52:11","modified_gmt":"2024-10-21T08:52:11","slug":"original-randm-vape-digital-puff-12000-fumot-factory-price","status":"publish","type":"product","link":"https:\/\/rmvapesale.com\/cs\/product\/original-randm-vape-digital-puff-12000-fumot-factory-price\/","title":{"rendered":"Origin\u00e1ln\u00ed Randm Vape Digital Puff 12000 FUMOT tov\u00e1rn\u00ed cena"},"content":{"rendered":"<h1>Origin\u00e1ln\u00ed Randm Vape Digital Puff 12000 FUMOT tov\u00e1rn\u00ed cena<\/h1>\n<p>Nejnov\u011bj\u0161\u00ed <strong>Origin\u00e1ln\u00ed Randm Vape Digital Puff 12000<\/strong>, perfektn\u00ed volba pro roz\u0161\u00ed\u0159en\u00ed va\u0161eho trhu v Evrop\u011b, nap\u0159\u00edklad v N\u011bmecku, Nizozemsku, Francii, It\u00e1lii, \u0160pan\u011blsku, \u0160v\u00fdcarsku, \u0160v\u00e9dsku, Polsku atd. Toto pokro\u010dil\u00e9 vapovac\u00ed za\u0159\u00edzen\u00ed se py\u0161n\u00ed nejen vynikaj\u00edc\u00edm v\u00fdkonem, ale tak\u00e9 nab\u00edz\u00ed r\u016fzn\u00e9 p\u0159\u00edchut\u011b, aby vyhov\u011blo r\u016fzn\u00fdm preferenc\u00edm spot\u0159ebitel\u016f.<\/p>\n<p>Tento <strong>Fumot Digital Box 12000 jednor\u00e1zov\u00e1 e-cigareta<\/strong> je vybaveno 20ml kapacitou e-liquidu, poskytuj\u00edc\u00ed a\u017e 12 000 pot\u00e1hnut\u00ed na jedno za\u0159\u00edzen\u00ed, co\u017e zaji\u0161\u0165uje dlouhotrvaj\u00edc\u00ed po\u017eitek pro u\u017eivatele. M\u00e1 integrovanou dob\u00edjec\u00ed baterii o kapacit\u011b 850mAh s pohodln\u00fdm zobrazen\u00edm stavu baterie a e-liquidu, co\u017e u\u017eivatel\u016fm umo\u017e\u0148uje snadno sledovat zb\u00fdvaj\u00edc\u00ed energii a hladinu e-liquidu pro bezprobl\u00e9mov\u00e9 vapov\u00e1n\u00ed.<\/p>\n<p>Nab\u00edz\u00edme \u0161irokou \u0161k\u00e1lu p\u0159\u00edchut\u00ed, v\u010detn\u011b Cool Mint, Watermelon Ice, Grape Ice, Blueberry Raspberry, Strawberry Watermelon a mnoho dal\u0161\u00edch, celkem 24 jedine\u010dn\u00fdch mo\u017enost\u00ed. Nap\u0159\u00edklad Cool Mint dod\u00e1v\u00e1 osv\u011b\u017euj\u00edc\u00ed a chladiv\u00fd pocit, zat\u00edmco Watermelon Ice kombinuje sladk\u00e9 a ledov\u00e9 t\u00f3ny pro \u00fa\u017easn\u00fd z\u00e1\u017eitek, ide\u00e1ln\u00ed pro hork\u00e9 letn\u00ed dny.<\/p>\n<p>Nav\u00edc, <strong>Fumot Digital Randm 12000 Jednor\u00e1zov\u00fd Vape<\/strong> vyu\u017e\u00edv\u00e1 pokro\u010dilou technologii nikotinov\u00e9 soli, dostupnou v koncentrac\u00edch nikotinu 0%, 2%, 3% a 5%, co\u017e umo\u017e\u0148uje u\u017eivatel\u016fm zvolit si \u00farove\u0148, kter\u00e1 nejl\u00e9pe vyhovuje jejich pot\u0159eb\u00e1m.<\/p>\n<p>Jako velkoobchodn\u00edk s VAPE m\u016f\u017eete vyu\u017e\u00edt na\u0161ich tov\u00e1rn\u00edch cen, co\u017e zaji\u0161\u0165uje maxim\u00e1ln\u00ed n\u00e1kladovou efektivitu. Na\u0161e minim\u00e1ln\u00ed objednac\u00ed mno\u017estv\u00ed je pouh\u00fdch 50 kus\u016f, co\u017e je ide\u00e1ln\u00ed pro velkoobchodn\u00edky poprv\u00e9 dov\u00e1\u017eej\u00edc\u00ed e-cigarety z \u010c\u00edny. Tak\u00e9 poskytujeme 24hodinovou z\u00e1kaznickou podporu a vy\u0159izujeme ve\u0161ker\u00e9 z\u00e1le\u017eitosti s celn\u00edm odbaven\u00edm, co\u017e \u010din\u00ed v\u00e1\u0161 n\u00e1kupn\u00ed proces plynul\u00fdm a bez starost\u00ed.<\/p>\n<p><strong>P\u0159idejte obchodn\u00edho mana\u017eera AMY whatsapp <a href=\"https:\/\/wa.me\/8617776015835\" target=\"_blank\" rel=\"noopener\">+86-17776015835<\/a> z\u00edskejte v\u011bt\u0161\u00ed slevu!<\/strong><\/p>\n<p><img loading=\"lazy\" decoding=\"async\" class=\"size-medium wp-image-1814\" src=\"https:\/\/rmvapesale.com\/wp-content\/uploads\/2024\/04\/whatsapp-amy-229x300.jpg\" alt=\"whatsapp amy\" width=\"229\" height=\"300\" srcset=\"https:\/\/rmvapesale.com\/wp-content\/uploads\/2024\/04\/whatsapp-amy-229x300.jpg 229w, https:\/\/rmvapesale.com\/wp-content\/uploads\/2024\/04\/whatsapp-amy-783x1024.jpg 783w, https:\/\/rmvapesale.com\/wp-content\/uploads\/2024\/04\/whatsapp-amy-768x1005.jpg 768w, https:\/\/rmvapesale.com\/wp-content\/uploads\/2024\/04\/whatsapp-amy-600x785.jpg 600w, https:\/\/rmvapesale.com\/wp-content\/uploads\/2024\/04\/whatsapp-amy.jpg 990w\" sizes=\"auto, (max-width: 229px) 100vw, 229px\" \/><\/p>\n<h2>Specifikace jednor\u00e1zov\u00e9ho vaporiz\u00e9ru FUMOT PUFF 12000:<\/h2>\n<p>Mo\u017enosti obsahu nikotinu: 0%, 2%, 3% a 5%<br \/>\nA\u017e 12 000 potah\u016f<br \/>\nP\u0159edpln\u011bno 20ml e-liquidu<br \/>\n850mAh dob\u00edjec\u00ed bateri\u00ed<br \/>\n0,9\u03a9 Mesh spir\u00e1lka<br \/>\n40 dostupn\u00fdch p\u0159\u00edchut\u00ed<\/p>\n<h2>Obl\u00edben\u00e1 p\u0159\u00edchu\u0165 pro randm vape Digital 12000 Puff<\/h2>\n<p>1 Cool Mint<br \/>\n2 Watermelon Ice<br \/>\n3 Grape Ice<br \/>\n4 Blueberry Raspberry <strong><span style=\"color: #ff0000\">&gt;&gt;&gt;\u017dhav\u00e9!<\/span><\/strong><br \/>\n5 Jahoda Meloun<br \/>\n6 Jahoda Ban\u00e1n<br \/>\n7 Bujn\u00fd Led<br \/>\n8 T\u0159e\u0161e\u0148<br \/>\n9 Jahodov\u00fd Led<br \/>\n10 Ledov\u00e1 L\u00edz\u00e1tko<br \/>\n11 R\u016f\u017eov\u00e1 Limon\u00e1da <strong><span style=\"color: #ff0000\">&gt;&gt;&gt;Nejlep\u0161\u00ed!<\/span><\/strong><br \/>\n12 Mango s ledem<br \/>\n13 M\u00edchan\u00e9 Bobule<br \/>\n14 Jahodov\u00fd Donut<br \/>\n15 Jahodov\u00e9 Hrozny<br \/>\n16 T\u0159e\u0161\u0148ov\u00e1 Cola<br \/>\n17 Dr. Blue<br \/>\n18 Bor\u016fvka s ledem<br \/>\n19 Kiwi mu\u010denka guava<br \/>\n20 Jahodov\u00e9 kiwi<br \/>\n21 Broskev mango<br \/>\n22 Broskvov\u00fd led<br \/>\n23 \u010cerven\u00e9 jablko s ledem<br \/>\n24 Bor\u016fvkov\u00e1 \u017ev\u00fdka\u010dka<br \/>\n25 Berry limon\u00e1da<br \/>\n26 Blue razz limon\u00e1da<br \/>\n27 Bluesour malina <strong><span style=\"color: #ff0000\">&gt;&gt;&gt;\u017dhav\u00e9!<\/span><\/strong><br \/>\n28 Jahodov\u00fd Red bull<br \/>\n29 Jable\u010dn\u00e1 berry exploze<br \/>\n30 Melounov\u00e1 \u017ev\u00fdka\u010dka<br \/>\n31 Malinov\u00fd meloun<br \/>\n32 \u010cern\u00fd led<br \/>\n33 Bor\u016fvka t\u0159e\u0161e\u0148 brusinka <strong><span style=\"color: #ff0000\">&gt;&gt;&gt;\u017dhav\u00e9!<\/span><\/strong><br \/>\n34 Jahodov\u00fd pomp (gran\u00e1tov\u00e9 jablko)<br \/>\n35 Vimto <strong><span style=\"color: #ff0000\">&gt;&gt;&gt;\u017dhav\u00e9!<\/span><\/strong><br \/>\n36 T\u0159e\u0161\u0148ov\u00e1 bobule<br \/>\n37 Citron<br \/>\n38 Bingo Crush<br \/>\n39 Bor\u016fvka kiwi<br \/>\n40 Jablko sko\u0159ice<\/p>\n<figure id=\"attachment_2480\" aria-describedby=\"caption-attachment-2480\" style=\"width: 600px\" class=\"wp-caption alignnone\"><img loading=\"lazy\" decoding=\"async\" class=\"wp-image-2480 size-full\" src=\"https:\/\/rmvapesale.com\/wp-content\/uploads\/2024\/10\/Fumot-Digital-Box-12000-Disposable-Vape.jpg\" alt=\"Fumot Digital Box 12000 jednor\u00e1zov\u00e1 e-cigareta\" width=\"600\" height=\"600\" srcset=\"https:\/\/rmvapesale.com\/wp-content\/uploads\/2024\/10\/Fumot-Digital-Box-12000-Disposable-Vape.jpg 600w, https:\/\/rmvapesale.com\/wp-content\/uploads\/2024\/10\/Fumot-Digital-Box-12000-Disposable-Vape-300x300.jpg 300w, https:\/\/rmvapesale.com\/wp-content\/uploads\/2024\/10\/Fumot-Digital-Box-12000-Disposable-Vape-150x150.jpg 150w, https:\/\/rmvapesale.com\/wp-content\/uploads\/2024\/10\/Fumot-Digital-Box-12000-Disposable-Vape-100x100.jpg 100w\" sizes=\"auto, (max-width: 600px) 100vw, 600px\" \/><figcaption id=\"caption-attachment-2480\" class=\"wp-caption-text\">Fumot Digital Box 12000 jednor\u00e1zov\u00e1 e-cigareta<\/figcaption><\/figure>\n<h2>Co byste m\u011bli v\u011bd\u011bt o Fumot Digital Puff 12000 Vape, ne\u017e ho nakoup\u00edte ve velk\u00e9m.<\/h2>\n<p><strong>Q1: Jak\u00e9 jsou mo\u017enosti nikotinu pro Fumot Randm Digital 12000 Puffs Vape?<\/strong><\/p>\n<ul>\n<li>Tento <strong>Origin\u00e1ln\u00ed Fumot Vape Digital 12000 Puffs<\/strong> nab\u00edz\u00ed koncentrace nikotinov\u00e9 soli 0%, 2%, 3% a 5%.<\/li>\n<\/ul>\n<p><strong>Q2: Kolik p\u0159\u00edchut\u00ed je pro tento produkt k dispozici?<\/strong><\/p>\n<ul>\n<li>Tento <strong>Origin\u00e1ln\u00ed Randm Digital Vape 12k Puffs<\/strong> je dod\u00e1v\u00e1n ve 24 r\u016fzn\u00fdch p\u0159\u00edchut\u00edch, v\u010detn\u011b Cool Mint, Watermelon Ice, Grape Ice a dal\u0161\u00edch.<\/li>\n<\/ul>\n<p><strong>Q3: Jak\u00e1 je kapacita e-liquidu a po\u010det \u0161luk\u016f pro toto za\u0159\u00edzen\u00ed?<\/strong><\/p>\n<ul>\n<li>Tento <strong>Origin\u00e1ln\u00ed Randm Vape Digital Puffs 12000<\/strong> disponuje kapacitou e-liquidu 20 ml a poskytuje a\u017e 12 000 \u0161luk\u016f na za\u0159\u00edzen\u00ed.<\/li>\n<\/ul>\n<p><strong>Q4: Je baterie dob\u00edjec\u00ed a jak mohu sledovat jej\u00ed stav?<\/strong><\/p>\n<ul>\n<li>Ano, <strong>Origin\u00e1ln\u00ed Randm Digital Vape 12k Puffs<\/strong> m\u00e1 integrovanou dob\u00edjec\u00ed baterii 850mAh s displejem pro sledov\u00e1n\u00ed stavu baterie a e-liquidu.<\/li>\n<\/ul>\n<p><strong>Q5: Jak\u00e9 je minim\u00e1ln\u00ed mnostv\u00ed objedn\u00e1vky a jakou podporu nab\u00edz\u00edte nov\u00fdm dovozc\u016fm?<\/strong><\/p>\n<ul>\n<li>Na\u0161e minim\u00e1ln\u00ed mnostv\u00ed objedn\u00e1vky je 50 kus\u016f. Nab\u00edz\u00edme 24\/7 z\u00e1kaznickou podporu a \u0159e\u0161\u00edme ve\u0161ker\u00e9 celn\u00ed z\u00e1le\u017eitosti, d\u00edky \u010demu\u017e je to ide\u00e1ln\u00ed pro prvn\u00ed dovozce z \u010c\u00edny.<\/li>\n<\/ul>\n<p><strong>Q6: Jak je produkt balen pro velkoobchod?<\/strong><\/p>\n<ul>\n<li>Tento <strong>Origin\u00e1ln\u00ed Fumot Digital Vape 12k Puffs<\/strong> je balen v 10 kusech v krabi\u010dce a 200 kusech v kartonu.<\/li>\n<\/ul>\n<p><strong>Q7: Jsou k dispozici n\u011bjak\u00e9 mo\u017enosti tov\u00e1rn\u00ed ceny pro hromadn\u00e9 n\u00e1kupy?<\/strong><\/p>\n<ul>\n<li>Ano, nab\u00edz\u00edme <strong>Origin\u00e1ln\u00ed Fumot Vape Digital 12k Puffs tov\u00e1rn\u00ed cena<\/strong> mo\u017enosti pro hromadn\u00e9 n\u00e1kupy, abyste z\u00edskali tu nejlep\u0161\u00ed hodnotu.<\/li>\n<\/ul>\n<p><strong>Q8: Mohu z\u00edskat konkurenceschopn\u00e9 ceny pro velk\u00e9 objedn\u00e1vky?<\/strong><\/p>\n<ul>\n<li>Rozhodn\u011b, poskytujeme <strong>Origin\u00e1ln\u00ed Randm Digital Vape 12k Puffs velkoobchodn\u00ed cena<\/strong> abyste maximalizovali ziskovost sv\u00e9ho podniku s vapov\u00e1n\u00edm.<\/li>\n<\/ul>\n<p>Naj\u00edt v\u00edce produkt\u016f pro vaping, kter\u00e9 by se v\u00e1m mohly l\u00edbit:<em><a href=\"https:\/\/rmvapesale.com\/cs\/shop-2\/\">nakupovat nyn\u00ed\u00a0<\/a><\/em><\/p>\n<p>dal\u0161\u00ed \u017ehav\u00e9 prodeje vape, kter\u00e9 by se v\u00e1m mohly l\u00edbit:<\/p>\n<p><a href=\"https:\/\/rmvapesale.com\/cs\/product\/jnr-shisha-vape-15000-puffs-wholesale-price-with-screen-vape\/\">VOPK SHISHA 15K<\/a><\/p>\n<p><a href=\"https:\/\/rmvapesale.com\/cs\/product\/randm-vape-al-fakher-10000-puffs-vape-wholesale\/\">randm vape AI FAKHER 15k vape<\/a><\/p>\n<p><a href=\"https:\/\/rmvapesale.com\/cs\/product\/randm-tornado-15000-puffs-15k-vape-recharge-fumot-original-vape-factory-price\/\">Fumot digital box potah 12000<\/a><\/p>","protected":false},"excerpt":{"rendered":"<p class=\"LC20lb MBeuO DKV0Md\">Origin\u00e1ln\u00ed Fumot Vape Digital 12000 Puffs Velikostn\u00ed cena<br \/>\nOrigin\u00e1ln\u00ed Fumot Vape Digital 12k Puffs Cena Velkoobchod<br \/>\nFumot Vape RandM Digital 12000 Cena levn\u00e1<br \/>\n<strong>Kontaktujte Amy pro v\u011bt\u0161\u00ed slevu a ni\u017e\u0161\u00ed MOQ Vape<\/strong><\/p>\n<p><img loading=\"lazy\" decoding=\"async\" class=\"size-medium wp-image-1814\" src=\"https:\/\/rmvapesale.com\/wp-content\/uploads\/2024\/04\/whatsapp-amy-229x300.jpg\" alt=\"whatsapp amy\" width=\"229\" height=\"300\" srcset=\"https:\/\/rmvapesale.com\/wp-content\/uploads\/2024\/04\/whatsapp-amy-229x300.jpg 229w, https:\/\/rmvapesale.com\/wp-content\/uploads\/2024\/04\/whatsapp-amy-783x1024.jpg 783w, https:\/\/rmvapesale.com\/wp-content\/uploads\/2024\/04\/whatsapp-amy-768x1005.jpg 768w, https:\/\/rmvapesale.com\/wp-content\/uploads\/2024\/04\/whatsapp-amy-600x785.jpg 600w, https:\/\/rmvapesale.com\/wp-content\/uploads\/2024\/04\/whatsapp-amy.jpg 990w\" sizes=\"auto, (max-width: 229px) 100vw, 229px\" \/><\/p>\n<h3><span style=\"color: #ff0000\"><strong>WhatsApp: +86 17776015835<\/strong><\/span><\/h3>","protected":false},"featured_media":2485,"comment_status":"open","ping_status":"closed","template":"","meta":{"_uag_custom_page_level_css":"","_lmt_disableupdate":"no","_lmt_disable":"","site-sidebar-layout":"default","site-content-layout":"content-boxed-container","ast-site-content-layout":"normal-width-container","site-content-style":"boxed","site-sidebar-style":"unboxed","ast-global-header-display":"","ast-banner-title-visibility":"","ast-main-header-display":"","ast-hfb-above-header-display":"","ast-hfb-below-header-display":"","ast-hfb-mobile-header-display":"","site-post-title":"","ast-breadcrumbs-content":"","ast-featured-img":"","footer-sml-layout":"","theme-transparent-header-meta":"default","adv-header-id-meta":"","stick-header-meta":"","header-above-stick-meta":"","header-main-stick-meta":"","header-below-stick-meta":"","astra-migrate-meta-layouts":"set","ast-page-background-enabled":"default","ast-page-background-meta":{"desktop":{"background-color":"var(--ast-global-color-4)","background-image":"","background-repeat":"repeat","background-position":"center center","background-size":"auto","background-attachment":"scroll","background-type":"","background-media":"","overlay-type":"","overlay-color":"","overlay-opacity":"","overlay-gradient":""},"tablet":{"background-color":"","background-image":"","background-repeat":"repeat","background-position":"center center","background-size":"auto","background-attachment":"scroll","background-type":"","background-media":"","overlay-type":"","overlay-color":"","overlay-opacity":"","overlay-gradient":""},"mobile":{"background-color":"","background-image":"","background-repeat":"repeat","background-position":"center center","background-size":"auto","background-attachment":"scroll","background-type":"","background-media":"","overlay-type":"","overlay-color":"","overlay-opacity":"","overlay-gradient":""}},"ast-content-background-meta":{"desktop":{"background-color":"var(--ast-global-color-5)","background-image":"","background-repeat":"repeat","background-position":"center center","background-size":"auto","background-attachment":"scroll","background-type":"","background-media":"","overlay-type":"","overlay-color":"","overlay-opacity":"","overlay-gradient":""},"tablet":{"background-color":"var(--ast-global-color-5)","background-image":"","background-repeat":"repeat","background-position":"center center","background-size":"auto","background-attachment":"scroll","background-type":"","background-media":"","overlay-type":"","overlay-color":"","overlay-opacity":"","overlay-gradient":""},"mobile":{"background-color":"var(--ast-global-color-5)","background-image":"","background-repeat":"repeat","background-position":"center center","background-size":"auto","background-attachment":"scroll","background-type":"","background-media":"","overlay-type":"","overlay-color":"","overlay-opacity":"","overlay-gradient":""}},"_joinchat":[]},"product_brand":[],"product_cat":[25,26,28,27,31,15,30],"product_tag":[45,46,39,40,111,41,38,165,37],"class_list":{"0":"post-1886","1":"product","2":"type-product","3":"status-publish","4":"has-post-thumbnail","6":"product_cat-germany-best-selling-vape","7":"product_cat-netherlands-hot-sale-vape","8":"product_cat-poland-hot-sale-vape","9":"product_cat-fance-hot-sale-vape","10":"product_cat-randm-fumot-vape","11":"product_cat-new-vape-this-week","12":"product_cat-minimum-order-quantity-50pcs","13":"product_tag-12k-vape-puff-12000","14":"product_tag-digital-box-12000-puff-original","15":"product_tag-fumot-vape","16":"product_tag-hot-sale-vape","17":"product_tag-low-nicotine-disposable-vape","18":"product_tag-original-factory-vape","19":"product_tag-randm-vape","20":"product_tag-rechargeable-vapes","21":"product_tag-wholesale-vape-price","22":"desktop-align-left","23":"tablet-align-left","24":"mobile-align-left","26":"first","27":"instock","28":"sale","29":"shipping-taxable","30":"purchasable","31":"product-type-simple"},"uagb_featured_image_src":{"full":["https:\/\/rmvapesale.com\/wp-content\/uploads\/2024\/10\/Randm-Vape-12000-Puffs.jpg",600,600,false],"thumbnail":["https:\/\/rmvapesale.com\/wp-content\/uploads\/2024\/10\/Randm-Vape-12000-Puffs-150x150.jpg",150,150,true],"medium":["https:\/\/rmvapesale.com\/wp-content\/uploads\/2024\/10\/Randm-Vape-12000-Puffs-300x300.jpg",300,300,true],"medium_large":["https:\/\/rmvapesale.com\/wp-content\/uploads\/2024\/10\/Randm-Vape-12000-Puffs.jpg",600,600,false],"large":["https:\/\/rmvapesale.com\/wp-content\/uploads\/2024\/10\/Randm-Vape-12000-Puffs.jpg",600,600,false],"1536x1536":["https:\/\/rmvapesale.com\/wp-content\/uploads\/2024\/10\/Randm-Vape-12000-Puffs.jpg",600,600,false],"2048x2048":["https:\/\/rmvapesale.com\/wp-content\/uploads\/2024\/10\/Randm-Vape-12000-Puffs.jpg",600,600,false],"trp-custom-language-flag":["https:\/\/rmvapesale.com\/wp-content\/uploads\/2024\/10\/Randm-Vape-12000-Puffs.jpg",12,12,false],"woocommerce_thumbnail":["https:\/\/rmvapesale.com\/wp-content\/uploads\/2024\/10\/Randm-Vape-12000-Puffs-300x300.jpg",300,300,true],"woocommerce_single":["https:\/\/rmvapesale.com\/wp-content\/uploads\/2024\/10\/Randm-Vape-12000-Puffs.jpg",600,600,false],"woocommerce_gallery_thumbnail":["https:\/\/rmvapesale.com\/wp-content\/uploads\/2024\/10\/Randm-Vape-12000-Puffs-100x100.jpg",100,100,true],"wcpr-photo-reviews":["https:\/\/rmvapesale.com\/wp-content\/uploads\/2024\/10\/Randm-Vape-12000-Puffs.jpg",500,500,false]},"uagb_author_info":{"display_name":"yannazhan","author_link":"https:\/\/rmvapesale.com\/cs\/author\/"},"uagb_comment_info":0,"uagb_excerpt":"Original Fumot Vape Digital 12ooo Puffs Factory Price Original Fumot Vape Digital 12k Puffs Price Bulk Buy Fumot Vape RandM Digital 12000 Price Cheap Contact Amy For More Discount And Lower MOQ Vape WhatsApp: +86 17776015835","_links":{"self":[{"href":"https:\/\/rmvapesale.com\/cs\/wp-json\/wp\/v2\/product\/1886","targetHints":{"allow":["GET"]}}],"collection":[{"href":"https:\/\/rmvapesale.com\/cs\/wp-json\/wp\/v2\/product"}],"about":[{"href":"https:\/\/rmvapesale.com\/cs\/wp-json\/wp\/v2\/types\/product"}],"replies":[{"embeddable":true,"href":"https:\/\/rmvapesale.com\/cs\/wp-json\/wp\/v2\/comments?post=1886"}],"wp:featuredmedia":[{"embeddable":true,"href":"https:\/\/rmvapesale.com\/cs\/wp-json\/wp\/v2\/media\/2485"}],"wp:attachment":[{"href":"https:\/\/rmvapesale.com\/cs\/wp-json\/wp\/v2\/media?parent=1886"}],"wp:term":[{"taxonomy":"product_brand","embeddable":true,"href":"https:\/\/rmvapesale.com\/cs\/wp-json\/wp\/v2\/product_brand?post=1886"},{"taxonomy":"product_cat","embeddable":true,"href":"https:\/\/rmvapesale.com\/cs\/wp-json\/wp\/v2\/product_cat?post=1886"},{"taxonomy":"product_tag","embeddable":true,"href":"https:\/\/rmvapesale.com\/cs\/wp-json\/wp\/v2\/product_tag?post=1886"}],"curies":[{"name":"wp","href":"https:\/\/api.w.org\/{rel}","templated":true}]}}