{"id":1892,"date":"2024-05-15T09:27:34","date_gmt":"2024-05-15T09:27:34","guid":{"rendered":"https:\/\/rmvapesale.com\/?post_type=product&#038;p=1892"},"modified":"2024-10-22T08:17:31","modified_gmt":"2024-10-22T08:17:31","slug":"original-randm-tornado-9000-puffs-vape-fumot-factory-price-cheap","status":"publish","type":"product","link":"https:\/\/rmvapesale.com\/cs\/product\/original-randm-tornado-9000-puffs-vape-fumot-factory-price-cheap\/","title":{"rendered":"Origin\u00e1ln\u00ed RANDM TORNADO 9000 Puffs Vape Fumot tov\u00e1rn\u00ed cena levn\u011b"},"content":{"rendered":"<h1>Origin\u00e1ln\u00ed RANDM TORNADO 9000 Puffs Vape Fumot tov\u00e1rn\u00ed cena levn\u011b<\/h1>\n<p>cURL Too many subrequests.<\/p>\n<p>cURL Too many subrequests.<\/p>\n<p>cURL Too many subrequests.<\/p>\n<p>cURL Too many subrequests.<\/p>\n<p><strong>P\u0159idejte obchodn\u00edho mana\u017eera AMY whatsapp <a href=\"https:\/\/wa.me\/8617776015835\" target=\"_blank\" rel=\"noopener\">+86-17776015835<\/a> z\u00edskejte v\u011bt\u0161\u00ed slevu!<\/strong><\/p>\n<p><img loading=\"lazy\" decoding=\"async\" class=\"size-medium wp-image-1814\" src=\"https:\/\/rmvapesale.com\/wp-content\/uploads\/2024\/04\/whatsapp-amy-229x300.jpg\" alt=\"whatsapp amy\" width=\"229\" height=\"300\" srcset=\"https:\/\/rmvapesale.com\/wp-content\/uploads\/2024\/04\/whatsapp-amy-229x300.jpg 229w, https:\/\/rmvapesale.com\/wp-content\/uploads\/2024\/04\/whatsapp-amy-783x1024.jpg 783w, https:\/\/rmvapesale.com\/wp-content\/uploads\/2024\/04\/whatsapp-amy-768x1005.jpg 768w, https:\/\/rmvapesale.com\/wp-content\/uploads\/2024\/04\/whatsapp-amy-600x785.jpg 600w, https:\/\/rmvapesale.com\/wp-content\/uploads\/2024\/04\/whatsapp-amy.jpg 990w\" sizes=\"auto, (max-width: 229px) 100vw, 229px\" \/><\/p>\n<h3>Specifications OF FUMOT PUFF 9000 Disposable Vape Device:<\/h3>\n<p>Mo\u017enosti obsahu nikotinu: 0%, 2%, 3% a 5%<br \/>\nUp to 9000 puffs<br \/>\nPre-filled with 18ml e-liquid<br \/>\n850mAh dob\u00edjec\u00ed bateri\u00ed<br \/>\n0,9\u03a9 Mesh spir\u00e1lka<br \/>\n43 available flavors in stock<\/p>\n<figure id=\"attachment_1930\" aria-describedby=\"caption-attachment-1930\" style=\"width: 800px\" class=\"wp-caption alignnone\"><img loading=\"lazy\" decoding=\"async\" class=\"wp-image-1930 size-full\" src=\"https:\/\/rmvapesale.com\/wp-content\/uploads\/2024\/08\/Fumot-Randm-Tornado-9000-Disposable-Vape-Gummy-Bear.png\" alt=\"cURL Too many subrequests.\" width=\"800\" height=\"800\" srcset=\"https:\/\/rmvapesale.com\/wp-content\/uploads\/2024\/08\/Fumot-Randm-Tornado-9000-Disposable-Vape-Gummy-Bear.png 800w, https:\/\/rmvapesale.com\/wp-content\/uploads\/2024\/08\/Fumot-Randm-Tornado-9000-Disposable-Vape-Gummy-Bear-300x300.png 300w, https:\/\/rmvapesale.com\/wp-content\/uploads\/2024\/08\/Fumot-Randm-Tornado-9000-Disposable-Vape-Gummy-Bear-150x150.png 150w, https:\/\/rmvapesale.com\/wp-content\/uploads\/2024\/08\/Fumot-Randm-Tornado-9000-Disposable-Vape-Gummy-Bear-768x768.png 768w, https:\/\/rmvapesale.com\/wp-content\/uploads\/2024\/08\/Fumot-Randm-Tornado-9000-Disposable-Vape-Gummy-Bear-600x600.png 600w, https:\/\/rmvapesale.com\/wp-content\/uploads\/2024\/08\/Fumot-Randm-Tornado-9000-Disposable-Vape-Gummy-Bear-100x100.png 100w\" sizes=\"auto, (max-width: 800px) 100vw, 800px\" \/><figcaption id=\"caption-attachment-1930\" class=\"wp-caption-text\">cURL Too many subrequests.<\/figcaption><\/figure>\n<h2>cURL Too many subrequests.<\/h2>\n<p>cURL Too many subrequests.<br \/>\ncURL Too many subrequests.<br \/>\ncURL Too many subrequests.<br \/>\ncURL Too many subrequests.<br \/>\ncURL Too many subrequests.<br \/>\ncURL Too many subrequests.<br \/>\ncURL Too many subrequests.<br \/>\ncURL Too many subrequests.<br \/>\ncURL Too many subrequests.<br \/>\ncURL Too many subrequests.<br \/>\ncURL Too many subrequests.<br \/>\ncURL Too many subrequests.<br \/>\ncURL Too many subrequests.<br \/>\ncURL Too many subrequests.<br \/>\ncURL Too many subrequests.<br \/>\ncURL Too many subrequests.<br \/>\ncURL Too many subrequests.<br \/>\ncURL Too many subrequests.<br \/>\ncURL Too many subrequests.<br \/>\ncURL Too many subrequests.<br \/>\ncURL Too many subrequests.<br \/>\ncURL Too many subrequests.<br \/>\ncURL Too many subrequests.<br \/>\ncURL Too many subrequests.<br \/>\ncURL Too many subrequests.<br \/>\ncURL Too many subrequests.<br \/>\ncURL Too many subrequests.<br \/>\ncURL Too many subrequests.<br \/>\ncURL Too many subrequests.<br \/>\ncURL Too many subrequests.<br \/>\ncURL Too many subrequests.<br \/>\ncURL Too many subrequests.<br \/>\ncURL Too many subrequests.<br \/>\ncURL Too many subrequests.<br \/>\ncURL Too many subrequests.<br \/>\ncURL Too many subrequests.<br \/>\ncURL Too many subrequests.<br \/>\ncURL Too many subrequests.<br \/>\ncURL Too many subrequests.<br \/>\ncURL Too many subrequests.<br \/>\ncURL Too many subrequests.<br \/>\ncURL Too many subrequests.<\/p>\n<p>cURL Too many subrequests.<\/p>\n<h4>FAQ:<\/h4>\n<p><strong>Q: What are the pricing options for the Fumot RANDM TORNADO 9000?<\/strong><\/p>\n<p>A: We offer competitive factory prices for the Original Randm Vape Device Puffs 9000, both for individual units and bulk orders.<\/p>\n<p><strong>Q: Are there wholesale pricing options available for the Fumot RANDM TORNADO 9000?<\/strong><\/p>\n<p>A: Yes, we provide wholesale pricing options for the Original Randm Vape Kit 9000 Puffs, catering to wholesalers looking to purchase in larger quantities.<\/p>\n<p><strong>Q: What are the pricing tiers for bulk orders of the Fumot RANDM TORNADO 9000?<\/strong><\/p>\n<p>A: We offer attractive bulk pricing for the Original Randm Vape Pod Puffs 9000, ensuring cost savings for wholesalers purchasing in larger volumes.<\/p>\n<p><strong>Q: Do you offer special pricing for first-time importers?<\/strong><\/p>\n<p>A: Yes, we provide competitive prices for the Fumot RANDM TORNADO 9000, making it an ideal choice for first-time e-cigarette importers from China.<\/p>\n<p>Naj\u00edt v\u00edce produkt\u016f pro vaping, kter\u00e9 by se v\u00e1m mohly l\u00edbit:<em><a href=\"https:\/\/rmvapesale.com\/cs\/shop-2\/\">nakupovat nyn\u00ed\u00a0<\/a><\/em><\/p>\n<p>dal\u0161\u00ed \u017ehav\u00e9 prodeje vape, kter\u00e9 by se v\u00e1m mohly l\u00edbit:<\/p>\n<p><a href=\"https:\/\/rmvapesale.com\/cs\/product\/jnr-shisha-vape-15000-puffs-wholesale-price-with-screen-vape\/\">VOPK SHISHA 15K\/ <\/a><a href=\"https:\/\/rmvapesale.com\/cs\/product\/randm-vape-al-fakher-10000-puffs-vape-wholesale\/\">randm vape AI FAKHER 15k vape\/<\/a><a href=\"https:\/\/rmvapesale.com\/cs\/product\/randm-tornado-15000-puffs-15k-vape-recharge-fumot-original-vape-factory-price\/\">Fumot digital box potah 12000<\/a><\/p>","protected":false},"excerpt":{"rendered":"<p class=\"LC20lb MBeuO DKV0Md\">Levn\u00e1 cena 9000 Puffs Vape za\u0159\u00edzen\u00ed Origin\u00e1ln\u00ed Fumot<br \/>\nVelkoobchodn\u00ed n\u00e1kup 9000 Puffs Vape za\u0159\u00edzen\u00ed Origin\u00e1ln\u00ed Randm<br \/>\nVelkoobchodn\u00ed cena 9000 Puffs Vape sada Origin\u00e1ln\u00ed Fumot<br \/>\n<strong>Kontaktujte Amy pro v\u011bt\u0161\u00ed slevu a ni\u017e\u0161\u00ed MOQ Vape<\/strong><\/p>\n<p><img loading=\"lazy\" decoding=\"async\" class=\"size-medium wp-image-1814\" src=\"https:\/\/rmvapesale.com\/wp-content\/uploads\/2024\/04\/whatsapp-amy-229x300.jpg\" alt=\"whatsapp amy\" width=\"229\" height=\"300\" srcset=\"https:\/\/rmvapesale.com\/wp-content\/uploads\/2024\/04\/whatsapp-amy-229x300.jpg 229w, https:\/\/rmvapesale.com\/wp-content\/uploads\/2024\/04\/whatsapp-amy-783x1024.jpg 783w, https:\/\/rmvapesale.com\/wp-content\/uploads\/2024\/04\/whatsapp-amy-768x1005.jpg 768w, https:\/\/rmvapesale.com\/wp-content\/uploads\/2024\/04\/whatsapp-amy-600x785.jpg 600w, https:\/\/rmvapesale.com\/wp-content\/uploads\/2024\/04\/whatsapp-amy.jpg 990w\" sizes=\"auto, (max-width: 229px) 100vw, 229px\" \/><\/p>\n<h3><span style=\"color: #ff0000\"><strong>WhatsApp: +86 17776015835<\/strong><\/span><\/h3>","protected":false},"featured_media":1887,"comment_status":"open","ping_status":"closed","template":"","meta":{"_uag_custom_page_level_css":"","_lmt_disableupdate":"no","_lmt_disable":"","site-sidebar-layout":"default","site-content-layout":"content-boxed-container","ast-site-content-layout":"normal-width-container","site-content-style":"boxed","site-sidebar-style":"unboxed","ast-global-header-display":"","ast-banner-title-visibility":"","ast-main-header-display":"","ast-hfb-above-header-display":"","ast-hfb-below-header-display":"","ast-hfb-mobile-header-display":"","site-post-title":"","ast-breadcrumbs-content":"","ast-featured-img":"","footer-sml-layout":"","theme-transparent-header-meta":"default","adv-header-id-meta":"","stick-header-meta":"","header-above-stick-meta":"","header-main-stick-meta":"","header-below-stick-meta":"","astra-migrate-meta-layouts":"set","ast-page-background-enabled":"default","ast-page-background-meta":{"desktop":{"background-color":"var(--ast-global-color-4)","background-image":"","background-repeat":"repeat","background-position":"center center","background-size":"auto","background-attachment":"scroll","background-type":"","background-media":"","overlay-type":"","overlay-color":"","overlay-opacity":"","overlay-gradient":""},"tablet":{"background-color":"","background-image":"","background-repeat":"repeat","background-position":"center center","background-size":"auto","background-attachment":"scroll","background-type":"","background-media":"","overlay-type":"","overlay-color":"","overlay-opacity":"","overlay-gradient":""},"mobile":{"background-color":"","background-image":"","background-repeat":"repeat","background-position":"center center","background-size":"auto","background-attachment":"scroll","background-type":"","background-media":"","overlay-type":"","overlay-color":"","overlay-opacity":"","overlay-gradient":""}},"ast-content-background-meta":{"desktop":{"background-color":"var(--ast-global-color-5)","background-image":"","background-repeat":"repeat","background-position":"center center","background-size":"auto","background-attachment":"scroll","background-type":"","background-media":"","overlay-type":"","overlay-color":"","overlay-opacity":"","overlay-gradient":""},"tablet":{"background-color":"var(--ast-global-color-5)","background-image":"","background-repeat":"repeat","background-position":"center center","background-size":"auto","background-attachment":"scroll","background-type":"","background-media":"","overlay-type":"","overlay-color":"","overlay-opacity":"","overlay-gradient":""},"mobile":{"background-color":"var(--ast-global-color-5)","background-image":"","background-repeat":"repeat","background-position":"center center","background-size":"auto","background-attachment":"scroll","background-type":"","background-media":"","overlay-type":"","overlay-color":"","overlay-opacity":"","overlay-gradient":""}},"_joinchat":[]},"product_brand":[],"product_cat":[25,52,51,123,26,28,135,27,31,137,15,30],"product_tag":[47,39,40,41,181,38,37],"class_list":{"0":"post-1892","1":"product","2":"type-product","3":"status-publish","4":"has-post-thumbnail","6":"product_cat-germany-best-selling-vape","7":"product_cat-9000-puffs-disposable-vapes","8":"product_cat-fumot-vape","9":"product_cat-italy-wholesale-vape","10":"product_cat-netherlands-hot-sale-vape","11":"product_cat-poland-hot-sale-vape","12":"product_cat-spain-best-hot-sale-vape","13":"product_cat-fance-hot-sale-vape","14":"product_cat-randm-fumot-vape","15":"product_cat-rechargeable-vapes","16":"product_cat-new-vape-this-week","17":"product_cat-minimum-order-quantity-50pcs","18":"product_tag-9000-puffs-vape","19":"product_tag-fumot-vape","20":"product_tag-hot-sale-vape","21":"product_tag-original-factory-vape","22":"product_tag-randm-tornado-9000","23":"product_tag-randm-vape","24":"product_tag-wholesale-vape-price","25":"desktop-align-left","26":"tablet-align-left","27":"mobile-align-left","29":"first","30":"instock","31":"sale","32":"shipping-taxable","33":"purchasable","34":"product-type-simple"},"uagb_featured_image_src":{"full":["https:\/\/rmvapesale.com\/wp-content\/uploads\/2024\/05\/RM-TORNADO-VAPE-DISPOSABEL-9000-PUFFS.png",600,600,false],"thumbnail":["https:\/\/rmvapesale.com\/wp-content\/uploads\/2024\/05\/RM-TORNADO-VAPE-DISPOSABEL-9000-PUFFS-150x150.png",150,150,true],"medium":["https:\/\/rmvapesale.com\/wp-content\/uploads\/2024\/05\/RM-TORNADO-VAPE-DISPOSABEL-9000-PUFFS-300x300.png",300,300,true],"medium_large":["https:\/\/rmvapesale.com\/wp-content\/uploads\/2024\/05\/RM-TORNADO-VAPE-DISPOSABEL-9000-PUFFS.png",600,600,false],"large":["https:\/\/rmvapesale.com\/wp-content\/uploads\/2024\/05\/RM-TORNADO-VAPE-DISPOSABEL-9000-PUFFS.png",600,600,false],"1536x1536":["https:\/\/rmvapesale.com\/wp-content\/uploads\/2024\/05\/RM-TORNADO-VAPE-DISPOSABEL-9000-PUFFS.png",600,600,false],"2048x2048":["https:\/\/rmvapesale.com\/wp-content\/uploads\/2024\/05\/RM-TORNADO-VAPE-DISPOSABEL-9000-PUFFS.png",600,600,false],"trp-custom-language-flag":["https:\/\/rmvapesale.com\/wp-content\/uploads\/2024\/05\/RM-TORNADO-VAPE-DISPOSABEL-9000-PUFFS.png",12,12,false],"woocommerce_thumbnail":["https:\/\/rmvapesale.com\/wp-content\/uploads\/2024\/05\/RM-TORNADO-VAPE-DISPOSABEL-9000-PUFFS-300x300.png",300,300,true],"woocommerce_single":["https:\/\/rmvapesale.com\/wp-content\/uploads\/2024\/05\/RM-TORNADO-VAPE-DISPOSABEL-9000-PUFFS.png",600,600,false],"woocommerce_gallery_thumbnail":["https:\/\/rmvapesale.com\/wp-content\/uploads\/2024\/05\/RM-TORNADO-VAPE-DISPOSABEL-9000-PUFFS-100x100.png",100,100,true],"wcpr-photo-reviews":["https:\/\/rmvapesale.com\/wp-content\/uploads\/2024\/05\/RM-TORNADO-VAPE-DISPOSABEL-9000-PUFFS.png",500,500,false]},"uagb_author_info":{"display_name":"yannazhan","author_link":"https:\/\/rmvapesale.com\/cs\/author\/"},"uagb_comment_info":0,"uagb_excerpt":"Cheap Price 9ooo Puffs Vape Device Original Fumot Bulk Buy 9ooo Puffs Vape Device Original Randm Wholesale Price 9ooo Puffs Vape Kit Original Fumot Contact Amy For More Discount And Lower MOQ Vape WhatsApp: +86 17776015835","_links":{"self":[{"href":"https:\/\/rmvapesale.com\/cs\/wp-json\/wp\/v2\/product\/1892","targetHints":{"allow":["GET"]}}],"collection":[{"href":"https:\/\/rmvapesale.com\/cs\/wp-json\/wp\/v2\/product"}],"about":[{"href":"https:\/\/rmvapesale.com\/cs\/wp-json\/wp\/v2\/types\/product"}],"replies":[{"embeddable":true,"href":"https:\/\/rmvapesale.com\/cs\/wp-json\/wp\/v2\/comments?post=1892"}],"wp:featuredmedia":[{"embeddable":true,"href":"https:\/\/rmvapesale.com\/cs\/wp-json\/wp\/v2\/media\/1887"}],"wp:attachment":[{"href":"https:\/\/rmvapesale.com\/cs\/wp-json\/wp\/v2\/media?parent=1892"}],"wp:term":[{"taxonomy":"product_brand","embeddable":true,"href":"https:\/\/rmvapesale.com\/cs\/wp-json\/wp\/v2\/product_brand?post=1892"},{"taxonomy":"product_cat","embeddable":true,"href":"https:\/\/rmvapesale.com\/cs\/wp-json\/wp\/v2\/product_cat?post=1892"},{"taxonomy":"product_tag","embeddable":true,"href":"https:\/\/rmvapesale.com\/cs\/wp-json\/wp\/v2\/product_tag?post=1892"}],"curies":[{"name":"wp","href":"https:\/\/api.w.org\/{rel}","templated":true}]}}