{"id":1894,"date":"2024-05-24T08:08:12","date_gmt":"2024-05-24T08:08:12","guid":{"rendered":"https:\/\/rmvapesale.com\/?post_type=product&#038;p=1894"},"modified":"2024-10-22T08:49:55","modified_gmt":"2024-10-22T08:49:55","slug":"randm-tornado-7000-puffs-original-cheap-price-vapes-fumot-factory","status":"publish","type":"product","link":"https:\/\/rmvapesale.com\/cs\/product\/randm-tornado-7000-puffs-original-cheap-price-vapes-fumot-factory\/","title":{"rendered":"RANDM TORNADO 7000 \u0160luk\u016f Origin\u00e1ln\u00ed Levn\u00e9 Ceny Vape Fumot Factory"},"content":{"rendered":"<h1>RANDM TORNADO 7000 \u0160luk\u016f Origin\u00e1ln\u00ed Levn\u00e9 Ceny Vape Fumot Factory<\/h1>\n<p>Tento <strong>Fumot Vape RANDM TORNADO 7000<\/strong> je vizu\u00e1ln\u011b inovativn\u00ed jednor\u00e1zov\u00e9 za\u0159\u00edzen\u00ed na vapov\u00e1n\u00ed, navr\u017een\u00e9 s unik\u00e1tn\u00edm odd\u011blen\u00edm olejov\u00e9 n\u00e1doby a j\u00e1dra oleje, speci\u00e1ln\u011b p\u0159izp\u016fsoben\u00e9 po\u017eadavk\u016fm evropsk\u00fdch velkoobchodn\u00edk\u016f.<\/p>\n<p>cURL Too many subrequests. <strong>Kapacita oleje 14 ml<\/strong>, tak <strong>RANDM vape 7000<\/strong> dod\u00e1v\u00e1 a\u017e <strong>7000 puf\u016f<\/strong>, nab\u00edz\u00ed prodlou\u017een\u00fd a uspokojiv\u00fd z\u00e1\u017eitek z vapov\u00e1n\u00ed. Poh\u00e1n\u011bno <strong>850mAh baterie<\/strong>, toto za\u0159\u00edzen\u00ed zaji\u0161\u0165uje dlouhotrvaj\u00edc\u00ed v\u00fdkon. Sta\u010d\u00ed t\u0159i hodiny k \u00fapln\u00e9mu dobit\u00ed pomoc\u00ed <strong>nab\u00edjec\u00edho portu typu C<\/strong>.<\/p>\n<p>Jednou z kl\u00ed\u010dov\u00fdch vlastnost\u00ed <strong>RANDM TORNADO 7000<\/strong> je jeho pokro\u010dil\u00fd <strong>mesh spir\u00e1lkou<\/strong>, kter\u00fd zaru\u010duje hladk\u00e9 a chutn\u00e9 vapov\u00e1n\u00ed p\u0159i ka\u017ed\u00e9m potahu. U\u017eivatel\u00e9 si mohou vybrat z impozantn\u00edho v\u00fdb\u011bru <strong>56 ovocn\u00fdch p\u0159\u00edchut\u00ed<\/strong>, co\u017e zaji\u0161\u0165uje, \u017ee si ka\u017ed\u00fd najde n\u011bco. A\u0165 u\u017e je to sladk\u00fd n\u00e1dech bobul\u00ed nebo osv\u011b\u017euj\u00edc\u00ed citrusov\u00e1 chu\u0165.<\/p>\n<p>Toto za\u0159\u00edzen\u00ed je v\u00fdrazn\u00e9 v <strong>cURL Too many subrequests.<\/strong> trh a je velmi \u017e\u00e1dan\u00fd v <strong>zna\u010dk\u00e1ch jednor\u00e1zov\u00fdch vaporiz\u00e9r\u016f Fumot<\/strong> sb\u00edrka. A\u0165 u\u017e hled\u00e1te <strong>jednor\u00e1zov\u00fd vape s n\u00edzk\u00fdm obsahem nikotinu<\/strong> nebo jen objevujete nov\u00e9 p\u0159\u00edchut\u011b, <strong>TORNADO 7000<\/strong> nab\u00edz\u00ed pr\u00e9miov\u00fd z\u00e1\u017eitek z vapov\u00e1n\u00ed za dostupnou cenu.<\/p>\n<p>Prozkoumejte to nejlep\u0161\u00ed z <strong>randm vaporiz\u00e9r\u016f<\/strong> a u\u017eijte si vynikaj\u00edc\u00ed chu\u0165, pohodl\u00ed a dostupnost s <strong>RANDM TORNADO 7000<\/strong>.<\/p>\n<p><img loading=\"lazy\" decoding=\"async\" class=\"alignnone size-medium wp-image-1896\" src=\"https:\/\/rmvapesale.com\/wp-content\/uploads\/2024\/05\/RANDM-TORNADO-7000-hit-hot-sale-300x273.jpg\" alt=\"RANDM TORNADO 7000 se stal hitem prodeje\" width=\"300\" height=\"273\" srcset=\"https:\/\/rmvapesale.com\/wp-content\/uploads\/2024\/05\/RANDM-TORNADO-7000-hit-hot-sale-300x273.jpg 300w, https:\/\/rmvapesale.com\/wp-content\/uploads\/2024\/05\/RANDM-TORNADO-7000-hit-hot-sale-768x699.jpg 768w, https:\/\/rmvapesale.com\/wp-content\/uploads\/2024\/05\/RANDM-TORNADO-7000-hit-hot-sale-600x546.jpg 600w, https:\/\/rmvapesale.com\/wp-content\/uploads\/2024\/05\/RANDM-TORNADO-7000-hit-hot-sale.jpg 800w\" sizes=\"auto, (max-width: 300px) 100vw, 300px\" \/><\/p>\n<p><strong>P\u0159idejte obchodn\u00edho mana\u017eera AMY whatsapp <a href=\"https:\/\/wa.me\/8617776015835\" target=\"_blank\" rel=\"noopener\">+86-17776015835<\/a> z\u00edskejte v\u011bt\u0161\u00ed slevu!<\/strong><\/p>\n<p><img loading=\"lazy\" decoding=\"async\" class=\"size-medium wp-image-1814\" src=\"https:\/\/rmvapesale.com\/wp-content\/uploads\/2024\/04\/whatsapp-amy-229x300.jpg\" alt=\"whatsapp amy\" width=\"229\" height=\"300\" srcset=\"https:\/\/rmvapesale.com\/wp-content\/uploads\/2024\/04\/whatsapp-amy-229x300.jpg 229w, https:\/\/rmvapesale.com\/wp-content\/uploads\/2024\/04\/whatsapp-amy-783x1024.jpg 783w, https:\/\/rmvapesale.com\/wp-content\/uploads\/2024\/04\/whatsapp-amy-768x1005.jpg 768w, https:\/\/rmvapesale.com\/wp-content\/uploads\/2024\/04\/whatsapp-amy-600x785.jpg 600w, https:\/\/rmvapesale.com\/wp-content\/uploads\/2024\/04\/whatsapp-amy.jpg 990w\" sizes=\"auto, (max-width: 229px) 100vw, 229px\" \/><\/p>\n<h2>Specifikace FUMOT PUFF 7000 Jednor\u00e1zov\u00fd vaporiz\u00e9r:<\/h2>\n<p>Mo\u017enosti obsahu nikotinu: 0%, 2%, 3% a 5%<br \/>\nA\u017e 7000 potah\u016f<br \/>\nP\u0159edpln\u011bno 14 ml e-liquidu<br \/>\n850mAh dob\u00edjec\u00ed bateri\u00ed<br \/>\n0,9\u03a9 Mesh spir\u00e1lka<br \/>\n56 dostupn\u00fdch p\u0159\u00edchut\u00ed skladem<\/p>\n<h2>FAQ o Fumot Randm 7000 Vaporiz\u00e9ru:<\/h2>\n<p>1. \u010c\u00edm se li\u0161\u00ed RANDM 7000 od ostatn\u00edch jednor\u00e1zov\u00fdch vaporiz\u00e9r\u016f?<\/p>\n<p>RANDM 7000 nab\u00edz\u00ed neporovnateln\u00fd po\u010det pota\u017een\u00ed 7000, \u0161irokou \u0161k\u00e1lu 56 ovocn\u00fdch p\u0159\u00edchut\u00ed a vyu\u017e\u00edv\u00e1 m\u0159\u00ed\u017ekovou c\u00edvku pro vynikaj\u00edc\u00ed chu\u0165 a produkci par.<br \/>\n2. Jak dlouho trv\u00e1 \u00fapln\u00e9 nabit\u00ed za\u0159\u00edzen\u00ed?<\/p>\n<p>Tornado 7k pota\u017een\u00ed Origin\u00e1l randm fumot Vaporiz\u00e9r velkoobchod m\u016f\u017ee b\u00fdt pln\u011b nabit za pouh\u00e9 t\u0159i hodiny pomoc\u00ed portu Type-C.<br \/>\n3. Jak\u00e1 je kapacita baterie tornado 7k pota\u017een\u00ed Origin\u00e1l randm fumot?<\/p>\n<p>Tornado 7k pota\u017een\u00ed Origin\u00e1l randm fumot je vybaveno bateri\u00ed o kapacit\u011b 850 mAh (17350), co\u017e zaji\u0161\u0165uje dlouhotrvaj\u00edc\u00ed v\u00fdkon.<br \/>\n4. Jsou k dispozici velkoobchodn\u00ed ceny pro Origin\u00e1l fumot Vaporiz\u00e9r tornado 7000 pota\u017een\u00ed?<\/p>\n<p>Ano, nab\u00edz\u00edme konkurenceschopn\u00e9 velkoobchodn\u00ed ceny na randm fumot tornado 7k pota\u017een\u00ed. Kontaktujte n\u00e1s pro v\u00edce informac\u00ed o na\u0161ich velkoobchodn\u00edch cen\u00e1ch na fumot tornado 7000 pota\u017een\u00ed.<br \/>\n5. Jak mohu zadat objedn\u00e1vku ? Jak koupit fumot Velkoobchodn\u00ed Cena tornado 7000 n\u00e1dech\u016f?<\/p>\n<p>Pro zad\u00e1n\u00ed objedn\u00e1vky jednodu\u0161e<a href=\"https:\/\/wa.me\/8617776015835\" target=\"_blank\" rel=\"noopener\"> n\u00e1s kontaktujte.<\/a> N\u00e1\u0161 t\u00fdm je k dispozici 24\/7, aby v\u00e1m pomohl s n\u00e1kupem a zajistil profesion\u00e1ln\u00ed zku\u0161enost.<br \/>\n6. Je zde minim\u00e1ln\u00ed mno\u017estv\u00ed objedn\u00e1vky pro koupi fumot Vape Velkoobchod tornado 7000 n\u00e1dech\u016f?<\/p>\n<p>Ano, minim\u00e1ln\u00ed mno\u017estv\u00ed objedn\u00e1vky pro koupi Fumot RandM Velkoobchodn\u00ed Cena tornado 7000 n\u00e1dech\u016f je 50 kus\u016f, co\u017e je ide\u00e1ln\u00ed pro velkoobchodn\u00edky, kte\u0159\u00ed cht\u011bj\u00ed za\u010d\u00edt s rozumn\u00fdm mno\u017estv\u00edm.<\/p>\n<p>Naj\u00edt v\u00edce produkt\u016f pro vaping, kter\u00e9 by se v\u00e1m mohly l\u00edbit:<em><a href=\"https:\/\/rmvapesale.com\/cs\/shop-2\/\">nakupovat nyn\u00ed\u00a0<\/a><\/em><\/p>\n<p>dal\u0161\u00ed \u017ehav\u00e9 prodeje vape, kter\u00e9 by se v\u00e1m mohly l\u00edbit:<\/p>\n<p><a href=\"https:\/\/rmvapesale.com\/cs\/product\/jnr-shisha-vape-15000-puffs-wholesale-price-with-screen-vape\/\">VOPK SHISHA 15K\/ <\/a><a href=\"https:\/\/rmvapesale.com\/cs\/product\/randm-vape-al-fakher-10000-puffs-vape-wholesale\/\">randm vape AI FAKHER 15k vape\/<\/a><a href=\"https:\/\/rmvapesale.com\/cs\/product\/randm-tornado-15000-puffs-15k-vape-recharge-fumot-original-vape-factory-price\/\">Fumot digit\u00e1ln\u00ed box Puff 12000\/<\/a><\/p>\n<p><a href=\"https:\/\/rmvapesale.com\/cs\/product\/original-randm-tornado-9000-puffs-vape-fumot-factory-price-cheap\/\">RandM Tornado 9000 N\u00e1dech\u016f<\/a><\/p>","protected":false},"excerpt":{"rendered":"<p>Funot Vape 7000 velkoobchodn\u00ed Jednor\u00e1zov\u00e9<br \/>\nRandM Vape 7000 Puf\u016f N\u00edzk\u00e1 Nikotinov\u00e1 Jednor\u00e1zov\u00e1 Vape<br class=\"yoast-text-mark\" \/>RandM Tornado 7000 V\u0161echny p\u0159\u00edchut\u011b skladem<\/p>\n<p><img loading=\"lazy\" decoding=\"async\" width=\"229\" height=\"300\" class=\"size-medium wp-image-1814\" src=\"https:\/\/rmvapesale.com\/wp-content\/uploads\/2024\/04\/whatsapp-amy-229x300.jpg\" alt=\"whatsapp amy\" srcset=\"https:\/\/rmvapesale.com\/wp-content\/uploads\/2024\/04\/whatsapp-amy-229x300.jpg 229w, https:\/\/rmvapesale.com\/wp-content\/uploads\/2024\/04\/whatsapp-amy-783x1024.jpg 783w, https:\/\/rmvapesale.com\/wp-content\/uploads\/2024\/04\/whatsapp-amy-768x1005.jpg 768w, https:\/\/rmvapesale.com\/wp-content\/uploads\/2024\/04\/whatsapp-amy-600x785.jpg 600w, https:\/\/rmvapesale.com\/wp-content\/uploads\/2024\/04\/whatsapp-amy.jpg 990w\" sizes=\"auto, (max-width: 229px) 100vw, 229px\" \/><\/p>\n<h3><span style=\"color: #ff0000\"><strong>WhatsApp: +86 17776015835<\/strong><\/span><\/h3>","protected":false},"featured_media":1895,"comment_status":"open","ping_status":"closed","template":"","meta":{"_uag_custom_page_level_css":"","_lmt_disableupdate":"no","_lmt_disable":"","site-sidebar-layout":"default","site-content-layout":"content-boxed-container","ast-site-content-layout":"normal-width-container","site-content-style":"boxed","site-sidebar-style":"unboxed","ast-global-header-display":"","ast-banner-title-visibility":"","ast-main-header-display":"","ast-hfb-above-header-display":"","ast-hfb-below-header-display":"","ast-hfb-mobile-header-display":"","site-post-title":"","ast-breadcrumbs-content":"","ast-featured-img":"","footer-sml-layout":"","theme-transparent-header-meta":"default","adv-header-id-meta":"","stick-header-meta":"","header-above-stick-meta":"","header-main-stick-meta":"","header-below-stick-meta":"","astra-migrate-meta-layouts":"set","ast-page-background-enabled":"default","ast-page-background-meta":{"desktop":{"background-color":"var(--ast-global-color-4)","background-image":"","background-repeat":"repeat","background-position":"center center","background-size":"auto","background-attachment":"scroll","background-type":"","background-media":"","overlay-type":"","overlay-color":"","overlay-opacity":"","overlay-gradient":""},"tablet":{"background-color":"","background-image":"","background-repeat":"repeat","background-position":"center center","background-size":"auto","background-attachment":"scroll","background-type":"","background-media":"","overlay-type":"","overlay-color":"","overlay-opacity":"","overlay-gradient":""},"mobile":{"background-color":"","background-image":"","background-repeat":"repeat","background-position":"center center","background-size":"auto","background-attachment":"scroll","background-type":"","background-media":"","overlay-type":"","overlay-color":"","overlay-opacity":"","overlay-gradient":""}},"ast-content-background-meta":{"desktop":{"background-color":"var(--ast-global-color-5)","background-image":"","background-repeat":"repeat","background-position":"center center","background-size":"auto","background-attachment":"scroll","background-type":"","background-media":"","overlay-type":"","overlay-color":"","overlay-opacity":"","overlay-gradient":""},"tablet":{"background-color":"var(--ast-global-color-5)","background-image":"","background-repeat":"repeat","background-position":"center center","background-size":"auto","background-attachment":"scroll","background-type":"","background-media":"","overlay-type":"","overlay-color":"","overlay-opacity":"","overlay-gradient":""},"mobile":{"background-color":"var(--ast-global-color-5)","background-image":"","background-repeat":"repeat","background-position":"center center","background-size":"auto","background-attachment":"scroll","background-type":"","background-media":"","overlay-type":"","overlay-color":"","overlay-opacity":"","overlay-gradient":""}},"_joinchat":[]},"product_brand":[],"product_cat":[25,123,26,28,135,27,31,137,15,30],"product_tag":[48,39,40,41,183,182,38,37],"class_list":{"0":"post-1894","1":"product","2":"type-product","3":"status-publish","4":"has-post-thumbnail","6":"product_cat-germany-best-selling-vape","7":"product_cat-italy-wholesale-vape","8":"product_cat-netherlands-hot-sale-vape","9":"product_cat-poland-hot-sale-vape","10":"product_cat-spain-best-hot-sale-vape","11":"product_cat-fance-hot-sale-vape","12":"product_cat-randm-fumot-vape","13":"product_cat-rechargeable-vapes","14":"product_cat-new-vape-this-week","15":"product_cat-minimum-order-quantity-50pcs","16":"product_tag-7000-puffs-vape","17":"product_tag-fumot-vape","18":"product_tag-hot-sale-vape","19":"product_tag-original-factory-vape","20":"product_tag-randm-7000","21":"product_tag-randm-tornado-7000","22":"product_tag-randm-vape","23":"product_tag-wholesale-vape-price","24":"desktop-align-left","25":"tablet-align-left","26":"mobile-align-left","28":"first","29":"instock","30":"sale","31":"shipping-taxable","32":"purchasable","33":"product-type-simple"},"uagb_featured_image_src":{"full":["https:\/\/rmvapesale.com\/wp-content\/uploads\/2024\/05\/Ricky-Morty-Tornado-7000-Vape-Flavors.jpg",1200,1200,false],"thumbnail":["https:\/\/rmvapesale.com\/wp-content\/uploads\/2024\/05\/Ricky-Morty-Tornado-7000-Vape-Flavors-150x150.jpg",150,150,true],"medium":["https:\/\/rmvapesale.com\/wp-content\/uploads\/2024\/05\/Ricky-Morty-Tornado-7000-Vape-Flavors-300x300.jpg",300,300,true],"medium_large":["https:\/\/rmvapesale.com\/wp-content\/uploads\/2024\/05\/Ricky-Morty-Tornado-7000-Vape-Flavors-768x768.jpg",768,768,true],"large":["https:\/\/rmvapesale.com\/wp-content\/uploads\/2024\/05\/Ricky-Morty-Tornado-7000-Vape-Flavors-1024x1024.jpg",1024,1024,true],"1536x1536":["https:\/\/rmvapesale.com\/wp-content\/uploads\/2024\/05\/Ricky-Morty-Tornado-7000-Vape-Flavors.jpg",1200,1200,false],"2048x2048":["https:\/\/rmvapesale.com\/wp-content\/uploads\/2024\/05\/Ricky-Morty-Tornado-7000-Vape-Flavors.jpg",1200,1200,false],"trp-custom-language-flag":["https:\/\/rmvapesale.com\/wp-content\/uploads\/2024\/05\/Ricky-Morty-Tornado-7000-Vape-Flavors.jpg",12,12,false],"woocommerce_thumbnail":["https:\/\/rmvapesale.com\/wp-content\/uploads\/2024\/05\/Ricky-Morty-Tornado-7000-Vape-Flavors-300x300.jpg",300,300,true],"woocommerce_single":["https:\/\/rmvapesale.com\/wp-content\/uploads\/2024\/05\/Ricky-Morty-Tornado-7000-Vape-Flavors-600x600.jpg",600,600,true],"woocommerce_gallery_thumbnail":["https:\/\/rmvapesale.com\/wp-content\/uploads\/2024\/05\/Ricky-Morty-Tornado-7000-Vape-Flavors-100x100.jpg",100,100,true],"wcpr-photo-reviews":["https:\/\/rmvapesale.com\/wp-content\/uploads\/2024\/05\/Ricky-Morty-Tornado-7000-Vape-Flavors.jpg",500,500,false]},"uagb_author_info":{"display_name":"yannazhan","author_link":"https:\/\/rmvapesale.com\/cs\/author\/"},"uagb_comment_info":0,"uagb_excerpt":"Funot Vape\u00a0 7000 wholesale Disposable RandM Vape 7000 Puff Low Nicotine Disposable VapeRandM Tornado 7000 All Flavours in stock WhatsApp: +86 17776015835","_links":{"self":[{"href":"https:\/\/rmvapesale.com\/cs\/wp-json\/wp\/v2\/product\/1894","targetHints":{"allow":["GET"]}}],"collection":[{"href":"https:\/\/rmvapesale.com\/cs\/wp-json\/wp\/v2\/product"}],"about":[{"href":"https:\/\/rmvapesale.com\/cs\/wp-json\/wp\/v2\/types\/product"}],"replies":[{"embeddable":true,"href":"https:\/\/rmvapesale.com\/cs\/wp-json\/wp\/v2\/comments?post=1894"}],"wp:featuredmedia":[{"embeddable":true,"href":"https:\/\/rmvapesale.com\/cs\/wp-json\/wp\/v2\/media\/1895"}],"wp:attachment":[{"href":"https:\/\/rmvapesale.com\/cs\/wp-json\/wp\/v2\/media?parent=1894"}],"wp:term":[{"taxonomy":"product_brand","embeddable":true,"href":"https:\/\/rmvapesale.com\/cs\/wp-json\/wp\/v2\/product_brand?post=1894"},{"taxonomy":"product_cat","embeddable":true,"href":"https:\/\/rmvapesale.com\/cs\/wp-json\/wp\/v2\/product_cat?post=1894"},{"taxonomy":"product_tag","embeddable":true,"href":"https:\/\/rmvapesale.com\/cs\/wp-json\/wp\/v2\/product_tag?post=1894"}],"curies":[{"name":"wp","href":"https:\/\/api.w.org\/{rel}","templated":true}]}}