{"id":1940,"date":"2024-08-27T07:55:11","date_gmt":"2024-08-27T07:55:11","guid":{"rendered":"https:\/\/rmvapesale.com\/?post_type=product&#038;p=1940"},"modified":"2024-11-04T09:58:31","modified_gmt":"2024-11-04T09:58:31","slug":"randm-tornado-15000-puffs-vape-wholesale","status":"publish","type":"product","link":"https:\/\/rmvapesale.com\/cs\/product\/randm-tornado-15000-puffs-vape-wholesale\/","title":{"rendered":"RandM Tornado 15000 Puffs Vape Velkoobchod"},"content":{"rendered":"<h1>RandM Tornado 15000 Puffs Vape Velkoobchod<\/h1>\n<p>Jednor\u00e1zov\u00e9 vapes se staly popul\u00e1rn\u00ed d\u00edky \u0161irok\u00e9 \u0161k\u00e1le p\u0159\u00edchut\u00ed a snadn\u00e9mu pou\u017eit\u00ed. Hled\u00e1te jednor\u00e1zov\u00fd vape za nejlep\u0161\u00ed cenu? RandM Tornado 15000 Puffs je vysoce doporu\u010den pro sv\u00e9 p\u016fsobiv\u00e9 funkce. Navr\u017een s 850mAh dob\u00edjec\u00ed bateri\u00ed, kter\u00e1 dok\u00e1\u017ee poskytnout a\u017e 15000 pot\u00e1hnut\u00ed. Zde v na\u0161em obchod\u011b si m\u016f\u017eete zakoupit RandM Tornado 15000 pot\u00e1hnut\u00ed za velkoobchodn\u00ed cenu.<\/p>\n<p>Tornado 15000 se vyzna\u010duje nov\u00fdm designem s 850mAh dob\u00edjec\u00ed bateri\u00ed, kter\u00e1 se rychle nab\u00edj\u00ed p\u0159es USB-C port, co\u017e umo\u017e\u0148uje efektivn\u00ed dob\u00edjen\u00ed. Jednor\u00e1zov\u00fd vape RandM Tornado 15000 je dod\u00e1v\u00e1n s technologi\u00ed mesh c\u00edvky, proto poskytuje hlad\u0161\u00ed a p\u0159\u00edjemn\u011bj\u0161\u00ed z\u00e1\u017eitek z vapingu. nap\u0159\u00ed\u010d celou \u0161k\u00e1lou p\u0159\u00edchut\u00ed.<\/p>\n<p>P\u0159edev\u0161\u00edm, RM 15000 je opravdu cenov\u011b v\u00fdhodn\u00fd vape, kter\u00fd stoj\u00ed za to vyzkou\u0161et!<\/p>\n<p><strong>Kontaktujte Amy pro spr\u00e1vnou odpov\u011b\u010f a velkoobchodn\u00ed cenu!<\/strong><\/p>\n<p><img loading=\"lazy\" decoding=\"async\" class=\"size-medium wp-image-1814\" src=\"https:\/\/rmvapesale.com\/wp-content\/uploads\/2024\/04\/whatsapp-amy-229x300.jpg\" alt=\"whatsapp amy\" width=\"229\" height=\"300\" srcset=\"https:\/\/rmvapesale.com\/wp-content\/uploads\/2024\/04\/whatsapp-amy-229x300.jpg 229w, https:\/\/rmvapesale.com\/wp-content\/uploads\/2024\/04\/whatsapp-amy-783x1024.jpg 783w, https:\/\/rmvapesale.com\/wp-content\/uploads\/2024\/04\/whatsapp-amy-768x1005.jpg 768w, https:\/\/rmvapesale.com\/wp-content\/uploads\/2024\/04\/whatsapp-amy-600x785.jpg 600w, https:\/\/rmvapesale.com\/wp-content\/uploads\/2024\/04\/whatsapp-amy.jpg 990w\" sizes=\"auto, (max-width: 229px) 100vw, 229px\" \/><\/p>\n<h2><strong>Co d\u011bl\u00e1 FUMOT RandM Tornado 15000 jedine\u010dn\u00fdm jednor\u00e1zov\u00fdm vapem?<\/strong><\/h2>\n<p>D\u00edky super specifikaci, RANDM VAPE 15K TORNADO Authentic vynik\u00e1 jako jeden z nejvy\u0161\u0161\u00edch kapacitn\u00edch jednor\u00e1zov\u00fdch vap\u016f na trhu.<\/p>\n<p>Mo\u017enosti obsahu nikotinu: 0%, 2%, 3% a 5%<br \/>\nA\u017e 15 000 pot\u00e1hnut\u00ed<br \/>\nP\u0159edpln\u011bno 25 ml e-liquidu<br \/>\n850mAh dob\u00edjec\u00ed bateri\u00ed<br \/>\n0,9\u03a9 Mesh spir\u00e1lka<br \/>\n41 dostupn\u00fdch p\u0159\u00edchut\u00ed<\/p>\n<h2><strong>Jak\u00e1 je nejlep\u0161\u00ed p\u0159\u00edchu\u0165 pro RandM Tornado 15k pot\u00e1hnut\u00ed vape?<\/strong><\/h2>\n<p>Mr blue je bezpochyby nejobl\u00edben\u011bj\u0161\u00ed p\u0159\u00edchu\u0165 pro RandM Tornado 15000, m\u011bli byste ji vyzkou\u0161et!<\/p>\n<p>RandM Tornado 15000 pot\u00e1hnut\u00ed poskytuje celkem 41 dostupn\u00fdch p\u0159\u00edchut\u00ed pro v\u00e1\u0161 v\u00fdb\u011br, je tu n\u011bco pro ka\u017ed\u00e9ho.<\/p>\n<p>1 Modr\u00e1 malina s limon\u00e1dou<br \/>\n2 Broskvov\u00fd led<br \/>\n3 Kysel\u00e9 jablko<br \/>\n4 Melounov\u00fd led<br \/>\n5 Bor\u016fvka s ledem<br \/>\n6 Bor\u016fvka a malina<br \/>\n7 Ananasov\u00fd led<br \/>\n8 T\u0159e\u0161e\u0148<br \/>\n9 Jahodov\u00fd Led<br \/>\n10 Vimto<br \/>\n11 Hroznov\u00fd led<br \/>\n12 Cola s ledem<br \/>\n13 Jahoda s melounem<br \/>\n14 R\u016f\u017eov\u00e1 limon\u00e1da<br \/>\n15 M\u00edchan\u00e9 bobule<br \/>\n16 Broskev a mango<br \/>\n17. Dra\u010d\u00ed ovoce<br \/>\n18. Jahoda a hrozny<br \/>\n19. Pan Modr\u00fd<br \/>\n20. Sv\u011b\u017e\u00ed led<br \/>\n21. Nanuk<br \/>\n22. Jahoda kiwi<br \/>\n23. Kiwi mu\u010denka guava<br \/>\n24. Trojit\u00e9 bobule<br \/>\n25. Ban\u00e1nov\u00fd led<br \/>\n26. Broskvov\u00e9 bor\u016fvkov\u00e9 bonb\u00f3ny<br \/>\n27. Jablko broskev hru\u0161ka<br \/>\n28. Bobulov\u00e1 limon\u00e1da<br \/>\n29. Modr\u00e1 malina t\u0159e\u0161e\u0148<br \/>\n30. Bor\u016fvkov\u00e1 \u017ev\u00fdka\u010dka<br \/>\n31. Bor\u016fvka t\u0159e\u0161e\u0148 brusinka<br \/>\n32. Bor\u016fvka Gran\u00e1tov\u00e9 jablko<br \/>\n33. Bluesour Malina<br \/>\n34. T\u0159e\u0161\u0148ov\u00e1 Cola<br \/>\n35. Gumov\u00fd medv\u00eddek<br \/>\n36. Citron<br \/>\n37. Mango s ledem<br \/>\n38. \u010cerven\u00e1 energetick\u00e1 s ledem<br \/>\n39. Jahoda Ban\u00e1n<br \/>\n40. Jahoda Red Bull<br \/>\n41. Jahodov\u00e1 Melounov\u00e1 Limon\u00e1da<\/p>\n<h2><strong>Ot\u00e1zky, kter\u00e9 byste mo\u017en\u00e1 cht\u011bli v\u011bd\u011bt o RandM Tornado 15000 pot\u00e1hnut\u00ed vape<\/strong><\/h2>\n<p>&nbsp;<\/p>\n<h3>Q1. Co je RM Tornado 15000 Puffs Vape Original?<\/h3>\n<p>A: RANDM VAPE 15K TORNADO Original je jednor\u00e1zov\u00e9 vapingov\u00e9 za\u0159\u00edzen\u00ed navr\u017een\u00e9 pro dlouh\u00e9 vapingov\u00e9 seance. Je pojmenov\u00e1no pro svou p\u016fsobivou kapacitu 15 000 pot\u00e1hnut\u00ed.<\/p>\n<h3>Q2.Kdo vyr\u00e1b\u00ed RandM Tornado 15k Puffs Vape Origin\u00e1l?<\/h3>\n<p>RANDM VAPE 15K TORNADO Genuine vyr\u00e1b\u00ed spole\u010dnost Shenzhen Fumot Technology, p\u0159edn\u00ed spole\u010dnost v odv\u011btv\u00ed vapingu, zn\u00e1m\u00e1 sv\u00fdmi inovativn\u00edmi produkty.<\/p>\n<h3>Q3. Jak dlouho vydr\u017e\u00ed Authentic RandM Tornado 15K Vape?<\/h3>\n<p>Autentick\u00fd RANDM VAPE 15K TORNADO je vybaven vestav\u011bnou bateri\u00ed s kapacitou 850 mAh, kter\u00e1 nab\u00edz\u00ed prodlou\u017een\u00e9 pou\u017e\u00edv\u00e1n\u00ed na jedno nabit\u00ed. P\u0159esn\u00e1 \u017eivotnost baterie z\u00e1vis\u00ed na individu\u00e1ln\u00edch vzorc\u00edch pou\u017e\u00edv\u00e1n\u00ed.<\/p>\n<h3>Q4.Je Fumot RandM Tornado 15000 Puffs Vape Origin\u00e1l dob\u00edjec\u00ed?<\/h3>\n<p><span style=\"font-size: 16px\">A: Ne, RANDM VAPE 15K TORNADO Original je dod\u00e1v\u00e1n s dob\u00edjec\u00ed bateri\u00ed, to znamen\u00e1, \u017ee je dob\u00edjec\u00ed.<\/span><\/p>\n<h3>Q5.Jak si mohu zakoupit Fumot RandM Tornado 15000 Puffs Vape Origin\u00e1l?<\/h3>\n<p>A: Origin\u00e1ln\u00ed RANDM VAPE 15K TORNADO je k dispozici k zakoupen\u00ed u autorizovan\u00fdch distributor\u016f. Pro velkoobchodn\u00ed dotazy mohou distributo\u0159i <a href=\"https:\/\/wa.me\/8617776015835\" target=\"_blank\" rel=\"noopener\">kontaktujte N\u00c1S<\/a> obr\u00e1tit p\u0159\u00edmo. Maloobchodn\u00ed z\u00e1kazn\u00edci mohou produkt naj\u00edt u vybran\u00fdch prodejc\u016f nebo v online obchodech.<\/p>\n<p><strong>Podrobnosti o doprav\u011b:<\/strong><br \/>\nDoba v\u00fdroby: 5-10 pracovn\u00edch dn\u016f<br \/>\nDoba dod\u00e1n\u00ed: 8-14 pracovn\u00edch dn\u016f<\/p>\n<p>V\u0161echny produkty v na\u0161em obchod\u011b jsou 100% origin\u00e1ln\u00ed a autentick\u00e9, tak\u017ee desetkr\u00e1t vy\u0161\u0161\u00ed od\u0161kodn\u00e9 za pad\u011blky je politikou na\u0161eho obchodu. K doru\u010den\u00ed zbo\u017e\u00ed v\u00e1m pou\u017e\u00edv\u00e1me logistick\u00e9 kan\u00e1ly jako UPS\/DHL\/FEDEX\/DPD.<\/p>\n<p>Pro bal\u00ed\u010dky odeslan\u00e9 do \u010cesk\u00e9 republiky obvykle doru\u010den\u00ed trv\u00e1 10 pracovn\u00edch dn\u016f. Doru\u010den\u00ed do evropsk\u00fdch zem\u00ed obvykle trv\u00e1 p\u0159ibli\u017en\u011b 12-15 pracovn\u00edch dn\u016f. Logistick\u00e9 informace pro v\u00e1s budeme aktualizovat v re\u00e1ln\u00e9m \u010dase.<\/p>\n<p>Naj\u00edt v\u00edce produkt\u016f pro vaping, kter\u00e9 by se v\u00e1m mohly l\u00edbit:<em><a href=\"https:\/\/rmvapesale.com\/cs\/shop-2\/\">nakupovat nyn\u00ed\u00a0<\/a><\/em><\/p>\n<p>dal\u0161\u00ed \u017ehav\u00e9 prodeje vape, kter\u00e9 by se v\u00e1m mohly l\u00edbit:<\/p>\n<p><a href=\"https:\/\/rmvapesale.com\/cs\/product\/randm-vape-al-fakher-10000-puffs-vape-wholesale\/\">randm vape AI FAKHER 15k vape<\/a><\/p>\n<p><a href=\"https:\/\/rmvapesale.com\/cs\/product\/original-randm-tornado-9000-puffs-disposable-vape-factory-price\/\">RandM Tornado 9000<\/a><\/p>","protected":false},"excerpt":{"rendered":"<p>Fumot Tornado 15000 VAPE Velkoobchodn\u00ed cena<br \/>\nORIGIN\u00c1L RandM Tornado 15000 Tov\u00e1rn\u00ed velkoobchod skladem<br \/>\nPrav\u00e1 RANDM Vape FUMOT TORNADO 15000 Zlevn\u011bn\u00e1 cena<\/p>\n<p><strong>Kontaktujte Amy pro v\u011bt\u0161\u00ed slevu a ni\u017e\u0161\u00ed MOQ Vape<\/strong><\/p>\n<p><img loading=\"lazy\" decoding=\"async\" class=\"size-medium wp-image-1814\" src=\"https:\/\/rmvapesale.com\/wp-content\/uploads\/2024\/04\/whatsapp-amy-229x300.jpg\" alt=\"whatsapp amy\" width=\"229\" height=\"300\" srcset=\"https:\/\/rmvapesale.com\/wp-content\/uploads\/2024\/04\/whatsapp-amy-229x300.jpg 229w, https:\/\/rmvapesale.com\/wp-content\/uploads\/2024\/04\/whatsapp-amy-783x1024.jpg 783w, https:\/\/rmvapesale.com\/wp-content\/uploads\/2024\/04\/whatsapp-amy-768x1005.jpg 768w, https:\/\/rmvapesale.com\/wp-content\/uploads\/2024\/04\/whatsapp-amy-600x785.jpg 600w, https:\/\/rmvapesale.com\/wp-content\/uploads\/2024\/04\/whatsapp-amy.jpg 990w\" sizes=\"auto, (max-width: 229px) 100vw, 229px\" \/><\/p>\n<h3><span style=\"color: #ff0000\"><strong>WhatsApp: +86 17776015835<\/strong><\/span><\/h3>","protected":false},"featured_media":1937,"comment_status":"open","ping_status":"closed","template":"","meta":{"_uag_custom_page_level_css":"","_lmt_disableupdate":"no","_lmt_disable":"","site-sidebar-layout":"default","site-content-layout":"content-boxed-container","ast-site-content-layout":"normal-width-container","site-content-style":"boxed","site-sidebar-style":"unboxed","ast-global-header-display":"","ast-banner-title-visibility":"","ast-main-header-display":"","ast-hfb-above-header-display":"","ast-hfb-below-header-display":"","ast-hfb-mobile-header-display":"","site-post-title":"","ast-breadcrumbs-content":"","ast-featured-img":"","footer-sml-layout":"","theme-transparent-header-meta":"default","adv-header-id-meta":"","stick-header-meta":"","header-above-stick-meta":"","header-main-stick-meta":"","header-below-stick-meta":"","astra-migrate-meta-layouts":"set","ast-page-background-enabled":"default","ast-page-background-meta":{"desktop":{"background-color":"var(--ast-global-color-4)","background-image":"","background-repeat":"repeat","background-position":"center center","background-size":"auto","background-attachment":"scroll","background-type":"","background-media":"","overlay-type":"","overlay-color":"","overlay-opacity":"","overlay-gradient":""},"tablet":{"background-color":"","background-image":"","background-repeat":"repeat","background-position":"center center","background-size":"auto","background-attachment":"scroll","background-type":"","background-media":"","overlay-type":"","overlay-color":"","overlay-opacity":"","overlay-gradient":""},"mobile":{"background-color":"","background-image":"","background-repeat":"repeat","background-position":"center center","background-size":"auto","background-attachment":"scroll","background-type":"","background-media":"","overlay-type":"","overlay-color":"","overlay-opacity":"","overlay-gradient":""}},"ast-content-background-meta":{"desktop":{"background-color":"var(--ast-global-color-5)","background-image":"","background-repeat":"repeat","background-position":"center center","background-size":"auto","background-attachment":"scroll","background-type":"","background-media":"","overlay-type":"","overlay-color":"","overlay-opacity":"","overlay-gradient":""},"tablet":{"background-color":"var(--ast-global-color-5)","background-image":"","background-repeat":"repeat","background-position":"center center","background-size":"auto","background-attachment":"scroll","background-type":"","background-media":"","overlay-type":"","overlay-color":"","overlay-opacity":"","overlay-gradient":""},"mobile":{"background-color":"var(--ast-global-color-5)","background-image":"","background-repeat":"repeat","background-position":"center center","background-size":"auto","background-attachment":"scroll","background-type":"","background-media":"","overlay-type":"","overlay-color":"","overlay-opacity":"","overlay-gradient":""}},"_joinchat":[]},"product_brand":[],"product_cat":[25,51,195,26,28,27,31,137,136,15,30],"product_tag":[44,39,40,41,38,37],"class_list":{"0":"post-1940","1":"product","2":"type-product","3":"status-publish","4":"has-post-thumbnail","6":"product_cat-germany-best-selling-vape","7":"product_cat-fumot-vape","8":"product_cat-germany-warehouse","9":"product_cat-netherlands-hot-sale-vape","10":"product_cat-poland-hot-sale-vape","11":"product_cat-fance-hot-sale-vape","12":"product_cat-randm-fumot-vape","13":"product_cat-rechargeable-vapes","14":"product_cat-smart-screen-vapes","15":"product_cat-new-vape-this-week","16":"product_cat-minimum-order-quantity-50pcs","17":"product_tag-15k-puffs-15000-vape-wholesale","18":"product_tag-fumot-vape","19":"product_tag-hot-sale-vape","20":"product_tag-original-factory-vape","21":"product_tag-randm-vape","22":"product_tag-wholesale-vape-price","23":"desktop-align-left","24":"tablet-align-left","25":"mobile-align-left","27":"first","28":"instock","29":"sale","30":"shipping-taxable","31":"purchasable","32":"product-type-simple"},"uagb_featured_image_src":{"full":["https:\/\/rmvapesale.com\/wp-content\/uploads\/2024\/08\/RandM-Tornado-15000-Wholesale-Blue-Razz-Lemonade.jpg",800,800,false],"thumbnail":["https:\/\/rmvapesale.com\/wp-content\/uploads\/2024\/08\/RandM-Tornado-15000-Wholesale-Blue-Razz-Lemonade-150x150.jpg",150,150,true],"medium":["https:\/\/rmvapesale.com\/wp-content\/uploads\/2024\/08\/RandM-Tornado-15000-Wholesale-Blue-Razz-Lemonade-300x300.jpg",300,300,true],"medium_large":["https:\/\/rmvapesale.com\/wp-content\/uploads\/2024\/08\/RandM-Tornado-15000-Wholesale-Blue-Razz-Lemonade-768x768.jpg",768,768,true],"large":["https:\/\/rmvapesale.com\/wp-content\/uploads\/2024\/08\/RandM-Tornado-15000-Wholesale-Blue-Razz-Lemonade.jpg",800,800,false],"1536x1536":["https:\/\/rmvapesale.com\/wp-content\/uploads\/2024\/08\/RandM-Tornado-15000-Wholesale-Blue-Razz-Lemonade.jpg",800,800,false],"2048x2048":["https:\/\/rmvapesale.com\/wp-content\/uploads\/2024\/08\/RandM-Tornado-15000-Wholesale-Blue-Razz-Lemonade.jpg",800,800,false],"trp-custom-language-flag":["https:\/\/rmvapesale.com\/wp-content\/uploads\/2024\/08\/RandM-Tornado-15000-Wholesale-Blue-Razz-Lemonade.jpg",12,12,false],"woocommerce_thumbnail":["https:\/\/rmvapesale.com\/wp-content\/uploads\/2024\/08\/RandM-Tornado-15000-Wholesale-Blue-Razz-Lemonade-300x300.jpg",300,300,true],"woocommerce_single":["https:\/\/rmvapesale.com\/wp-content\/uploads\/2024\/08\/RandM-Tornado-15000-Wholesale-Blue-Razz-Lemonade-600x600.jpg",600,600,true],"woocommerce_gallery_thumbnail":["https:\/\/rmvapesale.com\/wp-content\/uploads\/2024\/08\/RandM-Tornado-15000-Wholesale-Blue-Razz-Lemonade-100x100.jpg",100,100,true],"wcpr-photo-reviews":["https:\/\/rmvapesale.com\/wp-content\/uploads\/2024\/08\/RandM-Tornado-15000-Wholesale-Blue-Razz-Lemonade.jpg",500,500,false]},"uagb_author_info":{"display_name":"AMY","author_link":"https:\/\/rmvapesale.com\/cs\/author\/"},"uagb_comment_info":0,"uagb_excerpt":"Fumot Tornado 15000 VAPE Wholesale Price ORIGINAL RandM Tornado 15000 Factory Wholesale in Stock Genuine RANDM Vape FUMOT TORNADO 15000 Discount Price Contact Amy For More Discount And Lower MOQ Vape WhatsApp: +86 17776015835","_links":{"self":[{"href":"https:\/\/rmvapesale.com\/cs\/wp-json\/wp\/v2\/product\/1940","targetHints":{"allow":["GET"]}}],"collection":[{"href":"https:\/\/rmvapesale.com\/cs\/wp-json\/wp\/v2\/product"}],"about":[{"href":"https:\/\/rmvapesale.com\/cs\/wp-json\/wp\/v2\/types\/product"}],"replies":[{"embeddable":true,"href":"https:\/\/rmvapesale.com\/cs\/wp-json\/wp\/v2\/comments?post=1940"}],"wp:featuredmedia":[{"embeddable":true,"href":"https:\/\/rmvapesale.com\/cs\/wp-json\/wp\/v2\/media\/1937"}],"wp:attachment":[{"href":"https:\/\/rmvapesale.com\/cs\/wp-json\/wp\/v2\/media?parent=1940"}],"wp:term":[{"taxonomy":"product_brand","embeddable":true,"href":"https:\/\/rmvapesale.com\/cs\/wp-json\/wp\/v2\/product_brand?post=1940"},{"taxonomy":"product_cat","embeddable":true,"href":"https:\/\/rmvapesale.com\/cs\/wp-json\/wp\/v2\/product_cat?post=1940"},{"taxonomy":"product_tag","embeddable":true,"href":"https:\/\/rmvapesale.com\/cs\/wp-json\/wp\/v2\/product_tag?post=1940"}],"curies":[{"name":"wp","href":"https:\/\/api.w.org\/{rel}","templated":true}]}}