{"id":1942,"date":"2024-09-05T05:47:08","date_gmt":"2024-09-05T05:47:08","guid":{"rendered":"https:\/\/rmvapesale.com\/?post_type=product&#038;p=1942"},"modified":"2025-01-20T03:42:22","modified_gmt":"2025-01-20T03:42:22","slug":"vapme-crystal-7000-puffs-rechargeable-disposable-vape-price","status":"publish","type":"product","link":"https:\/\/rmvapesale.com\/cs\/product\/vapme-crystal-7000-puffs-rechargeable-disposable-vape-price\/","title":{"rendered":"Vapme Crystal 7000 Puffs dob\u00edjec\u00ed jednor\u00e1zov\u00fd vape cena"},"content":{"rendered":"<h1>Vapme Crystal 7000 Puffs dob\u00edjec\u00ed jednor\u00e1zov\u00fd vape cena<\/h1>\n<p>P\u0159edstavujeme dob\u00edjec\u00ed jednor\u00e1zovou e-cigaretu Vapme Crystal 7000 potah\u016f Original Edition \u2013 pr\u00e9miov\u00e9 za\u0159\u00edzen\u00ed navr\u017een\u00e9 pro vynikaj\u00edc\u00ed z\u00e1\u017eitek z vapov\u00e1n\u00ed. Tato dob\u00edjec\u00ed jednor\u00e1zov\u00e1 e-cigareta nab\u00edz\u00ed \u0161irokou \u0161k\u00e1lu p\u0159\u00edchut\u00ed a p\u0159izp\u016fsobiteln\u00fdch \u00farovn\u00ed nikotinu. Vyberte si z 30 l\u00e1kav\u00fdch p\u0159\u00edchut\u00ed a p\u0159izp\u016fsobte si svou vapovac\u00ed cestu sv\u00fdm chu\u0165ov\u00fdm preferenc\u00edm. Zde v na\u0161em obchod\u011b z\u00edsk\u00e1te velkoobchodn\u00ed cenu za dob\u00edjec\u00ed jednor\u00e1zovou e-cigaretu Vapme Crystal 7000 potah\u016f.<\/p>\n<p>Tato e-cigareta, dostupn\u00e1 v nikotinov\u00fdch sil\u00e1ch 0%, 2% a 5%, v\u00e1m umo\u017e\u0148uje upravit v\u00e1\u0161 z\u00e1\u017eitek podle va\u0161ich pot\u0159eb.<\/p>\n<p>E-cigareta VAPME Crystal je nap\u00e1jena robustn\u00ed kobaltovou bateri\u00ed 650mAh a je vybavena pohodln\u00fdm portem Type-C pro spolehliv\u00e9 nap\u00e1jen\u00ed a snadn\u00e9 dob\u00edjen\u00ed.<\/p>\n<p>S kapacitou 14 ml e-liquidu a mesh c\u00edvkou 1,0 ohm zaji\u0161\u0165uje tato e-cigareta hladkou a chutnou p\u00e1ru s ka\u017ed\u00fdm potahem.<\/p>\n<p>U\u017eijte si a\u017e 7000 potah\u016f spokojenosti s touto dob\u00edjec\u00ed jednor\u00e1zovou e-cigaretou, ide\u00e1ln\u00ed pro ty, kte\u0159\u00ed oce\u0148uj\u00ed pohodl\u00ed i kvalitu ve sv\u00e9m vapovac\u00edm z\u00e1\u017eitku.<\/p>\n<p>&nbsp;<\/p>\n<p><strong>Kontaktujte Amy pro spr\u00e1vnou odpov\u011b\u010f a velkoobchodn\u00ed cenu!<\/strong><\/p>\n<p><img loading=\"lazy\" decoding=\"async\" class=\"size-medium wp-image-1814\" src=\"https:\/\/rmvapesale.com\/wp-content\/uploads\/2024\/04\/whatsapp-amy-229x300.jpg\" alt=\"whatsapp amy\" width=\"229\" height=\"300\" srcset=\"https:\/\/rmvapesale.com\/wp-content\/uploads\/2024\/04\/whatsapp-amy-229x300.jpg 229w, https:\/\/rmvapesale.com\/wp-content\/uploads\/2024\/04\/whatsapp-amy-783x1024.jpg 783w, https:\/\/rmvapesale.com\/wp-content\/uploads\/2024\/04\/whatsapp-amy-768x1005.jpg 768w, https:\/\/rmvapesale.com\/wp-content\/uploads\/2024\/04\/whatsapp-amy-600x785.jpg 600w, https:\/\/rmvapesale.com\/wp-content\/uploads\/2024\/04\/whatsapp-amy.jpg 990w\" sizes=\"auto, (max-width: 229px) 100vw, 229px\" \/><\/p>\n<h2><\/h2>\n<h2><strong>Co d\u011bl\u00e1 <\/strong><strong>POTAH <\/strong><strong>7000 <\/strong><strong>VAPME Crystal <\/strong><strong>horkou<\/strong>\u00a0<strong>jednor\u00e1zovou e-cigaretou?<\/strong><\/h2>\n<p>Mo\u017enosti obsahu nikotinu: 0%, 2%, 3% a 5%<br \/>\nA\u017e 7000 potah\u016f<br \/>\nP\u0159edpln\u011bno 14 ml e-liquidu<br \/>\n650mAh dob\u00edjec\u00ed baterie<br \/>\n1,0 \u03a9 Mesh c\u00edvka<br \/>\n30 dostupn\u00fdch p\u0159\u00edchut\u00ed<\/p>\n<h2><strong>Jak\u00e1 je obl\u00edben\u00e1 p\u0159\u00edchu\u0165 pro e-cigaretu VAPME Crystal 7000?<\/strong><\/h2>\n<p>VAPME Crystal 7000 Puffs nab\u00edz\u00ed celkem 30 dostupn\u00fdch p\u0159\u00edchut\u00ed, tak\u017ee si vybere ka\u017ed\u00fd.<\/p>\n<p>1. Bor\u016fvka Malina<br \/>\n2. Hrozny s bobulemi<br \/>\n3. Jahodov\u00fd vodn\u00ed meloun s \u017ev\u00fdka\u010dkou<br \/>\n4. Jahodov\u00e9 malinov\u00e9 bonb\u00f3ny<br \/>\n5. Jahoda s ban\u00e1nem<br \/>\n6. Jahoda s mangem<br \/>\n7. Broskev, mango, ananas<br \/>\n8.Meloun s ledem<br \/>\n9. Trojit\u00e9 mango<br \/>\n10. T\u0159e\u0161\u0148ov\u00e1 ledov\u00e1 t\u0159\u00ed\u0161\u0165<br \/>\n11. Ledov\u00e1 t\u0159\u00ed\u0161\u0165 z mu\u010denky a melounu<br \/>\n12. Kiwi, mu\u010denka, guava<br \/>\n13. Jahodov\u00e1 ledov\u00e1 t\u0159\u00ed\u0161\u0165<br \/>\n14. Broskvov\u00e1 ledov\u00e1 t\u0159\u00ed\u0161\u0165<br \/>\n15. Modr\u00e1 malinov\u00e1 limon\u00e1da<br \/>\n16. Jahoda s kiwi<br \/>\n17. Energetick\u00fd n\u00e1poj<br \/>\n18. T\u0159e\u0161\u0148ov\u00e1 cola<br \/>\n19. Ledov\u00e1 t\u0159\u00ed\u0161\u0165 ze sm\u011bsi bobulov\u00e9ho ovoce<br \/>\n20. Citr\u00f3n<br \/>\n21. Jahoda s hrozny<br \/>\n22.\u010dern\u00fd ryb\u00edz led<br \/>\n23.bor\u016fvka, brusinka, t\u0159e\u0161e\u0148<br \/>\n24.vodn\u00ed meloun, kiwi, led<br \/>\n25.t\u0159e\u0161\u0148ov\u00e1 bobule<br \/>\n26.m\u00e1ta<br \/>\n27.tropick\u00e9 ovocn\u00fd pun\u010d<br \/>\n28.Mr. modr\u00fd<br \/>\n29.Dvojit\u00e9 jablko<br \/>\n30.ban\u00e1nov\u00fd led<\/p>\n<figure id=\"attachment_1945\" aria-describedby=\"caption-attachment-1945\" style=\"width: 500px\" class=\"wp-caption alignnone\"><img loading=\"lazy\" decoding=\"async\" class=\"wp-image-1945 size-full\" src=\"https:\/\/rmvapesale.com\/wp-content\/uploads\/2024\/09\/Vapme-Crystal-7000-Puffs-Disposable-Vape-Wholesale.jpg\" alt=\"Velkoobchod jednor\u00e1zov\u00fdch vaporiz\u00e9r\u016f Vapme Crystal 7000 pot\u00e1hnut\u00ed\" width=\"500\" height=\"500\" srcset=\"https:\/\/rmvapesale.com\/wp-content\/uploads\/2024\/09\/Vapme-Crystal-7000-Puffs-Disposable-Vape-Wholesale.jpg 500w, https:\/\/rmvapesale.com\/wp-content\/uploads\/2024\/09\/Vapme-Crystal-7000-Puffs-Disposable-Vape-Wholesale-300x300.jpg 300w, https:\/\/rmvapesale.com\/wp-content\/uploads\/2024\/09\/Vapme-Crystal-7000-Puffs-Disposable-Vape-Wholesale-150x150.jpg 150w, https:\/\/rmvapesale.com\/wp-content\/uploads\/2024\/09\/Vapme-Crystal-7000-Puffs-Disposable-Vape-Wholesale-100x100.jpg 100w\" sizes=\"auto, (max-width: 500px) 100vw, 500px\" \/><figcaption id=\"caption-attachment-1945\" class=\"wp-caption-text\">Velkoobchod jednor\u00e1zov\u00fdch vaporiz\u00e9r\u016f Vapme Crystal 7000 pot\u00e1hnut\u00ed<\/figcaption><\/figure>\n<h2><strong>Ot\u00e1zky, kter\u00e9 byste mohli cht\u00edt v\u011bd\u011bt o PUFF Vape VAPME Crystal 7000<\/strong><\/h2>\n<p>&nbsp;<\/p>\n<h3>Q 1. Co je VAPME Crystal 7000 Puffs Vape Original?<\/h3>\n<p>A: The <span style=\"font-size: 16px\">VAPME Crystal 7000 Puffs<\/span> je dob\u00edjec\u00ed jednor\u00e1zov\u00e9 vapovac\u00ed za\u0159\u00edzen\u00ed, navr\u017een\u00e9 pro del\u0161\u00ed vapov\u00e1n\u00ed. Je pojmenov\u00e1no podle sv\u00e9 p\u016fsobiv\u00e9 kapacity 7000 pot\u00e1hnut\u00ed a v\u00edcebarevn\u00fdch sv\u011btel p\u0159ipom\u00ednaj\u00edc\u00edch osv\u011btlen\u00fd krystal.<\/p>\n<h3>Q 2. Jak dlouho vydr\u017e\u00ed autentick\u00e1 VAPME Crystal 7000 Vape?<\/h3>\n<p>A: Autentick\u00fd <span style=\"font-size: 16px\">VAPME Crystal 7000 Puffs <\/span>obsahuje vestav\u011bnou baterii s kapacitou 850 mAh, kter\u00e1 nab\u00edz\u00ed prodlou\u017een\u00e9 pou\u017e\u00edv\u00e1n\u00ed na jedno nabit\u00ed. P\u0159esn\u00e1 \u017eivotnost baterie v\u0161ak z\u00e1vis\u00ed na individu\u00e1ln\u00edch zvyklostech u\u017eivatele.<\/p>\n<h3>Q 3. Je PUFF 7000 VAPME Crystal Original dob\u00edjec\u00ed?<\/h3>\n<p><span style=\"font-size: 16px\">A: Ano, VAPME Crystal 7000 Puffs Original je dod\u00e1v\u00e1n s dob\u00edjec\u00ed bateri\u00ed, kter\u00e1 je dob\u00edjec\u00ed. M\u016f\u017eete si ho u\u017e\u00edvat a\u017e do posledn\u00ed kapky.<\/span><\/p>\n<h3>Q 4. Kde mohu z\u00edskat velkoobchodn\u00ed cenu za dob\u00edjec\u00ed jednor\u00e1zov\u00fd vape Vapme Crystal 7000 pot\u00e1hnut\u00ed?<\/h3>\n<p>A: The <span style=\"font-size: 16px\">VAPME Crystal 7000 Puffs <\/span>je k dispozici k zakoupen\u00ed u autorizovan\u00fdch distributor\u016f. Pro velkoobchodn\u00ed dotazy mohou distributo\u0159i v \u010cesk\u00e9 republice <a href=\"https:\/\/wa.me\/8617776015835\" target=\"_blank\" rel=\"noopener\">kontaktujte N\u00c1S<\/a> obr\u00e1tit p\u0159\u00edmo. Maloobchodn\u00ed z\u00e1kazn\u00edci mohou produkt naj\u00edt u vybran\u00fdch prodejc\u016f nebo v online obchodech.<\/p>\n<p>Naj\u00edt v\u00edce produkt\u016f pro vaping, kter\u00e9 by se v\u00e1m mohly l\u00edbit:<em><a href=\"https:\/\/rmvapesale.com\/cs\/shop-2\/\">nakupovat nyn\u00ed\u00a0<\/a><\/em><\/p>\n<p>dal\u0161\u00ed \u017ehav\u00e9 prodeje vape, kter\u00e9 by se v\u00e1m mohly l\u00edbit:<\/p>\n<p><a href=\"https:\/\/rmvapesale.com\/cs\/product\/randm-vape-al-fakher-10000-puffs-vape-wholesale\/\">randm vape AI FAKHER 15k vape<\/a><\/p>\n<p><a href=\"https:\/\/rmvapesale.com\/cs\/product\/original-randm-tornado-9000-puffs-disposable-vape-factory-price\/\">RandM Tornado 9000<\/a><\/p>","protected":false},"excerpt":{"rendered":"<p>Cena velkoobchodn\u00edho n\u00e1kupu dob\u00edjec\u00ed jednor\u00e1zov\u00e9 e-cigarety Vapme Crystal 7000 potah\u016f<\/p>\n<p>Origin\u00e1ln\u00ed jednor\u00e1zov\u00e1 e-cigareta Vapme Crystal 7000 potah\u016f Nejlep\u0161\u00ed p\u0159\u00edchu\u0165<\/p>\n<p>VAPME CRYSTAL 7000 potah\u016f 2% Nikotin<\/p>\n<p><strong>Kontaktujte Amy pro v\u011bt\u0161\u00ed slevu a ni\u017e\u0161\u00ed MOQ Vape<\/strong><\/p>\n<p><img loading=\"lazy\" decoding=\"async\" class=\"size-medium wp-image-1814\" src=\"https:\/\/rmvapesale.com\/wp-content\/uploads\/2024\/04\/whatsapp-amy-229x300.jpg\" alt=\"whatsapp amy\" width=\"229\" height=\"300\" srcset=\"https:\/\/rmvapesale.com\/wp-content\/uploads\/2024\/04\/whatsapp-amy-229x300.jpg 229w, https:\/\/rmvapesale.com\/wp-content\/uploads\/2024\/04\/whatsapp-amy-783x1024.jpg 783w, https:\/\/rmvapesale.com\/wp-content\/uploads\/2024\/04\/whatsapp-amy-768x1005.jpg 768w, https:\/\/rmvapesale.com\/wp-content\/uploads\/2024\/04\/whatsapp-amy-600x785.jpg 600w, https:\/\/rmvapesale.com\/wp-content\/uploads\/2024\/04\/whatsapp-amy.jpg 990w\" sizes=\"auto, (max-width: 229px) 100vw, 229px\" \/><\/p>\n<h3><span style=\"color: #ff0000\"><strong>WhatsApp: +86 17776015835<\/strong><\/span><\/h3>","protected":false},"featured_media":2671,"comment_status":"open","ping_status":"closed","template":"","meta":{"_uag_custom_page_level_css":"","_lmt_disableupdate":"no","_lmt_disable":"","site-sidebar-layout":"default","site-content-layout":"content-boxed-container","ast-site-content-layout":"normal-width-container","site-content-style":"boxed","site-sidebar-style":"unboxed","ast-global-header-display":"","ast-banner-title-visibility":"","ast-main-header-display":"","ast-hfb-above-header-display":"","ast-hfb-below-header-display":"","ast-hfb-mobile-header-display":"","site-post-title":"","ast-breadcrumbs-content":"","ast-featured-img":"","footer-sml-layout":"","ast-disable-related-posts":"","theme-transparent-header-meta":"default","adv-header-id-meta":"","stick-header-meta":"","header-above-stick-meta":"","header-main-stick-meta":"","header-below-stick-meta":"","astra-migrate-meta-layouts":"set","ast-page-background-enabled":"default","ast-page-background-meta":{"desktop":{"background-color":"var(--ast-global-color-4)","background-image":"","background-repeat":"repeat","background-position":"center center","background-size":"auto","background-attachment":"scroll","background-type":"","background-media":"","overlay-type":"","overlay-color":"","overlay-opacity":"","overlay-gradient":""},"tablet":{"background-color":"","background-image":"","background-repeat":"repeat","background-position":"center center","background-size":"auto","background-attachment":"scroll","background-type":"","background-media":"","overlay-type":"","overlay-color":"","overlay-opacity":"","overlay-gradient":""},"mobile":{"background-color":"","background-image":"","background-repeat":"repeat","background-position":"center center","background-size":"auto","background-attachment":"scroll","background-type":"","background-media":"","overlay-type":"","overlay-color":"","overlay-opacity":"","overlay-gradient":""}},"ast-content-background-meta":{"desktop":{"background-color":"var(--ast-global-color-5)","background-image":"","background-repeat":"repeat","background-position":"center center","background-size":"auto","background-attachment":"scroll","background-type":"","background-media":"","overlay-type":"","overlay-color":"","overlay-opacity":"","overlay-gradient":""},"tablet":{"background-color":"var(--ast-global-color-5)","background-image":"","background-repeat":"repeat","background-position":"center center","background-size":"auto","background-attachment":"scroll","background-type":"","background-media":"","overlay-type":"","overlay-color":"","overlay-opacity":"","overlay-gradient":""},"mobile":{"background-color":"var(--ast-global-color-5)","background-image":"","background-repeat":"repeat","background-position":"center center","background-size":"auto","background-attachment":"scroll","background-type":"","background-media":"","overlay-type":"","overlay-color":"","overlay-opacity":"","overlay-gradient":""}},"_joinchat":[]},"product_brand":[],"product_cat":[25,272,290,27,123,293,30,26,15,28,295,137,136,135,281],"product_tag":[48,40,41,54,53,37],"class_list":{"0":"post-1942","1":"product","2":"type-product","3":"status-publish","4":"has-post-thumbnail","6":"product_cat-germany-best-selling-vape","7":"product_cat-7000-puff-disposable-vape","8":"product_cat-crystal-disposable-vapes","9":"product_cat-fance-hot-sale-vape","10":"product_cat-italy-wholesale-vape","11":"product_cat-low-nicotine-disposable-vapes","12":"product_cat-minimum-order-quantity-50pcs","13":"product_cat-netherlands-hot-sale-vape","14":"product_cat-new-vape-this-week","15":"product_cat-poland-hot-sale-vape","16":"product_cat-rechargeable-disposable-vapes","17":"product_cat-rechargeable-vapes","18":"product_cat-smart-screen-vapes","19":"product_cat-spain-best-hot-sale-vape","20":"product_cat-vapme-vape","21":"product_tag-7000-puffs-vape","22":"product_tag-hot-sale-vape","23":"product_tag-original-factory-vape","24":"product_tag-rechargeable-disposable-vape","25":"product_tag-vapme-vape","26":"product_tag-wholesale-vape-price","27":"desktop-align-left","28":"tablet-align-left","29":"mobile-align-left","31":"first","32":"instock","33":"sale","34":"shipping-taxable","35":"purchasable","36":"product-type-simple"},"uagb_featured_image_src":{"full":["https:\/\/rmvapesale.com\/wp-content\/uploads\/2024\/11\/Vapme-Crystal-Rechareable-Vape-Wholesale.jpg",800,800,false],"thumbnail":["https:\/\/rmvapesale.com\/wp-content\/uploads\/2024\/11\/Vapme-Crystal-Rechareable-Vape-Wholesale-150x150.jpg",150,150,true],"medium":["https:\/\/rmvapesale.com\/wp-content\/uploads\/2024\/11\/Vapme-Crystal-Rechareable-Vape-Wholesale-300x300.jpg",300,300,true],"medium_large":["https:\/\/rmvapesale.com\/wp-content\/uploads\/2024\/11\/Vapme-Crystal-Rechareable-Vape-Wholesale-768x768.jpg",768,768,true],"large":["https:\/\/rmvapesale.com\/wp-content\/uploads\/2024\/11\/Vapme-Crystal-Rechareable-Vape-Wholesale.jpg",800,800,false],"1536x1536":["https:\/\/rmvapesale.com\/wp-content\/uploads\/2024\/11\/Vapme-Crystal-Rechareable-Vape-Wholesale.jpg",800,800,false],"2048x2048":["https:\/\/rmvapesale.com\/wp-content\/uploads\/2024\/11\/Vapme-Crystal-Rechareable-Vape-Wholesale.jpg",800,800,false],"trp-custom-language-flag":["https:\/\/rmvapesale.com\/wp-content\/uploads\/2024\/11\/Vapme-Crystal-Rechareable-Vape-Wholesale.jpg",12,12,false],"woocommerce_thumbnail":["https:\/\/rmvapesale.com\/wp-content\/uploads\/2024\/11\/Vapme-Crystal-Rechareable-Vape-Wholesale-300x300.jpg",300,300,true],"woocommerce_single":["https:\/\/rmvapesale.com\/wp-content\/uploads\/2024\/11\/Vapme-Crystal-Rechareable-Vape-Wholesale-600x600.jpg",600,600,true],"woocommerce_gallery_thumbnail":["https:\/\/rmvapesale.com\/wp-content\/uploads\/2024\/11\/Vapme-Crystal-Rechareable-Vape-Wholesale-100x100.jpg",100,100,true],"wcpr-photo-reviews":["https:\/\/rmvapesale.com\/wp-content\/uploads\/2024\/11\/Vapme-Crystal-Rechareable-Vape-Wholesale.jpg",500,500,false]},"uagb_author_info":{"display_name":"AMY","author_link":"https:\/\/rmvapesale.com\/cs\/author\/"},"uagb_comment_info":0,"uagb_excerpt":"Vapme Crystal 7000 Puffs Rechargeable Disposable Vape Bulk Buy Price Puff 7000 Vapme Crystal Original Disposable Vape Best Flavor VAPME CRYSTAL 7000 Puffs 2% Nicotine Contact Amy For More Discount And Lower MOQ Vape WhatsApp: +86 17776015835","_links":{"self":[{"href":"https:\/\/rmvapesale.com\/cs\/wp-json\/wp\/v2\/product\/1942","targetHints":{"allow":["GET"]}}],"collection":[{"href":"https:\/\/rmvapesale.com\/cs\/wp-json\/wp\/v2\/product"}],"about":[{"href":"https:\/\/rmvapesale.com\/cs\/wp-json\/wp\/v2\/types\/product"}],"replies":[{"embeddable":true,"href":"https:\/\/rmvapesale.com\/cs\/wp-json\/wp\/v2\/comments?post=1942"}],"wp:featuredmedia":[{"embeddable":true,"href":"https:\/\/rmvapesale.com\/cs\/wp-json\/wp\/v2\/media\/2671"}],"wp:attachment":[{"href":"https:\/\/rmvapesale.com\/cs\/wp-json\/wp\/v2\/media?parent=1942"}],"wp:term":[{"taxonomy":"product_brand","embeddable":true,"href":"https:\/\/rmvapesale.com\/cs\/wp-json\/wp\/v2\/product_brand?post=1942"},{"taxonomy":"product_cat","embeddable":true,"href":"https:\/\/rmvapesale.com\/cs\/wp-json\/wp\/v2\/product_cat?post=1942"},{"taxonomy":"product_tag","embeddable":true,"href":"https:\/\/rmvapesale.com\/cs\/wp-json\/wp\/v2\/product_tag?post=1942"}],"curies":[{"name":"wp","href":"https:\/\/api.w.org\/{rel}","templated":true}]}}