{"id":1985,"date":"2024-09-12T07:42:12","date_gmt":"2024-09-12T07:42:12","guid":{"rendered":"https:\/\/rmvapesale.com\/?post_type=product&#038;p=1985"},"modified":"2025-01-20T03:52:04","modified_gmt":"2025-01-20T03:52:04","slug":"bang-vape-tornado-12000-puffs-disposable-pod-factory-price","status":"publish","type":"product","link":"https:\/\/rmvapesale.com\/cs\/product\/bang-vape-tornado-12000-puffs-disposable-pod-factory-price\/","title":{"rendered":"Bang Vape Tornado 12000 Puffs jednor\u00e1zov\u00fd pod tov\u00e1rn\u00ed cena"},"content":{"rendered":"<h1>Bang Vape Tornado 12000 Puffs jednor\u00e1zov\u00fd pod tov\u00e1rn\u00ed cena<\/h1>\n<p>Bang Vape Tornado 12000 Puffs je v\u00fdkonn\u00e1 a vysoce \u00fa\u010dinn\u00e1 jednor\u00e1zov\u00e1 e-cigareta. Obsahuje 20 ml e-liquidu se soln\u00fdm nikotinem o s\u00edle 0%, 2%, 3% a 5% a nab\u00edz\u00ed a\u017e 12 000 pot\u00e1hnut\u00ed. Za\u0159\u00edzen\u00ed m\u00e1 ve spodn\u00ed \u010d\u00e1sti nab\u00edjec\u00ed port, co\u017e zaji\u0161\u0165uje, \u017ee m\u016f\u017eete vyu\u017e\u00edt ka\u017edou kapku liquidu. Bang Tornado 12000 je vybavena technologi\u00ed mesh c\u00edvky, kter\u00e1 v\u00fdrazn\u011b zlep\u0161uje chu\u0165 a v\u00fdkon. Nav\u00edc je k dispozici \u0161irok\u00e1 \u0161k\u00e1la p\u0159\u00edchut\u00ed, kter\u00e9 odpov\u00eddaj\u00ed va\u0161im preferenc\u00edm<\/p>\n<p>Celkov\u011b Bang Tornado 12000 Puffs poskytuje pohodln\u00fd a trvanliv\u00fd z\u00e1\u017eitek z vapov\u00e1n\u00ed, ide\u00e1ln\u00ed pro pou\u017eit\u00ed na cest\u00e1ch i pro del\u0161\u00ed sezen\u00ed.<\/p>\n<p><strong>Kontaktujte Amy pro spr\u00e1vnou odpov\u011b\u010f a v\u011bt\u0161\u00ed slevu!<\/strong><\/p>\n<p><img loading=\"lazy\" decoding=\"async\" class=\"size-medium wp-image-1814\" src=\"https:\/\/rmvapesale.com\/wp-content\/uploads\/2024\/04\/whatsapp-amy-229x300.jpg\" alt=\"whatsapp amy\" width=\"229\" height=\"300\" srcset=\"https:\/\/rmvapesale.com\/wp-content\/uploads\/2024\/04\/whatsapp-amy-229x300.jpg 229w, https:\/\/rmvapesale.com\/wp-content\/uploads\/2024\/04\/whatsapp-amy-783x1024.jpg 783w, https:\/\/rmvapesale.com\/wp-content\/uploads\/2024\/04\/whatsapp-amy-768x1005.jpg 768w, https:\/\/rmvapesale.com\/wp-content\/uploads\/2024\/04\/whatsapp-amy-600x785.jpg 600w, https:\/\/rmvapesale.com\/wp-content\/uploads\/2024\/04\/whatsapp-amy.jpg 990w\" sizes=\"auto, (max-width: 229px) 100vw, 229px\" \/><\/p>\n<h3><span style=\"color: #ff0000\"><strong>WhatsApp: +86 17776015835<\/strong><\/span><\/h3>\n<p>&nbsp;<\/p>\n<h2><strong>Bang Vape Tornado 12000 Puffs kl\u00ed\u010dov\u00e9 vlastnosti<\/strong><\/h2>\n<p>Nikotin: 0% 2% 3% 5%<br \/>\nPot\u00e1hnut\u00ed: 12000<br \/>\nKapacita: 20ml<br \/>\nK dispozici 16 p\u0159\u00edchut\u00ed<br \/>\n650mah Dob\u00edjec\u00ed<br \/>\nMesh Coil<\/p>\n<h2><strong>Jak\u00e1 je nejlep\u0161\u00ed p\u0159\u00edchu\u0165 pro Bang Tornado 12k Puffs<\/strong><strong>?<\/strong><\/h2>\n<p>Tato jednor\u00e1zov\u00e1 e-cigareta Bang Vape Tornado 12000 Puffs nab\u00edz\u00ed celkem v\u00edce ne\u017e 20 dostupn\u00fdch p\u0159\u00edchut\u00ed, z nich\u017e si m\u016f\u017eete vybrat, n\u011bco pro v\u00e1s bude nejlep\u0161\u00ed.<\/p>\n<p>1.Malina Meloun<br \/>\n2.Jahoda Meloun<br \/>\n3.Jahodov\u00e1 \u0161\u0165\u00e1va<br \/>\n4.\u010cern\u00fd dra\u010d\u00ed led<br \/>\n5.Broskvov\u00fd led<br \/>\n6.Bor\u016fvka T\u0159e\u0161e\u0148 Brusinka<br \/>\n7. Sm\u00ed\u0161en\u00e9 ovoce<br \/>\n8.T\u0159e\u0161e\u0148 Broskev Limon\u00e1da<br \/>\n9.Jahoda Mango<br \/>\n10.Jahoda Malinov\u00fd led<br \/>\n11.Americano<br \/>\n12.Kiwi, Mu\u010denka a Guava<br \/>\n13.Jahoda kiwi<br \/>\n14.Ledov\u00e1 Modr\u00e1 Malina<br \/>\n15.Kysel\u00e9 jablko a Malina<br \/>\n16.Melounov\u00e1 \u017dv\u00fdka\u010dka<br \/>\n17.Jahodov\u00e1 Zmrzlina<br \/>\n18.Jahodov\u00fd Meloun<br \/>\n19.Ledov\u00fd Meloun<br \/>\n20.Ledov\u00e1 Bor\u016fvka<br \/>\n21.Broskev, Mango a Meloun<br \/>\n22.Kr\u00e1lovsk\u00e9 Hrozny<\/p>\n<h2><strong>Ot\u00e1zky, kter\u00e9 byste mohli m\u00edt ohledn\u011b Bang Tornado 12000<\/strong><\/h2>\n<p>&nbsp;<\/p>\n<p><strong>1. Kolik potah\u016f mohu o\u010dek\u00e1vat od Bang Tornado 12000?<\/strong><\/p>\n<p>Bang King Tornado 12000 Puffs se py\u0161n\u00ed p\u016fsobiv\u00fdm po\u010dtem 20000 potah\u016f (v testovac\u00edm prost\u0159ed\u00ed), co\u017e zaji\u0161\u0165uje prodlou\u017een\u00e9 pou\u017eit\u00ed a dlouhodobou spokojenost.<\/p>\n<p><strong>2. Jakou s\u00edlu nikotinu nab\u00edz\u00ed Bang Tornado 12000 Puffs?<\/strong><\/p>\n<p>Bang Bang Tornado 12000 Puffs je dod\u00e1v\u00e1n s p\u0159edpln\u011bnou e-liquidem s obsahem nikotinu 0%, 2%, 3%, 5%, co\u017e nab\u00edz\u00ed vyv\u00e1\u017een\u00fd z\u00e1\u017eitek z vapov\u00e1n\u00ed.<\/p>\n<p><strong>3. Jak technologie Mesh Coil vylep\u0161uje z\u00e1\u017eitek z vapov\u00e1n\u00ed?<\/strong><\/p>\n<p>Technologie Mesh Coil integrovan\u00e1 v Bang Tornado 12000 Puffs s n\u00edzk\u00fdm odporem 1,2 ohmu. Tento design maximalizuje povrch topn\u00e9 plochy, co\u017e m\u00e1 za n\u00e1sledek hlad\u0161\u00ed tah a zv\u00fd\u0161enou produkci p\u00e1ry. Technologie zaru\u010duje rovnom\u011brn\u00e9 a konzistentn\u00ed zah\u0159\u00edv\u00e1n\u00ed e-liquidu, co\u017e poskytuje vynikaj\u00edc\u00ed chu\u0165ov\u00fd z\u00e1\u017eitek.<\/p>\n<p><strong>4. Pro\u010d si vybrat Bang Tornado 12000 Puffs?<\/strong><\/p>\n<p>Vychutnejte si lahodn\u00e9 obl\u00e1\u010dky s ka\u017ed\u00fdm potahem. Bang Tornado 12000 je vytvo\u0159en tak, aby vylep\u0161il v\u00e1\u0161 z\u00e1\u017eitek z vapov\u00e1n\u00ed a dodal uspokojen\u00ed s ka\u017ed\u00fdm vdechnut\u00edm.<\/p>\n<h3><strong>5. Kde mohu zakoupit origin\u00e1ln\u00ed Bang Tornado 12000 Puffs?<\/strong><\/h3>\n<p>Bang Tornado 12000 Puffs Genuine je k dispozici k zakoupen\u00ed u autorizovan\u00fdch distributor\u016f. Pro velkoobchodn\u00ed dotazy mohou distributo\u0159i <a href=\"https:\/\/wa.me\/8617776015835\" target=\"_blank\" rel=\"noopener\">kontaktujte N\u00c1S<\/a> p\u0159\u00edmo. Maloobchodn\u00ed z\u00e1kazn\u00edci mohou produkt naj\u00edt u vybran\u00fdch prodejc\u016f nebo v online obchodech. V\u0161echny produkty v na\u0161em obchod\u011b jsou 100% origin\u00e1ln\u00ed a autentick\u00e9, tak\u017ee desetin\u00e1sobn\u00e1 kompenzace za fale\u0161n\u00e9 zbo\u017e\u00ed je politika na\u0161eho obchodu.<\/p>\n<p>&nbsp;<\/p>\n<p><strong>Podrobnosti o doprav\u011b:<\/strong><\/p>\n<div class=\"flex-shrink-0 flex flex-col relative items-end\">\n<div>\n<div class=\"pt-0\">\n<div class=\"gizmo-bot-avatar flex h-8 w-8 items-center justify-center overflow-hidden rounded-full\">\n<div class=\"relative p-1 rounded-sm flex items-center justify-center bg-token-main-surface-primary text-token-text-primary h-8 w-8\"><strong>Jak\u00e9 zp\u016fsoby dopravy se pou\u017e\u00edvaj\u00ed?<\/strong><\/div>\n<\/div>\n<\/div>\n<\/div>\n<\/div>\n<div class=\"group\/conversation-turn relative flex w-full min-w-0 flex-col agent-turn\">\n<div class=\"flex-col gap-1 md:gap-3\">\n<div class=\"flex max-w-full flex-col flex-grow\">\n<div class=\"min-h-[20px] text-message flex w-full flex-col items-end gap-2 whitespace-normal break-words [.text-message+&amp;]:mt-5 overflow-x-auto\" dir=\"auto\" data-message-author-role=\"assistant\" data-message-id=\"22f8283b-3233-46ff-89a5-c7a41b33abda\">\n<div class=\"flex w-full flex-col gap-1 empty:hidden first:pt-[3px]\">\n<div class=\"markdown prose w-full break-words dark:prose-invert light\">\n<p>Spolupracujeme s UPS, DHL, FedEx, DPD a dal\u0161\u00edmi p\u0159edn\u00edmi p\u0159epravci. Vybereme nejlep\u0161\u00ed zp\u016fsob dopravy na z\u00e1klad\u011b va\u0161\u00ed doru\u010dovac\u00ed lokality, abychom zajistili, \u017ee sv\u00e9 produkty obdr\u017e\u00edte co nejrychleji.<\/p>\n<\/div>\n<p><strong>Jak dlouho trv\u00e1 doru\u010den\u00ed?<\/strong><\/p>\n<p>Bal\u00ed\u010dky odeslan\u00e9 do \u010cesk\u00e9 republiky obvykle doraz\u00ed do 10 pracovn\u00edch dn\u016f. P\u0159eprava do evropsk\u00fdch zem\u00ed obecn\u011b trv\u00e1 asi 12-15 pracovn\u00edch dn\u016f. O stavu va\u0161\u00ed z\u00e1silky v\u00e1s budeme pr\u016fb\u011b\u017en\u011b informovat.<\/p>\n<p>&nbsp;<\/p>\n<\/div>\n<\/div>\n<\/div>\n<\/div>\n<\/div>\n<p>Naj\u00edt v\u00edce produkt\u016f pro vaping, kter\u00e9 by se v\u00e1m mohly l\u00edbit:<em><a href=\"https:\/\/rmvapesale.com\/cs\/shop-2\/\">nakupovat nyn\u00ed\u00a0<\/a><\/em><\/p>\n<p>dal\u0161\u00ed \u017ehav\u00e9 prodeje vape, kter\u00e9 by se v\u00e1m mohly l\u00edbit:<\/p>\n<p><a href=\"https:\/\/rmvapesale.com\/cs\/product\/bang-30k-puffs-disposable-vape-double-taste-wholesale-italy\/\">Bang 30k Puffs<\/a><\/p>\n<p><a href=\"https:\/\/rmvapesale.com\/cs\/product\/bang-beach-22000-puffs-smart-screen-vapes-factory-price\/\">Bang Beach 22000 Puffs<\/a><\/p>\n<p><a href=\"https:\/\/rmvapesale.com\/cs\/product\/randm-tornado-15000-puffs-vape-wholesale\/\">RandM Tornado 15000 Puffs<\/a><\/p>\n<p><a href=\"https:\/\/rmvapesale.com\/cs\/product\/bang-20000-puffs-disposable-vape-wholesale-supplier\/\">Bang 20000 Puffs<\/a><\/p>","protected":false},"excerpt":{"rendered":"<p>Velkoobchod s jednor\u00e1zovou e-cigaretou Vape Bang Box Tornado Bang 12000 Puffs Nejlep\u0161\u00ed p\u0159\u00edchu\u0165<\/p>\n<p>BANG Tornado 12000 Puffs Jednor\u00e1zov\u00e1 e-cigareta velkoobchodn\u00ed cena<\/p>\n<p>Bang Tornado 12000 Puffs 0% 2% 3% 5% nikotinu skladem<\/p>\n<p><strong>Kontaktujte Amy pro v\u011bt\u0161\u00ed slevu a ni\u017e\u0161\u00ed MOQ Vape<\/strong><\/p>\n<p><img loading=\"lazy\" decoding=\"async\" class=\"size-medium wp-image-1814\" src=\"https:\/\/rmvapesale.com\/wp-content\/uploads\/2024\/04\/whatsapp-amy-229x300.jpg\" alt=\"whatsapp amy\" width=\"229\" height=\"300\" srcset=\"https:\/\/rmvapesale.com\/wp-content\/uploads\/2024\/04\/whatsapp-amy-229x300.jpg 229w, https:\/\/rmvapesale.com\/wp-content\/uploads\/2024\/04\/whatsapp-amy-783x1024.jpg 783w, https:\/\/rmvapesale.com\/wp-content\/uploads\/2024\/04\/whatsapp-amy-768x1005.jpg 768w, https:\/\/rmvapesale.com\/wp-content\/uploads\/2024\/04\/whatsapp-amy-600x785.jpg 600w, https:\/\/rmvapesale.com\/wp-content\/uploads\/2024\/04\/whatsapp-amy.jpg 990w\" sizes=\"auto, (max-width: 229px) 100vw, 229px\" \/><\/p>\n<h3><span style=\"color: #ff0000\"><strong>WhatsApp: +86 17776015835<\/strong><\/span><\/h3>","protected":false},"featured_media":1981,"comment_status":"open","ping_status":"closed","template":"","meta":{"_uag_custom_page_level_css":"","_lmt_disableupdate":"no","_lmt_disable":"","site-sidebar-layout":"default","site-content-layout":"content-boxed-container","ast-site-content-layout":"normal-width-container","site-content-style":"boxed","site-sidebar-style":"unboxed","ast-global-header-display":"","ast-banner-title-visibility":"","ast-main-header-display":"","ast-hfb-above-header-display":"","ast-hfb-below-header-display":"","ast-hfb-mobile-header-display":"","site-post-title":"","ast-breadcrumbs-content":"","ast-featured-img":"","footer-sml-layout":"","theme-transparent-header-meta":"default","adv-header-id-meta":"","stick-header-meta":"","header-above-stick-meta":"","header-main-stick-meta":"","header-below-stick-meta":"","astra-migrate-meta-layouts":"set","ast-page-background-enabled":"default","ast-page-background-meta":{"desktop":{"background-color":"var(--ast-global-color-4)","background-image":"","background-repeat":"repeat","background-position":"center center","background-size":"auto","background-attachment":"scroll","background-type":"","background-media":"","overlay-type":"","overlay-color":"","overlay-opacity":"","overlay-gradient":""},"tablet":{"background-color":"","background-image":"","background-repeat":"repeat","background-position":"center center","background-size":"auto","background-attachment":"scroll","background-type":"","background-media":"","overlay-type":"","overlay-color":"","overlay-opacity":"","overlay-gradient":""},"mobile":{"background-color":"","background-image":"","background-repeat":"repeat","background-position":"center center","background-size":"auto","background-attachment":"scroll","background-type":"","background-media":"","overlay-type":"","overlay-color":"","overlay-opacity":"","overlay-gradient":""}},"ast-content-background-meta":{"desktop":{"background-color":"var(--ast-global-color-5)","background-image":"","background-repeat":"repeat","background-position":"center center","background-size":"auto","background-attachment":"scroll","background-type":"","background-media":"","overlay-type":"","overlay-color":"","overlay-opacity":"","overlay-gradient":""},"tablet":{"background-color":"var(--ast-global-color-5)","background-image":"","background-repeat":"repeat","background-position":"center center","background-size":"auto","background-attachment":"scroll","background-type":"","background-media":"","overlay-type":"","overlay-color":"","overlay-opacity":"","overlay-gradient":""},"mobile":{"background-color":"var(--ast-global-color-5)","background-image":"","background-repeat":"repeat","background-position":"center center","background-size":"auto","background-attachment":"scroll","background-type":"","background-media":"","overlay-type":"","overlay-color":"","overlay-opacity":"","overlay-gradient":""}},"_joinchat":[]},"product_brand":[],"product_cat":[60,293,295,297,273,279,254,25,123,26,28,135,27,137,136,15,30],"product_tag":[63,56,57,58,40,41,37],"class_list":{"0":"post-1985","1":"product","2":"type-product","3":"status-publish","4":"has-post-thumbnail","6":"product_cat-bang-vapes","7":"product_cat-low-nicotine-disposable-vapes","8":"product_cat-rechargeable-disposable-vapes","9":"product_cat-tornado-disposable-vapes","10":"product_cat-bang-box-vape","11":"product_cat-bang-king-vape","12":"product_cat-12000-puff-disposable-vape","13":"product_cat-germany-best-selling-vape","14":"product_cat-italy-wholesale-vape","15":"product_cat-netherlands-hot-sale-vape","16":"product_cat-poland-hot-sale-vape","17":"product_cat-spain-best-hot-sale-vape","18":"product_cat-fance-hot-sale-vape","19":"product_cat-rechargeable-vapes","20":"product_cat-smart-screen-vapes","21":"product_cat-new-vape-this-week","22":"product_cat-minimum-order-quantity-50pcs","23":"product_tag-bang-vapes","24":"product_tag-disposable-vape-wholesale-near-me","25":"product_tag-disposable-vape-wholesale-supplier","26":"product_tag-electric-cigarettes","27":"product_tag-hot-sale-vape","28":"product_tag-original-factory-vape","29":"product_tag-wholesale-vape-price","30":"desktop-align-left","31":"tablet-align-left","32":"mobile-align-left","34":"first","35":"instock","36":"sale","37":"shipping-taxable","38":"purchasable","39":"product-type-simple"},"uagb_featured_image_src":{"full":["https:\/\/rmvapesale.com\/wp-content\/uploads\/2024\/09\/Bang-Tornado-12000-Puffs-Disposable-Vape.jpg",800,800,false],"thumbnail":["https:\/\/rmvapesale.com\/wp-content\/uploads\/2024\/09\/Bang-Tornado-12000-Puffs-Disposable-Vape-150x150.jpg",150,150,true],"medium":["https:\/\/rmvapesale.com\/wp-content\/uploads\/2024\/09\/Bang-Tornado-12000-Puffs-Disposable-Vape-300x300.jpg",300,300,true],"medium_large":["https:\/\/rmvapesale.com\/wp-content\/uploads\/2024\/09\/Bang-Tornado-12000-Puffs-Disposable-Vape-768x768.jpg",768,768,true],"large":["https:\/\/rmvapesale.com\/wp-content\/uploads\/2024\/09\/Bang-Tornado-12000-Puffs-Disposable-Vape.jpg",800,800,false],"1536x1536":["https:\/\/rmvapesale.com\/wp-content\/uploads\/2024\/09\/Bang-Tornado-12000-Puffs-Disposable-Vape.jpg",800,800,false],"2048x2048":["https:\/\/rmvapesale.com\/wp-content\/uploads\/2024\/09\/Bang-Tornado-12000-Puffs-Disposable-Vape.jpg",800,800,false],"trp-custom-language-flag":["https:\/\/rmvapesale.com\/wp-content\/uploads\/2024\/09\/Bang-Tornado-12000-Puffs-Disposable-Vape.jpg",12,12,false],"woocommerce_thumbnail":["https:\/\/rmvapesale.com\/wp-content\/uploads\/2024\/09\/Bang-Tornado-12000-Puffs-Disposable-Vape-300x300.jpg",300,300,true],"woocommerce_single":["https:\/\/rmvapesale.com\/wp-content\/uploads\/2024\/09\/Bang-Tornado-12000-Puffs-Disposable-Vape-600x600.jpg",600,600,true],"woocommerce_gallery_thumbnail":["https:\/\/rmvapesale.com\/wp-content\/uploads\/2024\/09\/Bang-Tornado-12000-Puffs-Disposable-Vape-100x100.jpg",100,100,true],"wcpr-photo-reviews":["https:\/\/rmvapesale.com\/wp-content\/uploads\/2024\/09\/Bang-Tornado-12000-Puffs-Disposable-Vape.jpg",500,500,false]},"uagb_author_info":{"display_name":"AMY","author_link":"https:\/\/rmvapesale.com\/cs\/author\/"},"uagb_comment_info":0,"uagb_excerpt":"Vape Bang Box Tornado Wholesale Bang 12000 Puffs Best Flavor BANG Tornado 12000 Puffs Disposable Vape Pod Wholesale Price Bang tornado 12000 Puffs 0% 2% 3% 5% Nicotine in stock Contact Amy For More Discount And Lower MOQ Vape WhatsApp: +86 17776015835","_links":{"self":[{"href":"https:\/\/rmvapesale.com\/cs\/wp-json\/wp\/v2\/product\/1985","targetHints":{"allow":["GET"]}}],"collection":[{"href":"https:\/\/rmvapesale.com\/cs\/wp-json\/wp\/v2\/product"}],"about":[{"href":"https:\/\/rmvapesale.com\/cs\/wp-json\/wp\/v2\/types\/product"}],"replies":[{"embeddable":true,"href":"https:\/\/rmvapesale.com\/cs\/wp-json\/wp\/v2\/comments?post=1985"}],"wp:featuredmedia":[{"embeddable":true,"href":"https:\/\/rmvapesale.com\/cs\/wp-json\/wp\/v2\/media\/1981"}],"wp:attachment":[{"href":"https:\/\/rmvapesale.com\/cs\/wp-json\/wp\/v2\/media?parent=1985"}],"wp:term":[{"taxonomy":"product_brand","embeddable":true,"href":"https:\/\/rmvapesale.com\/cs\/wp-json\/wp\/v2\/product_brand?post=1985"},{"taxonomy":"product_cat","embeddable":true,"href":"https:\/\/rmvapesale.com\/cs\/wp-json\/wp\/v2\/product_cat?post=1985"},{"taxonomy":"product_tag","embeddable":true,"href":"https:\/\/rmvapesale.com\/cs\/wp-json\/wp\/v2\/product_tag?post=1985"}],"curies":[{"name":"wp","href":"https:\/\/api.w.org\/{rel}","templated":true}]}}