{"id":1994,"date":"2024-09-13T03:39:06","date_gmt":"2024-09-13T03:39:06","guid":{"rendered":"https:\/\/rmvapesale.com\/?post_type=product&#038;p=1994"},"modified":"2025-01-20T03:52:56","modified_gmt":"2025-01-20T03:52:56","slug":"bang-digital-box-15000-puffs-original-factory-wholesale","status":"publish","type":"product","link":"https:\/\/rmvapesale.com\/cs\/product\/bang-digital-box-15000-puffs-original-factory-wholesale\/","title":{"rendered":"Bang Digital Box 15000 pot\u00e1hnut\u00ed Origin\u00e1ln\u00ed tov\u00e1rn\u00ed velkoobchod"},"content":{"rendered":"<h1>Bang Digital Box 15000 pot\u00e1hnut\u00ed Origin\u00e1ln\u00ed tov\u00e1rn\u00ed velkoobchod<\/h1>\n<p>P\u0159edstavujeme Bang Digital Box 15000 Puffs, nejmodern\u011bj\u0161\u00ed jednor\u00e1zov\u00fd vape, kter\u00fd hladce kombinuje styl, funk\u010dnost a v\u00fdjime\u010dnou \u017eivotnost. Toto za\u0159\u00edzen\u00ed, vyroben\u00e9 z elegantn\u00ed slitiny hlin\u00edku a t\u011bla z PETG, poskytuje p\u016fsobivou odolnost i sou\u010dasn\u00fd vzhled.<\/p>\n<p>D\u00edky \u0161irok\u00e9 \u0161k\u00e1le dostupn\u00fdch p\u0159\u00edchut\u00ed a sil nikotinu je Bang Digital 15000 Puffs v\u0161estrannou volbou pro dosp\u011bl\u00e9 vapery. Navr\u017eeno pro pohodl\u00ed, bez n\u00e1mahy se hod\u00ed do va\u0161eho \u017eivotn\u00edho stylu a nab\u00edz\u00ed spolehliv\u00fd, chutn\u00fd a u\u017eivatelsky p\u0159\u00edv\u011btiv\u00fd z\u00e1\u017eitek z vapingu.<\/p>\n<p>Pro\u010d neobjevit vrchol jednor\u00e1zov\u00e9ho vapingu s Bang Digital 15000 Puffs pr\u00e1v\u011b te\u010f?<\/p>\n<p><strong>Kontaktujte Amy a z\u00edskejte spr\u00e1vnou odpov\u011b\u010f a dal\u0161\u00ed produktov\u00e1 videa!<\/strong><\/p>\n<p><img loading=\"lazy\" decoding=\"async\" class=\"size-medium wp-image-1814\" src=\"https:\/\/rmvapesale.com\/wp-content\/uploads\/2024\/04\/whatsapp-amy-229x300.jpg\" alt=\"whatsapp amy\" width=\"229\" height=\"300\" srcset=\"https:\/\/rmvapesale.com\/wp-content\/uploads\/2024\/04\/whatsapp-amy-229x300.jpg 229w, https:\/\/rmvapesale.com\/wp-content\/uploads\/2024\/04\/whatsapp-amy-783x1024.jpg 783w, https:\/\/rmvapesale.com\/wp-content\/uploads\/2024\/04\/whatsapp-amy-768x1005.jpg 768w, https:\/\/rmvapesale.com\/wp-content\/uploads\/2024\/04\/whatsapp-amy-600x785.jpg 600w, https:\/\/rmvapesale.com\/wp-content\/uploads\/2024\/04\/whatsapp-amy.jpg 990w\" sizes=\"auto, (max-width: 229px) 100vw, 229px\" \/><\/p>\n<h3><span style=\"color: #ff0000\"><strong>WhatsApp: +86 17776015835<\/strong><\/span><\/h3>\n<p>&nbsp;<\/p>\n<h2><strong>Bang Digital 15000 Puffs Kl\u00ed\u010dov\u00e9 vlastnosti<\/strong><\/h2>\n<p>Nikotin: 0% 2% 3% 5%<br \/>\nPotahy: 15000<br \/>\nKapacita: 23ml<br \/>\nDostupn\u00fdch 12 p\u0159\u00edchut\u00ed<br \/>\n500mAh dob\u00edjec\u00ed<br \/>\nMesh Coil<\/p>\n<h2><strong>Nejlep\u0161\u00ed p\u0159\u00edchut\u011b pro Bang Digital 15000<\/strong><\/h2>\n<p>Tento Bang Digital Box 15000 Puffs jednor\u00e1zov\u00fd pod se m\u016f\u017ee pochlubit 12 odborn\u011b vytvo\u0159en\u00fdmi p\u0159\u00edchut\u011bmi, z nich\u017e ka\u017ed\u00e1 je navr\u017eena tak, aby nab\u00eddla v\u00fdrazn\u00fd a uspokojiv\u00fd chu\u0165ov\u00fd z\u00e1\u017eitek, je tu pro v\u00e1s n\u011bco nejlep\u0161\u00edho.<\/p>\n<p>1. Modr\u00e1 mrazivost<br \/>\n2. Bobulov\u00fd n\u00e1raz &gt;&gt; \u017dhav\u00e9!<br \/>\n3. Modr\u00fd t\u0159e\u0161\u0148ov\u00fd citron<br \/>\n4. Broskvov\u00e1 mrazivost<br \/>\n5. Hroznov\u00e1 mrazivost<br \/>\n6. Broskvov\u00e1 bobule<br \/>\n7. Kysel\u00e1 jable\u010dn\u00e1 malina<br \/>\n8. Trojit\u00e9 ovoce<br \/>\n9.Vodn\u00ed meloun led &gt;&gt;\u017dhav\u00e9!<br \/>\n10.Jahodov\u00fd meloun &gt;&gt;Nejlep\u0161\u00ed!<br \/>\n11.Chladiv\u00e1 m\u00e1ta<br \/>\n12.Jahodov\u00e9 li\u010di &gt;&gt;\u017dhav\u00e9!<\/p>\n<h2><strong>Ot\u00e1zky, kter\u00e9 byste mohli zn\u00e1t o Bang Digital 15000 Puffs<\/strong><\/h2>\n<p>&nbsp;<\/p>\n<p><strong>1. Jak pou\u017e\u00edvat Bang Digital 15000 Puffs, pokud jsem ve vapingu nov\u00fd?<\/strong><br \/>\nBang Digital 15000 Puffs je navr\u017een pro snadn\u00e9 pou\u017eit\u00ed. Jednodu\u0161e rozbalte za\u0159\u00edzen\u00ed a za\u010dn\u011bte potahovat, abyste si vychutnali vybranou p\u0159\u00edchu\u0165. Nejsou vy\u017eadov\u00e1na \u017e\u00e1dn\u00e1 slo\u017eit\u00e1 nastaven\u00ed ani \u00fadr\u017eba, co\u017e z n\u011bj \u010din\u00ed perfektn\u00ed volbu pro za\u010d\u00e1te\u010dn\u00edky.<\/p>\n<p><strong>2. Je Bang Digital 15000 Puffs \u0161etrn\u00fd k \u017eivotn\u00edmu prost\u0159ed\u00ed?<\/strong><br \/>\nAno, Vapes \u010cesk\u00e1 republika se zavazuje k udr\u017eitelnosti. Zat\u00edmco Bang Digital 15000 Puffs je jednor\u00e1zov\u00e9 za\u0159\u00edzen\u00ed, podporujeme odpov\u011bdnou likvidaci. Pou\u017e\u00edvejte pros\u00edm ur\u010den\u00e1 recykla\u010dn\u00ed za\u0159\u00edzen\u00ed pro e-odpad, abyste minimalizovali dopad na \u017eivotn\u00ed prost\u0159ed\u00ed a zajistili spr\u00e1vn\u00e9 zach\u00e1zen\u00ed s komponenty za\u0159\u00edzen\u00ed.<\/p>\n<p><strong>3. Jak bezpe\u010dn\u011b zlikvidovat Bang Digital 15000 Puffs?<\/strong><br \/>\nPro likvidaci Bang Digital 15000 Puffs se nejprve ujist\u011bte, \u017ee je zcela vy\u010derp\u00e1n. Pot\u00e9 se \u0159i\u010fte m\u00edstn\u00edmi p\u0159edpisy pro likvidaci e-odpadu nebo recykla\u010dn\u00edmi centry. Mnoho komunit nab\u00edz\u00ed specifick\u00e1 sb\u011brn\u00e1 m\u00edsta pro elektronick\u00e1 za\u0159\u00edzen\u00ed, aby se zajistila spr\u00e1vn\u00e1 likvidace a sn\u00ed\u017eil se dopad na \u017eivotn\u00ed prost\u0159ed\u00ed.<\/p>\n<p><strong>4. Je Bang Digital Box 15000 bezpe\u010dn\u00fd pro pou\u017eit\u00ed a likvidaci?<\/strong><br \/>\nRozhodn\u011b. Bang Digital Box 15000 je navr\u017een s ohledem na bezpe\u010dnost a dodr\u017euje pr\u016fmyslov\u00e9 standardy. Jeho jednor\u00e1zov\u00e1 povaha eliminuje obavy z \u00fadr\u017eby a p\u0159i odpov\u011bdn\u00e9 likvidaci m\u00e1 minim\u00e1ln\u00ed dopad na \u017eivotn\u00ed prost\u0159ed\u00ed. V\u017edy dodr\u017eujte bezpe\u010dnostn\u00ed pokyny a v p\u0159\u00edpad\u011b jak\u00fdchkoli konkr\u00e9tn\u00edch dotaz\u016f nev\u00e1hejte kontaktovat n\u00e1\u0161 t\u00fdm z\u00e1kaznick\u00e9 podpory.<\/p>\n<p>&nbsp;<\/p>\n<h3><b>\u010casto kladen\u00e9 ot\u00e1zky<\/b><\/h3>\n<div class=\"flex-shrink-0 flex flex-col relative items-end\">\n<div>\n<div class=\"pt-0\">\n<div class=\"gizmo-bot-avatar flex h-8 w-8 items-center justify-center overflow-hidden rounded-full\">\n<div class=\"relative p-1 rounded-sm flex items-center justify-center bg-token-main-surface-primary text-token-text-primary h-8 w-8\"><strong>Jak\u00e9 zp\u016fsoby dopravy se pou\u017e\u00edvaj\u00ed?<\/strong><\/div>\n<\/div>\n<\/div>\n<\/div>\n<\/div>\n<div class=\"group\/conversation-turn relative flex w-full min-w-0 flex-col agent-turn\">\n<div class=\"flex-col gap-1 md:gap-3\">\n<div class=\"flex max-w-full flex-col flex-grow\">\n<div class=\"min-h-[20px] text-message flex w-full flex-col items-end gap-2 whitespace-normal break-words [.text-message+&amp;]:mt-5 overflow-x-auto\" dir=\"auto\" data-message-author-role=\"assistant\" data-message-id=\"22f8283b-3233-46ff-89a5-c7a41b33abda\">\n<div class=\"flex w-full flex-col gap-1 empty:hidden first:pt-[3px]\">\n<div class=\"markdown prose w-full break-words dark:prose-invert light\">\n<p>Spolupracujeme s UPS, DHL, FedEx, DPD a dal\u0161\u00edmi p\u0159edn\u00edmi p\u0159epravci. Vybereme nejlep\u0161\u00ed zp\u016fsob dopravy na z\u00e1klad\u011b va\u0161\u00ed doru\u010dovac\u00ed lokality, abychom zajistili, \u017ee sv\u00e9 produkty obdr\u017e\u00edte co nejrychleji.<\/p>\n<\/div>\n<p><strong>Jak dlouho trv\u00e1 doru\u010den\u00ed?<\/strong><\/p>\n<p>Bal\u00ed\u010dky odeslan\u00e9 do \u010cesk\u00e9 republiky obvykle doraz\u00ed do 10 pracovn\u00edch dn\u016f. P\u0159eprava do evropsk\u00fdch zem\u00ed obecn\u011b trv\u00e1 asi 12-15 pracovn\u00edch dn\u016f. O stavu va\u0161\u00ed z\u00e1silky v\u00e1s budeme pr\u016fb\u011b\u017en\u011b informovat.<\/p>\n<p>&nbsp;<\/p>\n<\/div>\n<\/div>\n<\/div>\n<\/div>\n<\/div>\n<p>Naj\u00edt v\u00edce produkt\u016f pro vaping, kter\u00e9 by se v\u00e1m mohly l\u00edbit:<em><a href=\"https:\/\/rmvapesale.com\/cs\/shop-2\/\">nakupovat nyn\u00ed\u00a0<\/a><\/em><\/p>\n<p>dal\u0161\u00ed \u017ehav\u00e9 prodeje vape, kter\u00e9 by se v\u00e1m mohly l\u00edbit:<\/p>\n<p><a href=\"https:\/\/rmvapesale.com\/cs\/product\/bang-30k-puffs-disposable-vape-double-taste-wholesale-italy\/\">Bang 30k Puffs<\/a><\/p>\n<p><a href=\"https:\/\/rmvapesale.com\/cs\/product\/bang-beach-22000-puffs-smart-screen-vapes-factory-price\/\">Bang Beach 22000 Puffs<\/a><\/p>\n<p><a href=\"https:\/\/rmvapesale.com\/cs\/product\/randm-tornado-15000-puffs-vape-wholesale\/\">RandM Tornado 15000 Puffs<\/a><\/p>\n<p><a href=\"https:\/\/rmvapesale.com\/cs\/product\/bang-20000-puffs-disposable-vape-wholesale-supplier\/\">Bang 20000 Puffs<\/a><\/p>","protected":false},"excerpt":{"rendered":"<p class=\"LC20lb MBeuO DKV0Md\">Bang Box Nab\u00edjec\u00ed jednor\u00e1zov\u00fd Vape 15000 Puffs<\/p>\n<p>Bang Digital Box 15000 Puffs P\u016fvodn\u00ed velkoobchodn\u00ed cena vape podu<\/p>\n<p>Bang Digital Puff 15k 15000 Puffs Jednor\u00e1zov\u00e9 e-cigarety 0 % 2 % 3 % 5 % Nikotin<\/p>\n<p><strong>Kontaktujte Amy pro v\u011bt\u0161\u00ed slevu a ni\u017e\u0161\u00ed MOQ Vape<\/strong><\/p>\n<p><img loading=\"lazy\" decoding=\"async\" class=\"size-medium wp-image-1814\" src=\"https:\/\/rmvapesale.com\/wp-content\/uploads\/2024\/04\/whatsapp-amy-229x300.jpg\" alt=\"whatsapp amy\" width=\"229\" height=\"300\" srcset=\"https:\/\/rmvapesale.com\/wp-content\/uploads\/2024\/04\/whatsapp-amy-229x300.jpg 229w, https:\/\/rmvapesale.com\/wp-content\/uploads\/2024\/04\/whatsapp-amy-783x1024.jpg 783w, https:\/\/rmvapesale.com\/wp-content\/uploads\/2024\/04\/whatsapp-amy-768x1005.jpg 768w, https:\/\/rmvapesale.com\/wp-content\/uploads\/2024\/04\/whatsapp-amy-600x785.jpg 600w, https:\/\/rmvapesale.com\/wp-content\/uploads\/2024\/04\/whatsapp-amy.jpg 990w\" sizes=\"auto, (max-width: 229px) 100vw, 229px\" \/><\/p>\n<h3><span style=\"color: #ff0000\"><strong>WhatsApp: +86 17776015835<\/strong><\/span><\/h3>","protected":false},"featured_media":1993,"comment_status":"open","ping_status":"closed","template":"","meta":{"_uag_custom_page_level_css":"","_lmt_disableupdate":"no","_lmt_disable":"","site-sidebar-layout":"default","site-content-layout":"content-boxed-container","ast-site-content-layout":"normal-width-container","site-content-style":"boxed","site-sidebar-style":"unboxed","ast-global-header-display":"","ast-banner-title-visibility":"","ast-main-header-display":"","ast-hfb-above-header-display":"","ast-hfb-below-header-display":"","ast-hfb-mobile-header-display":"","site-post-title":"","ast-breadcrumbs-content":"","ast-featured-img":"","footer-sml-layout":"","ast-disable-related-posts":"","theme-transparent-header-meta":"default","adv-header-id-meta":"","stick-header-meta":"","header-above-stick-meta":"","header-main-stick-meta":"","header-below-stick-meta":"","astra-migrate-meta-layouts":"set","ast-page-background-enabled":"default","ast-page-background-meta":{"desktop":{"background-color":"var(--ast-global-color-4)","background-image":"","background-repeat":"repeat","background-position":"center center","background-size":"auto","background-attachment":"scroll","background-type":"","background-media":"","overlay-type":"","overlay-color":"","overlay-opacity":"","overlay-gradient":""},"tablet":{"background-color":"","background-image":"","background-repeat":"repeat","background-position":"center center","background-size":"auto","background-attachment":"scroll","background-type":"","background-media":"","overlay-type":"","overlay-color":"","overlay-opacity":"","overlay-gradient":""},"mobile":{"background-color":"","background-image":"","background-repeat":"repeat","background-position":"center center","background-size":"auto","background-attachment":"scroll","background-type":"","background-media":"","overlay-type":"","overlay-color":"","overlay-opacity":"","overlay-gradient":""}},"ast-content-background-meta":{"desktop":{"background-color":"var(--ast-global-color-5)","background-image":"","background-repeat":"repeat","background-position":"center center","background-size":"auto","background-attachment":"scroll","background-type":"","background-media":"","overlay-type":"","overlay-color":"","overlay-opacity":"","overlay-gradient":""},"tablet":{"background-color":"var(--ast-global-color-5)","background-image":"","background-repeat":"repeat","background-position":"center center","background-size":"auto","background-attachment":"scroll","background-type":"","background-media":"","overlay-type":"","overlay-color":"","overlay-opacity":"","overlay-gradient":""},"mobile":{"background-color":"var(--ast-global-color-5)","background-image":"","background-repeat":"repeat","background-position":"center center","background-size":"auto","background-attachment":"scroll","background-type":"","background-media":"","overlay-type":"","overlay-color":"","overlay-opacity":"","overlay-gradient":""}},"_joinchat":[]},"product_brand":[],"product_cat":[60,61,273,279,292,27,25,123,293,30,26,15,28,295,137,299,136,135],"product_tag":[63,56,57,58,40,41,37],"class_list":{"0":"post-1994","1":"product","2":"type-product","3":"status-publish","4":"has-post-thumbnail","6":"product_cat-bang-vapes","7":"product_cat-15000-puffs-disposable-vapes","8":"product_cat-bang-box-vape","9":"product_cat-bang-king-vape","10":"product_cat-digital-disposable-vapes","11":"product_cat-fance-hot-sale-vape","12":"product_cat-germany-best-selling-vape","13":"product_cat-italy-wholesale-vape","14":"product_cat-low-nicotine-disposable-vapes","15":"product_cat-minimum-order-quantity-50pcs","16":"product_cat-netherlands-hot-sale-vape","17":"product_cat-new-vape-this-week","18":"product_cat-poland-hot-sale-vape","19":"product_cat-rechargeable-disposable-vapes","20":"product_cat-rechargeable-vapes","21":"product_cat-smart-screen-disposable-vapes","22":"product_cat-smart-screen-vapes","23":"product_cat-spain-best-hot-sale-vape","24":"product_tag-bang-vapes","25":"product_tag-disposable-vape-wholesale-near-me","26":"product_tag-disposable-vape-wholesale-supplier","27":"product_tag-electric-cigarettes","28":"product_tag-hot-sale-vape","29":"product_tag-original-factory-vape","30":"product_tag-wholesale-vape-price","31":"desktop-align-left","32":"tablet-align-left","33":"mobile-align-left","35":"first","36":"instock","37":"sale","38":"shipping-taxable","39":"purchasable","40":"product-type-simple"},"uagb_featured_image_src":{"full":["https:\/\/rmvapesale.com\/wp-content\/uploads\/2024\/09\/Bang-Digital-Puff15000-Puffs-Disposable-E-Cigarettes.jpg",800,800,false],"thumbnail":["https:\/\/rmvapesale.com\/wp-content\/uploads\/2024\/09\/Bang-Digital-Puff15000-Puffs-Disposable-E-Cigarettes-150x150.jpg",150,150,true],"medium":["https:\/\/rmvapesale.com\/wp-content\/uploads\/2024\/09\/Bang-Digital-Puff15000-Puffs-Disposable-E-Cigarettes-300x300.jpg",300,300,true],"medium_large":["https:\/\/rmvapesale.com\/wp-content\/uploads\/2024\/09\/Bang-Digital-Puff15000-Puffs-Disposable-E-Cigarettes-768x768.jpg",768,768,true],"large":["https:\/\/rmvapesale.com\/wp-content\/uploads\/2024\/09\/Bang-Digital-Puff15000-Puffs-Disposable-E-Cigarettes.jpg",800,800,false],"1536x1536":["https:\/\/rmvapesale.com\/wp-content\/uploads\/2024\/09\/Bang-Digital-Puff15000-Puffs-Disposable-E-Cigarettes.jpg",800,800,false],"2048x2048":["https:\/\/rmvapesale.com\/wp-content\/uploads\/2024\/09\/Bang-Digital-Puff15000-Puffs-Disposable-E-Cigarettes.jpg",800,800,false],"trp-custom-language-flag":["https:\/\/rmvapesale.com\/wp-content\/uploads\/2024\/09\/Bang-Digital-Puff15000-Puffs-Disposable-E-Cigarettes.jpg",12,12,false],"woocommerce_thumbnail":["https:\/\/rmvapesale.com\/wp-content\/uploads\/2024\/09\/Bang-Digital-Puff15000-Puffs-Disposable-E-Cigarettes-300x300.jpg",300,300,true],"woocommerce_single":["https:\/\/rmvapesale.com\/wp-content\/uploads\/2024\/09\/Bang-Digital-Puff15000-Puffs-Disposable-E-Cigarettes-600x600.jpg",600,600,true],"woocommerce_gallery_thumbnail":["https:\/\/rmvapesale.com\/wp-content\/uploads\/2024\/09\/Bang-Digital-Puff15000-Puffs-Disposable-E-Cigarettes-100x100.jpg",100,100,true],"wcpr-photo-reviews":["https:\/\/rmvapesale.com\/wp-content\/uploads\/2024\/09\/Bang-Digital-Puff15000-Puffs-Disposable-E-Cigarettes.jpg",500,500,false]},"uagb_author_info":{"display_name":"AMY","author_link":"https:\/\/rmvapesale.com\/cs\/author\/"},"uagb_comment_info":0,"uagb_excerpt":"Bang Box\u00a0 Recharge Disposable Vape 15000 Puffs Bang Digital Box 15000 Puffs Original Vape Pod Wholesale Price Bang Digital Puff 15k 15000 Puffs Disposable E Cigarettes\u00a0 0% 2% 3% 5% Nicotine Contact Amy For More Discount And Lower MOQ Vape WhatsApp: +86 17776015835","_links":{"self":[{"href":"https:\/\/rmvapesale.com\/cs\/wp-json\/wp\/v2\/product\/1994","targetHints":{"allow":["GET"]}}],"collection":[{"href":"https:\/\/rmvapesale.com\/cs\/wp-json\/wp\/v2\/product"}],"about":[{"href":"https:\/\/rmvapesale.com\/cs\/wp-json\/wp\/v2\/types\/product"}],"replies":[{"embeddable":true,"href":"https:\/\/rmvapesale.com\/cs\/wp-json\/wp\/v2\/comments?post=1994"}],"wp:featuredmedia":[{"embeddable":true,"href":"https:\/\/rmvapesale.com\/cs\/wp-json\/wp\/v2\/media\/1993"}],"wp:attachment":[{"href":"https:\/\/rmvapesale.com\/cs\/wp-json\/wp\/v2\/media?parent=1994"}],"wp:term":[{"taxonomy":"product_brand","embeddable":true,"href":"https:\/\/rmvapesale.com\/cs\/wp-json\/wp\/v2\/product_brand?post=1994"},{"taxonomy":"product_cat","embeddable":true,"href":"https:\/\/rmvapesale.com\/cs\/wp-json\/wp\/v2\/product_cat?post=1994"},{"taxonomy":"product_tag","embeddable":true,"href":"https:\/\/rmvapesale.com\/cs\/wp-json\/wp\/v2\/product_tag?post=1994"}],"curies":[{"name":"wp","href":"https:\/\/api.w.org\/{rel}","templated":true}]}}