{"id":1995,"date":"2024-09-13T08:03:11","date_gmt":"2024-09-13T08:03:11","guid":{"rendered":"https:\/\/rmvapesale.com\/?post_type=product&#038;p=1995"},"modified":"2025-01-20T03:53:42","modified_gmt":"2025-01-20T03:53:42","slug":"vapme-shisha-hookah-15000-puffs-vape-0-2-nicotine","status":"publish","type":"product","link":"https:\/\/rmvapesale.com\/cs\/product\/vapme-shisha-hookah-15000-puffs-vape-0-2-nicotine\/","title":{"rendered":"Vapme Shisha Hookah 15000 pot\u00e1hnut\u00ed Vape 0% 2% Nikotin"},"content":{"rendered":"<h1>Vapme Shisha Hookah 15000 pot\u00e1hnut\u00ed Vape 0% 2% Nikotin<\/h1>\n<p>P\u0159edstavujeme Vapme Shisha Hookah 15000 Puffs, dob\u00edjec\u00ed jednor\u00e1zov\u00fd vaporiz\u00e9r navr\u017een\u00fd pro vylep\u0161en\u00ed va\u0161eho z\u00e1\u017eitku z vapov\u00e1n\u00ed. S pozoruhodnou kapacitou 15 000 pot\u00e1hnut\u00ed nab\u00edz\u00ed toto za\u0159\u00edzen\u00ed prodlou\u017een\u00fd po\u017eitek a flexibilitu, dostupn\u00e9 s obsahem nikotinu 0% nebo 2%, aby vyhovovalo va\u0161im preferenc\u00edm.<\/p>\n<p>D\u00edky velkorys\u00e9 kapacit\u011b 25 ml e-liquidu zaji\u0161\u0165uje Vapme Shisha Hookah dostate\u010dnou z\u00e1sobu pro nep\u0159eru\u0161ovan\u00e9 seance. Jeho 650mAh dob\u00edjec\u00ed baterie a nab\u00edjec\u00ed port typu C poskytuj\u00ed efektivn\u00ed a pohodln\u00e9 dob\u00edjen\u00ed, co\u017e zaru\u010duje, \u017ee si sv\u00e9 vapov\u00e1n\u00ed m\u016f\u017eete u\u017e\u00edvat bez p\u0159eru\u0161en\u00ed.<\/p>\n<p>S 24 p\u0159\u00edchut\u011bmi na v\u00fdb\u011br a odporem 0,6\u03a9 pro jemnou, chutnou p\u00e1ru, tento dob\u00edjec\u00ed jednor\u00e1zov\u00fd vaporiz\u00e9r poskytuje trvale uspokojiv\u00fd z\u00e1\u017eitek. Vylep\u0161ete svou vapovac\u00ed cestu s Vapme Shisha Hookah 15000.<\/p>\n<p>&nbsp;<\/p>\n<p><strong>Kontaktujte Amy pro spr\u00e1vnou odpov\u011b\u010f a velkoobchodn\u00ed cenu!<\/strong><\/p>\n<p><img loading=\"lazy\" decoding=\"async\" class=\"size-medium wp-image-1814\" src=\"https:\/\/rmvapesale.com\/wp-content\/uploads\/2024\/04\/whatsapp-amy-229x300.jpg\" alt=\"whatsapp amy\" width=\"229\" height=\"300\" srcset=\"https:\/\/rmvapesale.com\/wp-content\/uploads\/2024\/04\/whatsapp-amy-229x300.jpg 229w, https:\/\/rmvapesale.com\/wp-content\/uploads\/2024\/04\/whatsapp-amy-783x1024.jpg 783w, https:\/\/rmvapesale.com\/wp-content\/uploads\/2024\/04\/whatsapp-amy-768x1005.jpg 768w, https:\/\/rmvapesale.com\/wp-content\/uploads\/2024\/04\/whatsapp-amy-600x785.jpg 600w, https:\/\/rmvapesale.com\/wp-content\/uploads\/2024\/04\/whatsapp-amy.jpg 990w\" sizes=\"auto, (max-width: 229px) 100vw, 229px\" \/><\/p>\n<h2><\/h2>\n<h2>Specifikace Vapme Shisha Hookah 15000<\/h2>\n<p>Pot\u00e1hnut\u00ed: 15 000 pot\u00e1hnut\u00ed<br \/>\nNikotin: 0%, 2%<br \/>\nKapacita e-liquidu: 25 ml<br \/>\nBaterie: 650mAh (dob\u00edjec\u00ed)<br \/>\nNab\u00edjec\u00ed port: Typ C<br \/>\nOdpor: 0,6\u03a9<br \/>\nP\u0159\u00edchut\u011b: 24 p\u0159\u00edchut\u00ed<\/p>\n<h2><strong>Nejobl\u00edben\u011bj\u0161\u00ed p\u0159\u00edchu\u0165 pro Vapme Shisha 15000 Puffs?<\/strong><\/h2>\n<p>Vapme Shisha Hookah 15000 Puffs nab\u00edz\u00ed celkem 24 dostupn\u00fdch p\u0159\u00edchut\u00ed na v\u00fdb\u011br, je tu n\u011bco pro ka\u017ed\u00fd jaz\u00fd\u010dek.<\/p>\n<p>1.Bor\u016fvka s ledem<br \/>\n2.Kiwi s marakujou a guavou<br \/>\n3.Bor\u016fvkov\u00e1 malinov\u00e1 limon\u00e1da<br \/>\n4.Jahoda s kiwi<br \/>\n5.Sm\u00ed\u0161en\u00e9 bobule<br \/>\n6.Jahoda s melounem<br \/>\n7.Hroznov\u00e9 v\u00edno s ledem<br \/>\n8.Meloun s ledem<br \/>\n9.Broskev, mango, ananas<br \/>\n10.Jahoda s ledem<br \/>\n11.Broskvov\u00e1 ledov\u00e1<br \/>\n12.Mango Ban\u00e1n<br \/>\n13.Cherry Berry<br \/>\n14.Bor\u016fvka malina<br \/>\n15.Love 66<br \/>\n16.Vodn\u00ed meloun s b\u00fdkem<br \/>\n17.Jahodov\u00e9 hrozny<br \/>\n18.Jahodov\u00fd malinov\u00fd bonb\u00f3n<br \/>\n19.Mamba<br \/>\n20.Vodn\u00ed meloun s t\u0159e\u0161n\u00ed<br \/>\n21.Mra\u017een\u00e9 jablko<br \/>\n22.Citr\u00f3n s m\u00e1tou<br \/>\n23.\u010cern\u00fd ryb\u00edz led<br \/>\n24.Ananasov\u00fd shake<\/p>\n<h2><\/h2>\n<h2><strong>Ot\u00e1zky, kter\u00e9 byste mo\u017en\u00e1 cht\u011bli v\u011bd\u011bt o Vapme Shisha Hookah 15000<\/strong><\/h2>\n<p>&nbsp;<\/p>\n<h3>Q 1.Kolik pot\u00e1hnut\u00ed mohu o\u010dek\u00e1vat od Vapme Shisha Hookah 15000 Puff?<\/h3>\n<p>A. Vapme Shisha Hookah 15000 se py\u0161n\u00ed impozantn\u00edmi 15 000 pot\u00e1hnut\u00edmi (v testovac\u00edm prost\u0159ed\u00ed), co\u017e poskytuje prodlou\u017een\u00e9 pou\u017eit\u00ed a trval\u00e9 uspokojen\u00ed.<\/p>\n<h3>Q 2. Jak dlouho vydr\u017e\u00ed origin\u00e1ln\u00ed Vapme Shisha Hookah 15000 Vape?<\/h3>\n<p>O: Origin\u00e1ln\u00ed Vapme Shisha Hookah 15000<span style=\"font-size: 16px\">\u00a0<\/span>obsahuje vestav\u011bnou baterii s kapacitou 850 mAh, kter\u00e1 nab\u00edz\u00ed prodlou\u017een\u00e9 pou\u017e\u00edv\u00e1n\u00ed na jedno nabit\u00ed. P\u0159esn\u00e1 \u017eivotnost baterie v\u0161ak z\u00e1vis\u00ed na individu\u00e1ln\u00edch zvyklostech u\u017eivatele.<\/p>\n<h3>Q 3. Je Vapme Shisha Hookah 15000 Original dob\u00edjec\u00ed?<\/h3>\n<p><span style=\"font-size: 16px\">O: Ano, Vapme Shisha Hookah 15000 Original je dod\u00e1v\u00e1n s dob\u00edjec\u00ed bateri\u00ed o kapacit\u011b 650 mAh, tak\u017ee je dob\u00edjec\u00ed. M\u016f\u017eete si ho u\u017e\u00edvat a\u017e do posledn\u00ed kapky.<\/span><\/p>\n<h3>Q 4. Kde mohu z\u00edskat velkoobchodn\u00ed cenu za dob\u00edjec\u00ed jednor\u00e1zov\u00fd vape Vapme Shisha Hookah 15000?<\/h3>\n<p>O: Vapme Shisha Hookah 15000<span style=\"font-size: 16px\">\u00a0<\/span>je k dispozici k zakoupen\u00ed u autorizovan\u00fdch distributor\u016f. Pro velkoobchodn\u00ed dotazy mohou distributo\u0159i v \u010cesk\u00e9 republice <a href=\"https:\/\/wa.me\/8617776015835\" target=\"_blank\" rel=\"noopener\">kontaktujte N\u00c1S<\/a> obr\u00e1tit p\u0159\u00edmo. Maloobchodn\u00ed z\u00e1kazn\u00edci mohou produkt naj\u00edt u vybran\u00fdch prodejc\u016f nebo v online obchodech.<\/p>\n<p>&nbsp;<\/p>\n<p>Naj\u00edt v\u00edce produkt\u016f pro vaping, kter\u00e9 by se v\u00e1m mohly l\u00edbit:<em><a href=\"https:\/\/rmvapesale.com\/cs\/shop-2\/\">nakupovat nyn\u00ed\u00a0<\/a><\/em><\/p>\n<p>&nbsp;<\/p>\n<p>dal\u0161\u00ed \u017ehav\u00e9 prodeje vape, kter\u00e9 by se v\u00e1m mohly l\u00edbit:<\/p>\n<p><a href=\"https:\/\/rmvapesale.com\/cs\/product\/randm-vape-al-fakher-10000-puffs-vape-wholesale\/\">randm vape AI FAKHER 15k vape<\/a><\/p>\n<p><a href=\"https:\/\/rmvapesale.com\/cs\/product\/original-randm-tornado-9000-puffs-disposable-vape-factory-price\/\">RandM Tornado 9000<\/a><\/p>\n<p><a href=\"https:\/\/rmvapesale.com\/cs\/product\/vapme-crystal-7000-puffs-rechargeable-disposable-vape-price\/\">Vapme Crystal 7000 pot\u00e1hnut\u00ed<\/a><\/p>","protected":false},"excerpt":{"rendered":"<p>Vapme Shisha D\u00fdmka 15000 Puffs Dob\u00edjec\u00ed Jednor\u00e1zov\u00fd Vape Velkoobchodn\u00ed Cena<\/p>\n<p>PUFF 15000 VAPME SHISHA D\u00ddMKA Nejlep\u0161\u00ed P\u0159\u00edchu\u0165 na Sklade<\/p>\n<p>Vapme Shisha D\u00fdmka 15k Puffs 0% 2% Nikotin<\/p>\n<p><strong>Kontaktujte Amy pro v\u011bt\u0161\u00ed slevu a ni\u017e\u0161\u00ed MOQ Vape<\/strong><\/p>\n<p><img loading=\"lazy\" decoding=\"async\" class=\"size-medium wp-image-1814\" src=\"https:\/\/rmvapesale.com\/wp-content\/uploads\/2024\/04\/whatsapp-amy-229x300.jpg\" alt=\"whatsapp amy\" width=\"229\" height=\"300\" srcset=\"https:\/\/rmvapesale.com\/wp-content\/uploads\/2024\/04\/whatsapp-amy-229x300.jpg 229w, https:\/\/rmvapesale.com\/wp-content\/uploads\/2024\/04\/whatsapp-amy-783x1024.jpg 783w, https:\/\/rmvapesale.com\/wp-content\/uploads\/2024\/04\/whatsapp-amy-768x1005.jpg 768w, https:\/\/rmvapesale.com\/wp-content\/uploads\/2024\/04\/whatsapp-amy-600x785.jpg 600w, https:\/\/rmvapesale.com\/wp-content\/uploads\/2024\/04\/whatsapp-amy.jpg 990w\" sizes=\"auto, (max-width: 229px) 100vw, 229px\" \/><\/p>\n<h3><span style=\"color: #ff0000\"><strong>WhatsApp: +86 17776015835<\/strong><\/span><\/h3>","protected":false},"featured_media":2000,"comment_status":"open","ping_status":"closed","template":"","meta":{"_uag_custom_page_level_css":"","_lmt_disableupdate":"no","_lmt_disable":"","site-sidebar-layout":"default","site-content-layout":"content-boxed-container","ast-site-content-layout":"normal-width-container","site-content-style":"boxed","site-sidebar-style":"unboxed","ast-global-header-display":"","ast-banner-title-visibility":"","ast-main-header-display":"","ast-hfb-above-header-display":"","ast-hfb-below-header-display":"","ast-hfb-mobile-header-display":"","site-post-title":"","ast-breadcrumbs-content":"","ast-featured-img":"","footer-sml-layout":"","ast-disable-related-posts":"","theme-transparent-header-meta":"default","adv-header-id-meta":"","stick-header-meta":"","header-above-stick-meta":"","header-main-stick-meta":"","header-below-stick-meta":"","astra-migrate-meta-layouts":"set","ast-page-background-enabled":"default","ast-page-background-meta":{"desktop":{"background-color":"var(--ast-global-color-4)","background-image":"","background-repeat":"repeat","background-position":"center center","background-size":"auto","background-attachment":"scroll","background-type":"","background-media":"","overlay-type":"","overlay-color":"","overlay-opacity":"","overlay-gradient":""},"tablet":{"background-color":"","background-image":"","background-repeat":"repeat","background-position":"center center","background-size":"auto","background-attachment":"scroll","background-type":"","background-media":"","overlay-type":"","overlay-color":"","overlay-opacity":"","overlay-gradient":""},"mobile":{"background-color":"","background-image":"","background-repeat":"repeat","background-position":"center center","background-size":"auto","background-attachment":"scroll","background-type":"","background-media":"","overlay-type":"","overlay-color":"","overlay-opacity":"","overlay-gradient":""}},"ast-content-background-meta":{"desktop":{"background-color":"var(--ast-global-color-5)","background-image":"","background-repeat":"repeat","background-position":"center center","background-size":"auto","background-attachment":"scroll","background-type":"","background-media":"","overlay-type":"","overlay-color":"","overlay-opacity":"","overlay-gradient":""},"tablet":{"background-color":"var(--ast-global-color-5)","background-image":"","background-repeat":"repeat","background-position":"center center","background-size":"auto","background-attachment":"scroll","background-type":"","background-media":"","overlay-type":"","overlay-color":"","overlay-opacity":"","overlay-gradient":""},"mobile":{"background-color":"var(--ast-global-color-5)","background-image":"","background-repeat":"repeat","background-position":"center center","background-size":"auto","background-attachment":"scroll","background-type":"","background-media":"","overlay-type":"","overlay-color":"","overlay-opacity":"","overlay-gradient":""}},"_joinchat":[]},"product_brand":[],"product_cat":[25,61,292,27,123,293,30,26,15,28,137,296,299,136,135,281],"product_tag":[56,57,40,41,62,54,53,37],"class_list":{"0":"post-1995","1":"product","2":"type-product","3":"status-publish","4":"has-post-thumbnail","6":"product_cat-germany-best-selling-vape","7":"product_cat-15000-puffs-disposable-vapes","8":"product_cat-digital-disposable-vapes","9":"product_cat-fance-hot-sale-vape","10":"product_cat-italy-wholesale-vape","11":"product_cat-low-nicotine-disposable-vapes","12":"product_cat-minimum-order-quantity-50pcs","13":"product_cat-netherlands-hot-sale-vape","14":"product_cat-new-vape-this-week","15":"product_cat-poland-hot-sale-vape","16":"product_cat-rechargeable-vapes","17":"product_cat-shisha-hookah-disposable-vapes","18":"product_cat-smart-screen-disposable-vapes","19":"product_cat-smart-screen-vapes","20":"product_cat-spain-best-hot-sale-vape","21":"product_cat-vapme-vape","22":"product_tag-disposable-vape-wholesale-near-me","23":"product_tag-disposable-vape-wholesale-supplier","24":"product_tag-hot-sale-vape","25":"product_tag-original-factory-vape","26":"product_tag-puff-15000","27":"product_tag-rechargeable-disposable-vape","28":"product_tag-vapme-vape","29":"product_tag-wholesale-vape-price","30":"desktop-align-left","31":"tablet-align-left","32":"mobile-align-left","34":"first","35":"instock","36":"sale","37":"shipping-taxable","38":"purchasable","39":"product-type-simple"},"uagb_featured_image_src":{"full":["https:\/\/rmvapesale.com\/wp-content\/uploads\/2024\/09\/Vapme-Shisha-Hookah-15000.jpg",788,788,false],"thumbnail":["https:\/\/rmvapesale.com\/wp-content\/uploads\/2024\/09\/Vapme-Shisha-Hookah-15000-150x150.jpg",150,150,true],"medium":["https:\/\/rmvapesale.com\/wp-content\/uploads\/2024\/09\/Vapme-Shisha-Hookah-15000-300x300.jpg",300,300,true],"medium_large":["https:\/\/rmvapesale.com\/wp-content\/uploads\/2024\/09\/Vapme-Shisha-Hookah-15000-768x768.jpg",768,768,true],"large":["https:\/\/rmvapesale.com\/wp-content\/uploads\/2024\/09\/Vapme-Shisha-Hookah-15000.jpg",788,788,false],"1536x1536":["https:\/\/rmvapesale.com\/wp-content\/uploads\/2024\/09\/Vapme-Shisha-Hookah-15000.jpg",788,788,false],"2048x2048":["https:\/\/rmvapesale.com\/wp-content\/uploads\/2024\/09\/Vapme-Shisha-Hookah-15000.jpg",788,788,false],"trp-custom-language-flag":["https:\/\/rmvapesale.com\/wp-content\/uploads\/2024\/09\/Vapme-Shisha-Hookah-15000.jpg",12,12,false],"woocommerce_thumbnail":["https:\/\/rmvapesale.com\/wp-content\/uploads\/2024\/09\/Vapme-Shisha-Hookah-15000-300x300.jpg",300,300,true],"woocommerce_single":["https:\/\/rmvapesale.com\/wp-content\/uploads\/2024\/09\/Vapme-Shisha-Hookah-15000-600x600.jpg",600,600,true],"woocommerce_gallery_thumbnail":["https:\/\/rmvapesale.com\/wp-content\/uploads\/2024\/09\/Vapme-Shisha-Hookah-15000-100x100.jpg",100,100,true],"wcpr-photo-reviews":["https:\/\/rmvapesale.com\/wp-content\/uploads\/2024\/09\/Vapme-Shisha-Hookah-15000.jpg",500,500,false]},"uagb_author_info":{"display_name":"AMY","author_link":"https:\/\/rmvapesale.com\/cs\/author\/"},"uagb_comment_info":0,"uagb_excerpt":"Vapme Shisha Hookah 15000 Puffs Rechargeable Disposable Vape Bulk Buy Price PUFF 15000 VAPME SHISHA HOOKAH Best Flavor in Stock Vapme Shisha Hookah 15k Puffs 0% 2% Nicotine Contact Amy For More Discount And Lower MOQ Vape WhatsApp: +86 17776015835","_links":{"self":[{"href":"https:\/\/rmvapesale.com\/cs\/wp-json\/wp\/v2\/product\/1995","targetHints":{"allow":["GET"]}}],"collection":[{"href":"https:\/\/rmvapesale.com\/cs\/wp-json\/wp\/v2\/product"}],"about":[{"href":"https:\/\/rmvapesale.com\/cs\/wp-json\/wp\/v2\/types\/product"}],"replies":[{"embeddable":true,"href":"https:\/\/rmvapesale.com\/cs\/wp-json\/wp\/v2\/comments?post=1995"}],"wp:featuredmedia":[{"embeddable":true,"href":"https:\/\/rmvapesale.com\/cs\/wp-json\/wp\/v2\/media\/2000"}],"wp:attachment":[{"href":"https:\/\/rmvapesale.com\/cs\/wp-json\/wp\/v2\/media?parent=1995"}],"wp:term":[{"taxonomy":"product_brand","embeddable":true,"href":"https:\/\/rmvapesale.com\/cs\/wp-json\/wp\/v2\/product_brand?post=1995"},{"taxonomy":"product_cat","embeddable":true,"href":"https:\/\/rmvapesale.com\/cs\/wp-json\/wp\/v2\/product_cat?post=1995"},{"taxonomy":"product_tag","embeddable":true,"href":"https:\/\/rmvapesale.com\/cs\/wp-json\/wp\/v2\/product_tag?post=1995"}],"curies":[{"name":"wp","href":"https:\/\/api.w.org\/{rel}","templated":true}]}}