{"id":2027,"date":"2024-09-18T08:38:31","date_gmt":"2024-09-18T08:38:31","guid":{"rendered":"https:\/\/rmvapesale.com\/?post_type=product&#038;p=2027"},"modified":"2025-01-20T03:57:17","modified_gmt":"2025-01-20T03:57:17","slug":"waspe-12000-puffs-disposable-vape-pen","status":"publish","type":"product","link":"https:\/\/rmvapesale.com\/cs\/product\/waspe-12000-puffs-disposable-vape-pen\/","title":{"rendered":"Waspe 12000 pot\u00e1hnut\u00ed Jednor\u00e1zov\u00e1 vape propiska"},"content":{"rendered":"<h1>Waspe 12000 pot\u00e1hnut\u00ed Jednor\u00e1zov\u00e1 vape propiska<\/h1>\n<p>P\u0159edstavujeme WASPE 12000 Puffs Jednor\u00e1zov\u00e1 vape \u2014 v\u00e1\u0161 dokonal\u00fd spole\u010dn\u00edk pro chu\u0165ov\u011b bohat\u00fd vapovac\u00ed z\u00e1\u017eitek! Tato lehk\u00e1, \u017eiv\u00e1 elektronick\u00e1 cigareta kombinuje bezpe\u010dnost a v\u00fdkon, s velk\u00fdm objemem 20 ml pro a\u017e 12 000 potah\u016f. Navr\u017eena pro za\u010d\u00e1te\u010dn\u00edky, jej\u00ed automatick\u00e9 ta\u017een\u00ed zaji\u0161\u0165uje snadn\u00e9 pou\u017eit\u00ed, zat\u00edmco mesh c\u00edvky poskytuj\u00ed v\u00fdjime\u010dn\u00e9 MTL ta\u017een\u00ed. Nav\u00edc, praktick\u00fd nab\u00edjec\u00ed port Type-C v\u00e1s udr\u017e\u00ed nabit\u00e9ho. S poutav\u00fdm RGB osv\u011btlen\u00edm je tento p\u0159enosn\u00fd vaporiz\u00e9r nejen za\u0159\u00edzen\u00edm; je to stylov\u00fd dopln\u011bk pro ka\u017edou p\u0159\u00edle\u017eitost.<\/p>\n<p>Vstupte do sv\u011bta vapov\u00e1n\u00ed s Waspe 12000 Puffs Jednor\u00e1zov\u00e1 vape!<\/p>\n<p>&nbsp;<\/p>\n<p><strong>Kontaktujte Amy a z\u00edskejte spr\u00e1vnou odpov\u011b\u010f a dal\u0161\u00ed produktov\u00e1 videa!<\/strong><\/p>\n<p><img loading=\"lazy\" decoding=\"async\" class=\"size-full wp-image-1978\" src=\"https:\/\/rmvapesale.com\/wp-content\/uploads\/2024\/09\/Disposable-Vape-Wholesale.jpg\" alt=\"Jednor\u00e1zov\u00e1 e-cigareta velkoobchod\" width=\"229\" height=\"300\" \/><\/p>\n<h3><span style=\"color: #ff0000\"><strong>WhatsApp: +86 17776015835<\/strong><\/span><\/h3>\n<p>&nbsp;<\/p>\n<h2><strong> Kl\u00ed\u010dov\u00e9 vlastnosti Waspe 12000 Puffs<\/strong><\/h2>\n<p>&nbsp;<\/p>\n<p>Nikotin: 2% 5%<br \/>\nPot\u00e1hnut\u00ed: 12000<br \/>\nKapacita:20ml<br \/>\nK dispozici 15 p\u0159\u00edchut\u00ed<br \/>\nType-C port Chladn\u00e9 barevn\u00e9 sv\u011btlo na spodn\u00ed stran\u011b<br \/>\n650mah Dob\u00edjec\u00ed<br \/>\nS\u00ed\u0165ov\u00e1 c\u00edvka 0,8\u03a9<\/p>\n<figure id=\"attachment_2021\" aria-describedby=\"caption-attachment-2021\" style=\"width: 800px\" class=\"wp-caption alignnone\"><img loading=\"lazy\" decoding=\"async\" class=\"wp-image-2021 size-full\" src=\"https:\/\/rmvapesale.com\/wp-content\/uploads\/2024\/09\/WASPE-12000-Disposable-Vape.png\" alt=\"WASPE 12000 Jednor\u00e1zov\u00e1 vape\" width=\"800\" height=\"800\" srcset=\"https:\/\/rmvapesale.com\/wp-content\/uploads\/2024\/09\/WASPE-12000-Disposable-Vape.png 800w, https:\/\/rmvapesale.com\/wp-content\/uploads\/2024\/09\/WASPE-12000-Disposable-Vape-300x300.png 300w, https:\/\/rmvapesale.com\/wp-content\/uploads\/2024\/09\/WASPE-12000-Disposable-Vape-150x150.png 150w, https:\/\/rmvapesale.com\/wp-content\/uploads\/2024\/09\/WASPE-12000-Disposable-Vape-768x768.png 768w, https:\/\/rmvapesale.com\/wp-content\/uploads\/2024\/09\/WASPE-12000-Disposable-Vape-600x600.png 600w, https:\/\/rmvapesale.com\/wp-content\/uploads\/2024\/09\/WASPE-12000-Disposable-Vape-100x100.png 100w\" sizes=\"auto, (max-width: 800px) 100vw, 800px\" \/><figcaption id=\"caption-attachment-2021\" class=\"wp-caption-text\">WASPE 12000 Jednor\u00e1zov\u00e1 vape<\/figcaption><\/figure>\n<h2><strong>Nejlep\u0161\u00ed p\u0159\u00edchut\u011b pro Waspe 12000 Puffs Vape<\/strong><\/h2>\n<p>Waspe 12000 Puffs Jednor\u00e1zov\u00e1 vape pero s 15 odborn\u011b vytvo\u0159en\u00fdmi p\u0159\u00edchut\u011bmi, z nich\u017e ka\u017ed\u00e1 nab\u00edz\u00ed v\u00fdrazn\u00fd a uspokojiv\u00fd vapovac\u00ed z\u00e1\u017eitek, najdete si tu tu nejlep\u0161\u00ed pro v\u00e1s!<\/p>\n<p>1. meloun s ledem<span style=\"color: #ff0000\"><strong>&gt;&gt;&gt;&gt;\u017dhav\u00e9!<\/strong><\/span><br \/>\n2. bor\u016fvky na ledu<br \/>\n3. mango s ledem<br \/>\n4. hroznov\u00e9 v\u00edno s ledem<br \/>\n5. sm\u00ed\u0161en\u00e9 bobule<span style=\"color: #ff0000\"><strong>&gt;&gt;&gt;&gt;\u017dhav\u00e9!<\/strong><\/span><br \/>\n6. jahoda s melounem<br \/>\n7. jahoda s mangem<br \/>\n8. jahoda kimi<br \/>\n9. chladn\u00e1 m\u00e1ta<span style=\"color: #ff0000\"><strong>&gt;&gt;&gt;&gt;\u017dhav\u00e9!<\/strong><\/span><br \/>\n10. bor\u016fvka malina<br \/>\n11. kiwi passion fruit guava<br \/>\n12. kiwi limetka<br \/>\n13. \u0160\u0165avnat\u00e1 broskev ananas<br \/>\n14. Jahoda malina t\u0159e\u0161e\u0148 <span style=\"color: #ff0000\"><strong>&gt;&gt;&gt;&gt;Nejlep\u0161\u00ed!<\/strong><\/span><br \/>\n15. Jahoda pitaya limon\u00e1da<\/p>\n<p>&nbsp;<\/p>\n<h2><strong>Ot\u00e1zky, kter\u00e9 byste mohli m\u00edt ohledn\u011b Waspe 12000 Puffs<\/strong><\/h2>\n<p>&nbsp;<\/p>\n<p><strong>1. Kolik pot\u00e1hnut\u00ed mohu o\u010dek\u00e1vat od Waspe 12000 Puffs?<\/strong><\/p>\n<p>Vaping Waspe 12000 Puffs nab\u00edz\u00ed a\u017e 12 000 pot\u00e1hnut\u00ed, co\u017e z n\u011bj \u010din\u00ed jeden z nejd\u00e9le vydr\u017e\u00edc\u00edch jednor\u00e1zov\u00fdch vaporiz\u00e9r\u016f dostupn\u00fdch na trhu.<\/p>\n<p><strong>2. Mohu dob\u00edjet Waspe 12000 Puffs?<\/strong><\/p>\n<p>Ano, jednor\u00e1zov\u00fd Waspe 12000 Puffs m\u00e1 dob\u00edjec\u00ed baterii. M\u016f\u017eete jej pohodln\u011b dob\u00edjet pomoc\u00ed USB-C kabelu, abyste maximalizovali jeho vyu\u017eit\u00ed.<\/p>\n<p><strong>3. Jak nab\u00edjet Waspe 12000 Puffs?<\/strong><br \/>\nPro nab\u00edjen\u00ed va\u0161eho WASPE 12000 Puffs p\u0159ipojte nab\u00edjec\u00ed kabel k za\u0159\u00edzen\u00ed a zapojte ho do zdroje nap\u00e1jen\u00ed. Pro optim\u00e1ln\u00ed v\u00fdkon se ujist\u011bte, \u017ee je za\u0159\u00edzen\u00ed pln\u011b nabit\u00e9 p\u0159ed pou\u017eit\u00edm.<\/p>\n<p>&nbsp;<\/p>\n<h3><b>\u010casto kladen\u00e9 ot\u00e1zky<\/b><\/h3>\n<p>&nbsp;<\/p>\n<div class=\"flex-shrink-0 flex flex-col relative items-end\">\n<div>\n<div class=\"pt-0\">\n<div class=\"gizmo-bot-avatar flex h-8 w-8 items-center justify-center overflow-hidden rounded-full\">\n<div class=\"relative p-1 rounded-sm flex items-center justify-center bg-token-main-surface-primary text-token-text-primary h-8 w-8\"><strong>Jak\u00e9 zp\u016fsoby dopravy se pou\u017e\u00edvaj\u00ed?<\/strong><\/div>\n<\/div>\n<\/div>\n<\/div>\n<\/div>\n<div class=\"group\/conversation-turn relative flex w-full min-w-0 flex-col agent-turn\">\n<div class=\"flex-col gap-1 md:gap-3\">\n<div class=\"flex max-w-full flex-col flex-grow\">\n<div class=\"min-h-[20px] text-message flex w-full flex-col items-end gap-2 whitespace-normal break-words [.text-message+&amp;]:mt-5 overflow-x-auto\" dir=\"auto\" data-message-author-role=\"assistant\" data-message-id=\"22f8283b-3233-46ff-89a5-c7a41b33abda\">\n<div class=\"flex w-full flex-col gap-1 empty:hidden first:pt-[3px]\">\n<div class=\"markdown prose w-full break-words dark:prose-invert light\">\n<p>Spolupracujeme s UPS, DHL, FedEx, DPD a dal\u0161\u00edmi p\u0159edn\u00edmi p\u0159epravci. Vybereme nejlep\u0161\u00ed zp\u016fsob dopravy na z\u00e1klad\u011b va\u0161\u00ed doru\u010dovac\u00ed lokality, abychom zajistili, \u017ee sv\u00e9 produkty obdr\u017e\u00edte co nejrychleji.<\/p>\n<\/div>\n<p><strong>Jak dlouho trv\u00e1 doru\u010den\u00ed?<\/strong><\/p>\n<p>Bal\u00ed\u010dky odeslan\u00e9 do \u010cesk\u00e9 republiky obvykle doraz\u00ed do 10 pracovn\u00edch dn\u016f. P\u0159eprava do evropsk\u00fdch zem\u00ed obecn\u011b trv\u00e1 asi 12-15 pracovn\u00edch dn\u016f. O stavu va\u0161\u00ed z\u00e1silky v\u00e1s budeme pr\u016fb\u011b\u017en\u011b informovat.<\/p>\n<\/div>\n<p><strong>Z\u00e1ruka<\/strong><\/p>\n<p>Na v\u0161echny produkty v na\u0161em obchod\u011b se vztahuje z\u00e1ruka 100% originality a autenti\u010dnosti. Nab\u00edz\u00edme 10n\u00e1sobnou kompenzaci za pad\u011blan\u00e9 zbo\u017e\u00ed!<\/p>\n<div class=\"flex w-full flex-col gap-1 empty:hidden first:pt-[3px]\">\n<p>&nbsp;<\/p>\n<\/div>\n<\/div>\n<\/div>\n<\/div>\n<\/div>\n<p>Naj\u00edt v\u00edce produkt\u016f pro vaping, kter\u00e9 by se v\u00e1m mohly l\u00edbit:<strong><em><a href=\"https:\/\/rmvapesale.com\/cs\/shop-2\/\">nakupujte nyn\u00ed &gt;&gt;&gt;<\/a><\/em><\/strong><\/p>\n<p>dal\u0161\u00ed \u017ehav\u00e9 prodeje vape, kter\u00e9 by se v\u00e1m mohly l\u00edbit:<\/p>\n<p><strong><a href=\"https:\/\/rmvapesale.com\/cs\/product\/bang-digital-box-15000-puffs-original-factory-wholesale\/\">Bang Digital Box 15000 potah\u016f<\/a><\/strong><\/p>\n<p><a href=\"https:\/\/rmvapesale.com\/cs\/product\/waspe-tornado-15000-puffs-original-factory-price\/\"><strong>Waspe Tornado 15000 pot\u00e1hnut\u00ed<\/strong><\/a><\/p>\n<p><a href=\"https:\/\/rmvapesale.com\/cs\/product\/randm-tornado-15000-puffs-vape-wholesale\/\"><strong>RandM Tornado 15000 Puffs<\/strong><\/a><\/p>\n<p><a href=\"https:\/\/rmvapesale.com\/cs\/product\/waspe-digital-box-12000-puffs-wholesale-disposable-vape\/\"><strong>WASPE Digital Box 12000 pot\u00e1hnut\u00ed<\/strong><\/a><\/p>\n<p>&nbsp;<\/p>","protected":false},"excerpt":{"rendered":"<p>WASPE 12000 Puffs Jednor\u00e1zov\u00e1 elektronick\u00e1 cigareta sada<br \/>\nWaspe 12000 12K Puffs Jednor\u00e1zov\u00e1 vape MTL vapov\u00e1n\u00ed<br \/>\nWASPE 12000 Jednor\u00e1zov\u00e1 vape Nejlevn\u011bj\u0161\u00ed cena<\/p>\n<p><strong>Kontaktujte Amy pro v\u011bt\u0161\u00ed slevu a ni\u017e\u0161\u00ed MOQ Vape<\/strong><\/p>\n<p><img loading=\"lazy\" decoding=\"async\" class=\"size-full wp-image-1978\" src=\"https:\/\/rmvapesale.com\/wp-content\/uploads\/2024\/09\/Disposable-Vape-Wholesale.jpg\" alt=\"Jednor\u00e1zov\u00e1 e-cigareta velkoobchod\" width=\"229\" height=\"300\" \/><\/p>\n<h3><span style=\"color: #ff0000\"><strong>WhatsApp: +86 17776015835<\/strong><\/span><\/h3>","protected":false},"featured_media":2028,"comment_status":"open","ping_status":"closed","template":"","meta":{"_uag_custom_page_level_css":"","_lmt_disableupdate":"no","_lmt_disable":"","site-sidebar-layout":"default","site-content-layout":"content-boxed-container","ast-site-content-layout":"normal-width-container","site-content-style":"boxed","site-sidebar-style":"unboxed","ast-global-header-display":"","ast-banner-title-visibility":"","ast-main-header-display":"","ast-hfb-above-header-display":"","ast-hfb-below-header-display":"","ast-hfb-mobile-header-display":"","site-post-title":"","ast-breadcrumbs-content":"","ast-featured-img":"","footer-sml-layout":"","theme-transparent-header-meta":"default","adv-header-id-meta":"","stick-header-meta":"","header-above-stick-meta":"","header-main-stick-meta":"","header-below-stick-meta":"","astra-migrate-meta-layouts":"set","ast-page-background-enabled":"default","ast-page-background-meta":{"desktop":{"background-color":"var(--ast-global-color-4)","background-image":"","background-repeat":"repeat","background-position":"center center","background-size":"auto","background-attachment":"scroll","background-type":"","background-media":"","overlay-type":"","overlay-color":"","overlay-opacity":"","overlay-gradient":""},"tablet":{"background-color":"","background-image":"","background-repeat":"repeat","background-position":"center center","background-size":"auto","background-attachment":"scroll","background-type":"","background-media":"","overlay-type":"","overlay-color":"","overlay-opacity":"","overlay-gradient":""},"mobile":{"background-color":"","background-image":"","background-repeat":"repeat","background-position":"center center","background-size":"auto","background-attachment":"scroll","background-type":"","background-media":"","overlay-type":"","overlay-color":"","overlay-opacity":"","overlay-gradient":""}},"ast-content-background-meta":{"desktop":{"background-color":"var(--ast-global-color-5)","background-image":"","background-repeat":"repeat","background-position":"center center","background-size":"auto","background-attachment":"scroll","background-type":"","background-media":"","overlay-type":"","overlay-color":"","overlay-opacity":"","overlay-gradient":""},"tablet":{"background-color":"var(--ast-global-color-5)","background-image":"","background-repeat":"repeat","background-position":"center center","background-size":"auto","background-attachment":"scroll","background-type":"","background-media":"","overlay-type":"","overlay-color":"","overlay-opacity":"","overlay-gradient":""},"mobile":{"background-color":"var(--ast-global-color-5)","background-image":"","background-repeat":"repeat","background-position":"center center","background-size":"auto","background-attachment":"scroll","background-type":"","background-media":"","overlay-type":"","overlay-color":"","overlay-opacity":"","overlay-gradient":""}},"_joinchat":[]},"product_brand":[],"product_cat":[15,291,293,295,274,254,25,123,26,28,135,27,137,136,30],"product_tag":[45,57,58,37],"class_list":{"0":"post-2027","1":"product","2":"type-product","3":"status-publish","4":"has-post-thumbnail","6":"product_cat-new-vape-this-week","7":"product_cat-dual-mesh-disposable-vapes","8":"product_cat-low-nicotine-disposable-vapes","9":"product_cat-rechargeable-disposable-vapes","10":"product_cat-waspe-fihp-vape","11":"product_cat-12000-puff-disposable-vape","12":"product_cat-germany-best-selling-vape","13":"product_cat-italy-wholesale-vape","14":"product_cat-netherlands-hot-sale-vape","15":"product_cat-poland-hot-sale-vape","16":"product_cat-spain-best-hot-sale-vape","17":"product_cat-fance-hot-sale-vape","18":"product_cat-rechargeable-vapes","19":"product_cat-smart-screen-vapes","20":"product_cat-minimum-order-quantity-50pcs","21":"product_tag-12k-vape-puff-12000","22":"product_tag-disposable-vape-wholesale-supplier","23":"product_tag-electric-cigarettes","24":"product_tag-wholesale-vape-price","25":"desktop-align-left","26":"tablet-align-left","27":"mobile-align-left","29":"first","30":"instock","31":"sale","32":"shipping-taxable","33":"purchasable","34":"product-type-simple"},"uagb_featured_image_src":{"full":["https:\/\/rmvapesale.com\/wp-content\/uploads\/2024\/09\/WASPE-12000-PUFFS.jpg",800,800,false],"thumbnail":["https:\/\/rmvapesale.com\/wp-content\/uploads\/2024\/09\/WASPE-12000-PUFFS-150x150.jpg",150,150,true],"medium":["https:\/\/rmvapesale.com\/wp-content\/uploads\/2024\/09\/WASPE-12000-PUFFS-300x300.jpg",300,300,true],"medium_large":["https:\/\/rmvapesale.com\/wp-content\/uploads\/2024\/09\/WASPE-12000-PUFFS-768x768.jpg",768,768,true],"large":["https:\/\/rmvapesale.com\/wp-content\/uploads\/2024\/09\/WASPE-12000-PUFFS.jpg",800,800,false],"1536x1536":["https:\/\/rmvapesale.com\/wp-content\/uploads\/2024\/09\/WASPE-12000-PUFFS.jpg",800,800,false],"2048x2048":["https:\/\/rmvapesale.com\/wp-content\/uploads\/2024\/09\/WASPE-12000-PUFFS.jpg",800,800,false],"trp-custom-language-flag":["https:\/\/rmvapesale.com\/wp-content\/uploads\/2024\/09\/WASPE-12000-PUFFS.jpg",12,12,false],"woocommerce_thumbnail":["https:\/\/rmvapesale.com\/wp-content\/uploads\/2024\/09\/WASPE-12000-PUFFS-300x300.jpg",300,300,true],"woocommerce_single":["https:\/\/rmvapesale.com\/wp-content\/uploads\/2024\/09\/WASPE-12000-PUFFS-600x600.jpg",600,600,true],"woocommerce_gallery_thumbnail":["https:\/\/rmvapesale.com\/wp-content\/uploads\/2024\/09\/WASPE-12000-PUFFS-100x100.jpg",100,100,true],"wcpr-photo-reviews":["https:\/\/rmvapesale.com\/wp-content\/uploads\/2024\/09\/WASPE-12000-PUFFS.jpg",500,500,false]},"uagb_author_info":{"display_name":"AMY","author_link":"https:\/\/rmvapesale.com\/cs\/author\/"},"uagb_comment_info":0,"uagb_excerpt":"WASPE 12000 Puffs Disposable Electronic Cigarette Kit Waspe 12000 12K Puffs Disposable Vape MTL Vaping WASPE 12000 Disposable Vape Cheapest Price Contact Amy For More Discount And Lower MOQ Vape WhatsApp: +86 17776015835","_links":{"self":[{"href":"https:\/\/rmvapesale.com\/cs\/wp-json\/wp\/v2\/product\/2027","targetHints":{"allow":["GET"]}}],"collection":[{"href":"https:\/\/rmvapesale.com\/cs\/wp-json\/wp\/v2\/product"}],"about":[{"href":"https:\/\/rmvapesale.com\/cs\/wp-json\/wp\/v2\/types\/product"}],"replies":[{"embeddable":true,"href":"https:\/\/rmvapesale.com\/cs\/wp-json\/wp\/v2\/comments?post=2027"}],"wp:featuredmedia":[{"embeddable":true,"href":"https:\/\/rmvapesale.com\/cs\/wp-json\/wp\/v2\/media\/2028"}],"wp:attachment":[{"href":"https:\/\/rmvapesale.com\/cs\/wp-json\/wp\/v2\/media?parent=2027"}],"wp:term":[{"taxonomy":"product_brand","embeddable":true,"href":"https:\/\/rmvapesale.com\/cs\/wp-json\/wp\/v2\/product_brand?post=2027"},{"taxonomy":"product_cat","embeddable":true,"href":"https:\/\/rmvapesale.com\/cs\/wp-json\/wp\/v2\/product_cat?post=2027"},{"taxonomy":"product_tag","embeddable":true,"href":"https:\/\/rmvapesale.com\/cs\/wp-json\/wp\/v2\/product_tag?post=2027"}],"curies":[{"name":"wp","href":"https:\/\/api.w.org\/{rel}","templated":true}]}}