{"id":2045,"date":"2024-09-19T08:19:14","date_gmt":"2024-09-19T08:19:14","guid":{"rendered":"https:\/\/rmvapesale.com\/?post_type=product&#038;p=2045"},"modified":"2025-01-21T09:13:47","modified_gmt":"2025-01-21T09:13:47","slug":"evappe-deluxe-bar-18000-puffs-led-screen-disposable-vape","status":"publish","type":"product","link":"https:\/\/rmvapesale.com\/cs\/product\/evappe-deluxe-bar-18000-puffs-led-screen-disposable-vape\/","title":{"rendered":"Evappe Deluxe Bar 18000 Puffs jednor\u00e1zov\u00e1 e-cigareta s LED displejem"},"content":{"rendered":"<h1>Evappe Deluxe Bar 18000 Puffs jednor\u00e1zov\u00e1 e-cigareta s LED displejem<\/h1>\n<p>Pozvedn\u011bte sv\u016fj z\u00e1\u017eitek z vapingu s Evappe Deluxe Bar 18000 pot\u00e1hnut\u00ed, revolu\u010dn\u00ed jednor\u00e1zovou e-cigaretou, kter\u00e1 kombinuje \u0161pi\u010dkovou technologii s bezkonkuren\u010dn\u00edm pohodl\u00edm. D\u00edky \u017eiv\u00e9 LED obrazovce v\u00e1m toto za\u0159\u00edzen\u00ed umo\u017en\u00ed snadno sledovat stav baterie a pou\u017eit\u00ed, co\u017e zajist\u00ed, \u017ee budete m\u00edt sv\u00e9 vapovac\u00ed sezen\u00ed v\u017edy pod kontrolou.<\/p>\n<p>Vyberte si z 10 lahodn\u00fdch p\u0159\u00edchut\u00ed, z nich\u017e ka\u017ed\u00e1 je navr\u017eena tak, aby podr\u00e1\u017edila va\u0161e chu\u0165ov\u00e9 poh\u00e1rky a udr\u017eela v\u00e1\u0161 z\u00e1\u017eitek sv\u011b\u017e\u00ed a vzru\u0161uj\u00edc\u00ed. A\u0165 u\u017e d\u00e1v\u00e1te p\u0159ednost ovocn\u00fdm, m\u00e1tov\u00fdm nebo lahodn\u00fdm dezertn\u00edm p\u0159\u00edchut\u00edm, Evappe Deluxe Bar m\u00e1 n\u011bco pro ka\u017ed\u00e9ho.<\/p>\n<p>D\u00edky v\u00fdkonn\u00e9 600mAh dob\u00edjec\u00ed baterii a nab\u00edjec\u00edmu portu typu C si u\u017eijete del\u0161\u00ed pou\u017e\u00edv\u00e1n\u00ed bez pot\u00ed\u017e\u00ed s neust\u00e1lou v\u00fdm\u011bnou. Nav\u00edc v\u00e1m syst\u00e9m nastaviteln\u00e9ho proud\u011bn\u00ed vzduchu umo\u017en\u00ed p\u0159izp\u016fsobit si tah pro dokonal\u00fd z\u00e1\u017eitek z vapov\u00e1n\u00ed poka\u017ed\u00e9.<\/p>\n<p>Za\u017eijte budoucnost vapingu s Evappe Deluxe Bar 18000 \u2013 kde se inovace snoub\u00ed s chut\u00ed!<\/p>\n<p>&nbsp;<\/p>\n<p><strong>Kontaktujte Amy a z\u00edskejte spr\u00e1vnou odpov\u011b\u010f a dal\u0161\u00ed produktov\u00e1 videa!<\/strong><\/p>\n<p><img loading=\"lazy\" decoding=\"async\" class=\"size-full wp-image-1978\" src=\"https:\/\/rmvapesale.com\/wp-content\/uploads\/2024\/09\/Disposable-Vape-Wholesale.jpg\" alt=\"Jednor\u00e1zov\u00e1 e-cigareta velkoobchod\" width=\"229\" height=\"300\" \/><\/p>\n<h3><span style=\"color: #ff0000\"><strong>WhatsApp: +86 17776015835<\/strong><\/span><\/h3>\n<p>&nbsp;<\/p>\n<h2>Evappe Deluxe Bar 18000 pot\u00e1hnut\u00ed Kl\u00ed\u010dov\u00e9 vlastnosti<\/h2>\n<p>&nbsp;<\/p>\n<p>0,2,5 % nikotinu<br \/>\n25 ml E-liquidu.<br \/>\n18000 pot\u00e1hnut\u00ed<br \/>\n750mAh Dob\u00edjec\u00ed<br \/>\nTyp-C.<br \/>\nS\u00ed\u0165ov\u00e1 c\u00edvka: 0,6 ohmu<\/p>\n<div class=\"mceTemp\"><\/div>\n<h2><\/h2>\n<h2><strong>Nejlep\u0161\u00ed p\u0159\u00edchu\u0165 pro Evappe Deluxe Bar 18000<\/strong><\/h2>\n<p>&nbsp;<\/p>\n<p>Jednor\u00e1zov\u00e1 e-cigareta Evappe Deluxe Bar 18000 pot\u00e1hnut\u00ed se m\u016f\u017ee pochlubit 10 odborn\u011b vytvo\u0159en\u00fdmi p\u0159\u00edchut\u011bmi, z nich\u017e ka\u017ed\u00e1 je navr\u017eena tak, aby nab\u00eddla osobit\u00fd a uspokojiv\u00fd z\u00e1\u017eitek z vapov\u00e1n\u00ed. Ur\u010dit\u011b se pro v\u00e1s n\u011bco najde!<\/p>\n<p>1. Dv\u011b jablka<span style=\"color: #ff0000\"><strong>&gt;&gt;&gt;&gt;\u017dhav\u00e9!<\/strong><\/span><br \/>\n2. Hrozen m\u00e1ta<br \/>\n3. Bohat\u00e1 ledov\u00e1<span style=\"color: #ff0000\"><strong>&gt;&gt;&gt;&gt;Nejlep\u0161\u00ed!<\/strong><\/span><br \/>\n4. T\u0159e\u0161e\u0148 malina<br \/>\n5.Broskvov\u00fd led<br \/>\n6. L\u00e1ska 66<br \/>\n7. Jasn\u00fd sen<br \/>\n8. Strawberry Punch<br \/>\n9. Bor\u016fvkov\u00e1 \u017ev\u00fdka\u010dka<span style=\"color: #ff0000\"><strong>&gt;&gt;&gt;&gt;\u017dhav\u00e9!<\/strong><\/span><br \/>\n10. Berrry Ice<\/p>\n<p>&nbsp;<\/p>\n<p><img loading=\"lazy\" decoding=\"async\" class=\"size-medium wp-image-2046\" src=\"https:\/\/rmvapesale.com\/wp-content\/uploads\/2024\/09\/Evappe-Deluxe-Bar-18k-Puffs--300x300.jpg\" alt=\"Evappe Deluxe Bar 18k P\u0159\u00edchut\u00ed\" width=\"300\" height=\"300\" srcset=\"https:\/\/rmvapesale.com\/wp-content\/uploads\/2024\/09\/Evappe-Deluxe-Bar-18k-Puffs--300x300.jpg 300w, https:\/\/rmvapesale.com\/wp-content\/uploads\/2024\/09\/Evappe-Deluxe-Bar-18k-Puffs--150x150.jpg 150w, https:\/\/rmvapesale.com\/wp-content\/uploads\/2024\/09\/Evappe-Deluxe-Bar-18k-Puffs--768x768.jpg 768w, https:\/\/rmvapesale.com\/wp-content\/uploads\/2024\/09\/Evappe-Deluxe-Bar-18k-Puffs--600x600.jpg 600w, https:\/\/rmvapesale.com\/wp-content\/uploads\/2024\/09\/Evappe-Deluxe-Bar-18k-Puffs--100x100.jpg 100w, https:\/\/rmvapesale.com\/wp-content\/uploads\/2024\/09\/Evappe-Deluxe-Bar-18k-Puffs-.jpg 800w\" sizes=\"auto, (max-width: 300px) 100vw, 300px\" \/><\/p>\n<h2><strong>Ot\u00e1zky, kter\u00e9 byste mohli m\u00edt ohledn\u011b Evappe Deluxe Bar 18k Puffs\u00a0<\/strong><\/h2>\n<p>&nbsp;<\/p>\n<p><strong>1. Kolik potah\u016f nab\u00edz\u00ed Evappe Deluxe Bar 18k?<\/strong><br \/>\nTento velkokapacitn\u00ed jednor\u00e1zov\u00fd vaporiz\u00e9r nab\u00edz\u00ed p\u0159ibli\u017en\u011b 18 000 potah\u016f.<\/p>\n<p><strong>2. Je Evappe Deluxe Bar 18k leg\u00e1ln\u00ed k pou\u017eit\u00ed v \u010cesk\u00e9 republice?<\/strong><br \/>\nAno, Evappe Deluxe Bar 18k je leg\u00e1ln\u00ed k pou\u017eit\u00ed v \u010cesk\u00e9 republice.<\/p>\n<p><strong>3. Jak dlouho vydr\u017e\u00ed Evappe Deluxe Bar 18k?<\/strong><br \/>\nJeho \u017eivotnost se li\u0161\u00ed v z\u00e1vislosti na zvyklostech u\u017e\u00edv\u00e1n\u00ed, ale s kapacitou 15 000 potah\u016f a dob\u00edjec\u00ed 650mAh bateri\u00ed zaji\u0161\u0165uje prodlou\u017een\u00e9 vapovac\u00ed seance.<\/p>\n<p><strong>4. Lze Evappe Deluxe Bar 18k dob\u00edjet?<\/strong><br \/>\nAno, Evappe Deluxe Bar 18k je dob\u00edjec\u00ed a m\u00e1 port Type-C pro snadn\u00e9 nab\u00edjen\u00ed.<\/p>\n<p>&nbsp;<\/p>\n<h3><b>\u010casto kladen\u00e9 ot\u00e1zky<\/b><\/h3>\n<p>&nbsp;<\/p>\n<div class=\"flex-shrink-0 flex flex-col relative items-end\">\n<div>\n<div class=\"pt-0\">\n<div class=\"gizmo-bot-avatar flex h-8 w-8 items-center justify-center overflow-hidden rounded-full\">\n<div class=\"relative p-1 rounded-sm flex items-center justify-center bg-token-main-surface-primary text-token-text-primary h-8 w-8\"><strong>Jak\u00e9 zp\u016fsoby dopravy se pou\u017e\u00edvaj\u00ed?<\/strong><\/div>\n<\/div>\n<\/div>\n<\/div>\n<\/div>\n<div class=\"group\/conversation-turn relative flex w-full min-w-0 flex-col agent-turn\">\n<div class=\"flex-col gap-1 md:gap-3\">\n<div class=\"flex max-w-full flex-col flex-grow\">\n<div class=\"min-h-[20px] text-message flex w-full flex-col items-end gap-2 whitespace-normal break-words [.text-message+&amp;]:mt-5 overflow-x-auto\" dir=\"auto\" data-message-author-role=\"assistant\" data-message-id=\"22f8283b-3233-46ff-89a5-c7a41b33abda\">\n<div class=\"flex w-full flex-col gap-1 empty:hidden first:pt-[3px]\">\n<div class=\"markdown prose w-full break-words dark:prose-invert light\">\n<p>Spolupracujeme s UPS, DHL, FedEx, DPD a dal\u0161\u00edmi p\u0159edn\u00edmi p\u0159epravci. Vybereme nejlep\u0161\u00ed zp\u016fsob dopravy na z\u00e1klad\u011b va\u0161\u00ed doru\u010dovac\u00ed lokality, abychom zajistili, \u017ee sv\u00e9 produkty obdr\u017e\u00edte co nejrychleji.<\/p>\n<p>&nbsp;<\/p>\n<\/div>\n<p><strong>Jak dlouho trv\u00e1 doru\u010den\u00ed?<\/strong><\/p>\n<p>Obvykle doraz\u00ed do \u010cesk\u00e9 republiky do 10 pracovn\u00edch dn\u016f.<\/p>\n<p>Do evropsk\u00fdch zem\u00ed obvykle trv\u00e1 p\u0159ibli\u017en\u011b 12-15 pracovn\u00edch dn\u016f.<\/p>\n<p>Budeme v\u00e1m poskytovat aktu\u00e1ln\u00ed informace o stavu va\u0161\u00ed z\u00e1silky.<\/p>\n<p>&nbsp;<\/p>\n<\/div>\n<p><strong>Z\u00e1ruka<\/strong><\/p>\n<p><span style=\"color: #ff0000\"><strong>Na v\u0161echny produkty v na\u0161em obchod\u011b se vztahuje z\u00e1ruka 100% originality a autenti\u010dnosti. Nab\u00edz\u00edme 10n\u00e1sobnou kompenzaci za pad\u011blan\u00e9 zbo\u017e\u00ed!<\/strong><\/span><\/p>\n<div class=\"flex w-full flex-col gap-1 empty:hidden first:pt-[3px]\">\n<p>&nbsp;<\/p>\n<\/div>\n<\/div>\n<\/div>\n<\/div>\n<\/div>\n<p>&nbsp;<\/p>\n<p>Dal\u0161\u00ed obl\u00edben\u00e9 jednor\u00e1zov\u00e9 e-cigarety, kter\u00e9 by se v\u00e1m mohly l\u00edbit:<\/p>\n<p><strong><a href=\"https:\/\/rmvapesale.com\/cs\/product\/wga-crystal-plus-20000-puff-dual-flavour-disposable-vape\/\">WGA Crystal Plus 20000<\/a><\/strong><\/p>\n<p><a href=\"https:\/\/rmvapesale.com\/cs\/product\/waspe-tornado-15000-puffs-original-factory-price\/\"><strong>Waspe Tornado 15000 pot\u00e1hnut\u00ed<\/strong><\/a><\/p>\n<p><a href=\"https:\/\/rmvapesale.com\/cs\/product\/waspe-digital-box-12000-puffs-wholesale-disposable-vape\/\"><strong>WASPE Digital Box 12000 pot\u00e1hnut\u00ed<\/strong><\/a><\/p>\n<p>&nbsp;<\/p>\n<p>&nbsp;<\/p>\n<p>Naj\u00edt v\u00edce produkt\u016f pro vaping, kter\u00e9 by se v\u00e1m mohly l\u00edbit:<strong><em><a href=\"https:\/\/rmvapesale.com\/cs\/shop-2\/\">nakupujte nyn\u00ed &gt;&gt;&gt;<\/a><\/em><\/strong><\/p>","protected":false},"excerpt":{"rendered":"<p>Evappe Deluxe Bar Jednor\u00e1zov\u00e1 e-cigareta 18000 pot\u00e1hnut\u00ed<br \/>\nOrigin\u00e1ln\u00ed Evappe Shisha Deluxe Bar 18000 pot\u00e1hnut\u00ed<br \/>\nEvappe Deluxe Bar 18000 pot\u00e1hnut\u00ed 10 p\u0159\u00edchut\u00ed Vape Pen<br \/>\nEvappe Deluxe Bar 18000 pot\u00e1hnut\u00ed LED obrazovka Puff 18k Jednor\u00e1zov\u00e1 e-cigareta<\/p>\n<p><strong>Kontaktujte Amy pro v\u011bt\u0161\u00ed slevu a ni\u017e\u0161\u00ed MOQ Vape<\/strong><\/p>\n<p><img loading=\"lazy\" decoding=\"async\" class=\"size-full wp-image-1978\" src=\"https:\/\/rmvapesale.com\/wp-content\/uploads\/2024\/09\/Disposable-Vape-Wholesale.jpg\" alt=\"Jednor\u00e1zov\u00e1 e-cigareta velkoobchod\" width=\"229\" height=\"300\" \/><\/p>\n<h3><span style=\"color: #ff0000\"><strong>WhatsApp: +86 17776015835<\/strong><\/span><\/h3>","protected":false},"featured_media":2047,"comment_status":"open","ping_status":"closed","template":"","meta":{"_uag_custom_page_level_css":"","_lmt_disableupdate":"no","_lmt_disable":"","site-sidebar-layout":"default","site-content-layout":"content-boxed-container","ast-site-content-layout":"normal-width-container","site-content-style":"boxed","site-sidebar-style":"unboxed","ast-global-header-display":"","ast-banner-title-visibility":"","ast-main-header-display":"","ast-hfb-above-header-display":"","ast-hfb-below-header-display":"","ast-hfb-mobile-header-display":"","site-post-title":"","ast-breadcrumbs-content":"","ast-featured-img":"","footer-sml-layout":"","theme-transparent-header-meta":"default","adv-header-id-meta":"","stick-header-meta":"","header-above-stick-meta":"","header-main-stick-meta":"","header-below-stick-meta":"","astra-migrate-meta-layouts":"set","ast-page-background-enabled":"default","ast-page-background-meta":{"desktop":{"background-color":"var(--ast-global-color-4)","background-image":"","background-repeat":"repeat","background-position":"center center","background-size":"auto","background-attachment":"scroll","background-type":"","background-media":"","overlay-type":"","overlay-color":"","overlay-opacity":"","overlay-gradient":""},"tablet":{"background-color":"","background-image":"","background-repeat":"repeat","background-position":"center center","background-size":"auto","background-attachment":"scroll","background-type":"","background-media":"","overlay-type":"","overlay-color":"","overlay-opacity":"","overlay-gradient":""},"mobile":{"background-color":"","background-image":"","background-repeat":"repeat","background-position":"center center","background-size":"auto","background-attachment":"scroll","background-type":"","background-media":"","overlay-type":"","overlay-color":"","overlay-opacity":"","overlay-gradient":""}},"ast-content-background-meta":{"desktop":{"background-color":"var(--ast-global-color-5)","background-image":"","background-repeat":"repeat","background-position":"center center","background-size":"auto","background-attachment":"scroll","background-type":"","background-media":"","overlay-type":"","overlay-color":"","overlay-opacity":"","overlay-gradient":""},"tablet":{"background-color":"var(--ast-global-color-5)","background-image":"","background-repeat":"repeat","background-position":"center center","background-size":"auto","background-attachment":"scroll","background-type":"","background-media":"","overlay-type":"","overlay-color":"","overlay-opacity":"","overlay-gradient":""},"mobile":{"background-color":"var(--ast-global-color-5)","background-image":"","background-repeat":"repeat","background-position":"center center","background-size":"auto","background-attachment":"scroll","background-type":"","background-media":"","overlay-type":"","overlay-color":"","overlay-opacity":"","overlay-gradient":""}},"_joinchat":[]},"product_brand":[],"product_cat":[15,289,291,292,293,295,296,299,25,123,26,28,135,27,137,136,30],"product_tag":[72,57,58,71,73],"class_list":{"0":"post-2045","1":"product","2":"type-product","3":"status-publish","4":"has-post-thumbnail","6":"product_cat-new-vape-this-week","7":"product_cat-big-puffs-disposable-vapes","8":"product_cat-dual-mesh-disposable-vapes","9":"product_cat-digital-disposable-vapes","10":"product_cat-low-nicotine-disposable-vapes","11":"product_cat-rechargeable-disposable-vapes","12":"product_cat-shisha-hookah-disposable-vapes","13":"product_cat-smart-screen-disposable-vapes","14":"product_cat-germany-best-selling-vape","15":"product_cat-italy-wholesale-vape","16":"product_cat-netherlands-hot-sale-vape","17":"product_cat-poland-hot-sale-vape","18":"product_cat-spain-best-hot-sale-vape","19":"product_cat-fance-hot-sale-vape","20":"product_cat-rechargeable-vapes","21":"product_cat-smart-screen-vapes","22":"product_cat-minimum-order-quantity-50pcs","23":"product_tag-deluxe-bar-18000puff","24":"product_tag-disposable-vape-wholesale-supplier","25":"product_tag-electric-cigarettes","26":"product_tag-evappe","27":"product_tag-led-screem-vape","28":"desktop-align-left","29":"tablet-align-left","30":"mobile-align-left","32":"first","33":"instock","34":"sale","35":"shipping-taxable","36":"purchasable","37":"product-type-simple"},"uagb_featured_image_src":{"full":["https:\/\/rmvapesale.com\/wp-content\/uploads\/2024\/09\/Evappe-Deluxe-Bar-18000-Disposable-Vape.png",788,788,false],"thumbnail":["https:\/\/rmvapesale.com\/wp-content\/uploads\/2024\/09\/Evappe-Deluxe-Bar-18000-Disposable-Vape-150x150.png",150,150,true],"medium":["https:\/\/rmvapesale.com\/wp-content\/uploads\/2024\/09\/Evappe-Deluxe-Bar-18000-Disposable-Vape-300x300.png",300,300,true],"medium_large":["https:\/\/rmvapesale.com\/wp-content\/uploads\/2024\/09\/Evappe-Deluxe-Bar-18000-Disposable-Vape-768x768.png",768,768,true],"large":["https:\/\/rmvapesale.com\/wp-content\/uploads\/2024\/09\/Evappe-Deluxe-Bar-18000-Disposable-Vape.png",788,788,false],"1536x1536":["https:\/\/rmvapesale.com\/wp-content\/uploads\/2024\/09\/Evappe-Deluxe-Bar-18000-Disposable-Vape.png",788,788,false],"2048x2048":["https:\/\/rmvapesale.com\/wp-content\/uploads\/2024\/09\/Evappe-Deluxe-Bar-18000-Disposable-Vape.png",788,788,false],"trp-custom-language-flag":["https:\/\/rmvapesale.com\/wp-content\/uploads\/2024\/09\/Evappe-Deluxe-Bar-18000-Disposable-Vape.png",12,12,false],"woocommerce_thumbnail":["https:\/\/rmvapesale.com\/wp-content\/uploads\/2024\/09\/Evappe-Deluxe-Bar-18000-Disposable-Vape-300x300.png",300,300,true],"woocommerce_single":["https:\/\/rmvapesale.com\/wp-content\/uploads\/2024\/09\/Evappe-Deluxe-Bar-18000-Disposable-Vape-600x600.png",600,600,true],"woocommerce_gallery_thumbnail":["https:\/\/rmvapesale.com\/wp-content\/uploads\/2024\/09\/Evappe-Deluxe-Bar-18000-Disposable-Vape-100x100.png",100,100,true],"wcpr-photo-reviews":["https:\/\/rmvapesale.com\/wp-content\/uploads\/2024\/09\/Evappe-Deluxe-Bar-18000-Disposable-Vape.png",500,500,false]},"uagb_author_info":{"display_name":"AMY","author_link":"https:\/\/rmvapesale.com\/cs\/author\/"},"uagb_comment_info":0,"uagb_excerpt":"Evappe Deluxe Bar Disposable Vape 18000 Puffs Original Evappe Shisha Deluxe Bar 18000 Puffs Evappe Deluxe Bar 18000 Puffs 10 Flavours Vape Pen Evappe Deluxe Bar 18000 Puffs LED Screen Puff 18k Disposable Vape Contact Amy For More Discount And Lower MOQ Vape WhatsApp: +86 17776015835","_links":{"self":[{"href":"https:\/\/rmvapesale.com\/cs\/wp-json\/wp\/v2\/product\/2045","targetHints":{"allow":["GET"]}}],"collection":[{"href":"https:\/\/rmvapesale.com\/cs\/wp-json\/wp\/v2\/product"}],"about":[{"href":"https:\/\/rmvapesale.com\/cs\/wp-json\/wp\/v2\/types\/product"}],"replies":[{"embeddable":true,"href":"https:\/\/rmvapesale.com\/cs\/wp-json\/wp\/v2\/comments?post=2045"}],"wp:featuredmedia":[{"embeddable":true,"href":"https:\/\/rmvapesale.com\/cs\/wp-json\/wp\/v2\/media\/2047"}],"wp:attachment":[{"href":"https:\/\/rmvapesale.com\/cs\/wp-json\/wp\/v2\/media?parent=2045"}],"wp:term":[{"taxonomy":"product_brand","embeddable":true,"href":"https:\/\/rmvapesale.com\/cs\/wp-json\/wp\/v2\/product_brand?post=2045"},{"taxonomy":"product_cat","embeddable":true,"href":"https:\/\/rmvapesale.com\/cs\/wp-json\/wp\/v2\/product_cat?post=2045"},{"taxonomy":"product_tag","embeddable":true,"href":"https:\/\/rmvapesale.com\/cs\/wp-json\/wp\/v2\/product_tag?post=2045"}],"curies":[{"name":"wp","href":"https:\/\/api.w.org\/{rel}","templated":true}]}}