{"id":2054,"date":"2024-09-20T02:34:42","date_gmt":"2024-09-20T02:34:42","guid":{"rendered":"https:\/\/rmvapesale.com\/?post_type=product&#038;p=2054"},"modified":"2025-01-21T09:14:46","modified_gmt":"2025-01-21T09:14:46","slug":"wga-crystal-plus-smart-16000-disposable-vape","status":"publish","type":"product","link":"https:\/\/rmvapesale.com\/cs\/product\/wga-crystal-plus-smart-16000-disposable-vape\/","title":{"rendered":"WGA Crystal Plus Smart 16000 Jednor\u00e1zov\u00fd vape"},"content":{"rendered":"<h3 class=\"LC20lb MBeuO DKV0Md\">WGA Crystal Plus Smart 16000 Jednor\u00e1zov\u00fd vape<\/h3>\n<p>Zvy\u0161te sv\u016fj z\u00e1\u017eitek z vapov\u00e1n\u00ed s WGA Crystal Plus Smart 16000 Jednor\u00e1zov\u00fdm vaporiz\u00e9rem s n\u00e1ustkem, nyn\u00ed dostupn\u00fdm. Navr\u017een\u00fd pro n\u00e1ro\u010dn\u00e9 vapery, toto inovativn\u00ed za\u0159\u00edzen\u00ed nab\u00edz\u00ed impozantn\u00edch 16 000 pot\u00e1hnut\u00ed nep\u0159eru\u0161ovan\u00e9 spokojenosti.<\/p>\n<p>Co odli\u0161uje Crystal Plus Smart na p\u0159epln\u011bn\u00e9m trhu, je kombinace pokro\u010dil\u00e9 technologie a elegantn\u00edho designu. S nejmodern\u011bj\u0161\u00edm s\u00ed\u0165ov\u00fdm syst\u00e9mem c\u00edvky poskytuje hladk\u00e9, konzistentn\u00ed vapov\u00e1n\u00ed p\u0159i ka\u017ed\u00e9m pot\u00e1hnut\u00ed. U\u017eijte si bohat\u00e9 chut\u011b a hust\u00e9 mraky d\u00edky optimalizovan\u00e9mu proud\u011bn\u00ed vzduchu a \u0161pi\u010dkov\u00e9 technologii c\u00edvky.<\/p>\n<p>Napln\u011bn\u00fd pr\u00e9miov\u00fdm e-liquidem, Crystal Plus Smart nab\u00edz\u00ed \u0161irokou \u0161k\u00e1lu lahodn\u00fdch p\u0159\u00edchut\u00ed, kter\u00e9 pot\u011b\u0161\u00ed ka\u017ed\u00e9 patro \u2014 a\u0165 u\u017e m\u00e1te r\u00e1di ovocn\u00e9, mentolov\u00e9 nebo dezertn\u00ed varianty, pro ka\u017ed\u00e9ho je n\u011bco.<\/p>\n<p>P\u0159iv\u00edtejte budoucnost vapov\u00e1n\u00ed s WGA Crystal Plus Smart Jednor\u00e1zov\u00fdm vaporiz\u00e9rem s n\u00e1ustkem, nyn\u00ed dostupn\u00fdm, kde kvalita potk\u00e1v\u00e1 pohodl\u00ed.<\/p>\n<p><strong>P\u0159idejte AMY na WhatsApp a z\u00edskejte v\u011bt\u0161\u00ed slevu!<\/strong><\/p>\n<p><img loading=\"lazy\" decoding=\"async\" class=\"size-full wp-image-1978\" src=\"https:\/\/rmvapesale.com\/wp-content\/uploads\/2024\/09\/Disposable-Vape-Wholesale.jpg\" alt=\"Jednor\u00e1zov\u00e1 e-cigareta velkoobchod\" width=\"229\" height=\"300\" \/><\/p>\n<h3><span style=\"color: #ff0000\"><strong>WhatsApp: +86 17776015835<\/strong><\/span><\/h3>\n<p>&nbsp;<\/p>\n<h2>Parametry WGA Crystal Plus Smart 16000<\/h2>\n<p>Pot\u00e1hnut\u00ed: 20000 pot\u00e1hnut\u00ed<br \/>\nBaterie: 650mAh<br \/>\nE-Liquid: 15ml*2<br \/>\nS\u00edla nikotinu: 2 % 5 %<br \/>\nDob\u00edjec\u00ed p\u0159es USB-C<\/p>\n<h2><\/h2>\n<p>&nbsp;<\/p>\n<h2>Seznam p\u0159\u00edchut\u00ed WGA Crystal Smart 16000<\/h2>\n<p>&nbsp;<\/p>\n<p>1. Ban\u00e1nov\u00fd led<br \/>\n2. Modr\u00fd Razz T\u0159e\u0161e\u0148<br \/>\n3. Modr\u00fd Razz Led<br \/>\n4. Bor\u016fvka T\u0159e\u0161e\u0148 Brusinka<br \/>\n5. Bor\u016fvka Malina<br \/>\n6. Bor\u016fvka Kysel\u00e1 Malina<br \/>\n7. T\u0159e\u0161e\u0148 Led<br \/>\n8.Fizzy Cherry<br \/>\n9.Fresh Mint<br \/>\n10.Gummy Bear<br \/>\n11.Hubba Bubba<br \/>\n12.Juicy Peach<br \/>\n13.Lemon &amp; Lime<br \/>\n14.Mr Blue<br \/>\n15.Red Apple Ice<br \/>\n16.Skittles<br \/>\n17.Jahoda Malina T\u0159e\u0161e\u0148<br \/>\n18.L\u00e9to Sn\u016f<br \/>\n19.Vimto Bull<br \/>\n20.Vodn\u00ed Meloun Ice<\/p>\n<div class=\"mceTemp\"><\/div>\n<h4><\/h4>\n<h4>FAQ:<\/h4>\n<p>&nbsp;<\/p>\n<p><strong>1. Jak dlouho vydr\u017e\u00ed za\u0159\u00edzen\u00ed oneWGA Crystal Plus Smart 16k?<\/strong><br \/>\nP\u0159i spr\u00e1vn\u00e9m pou\u017e\u00edv\u00e1n\u00ed m\u016f\u017ee ka\u017ed\u00e9 za\u0159\u00edzen\u00ed poskytnout kolem 20 000 potah\u016f, co\u017e v\u011bt\u0161in\u011b u\u017eivatel\u016f vydr\u017e\u00ed n\u011bkolik t\u00fddn\u016f.<\/p>\n<p><strong>2. Mohu dob\u00edjet WGA Crystal Smart 16000?<\/strong><br \/>\nAno, tento jednor\u00e1zov\u00fd vaporiz\u00e9r m\u00e1 dob\u00edjecou baterii, kterou m\u016f\u017eete dob\u00edt, kdy\u017e dojde energie.<\/p>\n<p><strong>3. Je WGA Crystal Smart 16000 vhodn\u00fd pro za\u010d\u00e1te\u010dn\u00edky?<\/strong><br \/>\nAbsolutn\u011b! Jeho u\u017eivatelsky p\u0159\u00edv\u011btiv\u00fd design ho \u010din\u00ed perfektn\u00edm jak pro nov\u00e9, tak i pro zku\u0161en\u00e9 vapery.<\/p>\n<p>&nbsp;<\/p>\n<p>Dal\u0161\u00ed obl\u00edben\u00e9 jednor\u00e1zov\u00e9 e-cigarety, kter\u00e9 by se v\u00e1m mohly l\u00edbit:<\/p>\n<p><a href=\"https:\/\/rmvapesale.com\/cs\/product\/waspe-12000-puffs-disposable-vape-pen\/\"><strong>WGA Crystal Pro Max Extra 15000<\/strong><\/a><em><a href=\"https:\/\/rmvapesale.com\/cs\/product\/wga-crystal-pro-max-extra-15k-puffs-disposable-vape-wholesale\/\"><strong> &gt;&gt;&gt;Nakupovat<\/strong><\/a><\/em><\/p>\n<p><strong><a href=\"https:\/\/rmvapesale.com\/cs\/product\/wga-crystal-plus-20000-puff-dual-flavour-disposable-vape\/\">WGA Crystal Plus 20000<\/a><\/strong><em><strong><a href=\"https:\/\/rmvapesale.com\/cs\/product\/wga-crystal-plus-20000-puff-dual-flavour-disposable-vape\/\">\u00a0 &gt;&gt;&gt;Nakupovat<\/a><\/strong><\/em><\/p>\n<p><a href=\"https:\/\/rmvapesale.com\/cs\/product\/fihp-shisha-hookah-15000-pro-disposable-vape-wholesale\/\"><strong>FIHP 15000 potah\u016f <\/strong><\/a><strong><em><a href=\"https:\/\/rmvapesale.com\/cs\/product\/waspe-12000-puffs-disposable-vape-pen\/\">&gt;&gt;&gt;Nakupovat<\/a><\/em><\/strong><\/p>\n<p>&nbsp;<\/p>\n<p>&nbsp;<\/p>\n<p>Naj\u00edt v\u00edce produkt\u016f pro vaping, kter\u00e9 by se v\u00e1m mohly l\u00edbit:<em><a href=\"https:\/\/rmvapesale.com\/cs\/shop-2\/\">nakupovat nyn\u00ed\u00a0<\/a><\/em><\/p>\n<p>&nbsp;<\/p>","protected":false},"excerpt":{"rendered":"<p class=\"LC20lb MBeuO DKV0Md\">WGA Crystal Plus Smart 16000 Jednor\u00e1zov\u00fd vaporiz\u00e9r s n\u00e1ustkem<br \/>\nWGA Crystal Plus Smart 16000 Velkoobchod s jednor\u00e1zov\u00fdmi vaporiz\u00e9ry<br \/>\nWGA Crystal Plus Smart 16K Cena od v\u00fdrobce<\/p>\n<p class=\"LC20lb MBeuO DKV0Md\"><strong>Kontaktujte Amy pro v\u011bt\u0161\u00ed slevu a ni\u017e\u0161\u00ed MOQ Vape<\/strong><\/p>\n<p><img loading=\"lazy\" decoding=\"async\" class=\"size-medium wp-image-1814\" src=\"https:\/\/rmvapesale.com\/wp-content\/uploads\/2024\/04\/whatsapp-amy-229x300.jpg\" alt=\"whatsapp amy\" width=\"229\" height=\"300\" srcset=\"https:\/\/rmvapesale.com\/wp-content\/uploads\/2024\/04\/whatsapp-amy-229x300.jpg 229w, https:\/\/rmvapesale.com\/wp-content\/uploads\/2024\/04\/whatsapp-amy-783x1024.jpg 783w, https:\/\/rmvapesale.com\/wp-content\/uploads\/2024\/04\/whatsapp-amy-768x1005.jpg 768w, https:\/\/rmvapesale.com\/wp-content\/uploads\/2024\/04\/whatsapp-amy-600x785.jpg 600w, https:\/\/rmvapesale.com\/wp-content\/uploads\/2024\/04\/whatsapp-amy.jpg 990w\" sizes=\"auto, (max-width: 229px) 100vw, 229px\" \/><\/p>\n<h3><span style=\"color: #ff0000\"><strong>WhatsApp: +86 17776015835<\/strong><\/span><\/h3>","protected":false},"featured_media":2062,"comment_status":"open","ping_status":"closed","template":"","meta":{"_uag_custom_page_level_css":"","_lmt_disableupdate":"no","_lmt_disable":"","site-sidebar-layout":"default","site-content-layout":"content-boxed-container","ast-site-content-layout":"normal-width-container","site-content-style":"boxed","site-sidebar-style":"unboxed","ast-global-header-display":"","ast-banner-title-visibility":"","ast-main-header-display":"","ast-hfb-above-header-display":"","ast-hfb-below-header-display":"","ast-hfb-mobile-header-display":"","site-post-title":"","ast-breadcrumbs-content":"","ast-featured-img":"","footer-sml-layout":"","ast-disable-related-posts":"","theme-transparent-header-meta":"default","adv-header-id-meta":"","stick-header-meta":"","header-above-stick-meta":"","header-main-stick-meta":"","header-below-stick-meta":"","astra-migrate-meta-layouts":"set","ast-page-background-enabled":"default","ast-page-background-meta":{"desktop":{"background-color":"var(--ast-global-color-4)","background-image":"","background-repeat":"repeat","background-position":"center center","background-size":"auto","background-attachment":"scroll","background-type":"","background-media":"","overlay-type":"","overlay-color":"","overlay-opacity":"","overlay-gradient":""},"tablet":{"background-color":"","background-image":"","background-repeat":"repeat","background-position":"center center","background-size":"auto","background-attachment":"scroll","background-type":"","background-media":"","overlay-type":"","overlay-color":"","overlay-opacity":"","overlay-gradient":""},"mobile":{"background-color":"","background-image":"","background-repeat":"repeat","background-position":"center center","background-size":"auto","background-attachment":"scroll","background-type":"","background-media":"","overlay-type":"","overlay-color":"","overlay-opacity":"","overlay-gradient":""}},"ast-content-background-meta":{"desktop":{"background-color":"var(--ast-global-color-5)","background-image":"","background-repeat":"repeat","background-position":"center center","background-size":"auto","background-attachment":"scroll","background-type":"","background-media":"","overlay-type":"","overlay-color":"","overlay-opacity":"","overlay-gradient":""},"tablet":{"background-color":"var(--ast-global-color-5)","background-image":"","background-repeat":"repeat","background-position":"center center","background-size":"auto","background-attachment":"scroll","background-type":"","background-media":"","overlay-type":"","overlay-color":"","overlay-opacity":"","overlay-gradient":""},"mobile":{"background-color":"var(--ast-global-color-5)","background-image":"","background-repeat":"repeat","background-position":"center center","background-size":"auto","background-attachment":"scroll","background-type":"","background-media":"","overlay-type":"","overlay-color":"","overlay-opacity":"","overlay-gradient":""}},"_joinchat":[]},"product_brand":[],"product_cat":[25,289,290,292,291,27,123,293,30,26,15,28,295,137,296,299,136,135,283],"product_tag":[66,40,41,75,74,69,37],"class_list":{"0":"post-2054","1":"product","2":"type-product","3":"status-publish","4":"has-post-thumbnail","6":"product_cat-germany-best-selling-vape","7":"product_cat-big-puffs-disposable-vapes","8":"product_cat-crystal-disposable-vapes","9":"product_cat-digital-disposable-vapes","10":"product_cat-dual-mesh-disposable-vapes","11":"product_cat-fance-hot-sale-vape","12":"product_cat-italy-wholesale-vape","13":"product_cat-low-nicotine-disposable-vapes","14":"product_cat-minimum-order-quantity-50pcs","15":"product_cat-netherlands-hot-sale-vape","16":"product_cat-new-vape-this-week","17":"product_cat-poland-hot-sale-vape","18":"product_cat-rechargeable-disposable-vapes","19":"product_cat-rechargeable-vapes","20":"product_cat-shisha-hookah-disposable-vapes","21":"product_cat-smart-screen-disposable-vapes","22":"product_cat-smart-screen-vapes","23":"product_cat-spain-best-hot-sale-vape","24":"product_cat-wga-vape","25":"product_tag-disposable-vape","26":"product_tag-hot-sale-vape","27":"product_tag-original-factory-vape","28":"product_tag-wga-crystal-plus-smart-16000","29":"product_tag-wga-crystal-plus-smart-16k","30":"product_tag-wga-vape","31":"product_tag-wholesale-vape-price","32":"desktop-align-left","33":"tablet-align-left","34":"mobile-align-left","36":"first","37":"instock","38":"sale","39":"shipping-taxable","40":"purchasable","41":"product-type-simple"},"uagb_featured_image_src":{"full":["https:\/\/rmvapesale.com\/wp-content\/uploads\/2024\/09\/WGA-Crystal-Plus-Smart-16000-Watermelon-Ice.png",800,800,false],"thumbnail":["https:\/\/rmvapesale.com\/wp-content\/uploads\/2024\/09\/WGA-Crystal-Plus-Smart-16000-Watermelon-Ice-150x150.png",150,150,true],"medium":["https:\/\/rmvapesale.com\/wp-content\/uploads\/2024\/09\/WGA-Crystal-Plus-Smart-16000-Watermelon-Ice-300x300.png",300,300,true],"medium_large":["https:\/\/rmvapesale.com\/wp-content\/uploads\/2024\/09\/WGA-Crystal-Plus-Smart-16000-Watermelon-Ice-768x768.png",768,768,true],"large":["https:\/\/rmvapesale.com\/wp-content\/uploads\/2024\/09\/WGA-Crystal-Plus-Smart-16000-Watermelon-Ice.png",800,800,false],"1536x1536":["https:\/\/rmvapesale.com\/wp-content\/uploads\/2024\/09\/WGA-Crystal-Plus-Smart-16000-Watermelon-Ice.png",800,800,false],"2048x2048":["https:\/\/rmvapesale.com\/wp-content\/uploads\/2024\/09\/WGA-Crystal-Plus-Smart-16000-Watermelon-Ice.png",800,800,false],"trp-custom-language-flag":["https:\/\/rmvapesale.com\/wp-content\/uploads\/2024\/09\/WGA-Crystal-Plus-Smart-16000-Watermelon-Ice.png",12,12,false],"woocommerce_thumbnail":["https:\/\/rmvapesale.com\/wp-content\/uploads\/2024\/09\/WGA-Crystal-Plus-Smart-16000-Watermelon-Ice-300x300.png",300,300,true],"woocommerce_single":["https:\/\/rmvapesale.com\/wp-content\/uploads\/2024\/09\/WGA-Crystal-Plus-Smart-16000-Watermelon-Ice-600x600.png",600,600,true],"woocommerce_gallery_thumbnail":["https:\/\/rmvapesale.com\/wp-content\/uploads\/2024\/09\/WGA-Crystal-Plus-Smart-16000-Watermelon-Ice-100x100.png",100,100,true],"wcpr-photo-reviews":["https:\/\/rmvapesale.com\/wp-content\/uploads\/2024\/09\/WGA-Crystal-Plus-Smart-16000-Watermelon-Ice.png",500,500,false]},"uagb_author_info":{"display_name":"AMY","author_link":"https:\/\/rmvapesale.com\/cs\/author\/"},"uagb_comment_info":0,"uagb_excerpt":"WGA Crystal Plus Smart 16000 Puffs Disposable Vape Pod WGA Crystal Plus Smart 16000 Disposable Vape Wholesale WGA Crystal Plus Smart 16K Puffs Facotory Price Contact Amy For More Discount And Lower MOQ Vape WhatsApp: +86 17776015835","_links":{"self":[{"href":"https:\/\/rmvapesale.com\/cs\/wp-json\/wp\/v2\/product\/2054","targetHints":{"allow":["GET"]}}],"collection":[{"href":"https:\/\/rmvapesale.com\/cs\/wp-json\/wp\/v2\/product"}],"about":[{"href":"https:\/\/rmvapesale.com\/cs\/wp-json\/wp\/v2\/types\/product"}],"replies":[{"embeddable":true,"href":"https:\/\/rmvapesale.com\/cs\/wp-json\/wp\/v2\/comments?post=2054"}],"wp:featuredmedia":[{"embeddable":true,"href":"https:\/\/rmvapesale.com\/cs\/wp-json\/wp\/v2\/media\/2062"}],"wp:attachment":[{"href":"https:\/\/rmvapesale.com\/cs\/wp-json\/wp\/v2\/media?parent=2054"}],"wp:term":[{"taxonomy":"product_brand","embeddable":true,"href":"https:\/\/rmvapesale.com\/cs\/wp-json\/wp\/v2\/product_brand?post=2054"},{"taxonomy":"product_cat","embeddable":true,"href":"https:\/\/rmvapesale.com\/cs\/wp-json\/wp\/v2\/product_cat?post=2054"},{"taxonomy":"product_tag","embeddable":true,"href":"https:\/\/rmvapesale.com\/cs\/wp-json\/wp\/v2\/product_tag?post=2054"}],"curies":[{"name":"wp","href":"https:\/\/api.w.org\/{rel}","templated":true}]}}