{"id":2065,"date":"2024-09-20T06:15:37","date_gmt":"2024-09-20T06:15:37","guid":{"rendered":"https:\/\/rmvapesale.com\/?post_type=product&#038;p=2065"},"modified":"2025-01-21T09:15:27","modified_gmt":"2025-01-21T09:15:27","slug":"bang-box-12000-puffs-disposable-vape-best-price","status":"publish","type":"product","link":"https:\/\/rmvapesale.com\/cs\/product\/bang-box-12000-puffs-disposable-vape-best-price\/","title":{"rendered":"Bang Box 12000 pot\u00e1hnut\u00ed Jednor\u00e1zov\u00e9 vapovac\u00ed za\u0159\u00edzen\u00ed Nejlep\u0161\u00ed cena"},"content":{"rendered":"<h1>Bang Box 12000 pot\u00e1hnut\u00ed Jednor\u00e1zov\u00e9 vapovac\u00ed za\u0159\u00edzen\u00ed Nejlep\u0161\u00ed cena<\/h1>\n<p>Zvy\u0161te sv\u016fj z\u00e1\u017eitek z vapov\u00e1n\u00ed s Bang Box 12000 Puffs Dob\u00edjec\u00fd Jednor\u00e1zov\u00fd vaporiz\u00e9r, sofistikovan\u00e9 za\u0159\u00edzen\u00ed navr\u017een\u00e9 pro maxim\u00e1ln\u00ed spokojenost. Tento inovativn\u00ed vaporiz\u00e9r nab\u00edz\u00ed impozantn\u00edch 12000 pota\u017een\u00ed z 15ml p\u0159ednapln\u011bn\u00e9ho z\u00e1sobn\u00edku s nikotinov\u00fdm soln\u00fdm e-\u010dajem, zaji\u0161\u0165uj\u00edc\u00ed bohatou, pr\u00e9miovou chu\u0165 p\u0159i ka\u017ed\u00e9m n\u00e1dechu.<\/p>\n<p>Vyrobeno pro pohodl\u00ed a v\u00fdkon, Bang Box m\u00e1 robustn\u00ed dob\u00edjec\u00ed baterii o kapacit\u011b 600mAh a s\u00ed\u0165ovou c\u00edvku, kter\u00e1 poskytuje hladk\u00e9 a konzistentn\u00ed vapov\u00e1n\u00ed. P\u0159izp\u016fsobte si z\u00e1\u017eitek s nastavitelnou silou nikotinu od 0% do 5%, vyhovuj\u00edc\u00ed ka\u017ed\u00e9 preferenci. S prostornou kapacitou 20ml e-liquidu si m\u016f\u017eete u\u017e\u00edvat del\u0161\u00ed vapovac\u00ed seance bez nutnosti \u010dast\u00e9ho dopl\u0148ov\u00e1n\u00ed.<\/p>\n<p>Z\u00edskejte nyn\u00ed kvalitn\u00ed velkoobchodn\u00ed ceny na Bang Box 12000 Puffs Dob\u00edjec\u00fd Jednor\u00e1zov\u00fd vaporiz\u00e9r!<\/p>\n<p><strong>Kontaktujte Amy pro spr\u00e1vnou odpov\u011b\u010f a v\u011bt\u0161\u00ed slevu!<\/strong><\/p>\n<p><img loading=\"lazy\" decoding=\"async\" class=\"size-medium wp-image-1814\" src=\"https:\/\/rmvapesale.com\/wp-content\/uploads\/2024\/04\/whatsapp-amy-229x300.jpg\" alt=\"whatsapp amy\" width=\"229\" height=\"300\" srcset=\"https:\/\/rmvapesale.com\/wp-content\/uploads\/2024\/04\/whatsapp-amy-229x300.jpg 229w, https:\/\/rmvapesale.com\/wp-content\/uploads\/2024\/04\/whatsapp-amy-783x1024.jpg 783w, https:\/\/rmvapesale.com\/wp-content\/uploads\/2024\/04\/whatsapp-amy-768x1005.jpg 768w, https:\/\/rmvapesale.com\/wp-content\/uploads\/2024\/04\/whatsapp-amy-600x785.jpg 600w, https:\/\/rmvapesale.com\/wp-content\/uploads\/2024\/04\/whatsapp-amy.jpg 990w\" sizes=\"auto, (max-width: 229px) 100vw, 229px\" \/><\/p>\n<h3><span style=\"color: #ff0000\"><strong>WhatsApp: +86 17776015835<\/strong><\/span><\/h3>\n<p>&nbsp;<\/p>\n<h2><strong>Hlavn\u00ed vlastnosti Bang Box 12000<\/strong><\/h2>\n<p>&nbsp;<\/p>\n<p>Zna\u010dka: Bang Vape<br \/>\nNikotin: 0% 2% 3% 5%<br \/>\nPo\u010det pot\u00e1hnut\u00ed: 12000<br \/>\nKapacita:20ml<br \/>\nDostupn\u00fdch 12 p\u0159\u00edchut\u00ed<br \/>\n650mah Dob\u00edjec\u00ed<br \/>\nMesh Coil<br \/>\nportu Type-C<\/p>\n<h2><strong>Jak\u00e1 je nejlep\u0161\u00ed p\u0159\u00edchu\u0165 pro Vape Bang Box 12000 Puffs<\/strong><strong>?<\/strong><\/h2>\n<p>Tento Vape Bang Vape 12000 nab\u00edz\u00ed celkem 12 dostupn\u00fdch p\u0159\u00edchut\u00ed, vyb\u00edrejte z rozmanit\u00e9 \u0161k\u00e1ly chut\u00ed, v\u010detn\u011b Jahodov\u00e9ho Ban\u00e1nu, Blue Razz Ice a Jahodov\u00e9 \u0161\u0165\u00e1vy, a pono\u0159te se do sv\u011bta chut\u00ed a spokojenosti.<\/p>\n<p>1. Jahoda Ban\u00e1n<br \/>\n2. Kiwi Passion Fruit Guava<br \/>\n3. Jahoda Kiwi<br \/>\n4. Blue Razz Ice<br \/>\n5. Kysel\u00e9 jablko s malinami<br \/>\n6. Melounov\u00e1 \u017ev\u00fdka\u010dka<br \/>\n7. Jahoda Meloun<br \/>\n8. Jahodov\u00e1 \u0161\u0165\u00e1va<br \/>\n9. \u010cern\u00fd drak Ice<br \/>\n10. Melounov\u00fd led<br \/>\n11. Broskev, mango, meloun<br \/>\n12. Bor\u016fvkov\u00e1 ledov\u00e1<\/p>\n<p>&nbsp;<\/p>\n<p><img loading=\"lazy\" decoding=\"async\" class=\"size-medium wp-image-2070\" src=\"https:\/\/rmvapesale.com\/wp-content\/uploads\/2024\/09\/Bang-Vape-BOX-12000-300x300.png\" alt=\"Bang Vape BOX 12000\" width=\"300\" height=\"300\" srcset=\"https:\/\/rmvapesale.com\/wp-content\/uploads\/2024\/09\/Bang-Vape-BOX-12000-300x300.png 300w, https:\/\/rmvapesale.com\/wp-content\/uploads\/2024\/09\/Bang-Vape-BOX-12000-150x150.png 150w, https:\/\/rmvapesale.com\/wp-content\/uploads\/2024\/09\/Bang-Vape-BOX-12000-768x768.png 768w, https:\/\/rmvapesale.com\/wp-content\/uploads\/2024\/09\/Bang-Vape-BOX-12000-600x600.png 600w, https:\/\/rmvapesale.com\/wp-content\/uploads\/2024\/09\/Bang-Vape-BOX-12000-100x100.png 100w, https:\/\/rmvapesale.com\/wp-content\/uploads\/2024\/09\/Bang-Vape-BOX-12000.png 800w\" sizes=\"auto, (max-width: 300px) 100vw, 300px\" \/><\/p>\n<h2><strong>Ot\u00e1zky, kter\u00e9 by v\u00e1s mohly zaj\u00edmat o Vape Bang Vape 12000 Puffs<\/strong><\/h2>\n<p>&nbsp;<\/p>\n<p><strong>1. Kolik pota\u017een\u00ed mohu o\u010dek\u00e1vat od Vape Bang Vape 12000 Puffs?<\/strong><\/p>\n<p>Vape Bang Vape 12000 Puffs nab\u00edz\u00ed impozantn\u00edch 12000 pota\u017een\u00ed (v testovac\u00edm prost\u0159ed\u00ed), poskytuj\u00edc\u00ed dlouhodob\u00e9 pou\u017eit\u00ed a trvaj\u00edc\u00ed spokojenost.<\/p>\n<p><strong>2. Jakou s\u00edlu nikotinu nab\u00edz\u00ed Bang King Vape 20000 Puffs?<\/strong><\/p>\n<p>Vape Bang Vape 12000 je p\u0159ednapln\u011bn 20 ml e-liquidu s nikotinovou s\u00edlou 0% 2% 3% 5%, co\u017e nab\u00edz\u00ed vyv\u00e1\u017een\u00fd z\u00e1\u017eitek z vapov\u00e1n\u00ed.<\/p>\n<p><strong>3. Jak technologie Mesh Coil vylep\u0161uje z\u00e1\u017eitek z vapov\u00e1n\u00ed?<\/strong><\/p>\n<p>Technologie Mesh Coil integrovan\u00e1 v Bang Tornado 12000 Puffs s n\u00edzk\u00fdm odporem 1,2 ohmu. Tento design maximalizuje povrch topn\u00e9 plochy, co\u017e m\u00e1 za n\u00e1sledek hlad\u0161\u00ed tah a zv\u00fd\u0161enou produkci p\u00e1ry. Technologie zaru\u010duje rovnom\u011brn\u00e9 a konzistentn\u00ed zah\u0159\u00edv\u00e1n\u00ed e-liquidu, co\u017e poskytuje vynikaj\u00edc\u00ed chu\u0165ov\u00fd z\u00e1\u017eitek.<\/p>\n<p><strong>4. Kde mohu zakoupit origin\u00e1ln\u00ed Bang King Vape 20000 Puffs?<\/strong><\/p>\n<p>Origin\u00e1ln\u00ed Vape Bang Vape 12000 je k dispozici k n\u00e1kupu prost\u0159ednictv\u00edm autorizovan\u00fdch distributor\u016f. Pro velkoobchodn\u00ed dotazy mohou distributo\u0159i <a href=\"https:\/\/wa.me\/8617776015835\" target=\"_blank\" rel=\"noopener\">kontaktujte N\u00c1S<\/a> p\u0159\u00edmo. Maloobchodn\u00ed z\u00e1kazn\u00edci mohou produkt naj\u00edt u vybran\u00fdch prodejc\u016f nebo v online obchodech. V\u0161echny produkty v na\u0161em obchod\u011b jsou 100% origin\u00e1ln\u00ed a autentick\u00e9, tak\u017ee desetin\u00e1sobn\u00e1 kompenzace za fale\u0161n\u00e9 zbo\u017e\u00ed je politika na\u0161eho obchodu.<\/p>\n<p>&nbsp;<\/p>\n<h2><b>\u010casto kladen\u00e9 ot\u00e1zky<\/b><\/h2>\n<div class=\"flex-shrink-0 flex flex-col relative items-end\">\n<div>\n<div class=\"pt-0\">\n<div class=\"gizmo-bot-avatar flex h-8 w-8 items-center justify-center overflow-hidden rounded-full\">\n<div><\/div>\n<div class=\"relative p-1 rounded-sm flex items-center justify-center bg-token-main-surface-primary text-token-text-primary h-8 w-8\"><strong>Jak\u00e9 zp\u016fsoby dopravy se pou\u017e\u00edvaj\u00ed?<\/strong><\/div>\n<\/div>\n<\/div>\n<\/div>\n<\/div>\n<div class=\"group\/conversation-turn relative flex w-full min-w-0 flex-col agent-turn\">\n<div class=\"flex-col gap-1 md:gap-3\">\n<div class=\"flex max-w-full flex-col flex-grow\">\n<div class=\"min-h-[20px] text-message flex w-full flex-col items-end gap-2 whitespace-normal break-words [.text-message+&amp;]:mt-5 overflow-x-auto\" dir=\"auto\" data-message-author-role=\"assistant\" data-message-id=\"22f8283b-3233-46ff-89a5-c7a41b33abda\">\n<div class=\"flex w-full flex-col gap-1 empty:hidden first:pt-[3px]\">\n<div class=\"markdown prose w-full break-words dark:prose-invert light\">\n<p>Spolupracujeme s UPS, DHL, FedEx, DPD a dal\u0161\u00edmi p\u0159edn\u00edmi p\u0159epravci. Vybereme nejlep\u0161\u00ed zp\u016fsob dopravy na z\u00e1klad\u011b va\u0161\u00ed doru\u010dovac\u00ed lokality, abychom zajistili, \u017ee sv\u00e9 produkty obdr\u017e\u00edte co nejrychleji.<\/p>\n<\/div>\n<p><strong>Jak dlouho trv\u00e1 doru\u010den\u00ed?<\/strong><\/p>\n<p>Obvykle doraz\u00ed do \u010cesk\u00e9 republiky do 10 pracovn\u00edch dn\u016f.<\/p>\n<p>Do evropsk\u00fdch zem\u00ed obvykle trv\u00e1 p\u0159ibli\u017en\u011b 12-15 pracovn\u00edch dn\u016f.<\/p>\n<p>Budeme v\u00e1m poskytovat aktu\u00e1ln\u00ed informace o stavu va\u0161\u00ed z\u00e1silky.<\/p>\n<\/div>\n<\/div>\n<\/div>\n<\/div>\n<\/div>\n<p>&nbsp;<\/p>\n<p>dal\u0161\u00ed \u017ehav\u00e9 prodeje vape, kter\u00e9 by se v\u00e1m mohly l\u00edbit:<\/p>\n<p><a href=\"https:\/\/rmvapesale.com\/cs\/product\/bang-20000-puffs-disposable-vape-wholesale-supplier\/\">Bang Vape 20000 Puffs<\/a><\/p>\n<p><a href=\"https:\/\/rmvapesale.com\/cs\/product\/randm-tornado-7000-puffs-original-cheap-price-vapes-fumot-factory\/\">RandM Tornado 7000 Puffs<\/a><\/p>\n<p><a href=\"https:\/\/rmvapesale.com\/cs\/product\/bang-vape-tornado-12000-puffs-disposable-pod-factory-price\/\">BANG Tornado 12000 Puffs<\/a><\/p>\n<p>&nbsp;<\/p>\n<p>&nbsp;<\/p>\n<p>Naj\u00edt v\u00edce produkt\u016f pro vaping, kter\u00e9 by se v\u00e1m mohly l\u00edbit:<em><a href=\"https:\/\/rmvapesale.com\/cs\/shop-2\/\">nakupovat nyn\u00ed\u00a0<\/a><\/em><\/p>","protected":false},"excerpt":{"rendered":"<p>Vape Bang Box 12000 Puffs Velkoobchod<br \/>\nBang Box 12000 Puffs Jednor\u00e1zov\u00e9 elektronick\u00e9 cigarety Vape<br \/>\nBang Box 12000 Puffs 0% 2% 3% 5% Nikotin Dob\u00edjec\u00ed<\/p>\n<p><strong>Kontaktujte Amy pro v\u011bt\u0161\u00ed slevu a ni\u017e\u0161\u00ed MOQ Vape<\/strong><\/p>\n<p><img loading=\"lazy\" decoding=\"async\" class=\"size-medium wp-image-1814\" src=\"https:\/\/rmvapesale.com\/wp-content\/uploads\/2024\/04\/whatsapp-amy-229x300.jpg\" alt=\"whatsapp amy\" width=\"229\" height=\"300\" srcset=\"https:\/\/rmvapesale.com\/wp-content\/uploads\/2024\/04\/whatsapp-amy-229x300.jpg 229w, https:\/\/rmvapesale.com\/wp-content\/uploads\/2024\/04\/whatsapp-amy-783x1024.jpg 783w, https:\/\/rmvapesale.com\/wp-content\/uploads\/2024\/04\/whatsapp-amy-768x1005.jpg 768w, https:\/\/rmvapesale.com\/wp-content\/uploads\/2024\/04\/whatsapp-amy-600x785.jpg 600w, https:\/\/rmvapesale.com\/wp-content\/uploads\/2024\/04\/whatsapp-amy.jpg 990w\" sizes=\"auto, (max-width: 229px) 100vw, 229px\" \/><\/p>\n<h3><span style=\"color: #ff0000\"><strong>WhatsApp: +86 17776015835<\/strong><\/span><\/h3>","protected":false},"featured_media":2072,"comment_status":"open","ping_status":"closed","template":"","meta":{"_uag_custom_page_level_css":"","_lmt_disableupdate":"no","_lmt_disable":"","site-sidebar-layout":"default","site-content-layout":"content-boxed-container","ast-site-content-layout":"normal-width-container","site-content-style":"boxed","site-sidebar-style":"unboxed","ast-global-header-display":"","ast-banner-title-visibility":"","ast-main-header-display":"","ast-hfb-above-header-display":"","ast-hfb-below-header-display":"","ast-hfb-mobile-header-display":"","site-post-title":"","ast-breadcrumbs-content":"","ast-featured-img":"","footer-sml-layout":"","theme-transparent-header-meta":"default","adv-header-id-meta":"","stick-header-meta":"","header-above-stick-meta":"","header-main-stick-meta":"","header-below-stick-meta":"","astra-migrate-meta-layouts":"set","ast-page-background-enabled":"default","ast-page-background-meta":{"desktop":{"background-color":"var(--ast-global-color-4)","background-image":"","background-repeat":"repeat","background-position":"center center","background-size":"auto","background-attachment":"scroll","background-type":"","background-media":"","overlay-type":"","overlay-color":"","overlay-opacity":"","overlay-gradient":""},"tablet":{"background-color":"","background-image":"","background-repeat":"repeat","background-position":"center center","background-size":"auto","background-attachment":"scroll","background-type":"","background-media":"","overlay-type":"","overlay-color":"","overlay-opacity":"","overlay-gradient":""},"mobile":{"background-color":"","background-image":"","background-repeat":"repeat","background-position":"center center","background-size":"auto","background-attachment":"scroll","background-type":"","background-media":"","overlay-type":"","overlay-color":"","overlay-opacity":"","overlay-gradient":""}},"ast-content-background-meta":{"desktop":{"background-color":"var(--ast-global-color-5)","background-image":"","background-repeat":"repeat","background-position":"center center","background-size":"auto","background-attachment":"scroll","background-type":"","background-media":"","overlay-type":"","overlay-color":"","overlay-opacity":"","overlay-gradient":""},"tablet":{"background-color":"var(--ast-global-color-5)","background-image":"","background-repeat":"repeat","background-position":"center center","background-size":"auto","background-attachment":"scroll","background-type":"","background-media":"","overlay-type":"","overlay-color":"","overlay-opacity":"","overlay-gradient":""},"mobile":{"background-color":"var(--ast-global-color-5)","background-image":"","background-repeat":"repeat","background-position":"center center","background-size":"auto","background-attachment":"scroll","background-type":"","background-media":"","overlay-type":"","overlay-color":"","overlay-opacity":"","overlay-gradient":""}},"_joinchat":[]},"product_brand":[],"product_cat":[25,293,295,273,279,254,123,26,28,135,27,60,137,136,15,30],"product_tag":[77,76,63,57,58,59,37],"class_list":{"0":"post-2065","1":"product","2":"type-product","3":"status-publish","4":"has-post-thumbnail","6":"product_cat-germany-best-selling-vape","7":"product_cat-low-nicotine-disposable-vapes","8":"product_cat-rechargeable-disposable-vapes","9":"product_cat-bang-box-vape","10":"product_cat-bang-king-vape","11":"product_cat-12000-puff-disposable-vape","12":"product_cat-italy-wholesale-vape","13":"product_cat-netherlands-hot-sale-vape","14":"product_cat-poland-hot-sale-vape","15":"product_cat-spain-best-hot-sale-vape","16":"product_cat-fance-hot-sale-vape","17":"product_cat-bang-vapes","18":"product_cat-rechargeable-vapes","19":"product_cat-smart-screen-vapes","20":"product_cat-new-vape-this-week","21":"product_cat-minimum-order-quantity-50pcs","22":"product_tag-bang-box-12000","23":"product_tag-bang-king-vape","24":"product_tag-bang-vapes","25":"product_tag-disposable-vape-wholesale-supplier","26":"product_tag-electric-cigarettes","27":"product_tag-puffs-vape","28":"product_tag-wholesale-vape-price","29":"desktop-align-left","30":"tablet-align-left","31":"mobile-align-left","33":"first","34":"instock","35":"sale","36":"shipping-taxable","37":"purchasable","38":"product-type-simple"},"uagb_featured_image_src":{"full":["https:\/\/rmvapesale.com\/wp-content\/uploads\/2024\/09\/Bang-Box-12000-Puffs-Disposable-Vape.png",800,800,false],"thumbnail":["https:\/\/rmvapesale.com\/wp-content\/uploads\/2024\/09\/Bang-Box-12000-Puffs-Disposable-Vape-150x150.png",150,150,true],"medium":["https:\/\/rmvapesale.com\/wp-content\/uploads\/2024\/09\/Bang-Box-12000-Puffs-Disposable-Vape-300x300.png",300,300,true],"medium_large":["https:\/\/rmvapesale.com\/wp-content\/uploads\/2024\/09\/Bang-Box-12000-Puffs-Disposable-Vape-768x768.png",768,768,true],"large":["https:\/\/rmvapesale.com\/wp-content\/uploads\/2024\/09\/Bang-Box-12000-Puffs-Disposable-Vape.png",800,800,false],"1536x1536":["https:\/\/rmvapesale.com\/wp-content\/uploads\/2024\/09\/Bang-Box-12000-Puffs-Disposable-Vape.png",800,800,false],"2048x2048":["https:\/\/rmvapesale.com\/wp-content\/uploads\/2024\/09\/Bang-Box-12000-Puffs-Disposable-Vape.png",800,800,false],"trp-custom-language-flag":["https:\/\/rmvapesale.com\/wp-content\/uploads\/2024\/09\/Bang-Box-12000-Puffs-Disposable-Vape.png",12,12,false],"woocommerce_thumbnail":["https:\/\/rmvapesale.com\/wp-content\/uploads\/2024\/09\/Bang-Box-12000-Puffs-Disposable-Vape-300x300.png",300,300,true],"woocommerce_single":["https:\/\/rmvapesale.com\/wp-content\/uploads\/2024\/09\/Bang-Box-12000-Puffs-Disposable-Vape-600x600.png",600,600,true],"woocommerce_gallery_thumbnail":["https:\/\/rmvapesale.com\/wp-content\/uploads\/2024\/09\/Bang-Box-12000-Puffs-Disposable-Vape-100x100.png",100,100,true],"wcpr-photo-reviews":["https:\/\/rmvapesale.com\/wp-content\/uploads\/2024\/09\/Bang-Box-12000-Puffs-Disposable-Vape.png",500,500,false]},"uagb_author_info":{"display_name":"AMY","author_link":"https:\/\/rmvapesale.com\/cs\/author\/"},"uagb_comment_info":0,"uagb_excerpt":"Vape Bang Box 12000 Puffs Wholesale Bang Box 12000 Puffs Disposable E Cigarettes Vape Bang Box 12000 Puffs 0% 2% 3% 5% Nicotine Rechargeable Contact Amy For More Discount And Lower MOQ Vape WhatsApp: +86 17776015835","_links":{"self":[{"href":"https:\/\/rmvapesale.com\/cs\/wp-json\/wp\/v2\/product\/2065","targetHints":{"allow":["GET"]}}],"collection":[{"href":"https:\/\/rmvapesale.com\/cs\/wp-json\/wp\/v2\/product"}],"about":[{"href":"https:\/\/rmvapesale.com\/cs\/wp-json\/wp\/v2\/types\/product"}],"replies":[{"embeddable":true,"href":"https:\/\/rmvapesale.com\/cs\/wp-json\/wp\/v2\/comments?post=2065"}],"wp:featuredmedia":[{"embeddable":true,"href":"https:\/\/rmvapesale.com\/cs\/wp-json\/wp\/v2\/media\/2072"}],"wp:attachment":[{"href":"https:\/\/rmvapesale.com\/cs\/wp-json\/wp\/v2\/media?parent=2065"}],"wp:term":[{"taxonomy":"product_brand","embeddable":true,"href":"https:\/\/rmvapesale.com\/cs\/wp-json\/wp\/v2\/product_brand?post=2065"},{"taxonomy":"product_cat","embeddable":true,"href":"https:\/\/rmvapesale.com\/cs\/wp-json\/wp\/v2\/product_cat?post=2065"},{"taxonomy":"product_tag","embeddable":true,"href":"https:\/\/rmvapesale.com\/cs\/wp-json\/wp\/v2\/product_tag?post=2065"}],"curies":[{"name":"wp","href":"https:\/\/api.w.org\/{rel}","templated":true}]}}