{"id":2095,"date":"2024-09-23T03:14:35","date_gmt":"2024-09-23T03:14:35","guid":{"rendered":"https:\/\/rmvapesale.com\/?post_type=product&#038;p=2095"},"modified":"2025-01-21T09:18:03","modified_gmt":"2025-01-21T09:18:03","slug":"wga-crystal-pro-max-10000-puffs-disposable-vape","status":"publish","type":"product","link":"https:\/\/rmvapesale.com\/cs\/product\/wga-crystal-pro-max-10000-puffs-disposable-vape\/","title":{"rendered":"WGA Crystal Pro Max 10000 pot\u00e1hnut\u00ed Jednor\u00e1zov\u00e1 vape"},"content":{"rendered":"<div class=\"B2VR9 CJHX3e\">\n<div class=\"wyccme\">\n<h1>WGA Crystal Pro Max 10000 pot\u00e1hnut\u00ed Jednor\u00e1zov\u00e1 vape<\/h1>\n<p class=\"oatEtb\"><span style=\"font-size: 16px\">WGA Crystal Pro Max Plus 10000 Puffs Jednor\u00e1zov\u00e1 vaporizace se py\u0161n\u00ed ohromuj\u00edc\u00edm pr\u016fhledn\u00fdm designem, kter\u00fd odr\u00e1\u017e\u00ed eleganci a vysok\u00fd v\u00fdkon. Tento vaporiz\u00e1tor je skute\u010dnou inovac\u00ed ve sv\u011bt\u011b vapov\u00e1n\u00ed, dokonale zapad\u00e1 do va\u0161eho \u017eivotn\u00edho stylu a z\u00e1rove\u0148 d\u011bl\u00e1 odv\u00e1\u017en\u00e9 prohl\u00e1\u0161en\u00ed. Jeho lehk\u00fd r\u00e1m zvy\u0161uje p\u0159enosnost, co\u017e v\u00e1m umo\u017en\u00ed jej snadno nosit v kapse \u2013 ide\u00e1ln\u00ed pro cestovatele.<\/span><\/p>\n<\/div>\n<\/div>\n<p>WGA Crystal Pro Max nejen\u017ee p\u016fsob\u00ed vizu\u00e1ln\u011b dojmem, ale tak\u00e9 nab\u00edz\u00ed v\u00fdjime\u010dn\u00fd z\u00e1\u017eitek z vapov\u00e1n\u00ed. Vybaven pokro\u010dilou technologi\u00ed s\u00ed\u0165ov\u00e9 c\u00edvky, produkuje hladk\u00fd, chutn\u00fd vapor p\u0159i ka\u017ed\u00e9m n\u00e1dechu. Navr\u017een pro jednoduchost, funkce aktivovan\u00e1 tahem eliminuje tla\u010d\u00edtka a nastaven\u00ed \u2013 sta\u010d\u00ed jen vdechnout a u\u017e\u00edvat si. Tento jednor\u00e1zov\u00fd vaporiz\u00e1tor skute\u010dn\u011b vynik\u00e1 jak stylem, tak v\u00fdkonem.<\/p>\n<p>&nbsp;<\/p>\n<p><strong>Kontaktujte Amy a z\u00edskejte spr\u00e1vnou odpov\u011b\u010f a dal\u0161\u00ed produktov\u00e1 videa!<\/strong><\/p>\n<p><img loading=\"lazy\" decoding=\"async\" class=\"size-full wp-image-1978\" src=\"https:\/\/rmvapesale.com\/wp-content\/uploads\/2024\/09\/Disposable-Vape-Wholesale.jpg\" alt=\"Jednor\u00e1zov\u00e1 e-cigareta velkoobchod\" width=\"229\" height=\"300\" \/><\/p>\n<h3><span style=\"color: #ff0000\"><strong>WhatsApp: +86 17776015835<\/strong><\/span><\/h3>\n<p>&nbsp;<\/p>\n<h2><\/h2>\n<h2><strong>Kl\u00ed\u010dov\u00e9 vlastnosti WGA Crystal Pro Max 10000<\/strong><\/h2>\n<p>&nbsp;<\/p>\n<p>Nikotin: 2%<br \/>\nPo\u010det pot\u00e1hnut\u00ed: 10000<br \/>\nKapacita:20ml<br \/>\nType-C port Chladn\u00e9 barevn\u00e9 sv\u011btlo na spodn\u00ed stran\u011b<br \/>\n850mAh dob\u00edjec\u00ed<\/p>\n<h2><\/h2>\n<h2><\/h2>\n<h2><strong>Nejlep\u0161\u00ed p\u0159\u00edchut\u011b pro WGA Crystal Pro Max 10000 Puffs<\/strong><\/h2>\n<p>WGA Crystal Pro Max 10000 jednor\u00e1zov\u00e1 vaporizace s 36 odborn\u011b vytvo\u0159en\u00fdmi p\u0159\u00edchut\u011bmi, z nich\u017e ka\u017ed\u00e1 nab\u00edz\u00ed v\u00fdrazn\u00fd a uspokojiv\u00fd z\u00e1\u017eitek z vapov\u00e1n\u00ed, najdete si tu tu pravou pro v\u00e1s!<\/p>\n<p>&nbsp;<\/p>\n<p>1. Meloun s ledem<br \/>\n2. Bor\u016fvka malina<span style=\"color: #ff0000\"><strong>&gt;&gt;&gt;&gt;\u017dhav\u00e9!<\/strong><\/span><br \/>\n3. T\u0159e\u0161e\u0148<br \/>\n4. \u017dv\u00fdka\u010dka medv\u00eddek<span style=\"color: #ff0000\"><strong>&gt;&gt;&gt;&gt;\u017dhav\u00e9!<\/strong><\/span><br \/>\n5. Citr\u00f3n limetka<br \/>\n6. Jahodov\u00fd led<br \/>\n7. Kysel\u00e1 bor\u016fvka malina<br \/>\n8. Modr\u00fd Razz t\u0159e\u0161e\u0148<br \/>\n9. Modr\u00e1 malina led<span style=\"color: #ff0000\"><strong>&gt;&gt;&gt;&gt;\u017dhav\u00e9!<\/strong><\/span><br \/>\n10. Modr\u00fd Razz Limon\u00e1da<br \/>\n11. Pan Blue<br \/>\n12. Skittles<br \/>\n13. R\u016f\u017eov\u00e1 limon\u00e1da<br \/>\n14. Bor\u016fvka t\u0159e\u0161e\u0148 brusinka<br \/>\n15. Bor\u016fvka<br \/>\n16. Vimto b\u00fdk<span style=\"color: #ff0000\"><strong>&gt;&gt;&gt;&gt;\u017dhav\u00e9!<\/strong><\/span><br \/>\n17. T\u0159e\u0161\u0148ov\u00fd led<br \/>\n18. \u010cerven\u00e9 jablko led<br \/>\n19. \u0160\u0165avnat\u00e1 broskev<br \/>\n20. T\u0159e\u0161\u0148ovo-broskvov\u00e1 limon\u00e1da<br \/>\n21. Dvojit\u00e9 jablko<br \/>\n22. Trojit\u00e1 manga<br \/>\n23. Ananasov\u00fd led<br \/>\n24. Jahodov\u00e1 t\u0159e\u0161e\u0148 malinov\u00fd led<br \/>\n25. Melounov\u00e1 t\u0159e\u0161e\u0148<br \/>\n26. T\u0159e\u0161\u0148ov\u00e1 limetka malina<span style=\"color: #ff0000\"><strong>&gt;&gt;&gt;&gt;Nejlep\u0161\u00ed!<\/strong><\/span><br \/>\n27. Ananasov\u00e1 citron<br \/>\n28. Bor\u016fvka malin gran\u00e1tov\u00e9 jablko<br \/>\n29. Bor\u016fvka jahoda ostru\u017eina<br \/>\n30. Meta m\u011bs\u00edc<br \/>\n31. Ledov\u00e1 l\u00edz\u00e1tko<br \/>\n32. Colalime<br \/>\n33. Ban\u00e1nov\u00e1 zmrzlina<br \/>\n34. Letn\u00ed sen<br \/>\n35. Modr\u00fd razz gran\u00e1tov\u00e9 jablko<br \/>\n36. Hubba bubba<\/p>\n<h2><strong>Ot\u00e1zky, kter\u00e9 byste mohli cht\u00edt v\u011bd\u011bt o WGA Crystal Pro Max 10k Puffs <\/strong><\/h2>\n<p>&nbsp;<\/p>\n<p><strong>1. Kolik nikotinu je v Crystal Pro Max 10k?<\/strong><br \/>\nWGA Crystal Pro Max 10000 obsahuje nikotinovou s\u016fl 2%. S pokro\u010dilou technologi\u00ed s\u00ed\u0165ov\u00e9 c\u00edvky nab\u00edz\u00ed vynikaj\u00edc\u00ed z\u00e1\u017eitek s parou plnou bohat\u00e9 chuti.<\/p>\n<p><strong>2. Jsou WGA 10k krystalov\u00e9 vaporiz\u00e9ry dob\u00edjec\u00ed?<\/strong><br \/>\nAno, WGA Crystal Pro Max 10000 obsahuje dob\u00edjec\u00ed baterii o kapacit\u011b 850 mAh, kter\u00e1 zaji\u0161\u0165uje dlouhotrvaj\u00edc\u00ed pot\u011b\u0161en\u00ed.<\/p>\n<p><strong>3. Kolik potah\u016f m\u016f\u017eete z\u00edskat z WGA Crystal Pro Max 10000?<\/strong><br \/>\nWGA Crystal Pro Max 10000 poskytuje p\u0159ibli\u017en\u011b 10000 potah\u016f, v z\u00e1vislosti na pou\u017eit\u00ed, a je dostupn\u00fd ve v\u00edce ne\u017e 30 p\u0159\u00edchut\u00edch.<\/p>\n<p><strong>4. Jak dlouho trv\u00e1 nabit\u00ed WGA Crystal 10k?<\/strong><br \/>\nJak WGA Crystal Pro Max 10000, tak i 15000 lze pln\u011b nab\u00edt za pouh\u00fdch 30 a\u017e 35 minut, co\u017e zaji\u0161\u0165uje rychlou p\u0159ipravenost k pou\u017eit\u00ed.<\/p>\n<p>&nbsp;<\/p>\n<h3><b>\u010casto kladen\u00e9 ot\u00e1zky<\/b><\/h3>\n<p>&nbsp;<\/p>\n<div class=\"flex-shrink-0 flex flex-col relative items-end\">\n<div>\n<div class=\"pt-0\">\n<div class=\"gizmo-bot-avatar flex h-8 w-8 items-center justify-center overflow-hidden rounded-full\">\n<div class=\"relative p-1 rounded-sm flex items-center justify-center bg-token-main-surface-primary text-token-text-primary h-8 w-8\"><strong>Jak\u00e9 zp\u016fsoby dopravy se pou\u017e\u00edvaj\u00ed?<\/strong><\/div>\n<\/div>\n<\/div>\n<\/div>\n<\/div>\n<div class=\"group\/conversation-turn relative flex w-full min-w-0 flex-col agent-turn\">\n<div class=\"flex-col gap-1 md:gap-3\">\n<div class=\"flex max-w-full flex-col flex-grow\">\n<div class=\"min-h-[20px] text-message flex w-full flex-col items-end gap-2 whitespace-normal break-words [.text-message+&amp;]:mt-5 overflow-x-auto\" dir=\"auto\" data-message-author-role=\"assistant\" data-message-id=\"22f8283b-3233-46ff-89a5-c7a41b33abda\">\n<div class=\"flex w-full flex-col gap-1 empty:hidden first:pt-[3px]\">\n<div class=\"markdown prose w-full break-words dark:prose-invert light\">\n<p>Spolupracujeme s UPS, DHL, FedEx, DPD a dal\u0161\u00edmi p\u0159edn\u00edmi p\u0159epravci. Vybereme nejlep\u0161\u00ed zp\u016fsob dopravy na z\u00e1klad\u011b va\u0161\u00ed doru\u010dovac\u00ed lokality, abychom zajistili, \u017ee sv\u00e9 produkty obdr\u017e\u00edte co nejrychleji.<\/p>\n<\/div>\n<p><strong>Jak dlouho trv\u00e1 doru\u010den\u00ed?<\/strong><\/p>\n<p>Bal\u00ed\u010dky odeslan\u00e9 do \u010cesk\u00e9 republiky obvykle doraz\u00ed do 10 pracovn\u00edch dn\u016f. P\u0159eprava do evropsk\u00fdch zem\u00ed obecn\u011b trv\u00e1 asi 12-15 pracovn\u00edch dn\u016f. O stavu va\u0161\u00ed z\u00e1silky v\u00e1s budeme pr\u016fb\u011b\u017en\u011b informovat.<\/p>\n<\/div>\n<p><strong>Z\u00e1ruka<\/strong><\/p>\n<p><span style=\"color: #ff0000\"><strong>Na v\u0161echny produkty v na\u0161em obchod\u011b se vztahuje z\u00e1ruka 100% originality a autenti\u010dnosti. Nab\u00edz\u00edme 10n\u00e1sobnou kompenzaci za pad\u011blan\u00e9 zbo\u017e\u00ed!<\/strong><\/span><\/p>\n<div class=\"flex w-full flex-col gap-1 empty:hidden first:pt-[3px]\">\n<p>&nbsp;<\/p>\n<\/div>\n<\/div>\n<\/div>\n<\/div>\n<\/div>\n<p>&nbsp;<\/p>\n<p>Dal\u0161\u00ed obl\u00edben\u00e9 jednor\u00e1zov\u00e9 e-cigarety, kter\u00e9 by se v\u00e1m mohly l\u00edbit:<\/p>\n<p><strong><a href=\"https:\/\/rmvapesale.com\/cs\/product\/wga-crystal-plus-20000-puff-dual-flavour-disposable-vape\/\">WGA Crystal Plus 20000<\/a><\/strong><\/p>\n<p><a href=\"https:\/\/rmvapesale.com\/cs\/product\/waspe-tornado-15000-puffs-original-factory-price\/\"><strong>Waspe Tornado 15000 pot\u00e1hnut\u00ed<\/strong><\/a><\/p>\n<p><a href=\"https:\/\/rmvapesale.com\/cs\/product\/wga-crystal-pro-max-extra-15k-puffs-disposable-vape-wholesale\/\"><strong>WGA Crystal Pro Max Extra 15000<\/strong><\/a><\/p>\n<p>&nbsp;<\/p>\n<p>&nbsp;<\/p>\n<p>Naj\u00edt v\u00edce produkt\u016f pro vaping, kter\u00e9 by se v\u00e1m mohly l\u00edbit:<strong><em><a href=\"https:\/\/rmvapesale.com\/cs\/shop-2\/\">nakupujte nyn\u00ed &gt;&gt;&gt;<\/a><\/em><\/strong><\/p>","protected":false},"excerpt":{"rendered":"<p>Crystal Pro Max Plus WGA 10000 Puffs Jednor\u00e1zov\u00e1 vaporizace<br \/>\nWga Crystal Pro Max 10000 2% Nic Salt<br \/>\nWGA Crystal Pro Max 10000 10k Puffs Velkoobchod<\/p>\n<p><strong>Kontaktujte Amy pro v\u011bt\u0161\u00ed slevu a ni\u017e\u0161\u00ed MOQ Vape<\/strong><\/p>\n<p><img loading=\"lazy\" decoding=\"async\" class=\"size-full wp-image-1978\" src=\"https:\/\/rmvapesale.com\/wp-content\/uploads\/2024\/09\/Disposable-Vape-Wholesale.jpg\" alt=\"Jednor\u00e1zov\u00e1 e-cigareta velkoobchod\" width=\"229\" height=\"300\" \/><\/p>\n<h3><span style=\"color: #ff0000\"><strong>WhatsApp: +86 17776015835<\/strong><\/span><\/h3>","protected":false},"featured_media":2099,"comment_status":"open","ping_status":"closed","template":"","meta":{"_uag_custom_page_level_css":"","_lmt_disableupdate":"no","_lmt_disable":"","site-sidebar-layout":"default","site-content-layout":"content-boxed-container","ast-site-content-layout":"normal-width-container","site-content-style":"boxed","site-sidebar-style":"unboxed","ast-global-header-display":"","ast-banner-title-visibility":"","ast-main-header-display":"","ast-hfb-above-header-display":"","ast-hfb-below-header-display":"","ast-hfb-mobile-header-display":"","site-post-title":"","ast-breadcrumbs-content":"","ast-featured-img":"","footer-sml-layout":"","theme-transparent-header-meta":"default","adv-header-id-meta":"","stick-header-meta":"","header-above-stick-meta":"","header-main-stick-meta":"","header-below-stick-meta":"","astra-migrate-meta-layouts":"set","ast-page-background-enabled":"default","ast-page-background-meta":{"desktop":{"background-color":"var(--ast-global-color-4)","background-image":"","background-repeat":"repeat","background-position":"center center","background-size":"auto","background-attachment":"scroll","background-type":"","background-media":"","overlay-type":"","overlay-color":"","overlay-opacity":"","overlay-gradient":""},"tablet":{"background-color":"","background-image":"","background-repeat":"repeat","background-position":"center center","background-size":"auto","background-attachment":"scroll","background-type":"","background-media":"","overlay-type":"","overlay-color":"","overlay-opacity":"","overlay-gradient":""},"mobile":{"background-color":"","background-image":"","background-repeat":"repeat","background-position":"center center","background-size":"auto","background-attachment":"scroll","background-type":"","background-media":"","overlay-type":"","overlay-color":"","overlay-opacity":"","overlay-gradient":""}},"ast-content-background-meta":{"desktop":{"background-color":"var(--ast-global-color-5)","background-image":"","background-repeat":"repeat","background-position":"center center","background-size":"auto","background-attachment":"scroll","background-type":"","background-media":"","overlay-type":"","overlay-color":"","overlay-opacity":"","overlay-gradient":""},"tablet":{"background-color":"var(--ast-global-color-5)","background-image":"","background-repeat":"repeat","background-position":"center center","background-size":"auto","background-attachment":"scroll","background-type":"","background-media":"","overlay-type":"","overlay-color":"","overlay-opacity":"","overlay-gradient":""},"mobile":{"background-color":"var(--ast-global-color-5)","background-image":"","background-repeat":"repeat","background-position":"center center","background-size":"auto","background-attachment":"scroll","background-type":"","background-media":"","overlay-type":"","overlay-color":"","overlay-opacity":"","overlay-gradient":""}},"_joinchat":[]},"product_brand":[],"product_cat":[15,290,291,293,295,299,283,271,25,123,26,28,135,27,137,136,30],"product_tag":[57,58,82,81,69],"class_list":{"0":"post-2095","1":"product","2":"type-product","3":"status-publish","4":"has-post-thumbnail","6":"product_cat-new-vape-this-week","7":"product_cat-crystal-disposable-vapes","8":"product_cat-dual-mesh-disposable-vapes","9":"product_cat-low-nicotine-disposable-vapes","10":"product_cat-rechargeable-disposable-vapes","11":"product_cat-smart-screen-disposable-vapes","12":"product_cat-wga-vape","13":"product_cat-10000-puff-disposable-vape","14":"product_cat-germany-best-selling-vape","15":"product_cat-italy-wholesale-vape","16":"product_cat-netherlands-hot-sale-vape","17":"product_cat-poland-hot-sale-vape","18":"product_cat-spain-best-hot-sale-vape","19":"product_cat-fance-hot-sale-vape","20":"product_cat-rechargeable-vapes","21":"product_cat-smart-screen-vapes","22":"product_cat-minimum-order-quantity-50pcs","23":"product_tag-disposable-vape-wholesale-supplier","24":"product_tag-electric-cigarettes","25":"product_tag-wga-crystal-10000-puffs","26":"product_tag-wga-crystal-pro-max","27":"product_tag-wga-vape","28":"desktop-align-left","29":"tablet-align-left","30":"mobile-align-left","32":"first","33":"instock","34":"sale","35":"shipping-taxable","36":"purchasable","37":"product-type-simple"},"uagb_featured_image_src":{"full":["https:\/\/rmvapesale.com\/wp-content\/uploads\/2024\/09\/WGA-Crystal-Pro-Max-Plus-10000-Vape.png",788,788,false],"thumbnail":["https:\/\/rmvapesale.com\/wp-content\/uploads\/2024\/09\/WGA-Crystal-Pro-Max-Plus-10000-Vape-150x150.png",150,150,true],"medium":["https:\/\/rmvapesale.com\/wp-content\/uploads\/2024\/09\/WGA-Crystal-Pro-Max-Plus-10000-Vape-300x300.png",300,300,true],"medium_large":["https:\/\/rmvapesale.com\/wp-content\/uploads\/2024\/09\/WGA-Crystal-Pro-Max-Plus-10000-Vape-768x768.png",768,768,true],"large":["https:\/\/rmvapesale.com\/wp-content\/uploads\/2024\/09\/WGA-Crystal-Pro-Max-Plus-10000-Vape.png",788,788,false],"1536x1536":["https:\/\/rmvapesale.com\/wp-content\/uploads\/2024\/09\/WGA-Crystal-Pro-Max-Plus-10000-Vape.png",788,788,false],"2048x2048":["https:\/\/rmvapesale.com\/wp-content\/uploads\/2024\/09\/WGA-Crystal-Pro-Max-Plus-10000-Vape.png",788,788,false],"trp-custom-language-flag":["https:\/\/rmvapesale.com\/wp-content\/uploads\/2024\/09\/WGA-Crystal-Pro-Max-Plus-10000-Vape.png",12,12,false],"woocommerce_thumbnail":["https:\/\/rmvapesale.com\/wp-content\/uploads\/2024\/09\/WGA-Crystal-Pro-Max-Plus-10000-Vape-300x300.png",300,300,true],"woocommerce_single":["https:\/\/rmvapesale.com\/wp-content\/uploads\/2024\/09\/WGA-Crystal-Pro-Max-Plus-10000-Vape-600x600.png",600,600,true],"woocommerce_gallery_thumbnail":["https:\/\/rmvapesale.com\/wp-content\/uploads\/2024\/09\/WGA-Crystal-Pro-Max-Plus-10000-Vape-100x100.png",100,100,true],"wcpr-photo-reviews":["https:\/\/rmvapesale.com\/wp-content\/uploads\/2024\/09\/WGA-Crystal-Pro-Max-Plus-10000-Vape.png",500,500,false]},"uagb_author_info":{"display_name":"AMY","author_link":"https:\/\/rmvapesale.com\/cs\/author\/"},"uagb_comment_info":0,"uagb_excerpt":"Crystal Pro Max Plus WGA 10000 Puffs Disposable Vape Wga Crystal Pro Max 10000 2% Nic Salt WGA Crystal Pro Max 10000 10k Puffs Wholesale Contact Amy For More Discount And Lower MOQ Vape WhatsApp: +86 17776015835","_links":{"self":[{"href":"https:\/\/rmvapesale.com\/cs\/wp-json\/wp\/v2\/product\/2095","targetHints":{"allow":["GET"]}}],"collection":[{"href":"https:\/\/rmvapesale.com\/cs\/wp-json\/wp\/v2\/product"}],"about":[{"href":"https:\/\/rmvapesale.com\/cs\/wp-json\/wp\/v2\/types\/product"}],"replies":[{"embeddable":true,"href":"https:\/\/rmvapesale.com\/cs\/wp-json\/wp\/v2\/comments?post=2095"}],"wp:featuredmedia":[{"embeddable":true,"href":"https:\/\/rmvapesale.com\/cs\/wp-json\/wp\/v2\/media\/2099"}],"wp:attachment":[{"href":"https:\/\/rmvapesale.com\/cs\/wp-json\/wp\/v2\/media?parent=2095"}],"wp:term":[{"taxonomy":"product_brand","embeddable":true,"href":"https:\/\/rmvapesale.com\/cs\/wp-json\/wp\/v2\/product_brand?post=2095"},{"taxonomy":"product_cat","embeddable":true,"href":"https:\/\/rmvapesale.com\/cs\/wp-json\/wp\/v2\/product_cat?post=2095"},{"taxonomy":"product_tag","embeddable":true,"href":"https:\/\/rmvapesale.com\/cs\/wp-json\/wp\/v2\/product_tag?post=2095"}],"curies":[{"name":"wp","href":"https:\/\/api.w.org\/{rel}","templated":true}]}}