{"id":2126,"date":"2024-09-23T08:07:35","date_gmt":"2024-09-23T08:07:35","guid":{"rendered":"https:\/\/rmvapesale.com\/?post_type=product&#038;p=2126"},"modified":"2025-01-21T09:20:36","modified_gmt":"2025-01-21T09:20:36","slug":"bang-beach-20000-puffs-vape-smart-screen-disposable-e-cig","status":"publish","type":"product","link":"https:\/\/rmvapesale.com\/cs\/product\/bang-beach-20000-puffs-vape-smart-screen-disposable-e-cig\/","title":{"rendered":"Bang Beach 20000 pot\u00e1hnut\u00ed Vape Chytr\u00e1 obrazovka Jednor\u00e1zov\u00e1 E-cigareta"},"content":{"rendered":"<div class=\"B2VR9 CJHX3e\">\n<div class=\"wyccme\">\n<h1>Bang Beach 20000 Puffs jednor\u00e1zov\u00e9 e-cigarety s chytr\u00fdm displejem<\/h1>\n<p>Pozvedn\u011bte sv\u016fj z\u00e1\u017eitek z vapov\u00e1n\u00ed s jednor\u00e1zov\u00fdm vapem Bang Beach 20000, navr\u017een\u00fdm pro ty, kte\u0159\u00ed tou\u017e\u00ed po del\u0161\u00edm po\u017eitku bez starost\u00ed s neust\u00e1l\u00fdmi v\u00fdm\u011bnami. S p\u016fsobiv\u00fdmi 20 000 pot\u00e1hnut\u00edmi v\u00e1m tento vape zajist\u00ed, \u017ee si sv\u00e9 obl\u00edben\u00e9 p\u0159\u00edchut\u011b budete moci u\u017e\u00edvat d\u00e9le, co\u017e z n\u011bj \u010din\u00ed ide\u00e1ln\u00edho spole\u010dn\u00edka na jak\u00fdkoli v\u00fdlet. P\u0159izp\u016fsobte si sv\u016fj z\u00e1\u017eitek s mo\u017enostmi 0%, 2%, 3% a 5% s\u00edly nikotinu, kter\u00e9 vyhov\u00ed v\u0161em preferenc\u00edm \u2013 a\u0165 u\u017e tou\u017e\u00edte po nikotinov\u00e9 d\u00e1vce, nebo po jemn\u011bj\u0161\u00edm z\u00e1\u017eitku.<\/p>\n<p>A co v\u00edc, tento jednor\u00e1zov\u00fd vape je vybaven LED displejem, kter\u00fd v re\u00e1ln\u00e9m \u010dase zobrazuje stav baterie a hladinu e-liquidu, tak\u017ee m\u00e1te v\u017edy v\u0161e pod kontrolou.<\/p>\n<p>Objevte nov\u00fd standard ve vapov\u00e1n\u00ed s jednor\u00e1zov\u00fdm vapem Bang Beach 20000 \u2013 kde se pohodl\u00ed snoub\u00ed s v\u00fdkonem a ka\u017ed\u00e9 pot\u00e1hnut\u00ed je pot\u011b\u0161en\u00edm!<\/p>\n<\/div>\n<\/div>\n<p>&nbsp;<\/p>\n<p><strong>Kontaktujte Amy a z\u00edskejte spr\u00e1vnou odpov\u011b\u010f a dal\u0161\u00ed produktov\u00e1 videa!<\/strong><\/p>\n<p><img loading=\"lazy\" decoding=\"async\" class=\"size-full wp-image-1978\" src=\"https:\/\/rmvapesale.com\/wp-content\/uploads\/2024\/09\/Disposable-Vape-Wholesale.jpg\" alt=\"Jednor\u00e1zov\u00e1 e-cigareta velkoobchod\" width=\"229\" height=\"300\" \/><\/p>\n<h3><span style=\"color: #ff0000\"><strong>WhatsApp: +86 17776015835<\/strong><\/span><\/h3>\n<p>&nbsp;<\/p>\n<h2><\/h2>\n<h2><strong>Bang Beach 20000 Puffs Kl\u00ed\u010dov\u00e9 vlastnosti<\/strong><\/h2>\n<p>&nbsp;<\/p>\n<p>Nikotin: 0% 2% 3% 5%<br \/>\nPot\u00e1hnut\u00ed: 20000<br \/>\nKapacita: 35 ml<br \/>\nDostupn\u00fdch 12 p\u0159\u00edchut\u00ed<br \/>\nDu\u00e1ln\u00ed Mesh<br \/>\n650mah Dob\u00edjec\u00ed<br \/>\nIndik\u00e1tor liquidu<br \/>\nIndik\u00e1tor baterie<\/p>\n<h2><\/h2>\n<h2><\/h2>\n<h2><strong>Nejlep\u0161\u00ed p\u0159\u00edchut\u011b pro Bang Beach 20000 Vape<\/strong><\/h2>\n<p>Jednor\u00e1zov\u00fd vape pod Bang 18000 se m\u016f\u017ee pochlubit 12 p\u0159\u00edchut\u011bmi, z nich\u017e ka\u017ed\u00e1 je navr\u017eena tak, aby nab\u00eddla v\u00fdrazn\u00fd a uspokojiv\u00fd z\u00e1\u017eitek z vapov\u00e1n\u00ed, je tu n\u011bco nejlep\u0161\u00edho pro v\u00e1s!<\/p>\n<p>1. Broskev Mango<br \/>\n2.Sm\u00ed\u0161en\u00e9 bobule<span style=\"color: #ff0000\"><strong>&gt;&gt;&gt;&gt;\u017dhav\u00e9!<\/strong><\/span><br \/>\n3. R\u016f\u017eov\u00e1 limon\u00e1da<br \/>\n4.Jahoda vodn\u00ed meloun<br \/>\n5.Vodn\u00ed meloun ledov\u00fd<br \/>\n6. Hroznov\u00fd led<br \/>\n7. Modr\u00e1 malina led<br \/>\n8. Jahodov\u00fd led<span style=\"color: #ff0000\"><strong>&gt;&gt;&gt;&gt;Nejlep\u0161\u00ed!<\/strong><\/span><br \/>\n9. Troj\u00ed bobulov\u00fd led<br \/>\n10.Bor\u016fvka Malina<br \/>\n11.Broskvov\u00fd Led<br \/>\n12. Kysel\u00e9 jablko<span style=\"color: #ff0000\"><strong>&gt;&gt;&gt;&gt;\u017dhav\u00e9!<\/strong><\/span><\/p>\n<p>&nbsp;<\/p>\n<h2><strong>Ot\u00e1zky, kter\u00e9 byste mohli cht\u00edt v\u011bd\u011bt o Bang Beach 20000<\/strong><\/h2>\n<p>&nbsp;<\/p>\n<p><strong>1. Kolik nikotinu je v Bang Beach 20000?<\/strong><br \/>\nBang Beach 20000 obsahuje 0 %, 2 %, 3 % a 5 % nikotinov\u00e9 soli. D\u00edky pokro\u010dil\u00e9 technologii mesh c\u00edvky nab\u00edz\u00ed vynikaj\u00edc\u00ed z\u00e1\u017eitek z vapov\u00e1n\u00ed pln\u00fd bohat\u00e9 chuti.<\/p>\n<p><strong>2. Jsou vapy Bang Beach 20000 dob\u00edjec\u00ed?<\/strong><br \/>\nAno, Bang Beach 20000 obsahuje dob\u00edjec\u00ed baterii s kapacitou 650 mAh, kter\u00e1 zaji\u0161\u0165uje dlouhotrvaj\u00edc\u00ed po\u017eitek.<\/p>\n<p><strong>3. Kolik potah\u016f m\u016f\u017eete z\u00edskat z Bang Beach 20000?<\/strong><br \/>\nBang Beach 20000 poskytuje p\u0159ibli\u017en\u011b 20000 potah\u016f, v z\u00e1vislosti na pou\u017e\u00edv\u00e1n\u00ed, a je k dispozici ve 12 p\u0159\u00edchut\u00edch.<\/p>\n<p><strong>4. Jak dlouho trv\u00e1 nabit\u00ed Bang Beach 20000?<\/strong><br \/>\nBang Beach 20000 lze pln\u011b nab\u00edt za pouh\u00fdch 30 a\u017e 35 minut, co\u017e zaji\u0161\u0165uje rychlou p\u0159ipravenost k pou\u017eit\u00ed.<\/p>\n<p>&nbsp;<\/p>\n<h3><b>\u010casto kladen\u00e9 ot\u00e1zky<\/b><\/h3>\n<p>&nbsp;<\/p>\n<div class=\"flex-shrink-0 flex flex-col relative items-end\">\n<div>\n<div class=\"pt-0\">\n<div class=\"gizmo-bot-avatar flex h-8 w-8 items-center justify-center overflow-hidden rounded-full\">\n<div class=\"relative p-1 rounded-sm flex items-center justify-center bg-token-main-surface-primary text-token-text-primary h-8 w-8\"><strong>Jak\u00e9 zp\u016fsoby dopravy se pou\u017e\u00edvaj\u00ed?<\/strong><\/div>\n<\/div>\n<\/div>\n<\/div>\n<\/div>\n<div class=\"group\/conversation-turn relative flex w-full min-w-0 flex-col agent-turn\">\n<div class=\"flex-col gap-1 md:gap-3\">\n<div class=\"flex max-w-full flex-col flex-grow\">\n<div class=\"min-h-[20px] text-message flex w-full flex-col items-end gap-2 whitespace-normal break-words [.text-message+&amp;]:mt-5 overflow-x-auto\" dir=\"auto\" data-message-author-role=\"assistant\" data-message-id=\"22f8283b-3233-46ff-89a5-c7a41b33abda\">\n<div class=\"flex w-full flex-col gap-1 empty:hidden first:pt-[3px]\">\n<div class=\"markdown prose w-full break-words dark:prose-invert light\">\n<p>Spolupracujeme s UPS, DHL, FedEx, DPD a dal\u0161\u00edmi p\u0159edn\u00edmi p\u0159epravci. Vybereme nejlep\u0161\u00ed zp\u016fsob dopravy na z\u00e1klad\u011b va\u0161\u00ed doru\u010dovac\u00ed lokality, abychom zajistili, \u017ee sv\u00e9 produkty obdr\u017e\u00edte co nejrychleji.<\/p>\n<\/div>\n<p><strong>Jak dlouho trv\u00e1 doru\u010den\u00ed?<\/strong><\/p>\n<p>Bal\u00ed\u010dky odeslan\u00e9 do \u010cesk\u00e9 republiky obvykle doraz\u00ed do 10 pracovn\u00edch dn\u016f. P\u0159eprava do evropsk\u00fdch zem\u00ed obecn\u011b trv\u00e1 asi 12-15 pracovn\u00edch dn\u016f. O stavu va\u0161\u00ed z\u00e1silky v\u00e1s budeme pr\u016fb\u011b\u017en\u011b informovat.<\/p>\n<\/div>\n<p><strong>Z\u00e1ruka<\/strong><\/p>\n<p><span style=\"color: #ff0000\"><strong>Na v\u0161echny produkty v na\u0161em obchod\u011b se vztahuje z\u00e1ruka 100% originality a autenti\u010dnosti. Nab\u00edz\u00edme 10n\u00e1sobnou kompenzaci za pad\u011blan\u00e9 zbo\u017e\u00ed!<\/strong><\/span><\/p>\n<div class=\"flex w-full flex-col gap-1 empty:hidden first:pt-[3px]\">\n<p>&nbsp;<\/p>\n<\/div>\n<\/div>\n<\/div>\n<\/div>\n<\/div>\n<p>&nbsp;<\/p>\n<p>Dal\u0161\u00ed obl\u00edben\u00e9 jednor\u00e1zov\u00e9 e-cigarety, kter\u00e9 by se v\u00e1m mohly l\u00edbit:<\/p>\n<p><strong><a href=\"https:\/\/rmvapesale.com\/cs\/product\/wga-crystal-plus-20000-puff-dual-flavour-disposable-vape\/\">Bang King 30000 Puffs<\/a><\/strong><\/p>\n<p><a href=\"https:\/\/rmvapesale.com\/cs\/product\/bang-20000-puffs-disposable-vape-wholesale-supplier\/\"><strong>WGA Crystal Plus Smart 16000 Puffs<\/strong><\/a><\/p>\n<p><a href=\"https:\/\/rmvapesale.com\/cs\/product\/wga-crystal-pro-max-extra-15k-puffs-disposable-vape-wholesale\/\"><strong>Bang 25000 Puffs<\/strong><\/a><\/p>\n<p>&nbsp;<\/p>\n<p>&nbsp;<\/p>\n<p>Naj\u00edt v\u00edce produkt\u016f pro vaping, kter\u00e9 by se v\u00e1m mohly l\u00edbit:<strong><em><a href=\"https:\/\/rmvapesale.com\/cs\/shop-2\/\">nakupujte nyn\u00ed &gt;&gt;&gt;<\/a><\/em><\/strong><\/p>","protected":false},"excerpt":{"rendered":"<p>Velkoobchod Bang Vape Beach 20000 Puffs v\u0161echny p\u0159\u00edchut\u011b<br \/>\nBANG BEACH 20000 PUFFS 0% 2% 3% 5% nikotinu<br \/>\nVelkoobchod jednor\u00e1zov\u00fdch vap\u016f Bang Beach 20000 Puff<\/p>\n<p><strong>Kontaktujte Amy pro v\u011bt\u0161\u00ed slevu a ni\u017e\u0161\u00ed MOQ Vape<\/strong><\/p>\n<p><img loading=\"lazy\" decoding=\"async\" class=\"size-full wp-image-1978\" src=\"https:\/\/rmvapesale.com\/wp-content\/uploads\/2024\/09\/Disposable-Vape-Wholesale.jpg\" alt=\"Jednor\u00e1zov\u00e1 e-cigareta velkoobchod\" width=\"229\" height=\"300\" \/><\/p>\n<h3><span style=\"color: #ff0000\"><strong>WhatsApp: +86 17776015835<\/strong><\/span><\/h3>","protected":false},"featured_media":2122,"comment_status":"open","ping_status":"closed","template":"","meta":{"_uag_custom_page_level_css":"","_lmt_disableupdate":"no","_lmt_disable":"","site-sidebar-layout":"default","site-content-layout":"content-boxed-container","ast-site-content-layout":"normal-width-container","site-content-style":"boxed","site-sidebar-style":"unboxed","ast-global-header-display":"","ast-banner-title-visibility":"","ast-main-header-display":"","ast-hfb-above-header-display":"","ast-hfb-below-header-display":"","ast-hfb-mobile-header-display":"","site-post-title":"","ast-breadcrumbs-content":"","ast-featured-img":"","footer-sml-layout":"","theme-transparent-header-meta":"default","adv-header-id-meta":"","stick-header-meta":"","header-above-stick-meta":"","header-main-stick-meta":"","header-below-stick-meta":"","astra-migrate-meta-layouts":"set","ast-page-background-enabled":"default","ast-page-background-meta":{"desktop":{"background-color":"var(--ast-global-color-4)","background-image":"","background-repeat":"repeat","background-position":"center center","background-size":"auto","background-attachment":"scroll","background-type":"","background-media":"","overlay-type":"","overlay-color":"","overlay-opacity":"","overlay-gradient":""},"tablet":{"background-color":"","background-image":"","background-repeat":"repeat","background-position":"center center","background-size":"auto","background-attachment":"scroll","background-type":"","background-media":"","overlay-type":"","overlay-color":"","overlay-opacity":"","overlay-gradient":""},"mobile":{"background-color":"","background-image":"","background-repeat":"repeat","background-position":"center center","background-size":"auto","background-attachment":"scroll","background-type":"","background-media":"","overlay-type":"","overlay-color":"","overlay-opacity":"","overlay-gradient":""}},"ast-content-background-meta":{"desktop":{"background-color":"var(--ast-global-color-5)","background-image":"","background-repeat":"repeat","background-position":"center center","background-size":"auto","background-attachment":"scroll","background-type":"","background-media":"","overlay-type":"","overlay-color":"","overlay-opacity":"","overlay-gradient":""},"tablet":{"background-color":"var(--ast-global-color-5)","background-image":"","background-repeat":"repeat","background-position":"center center","background-size":"auto","background-attachment":"scroll","background-type":"","background-media":"","overlay-type":"","overlay-color":"","overlay-opacity":"","overlay-gradient":""},"mobile":{"background-color":"var(--ast-global-color-5)","background-image":"","background-repeat":"repeat","background-position":"center center","background-size":"auto","background-attachment":"scroll","background-type":"","background-media":"","overlay-type":"","overlay-color":"","overlay-opacity":"","overlay-gradient":""}},"_joinchat":[]},"product_brand":[],"product_cat":[15,289,292,293,295,299,273,279,255,25,123,26,28,135,27,60,137,136,30],"product_tag":[88,63,57,58,54],"class_list":{"0":"post-2126","1":"product","2":"type-product","3":"status-publish","4":"has-post-thumbnail","6":"product_cat-new-vape-this-week","7":"product_cat-big-puffs-disposable-vapes","8":"product_cat-digital-disposable-vapes","9":"product_cat-low-nicotine-disposable-vapes","10":"product_cat-rechargeable-disposable-vapes","11":"product_cat-smart-screen-disposable-vapes","12":"product_cat-bang-box-vape","13":"product_cat-bang-king-vape","14":"product_cat-20000-puff-disposable-vape","15":"product_cat-germany-best-selling-vape","16":"product_cat-italy-wholesale-vape","17":"product_cat-netherlands-hot-sale-vape","18":"product_cat-poland-hot-sale-vape","19":"product_cat-spain-best-hot-sale-vape","20":"product_cat-fance-hot-sale-vape","21":"product_cat-bang-vapes","22":"product_cat-rechargeable-vapes","23":"product_cat-smart-screen-vapes","24":"product_cat-minimum-order-quantity-50pcs","25":"product_tag-bang-beach-2000","26":"product_tag-bang-vapes","27":"product_tag-disposable-vape-wholesale-supplier","28":"product_tag-electric-cigarettes","29":"product_tag-rechargeable-disposable-vape","30":"desktop-align-left","31":"tablet-align-left","32":"mobile-align-left","34":"first","35":"instock","36":"sale","37":"shipping-taxable","38":"purchasable","39":"product-type-simple"},"uagb_featured_image_src":{"full":["https:\/\/rmvapesale.com\/wp-content\/uploads\/2024\/09\/Bang-Beach-20000-LED-Light-Disposable-Vape.png",800,800,false],"thumbnail":["https:\/\/rmvapesale.com\/wp-content\/uploads\/2024\/09\/Bang-Beach-20000-LED-Light-Disposable-Vape-150x150.png",150,150,true],"medium":["https:\/\/rmvapesale.com\/wp-content\/uploads\/2024\/09\/Bang-Beach-20000-LED-Light-Disposable-Vape-300x300.png",300,300,true],"medium_large":["https:\/\/rmvapesale.com\/wp-content\/uploads\/2024\/09\/Bang-Beach-20000-LED-Light-Disposable-Vape-768x768.png",768,768,true],"large":["https:\/\/rmvapesale.com\/wp-content\/uploads\/2024\/09\/Bang-Beach-20000-LED-Light-Disposable-Vape.png",800,800,false],"1536x1536":["https:\/\/rmvapesale.com\/wp-content\/uploads\/2024\/09\/Bang-Beach-20000-LED-Light-Disposable-Vape.png",800,800,false],"2048x2048":["https:\/\/rmvapesale.com\/wp-content\/uploads\/2024\/09\/Bang-Beach-20000-LED-Light-Disposable-Vape.png",800,800,false],"trp-custom-language-flag":["https:\/\/rmvapesale.com\/wp-content\/uploads\/2024\/09\/Bang-Beach-20000-LED-Light-Disposable-Vape.png",12,12,false],"woocommerce_thumbnail":["https:\/\/rmvapesale.com\/wp-content\/uploads\/2024\/09\/Bang-Beach-20000-LED-Light-Disposable-Vape-300x300.png",300,300,true],"woocommerce_single":["https:\/\/rmvapesale.com\/wp-content\/uploads\/2024\/09\/Bang-Beach-20000-LED-Light-Disposable-Vape-600x600.png",600,600,true],"woocommerce_gallery_thumbnail":["https:\/\/rmvapesale.com\/wp-content\/uploads\/2024\/09\/Bang-Beach-20000-LED-Light-Disposable-Vape-100x100.png",100,100,true],"wcpr-photo-reviews":["https:\/\/rmvapesale.com\/wp-content\/uploads\/2024\/09\/Bang-Beach-20000-LED-Light-Disposable-Vape.png",500,500,false]},"uagb_author_info":{"display_name":"AMY","author_link":"https:\/\/rmvapesale.com\/cs\/author\/"},"uagb_comment_info":0,"uagb_excerpt":"Bang Vape Beach 20000 Puffs All Flavour Wholesale BANG BEACH 20000 PUFFS 0% 2% 3% 5% Nicotine Bang Beach 20000 Puff Disposable Vape Wholesale Contact Amy For More Discount And Lower MOQ Vape WhatsApp: +86 17776015835","_links":{"self":[{"href":"https:\/\/rmvapesale.com\/cs\/wp-json\/wp\/v2\/product\/2126","targetHints":{"allow":["GET"]}}],"collection":[{"href":"https:\/\/rmvapesale.com\/cs\/wp-json\/wp\/v2\/product"}],"about":[{"href":"https:\/\/rmvapesale.com\/cs\/wp-json\/wp\/v2\/types\/product"}],"replies":[{"embeddable":true,"href":"https:\/\/rmvapesale.com\/cs\/wp-json\/wp\/v2\/comments?post=2126"}],"wp:featuredmedia":[{"embeddable":true,"href":"https:\/\/rmvapesale.com\/cs\/wp-json\/wp\/v2\/media\/2122"}],"wp:attachment":[{"href":"https:\/\/rmvapesale.com\/cs\/wp-json\/wp\/v2\/media?parent=2126"}],"wp:term":[{"taxonomy":"product_brand","embeddable":true,"href":"https:\/\/rmvapesale.com\/cs\/wp-json\/wp\/v2\/product_brand?post=2126"},{"taxonomy":"product_cat","embeddable":true,"href":"https:\/\/rmvapesale.com\/cs\/wp-json\/wp\/v2\/product_cat?post=2126"},{"taxonomy":"product_tag","embeddable":true,"href":"https:\/\/rmvapesale.com\/cs\/wp-json\/wp\/v2\/product_tag?post=2126"}],"curies":[{"name":"wp","href":"https:\/\/api.w.org\/{rel}","templated":true}]}}