{"id":2146,"date":"2024-09-24T08:18:46","date_gmt":"2024-09-24T08:18:46","guid":{"rendered":"https:\/\/rmvapesale.com\/?post_type=product&#038;p=2146"},"modified":"2025-01-21T09:23:48","modified_gmt":"2025-01-21T09:23:48","slug":"bang-shisha-15000-puffs-disposable-vape-puff-15k-wholesale","status":"publish","type":"product","link":"https:\/\/rmvapesale.com\/cs\/product\/bang-shisha-15000-puffs-disposable-vape-puff-15k-wholesale\/","title":{"rendered":"Bang Shisha 15000 Puffs jednor\u00e1zov\u00e1 e-cigareta PUFF 15K velkoobchod"},"content":{"rendered":"<div class=\"B2VR9 CJHX3e\">\n<div class=\"wyccme\">\n<h1>Bang Shisha 15000 Puffs jednor\u00e1zov\u00e1 e-cigareta PUFF 15K velkoobchod<\/h1>\n<p>Vapa Bang Shisha 15000 pot\u00e1hnut\u00ed je nov\u00fd produkt z rodiny BANG Vape. Tato jednor\u00e1zov\u00e1 e-cigareta je dod\u00e1v\u00e1na s vestav\u011bnou 600mAh bateri\u00ed a 15ml p\u0159edpln\u011bn\u00e9ho e-liquidu, poskytuje a\u017e 15000 pot\u00e1hnut\u00ed. S mimo\u0159\u00e1dn\u011b velk\u00fdm mno\u017estv\u00edm p\u00e1ry, navr\u017eeno tak, aby u\u017eivatel\u016fm poskytlo del\u0161\u00ed z\u00e1\u017eitek z vapov\u00e1n\u00ed. Tato Bang Shisha 15000 nab\u00edz\u00ed \u010dty\u0159i koncentrace nikotinu 0% 2% 3% 5% a 20 r\u016fzn\u00fdch p\u0159\u00edchut\u00ed, tak\u017ee si ur\u010dit\u011b najdete n\u011bco nejlep\u0161\u00edho pro sebe!<\/p>\n<\/div>\n<div class=\"wyccme\">\n<p>&nbsp;<\/p>\n<\/div>\n<\/div>\n<p><strong>Kontaktujte Amy a z\u00edskejte spr\u00e1vnou odpov\u011b\u010f a dal\u0161\u00ed produktov\u00e1 videa!<\/strong><\/p>\n<p><img loading=\"lazy\" decoding=\"async\" class=\"size-full wp-image-1978\" src=\"https:\/\/rmvapesale.com\/wp-content\/uploads\/2024\/09\/Disposable-Vape-Wholesale.jpg\" alt=\"Jednor\u00e1zov\u00e1 e-cigareta velkoobchod\" width=\"229\" height=\"300\" \/><\/p>\n<h3><span style=\"color: #ff0000\"><strong>WhatsApp: +86 17776015835<\/strong><\/span><\/h3>\n<p>&nbsp;<\/p>\n<h2><\/h2>\n<h2><strong>Bang Shisha 15000 pot\u00e1hnut\u00ed Kl\u00ed\u010dov\u00e9 vlastnosti<\/strong><\/h2>\n<p>Pot\u00e1hnut\u00ed: 15000 pot\u00e1hnut\u00ed<br data-filtered=\"filtered\" \/>15ml P\u0159edpln\u011bn\u00fd e-liquid<br data-filtered=\"filtered\" \/>0%2%3% 5% \u00darove\u0148 nikotinu<br data-filtered=\"filtered\" \/>Dob\u00edjec\u00ed Type-C<\/p>\n<p>&nbsp;<\/p>\n<figure id=\"attachment_2141\" aria-describedby=\"caption-attachment-2141\" style=\"width: 300px\" class=\"wp-caption alignnone\"><img loading=\"lazy\" decoding=\"async\" class=\"size-medium wp-image-2141\" src=\"https:\/\/rmvapesale.com\/wp-content\/uploads\/2024\/09\/Bang-Shisha-15000-Puffs-Disposable-Vape-Wholesale-1-300x300.png\" alt=\"Bang Shisha 15000 pot\u00e1hnut\u00ed Jednor\u00e1zov\u00e1 vapa Velkoobchod\" width=\"300\" height=\"300\" srcset=\"https:\/\/rmvapesale.com\/wp-content\/uploads\/2024\/09\/Bang-Shisha-15000-Puffs-Disposable-Vape-Wholesale-1-300x300.png 300w, https:\/\/rmvapesale.com\/wp-content\/uploads\/2024\/09\/Bang-Shisha-15000-Puffs-Disposable-Vape-Wholesale-1-150x150.png 150w, https:\/\/rmvapesale.com\/wp-content\/uploads\/2024\/09\/Bang-Shisha-15000-Puffs-Disposable-Vape-Wholesale-1-768x768.png 768w, https:\/\/rmvapesale.com\/wp-content\/uploads\/2024\/09\/Bang-Shisha-15000-Puffs-Disposable-Vape-Wholesale-1-600x600.png 600w, https:\/\/rmvapesale.com\/wp-content\/uploads\/2024\/09\/Bang-Shisha-15000-Puffs-Disposable-Vape-Wholesale-1-100x100.png 100w, https:\/\/rmvapesale.com\/wp-content\/uploads\/2024\/09\/Bang-Shisha-15000-Puffs-Disposable-Vape-Wholesale-1.png 788w\" sizes=\"auto, (max-width: 300px) 100vw, 300px\" \/><figcaption id=\"caption-attachment-2141\" class=\"wp-caption-text\">Bang Shisha 15000 pot\u00e1hnut\u00ed Jednor\u00e1zov\u00e1 vapa Velkoobchod<\/figcaption><\/figure>\n<h2><strong>Nejlep\u0161\u00ed p\u0159\u00edchu\u0165 pro vapu Bang Shisha 15000 pot\u00e1hnut\u00ed<\/strong><\/h2>\n<p>Pod vapa Bang Shisha 15000 pot\u00e1hnut\u00ed se py\u0161n\u00ed 20 p\u0159\u00edchut\u011bmi, z nich\u017e ka\u017ed\u00e1 je navr\u017eena tak, aby nab\u00eddla osobit\u00fd a uspokojiv\u00fd z\u00e1\u017eitek z vapov\u00e1n\u00ed, je tu n\u011bco nejlep\u0161\u00edho pro v\u00e1s!<\/p>\n<p>1, Bor\u016fvkov\u00fd led<br \/>\n2, Modr\u00fd malinov\u00fd led<span style=\"color: #ff0000\"><strong>&gt;&gt;&gt;&gt;\u017dhav\u00e9!<\/strong><\/span><br \/>\n3, T\u0159e\u0161\u0148ov\u00fd meloun<br \/>\n4, Mra\u017een\u00e9 jablko<br \/>\n5, \u017dv\u00fdka\u010dka m\u00e1ta<br \/>\n6,Mango ban\u00e1n<br \/>\n7,Mix bobul\u00ed led<br \/>\n8,Ananas kokos<br \/>\n9,\u010cerven\u00e1 bobulov\u00e1 d\u0159e\u0148<br \/>\n10,Kiwi mu\u010denka guava<br \/>\n11,Brusinka hrozen<br \/>\n12,Jahodov\u00fd led<span style=\"color: #ff0000\"><strong>&gt;&gt;&gt;&gt;\u017dhav\u00e9!<\/strong><\/span><br \/>\n13,Jahoda kiwi<br \/>\n14,Jahoda malina bonb\u00f3n<span style=\"color: #ff0000\"><strong>&gt;&gt;&gt;&gt;Nejlep\u0161\u00ed!<\/strong><\/span><br \/>\n15,Meloun led<br \/>\n16,\u0160\u0165avnat\u00e9 broskve<br \/>\n17,L\u00e1ska 66<br \/>\n18,Broskev mango<br \/>\n19,\u010cerven\u00fd b\u00fdk<span style=\"color: #ff0000\"><strong>&gt;&gt;&gt;&gt;\u017dhav\u00e9!<\/strong><\/span><br \/>\n20,Meloun jahoda \u017ev\u00fdka\u010dka<span style=\"color: #ff0000\"><strong>&gt;&gt;&gt;&gt;\u017dhav\u00e9!<\/strong><\/span><\/p>\n<p>&nbsp;<\/p>\n<p>&nbsp;<\/p>\n<h2><strong>Ot\u00e1zky, kter\u00e9 byste mo\u017en\u00e1 cht\u011bli v\u011bd\u011bt o Bang Shisha 15000 puffs<\/strong><\/h2>\n<p>&nbsp;<\/p>\n<p><strong>1. Kolik nikotinu je v Bang Shisha 15000 puffs?<\/strong><br \/>\nJednor\u00e1zov\u00e1 vapka Bang Shisha 15000 puffs obsahuje nikotinovou s\u016fl s koncentrac\u00ed 0 %, 2 %, 3 % nebo 5 %. D\u00edky pokro\u010dil\u00e9 technologii mesh coil nab\u00edz\u00ed vynikaj\u00edc\u00ed z\u00e1\u017eitek z vapov\u00e1n\u00ed pln\u00fd bohat\u00e9 chuti.<\/p>\n<p><strong>2. Jsou jednor\u00e1zov\u00e9 vapky Bang Shisha 15000 puffs dob\u00edjec\u00ed?<\/strong><br \/>\nAno, Bang Shisha 15000 puffs obsahuje dob\u00edjec\u00ed 600 mAh baterii, kter\u00e1 poskytuje dlouhotrvaj\u00edc\u00ed po\u017eitek.<\/p>\n<p><strong>3. Kolik pot\u00e1hnut\u00ed z\u00edsk\u00e1te z Bang Shisha 15000 pot\u00e1hnut\u00ed?<\/strong><br \/>\nBang Shisha 15000 pot\u00e1hnut\u00ed poskytuje p\u0159ibli\u017en\u011b 15000 pot\u00e1hnut\u00ed, v z\u00e1vislosti na pou\u017e\u00edv\u00e1n\u00ed, a je k dispozici v 16 p\u0159\u00edchut\u00edch.<\/p>\n<p><strong>4. Jak dlouho trv\u00e1 nabit\u00ed Bang Pulse 18000?<\/strong><br \/>\nJednor\u00e1zov\u00e1 vapovac\u00ed krabi\u010dka Bang Shisha 15000 pot\u00e1hnut\u00ed m\u016f\u017ee b\u00fdt pln\u011b nabita za pouh\u00fdch 30 a\u017e 35 minut, co\u017e zaji\u0161\u0165uje rychlou p\u0159ipravenost k pou\u017eit\u00ed.<\/p>\n<p>&nbsp;<\/p>\n<h3><b>\u010casto kladen\u00e9 ot\u00e1zky<\/b><\/h3>\n<p>&nbsp;<\/p>\n<div class=\"flex-shrink-0 flex flex-col relative items-end\">\n<div>\n<div class=\"pt-0\">\n<div class=\"gizmo-bot-avatar flex h-8 w-8 items-center justify-center overflow-hidden rounded-full\">\n<div class=\"relative p-1 rounded-sm flex items-center justify-center bg-token-main-surface-primary text-token-text-primary h-8 w-8\"><strong>Jak\u00e9 zp\u016fsoby dopravy se pou\u017e\u00edvaj\u00ed?<\/strong><\/div>\n<\/div>\n<\/div>\n<\/div>\n<\/div>\n<div class=\"group\/conversation-turn relative flex w-full min-w-0 flex-col agent-turn\">\n<div class=\"flex-col gap-1 md:gap-3\">\n<div class=\"flex max-w-full flex-col flex-grow\">\n<div class=\"min-h-[20px] text-message flex w-full flex-col items-end gap-2 whitespace-normal break-words [.text-message+&amp;]:mt-5 overflow-x-auto\" dir=\"auto\" data-message-author-role=\"assistant\" data-message-id=\"22f8283b-3233-46ff-89a5-c7a41b33abda\">\n<div class=\"flex w-full flex-col gap-1 empty:hidden first:pt-[3px]\">\n<div class=\"markdown prose w-full break-words dark:prose-invert light\">\n<p>Spolupracujeme s UPS, DHL, FedEx, DPD a dal\u0161\u00edmi p\u0159edn\u00edmi p\u0159epravci. Vybereme nejlep\u0161\u00ed zp\u016fsob dopravy na z\u00e1klad\u011b va\u0161\u00ed doru\u010dovac\u00ed lokality, abychom zajistili, \u017ee sv\u00e9 produkty obdr\u017e\u00edte co nejrychleji.<\/p>\n<\/div>\n<p><strong>Jak dlouho trv\u00e1 doru\u010den\u00ed?<\/strong><\/p>\n<p>Bal\u00ed\u010dky odeslan\u00e9 do \u010cesk\u00e9 republiky obvykle doraz\u00ed do 10 pracovn\u00edch dn\u016f. P\u0159eprava do evropsk\u00fdch zem\u00ed obecn\u011b trv\u00e1 asi 12-15 pracovn\u00edch dn\u016f. O stavu va\u0161\u00ed z\u00e1silky v\u00e1s budeme pr\u016fb\u011b\u017en\u011b informovat.<\/p>\n<\/div>\n<p><strong>Z\u00e1ruka<\/strong><\/p>\n<p><span style=\"color: #ff0000\"><strong>Na v\u0161echny produkty v na\u0161em obchod\u011b se vztahuje z\u00e1ruka 100% originality a autenti\u010dnosti. Nab\u00edz\u00edme 10n\u00e1sobnou kompenzaci za pad\u011blan\u00e9 zbo\u017e\u00ed!<\/strong><\/span><\/p>\n<div class=\"flex w-full flex-col gap-1 empty:hidden first:pt-[3px]\">\n<p>&nbsp;<\/p>\n<\/div>\n<\/div>\n<\/div>\n<\/div>\n<\/div>\n<p>&nbsp;<\/p>\n<p>Dal\u0161\u00ed obl\u00edben\u00e9 jednor\u00e1zov\u00e9 e-cigarety, kter\u00e9 by se v\u00e1m mohly l\u00edbit:<\/p>\n<p><strong><a href=\"https:\/\/rmvapesale.com\/cs\/product\/bang-pulse-18000-puffs-18k-disposable-vape-factory-price\/\">Bang Pulse 18000 pot\u00e1hnut\u00ed\u00a0<\/a><\/strong><\/p>\n<p><a href=\"https:\/\/rmvapesale.com\/cs\/product\/bang-20000-puffs-disposable-vape-wholesale-supplier\/\"><strong>WGA Crystal Pro Max Extra 15000<\/strong><\/a><\/p>\n<p><a href=\"https:\/\/rmvapesale.com\/cs\/product\/wga-crystal-pro-max-extra-15k-puffs-disposable-vape-wholesale\/\"><strong>Bang 25000 Puffs<\/strong><\/a><\/p>\n<p><a href=\"https:\/\/rmvapesale.com\/cs\/product\/wga-crystal-plus-smart-16000-disposable-vape\/\"><strong>WGA Crystal Plus Smart 16000 Puffs\u00a0<\/strong><\/a><\/p>\n<p>&nbsp;<\/p>\n<p>&nbsp;<\/p>\n<p>Naj\u00edt v\u00edce produkt\u016f pro vaping, kter\u00e9 by se v\u00e1m mohly l\u00edbit:<strong><em><a href=\"https:\/\/rmvapesale.com\/cs\/shop-2\/\">nakupujte nyn\u00ed &gt;&gt;&gt;<\/a><\/em><\/strong><\/p>","protected":false},"excerpt":{"rendered":"<p>Bang Shisha 15000 pot\u00e1hnut\u00ed Jednor\u00e1zov\u00e1 vapa Velkoobchod<br \/>\nBang Shisha 15000 pot\u00e1hnut\u00ed 0% 2% 3% 5% Nikotin<br \/>\nBang Shisha 15000 pot\u00e1hnut\u00ed Jednor\u00e1zov\u00e1 vapa Levn\u00e1 cena<\/p>\n<p><strong>Kontaktujte Amy pro v\u011bt\u0161\u00ed slevu a ni\u017e\u0161\u00ed MOQ Vape<\/strong><\/p>\n<p><img loading=\"lazy\" decoding=\"async\" class=\"size-full wp-image-1978\" src=\"https:\/\/rmvapesale.com\/wp-content\/uploads\/2024\/09\/Disposable-Vape-Wholesale.jpg\" alt=\"Jednor\u00e1zov\u00e1 e-cigareta velkoobchod\" width=\"229\" height=\"300\" \/><\/p>\n<h3><span style=\"color: #ff0000\"><strong>WhatsApp: +86 17776015835<\/strong><\/span><\/h3>","protected":false},"featured_media":2144,"comment_status":"open","ping_status":"closed","template":"","meta":{"_uag_custom_page_level_css":"","_lmt_disableupdate":"no","_lmt_disable":"","site-sidebar-layout":"default","site-content-layout":"content-boxed-container","ast-site-content-layout":"normal-width-container","site-content-style":"boxed","site-sidebar-style":"unboxed","ast-global-header-display":"","ast-banner-title-visibility":"","ast-main-header-display":"","ast-hfb-above-header-display":"","ast-hfb-below-header-display":"","ast-hfb-mobile-header-display":"","site-post-title":"","ast-breadcrumbs-content":"","ast-featured-img":"","footer-sml-layout":"","ast-disable-related-posts":"","theme-transparent-header-meta":"default","adv-header-id-meta":"","stick-header-meta":"","header-above-stick-meta":"","header-main-stick-meta":"","header-below-stick-meta":"","astra-migrate-meta-layouts":"set","ast-page-background-enabled":"default","ast-page-background-meta":{"desktop":{"background-color":"var(--ast-global-color-4)","background-image":"","background-repeat":"repeat","background-position":"center center","background-size":"auto","background-attachment":"scroll","background-type":"","background-media":"","overlay-type":"","overlay-color":"","overlay-opacity":"","overlay-gradient":""},"tablet":{"background-color":"","background-image":"","background-repeat":"repeat","background-position":"center center","background-size":"auto","background-attachment":"scroll","background-type":"","background-media":"","overlay-type":"","overlay-color":"","overlay-opacity":"","overlay-gradient":""},"mobile":{"background-color":"","background-image":"","background-repeat":"repeat","background-position":"center center","background-size":"auto","background-attachment":"scroll","background-type":"","background-media":"","overlay-type":"","overlay-color":"","overlay-opacity":"","overlay-gradient":""}},"ast-content-background-meta":{"desktop":{"background-color":"var(--ast-global-color-5)","background-image":"","background-repeat":"repeat","background-position":"center center","background-size":"auto","background-attachment":"scroll","background-type":"","background-media":"","overlay-type":"","overlay-color":"","overlay-opacity":"","overlay-gradient":""},"tablet":{"background-color":"var(--ast-global-color-5)","background-image":"","background-repeat":"repeat","background-position":"center center","background-size":"auto","background-attachment":"scroll","background-type":"","background-media":"","overlay-type":"","overlay-color":"","overlay-opacity":"","overlay-gradient":""},"mobile":{"background-color":"var(--ast-global-color-5)","background-image":"","background-repeat":"repeat","background-position":"center center","background-size":"auto","background-attachment":"scroll","background-type":"","background-media":"","overlay-type":"","overlay-color":"","overlay-opacity":"","overlay-gradient":""}},"_joinchat":[]},"product_brand":[],"product_cat":[15,61,273,279,60,289,292,27,25,123,293,30,26,28,295,137,296,299,136,135],"product_tag":[92,63,58,54,91],"class_list":{"0":"post-2146","1":"product","2":"type-product","3":"status-publish","4":"has-post-thumbnail","6":"product_cat-new-vape-this-week","7":"product_cat-15000-puffs-disposable-vapes","8":"product_cat-bang-box-vape","9":"product_cat-bang-king-vape","10":"product_cat-bang-vapes","11":"product_cat-big-puffs-disposable-vapes","12":"product_cat-digital-disposable-vapes","13":"product_cat-fance-hot-sale-vape","14":"product_cat-germany-best-selling-vape","15":"product_cat-italy-wholesale-vape","16":"product_cat-low-nicotine-disposable-vapes","17":"product_cat-minimum-order-quantity-50pcs","18":"product_cat-netherlands-hot-sale-vape","19":"product_cat-poland-hot-sale-vape","20":"product_cat-rechargeable-disposable-vapes","21":"product_cat-rechargeable-vapes","22":"product_cat-shisha-hookah-disposable-vapes","23":"product_cat-smart-screen-disposable-vapes","24":"product_cat-smart-screen-vapes","25":"product_cat-spain-best-hot-sale-vape","26":"product_tag-bang-shisha-15000","27":"product_tag-bang-vapes","28":"product_tag-electric-cigarettes","29":"product_tag-rechargeable-disposable-vape","30":"product_tag-shisha","31":"desktop-align-left","32":"tablet-align-left","33":"mobile-align-left","35":"first","36":"instock","37":"sale","38":"shipping-taxable","39":"purchasable","40":"product-type-simple"},"uagb_featured_image_src":{"full":["https:\/\/rmvapesale.com\/wp-content\/uploads\/2024\/09\/Bang-Shisha-15000-Puffs.png",788,788,false],"thumbnail":["https:\/\/rmvapesale.com\/wp-content\/uploads\/2024\/09\/Bang-Shisha-15000-Puffs-150x150.png",150,150,true],"medium":["https:\/\/rmvapesale.com\/wp-content\/uploads\/2024\/09\/Bang-Shisha-15000-Puffs-300x300.png",300,300,true],"medium_large":["https:\/\/rmvapesale.com\/wp-content\/uploads\/2024\/09\/Bang-Shisha-15000-Puffs-768x768.png",768,768,true],"large":["https:\/\/rmvapesale.com\/wp-content\/uploads\/2024\/09\/Bang-Shisha-15000-Puffs.png",788,788,false],"1536x1536":["https:\/\/rmvapesale.com\/wp-content\/uploads\/2024\/09\/Bang-Shisha-15000-Puffs.png",788,788,false],"2048x2048":["https:\/\/rmvapesale.com\/wp-content\/uploads\/2024\/09\/Bang-Shisha-15000-Puffs.png",788,788,false],"trp-custom-language-flag":["https:\/\/rmvapesale.com\/wp-content\/uploads\/2024\/09\/Bang-Shisha-15000-Puffs.png",12,12,false],"woocommerce_thumbnail":["https:\/\/rmvapesale.com\/wp-content\/uploads\/2024\/09\/Bang-Shisha-15000-Puffs-300x300.png",300,300,true],"woocommerce_single":["https:\/\/rmvapesale.com\/wp-content\/uploads\/2024\/09\/Bang-Shisha-15000-Puffs-600x600.png",600,600,true],"woocommerce_gallery_thumbnail":["https:\/\/rmvapesale.com\/wp-content\/uploads\/2024\/09\/Bang-Shisha-15000-Puffs-100x100.png",100,100,true],"wcpr-photo-reviews":["https:\/\/rmvapesale.com\/wp-content\/uploads\/2024\/09\/Bang-Shisha-15000-Puffs.png",500,500,false]},"uagb_author_info":{"display_name":"AMY","author_link":"https:\/\/rmvapesale.com\/cs\/author\/"},"uagb_comment_info":0,"uagb_excerpt":"Bang Shisha 15000 puffs Disposable vape\u00a0Wholesale Bang Shisha 15000 puffs\u00a00% 2% 3% 5% Nicotine Bang Shisha 15000 puffs Disposable Vape Cheap Price Contact Amy For More Discount And Lower MOQ Vape WhatsApp: +86 17776015835","_links":{"self":[{"href":"https:\/\/rmvapesale.com\/cs\/wp-json\/wp\/v2\/product\/2146","targetHints":{"allow":["GET"]}}],"collection":[{"href":"https:\/\/rmvapesale.com\/cs\/wp-json\/wp\/v2\/product"}],"about":[{"href":"https:\/\/rmvapesale.com\/cs\/wp-json\/wp\/v2\/types\/product"}],"replies":[{"embeddable":true,"href":"https:\/\/rmvapesale.com\/cs\/wp-json\/wp\/v2\/comments?post=2146"}],"wp:featuredmedia":[{"embeddable":true,"href":"https:\/\/rmvapesale.com\/cs\/wp-json\/wp\/v2\/media\/2144"}],"wp:attachment":[{"href":"https:\/\/rmvapesale.com\/cs\/wp-json\/wp\/v2\/media?parent=2146"}],"wp:term":[{"taxonomy":"product_brand","embeddable":true,"href":"https:\/\/rmvapesale.com\/cs\/wp-json\/wp\/v2\/product_brand?post=2146"},{"taxonomy":"product_cat","embeddable":true,"href":"https:\/\/rmvapesale.com\/cs\/wp-json\/wp\/v2\/product_cat?post=2146"},{"taxonomy":"product_tag","embeddable":true,"href":"https:\/\/rmvapesale.com\/cs\/wp-json\/wp\/v2\/product_tag?post=2146"}],"curies":[{"name":"wp","href":"https:\/\/api.w.org\/{rel}","templated":true}]}}