{"id":2161,"date":"2024-09-25T08:29:45","date_gmt":"2024-09-25T08:29:45","guid":{"rendered":"https:\/\/rmvapesale.com\/?post_type=product&#038;p=2161"},"modified":"2025-01-21T09:30:39","modified_gmt":"2025-01-21T09:30:39","slug":"vozol-gear-power-20000-puff-disposable-vape","status":"publish","type":"product","link":"https:\/\/rmvapesale.com\/cs\/product\/vozol-gear-power-20000-puff-disposable-vape\/","title":{"rendered":"Vozol Gear Power 20000 pot\u00e1hnut\u00ed jednor\u00e1zov\u00fd vape"},"content":{"rendered":"<div class=\"B2VR9 CJHX3e\">\n<div class=\"wyccme\">\n<h3 class=\"LC20lb MBeuO DKV0Md\"><strong>Vozol Gear Power 20000 pot\u00e1hnut\u00ed jednor\u00e1zov\u00fd vape<\/strong><\/h3>\n<p>Vozol Gear Power 20000 je navr\u017een tak, aby zlep\u0161il v\u00e1\u0161 z\u00e1\u017eitek z vapov\u00e1n\u00ed d\u00edky sv\u00fdm inovativn\u00edm funkc\u00edm a elegantn\u00edmu designu. Tento jednor\u00e1zov\u00fd vape m\u00e1 velkorys\u00fd objem 20 ml a je vybaven pokro\u010dilou du\u00e1ln\u00ed mesh spir\u00e1lkou S.i.L.C. pro hladk\u00e9 a konzistentn\u00ed pot\u00e1hnut\u00ed. S p\u0159ibli\u017en\u011b 20 000 dostupn\u00fdmi potahy si m\u016f\u017eete u\u017e\u00edvat dlouhotrvaj\u00edc\u00ed uspokojen\u00ed bez obav, \u017ee v\u00e1m dojde.<\/p>\n<\/div>\n<div class=\"wyccme\">\n<p>&nbsp;<\/p>\n<\/div>\n<\/div>\n<p><strong>Kontaktujte Amy a z\u00edskejte spr\u00e1vnou odpov\u011b\u010f a dal\u0161\u00ed produktov\u00e1 videa!<\/strong><\/p>\n<p><img loading=\"lazy\" decoding=\"async\" class=\"size-full wp-image-1978\" src=\"https:\/\/rmvapesale.com\/wp-content\/uploads\/2024\/09\/Disposable-Vape-Wholesale.jpg\" alt=\"Jednor\u00e1zov\u00e1 e-cigareta velkoobchod\" width=\"229\" height=\"300\" \/><\/p>\n<h3><span style=\"color: #ff0000\"><strong>WhatsApp: +86 17776015835<\/strong><\/span><\/h3>\n<p>&nbsp;<\/p>\n<h2><\/h2>\n<h2><strong>Kl\u00ed\u010dov\u00e9 vlastnosti Vozol Gear Power 20000 potah\u016f<\/strong><\/h2>\n<p>Displej na celou obrazovku<br \/>\nZobrazen\u00ed stavu baterie a e-liquidu<br \/>\n20 000+ potah\u016f<br \/>\nDu\u00e1ln\u00ed re\u017eim ECO\/POWER<br \/>\nOvl\u00e1d\u00e1n\u00ed proud\u011bn\u00ed vzduchu<br \/>\nDu\u00e1ln\u00ed mesh spir\u00e1lka S.i.L.C. Tech<br \/>\nAktivace potahem<br \/>\nMTL vape<br \/>\nVhodn\u00e9 pro za\u010d\u00e1te\u010dn\u00edky<\/p>\n<h2><\/h2>\n<h2><strong>Nejlep\u0161\u00ed p\u0159\u00edchu\u0165 pro jednor\u00e1zov\u00fd vape Vozol Gear Power 20000<\/strong><\/h2>\n<p>Jednor\u00e1zov\u00fd vape Vozol Gear Power 20000 potah\u016f se py\u0161n\u00ed 20 p\u0159\u00edchut\u011bmi, z nich\u017e ka\u017ed\u00e1 je navr\u017eena tak, aby nab\u00eddla jedine\u010dn\u00fd a uspokojiv\u00fd z\u00e1\u017eitek z vapov\u00e1n\u00ed, je zde n\u011bco nejlep\u0161\u00edho pr\u00e1v\u011b pro v\u00e1s!<\/p>\n<p>1.Vodn\u00ed meloun s ledem<br \/>\n2.Hroznov\u00e9 v\u00edno ledov\u00e9<br \/>\n3.Mango s ledem<br \/>\n4.Dvojit\u00e9 jablko s ledem<br \/>\n5.Citr\u00f3n s m\u00e1tou<span style=\"color: #ff0000\"><strong>&gt;&gt;&gt;&gt;\u017dhav\u00e9!<\/strong><\/span><br \/>\n6.Tab\u00e1k<br \/>\n7. Broskvov\u00fd led<br \/>\n8. Jahodov\u00fd meloun<br \/>\n9.Jahoda s kiwi<br \/>\n10.Malina s vodn\u00edm melounem<br \/>\n11.Modr\u00e1 malina s ledem<span style=\"color: #ff0000\"><strong>&gt;&gt;&gt;&gt;\u017dhav\u00e9!<\/strong><\/span><br \/>\n12.Jahoda Mango<br \/>\n13.Citr\u00f3n Limetka<br \/>\n14.T\u0159e\u0161\u0148ov\u00e1 limon\u00e1da<br \/>\n15.Lesn\u00ed plody<span style=\"color: #ff0000\"><strong>&gt;&gt;&gt;&gt;Nejlep\u0161\u00ed!<\/strong><\/span><br \/>\n16.Dra\u010d\u00ed ovoce Ban\u00e1n T\u0159e\u0161e\u0148<br \/>\n17.LavaFire<br \/>\n18.Bor\u016fvkov\u00e1 bou\u0159e<br \/>\n19.Modr\u00e9 Mojito<span style=\"color: #ff0000\"><strong>&gt;&gt;&gt;&gt;\u017dhav\u00e9!<\/strong><\/span><br \/>\n20.Mango Ananas Grapefruit<\/p>\n<figure id=\"attachment_2162\" aria-describedby=\"caption-attachment-2162\" style=\"width: 699px\" class=\"wp-caption alignnone\"><img loading=\"lazy\" decoding=\"async\" class=\"wp-image-2162 size-full\" src=\"https:\/\/rmvapesale.com\/wp-content\/uploads\/2024\/09\/Vozol-Gear-Power-20000-Flavor.png\" alt=\"Vozol Gear Power 20000 p\u0159\u00edchut\u011b\" width=\"699\" height=\"772\" srcset=\"https:\/\/rmvapesale.com\/wp-content\/uploads\/2024\/09\/Vozol-Gear-Power-20000-Flavor.png 699w, https:\/\/rmvapesale.com\/wp-content\/uploads\/2024\/09\/Vozol-Gear-Power-20000-Flavor-272x300.png 272w, https:\/\/rmvapesale.com\/wp-content\/uploads\/2024\/09\/Vozol-Gear-Power-20000-Flavor-600x663.png 600w\" sizes=\"auto, (max-width: 699px) 100vw, 699px\" \/><figcaption id=\"caption-attachment-2162\" class=\"wp-caption-text\">Vozol Gear Power 20000 p\u0159\u00edchut\u011b<\/figcaption><\/figure>\n<h2><strong>Ot\u00e1zky, kter\u00e9 byste mo\u017en\u00e1 cht\u011bli v\u011bd\u011bt o Vozol Gear Power 20000<\/strong><\/h2>\n<p>&nbsp;<\/p>\n<p><strong>1. Jakou nab\u00edje\u010dku pou\u017e\u00edv\u00e1 Vozol Gear Power 20000 vape?<\/strong><br \/>\nJednor\u00e1zovou elektronickou cigaretu Vozol Gear Power 20000 Puffs lze dob\u00edjet standardn\u00edm nab\u00edjec\u00edm kabelem USB-C a 1A nab\u00edjec\u00edm adapt\u00e9rem nebo portem.<\/p>\n<p><strong>2. Kolik nikotinu m\u00e1 Vozol Gear Power 20000?<\/strong><br \/>\nE-liquid VOZOL obsahuje nikotin, ale jeho konkr\u00e9tn\u00ed mno\u017estv\u00ed se m\u016f\u017ee u jednotliv\u00fdch produkt\u016f li\u0161it.<\/p>\n<p><strong>3. Je Vozol Gear Power 20000 Vape dobr\u00fd?<\/strong><br \/>\nJednor\u00e1zov\u00e1 elektronick\u00e1 cigareta Vozol Gear Power 20000 je ide\u00e1ln\u00ed pro za\u010d\u00e1te\u010dn\u00edky a spolehliv\u00e1 z\u00e1loha pro zku\u0161en\u00e9 u\u017eivatele, nab\u00edz\u00ed p\u016fsobiv\u00fd vzhled a skv\u011blou chu\u0165.<\/p>\n<p><strong>4. Lze Vozol Gear Power 20000 doplnit?<\/strong><br \/>\nElektronick\u00e1 cigareta Vozol Gear 20000 je dob\u00edjec\u00ed, ale jakmile je e-liquid spot\u0159ebov\u00e1n, m\u011bla by b\u00fdt \u0159\u00e1dn\u011b zlikvidov\u00e1na, proto\u017ee jednor\u00e1zov\u00e9 vapky obsahuj\u00ed baterie, kter\u00e9 by nem\u011bly j\u00edt do b\u011b\u017en\u00e9ho odpadu.<\/p>\n<p>&nbsp;<\/p>\n<h3><b>\u010casto kladen\u00e9 ot\u00e1zky<\/b><\/h3>\n<p>&nbsp;<\/p>\n<div class=\"flex-shrink-0 flex flex-col relative items-end\">\n<div>\n<div class=\"pt-0\">\n<div class=\"gizmo-bot-avatar flex h-8 w-8 items-center justify-center overflow-hidden rounded-full\">\n<div class=\"relative p-1 rounded-sm flex items-center justify-center bg-token-main-surface-primary text-token-text-primary h-8 w-8\"><strong>Jak\u00e9 zp\u016fsoby dopravy se pou\u017e\u00edvaj\u00ed?<\/strong><\/div>\n<\/div>\n<\/div>\n<\/div>\n<\/div>\n<div class=\"group\/conversation-turn relative flex w-full min-w-0 flex-col agent-turn\">\n<div class=\"flex-col gap-1 md:gap-3\">\n<div class=\"flex max-w-full flex-col flex-grow\">\n<div class=\"min-h-[20px] text-message flex w-full flex-col items-end gap-2 whitespace-normal break-words [.text-message+&amp;]:mt-5 overflow-x-auto\" dir=\"auto\" data-message-author-role=\"assistant\" data-message-id=\"22f8283b-3233-46ff-89a5-c7a41b33abda\">\n<div class=\"flex w-full flex-col gap-1 empty:hidden first:pt-[3px]\">\n<div class=\"markdown prose w-full break-words dark:prose-invert light\">\n<p>Spolupracujeme s UPS, DHL, FedEx, DPD a dal\u0161\u00edmi p\u0159edn\u00edmi p\u0159epravci. Vybereme nejlep\u0161\u00ed zp\u016fsob dopravy na z\u00e1klad\u011b va\u0161\u00ed doru\u010dovac\u00ed lokality, abychom zajistili, \u017ee sv\u00e9 produkty obdr\u017e\u00edte co nejrychleji.<\/p>\n<\/div>\n<p><strong>Jak dlouho trv\u00e1 doru\u010den\u00ed?<\/strong><\/p>\n<p>Bal\u00ed\u010dky odeslan\u00e9 do \u010cesk\u00e9 republiky obvykle doraz\u00ed do 10 pracovn\u00edch dn\u016f. P\u0159eprava do evropsk\u00fdch zem\u00ed obecn\u011b trv\u00e1 asi 12-15 pracovn\u00edch dn\u016f. O stavu va\u0161\u00ed z\u00e1silky v\u00e1s budeme pr\u016fb\u011b\u017en\u011b informovat.<\/p>\n<\/div>\n<p><strong>Z\u00e1ruka<\/strong><\/p>\n<p><span style=\"color: #ff0000\"><strong>Na v\u0161echny produkty v na\u0161em obchod\u011b se vztahuje z\u00e1ruka 100% originality a autenti\u010dnosti. Nab\u00edz\u00edme 10n\u00e1sobnou kompenzaci za pad\u011blan\u00e9 zbo\u017e\u00ed!<\/strong><\/span><\/p>\n<div class=\"flex w-full flex-col gap-1 empty:hidden first:pt-[3px]\">\n<p>&nbsp;<\/p>\n<\/div>\n<\/div>\n<\/div>\n<\/div>\n<\/div>\n<p>&nbsp;<\/p>\n<p>Dal\u0161\u00ed obl\u00edben\u00e9 jednor\u00e1zov\u00e9 e-cigarety, kter\u00e9 by se v\u00e1m mohly l\u00edbit:<\/p>\n<p>&nbsp;<\/p>\n<p><a href=\"https:\/\/rmvapesale.com\/cs\/product\/bang-20000-puffs-disposable-vape-wholesale-supplier\/\"><strong>WGA Crystal Pro Max Extra 15000<\/strong><\/a><\/p>\n<p><strong><a href=\"https:\/\/rmvapesale.com\/cs\/product\/vozol-vista-20000-puffs-smart-disposable-vape\/\">Vozol Vista 20000 pot\u00e1hnut\u00ed\u00a0<\/a><\/strong><\/p>\n<p><a href=\"https:\/\/rmvapesale.com\/cs\/product\/wga-crystal-pro-max-10000-puffs-disposable-vape\/\"><strong>WGA Crystal Pro Max 10000 pot\u00e1hnut\u00ed<\/strong><\/a><\/p>\n<p><a href=\"https:\/\/rmvapesale.com\/cs\/product\/wga-crystal-plus-smart-16000-disposable-vape\/\"><strong>WGA Crystal Plus Smart 16000 Puffs\u00a0<\/strong><\/a><\/p>\n<p>&nbsp;<\/p>\n<p>&nbsp;<\/p>\n<p>Naj\u00edt v\u00edce produkt\u016f pro vaping, kter\u00e9 by se v\u00e1m mohly l\u00edbit:<strong><em><a href=\"https:\/\/rmvapesale.com\/cs\/shop-2\/\">nakupujte nyn\u00ed &gt;&gt;&gt;<\/a><\/em><\/strong><\/p>","protected":false},"excerpt":{"rendered":"<p>Vozol Gear Power 20000 Vaporiz\u00e9r Dob\u00edjec\u00ed Vaporiz\u00e9r<br \/>\nVOZOL Gear 20000 Puf Velkoobchod Jednor\u00e1zov\u00fd Vaporiz\u00e9r<br \/>\nVozol Gear Power 20000 Puf Jednor\u00e1zov\u00fd Vaporiz\u00e9r UK<\/p>\n<p><strong>Kontaktujte Amy pro v\u011bt\u0161\u00ed slevu a ni\u017e\u0161\u00ed MOQ Vape<\/strong><\/p>\n<p><img loading=\"lazy\" decoding=\"async\" class=\"size-full wp-image-1978\" src=\"https:\/\/rmvapesale.com\/wp-content\/uploads\/2024\/09\/Disposable-Vape-Wholesale.jpg\" alt=\"Jednor\u00e1zov\u00e1 e-cigareta velkoobchod\" width=\"229\" height=\"300\" \/><\/p>\n<h3><span style=\"color: #ff0000\"><strong>WhatsApp: +86 17776015835<\/strong><\/span><\/h3>","protected":false},"featured_media":2155,"comment_status":"open","ping_status":"closed","template":"","meta":{"_uag_custom_page_level_css":"","_lmt_disableupdate":"no","_lmt_disable":"","site-sidebar-layout":"default","site-content-layout":"content-boxed-container","ast-site-content-layout":"normal-width-container","site-content-style":"boxed","site-sidebar-style":"unboxed","ast-global-header-display":"","ast-banner-title-visibility":"","ast-main-header-display":"","ast-hfb-above-header-display":"","ast-hfb-below-header-display":"","ast-hfb-mobile-header-display":"","site-post-title":"","ast-breadcrumbs-content":"","ast-featured-img":"","footer-sml-layout":"","theme-transparent-header-meta":"default","adv-header-id-meta":"","stick-header-meta":"","header-above-stick-meta":"","header-main-stick-meta":"","header-below-stick-meta":"","astra-migrate-meta-layouts":"set","ast-page-background-enabled":"default","ast-page-background-meta":{"desktop":{"background-color":"var(--ast-global-color-4)","background-image":"","background-repeat":"repeat","background-position":"center center","background-size":"auto","background-attachment":"scroll","background-type":"","background-media":"","overlay-type":"","overlay-color":"","overlay-opacity":"","overlay-gradient":""},"tablet":{"background-color":"","background-image":"","background-repeat":"repeat","background-position":"center center","background-size":"auto","background-attachment":"scroll","background-type":"","background-media":"","overlay-type":"","overlay-color":"","overlay-opacity":"","overlay-gradient":""},"mobile":{"background-color":"","background-image":"","background-repeat":"repeat","background-position":"center center","background-size":"auto","background-attachment":"scroll","background-type":"","background-media":"","overlay-type":"","overlay-color":"","overlay-opacity":"","overlay-gradient":""}},"ast-content-background-meta":{"desktop":{"background-color":"var(--ast-global-color-5)","background-image":"","background-repeat":"repeat","background-position":"center center","background-size":"auto","background-attachment":"scroll","background-type":"","background-media":"","overlay-type":"","overlay-color":"","overlay-opacity":"","overlay-gradient":""},"tablet":{"background-color":"var(--ast-global-color-5)","background-image":"","background-repeat":"repeat","background-position":"center center","background-size":"auto","background-attachment":"scroll","background-type":"","background-media":"","overlay-type":"","overlay-color":"","overlay-opacity":"","overlay-gradient":""},"mobile":{"background-color":"var(--ast-global-color-5)","background-image":"","background-repeat":"repeat","background-position":"center center","background-size":"auto","background-attachment":"scroll","background-type":"","background-media":"","overlay-type":"","overlay-color":"","overlay-opacity":"","overlay-gradient":""}},"_joinchat":[]},"product_brand":[],"product_cat":[15,289,291,292,293,295,299,284,255,25,123,26,28,135,27,137,136,30],"product_tag":[94,63,96,54,95],"class_list":{"0":"post-2161","1":"product","2":"type-product","3":"status-publish","4":"has-post-thumbnail","6":"product_cat-new-vape-this-week","7":"product_cat-big-puffs-disposable-vapes","8":"product_cat-dual-mesh-disposable-vapes","9":"product_cat-digital-disposable-vapes","10":"product_cat-low-nicotine-disposable-vapes","11":"product_cat-rechargeable-disposable-vapes","12":"product_cat-smart-screen-disposable-vapes","13":"product_cat-vozol-vape","14":"product_cat-20000-puff-disposable-vape","15":"product_cat-germany-best-selling-vape","16":"product_cat-italy-wholesale-vape","17":"product_cat-netherlands-hot-sale-vape","18":"product_cat-poland-hot-sale-vape","19":"product_cat-spain-best-hot-sale-vape","20":"product_cat-fance-hot-sale-vape","21":"product_cat-rechargeable-vapes","22":"product_cat-smart-screen-vapes","23":"product_cat-minimum-order-quantity-50pcs","24":"product_tag-20000-puffs-disposable-vape","25":"product_tag-bang-vapes","26":"product_tag-disposable-vape-wholesale-uk","27":"product_tag-rechargeable-disposable-vape","28":"product_tag-vozol-gear-power-20000","29":"desktop-align-left","30":"tablet-align-left","31":"mobile-align-left","33":"first","34":"instock","35":"sale","36":"shipping-taxable","37":"purchasable","38":"product-type-simple"},"uagb_featured_image_src":{"full":["https:\/\/rmvapesale.com\/wp-content\/uploads\/2024\/09\/Vozol-Gear-20000.jpg",788,788,false],"thumbnail":["https:\/\/rmvapesale.com\/wp-content\/uploads\/2024\/09\/Vozol-Gear-20000-150x150.jpg",150,150,true],"medium":["https:\/\/rmvapesale.com\/wp-content\/uploads\/2024\/09\/Vozol-Gear-20000-300x300.jpg",300,300,true],"medium_large":["https:\/\/rmvapesale.com\/wp-content\/uploads\/2024\/09\/Vozol-Gear-20000-768x768.jpg",768,768,true],"large":["https:\/\/rmvapesale.com\/wp-content\/uploads\/2024\/09\/Vozol-Gear-20000.jpg",788,788,false],"1536x1536":["https:\/\/rmvapesale.com\/wp-content\/uploads\/2024\/09\/Vozol-Gear-20000.jpg",788,788,false],"2048x2048":["https:\/\/rmvapesale.com\/wp-content\/uploads\/2024\/09\/Vozol-Gear-20000.jpg",788,788,false],"trp-custom-language-flag":["https:\/\/rmvapesale.com\/wp-content\/uploads\/2024\/09\/Vozol-Gear-20000.jpg",12,12,false],"woocommerce_thumbnail":["https:\/\/rmvapesale.com\/wp-content\/uploads\/2024\/09\/Vozol-Gear-20000-300x300.jpg",300,300,true],"woocommerce_single":["https:\/\/rmvapesale.com\/wp-content\/uploads\/2024\/09\/Vozol-Gear-20000-600x600.jpg",600,600,true],"woocommerce_gallery_thumbnail":["https:\/\/rmvapesale.com\/wp-content\/uploads\/2024\/09\/Vozol-Gear-20000-100x100.jpg",100,100,true],"wcpr-photo-reviews":["https:\/\/rmvapesale.com\/wp-content\/uploads\/2024\/09\/Vozol-Gear-20000.jpg",500,500,false]},"uagb_author_info":{"display_name":"AMY","author_link":"https:\/\/rmvapesale.com\/cs\/author\/"},"uagb_comment_info":0,"uagb_excerpt":"Vozol Gear Power 20000 Vape Rechargeable Vape VOZOL Gear 20000 Puffs Disposable Vape Wholesale Vozol Gear Power 20000 Puff Disposable Vape UK Contact Amy For More Discount And Lower MOQ Vape WhatsApp: +86 17776015835","_links":{"self":[{"href":"https:\/\/rmvapesale.com\/cs\/wp-json\/wp\/v2\/product\/2161","targetHints":{"allow":["GET"]}}],"collection":[{"href":"https:\/\/rmvapesale.com\/cs\/wp-json\/wp\/v2\/product"}],"about":[{"href":"https:\/\/rmvapesale.com\/cs\/wp-json\/wp\/v2\/types\/product"}],"replies":[{"embeddable":true,"href":"https:\/\/rmvapesale.com\/cs\/wp-json\/wp\/v2\/comments?post=2161"}],"wp:featuredmedia":[{"embeddable":true,"href":"https:\/\/rmvapesale.com\/cs\/wp-json\/wp\/v2\/media\/2155"}],"wp:attachment":[{"href":"https:\/\/rmvapesale.com\/cs\/wp-json\/wp\/v2\/media?parent=2161"}],"wp:term":[{"taxonomy":"product_brand","embeddable":true,"href":"https:\/\/rmvapesale.com\/cs\/wp-json\/wp\/v2\/product_brand?post=2161"},{"taxonomy":"product_cat","embeddable":true,"href":"https:\/\/rmvapesale.com\/cs\/wp-json\/wp\/v2\/product_cat?post=2161"},{"taxonomy":"product_tag","embeddable":true,"href":"https:\/\/rmvapesale.com\/cs\/wp-json\/wp\/v2\/product_tag?post=2161"}],"curies":[{"name":"wp","href":"https:\/\/api.w.org\/{rel}","templated":true}]}}