{"id":2188,"date":"2024-09-27T01:19:46","date_gmt":"2024-09-27T01:19:46","guid":{"rendered":"https:\/\/rmvapesale.com\/?post_type=product&#038;p=2188"},"modified":"2025-01-21T09:37:52","modified_gmt":"2025-01-21T09:37:52","slug":"waspe-25000-puffs-disposable-vape-rechargeable-hot-sale","status":"publish","type":"product","link":"https:\/\/rmvapesale.com\/cs\/product\/waspe-25000-puffs-disposable-vape-rechargeable-hot-sale\/","title":{"rendered":"WASPE 25000 pot\u00e1hnut\u00ed Jednor\u00e1zov\u00fd vape Dob\u00edjec\u00ed hork\u00fd prodej"},"content":{"rendered":"<div class=\"B2VR9 CJHX3e\">\n<div class=\"wyccme\">\n<h3 class=\"LC20lb MBeuO DKV0Md\">WASPE 25000 pot\u00e1hnut\u00ed Jednor\u00e1zov\u00fd vape Dob\u00edjec\u00ed hork\u00fd prodej<\/h3>\n<p>Jednor\u00e1zov\u00e1 e-cigareta WASPE 25000 Puffs nab\u00edz\u00ed neuv\u011b\u0159iteln\u00fdch 25 000 pot\u00e1hnut\u00ed s velkou kapacitou 25 ml e-liquidu, co\u017e zaji\u0161\u0165uje dlouhotrvaj\u00edc\u00ed po\u017eitek. D\u00edky du\u00e1ln\u00edm mesh spir\u00e1lk\u00e1m a dv\u011bma odli\u0161n\u00fdm re\u017eim\u016fm vapingu \u2013 ECO a Boost \u2013 poskytuje bohatou a konzistentn\u00ed chu\u0165 p\u0159i ka\u017ed\u00e9m pot\u00e1hnut\u00ed. Digit\u00e1ln\u00ed displej v\u00e1s informuje o \u017eivotnosti baterie, hladin\u00e1ch e-liquidu a re\u017eimech vapingu, co\u017e zaji\u0161\u0165uje bezprobl\u00e9mov\u00fd z\u00e1\u017eitek. Tato dob\u00edjec\u00ed jednor\u00e1zov\u00e1 e-cigareta je dod\u00e1v\u00e1na s vestav\u011bnou d\u011btskou pojistkou pro v\u011bt\u0161\u00ed bezpe\u010dnost. Pokud hled\u00e1te pohodl\u00ed, odolnost, vynikaj\u00edc\u00ed chu\u0165 a \u0161pi\u010dkov\u00e9 funkce, je WASPE 25000 ide\u00e1ln\u00ed volbou.<\/p>\n<p>Pozvedn\u011bte svou vapingovou hru je\u0161t\u011b dnes!<\/p>\n<\/div>\n<\/div>\n<p><strong>Kontaktujte Amy a z\u00edskejte spr\u00e1vnou odpov\u011b\u010f a dal\u0161\u00ed produktov\u00e1 videa!<\/strong><\/p>\n<p><img loading=\"lazy\" decoding=\"async\" class=\"size-full wp-image-1978\" src=\"https:\/\/rmvapesale.com\/wp-content\/uploads\/2024\/09\/Disposable-Vape-Wholesale.jpg\" alt=\"Jednor\u00e1zov\u00e1 e-cigareta velkoobchod\" width=\"229\" height=\"300\" \/><\/p>\n<h3><span style=\"color: #ff0000\"><strong>WhatsApp: +86 17776015835<\/strong><\/span><\/h3>\n<p>&nbsp;<\/p>\n<h2><\/h2>\n<h2><strong>WASPE 25000 Puffs Kl\u00ed\u010dov\u00e9 vlastnosti<\/strong><\/h2>\n<p>Baterie: 650mAh Dob\u00edjec\u00ed<br \/>\nKapacita E-Liquidu: P\u0159edpln\u011bn\u00fd 25ml E-Juice<br \/>\nPo\u010det pot\u00e1hnut\u00ed: A\u017e 25 000 pot\u00e1hnut\u00ed Vape<br \/>\nNikotin: 0% 2% 3% 5%<br \/>\nAktivace potahem<br \/>\nD\u011btsk\u00e1 pojistka<br \/>\nDu\u00e1ln\u00ed Mesh spir\u00e1lka pro 2 re\u017eimy vapingu: ECO\/Boost Mode<br \/>\nNab\u00edjec\u00ed bod: USB nab\u00edjen\u00ed typu C (nen\u00ed sou\u010d\u00e1st\u00ed balen\u00ed)<br \/>\nDigit\u00e1ln\u00ed displej pro re\u017eimy vapov\u00e1n\u00ed, \u017eivotnost baterie a hladinu e-liquidu<\/p>\n<h2><\/h2>\n<h2><strong>\u0160pi\u010dkov\u00e1 chu\u0165 pro WASPE 25000 pot\u00e1hnut\u00ed<\/strong><\/h2>\n<p>Vyberte si z \u0159ady l\u00e1kav\u00fdch p\u0159\u00edchut\u00ed, od osv\u011b\u017euj\u00edc\u00edch M\u00edchan\u00fdch bobul\u00ed po Melounov\u00fd led, tak\u017ee si ka\u017ed\u00fd najde svou chu\u0165.<\/p>\n<p>1. Jahoda Kiwi<br \/>\n2. M\u00edchan\u00e9 bobule<span style=\"color: #ff0000\"><strong>&gt;&gt;&gt;&gt;\u017dhav\u00e9!<\/strong><\/span><br \/>\n3. Bor\u016fvka s ledem<br \/>\n4. Hroznov\u00fd led<br \/>\n5. T\u0159e\u0161\u0148ov\u00fd led<br \/>\n6. Bor\u016fvkov\u00e1 malinov\u00e1 limon\u00e1da<span style=\"color: #ff0000\"><strong>&gt;&gt;&gt;&gt;Nejlep\u0161\u00ed!<\/strong><\/span><br \/>\n7. Broskvov\u00fd led<br \/>\n8. Jahodov\u00fd meloun<br \/>\n9. Broskvov\u00e9 mango meloun<br \/>\n10. Melounov\u00fd led<\/p>\n<figure id=\"attachment_2181\" aria-describedby=\"caption-attachment-2181\" style=\"width: 788px\" class=\"wp-caption alignnone\"><img loading=\"lazy\" decoding=\"async\" class=\"wp-image-2181 size-full\" src=\"https:\/\/rmvapesale.com\/wp-content\/uploads\/2024\/09\/Waspe-25000-Disposable-Vape-Flavor.jpg\" alt=\"P\u0159\u00edchu\u0165 jednor\u00e1zov\u00e9 vapky Waspe 25000\" width=\"788\" height=\"788\" srcset=\"https:\/\/rmvapesale.com\/wp-content\/uploads\/2024\/09\/Waspe-25000-Disposable-Vape-Flavor.jpg 788w, https:\/\/rmvapesale.com\/wp-content\/uploads\/2024\/09\/Waspe-25000-Disposable-Vape-Flavor-300x300.jpg 300w, https:\/\/rmvapesale.com\/wp-content\/uploads\/2024\/09\/Waspe-25000-Disposable-Vape-Flavor-150x150.jpg 150w, https:\/\/rmvapesale.com\/wp-content\/uploads\/2024\/09\/Waspe-25000-Disposable-Vape-Flavor-768x768.jpg 768w, https:\/\/rmvapesale.com\/wp-content\/uploads\/2024\/09\/Waspe-25000-Disposable-Vape-Flavor-600x600.jpg 600w, https:\/\/rmvapesale.com\/wp-content\/uploads\/2024\/09\/Waspe-25000-Disposable-Vape-Flavor-100x100.jpg 100w\" sizes=\"auto, (max-width: 788px) 100vw, 788px\" \/><figcaption id=\"caption-attachment-2181\" class=\"wp-caption-text\">P\u0159\u00edchu\u0165 jednor\u00e1zov\u00e9 vapky Waspe 25000<\/figcaption><\/figure>\n<h2><strong>Ot\u00e1zky, kter\u00e9 byste mohli cht\u00edt v\u011bd\u011bt o WASPE 25000<\/strong><\/h2>\n<p>&nbsp;<\/p>\n<div class=\"flex-shrink-0 flex flex-col relative items-end\">\n<div>\n<div class=\"pt-0\">\n<div class=\"gizmo-bot-avatar flex h-8 w-8 items-center justify-center overflow-hidden rounded-full\">\n<div class=\"relative p-1 rounded-sm flex items-center justify-center bg-token-main-surface-primary text-token-text-primary h-8 w-8\"><\/div>\n<\/div>\n<\/div>\n<\/div>\n<\/div>\n<div class=\"group\/conversation-turn relative flex w-full min-w-0 flex-col agent-turn\">\n<div class=\"flex-col gap-1 md:gap-3\">\n<div class=\"flex max-w-full flex-col flex-grow\">\n<div class=\"min-h-8 text-message flex w-full flex-col items-end gap-2 whitespace-normal break-words [.text-message+&amp;]:mt-5\" dir=\"auto\" data-message-author-role=\"assistant\" data-message-id=\"f226d3fc-81f3-46d5-8c46-31787fff0357\">\n<div class=\"flex w-full flex-col gap-1 empty:hidden first:pt-[3px]\">\n<div class=\"markdown prose w-full break-words dark:prose-invert light\">\n<p><strong>1. Kolik pot\u00e1hnut\u00ed poskytuje jednor\u00e1zov\u00e1 vapka WASPE 25000?<\/strong><br \/>\nWASPE 25000 poskytuje a\u017e 25 000 pot\u00e1hnut\u00ed, co\u017e v\u00fdrazn\u011b p\u0159ekra\u010duje kapacitu typick\u00fdch jednor\u00e1zov\u00fdch vapek.<\/p>\n<p><strong>2. Jak\u00e9 p\u0159\u00edchut\u011b jsou k dispozici v jednor\u00e1zov\u00e9 vapce WASPE 25000?<\/strong><br \/>\nMezi obl\u00edben\u00e9 p\u0159\u00edchut\u011b pat\u0159\u00ed Blueberry Ice, Mango Ice, Strawberry Watermelon, Peach Lemonade a Grape Ice.<\/p>\n<p><strong>3. Je WASPE 25000 vhodn\u00fd pro za\u010d\u00e1te\u010dn\u00edky?<\/strong><br \/>\nAno, WASPE 25000 je ide\u00e1ln\u00ed pro za\u010d\u00e1te\u010dn\u00edky d\u00edky sv\u00e9mu jednoduch\u00e9mu designu bez tla\u010d\u00edtek \u2013 sta\u010d\u00ed inhalovat a za\u010d\u00edt vapovat.<\/p>\n<p><strong>4. Jak m\u00e1m skladovat svou jednor\u00e1zovou vapovac\u00ed sadu WASPE 25000?<\/strong><br \/>\nZa\u0159\u00edzen\u00ed skladujte na chladn\u00e9m a such\u00e9m m\u00edst\u011b, mimo p\u0159\u00edm\u00e9 slune\u010dn\u00ed sv\u011btlo a mimo dosah d\u011bt\u00ed a dom\u00e1c\u00edch zv\u00ed\u0159at.<\/p>\n<p><strong>5. Jak dlouho WASPE 25000 vydr\u017e\u00ed?<\/strong><br \/>\nS kapacitou 25 000 pot\u00e1hnut\u00ed m\u016f\u017ee WASPE 25000 vydr\u017eet n\u011bkolik t\u00fddn\u016f, v z\u00e1vislosti na pou\u017e\u00edv\u00e1n\u00ed.<\/p>\n<\/div>\n<\/div>\n<\/div>\n<\/div>\n<\/div>\n<\/div>\n<p>&nbsp;<\/p>\n<h3><b>\u010casto kladen\u00e9 ot\u00e1zky<\/b><\/h3>\n<p>&nbsp;<\/p>\n<div class=\"flex-shrink-0 flex flex-col relative items-end\">\n<div>\n<div class=\"pt-0\">\n<div class=\"gizmo-bot-avatar flex h-8 w-8 items-center justify-center overflow-hidden rounded-full\">\n<div class=\"relative p-1 rounded-sm flex items-center justify-center bg-token-main-surface-primary text-token-text-primary h-8 w-8\"><strong>Jak\u00e9 zp\u016fsoby dopravy se pou\u017e\u00edvaj\u00ed?<\/strong><\/div>\n<\/div>\n<\/div>\n<\/div>\n<\/div>\n<div class=\"group\/conversation-turn relative flex w-full min-w-0 flex-col agent-turn\">\n<div class=\"flex-col gap-1 md:gap-3\">\n<div class=\"flex max-w-full flex-col flex-grow\">\n<div class=\"min-h-[20px] text-message flex w-full flex-col items-end gap-2 whitespace-normal break-words [.text-message+&amp;]:mt-5 overflow-x-auto\" dir=\"auto\" data-message-author-role=\"assistant\" data-message-id=\"22f8283b-3233-46ff-89a5-c7a41b33abda\">\n<div class=\"flex w-full flex-col gap-1 empty:hidden first:pt-[3px]\">\n<div class=\"markdown prose w-full break-words dark:prose-invert light\">\n<p>Spolupracujeme s UPS, DHL, FedEx, DPD a dal\u0161\u00edmi p\u0159edn\u00edmi p\u0159epravci. Vybereme nejlep\u0161\u00ed zp\u016fsob dopravy na z\u00e1klad\u011b va\u0161\u00ed doru\u010dovac\u00ed lokality, abychom zajistili, \u017ee sv\u00e9 produkty obdr\u017e\u00edte co nejrychleji.<\/p>\n<\/div>\n<p><strong>Jak dlouho trv\u00e1 doru\u010den\u00ed?<\/strong><\/p>\n<p>Bal\u00ed\u010dky odeslan\u00e9 do \u010cesk\u00e9 republiky obvykle doraz\u00ed do 10 pracovn\u00edch dn\u016f. P\u0159eprava do evropsk\u00fdch zem\u00ed obecn\u011b trv\u00e1 asi 12-15 pracovn\u00edch dn\u016f. O stavu va\u0161\u00ed z\u00e1silky v\u00e1s budeme pr\u016fb\u011b\u017en\u011b informovat.<\/p>\n<\/div>\n<p><strong>Z\u00e1ruka<\/strong><\/p>\n<p><span style=\"color: #ff0000\"><strong>Na v\u0161echny produkty v na\u0161em obchod\u011b se vztahuje z\u00e1ruka 100% originality a autenti\u010dnosti. Nab\u00edz\u00edme 10n\u00e1sobnou kompenzaci za pad\u011blan\u00e9 zbo\u017e\u00ed!<\/strong><\/span><\/p>\n<div class=\"flex w-full flex-col gap-1 empty:hidden first:pt-[3px]\">\n<p>&nbsp;<\/p>\n<\/div>\n<\/div>\n<\/div>\n<\/div>\n<\/div>\n<p>&nbsp;<\/p>\n<p>Dal\u0161\u00ed obl\u00edben\u00e9 jednor\u00e1zov\u00e9 e-cigarety, kter\u00e9 by se v\u00e1m mohly l\u00edbit:<\/p>\n<p>&nbsp;<\/p>\n<p><a href=\"https:\/\/rmvapesale.com\/cs\/product\/original-randm-vape-digital-puff-12000-fumot-factory-price\/\"><strong>Randm Digital 12000 pot\u00e1hnut\u00ed<\/strong><\/a><\/p>\n<p><strong><a href=\"https:\/\/rmvapesale.com\/cs\/product\/vozol-vista-20000-puffs-smart-disposable-vape\/\">Vozol Vista 20000 pot\u00e1hnut\u00ed\u00a0<\/a><\/strong><\/p>\n<p><a href=\"https:\/\/rmvapesale.com\/cs\/product\/waspe-12000-puffs-disposable-vape-pen\/\"><strong>WASPE 12000 pot\u00e1hnut\u00ed\u00a0<\/strong><\/a><\/p>\n<p><a href=\"https:\/\/rmvapesale.com\/cs\/product\/randm-tornado-20000-puffs-original-fumot-vape-wholesale\/\"><strong>RandM Tornado 20000 pot\u00e1hnut\u00ed<\/strong><\/a><\/p>\n<p>&nbsp;<\/p>\n<p>&nbsp;<\/p>\n<p>Naj\u00edt v\u00edce produkt\u016f pro vaping, kter\u00e9 by se v\u00e1m mohly l\u00edbit:<strong><em><a href=\"https:\/\/rmvapesale.com\/cs\/shop-2\/\">nakupujte nyn\u00ed &gt;&gt;&gt;<\/a><\/em><\/strong><\/p>","protected":false},"excerpt":{"rendered":"<p>WASPE 25000 Jednor\u00e1zov\u00e1 e-cigareta bez nikotinu \u2013 online prodej<br \/>\nWaspe 25000 Pot\u00e1hnut\u00ed 25k Jednor\u00e1zov\u00e1 e-cigareta \u2013 velkoobchod<br \/>\nWASPE 25000 POT\u00c1HNUT\u00cd Du\u00e1ln\u00ed Mesh Vape Box 0% 2% 3% 5% Nikotin<\/p>\n<p><strong>Kontaktujte Amy pro v\u011bt\u0161\u00ed slevu a spr\u00e1vnou odpov\u011b\u010f<\/strong><\/p>\n<p><img loading=\"lazy\" decoding=\"async\" class=\"size-full wp-image-1978\" src=\"https:\/\/rmvapesale.com\/wp-content\/uploads\/2024\/09\/Disposable-Vape-Wholesale.jpg\" alt=\"Jednor\u00e1zov\u00e1 e-cigareta velkoobchod\" width=\"229\" height=\"300\" \/><\/p>\n<h3><span style=\"color: #ff0000\"><strong>WhatsApp: +86 17776015835<\/strong><\/span><\/h3>","protected":false},"featured_media":2185,"comment_status":"open","ping_status":"closed","template":"","meta":{"_uag_custom_page_level_css":"","_lmt_disableupdate":"no","_lmt_disable":"","site-sidebar-layout":"default","site-content-layout":"content-boxed-container","ast-site-content-layout":"normal-width-container","site-content-style":"boxed","site-sidebar-style":"unboxed","ast-global-header-display":"","ast-banner-title-visibility":"","ast-main-header-display":"","ast-hfb-above-header-display":"","ast-hfb-below-header-display":"","ast-hfb-mobile-header-display":"","site-post-title":"","ast-breadcrumbs-content":"","ast-featured-img":"","footer-sml-layout":"","theme-transparent-header-meta":"default","adv-header-id-meta":"","stick-header-meta":"","header-above-stick-meta":"","header-main-stick-meta":"","header-below-stick-meta":"","astra-migrate-meta-layouts":"set","ast-page-background-enabled":"default","ast-page-background-meta":{"desktop":{"background-color":"var(--ast-global-color-4)","background-image":"","background-repeat":"repeat","background-position":"center center","background-size":"auto","background-attachment":"scroll","background-type":"","background-media":"","overlay-type":"","overlay-color":"","overlay-opacity":"","overlay-gradient":""},"tablet":{"background-color":"","background-image":"","background-repeat":"repeat","background-position":"center center","background-size":"auto","background-attachment":"scroll","background-type":"","background-media":"","overlay-type":"","overlay-color":"","overlay-opacity":"","overlay-gradient":""},"mobile":{"background-color":"","background-image":"","background-repeat":"repeat","background-position":"center center","background-size":"auto","background-attachment":"scroll","background-type":"","background-media":"","overlay-type":"","overlay-color":"","overlay-opacity":"","overlay-gradient":""}},"ast-content-background-meta":{"desktop":{"background-color":"var(--ast-global-color-5)","background-image":"","background-repeat":"repeat","background-position":"center center","background-size":"auto","background-attachment":"scroll","background-type":"","background-media":"","overlay-type":"","overlay-color":"","overlay-opacity":"","overlay-gradient":""},"tablet":{"background-color":"var(--ast-global-color-5)","background-image":"","background-repeat":"repeat","background-position":"center center","background-size":"auto","background-attachment":"scroll","background-type":"","background-media":"","overlay-type":"","overlay-color":"","overlay-opacity":"","overlay-gradient":""},"mobile":{"background-color":"var(--ast-global-color-5)","background-image":"","background-repeat":"repeat","background-position":"center center","background-size":"auto","background-attachment":"scroll","background-type":"","background-media":"","overlay-type":"","overlay-color":"","overlay-opacity":"","overlay-gradient":""}},"_joinchat":[]},"product_brand":[],"product_cat":[15,289,292,293,295,299,274,256,25,123,26,28,135,27,137,136,30],"product_tag":[99,101,105,54,104],"class_list":{"0":"post-2188","1":"product","2":"type-product","3":"status-publish","4":"has-post-thumbnail","6":"product_cat-new-vape-this-week","7":"product_cat-big-puffs-disposable-vapes","8":"product_cat-digital-disposable-vapes","9":"product_cat-low-nicotine-disposable-vapes","10":"product_cat-rechargeable-disposable-vapes","11":"product_cat-smart-screen-disposable-vapes","12":"product_cat-waspe-fihp-vape","13":"product_cat-25000-puff-disposable-vape","14":"product_cat-germany-best-selling-vape","15":"product_cat-italy-wholesale-vape","16":"product_cat-netherlands-hot-sale-vape","17":"product_cat-poland-hot-sale-vape","18":"product_cat-spain-best-hot-sale-vape","19":"product_cat-fance-hot-sale-vape","20":"product_cat-rechargeable-vapes","21":"product_cat-smart-screen-vapes","22":"product_cat-minimum-order-quantity-50pcs","23":"product_tag-disposable-vape-wholesale","24":"product_tag-led-display-vape","25":"product_tag-nicotine-free-disposable-vape","26":"product_tag-rechargeable-disposable-vape","27":"product_tag-waspe-25000","28":"desktop-align-left","29":"tablet-align-left","30":"mobile-align-left","32":"first","33":"instock","34":"sale","35":"shipping-taxable","36":"purchasable","37":"product-type-simple"},"uagb_featured_image_src":{"full":["https:\/\/rmvapesale.com\/wp-content\/uploads\/2024\/09\/Waspe-25000-Puffs-Vape.jpg",788,788,false],"thumbnail":["https:\/\/rmvapesale.com\/wp-content\/uploads\/2024\/09\/Waspe-25000-Puffs-Vape-150x150.jpg",150,150,true],"medium":["https:\/\/rmvapesale.com\/wp-content\/uploads\/2024\/09\/Waspe-25000-Puffs-Vape-300x300.jpg",300,300,true],"medium_large":["https:\/\/rmvapesale.com\/wp-content\/uploads\/2024\/09\/Waspe-25000-Puffs-Vape-768x768.jpg",768,768,true],"large":["https:\/\/rmvapesale.com\/wp-content\/uploads\/2024\/09\/Waspe-25000-Puffs-Vape.jpg",788,788,false],"1536x1536":["https:\/\/rmvapesale.com\/wp-content\/uploads\/2024\/09\/Waspe-25000-Puffs-Vape.jpg",788,788,false],"2048x2048":["https:\/\/rmvapesale.com\/wp-content\/uploads\/2024\/09\/Waspe-25000-Puffs-Vape.jpg",788,788,false],"trp-custom-language-flag":["https:\/\/rmvapesale.com\/wp-content\/uploads\/2024\/09\/Waspe-25000-Puffs-Vape.jpg",12,12,false],"woocommerce_thumbnail":["https:\/\/rmvapesale.com\/wp-content\/uploads\/2024\/09\/Waspe-25000-Puffs-Vape-300x300.jpg",300,300,true],"woocommerce_single":["https:\/\/rmvapesale.com\/wp-content\/uploads\/2024\/09\/Waspe-25000-Puffs-Vape-600x600.jpg",600,600,true],"woocommerce_gallery_thumbnail":["https:\/\/rmvapesale.com\/wp-content\/uploads\/2024\/09\/Waspe-25000-Puffs-Vape-100x100.jpg",100,100,true],"wcpr-photo-reviews":["https:\/\/rmvapesale.com\/wp-content\/uploads\/2024\/09\/Waspe-25000-Puffs-Vape.jpg",500,500,false]},"uagb_author_info":{"display_name":"AMY","author_link":"https:\/\/rmvapesale.com\/cs\/author\/"},"uagb_comment_info":0,"uagb_excerpt":"WASPE 25000 Nicotine Free Disposable Vape Sale Online Waspe 25000 Puffs 25k Disposable Vape Wholesale WASPE 25000 PUFFS Dual Mesh Vape Box 0% 2% 3% 5% Nicotine Contact Amy For More Discount And Right Reply WhatsApp: +86 17776015835","_links":{"self":[{"href":"https:\/\/rmvapesale.com\/cs\/wp-json\/wp\/v2\/product\/2188","targetHints":{"allow":["GET"]}}],"collection":[{"href":"https:\/\/rmvapesale.com\/cs\/wp-json\/wp\/v2\/product"}],"about":[{"href":"https:\/\/rmvapesale.com\/cs\/wp-json\/wp\/v2\/types\/product"}],"replies":[{"embeddable":true,"href":"https:\/\/rmvapesale.com\/cs\/wp-json\/wp\/v2\/comments?post=2188"}],"wp:featuredmedia":[{"embeddable":true,"href":"https:\/\/rmvapesale.com\/cs\/wp-json\/wp\/v2\/media\/2185"}],"wp:attachment":[{"href":"https:\/\/rmvapesale.com\/cs\/wp-json\/wp\/v2\/media?parent=2188"}],"wp:term":[{"taxonomy":"product_brand","embeddable":true,"href":"https:\/\/rmvapesale.com\/cs\/wp-json\/wp\/v2\/product_brand?post=2188"},{"taxonomy":"product_cat","embeddable":true,"href":"https:\/\/rmvapesale.com\/cs\/wp-json\/wp\/v2\/product_cat?post=2188"},{"taxonomy":"product_tag","embeddable":true,"href":"https:\/\/rmvapesale.com\/cs\/wp-json\/wp\/v2\/product_tag?post=2188"}],"curies":[{"name":"wp","href":"https:\/\/api.w.org\/{rel}","templated":true}]}}