{"id":2196,"date":"2024-09-27T02:26:25","date_gmt":"2024-09-27T02:26:25","guid":{"rendered":"https:\/\/rmvapesale.com\/?post_type=product&#038;p=2196"},"modified":"2025-01-21T09:38:41","modified_gmt":"2025-01-21T09:38:41","slug":"vapme-crown-bar-18000-pro-max-disposable-vape-original","status":"publish","type":"product","link":"https:\/\/rmvapesale.com\/cs\/product\/vapme-crown-bar-18000-pro-max-disposable-vape-original\/","title":{"rendered":"Origin\u00e1ln\u00ed jednor\u00e1zov\u00e1 e-cigareta VAPME Crown Bar 18000 Pro Max"},"content":{"rendered":"<div class=\"B2VR9 CJHX3e\">\n<div class=\"wyccme\">\n<h3 class=\"LC20lb MBeuO DKV0Md\">Origin\u00e1ln\u00ed jednor\u00e1zov\u00e1 e-cigareta VAPME Crown Bar 18000 Pro Max<\/h3>\n<p>P\u0159edstavujeme VAPME CROWN BAR 18000 Puf\u016f PRO MAX \u2013 elitn\u00ed jednor\u00e1zovou vape pero, kter\u00e9 posouv\u00e1 vapov\u00e1n\u00ed na novou \u00farove\u0148. Za velkoobchodn\u00ed cenu na rmvapesale nab\u00edz\u00ed toto pr\u00e9miov\u00e9 za\u0159\u00edzen\u00ed dokonalou kombinaci stylu, sofistikovanosti a \u0161pi\u010dkov\u00e9ho v\u00fdkonu pro vapery hledaj\u00edc\u00ed ultim\u00e1tn\u00ed z\u00e1\u017eitek.<\/p>\n<p><strong>Kl\u00ed\u010dov\u00e9 vlastnosti:<\/strong><br \/>\n<strong>Elegantn\u00ed ko\u017een\u00fd povrch:<\/strong> VAPME CROWN BAR 18000 Puf\u016f PRO MAX vynik\u00e1 sv\u00fdm luxusn\u00edm ko\u017een\u00fdm povrchem, d\u00edky \u010demu\u017e je nejen m\u00f3dn\u00ed, ale i funk\u010dn\u00ed. Tento elegantn\u00ed design je ide\u00e1ln\u00ed pro ty, kte\u0159\u00ed ocen\u00ed estetiku i v\u00fdkon.<\/p>\n<p><strong>V\u00fdkonn\u00e1 baterie:<\/strong> Nap\u00e1jeno robustn\u00ed dob\u00edjec\u00ed bateri\u00ed o kapacit\u011b 850mAh, toto za\u0159\u00edzen\u00ed nab\u00edz\u00ed del\u0161\u00ed pou\u017e\u00edv\u00e1n\u00ed. S rychl\u00fdm nab\u00edjen\u00edm p\u0159es port Type-C jej snadno dobijete a m\u016f\u017eete pokra\u010dovat v vapov\u00e1n\u00ed bez prodlen\u00ed.<\/p>\n<p><strong>Obrovsk\u00e1 kapacita n\u00e1pln\u011b na vape liquid:<\/strong> S kapacitou 25ml n\u00e1pln\u011b na vape liquid poskytuje VAPME CROWN BAR PRO MAX a\u017e 18000 puf\u016f, \u010d\u00edm\u017e sni\u017euje pot\u0159ebu \u010dast\u00e9ho dopl\u0148ov\u00e1n\u00ed a zaji\u0161\u0165uje dlouhotrvaj\u00edc\u00ed spokojenost.<\/p>\n<p><strong>Pokro\u010dil\u00e1 technologie mesh c\u00edvky 0,6 Ohm:<\/strong> Vybaven\u00e1 \u0161pi\u010dkovou mesh c\u00edvkou, tato vape zaji\u0161\u0165uje hladkou produkci par a bohatou, plnou chu\u0165 p\u0159i ka\u017ed\u00e9m potahu.<\/p>\n<p><strong>Nastaviteln\u00e9 \u00farovn\u011b nikotinu:<\/strong> Vyhovuj\u00edc\u00ed r\u016fzn\u00fdm preferenc\u00edm, tato vape nab\u00edz\u00ed mo\u017enosti s n\u00edzk\u00fdm nikotinem i bez nikotinu, d\u00e1v\u00e1 u\u017eivatel\u016fm kontrolu nad jejich z\u00e1\u017eitkem.<\/p>\n<\/div>\n<\/div>\n<p><strong>Kontaktujte Amy a z\u00edskejte spr\u00e1vnou odpov\u011b\u010f a dal\u0161\u00ed produktov\u00e1 videa!<\/strong><\/p>\n<p><img loading=\"lazy\" decoding=\"async\" class=\"size-full wp-image-1978\" src=\"https:\/\/rmvapesale.com\/wp-content\/uploads\/2024\/09\/Disposable-Vape-Wholesale.jpg\" alt=\"Jednor\u00e1zov\u00e1 e-cigareta velkoobchod\" width=\"229\" height=\"300\" \/><\/p>\n<h3><span style=\"color: #ff0000\"><strong>WhatsApp: +86 17776015835<\/strong><\/span><\/h3>\n<p>&nbsp;<\/p>\n<h2><\/h2>\n<h2><strong>Kl\u00ed\u010dov\u00e9 vlastnosti VAPME CROWN BAR 18000 Puf\u016f<\/strong><\/h2>\n<p>cURL Too many subrequests.<br \/>\ncURL Too many subrequests.<br \/>\ncURL Too many subrequests.<br \/>\n25ml p\u0159edpln\u011bn\u00e1 e-juice n\u00e1pl\u0148<br \/>\ncURL Too many subrequests.<br \/>\nSatisfy t\u00e9m\u011b\u0159 18000 puf\u016f<br \/>\nMesh c\u00edvka<\/p>\n<h2><\/h2>\n<h2><strong>Nejlep\u0161\u00ed p\u0159\u00edchu\u0165 pro VAPME CROWN BAR 18000 Puffs<\/strong><\/h2>\n<p>Vyberte si z 12 lahodn\u00fdch p\u0159\u00edchut\u00ed, v\u010detn\u011b klasick\u00fdch obl\u00edben\u00fdch jako Lush Ice a Berry Ice, nebo exotick\u00fdch sm\u011bs\u00ed jako Sweet Passionfruit a Love 66. Ka\u017ed\u00e1 p\u0159\u00edchu\u0165 je navr\u017eena tak, aby poskytovala p\u0159\u00edjemn\u00fd z\u00e1\u017eitek z vapov\u00e1n\u00ed p\u0159izp\u016fsoben\u00fd va\u0161im chut\u00edm.<\/p>\n<p>1. Lush Ice<span style=\"color: #ff0000\"><strong>&gt;&gt;&gt;&gt;\u017dhav\u00e9!<\/strong><\/span><br \/>\n2. Berry Ice<br \/>\n3. Blueberry Gum<span style=\"color: #ff0000\"><strong>&gt;&gt;&gt;&gt;Nejlep\u0161\u00ed!<\/strong><\/span><br \/>\n4. Cherry Fiesta<br \/>\n5. Grape Punch<br \/>\n6. Strawberry Watermelon<br \/>\n7. Mango Freeze<br \/>\n8. Strawberry Punch<br \/>\n9. Sweet Passionfruit<br \/>\n10.Bor\u016fvka malina<br \/>\n11. Two Apple<br \/>\n12. L\u00e1ska 66<\/p>\n<figure id=\"attachment_2193\" aria-describedby=\"caption-attachment-2193\" style=\"width: 300px\" class=\"wp-caption alignnone\"><img loading=\"lazy\" decoding=\"async\" class=\"size-medium wp-image-2193\" src=\"https:\/\/rmvapesale.com\/wp-content\/uploads\/2024\/09\/Vapme-Crown-Bar-18000-Puffs-300x268.png\" alt=\"Vapme Crown Bar 18000 Puffs\" width=\"300\" height=\"268\" srcset=\"https:\/\/rmvapesale.com\/wp-content\/uploads\/2024\/09\/Vapme-Crown-Bar-18000-Puffs-300x268.png 300w, https:\/\/rmvapesale.com\/wp-content\/uploads\/2024\/09\/Vapme-Crown-Bar-18000-Puffs-768x685.png 768w, https:\/\/rmvapesale.com\/wp-content\/uploads\/2024\/09\/Vapme-Crown-Bar-18000-Puffs-600x535.png 600w, https:\/\/rmvapesale.com\/wp-content\/uploads\/2024\/09\/Vapme-Crown-Bar-18000-Puffs.png 808w\" sizes=\"auto, (max-width: 300px) 100vw, 300px\" \/><figcaption id=\"caption-attachment-2193\" class=\"wp-caption-text\">Vapme Crown Bar 18000 Puffs<\/figcaption><\/figure>\n<h2><strong>Ot\u00e1zky, kter\u00e9 by v\u00e1s mohly zaj\u00edmat o VAPME CROWN BAR 18000<\/strong><\/h2>\n<p>&nbsp;<\/p>\n<div class=\"flex-shrink-0 flex flex-col relative items-end\">\n<div>\n<div class=\"pt-0\">\n<div class=\"gizmo-bot-avatar flex h-8 w-8 items-center justify-center overflow-hidden rounded-full\">\n<div class=\"relative p-1 rounded-sm flex items-center justify-center bg-token-main-surface-primary text-token-text-primary h-8 w-8\"><\/div>\n<\/div>\n<\/div>\n<\/div>\n<\/div>\n<div class=\"group\/conversation-turn relative flex w-full min-w-0 flex-col agent-turn\">\n<div class=\"flex-col gap-1 md:gap-3\">\n<div class=\"flex max-w-full flex-col flex-grow\">\n<div class=\"min-h-8 text-message flex w-full flex-col items-end gap-2 whitespace-normal break-words [.text-message+&amp;]:mt-5\" dir=\"auto\" data-message-author-role=\"assistant\" data-message-id=\"f226d3fc-81f3-46d5-8c46-31787fff0357\">\n<div class=\"flex w-full flex-col gap-1 empty:hidden first:pt-[3px]\">\n<div class=\"markdown prose w-full break-words dark:prose-invert light\">\n<p><strong>1. Kolik pot\u00e1hnut\u00ed poskytuje jednor\u00e1zov\u00fd vaporiz\u00e9r VAPME CROWN BAR 18000?<\/strong><br \/>\nVAPME CROWN BAR 18000 nab\u00edz\u00ed a\u017e 18000 pot\u00e1hnut\u00ed, co\u017e v\u00fdrazn\u011b p\u0159ekra\u010duje kapacitu b\u011b\u017en\u00fdch jednor\u00e1zov\u00fdch vaporiz\u00e9r\u016f.<\/p>\n<p><strong>2. Jak\u00e9 p\u0159\u00edchut\u011b jsou k dispozici v jednor\u00e1zov\u00e9m vaporiz\u00e9ru VAPME CROWN BAR 18000?<\/strong><br \/>\nMezi obl\u00edben\u00e9 p\u0159\u00edchut\u011b pat\u0159\u00ed Blueberry Ice, Mango Ice, Strawberry Watermelon, Peach Lemonade a Grape Ice.<\/p>\n<p><strong>3. Je VAPME CROWN BAR 18000 vhodn\u00fd pro za\u010d\u00e1te\u010dn\u00edky?<\/strong><br \/>\nAno, VAPME CROWN BAR 18000 je ide\u00e1ln\u00ed pro za\u010d\u00e1te\u010dn\u00edky d\u00edky sv\u00e9mu jednoduch\u00e9mu, bez tla\u010d\u00edtek, designu \u2014 sta\u010d\u00ed vdechnout a za\u010d\u00edt vapovat.<\/p>\n<p><strong>4. Jak m\u00e1m skladovat sv\u016fj jednor\u00e1zov\u00fd vaporiz\u00e9r VAPME CROWN BAR 18000?<\/strong><br \/>\nZa\u0159\u00edzen\u00ed skladujte na chladn\u00e9m a such\u00e9m m\u00edst\u011b, mimo p\u0159\u00edm\u00e9 slune\u010dn\u00ed sv\u011btlo a mimo dosah d\u011bt\u00ed a dom\u00e1c\u00edch zv\u00ed\u0159at.<\/p>\n<p><strong>Jak dlouho vydr\u017e\u00ed VAPME CROWN BAR 18000?<\/strong><br \/>\nS kapacitou 18 000 pot\u00e1hnut\u00ed m\u016f\u017ee VAPME CROWN BAR 18000 vydr\u017eet n\u011bkolik t\u00fddn\u016f, v z\u00e1vislosti na pou\u017e\u00edv\u00e1n\u00ed.<\/p>\n<\/div>\n<\/div>\n<\/div>\n<\/div>\n<\/div>\n<\/div>\n<p>&nbsp;<\/p>\n<h3><b>\u010casto kladen\u00e9 ot\u00e1zky<\/b><\/h3>\n<p>&nbsp;<\/p>\n<div class=\"flex-shrink-0 flex flex-col relative items-end\">\n<div>\n<div class=\"pt-0\">\n<div class=\"gizmo-bot-avatar flex h-8 w-8 items-center justify-center overflow-hidden rounded-full\">\n<div class=\"relative p-1 rounded-sm flex items-center justify-center bg-token-main-surface-primary text-token-text-primary h-8 w-8\"><strong>Jak\u00e9 zp\u016fsoby dopravy se pou\u017e\u00edvaj\u00ed?<\/strong><\/div>\n<\/div>\n<\/div>\n<\/div>\n<\/div>\n<div class=\"group\/conversation-turn relative flex w-full min-w-0 flex-col agent-turn\">\n<div class=\"flex-col gap-1 md:gap-3\">\n<div class=\"flex max-w-full flex-col flex-grow\">\n<div class=\"min-h-[20px] text-message flex w-full flex-col items-end gap-2 whitespace-normal break-words [.text-message+&amp;]:mt-5 overflow-x-auto\" dir=\"auto\" data-message-author-role=\"assistant\" data-message-id=\"22f8283b-3233-46ff-89a5-c7a41b33abda\">\n<div class=\"flex w-full flex-col gap-1 empty:hidden first:pt-[3px]\">\n<div class=\"markdown prose w-full break-words dark:prose-invert light\">\n<p>Spolupracujeme s UPS, DHL, FedEx, DPD a dal\u0161\u00edmi p\u0159edn\u00edmi p\u0159epravci. Vybereme nejlep\u0161\u00ed zp\u016fsob dopravy na z\u00e1klad\u011b va\u0161\u00ed doru\u010dovac\u00ed lokality, abychom zajistili, \u017ee sv\u00e9 produkty obdr\u017e\u00edte co nejrychleji.<\/p>\n<\/div>\n<p><strong>Jak dlouho trv\u00e1 doru\u010den\u00ed?<\/strong><\/p>\n<p>Bal\u00ed\u010dky odeslan\u00e9 do \u010cesk\u00e9 republiky obvykle doraz\u00ed do 10 pracovn\u00edch dn\u016f. P\u0159eprava do evropsk\u00fdch zem\u00ed obecn\u011b trv\u00e1 asi 12-15 pracovn\u00edch dn\u016f. O stavu va\u0161\u00ed z\u00e1silky v\u00e1s budeme pr\u016fb\u011b\u017en\u011b informovat.<\/p>\n<\/div>\n<p><strong>Z\u00e1ruka<\/strong><\/p>\n<p><span style=\"color: #ff0000\"><strong>Na v\u0161echny produkty v na\u0161em obchod\u011b se vztahuje z\u00e1ruka 100% originality a autenti\u010dnosti. Nab\u00edz\u00edme 10n\u00e1sobnou kompenzaci za pad\u011blan\u00e9 zbo\u017e\u00ed!<\/strong><\/span><\/p>\n<div class=\"flex w-full flex-col gap-1 empty:hidden first:pt-[3px]\">\n<p>&nbsp;<\/p>\n<\/div>\n<\/div>\n<\/div>\n<\/div>\n<\/div>\n<p>&nbsp;<\/p>\n<p>Dal\u0161\u00ed obl\u00edben\u00e9 jednor\u00e1zov\u00e9 e-cigarety, kter\u00e9 by se v\u00e1m mohly l\u00edbit:<\/p>\n<p>&nbsp;<\/p>\n<p><a href=\"https:\/\/rmvapesale.com\/cs\/product\/original-randm-vape-digital-puff-12000-fumot-factory-price\/\"><strong>Randm Digital 12000 pot\u00e1hnut\u00ed<\/strong><\/a><\/p>\n<p><strong><a href=\"https:\/\/rmvapesale.com\/cs\/product\/waspe-25000-puffs-disposable-vape-rechargeable-hot-sale\/\">Waspe 25000 pot\u00e1hnut\u00ed <\/a><\/strong><\/p>\n<p><a href=\"https:\/\/rmvapesale.com\/cs\/product\/waspe-12000-puffs-disposable-vape-pen\/\"><strong>WASPE 12000 pot\u00e1hnut\u00ed\u00a0<\/strong><\/a><\/p>\n<p><a href=\"https:\/\/rmvapesale.com\/cs\/product\/vapme-crystal-7000-puffs-rechargeable-disposable-vape-price\/\"><strong>Vapme Crystal 7000 pot\u00e1hnut\u00ed<\/strong><\/a><\/p>\n<p>&nbsp;<\/p>\n<p>&nbsp;<\/p>\n<p>Naj\u00edt v\u00edce produkt\u016f pro vaping, kter\u00e9 by se v\u00e1m mohly l\u00edbit:<strong><em><a href=\"https:\/\/rmvapesale.com\/cs\/shop-2\/\">nakupujte nyn\u00ed &gt;&gt;&gt;<\/a><\/em><\/strong><\/p>","protected":false},"excerpt":{"rendered":"<p>Vapme Crown Bar Pro Max Shisha 18000 Jednor\u00e1zov\u00fd vaporiz\u00e9r<br \/>\nOrigin\u00e1ln\u00ed Vapme Crown Bar 18000 Puf\u016f PRO Max<br \/>\nVapme Crown Bar 18000 Puf\u016f N\u00edzk\u00e1 Nikotinov\u00e1 Vape<\/p>\n<p><strong>Kontaktujte Amy pro v\u011bt\u0161\u00ed slevu a spr\u00e1vnou odpov\u011b\u010f<\/strong><\/p>\n<p><img loading=\"lazy\" decoding=\"async\" class=\"size-full wp-image-1978\" src=\"https:\/\/rmvapesale.com\/wp-content\/uploads\/2024\/09\/Disposable-Vape-Wholesale.jpg\" alt=\"Jednor\u00e1zov\u00e1 e-cigareta velkoobchod\" width=\"229\" height=\"300\" \/><\/p>\n<h3><span style=\"color: #ff0000\"><strong>WhatsApp: +86 17776015835<\/strong><\/span><\/h3>","protected":false},"featured_media":2191,"comment_status":"open","ping_status":"closed","template":"","meta":{"_uag_custom_page_level_css":"","_lmt_disableupdate":"no","_lmt_disable":"","site-sidebar-layout":"default","site-content-layout":"content-boxed-container","ast-site-content-layout":"normal-width-container","site-content-style":"boxed","site-sidebar-style":"unboxed","ast-global-header-display":"","ast-banner-title-visibility":"","ast-main-header-display":"","ast-hfb-above-header-display":"","ast-hfb-below-header-display":"","ast-hfb-mobile-header-display":"","site-post-title":"","ast-breadcrumbs-content":"","ast-featured-img":"","footer-sml-layout":"","theme-transparent-header-meta":"default","adv-header-id-meta":"","stick-header-meta":"","header-above-stick-meta":"","header-main-stick-meta":"","header-below-stick-meta":"","astra-migrate-meta-layouts":"set","ast-page-background-enabled":"default","ast-page-background-meta":{"desktop":{"background-color":"var(--ast-global-color-4)","background-image":"","background-repeat":"repeat","background-position":"center center","background-size":"auto","background-attachment":"scroll","background-type":"","background-media":"","overlay-type":"","overlay-color":"","overlay-opacity":"","overlay-gradient":""},"tablet":{"background-color":"","background-image":"","background-repeat":"repeat","background-position":"center center","background-size":"auto","background-attachment":"scroll","background-type":"","background-media":"","overlay-type":"","overlay-color":"","overlay-opacity":"","overlay-gradient":""},"mobile":{"background-color":"","background-image":"","background-repeat":"repeat","background-position":"center center","background-size":"auto","background-attachment":"scroll","background-type":"","background-media":"","overlay-type":"","overlay-color":"","overlay-opacity":"","overlay-gradient":""}},"ast-content-background-meta":{"desktop":{"background-color":"var(--ast-global-color-5)","background-image":"","background-repeat":"repeat","background-position":"center center","background-size":"auto","background-attachment":"scroll","background-type":"","background-media":"","overlay-type":"","overlay-color":"","overlay-opacity":"","overlay-gradient":""},"tablet":{"background-color":"var(--ast-global-color-5)","background-image":"","background-repeat":"repeat","background-position":"center center","background-size":"auto","background-attachment":"scroll","background-type":"","background-media":"","overlay-type":"","overlay-color":"","overlay-opacity":"","overlay-gradient":""},"mobile":{"background-color":"var(--ast-global-color-5)","background-image":"","background-repeat":"repeat","background-position":"center center","background-size":"auto","background-attachment":"scroll","background-type":"","background-media":"","overlay-type":"","overlay-color":"","overlay-opacity":"","overlay-gradient":""}},"_joinchat":[]},"product_brand":[],"product_cat":[15,289,291,292,293,295,296,299,281,25,123,26,28,135,27,137,136,30],"product_tag":[99,101,105,54,106],"class_list":{"0":"post-2196","1":"product","2":"type-product","3":"status-publish","4":"has-post-thumbnail","6":"product_cat-new-vape-this-week","7":"product_cat-big-puffs-disposable-vapes","8":"product_cat-dual-mesh-disposable-vapes","9":"product_cat-digital-disposable-vapes","10":"product_cat-low-nicotine-disposable-vapes","11":"product_cat-rechargeable-disposable-vapes","12":"product_cat-shisha-hookah-disposable-vapes","13":"product_cat-smart-screen-disposable-vapes","14":"product_cat-vapme-vape","15":"product_cat-germany-best-selling-vape","16":"product_cat-italy-wholesale-vape","17":"product_cat-netherlands-hot-sale-vape","18":"product_cat-poland-hot-sale-vape","19":"product_cat-spain-best-hot-sale-vape","20":"product_cat-fance-hot-sale-vape","21":"product_cat-rechargeable-vapes","22":"product_cat-smart-screen-vapes","23":"product_cat-minimum-order-quantity-50pcs","24":"product_tag-disposable-vape-wholesale","25":"product_tag-led-display-vape","26":"product_tag-nicotine-free-disposable-vape","27":"product_tag-rechargeable-disposable-vape","28":"product_tag-vapme-crown-bar-18000","29":"desktop-align-left","30":"tablet-align-left","31":"mobile-align-left","33":"first","34":"instock","35":"sale","36":"shipping-taxable","37":"purchasable","38":"product-type-simple"},"uagb_featured_image_src":{"full":["https:\/\/rmvapesale.com\/wp-content\/uploads\/2024\/09\/VAPME-Crown-Bar-18000-Disposable-Vape.jpg",800,800,false],"thumbnail":["https:\/\/rmvapesale.com\/wp-content\/uploads\/2024\/09\/VAPME-Crown-Bar-18000-Disposable-Vape-150x150.jpg",150,150,true],"medium":["https:\/\/rmvapesale.com\/wp-content\/uploads\/2024\/09\/VAPME-Crown-Bar-18000-Disposable-Vape-300x300.jpg",300,300,true],"medium_large":["https:\/\/rmvapesale.com\/wp-content\/uploads\/2024\/09\/VAPME-Crown-Bar-18000-Disposable-Vape-768x768.jpg",768,768,true],"large":["https:\/\/rmvapesale.com\/wp-content\/uploads\/2024\/09\/VAPME-Crown-Bar-18000-Disposable-Vape.jpg",800,800,false],"1536x1536":["https:\/\/rmvapesale.com\/wp-content\/uploads\/2024\/09\/VAPME-Crown-Bar-18000-Disposable-Vape.jpg",800,800,false],"2048x2048":["https:\/\/rmvapesale.com\/wp-content\/uploads\/2024\/09\/VAPME-Crown-Bar-18000-Disposable-Vape.jpg",800,800,false],"trp-custom-language-flag":["https:\/\/rmvapesale.com\/wp-content\/uploads\/2024\/09\/VAPME-Crown-Bar-18000-Disposable-Vape.jpg",12,12,false],"woocommerce_thumbnail":["https:\/\/rmvapesale.com\/wp-content\/uploads\/2024\/09\/VAPME-Crown-Bar-18000-Disposable-Vape-300x300.jpg",300,300,true],"woocommerce_single":["https:\/\/rmvapesale.com\/wp-content\/uploads\/2024\/09\/VAPME-Crown-Bar-18000-Disposable-Vape-600x600.jpg",600,600,true],"woocommerce_gallery_thumbnail":["https:\/\/rmvapesale.com\/wp-content\/uploads\/2024\/09\/VAPME-Crown-Bar-18000-Disposable-Vape-100x100.jpg",100,100,true],"wcpr-photo-reviews":["https:\/\/rmvapesale.com\/wp-content\/uploads\/2024\/09\/VAPME-Crown-Bar-18000-Disposable-Vape.jpg",500,500,false]},"uagb_author_info":{"display_name":"AMY","author_link":"https:\/\/rmvapesale.com\/cs\/author\/"},"uagb_comment_info":0,"uagb_excerpt":"Vapme Crown Bar Pro Max Shisha 18000 Disposable Vape Original Vapme Crown Bar 18000 Puff PRO Max Vapme Crown Bar 18000 Puffs Low Nicotine Vape Contact Amy For More Discount And Right Reply WhatsApp: +86 17776015835","_links":{"self":[{"href":"https:\/\/rmvapesale.com\/cs\/wp-json\/wp\/v2\/product\/2196","targetHints":{"allow":["GET"]}}],"collection":[{"href":"https:\/\/rmvapesale.com\/cs\/wp-json\/wp\/v2\/product"}],"about":[{"href":"https:\/\/rmvapesale.com\/cs\/wp-json\/wp\/v2\/types\/product"}],"replies":[{"embeddable":true,"href":"https:\/\/rmvapesale.com\/cs\/wp-json\/wp\/v2\/comments?post=2196"}],"wp:featuredmedia":[{"embeddable":true,"href":"https:\/\/rmvapesale.com\/cs\/wp-json\/wp\/v2\/media\/2191"}],"wp:attachment":[{"href":"https:\/\/rmvapesale.com\/cs\/wp-json\/wp\/v2\/media?parent=2196"}],"wp:term":[{"taxonomy":"product_brand","embeddable":true,"href":"https:\/\/rmvapesale.com\/cs\/wp-json\/wp\/v2\/product_brand?post=2196"},{"taxonomy":"product_cat","embeddable":true,"href":"https:\/\/rmvapesale.com\/cs\/wp-json\/wp\/v2\/product_cat?post=2196"},{"taxonomy":"product_tag","embeddable":true,"href":"https:\/\/rmvapesale.com\/cs\/wp-json\/wp\/v2\/product_tag?post=2196"}],"curies":[{"name":"wp","href":"https:\/\/api.w.org\/{rel}","templated":true}]}}