{"id":2238,"date":"2024-09-29T07:26:38","date_gmt":"2024-09-29T07:26:38","guid":{"rendered":"https:\/\/rmvapesale.com\/?post_type=product&#038;p=2238"},"modified":"2025-01-21T09:55:12","modified_gmt":"2025-01-21T09:55:12","slug":"uzy-bang-king-12000-puffs-disposable-vape-20-flavors","status":"publish","type":"product","link":"https:\/\/rmvapesale.com\/cs\/product\/uzy-bang-king-12000-puffs-disposable-vape-20-flavors\/","title":{"rendered":"Jednor\u00e1zov\u00e1 e-cigareta UZY Bang King 12000 pot\u00e1hnut\u00ed 20 p\u0159\u00edchut\u00ed"},"content":{"rendered":"<div class=\"B2VR9 CJHX3e\">\n<div class=\"wyccme\">\n<h1 class=\"LC20lb MBeuO DKV0Md\">UZY Bang King 12000 Puffs Jednor\u00e1zov\u00fd vaporiz\u00e9r 20 p\u0159\u00edchut\u00ed Velkoobchod<\/h1>\n<p>UZY Bang King 12000 Puffs je robustn\u00ed, s velkou kapacitou jednor\u00e1zov\u00fd vaporiz\u00e9r, kter\u00fd si z\u00edskal popularitu d\u00edky sv\u00e9 p\u016fsobiv\u00e9 kapacit\u011b, kvalit\u011b chuti a \u0161irok\u00e9 \u0161k\u00e1le mo\u017enost\u00ed. Mnoho nad\u0161enc\u016f pova\u017euje Bang Vape za nab\u00eddku n\u011bkter\u00fdch z nejlep\u0161\u00edch dostupn\u00fdch p\u0159\u00edchut\u00ed. Jednor\u00e1zov\u00e9 za\u0159\u00edzen\u00ed p\u0159ich\u00e1z\u00ed v 20 r\u016fzn\u00fdch p\u0159\u00edchut\u00edch s \u00farovn\u011bmi nikotinu 5%, 3%, 2% a 0%. S vynikaj\u00edc\u00ed kapacitou e-liquidu 23 ml poskytuje a\u017e 12 000 pot\u00e1hnut\u00ed. Poh\u00e1n\u011bn dob\u00edjec\u00ed bateri\u00ed 650mAh, disponuje vysoce v\u00fdkonn\u00fdm syst\u00e9mem mesh c\u00edvky pro vylep\u0161en\u00fd z\u00e1\u017eitek z vapov\u00e1n\u00ed.<\/p>\n<p>Pozvedn\u011bte sv\u016fj styl a za\u017eijte to s UZY Bang King 12000 Puffs\u2014kde se luxus setk\u00e1v\u00e1 s dostupnost\u00ed.<\/p>\n<\/div>\n<\/div>\n<p><strong>Kontaktujte Amy a z\u00edskejte spr\u00e1vnou odpov\u011b\u010f a dal\u0161\u00ed produktov\u00e1 videa!<\/strong><\/p>\n<p><img loading=\"lazy\" decoding=\"async\" class=\"size-full wp-image-1978\" src=\"https:\/\/rmvapesale.com\/wp-content\/uploads\/2024\/09\/Disposable-Vape-Wholesale.jpg\" alt=\"Jednor\u00e1zov\u00e1 e-cigareta velkoobchod\" width=\"229\" height=\"300\" \/><\/p>\n<h3><span style=\"color: #ff0000\"><strong>WhatsApp: +86 17776015835<\/strong><\/span><\/h3>\n<p>&nbsp;<\/p>\n<h2><\/h2>\n<h2><strong>Kl\u00ed\u010dov\u00e9 vlastnosti UZY Bang King 12000 Puffs<\/strong><\/h2>\n<p>Vestav\u011bn\u00e1 baterie 650mAh<br \/>\ncURL Too many subrequests.<br \/>\ncURL Too many subrequests.<br \/>\n23ml p\u0159edpln\u011bn\u00e9ho e-tekutiny<br \/>\ncURL Too many subrequests.<br \/>\nUspokoj\u00ed t\u00e9m\u011b\u0159 12000 pot\u00e1hnut\u00ed<br \/>\nNastaviteln\u00fd pr\u016ftok vzduchu<\/p>\n<figure id=\"attachment_2232\" aria-describedby=\"caption-attachment-2232\" style=\"width: 808px\" class=\"wp-caption alignnone\"><img loading=\"lazy\" decoding=\"async\" class=\"wp-image-2232 size-full\" src=\"https:\/\/rmvapesale.com\/wp-content\/uploads\/2024\/09\/UZY-Bang-King-12000-Puffs-Disposable-Vape.jpg\" alt=\"UZY Bang King 12000 Puffs Jednor\u00e1zov\u00fd vaporiz\u00e9r\" width=\"808\" height=\"808\" srcset=\"https:\/\/rmvapesale.com\/wp-content\/uploads\/2024\/09\/UZY-Bang-King-12000-Puffs-Disposable-Vape.jpg 808w, https:\/\/rmvapesale.com\/wp-content\/uploads\/2024\/09\/UZY-Bang-King-12000-Puffs-Disposable-Vape-300x300.jpg 300w, https:\/\/rmvapesale.com\/wp-content\/uploads\/2024\/09\/UZY-Bang-King-12000-Puffs-Disposable-Vape-150x150.jpg 150w, https:\/\/rmvapesale.com\/wp-content\/uploads\/2024\/09\/UZY-Bang-King-12000-Puffs-Disposable-Vape-768x768.jpg 768w, https:\/\/rmvapesale.com\/wp-content\/uploads\/2024\/09\/UZY-Bang-King-12000-Puffs-Disposable-Vape-600x600.jpg 600w, https:\/\/rmvapesale.com\/wp-content\/uploads\/2024\/09\/UZY-Bang-King-12000-Puffs-Disposable-Vape-100x100.jpg 100w\" sizes=\"auto, (max-width: 808px) 100vw, 808px\" \/><figcaption id=\"caption-attachment-2232\" class=\"wp-caption-text\">UZY Bang King 12000 Puffs Jednor\u00e1zov\u00fd vaporiz\u00e9r<\/figcaption><\/figure>\n<h2><strong>Nejlep\u0161\u00ed p\u0159\u00edchu\u0165 pro UZY Bang King 12000<\/strong><\/h2>\n<p>UZY Bang King 12000 Jednor\u00e1zov\u00fd vaporiz\u00e9r nab\u00edz\u00ed 20 lahodn\u00fdch p\u0159\u00edchut\u00ed, vyb\u00edrejte z r\u016fzn\u00fdch mo\u017enost\u00ed, v\u010detn\u011b klasick\u00e9 tab\u00e1kov\u00e9, osv\u011b\u017euj\u00edc\u00edho m\u00e1tov\u00e9ho chladiv\u00e9ho, a exotick\u00e9 sladkosti manga, ka\u017ed\u00e1 slibuje bohatou a uspokojivou cestu s ka\u017ed\u00fdm potahem.<\/p>\n<p>1. Jahodov\u00e1 Melounov\u00e1<br \/>\n2. Bor\u016fvka na ledu<br \/>\n3. Broskev Mango Ananas<br \/>\n4. Broskvov\u00e1 ledov\u00e1<br \/>\n5.Vodn\u00ed meloun ledov\u00fd<span style=\"color: #ff0000\"><strong>&gt;&gt;&gt;&gt;\u017dhav\u00e9!<\/strong><\/span><br \/>\n6. Hroznov\u00fd led<br \/>\n7. Jahodov\u00e9 Kiwi<br \/>\n8. Bor\u016fvka Ryb\u00edz<span style=\"color: #ff0000\"><strong>&gt;&gt;&gt;&gt;\u017dhav\u00e9!<\/strong><\/span><br \/>\n9. Kiwi Passion Fruit<br \/>\n10. T\u0159e\u0161\u0148ov\u00fd led<br \/>\n11. Pan Blue<br \/>\n12. Cola s ledem<br \/>\n13. Trojit\u00e9 mango<br \/>\n14. Jahodov\u00fd led<br \/>\n15. \u010cerven\u00e1 energie<span style=\"color: #ff0000\"><strong>&gt;&gt;&gt;&gt;Nejlep\u0161\u00ed!<\/strong><\/span><br \/>\n16. Sm\u00ed\u0161en\u00e9 bobule<br \/>\n17. Dvojit\u00e9 jablko<br \/>\n18. \u017dv\u00fdkac\u00ed medv\u011bd<span style=\"color: #ff0000\"><strong>&gt;&gt;&gt;&gt;\u017dhav\u00e9!<\/strong><\/span><br \/>\n19. R\u016f\u017eov\u00e1 limon\u00e1da<br \/>\n20. Broskvov\u00e9 bobule<\/p>\n<p>&nbsp;<\/p>\n<div class=\"mceTemp\"><\/div>\n<p>&nbsp;<\/p>\n<h2><strong>Ot\u00e1zky, kter\u00e9 byste mohli m\u00edt ohledn\u011b UZY Bang King 12000<\/strong><\/h2>\n<p>&nbsp;<\/p>\n<div class=\"flex-shrink-0 flex flex-col relative items-end\">\n<div>\n<div class=\"pt-0\">\n<div class=\"gizmo-bot-avatar flex h-8 w-8 items-center justify-center overflow-hidden rounded-full\">\n<div class=\"relative p-1 rounded-sm flex items-center justify-center bg-token-main-surface-primary text-token-text-primary h-8 w-8\"><\/div>\n<\/div>\n<\/div>\n<\/div>\n<\/div>\n<div class=\"group\/conversation-turn relative flex w-full min-w-0 flex-col agent-turn\">\n<div class=\"flex-col gap-1 md:gap-3\">\n<div class=\"flex max-w-full flex-col flex-grow\">\n<div class=\"min-h-8 text-message flex w-full flex-col items-end gap-2 whitespace-normal break-words [.text-message+&amp;]:mt-5\" dir=\"auto\" data-message-author-role=\"assistant\" data-message-id=\"f226d3fc-81f3-46d5-8c46-31787fff0357\">\n<div class=\"flex w-full flex-col gap-1 empty:hidden first:pt-[3px]\">\n<div class=\"markdown prose w-full break-words dark:prose-invert light\">\n<p><strong>1. Kolik potah\u016f poskytuje jednor\u00e1zov\u00fd vaporiz\u00e9r UZY Bang King 12k? <\/strong><strong>Jednor\u00e1zov\u00fd vaporiz\u00e9r s potahy poskytuje?<\/strong><br \/>\nUZY Bang King 12k nab\u00edz\u00ed a\u017e 12000 potah\u016f, co\u017e v\u00fdrazn\u011b p\u0159ekra\u010duje kapacitu b\u011b\u017en\u00fdch jednor\u00e1zov\u00fdch vaporiz\u00e9r\u016f.<\/p>\n<p><strong>2. Jak\u00e9 p\u0159\u00edchut\u011b jsou k dispozici v jednor\u00e1zov\u00e9m vaporiz\u00e9ru UZY Bang King 12k?<\/strong><br \/>\ncURL Too many subrequests.<\/p>\n<p><strong>3. Je UZY Bang King 12000 vhodn\u00fd pro za\u010d\u00e1te\u010dn\u00edky?<\/strong><br \/>\ncURL Too many subrequests.<\/p>\n<p><strong>cURL Too many subrequests.<\/strong><br \/>\nZa\u0159\u00edzen\u00ed skladujte na chladn\u00e9m a such\u00e9m m\u00edst\u011b, mimo p\u0159\u00edm\u00e9 slune\u010dn\u00ed sv\u011btlo a mimo dosah d\u011bt\u00ed a dom\u00e1c\u00edch zv\u00ed\u0159at.<\/p>\n<p><strong>5. Jak dlouho vydr\u017e\u00ed UZY Bang King 12000?<\/strong><br \/>\nS kapacitou 12 000 potah\u016f m\u016f\u017ee UZY Bang King 12000 vydr\u017eet n\u011bkolik t\u00fddn\u016f, v z\u00e1vislosti na pou\u017e\u00edv\u00e1n\u00ed.<\/p>\n<\/div>\n<\/div>\n<\/div>\n<\/div>\n<\/div>\n<\/div>\n<p>&nbsp;<\/p>\n<h3><b>\u010casto kladen\u00e9 ot\u00e1zky<\/b><\/h3>\n<p>&nbsp;<\/p>\n<div class=\"flex-shrink-0 flex flex-col relative items-end\">\n<div>\n<div class=\"pt-0\">\n<div class=\"gizmo-bot-avatar flex h-8 w-8 items-center justify-center overflow-hidden rounded-full\">\n<div class=\"relative p-1 rounded-sm flex items-center justify-center bg-token-main-surface-primary text-token-text-primary h-8 w-8\"><strong>Jak\u00e9 zp\u016fsoby dopravy se pou\u017e\u00edvaj\u00ed?<\/strong><\/div>\n<\/div>\n<\/div>\n<\/div>\n<\/div>\n<div class=\"group\/conversation-turn relative flex w-full min-w-0 flex-col agent-turn\">\n<div class=\"flex-col gap-1 md:gap-3\">\n<div class=\"flex max-w-full flex-col flex-grow\">\n<div class=\"min-h-[20px] text-message flex w-full flex-col items-end gap-2 whitespace-normal break-words [.text-message+&amp;]:mt-5 overflow-x-auto\" dir=\"auto\" data-message-author-role=\"assistant\" data-message-id=\"22f8283b-3233-46ff-89a5-c7a41b33abda\">\n<div class=\"flex w-full flex-col gap-1 empty:hidden first:pt-[3px]\">\n<div class=\"markdown prose w-full break-words dark:prose-invert light\">\n<p>Spolupracujeme s UPS, DHL, FedEx, DPD a dal\u0161\u00edmi p\u0159edn\u00edmi p\u0159epravci. Vybereme nejlep\u0161\u00ed zp\u016fsob dopravy na z\u00e1klad\u011b va\u0161\u00ed doru\u010dovac\u00ed lokality, abychom zajistili, \u017ee sv\u00e9 produkty obdr\u017e\u00edte co nejrychleji.<\/p>\n<\/div>\n<p><strong>Jak dlouho trv\u00e1 doru\u010den\u00ed?<\/strong><\/p>\n<p>Bal\u00ed\u010dky odeslan\u00e9 do \u010cesk\u00e9 republiky obvykle doraz\u00ed do 10 pracovn\u00edch dn\u016f. P\u0159eprava do evropsk\u00fdch zem\u00ed obecn\u011b trv\u00e1 asi 12-15 pracovn\u00edch dn\u016f. O stavu va\u0161\u00ed z\u00e1silky v\u00e1s budeme pr\u016fb\u011b\u017en\u011b informovat.<\/p>\n<\/div>\n<p><strong>Z\u00e1ruka<\/strong><\/p>\n<p><span style=\"color: #ff0000\"><strong>Na v\u0161echny produkty v na\u0161em obchod\u011b se vztahuje z\u00e1ruka 100% originality a autenti\u010dnosti. Nab\u00edz\u00edme 10n\u00e1sobnou kompenzaci za pad\u011blan\u00e9 zbo\u017e\u00ed!<\/strong><\/span><\/p>\n<div class=\"flex w-full flex-col gap-1 empty:hidden first:pt-[3px]\">\n<p>&nbsp;<\/p>\n<\/div>\n<\/div>\n<\/div>\n<\/div>\n<\/div>\n<p>&nbsp;<\/p>\n<p>Dal\u0161\u00ed obl\u00edben\u00e9 jednor\u00e1zov\u00e9 e-cigarety, kter\u00e9 by se v\u00e1m mohly l\u00edbit:<\/p>\n<p>&nbsp;<\/p>\n<p><a href=\"https:\/\/rmvapesale.com\/cs\/product\/original-randm-vape-digital-puff-12000-fumot-factory-price\/\"><strong>cURL Too many subrequests.<\/strong><\/a><\/p>\n<p><strong><a href=\"https:\/\/rmvapesale.com\/cs\/product\/randm-tornado-15000-puffs-15k-vape-recharge-fumot-original-vape-factory-price\/\">VOPK Tornado 15000 pot\u00e1hnut\u00ed <\/a><\/strong><\/p>\n<p><a href=\"https:\/\/rmvapesale.com\/cs\/product\/vapme-crystal-7000-puffs-rechargeable-disposable-vape-price\/\"><strong>Vapme Crystal 7000 pot\u00e1hnut\u00ed<\/strong><\/a><\/p>\n<p>&nbsp;<\/p>\n<p>&nbsp;<\/p>\n<p>Naj\u00edt v\u00edce produkt\u016f pro vaping, kter\u00e9 by se v\u00e1m mohly l\u00edbit:<strong><em><a href=\"https:\/\/rmvapesale.com\/cs\/shop-2\/\">nakupujte nyn\u00ed &gt;&gt;&gt;<\/a><\/em><\/strong><\/p>","protected":false},"excerpt":{"rendered":"<p>UZY Bang King 12000 Puffs Dob\u00edjec\u00ed jednor\u00e1zov\u00fd pod<br \/>\nUZY Bang King 12000 Puffs 0% 2% 3% 5% Nikotin<br \/>\nAutentick\u00e9 UZY Bang King 12k Puf Jednor\u00e1zov\u00e9 vaporiz\u00e9ry<\/p>\n<p><strong>Kontaktujte Amy pro v\u011bt\u0161\u00ed slevu a spr\u00e1vnou odpov\u011b\u010f<\/strong><\/p>\n<p><img loading=\"lazy\" decoding=\"async\" class=\"size-full wp-image-1978\" src=\"https:\/\/rmvapesale.com\/wp-content\/uploads\/2024\/09\/Disposable-Vape-Wholesale.jpg\" alt=\"Jednor\u00e1zov\u00e1 e-cigareta velkoobchod\" width=\"229\" height=\"300\" \/><\/p>\n<h3><span style=\"color: #ff0000\"><strong>WhatsApp: +86 17776015835<\/strong><\/span><\/h3>","protected":false},"featured_media":2234,"comment_status":"open","ping_status":"closed","template":"","meta":{"_uag_custom_page_level_css":"","_lmt_disableupdate":"no","_lmt_disable":"","site-sidebar-layout":"default","site-content-layout":"content-boxed-container","ast-site-content-layout":"normal-width-container","site-content-style":"boxed","site-sidebar-style":"unboxed","ast-global-header-display":"","ast-banner-title-visibility":"","ast-main-header-display":"","ast-hfb-above-header-display":"","ast-hfb-below-header-display":"","ast-hfb-mobile-header-display":"","site-post-title":"","ast-breadcrumbs-content":"","ast-featured-img":"","footer-sml-layout":"","theme-transparent-header-meta":"default","adv-header-id-meta":"","stick-header-meta":"","header-above-stick-meta":"","header-main-stick-meta":"","header-below-stick-meta":"","astra-migrate-meta-layouts":"set","ast-page-background-enabled":"default","ast-page-background-meta":{"desktop":{"background-color":"var(--ast-global-color-4)","background-image":"","background-repeat":"repeat","background-position":"center center","background-size":"auto","background-attachment":"scroll","background-type":"","background-media":"","overlay-type":"","overlay-color":"","overlay-opacity":"","overlay-gradient":""},"tablet":{"background-color":"","background-image":"","background-repeat":"repeat","background-position":"center center","background-size":"auto","background-attachment":"scroll","background-type":"","background-media":"","overlay-type":"","overlay-color":"","overlay-opacity":"","overlay-gradient":""},"mobile":{"background-color":"","background-image":"","background-repeat":"repeat","background-position":"center center","background-size":"auto","background-attachment":"scroll","background-type":"","background-media":"","overlay-type":"","overlay-color":"","overlay-opacity":"","overlay-gradient":""}},"ast-content-background-meta":{"desktop":{"background-color":"var(--ast-global-color-5)","background-image":"","background-repeat":"repeat","background-position":"center center","background-size":"auto","background-attachment":"scroll","background-type":"","background-media":"","overlay-type":"","overlay-color":"","overlay-opacity":"","overlay-gradient":""},"tablet":{"background-color":"var(--ast-global-color-5)","background-image":"","background-repeat":"repeat","background-position":"center center","background-size":"auto","background-attachment":"scroll","background-type":"","background-media":"","overlay-type":"","overlay-color":"","overlay-opacity":"","overlay-gradient":""},"mobile":{"background-color":"var(--ast-global-color-5)","background-image":"","background-repeat":"repeat","background-position":"center center","background-size":"auto","background-attachment":"scroll","background-type":"","background-media":"","overlay-type":"","overlay-color":"","overlay-opacity":"","overlay-gradient":""}},"_joinchat":[]},"product_brand":[],"product_cat":[15,293,295,287,254,25,123,26,28,135,27,61,137,136,30],"product_tag":[99,111,105,54,113],"class_list":{"0":"post-2238","1":"product","2":"type-product","3":"status-publish","4":"has-post-thumbnail","6":"product_cat-new-vape-this-week","7":"product_cat-low-nicotine-disposable-vapes","8":"product_cat-rechargeable-disposable-vapes","9":"product_cat-uzy-vape","10":"product_cat-12000-puff-disposable-vape","11":"product_cat-germany-best-selling-vape","12":"product_cat-italy-wholesale-vape","13":"product_cat-netherlands-hot-sale-vape","14":"product_cat-poland-hot-sale-vape","15":"product_cat-spain-best-hot-sale-vape","16":"product_cat-fance-hot-sale-vape","17":"product_cat-15000-puffs-disposable-vapes","18":"product_cat-rechargeable-vapes","19":"product_cat-smart-screen-vapes","20":"product_cat-minimum-order-quantity-50pcs","21":"product_tag-disposable-vape-wholesale","22":"product_tag-low-nicotine-disposable-vape","23":"product_tag-nicotine-free-disposable-vape","24":"product_tag-rechargeable-disposable-vape","25":"product_tag-uzy-bang-king-12000","26":"desktop-align-left","27":"tablet-align-left","28":"mobile-align-left","30":"first","31":"instock","32":"sale","33":"shipping-taxable","34":"purchasable","35":"product-type-simple"},"uagb_featured_image_src":{"full":["https:\/\/rmvapesale.com\/wp-content\/uploads\/2024\/09\/Uzy-Bang-King-12000-Puffs-Vape-Pen.jpg",808,808,false],"thumbnail":["https:\/\/rmvapesale.com\/wp-content\/uploads\/2024\/09\/Uzy-Bang-King-12000-Puffs-Vape-Pen-150x150.jpg",150,150,true],"medium":["https:\/\/rmvapesale.com\/wp-content\/uploads\/2024\/09\/Uzy-Bang-King-12000-Puffs-Vape-Pen-300x300.jpg",300,300,true],"medium_large":["https:\/\/rmvapesale.com\/wp-content\/uploads\/2024\/09\/Uzy-Bang-King-12000-Puffs-Vape-Pen-768x768.jpg",768,768,true],"large":["https:\/\/rmvapesale.com\/wp-content\/uploads\/2024\/09\/Uzy-Bang-King-12000-Puffs-Vape-Pen.jpg",808,808,false],"1536x1536":["https:\/\/rmvapesale.com\/wp-content\/uploads\/2024\/09\/Uzy-Bang-King-12000-Puffs-Vape-Pen.jpg",808,808,false],"2048x2048":["https:\/\/rmvapesale.com\/wp-content\/uploads\/2024\/09\/Uzy-Bang-King-12000-Puffs-Vape-Pen.jpg",808,808,false],"trp-custom-language-flag":["https:\/\/rmvapesale.com\/wp-content\/uploads\/2024\/09\/Uzy-Bang-King-12000-Puffs-Vape-Pen.jpg",12,12,false],"woocommerce_thumbnail":["https:\/\/rmvapesale.com\/wp-content\/uploads\/2024\/09\/Uzy-Bang-King-12000-Puffs-Vape-Pen-300x300.jpg",300,300,true],"woocommerce_single":["https:\/\/rmvapesale.com\/wp-content\/uploads\/2024\/09\/Uzy-Bang-King-12000-Puffs-Vape-Pen-600x600.jpg",600,600,true],"woocommerce_gallery_thumbnail":["https:\/\/rmvapesale.com\/wp-content\/uploads\/2024\/09\/Uzy-Bang-King-12000-Puffs-Vape-Pen-100x100.jpg",100,100,true],"wcpr-photo-reviews":["https:\/\/rmvapesale.com\/wp-content\/uploads\/2024\/09\/Uzy-Bang-King-12000-Puffs-Vape-Pen.jpg",500,500,false]},"uagb_author_info":{"display_name":"AMY","author_link":"https:\/\/rmvapesale.com\/cs\/author\/"},"uagb_comment_info":0,"uagb_excerpt":"UZY Bang King 12000 Puffs Rechargeable Disposable Pod UZY Bang King 12000 Puffs 0% 2% 3% 5% Nicotine Authentic UZY Bang King 12k Puff Disposable Vapes Contact Amy For More Discount And Right Reply WhatsApp: +86 17776015835","_links":{"self":[{"href":"https:\/\/rmvapesale.com\/cs\/wp-json\/wp\/v2\/product\/2238","targetHints":{"allow":["GET"]}}],"collection":[{"href":"https:\/\/rmvapesale.com\/cs\/wp-json\/wp\/v2\/product"}],"about":[{"href":"https:\/\/rmvapesale.com\/cs\/wp-json\/wp\/v2\/types\/product"}],"replies":[{"embeddable":true,"href":"https:\/\/rmvapesale.com\/cs\/wp-json\/wp\/v2\/comments?post=2238"}],"wp:featuredmedia":[{"embeddable":true,"href":"https:\/\/rmvapesale.com\/cs\/wp-json\/wp\/v2\/media\/2234"}],"wp:attachment":[{"href":"https:\/\/rmvapesale.com\/cs\/wp-json\/wp\/v2\/media?parent=2238"}],"wp:term":[{"taxonomy":"product_brand","embeddable":true,"href":"https:\/\/rmvapesale.com\/cs\/wp-json\/wp\/v2\/product_brand?post=2238"},{"taxonomy":"product_cat","embeddable":true,"href":"https:\/\/rmvapesale.com\/cs\/wp-json\/wp\/v2\/product_cat?post=2238"},{"taxonomy":"product_tag","embeddable":true,"href":"https:\/\/rmvapesale.com\/cs\/wp-json\/wp\/v2\/product_tag?post=2238"}],"curies":[{"name":"wp","href":"https:\/\/api.w.org\/{rel}","templated":true}]}}