{"id":2262,"date":"2024-09-30T05:53:05","date_gmt":"2024-09-30T05:53:05","guid":{"rendered":"https:\/\/rmvapesale.com\/?post_type=product&#038;p=2262"},"modified":"2025-01-21T09:57:10","modified_gmt":"2025-01-21T09:57:10","slug":"uzy-qute-800-puffs-disposable-vape-original-wholesale","status":"publish","type":"product","link":"https:\/\/rmvapesale.com\/cs\/product\/uzy-qute-800-puffs-disposable-vape-original-wholesale\/","title":{"rendered":"UZY QUTE 800 Puffs Jednor\u00e1zov\u00fd Vaporiz\u00e9r Origin\u00e1l Velkoobchod"},"content":{"rendered":"<div class=\"B2VR9 CJHX3e\">\n<div class=\"wyccme\">\n<h1 class=\"LC20lb MBeuO DKV0Md\">UZY QUTE 800 Puffs Jednor\u00e1zov\u00fd Vaporiz\u00e9r Origin\u00e1l Velkoobchod<\/h1>\n<p>Tento <strong>UZY QUTE 800 Puffs<\/strong>\u00a0je elegantn\u00ed, kompaktn\u00ed jednor\u00e1zov\u00fd vaporiz\u00e9r nab\u00edzej\u00edc\u00ed <strong>800 potah\u016f<\/strong> chutn\u00e9 uspokojen\u00ed. Navr\u017een pro pohodln\u00e9 pou\u017eit\u00ed na cest\u00e1ch, jeho beztla\u010d\u00edtkov\u00e9 spu\u0161t\u011bn\u00ed \u010din\u00ed vapov\u00e1n\u00ed snadn\u00fdm \u2014 sta\u010d\u00ed vdechnout a u\u017e\u00edt si n\u00e1val bohat\u00fdch chut\u00ed. A\u0165 u\u017e preferujete ovocn\u00e9 sm\u011bsi nebo osv\u011b\u017euj\u00edc\u00ed m\u00e1tu, ka\u017ed\u00fd potah p\u0159in\u00e1\u0161\u00ed jemn\u00fd a uspokojiv\u00fd z\u00e1\u017eitek. S elegantn\u00edm designem a u\u017eivatelsky p\u0159\u00edv\u011btivou funkc\u00ed je <strong>UZY QUTE 800 Puffs Jednor\u00e1zov\u00fd vaporiz\u00e9r s n\u00e1pln\u00ed<\/strong>\u00a0stanovuje nov\u00fd standard pro kompaktn\u00ed jednor\u00e1zov\u00e9 vaporiz\u00e9ry, ide\u00e1ln\u00ed pro vapery, kte\u0159\u00ed ocen\u00ed jak pohodl\u00ed, tak v\u00fdkon.<\/p>\n<\/div>\n<\/div>\n<p><strong>Kontaktujte Amy a z\u00edskejte spr\u00e1vnou odpov\u011b\u010f a dal\u0161\u00ed produktov\u00e1 videa!<\/strong><\/p>\n<p><img loading=\"lazy\" decoding=\"async\" class=\"size-full wp-image-1978\" src=\"https:\/\/rmvapesale.com\/wp-content\/uploads\/2024\/09\/Disposable-Vape-Wholesale.jpg\" alt=\"Jednor\u00e1zov\u00e1 e-cigareta velkoobchod\" width=\"229\" height=\"300\" \/><\/p>\n<h3><span style=\"color: #ff0000\"><strong>WhatsApp: +86 17776015835<\/strong><\/span><\/h3>\n<p>&nbsp;<\/p>\n<h2><\/h2>\n<h2>UZY QUTE 800 Puffs Jednor\u00e1zov\u00e9 vaporiz\u00e9ry Kl\u00ed\u010dov\u00e9 vlastnosti<\/h2>\n<p>Kapacita kapaliny: 3ML<br \/>\nBaterie: 500mAh<br \/>\nV\u00fdroba: viz obal<br \/>\nBalen\u00ed: 1 krabice po 10 kusech<br \/>\nSalinita: 0%-2%-3%-5% (voliteln\u00e9)<br \/>\nMesh c\u00edvka 1.2 Ohm<br \/>\nLED barevn\u00e9 sv\u011btlo<\/p>\n<figure id=\"attachment_2257\" aria-describedby=\"caption-attachment-2257\" style=\"width: 800px\" class=\"wp-caption alignnone\"><img loading=\"lazy\" decoding=\"async\" class=\"wp-image-2257 size-full\" src=\"https:\/\/rmvapesale.com\/wp-content\/uploads\/2024\/09\/UZY-Qute-800-puffs-Disposeble-Vape.jpg\" alt=\"UZY Qute 800 potah\u016f Jednor\u00e1zov\u00fd vaporiz\u00e9r\" width=\"800\" height=\"800\" srcset=\"https:\/\/rmvapesale.com\/wp-content\/uploads\/2024\/09\/UZY-Qute-800-puffs-Disposeble-Vape.jpg 800w, https:\/\/rmvapesale.com\/wp-content\/uploads\/2024\/09\/UZY-Qute-800-puffs-Disposeble-Vape-300x300.jpg 300w, https:\/\/rmvapesale.com\/wp-content\/uploads\/2024\/09\/UZY-Qute-800-puffs-Disposeble-Vape-150x150.jpg 150w, https:\/\/rmvapesale.com\/wp-content\/uploads\/2024\/09\/UZY-Qute-800-puffs-Disposeble-Vape-768x768.jpg 768w, https:\/\/rmvapesale.com\/wp-content\/uploads\/2024\/09\/UZY-Qute-800-puffs-Disposeble-Vape-600x600.jpg 600w, https:\/\/rmvapesale.com\/wp-content\/uploads\/2024\/09\/UZY-Qute-800-puffs-Disposeble-Vape-100x100.jpg 100w\" sizes=\"auto, (max-width: 800px) 100vw, 800px\" \/><figcaption id=\"caption-attachment-2257\" class=\"wp-caption-text\">UZY Qute 800 potah\u016f Jednor\u00e1zov\u00fd vaporiz\u00e9r<\/figcaption><\/figure>\n<h2><strong>Nejlep\u0161\u00ed p\u0159\u00edchu\u0165 pro UZY QUTE 800 Puffs<\/strong><\/h2>\n<p>cURL Too many subrequests.<\/p>\n<p>1. Kiwi Passion Fruit<br \/>\n2.Modr\u00e1 malina led<span style=\"color: #ff0000\"><strong>&gt;&gt;&gt;&gt;\u017dhav\u00e9!<\/strong><\/span><br \/>\n3.Melounov\u00e1 zmrzlina<br \/>\n4. Citronov\u00e1 m\u00e1ta<br \/>\n5. Trojit\u00e1 manga<br \/>\n6.Sm\u00ed\u0161en\u00e9 bobule<br \/>\n7.Hroznov\u00e9 v\u00edno led<br \/>\n8. Jahodov\u00fd led<br \/>\n9. Cola Ice<br \/>\n10.Redbull Ice<span style=\"color: #ff0000\"><strong>&gt;&gt;&gt;&gt;Nejlep\u0161\u00ed!<\/strong><\/span><\/p>\n<p>&nbsp;<\/p>\n<h2><strong>Ot\u00e1zky, kter\u00e9 byste mohli m\u00edt ohledn\u011b UZY QUTE 800 Puffs Vape Pod<\/strong><\/h2>\n<p>&nbsp;<\/p>\n<div class=\"flex-shrink-0 flex flex-col relative items-end\">\n<div>\n<div class=\"pt-0\">\n<div class=\"gizmo-bot-avatar flex h-8 w-8 items-center justify-center overflow-hidden rounded-full\">\n<div class=\"relative p-1 rounded-sm flex items-center justify-center bg-token-main-surface-primary text-token-text-primary h-8 w-8\"><\/div>\n<\/div>\n<\/div>\n<\/div>\n<\/div>\n<div class=\"group\/conversation-turn relative flex w-full min-w-0 flex-col agent-turn\">\n<div class=\"flex-col gap-1 md:gap-3\">\n<div class=\"flex max-w-full flex-col flex-grow\">\n<div class=\"min-h-8 text-message flex w-full flex-col items-end gap-2 whitespace-normal break-words [.text-message+&amp;]:mt-5\" dir=\"auto\" data-message-author-role=\"assistant\" data-message-id=\"f226d3fc-81f3-46d5-8c46-31787fff0357\">\n<div class=\"flex w-full flex-col gap-1 empty:hidden first:pt-[3px]\">\n<div class=\"markdown prose w-full break-words dark:prose-invert light\">\n<p><strong>1. Kolik pot\u00e1hnut\u00ed poskytuje UZY QUTE 800 Puffs?<\/strong><strong> Jak\u00e9 p\u0159\u00edchut\u011b jsou k dispozici u vape pera UZY QUTE 800 Puffs?<\/strong><br \/>\nUZY QUTE 800 Puffs poskytuje a\u017e 800 pot\u00e1hnut\u00ed, co\u017e v\u00fdrazn\u011b p\u0159ekra\u010duje kapacitu b\u011b\u017en\u00fdch jednor\u00e1zov\u00fdch vaporiz\u00e9r\u016f.<\/p>\n<p><strong>2. Jak\u00e9 p\u0159\u00edchut\u011b jsou dostupn\u00e9 u vape pera UZY QUTE 800 Puffs?<\/strong><br \/>\nMezi obl\u00edben\u00e9 p\u0159\u00edchut\u011b pat\u0159\u00ed Kiwi Passion Fruit, Blue Razz Ice, Watermelon Ice, Lemon Mint, Mixed ect.<\/p>\n<p><strong>3. Je UZY QUTE 800 Puffs vhodn\u00e9 pro za\u010d\u00e1te\u010dn\u00edky?<\/strong><br \/>\ncURL Too many subrequests.<\/p>\n<p><strong>cURL Too many subrequests.<\/strong><br \/>\nZa\u0159\u00edzen\u00ed skladujte na chladn\u00e9m a such\u00e9m m\u00edst\u011b, mimo p\u0159\u00edm\u00e9 slune\u010dn\u00ed sv\u011btlo a mimo dosah d\u011bt\u00ed a dom\u00e1c\u00edch zv\u00ed\u0159at.<\/p>\n<p><strong>5. Jak dlouho vydr\u017e\u00ed UZY QUTE 800 Puffs?<\/strong><br \/>\nS kapacitou 800 pot\u00e1hnut\u00ed m\u016f\u017ee UZY QUTE 800 Puffs vydr\u017eet n\u011bkolik dn\u00ed, v z\u00e1vislosti na pou\u017e\u00edv\u00e1n\u00ed.<\/p>\n<\/div>\n<\/div>\n<\/div>\n<\/div>\n<\/div>\n<\/div>\n<p>&nbsp;<\/p>\n<h3><b>\u010casto kladen\u00e9 ot\u00e1zky<\/b><\/h3>\n<p>&nbsp;<\/p>\n<div class=\"flex-shrink-0 flex flex-col relative items-end\">\n<div>\n<div class=\"pt-0\">\n<div class=\"gizmo-bot-avatar flex h-8 w-8 items-center justify-center overflow-hidden rounded-full\">\n<div class=\"relative p-1 rounded-sm flex items-center justify-center bg-token-main-surface-primary text-token-text-primary h-8 w-8\"><strong>Jak\u00e9 zp\u016fsoby dopravy se pou\u017e\u00edvaj\u00ed?<\/strong><\/div>\n<\/div>\n<\/div>\n<\/div>\n<\/div>\n<div class=\"group\/conversation-turn relative flex w-full min-w-0 flex-col agent-turn\">\n<div class=\"flex-col gap-1 md:gap-3\">\n<div class=\"flex max-w-full flex-col flex-grow\">\n<div class=\"min-h-[20px] text-message flex w-full flex-col items-end gap-2 whitespace-normal break-words [.text-message+&amp;]:mt-5 overflow-x-auto\" dir=\"auto\" data-message-author-role=\"assistant\" data-message-id=\"22f8283b-3233-46ff-89a5-c7a41b33abda\">\n<div class=\"flex w-full flex-col gap-1 empty:hidden first:pt-[3px]\">\n<div class=\"markdown prose w-full break-words dark:prose-invert light\">\n<p>Spolupracujeme s UPS, DHL, FedEx, DPD a dal\u0161\u00edmi p\u0159edn\u00edmi p\u0159epravci. Vybereme nejlep\u0161\u00ed zp\u016fsob dopravy na z\u00e1klad\u011b va\u0161\u00ed doru\u010dovac\u00ed lokality, abychom zajistili, \u017ee sv\u00e9 produkty obdr\u017e\u00edte co nejrychleji.<\/p>\n<\/div>\n<p><strong>Jak dlouho trv\u00e1 doru\u010den\u00ed?<\/strong><\/p>\n<p>Bal\u00ed\u010dky odeslan\u00e9 do \u010cesk\u00e9 republiky obvykle doraz\u00ed do 10 pracovn\u00edch dn\u016f. P\u0159eprava do evropsk\u00fdch zem\u00ed obecn\u011b trv\u00e1 asi 12-15 pracovn\u00edch dn\u016f. O stavu va\u0161\u00ed z\u00e1silky v\u00e1s budeme pr\u016fb\u011b\u017en\u011b informovat.<\/p>\n<\/div>\n<p><strong>Z\u00e1ruka<\/strong><\/p>\n<p><span style=\"color: #ff0000\"><strong>Na v\u0161echny produkty v na\u0161em obchod\u011b se vztahuje z\u00e1ruka 100% originality a autenti\u010dnosti. Nab\u00edz\u00edme 10n\u00e1sobnou kompenzaci za pad\u011blan\u00e9 zbo\u017e\u00ed!<\/strong><\/span><\/p>\n<div class=\"flex w-full flex-col gap-1 empty:hidden first:pt-[3px]\">\n<p>&nbsp;<\/p>\n<\/div>\n<\/div>\n<\/div>\n<\/div>\n<\/div>\n<p>&nbsp;<\/p>\n<p>Dal\u0161\u00ed obl\u00edben\u00e9 jednor\u00e1zov\u00e9 e-cigarety, kter\u00e9 by se v\u00e1m mohly l\u00edbit:<\/p>\n<p>&nbsp;<\/p>\n<p><a href=\"https:\/\/rmvapesale.com\/cs\/product\/original-randm-vape-digital-puff-12000-fumot-factory-price\/\"><strong>cURL Too many subrequests.\u00a0 <span style=\"color: #ff0000\">cURL Too many subrequests.<\/span><\/strong><\/a><\/p>\n<p><strong><a href=\"https:\/\/rmvapesale.com\/cs\/product\/uzy-vaper-9000-puffs-disposable-vape-pod-wholesale\/\">UZY Vaper 9000 Potah\u016f <span style=\"color: #ff0000\">cURL Too many subrequests.<\/span><\/a>\u00a0<\/strong><\/p>\n<p><a href=\"https:\/\/rmvapesale.com\/cs\/product\/vapme-crystal-7000-puffs-rechargeable-disposable-vape-price\/\"><strong>Vapme Crystal 7000 pot\u00e1hnut\u00ed <span style=\"color: #ff0000\">cURL Too many subrequests.<\/span><\/strong><\/a><\/p>\n<p>&nbsp;<\/p>\n<p>&nbsp;<\/p>\n<p>Naj\u00edt v\u00edce produkt\u016f pro vaping, kter\u00e9 by se v\u00e1m mohly l\u00edbit:<strong><em><a href=\"https:\/\/rmvapesale.com\/cs\/shop-2\/\">nakupujte nyn\u00ed &gt;&gt;&gt;<\/a><\/em><\/strong><\/p>","protected":false},"excerpt":{"rendered":"<p>Velkoobchod Uzy Qute 800 potah\u016f Jednor\u00e1zov\u00e9 E Cigarety<br \/>\nUZY QUTE 800 potah\u016f 0% 2% 3% 5% Nikotinov\u00e9 Jednor\u00e1zov\u00e9<br \/>\nUZY Qute 800 potah\u016f Jednor\u00e1zov\u00fd vaporiz\u00e9r s podem<\/p>\n<p><img loading=\"lazy\" decoding=\"async\" class=\"size-full wp-image-1978\" src=\"https:\/\/rmvapesale.com\/wp-content\/uploads\/2024\/09\/Disposable-Vape-Wholesale.jpg\" alt=\"Jednor\u00e1zov\u00e1 e-cigareta velkoobchod\" width=\"229\" height=\"300\" \/><\/p>\n<h3><span style=\"color: #ff0000\"><strong>WhatsApp: +86 17776015835<\/strong><\/span><\/h3>\n<p>&nbsp;<\/p>","protected":false},"featured_media":2260,"comment_status":"open","ping_status":"closed","template":"","meta":{"_uag_custom_page_level_css":"","_lmt_disableupdate":"no","_lmt_disable":"","site-sidebar-layout":"default","site-content-layout":"content-boxed-container","ast-site-content-layout":"normal-width-container","site-content-style":"boxed","site-sidebar-style":"unboxed","ast-global-header-display":"","ast-banner-title-visibility":"","ast-main-header-display":"","ast-hfb-above-header-display":"","ast-hfb-below-header-display":"","ast-hfb-mobile-header-display":"","site-post-title":"","ast-breadcrumbs-content":"","ast-featured-img":"","footer-sml-layout":"","ast-disable-related-posts":"","theme-transparent-header-meta":"default","adv-header-id-meta":"","stick-header-meta":"","header-above-stick-meta":"","header-main-stick-meta":"","header-below-stick-meta":"","astra-migrate-meta-layouts":"set","ast-page-background-enabled":"default","ast-page-background-meta":{"desktop":{"background-color":"var(--ast-global-color-4)","background-image":"","background-repeat":"repeat","background-position":"center center","background-size":"auto","background-attachment":"scroll","background-type":"","background-media":"","overlay-type":"","overlay-color":"","overlay-opacity":"","overlay-gradient":""},"tablet":{"background-color":"","background-image":"","background-repeat":"repeat","background-position":"center center","background-size":"auto","background-attachment":"scroll","background-type":"","background-media":"","overlay-type":"","overlay-color":"","overlay-opacity":"","overlay-gradient":""},"mobile":{"background-color":"","background-image":"","background-repeat":"repeat","background-position":"center center","background-size":"auto","background-attachment":"scroll","background-type":"","background-media":"","overlay-type":"","overlay-color":"","overlay-opacity":"","overlay-gradient":""}},"ast-content-background-meta":{"desktop":{"background-color":"var(--ast-global-color-5)","background-image":"","background-repeat":"repeat","background-position":"center center","background-size":"auto","background-attachment":"scroll","background-type":"","background-media":"","overlay-type":"","overlay-color":"","overlay-opacity":"","overlay-gradient":""},"tablet":{"background-color":"var(--ast-global-color-5)","background-image":"","background-repeat":"repeat","background-position":"center center","background-size":"auto","background-attachment":"scroll","background-type":"","background-media":"","overlay-type":"","overlay-color":"","overlay-opacity":"","overlay-gradient":""},"mobile":{"background-color":"var(--ast-global-color-5)","background-image":"","background-repeat":"repeat","background-position":"center center","background-size":"auto","background-attachment":"scroll","background-type":"","background-media":"","overlay-type":"","overlay-color":"","overlay-opacity":"","overlay-gradient":""}},"_joinchat":[]},"product_brand":[],"product_cat":[15,27,25,123,294,30,26,28,135,287],"product_tag":[66,99,111,117,116],"class_list":{"0":"post-2262","1":"product","2":"type-product","3":"status-publish","4":"has-post-thumbnail","6":"product_cat-new-vape-this-week","7":"product_cat-fance-hot-sale-vape","8":"product_cat-germany-best-selling-vape","9":"product_cat-italy-wholesale-vape","10":"product_cat-mini-puffs-disposable-vapes","11":"product_cat-minimum-order-quantity-50pcs","12":"product_cat-netherlands-hot-sale-vape","13":"product_cat-poland-hot-sale-vape","14":"product_cat-spain-best-hot-sale-vape","15":"product_cat-uzy-vape","16":"product_tag-disposable-vape","17":"product_tag-disposable-vape-wholesale","18":"product_tag-low-nicotine-disposable-vape","19":"product_tag-uzy-vape","20":"product_tag-vapes","21":"desktop-align-left","22":"tablet-align-left","23":"mobile-align-left","25":"first","26":"instock","27":"sale","28":"shipping-taxable","29":"purchasable","30":"product-type-simple"},"uagb_featured_image_src":{"full":["https:\/\/rmvapesale.com\/wp-content\/uploads\/2024\/09\/UZY-QUTE-800-Puffs-Wholesale.jpg",800,800,false],"thumbnail":["https:\/\/rmvapesale.com\/wp-content\/uploads\/2024\/09\/UZY-QUTE-800-Puffs-Wholesale-150x150.jpg",150,150,true],"medium":["https:\/\/rmvapesale.com\/wp-content\/uploads\/2024\/09\/UZY-QUTE-800-Puffs-Wholesale-300x300.jpg",300,300,true],"medium_large":["https:\/\/rmvapesale.com\/wp-content\/uploads\/2024\/09\/UZY-QUTE-800-Puffs-Wholesale-768x768.jpg",768,768,true],"large":["https:\/\/rmvapesale.com\/wp-content\/uploads\/2024\/09\/UZY-QUTE-800-Puffs-Wholesale.jpg",800,800,false],"1536x1536":["https:\/\/rmvapesale.com\/wp-content\/uploads\/2024\/09\/UZY-QUTE-800-Puffs-Wholesale.jpg",800,800,false],"2048x2048":["https:\/\/rmvapesale.com\/wp-content\/uploads\/2024\/09\/UZY-QUTE-800-Puffs-Wholesale.jpg",800,800,false],"trp-custom-language-flag":["https:\/\/rmvapesale.com\/wp-content\/uploads\/2024\/09\/UZY-QUTE-800-Puffs-Wholesale.jpg",12,12,false],"woocommerce_thumbnail":["https:\/\/rmvapesale.com\/wp-content\/uploads\/2024\/09\/UZY-QUTE-800-Puffs-Wholesale-300x300.jpg",300,300,true],"woocommerce_single":["https:\/\/rmvapesale.com\/wp-content\/uploads\/2024\/09\/UZY-QUTE-800-Puffs-Wholesale-600x600.jpg",600,600,true],"woocommerce_gallery_thumbnail":["https:\/\/rmvapesale.com\/wp-content\/uploads\/2024\/09\/UZY-QUTE-800-Puffs-Wholesale-100x100.jpg",100,100,true],"wcpr-photo-reviews":["https:\/\/rmvapesale.com\/wp-content\/uploads\/2024\/09\/UZY-QUTE-800-Puffs-Wholesale.jpg",500,500,false]},"uagb_author_info":{"display_name":"AMY","author_link":"https:\/\/rmvapesale.com\/cs\/author\/"},"uagb_comment_info":0,"uagb_excerpt":"Wholesale Uzy Qute 800 Puff Disposable E Cigarettes UZY QUTE 800 Puffs 0% 2% 3% 5% Nicotine Disposable UZY Qute 800 Puffs Disposable Vape Pod Device WhatsApp: +86 17776015835 &nbsp;","_links":{"self":[{"href":"https:\/\/rmvapesale.com\/cs\/wp-json\/wp\/v2\/product\/2262","targetHints":{"allow":["GET"]}}],"collection":[{"href":"https:\/\/rmvapesale.com\/cs\/wp-json\/wp\/v2\/product"}],"about":[{"href":"https:\/\/rmvapesale.com\/cs\/wp-json\/wp\/v2\/types\/product"}],"replies":[{"embeddable":true,"href":"https:\/\/rmvapesale.com\/cs\/wp-json\/wp\/v2\/comments?post=2262"}],"wp:featuredmedia":[{"embeddable":true,"href":"https:\/\/rmvapesale.com\/cs\/wp-json\/wp\/v2\/media\/2260"}],"wp:attachment":[{"href":"https:\/\/rmvapesale.com\/cs\/wp-json\/wp\/v2\/media?parent=2262"}],"wp:term":[{"taxonomy":"product_brand","embeddable":true,"href":"https:\/\/rmvapesale.com\/cs\/wp-json\/wp\/v2\/product_brand?post=2262"},{"taxonomy":"product_cat","embeddable":true,"href":"https:\/\/rmvapesale.com\/cs\/wp-json\/wp\/v2\/product_cat?post=2262"},{"taxonomy":"product_tag","embeddable":true,"href":"https:\/\/rmvapesale.com\/cs\/wp-json\/wp\/v2\/product_tag?post=2262"}],"curies":[{"name":"wp","href":"https:\/\/api.w.org\/{rel}","templated":true}]}}