{"id":2263,"date":"2024-10-04T06:24:20","date_gmt":"2024-10-04T06:24:20","guid":{"rendered":"https:\/\/rmvapesale.com\/?post_type=product&#038;p=2263"},"modified":"2025-01-21T09:58:27","modified_gmt":"2025-01-21T09:58:27","slug":"aivono-fatman-15000-puffs-vape-disposable-e-cigarettes-mtl","status":"publish","type":"product","link":"https:\/\/rmvapesale.com\/cs\/product\/aivono-fatman-15000-puffs-vape-disposable-e-cigarettes-mtl\/","title":{"rendered":"AIVONO Fatman 15000 pot\u00e1hnut\u00ed Jednor\u00e1zov\u00e9 e-cigarety MTL"},"content":{"rendered":"<div class=\"B2VR9 CJHX3e\">\n<div class=\"wyccme\">\n<h1 class=\"LC20lb MBeuO DKV0Md\">AIVONO Fatman 15000 pot\u00e1hnut\u00ed Jednor\u00e1zov\u00e9 e-cigarety MTL<\/h1>\n<div class=\"flex-shrink-0 flex flex-col relative items-end\">\n<div>\n<div class=\"pt-0\">\n<div class=\"gizmo-bot-avatar flex h-8 w-8 items-center justify-center overflow-hidden rounded-full\">\n<div class=\"relative p-1 rounded-sm flex items-center justify-center bg-token-main-surface-primary text-token-text-primary h-8 w-8\"><\/div>\n<\/div>\n<\/div>\n<\/div>\n<\/div>\n<div class=\"group\/conversation-turn relative flex w-full min-w-0 flex-col agent-turn\">\n<div class=\"flex-col gap-1 md:gap-3\">\n<div class=\"flex max-w-full flex-col flex-grow\">\n<div class=\"min-h-8 text-message flex w-full flex-col items-end gap-2 whitespace-normal break-words [.text-message+&amp;]:mt-5\" dir=\"auto\" data-message-author-role=\"assistant\" data-message-id=\"871c1362-82be-4876-894c-d28f37ffd3d3\">\n<div class=\"flex w-full flex-col gap-1 empty:hidden first:pt-[3px]\">\n<div class=\"markdown prose w-full break-words dark:prose-invert light\">\n<p>cURL Too many subrequests. <strong>AIVONO FATMAN 15000 potah\u016f<\/strong>, funk\u010dn\u011b bohat\u00fd jednor\u00e1zov\u00fd vaporiz\u00e9r navr\u017een\u00fd pro dlouhodob\u00e9 pou\u017e\u00edv\u00e1n\u00ed a maxim\u00e1ln\u00ed pohodl\u00ed. S <strong>a\u017e 15 000 potah\u016f<\/strong> a kapacitou e-liquidu 24<strong>ml<\/strong>, tento p\u0159\u00edstroj nab\u00edz\u00ed dlouhotrvaj\u00edc\u00ed uspokojen\u00ed bez \u010dast\u00e9ho dopl\u0148ov\u00e1n\u00ed. P\u0159izp\u016fsobte si sv\u016fj z\u00e1\u017eitek s <strong>2%<\/strong> or <strong>5% nikotinovou silou<\/strong> mo\u017enostmi podle va\u0161eho p\u0159\u00e1n\u00ed.<\/p>\n<p>Vyroben s <strong>1,2 ohmov\u00fdm s\u00ed\u0165ov\u00fdm c\u00edvkou<\/strong>, AIVONO FATMAN poskytuje jemn\u00fd a konzistentn\u00ed vaporizaci, zaji\u0161\u0165uj\u00edc\u00ed p\u0159\u00edjemn\u00fd z\u00e1\u017eitek p\u0159i vapov\u00e1n\u00ed poka\u017ed\u00e9. V\u00e1\u017e\u00ed pouh\u00fdch <strong>52g<\/strong> a m\u00e1 <strong>kompaktn\u00ed design<\/strong>, je ide\u00e1ln\u00ed pro pou\u017eit\u00ed na cest\u00e1ch, zat\u00edmco <strong>nab\u00edjec\u00edho portu typu C<\/strong> zaji\u0161\u0165uje rychl\u00e9 dob\u00edjen\u00ed pro minim\u00e1ln\u00ed dobu odst\u00e1vky.<\/p>\n<p>Pozvedn\u011bte sv\u016fj z\u00e1\u017eitek z vapov\u00e1n\u00ed s <strong>AIVONO FATMAN 15000 potah\u016f<\/strong>\u2014kde se setk\u00e1vaj\u00ed v\u00fdkon, pohodl\u00ed a spokojenost.<\/p>\n<\/div>\n<\/div>\n<\/div>\n<\/div>\n<\/div>\n<\/div>\n<\/div>\n<\/div>\n<p><strong>Kontaktujte Amy a z\u00edskejte spr\u00e1vnou odpov\u011b\u010f a dal\u0161\u00ed produktov\u00e1 videa!<\/strong><\/p>\n<p><img loading=\"lazy\" decoding=\"async\" class=\"size-full wp-image-1978\" src=\"https:\/\/rmvapesale.com\/wp-content\/uploads\/2024\/09\/Disposable-Vape-Wholesale.jpg\" alt=\"Jednor\u00e1zov\u00e1 e-cigareta velkoobchod\" width=\"229\" height=\"300\" \/><\/p>\n<h3><span style=\"color: #ff0000\"><strong>WhatsApp: +86 17776015835<\/strong><\/span><\/h3>\n<p>&nbsp;<\/p>\n<h2><\/h2>\n<h2><strong>AIVONO Fatman 15000 Puffs Vape Kl\u00ed\u010dov\u00e9 vlastnosti<\/strong><\/h2>\n<p>Obsah nikotinu: 0%, 2%, 3%, 5%<br \/>\nKapacita baterie: 600mAh<br \/>\nKapacita e-liquidu: 24ML<br \/>\nMo\u017enost dob\u00edjen\u00ed: Type-C<br \/>\nP\u0159\u00edchu\u0165: 10 p\u0159\u00edchut\u00ed<br \/>\nPuf: 15000 puf\u016f<\/p>\n<h2><\/h2>\n<h2><strong>Nejlep\u0161\u00ed p\u0159\u00edchu\u0165 pro AIVONO Fatman 15000 Puffs<\/strong><\/h2>\n<p>Jednor\u00e1zov\u00fd vape pod AIVONO Fatman 15000 Puffs nab\u00edz\u00ed 10 lahodn\u00fdch p\u0159\u00edchut\u00ed, vyb\u00edrejte z r\u016fzn\u00fdch p\u0159\u00edchut\u00ed, v\u010detn\u011b klasick\u00e9 tab\u00e1kov\u00e9, osv\u011b\u017euj\u00edc\u00edho m\u00e1tov\u00e9ho chladiv\u00e9ho, a exotick\u00e9 sladkosti hroznu, ka\u017ed\u00e1 slibuje bohatou, uspokojivou cestu s ka\u017ed\u00fdm potahem.<\/p>\n<p>1. Bor\u016fvkov\u00e1 ledov\u00e1<span style=\"color: #ff0000\"><strong>&gt;&gt;&gt;&gt; Hork\u00e9!<\/strong><\/span><br \/>\n2. Jahodov\u00e1 ledov\u00e1<br \/>\n3. Melounov\u00fd led<br \/>\n4. Guava broskev<br \/>\n5. Jahoda malina<span style=\"color: #ff0000\"><strong>&gt;&gt;&gt;&gt; Nejlep\u0161\u00ed!<\/strong><\/span><br \/>\n6. Mango v\u00e1\u0161e\u0148<br \/>\n7. T\u0159e\u0161\u0148ov\u00e1 vodn\u00ed melounov\u00e1 \u017eel\u00e9<span style=\"color: #ff0000\"><strong>&gt;&gt;&gt;&gt; Hork\u00e9!<\/strong><\/span><br \/>\n8. Fast &amp; Furious<br \/>\n9. Velk\u00fd v\u00fdbuch ovoce<br \/>\n10. Kite Liberator<\/p>\n<p>&nbsp;<\/p>\n<h2><strong>Ot\u00e1zky, kter\u00e9 byste mohli cht\u00edt v\u011bd\u011bt o AIVONO Fatman 15000 Puffs Vape<\/strong><\/h2>\n<p>&nbsp;<\/p>\n<div class=\"flex-shrink-0 flex flex-col relative items-end\">\n<div>\n<div class=\"pt-0\">\n<div class=\"gizmo-bot-avatar flex h-8 w-8 items-center justify-center overflow-hidden rounded-full\">\n<div class=\"relative p-1 rounded-sm flex items-center justify-center bg-token-main-surface-primary text-token-text-primary h-8 w-8\"><\/div>\n<\/div>\n<\/div>\n<\/div>\n<\/div>\n<div class=\"group\/conversation-turn relative flex w-full min-w-0 flex-col agent-turn\">\n<div class=\"flex-col gap-1 md:gap-3\">\n<div class=\"flex max-w-full flex-col flex-grow\">\n<div class=\"min-h-8 text-message flex w-full flex-col items-end gap-2 whitespace-normal break-words [.text-message+&amp;]:mt-5\" dir=\"auto\" data-message-author-role=\"assistant\" data-message-id=\"f226d3fc-81f3-46d5-8c46-31787fff0357\">\n<div class=\"flex w-full flex-col gap-1 empty:hidden first:pt-[3px]\">\n<div class=\"markdown prose w-full break-words dark:prose-invert light\">\n<p><strong>1. Kolik pot\u00e1hnut\u00ed AIVONO Fatman 15000 Puffs Vape poskytuje?<\/strong><strong>\u00a0poskytuje?<\/strong><br \/>\nAIVONO Fatman 15000 Puffs Vape poskytuje a\u017e 1500 pot\u00e1hnut\u00ed, co\u017e v\u00fdrazn\u011b p\u0159esahuje kapacitu typick\u00fdch jednor\u00e1zov\u00fdch vap\u016f.<\/p>\n<p><strong>2. Jak\u00e9 p\u0159\u00edchut\u011b jsou k dispozici v AIVONO Fatman 15000 Puffs Vape vape peru?<\/strong><br \/>\nMezi obl\u00edben\u00e9 p\u0159\u00edchut\u011b pat\u0159\u00ed Kiwi Passion Fruit, Blue Razz Ice, Watermelon Ice, Lemon Mint, Mixed ect.<\/p>\n<p><strong>3. Je AIVONO Fatman 15000 Puffs Vape vhodn\u00fd pro za\u010d\u00e1te\u010dn\u00edky?<\/strong><br \/>\ncURL Too many subrequests.<\/p>\n<p><strong>cURL Too many subrequests.<\/strong><br \/>\nZa\u0159\u00edzen\u00ed skladujte na chladn\u00e9m a such\u00e9m m\u00edst\u011b, mimo p\u0159\u00edm\u00e9 slune\u010dn\u00ed sv\u011btlo a mimo dosah d\u011bt\u00ed a dom\u00e1c\u00edch zv\u00ed\u0159at.<\/p>\n<p><strong>5. Jak dlouho AIVONO Fatman 15000 Puffs Vape vydr\u017e\u00ed?<\/strong><br \/>\nS kapacitou 15000 pot\u00e1hnut\u00ed m\u016f\u017ee AIVONO Fatman 15000 Puffs Vape vydr\u017eet n\u011bkolik dn\u00ed, v z\u00e1vislosti na pou\u017e\u00edv\u00e1n\u00ed.<\/p>\n<\/div>\n<\/div>\n<\/div>\n<\/div>\n<\/div>\n<\/div>\n<p>&nbsp;<\/p>\n<h3><b>\u010casto kladen\u00e9 ot\u00e1zky<\/b><\/h3>\n<p>&nbsp;<\/p>\n<div class=\"flex-shrink-0 flex flex-col relative items-end\">\n<div>\n<div class=\"pt-0\">\n<div class=\"gizmo-bot-avatar flex h-8 w-8 items-center justify-center overflow-hidden rounded-full\">\n<div class=\"relative p-1 rounded-sm flex items-center justify-center bg-token-main-surface-primary text-token-text-primary h-8 w-8\"><strong>Jak\u00e9 zp\u016fsoby dopravy se pou\u017e\u00edvaj\u00ed?<\/strong><\/div>\n<\/div>\n<\/div>\n<\/div>\n<\/div>\n<div class=\"group\/conversation-turn relative flex w-full min-w-0 flex-col agent-turn\">\n<div class=\"flex-col gap-1 md:gap-3\">\n<div class=\"flex max-w-full flex-col flex-grow\">\n<div class=\"min-h-[20px] text-message flex w-full flex-col items-end gap-2 whitespace-normal break-words [.text-message+&amp;]:mt-5 overflow-x-auto\" dir=\"auto\" data-message-author-role=\"assistant\" data-message-id=\"22f8283b-3233-46ff-89a5-c7a41b33abda\">\n<div class=\"flex w-full flex-col gap-1 empty:hidden first:pt-[3px]\">\n<div class=\"markdown prose w-full break-words dark:prose-invert light\">\n<p>Spolupracujeme s UPS, DHL, FedEx, DPD a dal\u0161\u00edmi p\u0159edn\u00edmi p\u0159epravci. Vybereme nejlep\u0161\u00ed zp\u016fsob dopravy na z\u00e1klad\u011b va\u0161\u00ed doru\u010dovac\u00ed lokality, abychom zajistili, \u017ee sv\u00e9 produkty obdr\u017e\u00edte co nejrychleji.<\/p>\n<\/div>\n<p><strong>Jak dlouho trv\u00e1 doru\u010den\u00ed?<\/strong><\/p>\n<p>Bal\u00ed\u010dky odeslan\u00e9 do \u010cesk\u00e9 republiky obvykle doraz\u00ed do 10 pracovn\u00edch dn\u016f. P\u0159eprava do evropsk\u00fdch zem\u00ed obecn\u011b trv\u00e1 asi 12-15 pracovn\u00edch dn\u016f. O stavu va\u0161\u00ed z\u00e1silky v\u00e1s budeme pr\u016fb\u011b\u017en\u011b informovat.<\/p>\n<\/div>\n<p><strong>Z\u00e1ruka<\/strong><\/p>\n<p><span style=\"color: #ff0000\"><strong>Na v\u0161echny produkty v na\u0161em obchod\u011b se vztahuje z\u00e1ruka 100% originality a autenti\u010dnosti. Nab\u00edz\u00edme 10n\u00e1sobnou kompenzaci za pad\u011blan\u00e9 zbo\u017e\u00ed!<\/strong><\/span><\/p>\n<div class=\"flex w-full flex-col gap-1 empty:hidden first:pt-[3px]\">\n<p>&nbsp;<\/p>\n<\/div>\n<\/div>\n<\/div>\n<\/div>\n<\/div>\n<p>&nbsp;<\/p>\n<p>Dal\u0161\u00ed obl\u00edben\u00e9 jednor\u00e1zov\u00e9 e-cigarety, kter\u00e9 by se v\u00e1m mohly l\u00edbit:<\/p>\n<p>&nbsp;<\/p>\n<p><a href=\"https:\/\/rmvapesale.com\/cs\/product\/original-randm-vape-digital-puff-12000-fumot-factory-price\/\"><strong>cURL Too many subrequests.\u00a0 <span style=\"color: #ff0000\">&gt;&gt;&gt;&gt; j\u00edt!<\/span><\/strong><\/a><\/p>\n<p><strong><a href=\"https:\/\/rmvapesale.com\/cs\/product\/uzy-vaper-9000-puffs-disposable-vape-pod-wholesale\/\">UZY Vaper 9000 Potah\u016f <span style=\"color: #ff0000\">&gt;&gt;&gt;&gt; j\u00edt!<\/span><\/a>\u00a0<\/strong><\/p>\n<p><a href=\"https:\/\/rmvapesale.com\/cs\/product\/vapme-crystal-7000-puffs-rechargeable-disposable-vape-price\/\"><strong>Vapme Crystal 7000 pot\u00e1hnut\u00ed <span style=\"color: #ff0000\">&gt;&gt;&gt;&gt; j\u00edt!<\/span><\/strong><\/a><\/p>\n<p>&nbsp;<\/p>\n<p>&nbsp;<\/p>\n<p>Naj\u00edt v\u00edce produkt\u016f pro vaping, kter\u00e9 by se v\u00e1m mohly l\u00edbit:<strong><em><a href=\"https:\/\/rmvapesale.com\/cs\/shop-2\/\">nakupujte nyn\u00ed &gt;&gt;&gt;<\/a><\/em><\/strong><\/p>","protected":false},"excerpt":{"rendered":"<p>Velkoobchod Uzy Qute 800 potah\u016f Jednor\u00e1zov\u00e9 E Cigarety<br \/>\nUZY QUTE 800 potah\u016f 0% 2% 3% 5% Nikotinov\u00e9 Jednor\u00e1zov\u00e9<br \/>\nUZY Qute 800 potah\u016f Jednor\u00e1zov\u00fd vaporiz\u00e9r s podem<\/p>\n<p><img loading=\"lazy\" decoding=\"async\" class=\"size-full wp-image-1978\" src=\"https:\/\/rmvapesale.com\/wp-content\/uploads\/2024\/09\/Disposable-Vape-Wholesale.jpg\" alt=\"Jednor\u00e1zov\u00e1 e-cigareta velkoobchod\" width=\"229\" height=\"300\" \/><\/p>\n<h3><span style=\"color: #ff0000\"><strong>WhatsApp: +86 17776015835<\/strong><\/span><\/h3>\n<p>&nbsp;<\/p>","protected":false},"featured_media":2273,"comment_status":"open","ping_status":"closed","template":"","meta":{"_uag_custom_page_level_css":"","_lmt_disableupdate":"no","_lmt_disable":"","site-sidebar-layout":"default","site-content-layout":"content-boxed-container","ast-site-content-layout":"normal-width-container","site-content-style":"boxed","site-sidebar-style":"unboxed","ast-global-header-display":"","ast-banner-title-visibility":"","ast-main-header-display":"","ast-hfb-above-header-display":"","ast-hfb-below-header-display":"","ast-hfb-mobile-header-display":"","site-post-title":"","ast-breadcrumbs-content":"","ast-featured-img":"","footer-sml-layout":"","theme-transparent-header-meta":"default","adv-header-id-meta":"","stick-header-meta":"","header-above-stick-meta":"","header-main-stick-meta":"","header-below-stick-meta":"","astra-migrate-meta-layouts":"set","ast-page-background-enabled":"default","ast-page-background-meta":{"desktop":{"background-color":"var(--ast-global-color-4)","background-image":"","background-repeat":"repeat","background-position":"center center","background-size":"auto","background-attachment":"scroll","background-type":"","background-media":"","overlay-type":"","overlay-color":"","overlay-opacity":"","overlay-gradient":""},"tablet":{"background-color":"","background-image":"","background-repeat":"repeat","background-position":"center center","background-size":"auto","background-attachment":"scroll","background-type":"","background-media":"","overlay-type":"","overlay-color":"","overlay-opacity":"","overlay-gradient":""},"mobile":{"background-color":"","background-image":"","background-repeat":"repeat","background-position":"center center","background-size":"auto","background-attachment":"scroll","background-type":"","background-media":"","overlay-type":"","overlay-color":"","overlay-opacity":"","overlay-gradient":""}},"ast-content-background-meta":{"desktop":{"background-color":"var(--ast-global-color-5)","background-image":"","background-repeat":"repeat","background-position":"center center","background-size":"auto","background-attachment":"scroll","background-type":"","background-media":"","overlay-type":"","overlay-color":"","overlay-opacity":"","overlay-gradient":""},"tablet":{"background-color":"var(--ast-global-color-5)","background-image":"","background-repeat":"repeat","background-position":"center center","background-size":"auto","background-attachment":"scroll","background-type":"","background-media":"","overlay-type":"","overlay-color":"","overlay-opacity":"","overlay-gradient":""},"mobile":{"background-color":"var(--ast-global-color-5)","background-image":"","background-repeat":"repeat","background-position":"center center","background-size":"auto","background-attachment":"scroll","background-type":"","background-media":"","overlay-type":"","overlay-color":"","overlay-opacity":"","overlay-gradient":""}},"_joinchat":[]},"product_brand":[],"product_cat":[15,292,293,295,296,299,276,25,123,26,28,135,27,61,137,136,30],"product_tag":[118,66,99,111,119,116],"class_list":{"0":"post-2263","1":"product","2":"type-product","3":"status-publish","4":"has-post-thumbnail","6":"product_cat-new-vape-this-week","7":"product_cat-digital-disposable-vapes","8":"product_cat-low-nicotine-disposable-vapes","9":"product_cat-rechargeable-disposable-vapes","10":"product_cat-shisha-hookah-disposable-vapes","11":"product_cat-smart-screen-disposable-vapes","12":"product_cat-aivono-vape","13":"product_cat-germany-best-selling-vape","14":"product_cat-italy-wholesale-vape","15":"product_cat-netherlands-hot-sale-vape","16":"product_cat-poland-hot-sale-vape","17":"product_cat-spain-best-hot-sale-vape","18":"product_cat-fance-hot-sale-vape","19":"product_cat-15000-puffs-disposable-vapes","20":"product_cat-rechargeable-vapes","21":"product_cat-smart-screen-vapes","22":"product_cat-minimum-order-quantity-50pcs","23":"product_tag-aivono-aim-vape","24":"product_tag-disposable-vape","25":"product_tag-disposable-vape-wholesale","26":"product_tag-low-nicotine-disposable-vape","27":"product_tag-puff-15k","28":"product_tag-vapes","29":"desktop-align-left","30":"tablet-align-left","31":"mobile-align-left","33":"first","34":"instock","35":"sale","36":"shipping-taxable","37":"purchasable","38":"product-type-simple"},"uagb_featured_image_src":{"full":["https:\/\/rmvapesale.com\/wp-content\/uploads\/2024\/09\/Aivono-Fatman-15000-Puffs-Disposable-Vape.png",808,808,false],"thumbnail":["https:\/\/rmvapesale.com\/wp-content\/uploads\/2024\/09\/Aivono-Fatman-15000-Puffs-Disposable-Vape-150x150.png",150,150,true],"medium":["https:\/\/rmvapesale.com\/wp-content\/uploads\/2024\/09\/Aivono-Fatman-15000-Puffs-Disposable-Vape-300x300.png",300,300,true],"medium_large":["https:\/\/rmvapesale.com\/wp-content\/uploads\/2024\/09\/Aivono-Fatman-15000-Puffs-Disposable-Vape-768x768.png",768,768,true],"large":["https:\/\/rmvapesale.com\/wp-content\/uploads\/2024\/09\/Aivono-Fatman-15000-Puffs-Disposable-Vape.png",808,808,false],"1536x1536":["https:\/\/rmvapesale.com\/wp-content\/uploads\/2024\/09\/Aivono-Fatman-15000-Puffs-Disposable-Vape.png",808,808,false],"2048x2048":["https:\/\/rmvapesale.com\/wp-content\/uploads\/2024\/09\/Aivono-Fatman-15000-Puffs-Disposable-Vape.png",808,808,false],"trp-custom-language-flag":["https:\/\/rmvapesale.com\/wp-content\/uploads\/2024\/09\/Aivono-Fatman-15000-Puffs-Disposable-Vape.png",12,12,false],"woocommerce_thumbnail":["https:\/\/rmvapesale.com\/wp-content\/uploads\/2024\/09\/Aivono-Fatman-15000-Puffs-Disposable-Vape-300x300.png",300,300,true],"woocommerce_single":["https:\/\/rmvapesale.com\/wp-content\/uploads\/2024\/09\/Aivono-Fatman-15000-Puffs-Disposable-Vape-600x600.png",600,600,true],"woocommerce_gallery_thumbnail":["https:\/\/rmvapesale.com\/wp-content\/uploads\/2024\/09\/Aivono-Fatman-15000-Puffs-Disposable-Vape-100x100.png",100,100,true],"wcpr-photo-reviews":["https:\/\/rmvapesale.com\/wp-content\/uploads\/2024\/09\/Aivono-Fatman-15000-Puffs-Disposable-Vape.png",500,500,false]},"uagb_author_info":{"display_name":"AMY","author_link":"https:\/\/rmvapesale.com\/cs\/author\/"},"uagb_comment_info":0,"uagb_excerpt":"Wholesale Uzy Qute 800 Puff Disposable E Cigarettes UZY QUTE 800 Puffs 0% 2% 3% 5% Nicotine Disposable UZY Qute 800 Puffs Disposable Vape Pod Device WhatsApp: +86 17776015835 &nbsp;","_links":{"self":[{"href":"https:\/\/rmvapesale.com\/cs\/wp-json\/wp\/v2\/product\/2263","targetHints":{"allow":["GET"]}}],"collection":[{"href":"https:\/\/rmvapesale.com\/cs\/wp-json\/wp\/v2\/product"}],"about":[{"href":"https:\/\/rmvapesale.com\/cs\/wp-json\/wp\/v2\/types\/product"}],"replies":[{"embeddable":true,"href":"https:\/\/rmvapesale.com\/cs\/wp-json\/wp\/v2\/comments?post=2263"}],"wp:featuredmedia":[{"embeddable":true,"href":"https:\/\/rmvapesale.com\/cs\/wp-json\/wp\/v2\/media\/2273"}],"wp:attachment":[{"href":"https:\/\/rmvapesale.com\/cs\/wp-json\/wp\/v2\/media?parent=2263"}],"wp:term":[{"taxonomy":"product_brand","embeddable":true,"href":"https:\/\/rmvapesale.com\/cs\/wp-json\/wp\/v2\/product_brand?post=2263"},{"taxonomy":"product_cat","embeddable":true,"href":"https:\/\/rmvapesale.com\/cs\/wp-json\/wp\/v2\/product_cat?post=2263"},{"taxonomy":"product_tag","embeddable":true,"href":"https:\/\/rmvapesale.com\/cs\/wp-json\/wp\/v2\/product_tag?post=2263"}],"curies":[{"name":"wp","href":"https:\/\/api.w.org\/{rel}","templated":true}]}}