{"id":2276,"date":"2024-10-06T07:06:42","date_gmt":"2024-10-06T07:06:42","guid":{"rendered":"https:\/\/rmvapesale.com\/?post_type=product&#038;p=2276"},"modified":"2025-01-21T09:59:29","modified_gmt":"2025-01-21T09:59:29","slug":"aivono-aim-boom-25000-puffs-smart-screen-disposable-vape","status":"publish","type":"product","link":"https:\/\/rmvapesale.com\/cs\/product\/aivono-aim-boom-25000-puffs-smart-screen-disposable-vape\/","title":{"rendered":"Aivono Aim Boom 25000 pot\u00e1hnut\u00ed Chytr\u00e1 obrazovka Jednor\u00e1zov\u00e9 vapovac\u00ed za\u0159\u00edzen\u00ed"},"content":{"rendered":"<div class=\"B2VR9 CJHX3e\">\n<div class=\"wyccme\">\n<h1 class=\"LC20lb MBeuO DKV0Md\">Aivono Aim Boom 25000 Puffs Chytr\u00e1 obrazovka Jednor\u00e1zov\u00fd vaporiz\u00e9r<\/h1>\n<div class=\"flex-shrink-0 flex flex-col relative items-end\">\n<div>\n<div class=\"pt-0\">\n<div class=\"gizmo-bot-avatar flex h-8 w-8 items-center justify-center overflow-hidden rounded-full\">\n<div class=\"relative p-1 rounded-sm flex items-center justify-center bg-token-main-surface-primary text-token-text-primary h-8 w-8\"><\/div>\n<\/div>\n<\/div>\n<\/div>\n<\/div>\n<div class=\"group\/conversation-turn relative flex w-full min-w-0 flex-col agent-turn\">\n<div class=\"flex-col gap-1 md:gap-3\">\n<div class=\"flex max-w-full flex-col flex-grow\">\n<div class=\"min-h-8 text-message flex w-full flex-col items-end gap-2 whitespace-normal break-words [.text-message+&amp;]:mt-5\" dir=\"auto\" data-message-author-role=\"assistant\" data-message-id=\"871c1362-82be-4876-894c-d28f37ffd3d3\">\n<div class=\"flex w-full flex-col gap-1 empty:hidden first:pt-[3px]\">\n<div class=\"markdown prose w-full break-words dark:prose-invert light\">\n<p>cURL Too many subrequests. <strong>Aivono Aim Boom 25000 pot\u00e1hnut\u00ed Chytr\u00e1 obrazovka Jednor\u00e1zov\u00e9 vapovac\u00ed za\u0159\u00edzen\u00ed<\/strong>, \u0161pi\u010dkov\u00e9 za\u0159\u00edzen\u00ed navr\u017een\u00e9 pro v\u00fdkon, styl a pohodl\u00ed. Nap\u00e1jeno <strong>650mAh dob\u00edjec\u00ed baterie<\/strong> s <strong>rychl\u00e9 nab\u00edjen\u00ed Type-C<\/strong>, zaji\u0161\u0165uje dlouhou \u017eivotnost s minim\u00e1ln\u00ed dobou odst\u00e1vky. Jeho <strong>nastaviteln\u00e9ho proud\u011bn\u00ed vzduchu<\/strong> syst\u00e9m umo\u017e\u0148uje p\u0159izp\u016fsobit ka\u017ed\u00fd tah pro personalizovan\u00fd z\u00e1\u017eitek z vapov\u00e1n\u00ed.<\/p>\n<p>Tento <strong>chytr\u00fd displej<\/strong> poskytuje jasn\u00fd, u\u017eivatelsky p\u0159\u00edv\u011btiv\u00fd displej pro sledov\u00e1n\u00ed stavu baterie a pou\u017e\u00edv\u00e1n\u00ed, zat\u00edmco <strong>3D zak\u0159iven\u00e1 obrazovka<\/strong> zvy\u0161uje estetiku i prakti\u010dnost a dod\u00e1v\u00e1 elegantn\u00ed, modern\u00ed vzhled. S a\u017e <strong>25 000 potahy<\/strong>, je Aivono Aim Boom ide\u00e1ln\u00ed pro ty, kte\u0159\u00ed hledaj\u00ed vysoce kapacitn\u00ed, elegantn\u00ed vaporiz\u00e9r.<\/p>\n<p>&nbsp;<\/p>\n<\/div>\n<\/div>\n<\/div>\n<\/div>\n<\/div>\n<\/div>\n<\/div>\n<\/div>\n<p><strong>Kontaktujte Amy a z\u00edskejte spr\u00e1vnou odpov\u011b\u010f a dal\u0161\u00ed produktov\u00e1 videa!<\/strong><\/p>\n<p><img loading=\"lazy\" decoding=\"async\" class=\"size-full wp-image-1978\" src=\"https:\/\/rmvapesale.com\/wp-content\/uploads\/2024\/09\/Disposable-Vape-Wholesale.jpg\" alt=\"Jednor\u00e1zov\u00e1 e-cigareta velkoobchod\" width=\"229\" height=\"300\" \/><\/p>\n<h3><span style=\"color: #ff0000\"><strong>WhatsApp: +86 17776015835<\/strong><\/span><\/h3>\n<p>&nbsp;<\/p>\n<h2><\/h2>\n<h2><strong>Aivono Aim Boom 25000 Puffs Kl\u00ed\u010dov\u00e9 vlastnosti vaporiz\u00e9ru<\/strong><\/h2>\n<p>Maxim\u00e1ln\u00ed po\u010det potah\u016f: 25000<br \/>\n25000 v re\u017eimu b\u011b\u017en\u00e9m<br \/>\n15000 v pulzn\u00edm re\u017eimu<br \/>\nDob\u00edjec\u00ed baterie<br \/>\nKapacita e-liquidu: 28 ml<br \/>\nPrvn\u00ed na sv\u011bt\u011b 3D zak\u0159iven\u00e1 obrazovka<br \/>\nUSB Type-C nab\u00edjec\u00ed port<br \/>\nE-liquid na b\u00e1zi nikotinov\u00fdch sol\u00ed: 0\/2%\/3%\/5%<br \/>\n10 Lahodn\u00fdch P\u0159\u00edchut\u00ed<br \/>\nDu\u00e1ln\u00ed mesh spir\u00e1la<\/p>\n<h2><\/h2>\n<h2><strong>Nejlep\u0161\u00ed p\u0159\u00edchu\u0165 pro Aivono Aim Boom 25000 Puffs<\/strong><\/h2>\n<p>Aivono Aim Boom 25000 Puffs Smart Screen Jednor\u00e1zov\u00fd Vaporiz\u00e9r nab\u00edz\u00ed 10 lahodn\u00fdch p\u0159\u00edchut\u00ed, vyb\u00edrejte z r\u016fzn\u00fdch variant, v\u010detn\u011b klasick\u00e9 tab\u00e1kov\u00e9, osv\u011b\u017euj\u00edc\u00edho m\u00e1tov\u00e9ho chladiv\u00e9ho, a exotick\u00e9 sladkosti hroznu, ka\u017ed\u00e1 slibuje bohatou a uspokojivou cestu s ka\u017ed\u00fdm potahem.<\/p>\n<p>&nbsp;<\/p>\n<p>1. Modr\u00fd Rancher<span style=\"color: #ff0000\"><strong>&gt;&gt;&gt;&gt; Hork\u00e9!<\/strong><\/span><br \/>\n2. Modr\u00fd Razz Ice<span style=\"color: #ff0000\"><strong>&gt;&gt;&gt;&gt; Hork\u00e9!<\/strong><\/span><br \/>\n3. Zelen\u00e9 Jablko Hrozen<br \/>\n4. Ledov\u00e1 Vodn\u00ed Meloun T\u0159e\u0161e\u0148<br \/>\n5. Meloun Citron<br \/>\n6. Miami M\u00e1ta<br \/>\n7. Malina Broskev Limeta<br \/>\n8. Kysl\u00e9 Mango Ananas<br \/>\n9. Jahodov\u00e9 B-Pop<span style=\"color: #ff0000\"><strong>&gt;&gt;&gt;&gt; Nejlep\u0161\u00ed!<\/strong><\/span><br \/>\n10. Vodn\u00ed Meloun Ice<\/p>\n<figure id=\"attachment_2277\" aria-describedby=\"caption-attachment-2277\" style=\"width: 808px\" class=\"wp-caption alignnone\"><img loading=\"lazy\" decoding=\"async\" class=\"wp-image-2277 size-full\" src=\"https:\/\/rmvapesale.com\/wp-content\/uploads\/2024\/09\/Aivono-Aim-Boom-25000-Puffs-Flavour.png\" alt=\"P\u0159\u00edchu\u0165 Aivono Aim Boom 25000 Puffs\" width=\"808\" height=\"808\" srcset=\"https:\/\/rmvapesale.com\/wp-content\/uploads\/2024\/09\/Aivono-Aim-Boom-25000-Puffs-Flavour.png 808w, https:\/\/rmvapesale.com\/wp-content\/uploads\/2024\/09\/Aivono-Aim-Boom-25000-Puffs-Flavour-300x300.png 300w, https:\/\/rmvapesale.com\/wp-content\/uploads\/2024\/09\/Aivono-Aim-Boom-25000-Puffs-Flavour-150x150.png 150w, https:\/\/rmvapesale.com\/wp-content\/uploads\/2024\/09\/Aivono-Aim-Boom-25000-Puffs-Flavour-768x768.png 768w, https:\/\/rmvapesale.com\/wp-content\/uploads\/2024\/09\/Aivono-Aim-Boom-25000-Puffs-Flavour-600x600.png 600w, https:\/\/rmvapesale.com\/wp-content\/uploads\/2024\/09\/Aivono-Aim-Boom-25000-Puffs-Flavour-100x100.png 100w\" sizes=\"auto, (max-width: 808px) 100vw, 808px\" \/><figcaption id=\"caption-attachment-2277\" class=\"wp-caption-text\">P\u0159\u00edchu\u0165 Aivono Aim Boom 25000 Puffs<\/figcaption><\/figure>\n<h2><strong>Ot\u00e1zky, kter\u00e9 by v\u00e1s mohly zaj\u00edmat o Aivono Aim Boom 25000 Puffs Vaporiz\u00e9r<\/strong><\/h2>\n<p>&nbsp;<\/p>\n<div class=\"flex-shrink-0 flex flex-col relative items-end\">\n<div>\n<div class=\"pt-0\">\n<div class=\"gizmo-bot-avatar flex h-8 w-8 items-center justify-center overflow-hidden rounded-full\">\n<div class=\"relative p-1 rounded-sm flex items-center justify-center bg-token-main-surface-primary text-token-text-primary h-8 w-8\"><\/div>\n<\/div>\n<\/div>\n<\/div>\n<\/div>\n<div class=\"group\/conversation-turn relative flex w-full min-w-0 flex-col agent-turn\">\n<div class=\"flex-col gap-1 md:gap-3\">\n<div class=\"flex max-w-full flex-col flex-grow\">\n<div class=\"min-h-8 text-message flex w-full flex-col items-end gap-2 whitespace-normal break-words [.text-message+&amp;]:mt-5\" dir=\"auto\" data-message-author-role=\"assistant\" data-message-id=\"f226d3fc-81f3-46d5-8c46-31787fff0357\">\n<div class=\"flex w-full flex-col gap-1 empty:hidden first:pt-[3px]\">\n<div class=\"markdown prose w-full break-words dark:prose-invert light\">\n<p><strong>1. Kolik potah\u016f vydr\u017e\u00ed Aivono Aim Boom 25000 Puffs Vaporiz\u00e9r?<\/strong><strong>\u00a0poskytuje?<\/strong><br \/>\nAivono Aim Boom 25000 Puffs Vaporiz\u00e9r poskytuje a\u017e 2500 potah\u016f, co\u017e v\u00fdrazn\u011b p\u0159ekra\u010duje kapacitu b\u011b\u017en\u00fdch jednor\u00e1zov\u00fdch vaporiz\u00e9r\u016f.<\/p>\n<p><strong>2. Jak\u00e9 p\u0159\u00edchut\u011b jsou dostupn\u00e9 v Aivono Aim Boom 25000 Puffs vaporiz\u00e9ru?<\/strong><br \/>\nObl\u00edben\u00e9 p\u0159\u00edchut\u011b zahrnuj\u00ed Modr\u00fd Razz Ice, Miami M\u00e1ta, Malina Broskev Limeta, Kysl\u00e9 Mango Ananas, Vodn\u00ed Meloun Ice a dal\u0161\u00ed.<\/p>\n<p><strong>3. Je Aivono Aim Boom 25000 Puffs vaporiz\u00e9r vhodn\u00fd pro za\u010d\u00e1te\u010dn\u00edky?<\/strong><br \/>\ncURL Too many subrequests.<\/p>\n<p><strong>cURL Too many subrequests.<\/strong><br \/>\nZa\u0159\u00edzen\u00ed skladujte na chladn\u00e9m a such\u00e9m m\u00edst\u011b, mimo p\u0159\u00edm\u00e9 slune\u010dn\u00ed sv\u011btlo a mimo dosah d\u011bt\u00ed a dom\u00e1c\u00edch zv\u00ed\u0159at.<\/p>\n<p><strong>Jak dlouho vydr\u017e\u00ed vaporiz\u00e9r Aivono Aim Boom 25000 Puffs?<\/strong><br \/>\nS kapacitou 25000 pot\u00e1hnut\u00ed m\u016f\u017ee vaporiz\u00e9r Aivono Aim Boom 25000 Puffs vydr\u017eet n\u011bkolik dn\u00ed, v z\u00e1vislosti na pou\u017e\u00edv\u00e1n\u00ed.<\/p>\n<\/div>\n<\/div>\n<\/div>\n<\/div>\n<\/div>\n<\/div>\n<p>&nbsp;<\/p>\n<h3><b>\u010casto kladen\u00e9 ot\u00e1zky<\/b><\/h3>\n<p>&nbsp;<\/p>\n<div class=\"flex-shrink-0 flex flex-col relative items-end\">\n<div>\n<div class=\"pt-0\">\n<div class=\"gizmo-bot-avatar flex h-8 w-8 items-center justify-center overflow-hidden rounded-full\">\n<div class=\"relative p-1 rounded-sm flex items-center justify-center bg-token-main-surface-primary text-token-text-primary h-8 w-8\"><strong>Jak\u00e9 zp\u016fsoby dopravy se pou\u017e\u00edvaj\u00ed?<\/strong><\/div>\n<\/div>\n<\/div>\n<\/div>\n<\/div>\n<div class=\"group\/conversation-turn relative flex w-full min-w-0 flex-col agent-turn\">\n<div class=\"flex-col gap-1 md:gap-3\">\n<div class=\"flex max-w-full flex-col flex-grow\">\n<div class=\"min-h-[20px] text-message flex w-full flex-col items-end gap-2 whitespace-normal break-words [.text-message+&amp;]:mt-5 overflow-x-auto\" dir=\"auto\" data-message-author-role=\"assistant\" data-message-id=\"22f8283b-3233-46ff-89a5-c7a41b33abda\">\n<div class=\"flex w-full flex-col gap-1 empty:hidden first:pt-[3px]\">\n<div class=\"markdown prose w-full break-words dark:prose-invert light\">\n<p>Spolupracujeme s UPS, DHL, FedEx, DPD a dal\u0161\u00edmi p\u0159edn\u00edmi p\u0159epravci. Vybereme nejlep\u0161\u00ed zp\u016fsob dopravy na z\u00e1klad\u011b va\u0161\u00ed doru\u010dovac\u00ed lokality, abychom zajistili, \u017ee sv\u00e9 produkty obdr\u017e\u00edte co nejrychleji.<\/p>\n<\/div>\n<p><strong>Jak dlouho trv\u00e1 doru\u010den\u00ed?<\/strong><\/p>\n<p>Bal\u00ed\u010dky odeslan\u00e9 do \u010cesk\u00e9 republiky obvykle doraz\u00ed do 10 pracovn\u00edch dn\u016f. P\u0159eprava do evropsk\u00fdch zem\u00ed obecn\u011b trv\u00e1 asi 12-15 pracovn\u00edch dn\u016f. O stavu va\u0161\u00ed z\u00e1silky v\u00e1s budeme pr\u016fb\u011b\u017en\u011b informovat.<\/p>\n<\/div>\n<p><strong>Z\u00e1ruka<\/strong><\/p>\n<p><span style=\"color: #ff0000\"><strong>Na v\u0161echny produkty v na\u0161em obchod\u011b se vztahuje z\u00e1ruka 100% originality a autenti\u010dnosti. Nab\u00edz\u00edme 10n\u00e1sobnou kompenzaci za pad\u011blan\u00e9 zbo\u017e\u00ed!<\/strong><\/span><\/p>\n<div class=\"flex w-full flex-col gap-1 empty:hidden first:pt-[3px]\">\n<p>&nbsp;<\/p>\n<\/div>\n<\/div>\n<\/div>\n<\/div>\n<\/div>\n<p>&nbsp;<\/p>\n<p>Dal\u0161\u00ed obl\u00edben\u00e9 jednor\u00e1zov\u00e9 e-cigarety, kter\u00e9 by se v\u00e1m mohly l\u00edbit:<\/p>\n<p>&nbsp;<\/p>\n<p><a href=\"https:\/\/rmvapesale.com\/cs\/product\/mesii-visual-box-16000-puffs-disposable-vape-full-screen\/\"><strong>MESii Visual Box 16000 pot\u00e1hnut\u00ed\u00a0 <span style=\"color: #ff0000\">&gt;&gt;&gt;&gt; j\u00edt!<\/span><\/strong><\/a><\/p>\n<p><strong><a href=\"https:\/\/rmvapesale.com\/cs\/product\/uzy-qute-800-puffs-disposable-vape-original-wholesale\/\">UZY QUTE 800 Puffs <span style=\"color: #ff0000\">&gt;&gt;&gt;&gt; j\u00edt!<\/span><\/a>\u00a0<\/strong><\/p>\n<p><a href=\"https:\/\/rmvapesale.com\/cs\/product\/vapme-crystal-7000-puffs-rechargeable-disposable-vape-price\/\"><strong>Vapme Crystal 7000 pot\u00e1hnut\u00ed <span style=\"color: #ff0000\">&gt;&gt;&gt;&gt; j\u00edt!<\/span><\/strong><\/a><\/p>\n<p>&nbsp;<\/p>\n<p>&nbsp;<\/p>\n<p>Naj\u00edt v\u00edce produkt\u016f pro vaping, kter\u00e9 by se v\u00e1m mohly l\u00edbit:<strong><em><a href=\"https:\/\/rmvapesale.com\/cs\/shop-2\/\">nakupujte nyn\u00ed &gt;&gt;&gt;<\/a><\/em><\/strong><\/p>","protected":false},"excerpt":{"rendered":"<p>Aivono Aim Boom 25000 Puffs Chytr\u00e1 obrazovka E cigarety<br \/>\nAim Boom 25000 Puffs Chytr\u00e1 obrazovka Jednor\u00e1zov\u00fd vaporiz\u00e9r Velkoobchod<br \/>\nAivono Aim Boom 25000 Chytr\u00e1 obrazovka Jednor\u00e1zov\u00fd vaporiz\u00e9r P\u0159\u00edchu\u0165<\/p>\n<p><img loading=\"lazy\" decoding=\"async\" class=\"size-full wp-image-1978\" src=\"https:\/\/rmvapesale.com\/wp-content\/uploads\/2024\/09\/Disposable-Vape-Wholesale.jpg\" alt=\"Jednor\u00e1zov\u00e1 e-cigareta velkoobchod\" width=\"229\" height=\"300\" \/><\/p>\n<h3><span style=\"color: #ff0000\"><strong>WhatsApp: +86 17776015835<\/strong><\/span><\/h3>\n<p>&nbsp;<\/p>","protected":false},"featured_media":2279,"comment_status":"open","ping_status":"closed","template":"","meta":{"_uag_custom_page_level_css":"","_lmt_disableupdate":"no","_lmt_disable":"","site-sidebar-layout":"default","site-content-layout":"content-boxed-container","ast-site-content-layout":"normal-width-container","site-content-style":"boxed","site-sidebar-style":"unboxed","ast-global-header-display":"","ast-banner-title-visibility":"","ast-main-header-display":"","ast-hfb-above-header-display":"","ast-hfb-below-header-display":"","ast-hfb-mobile-header-display":"","site-post-title":"","ast-breadcrumbs-content":"","ast-featured-img":"","footer-sml-layout":"","theme-transparent-header-meta":"default","adv-header-id-meta":"","stick-header-meta":"","header-above-stick-meta":"","header-main-stick-meta":"","header-below-stick-meta":"","astra-migrate-meta-layouts":"set","ast-page-background-enabled":"default","ast-page-background-meta":{"desktop":{"background-color":"var(--ast-global-color-4)","background-image":"","background-repeat":"repeat","background-position":"center center","background-size":"auto","background-attachment":"scroll","background-type":"","background-media":"","overlay-type":"","overlay-color":"","overlay-opacity":"","overlay-gradient":""},"tablet":{"background-color":"","background-image":"","background-repeat":"repeat","background-position":"center center","background-size":"auto","background-attachment":"scroll","background-type":"","background-media":"","overlay-type":"","overlay-color":"","overlay-opacity":"","overlay-gradient":""},"mobile":{"background-color":"","background-image":"","background-repeat":"repeat","background-position":"center center","background-size":"auto","background-attachment":"scroll","background-type":"","background-media":"","overlay-type":"","overlay-color":"","overlay-opacity":"","overlay-gradient":""}},"ast-content-background-meta":{"desktop":{"background-color":"var(--ast-global-color-5)","background-image":"","background-repeat":"repeat","background-position":"center center","background-size":"auto","background-attachment":"scroll","background-type":"","background-media":"","overlay-type":"","overlay-color":"","overlay-opacity":"","overlay-gradient":""},"tablet":{"background-color":"var(--ast-global-color-5)","background-image":"","background-repeat":"repeat","background-position":"center center","background-size":"auto","background-attachment":"scroll","background-type":"","background-media":"","overlay-type":"","overlay-color":"","overlay-opacity":"","overlay-gradient":""},"mobile":{"background-color":"var(--ast-global-color-5)","background-image":"","background-repeat":"repeat","background-position":"center center","background-size":"auto","background-attachment":"scroll","background-type":"","background-media":"","overlay-type":"","overlay-color":"","overlay-opacity":"","overlay-gradient":""}},"_joinchat":[]},"product_brand":[],"product_cat":[15,289,292,293,295,299,276,256,25,123,26,28,135,27,137,136,30],"product_tag":[66,99,87,115,120,116],"class_list":{"0":"post-2276","1":"product","2":"type-product","3":"status-publish","4":"has-post-thumbnail","6":"product_cat-new-vape-this-week","7":"product_cat-big-puffs-disposable-vapes","8":"product_cat-digital-disposable-vapes","9":"product_cat-low-nicotine-disposable-vapes","10":"product_cat-rechargeable-disposable-vapes","11":"product_cat-smart-screen-disposable-vapes","12":"product_cat-aivono-vape","13":"product_cat-25000-puff-disposable-vape","14":"product_cat-germany-best-selling-vape","15":"product_cat-italy-wholesale-vape","16":"product_cat-netherlands-hot-sale-vape","17":"product_cat-poland-hot-sale-vape","18":"product_cat-spain-best-hot-sale-vape","19":"product_cat-fance-hot-sale-vape","20":"product_cat-rechargeable-vapes","21":"product_cat-smart-screen-vapes","22":"product_cat-minimum-order-quantity-50pcs","23":"product_tag-disposable-vape","24":"product_tag-disposable-vape-wholesale","25":"product_tag-puff-25k","26":"product_tag-smart-screen-disposable-vape","27":"product_tag-vape-wholesale","28":"product_tag-vapes","29":"desktop-align-left","30":"tablet-align-left","31":"mobile-align-left","33":"first","34":"instock","35":"sale","36":"shipping-taxable","37":"purchasable","38":"product-type-simple"},"uagb_featured_image_src":{"full":["https:\/\/rmvapesale.com\/wp-content\/uploads\/2024\/09\/Aivono-Aim-Boom-25000-Puffs-Star-Flexible-Screen-Vape.png",808,808,false],"thumbnail":["https:\/\/rmvapesale.com\/wp-content\/uploads\/2024\/09\/Aivono-Aim-Boom-25000-Puffs-Star-Flexible-Screen-Vape-150x150.png",150,150,true],"medium":["https:\/\/rmvapesale.com\/wp-content\/uploads\/2024\/09\/Aivono-Aim-Boom-25000-Puffs-Star-Flexible-Screen-Vape-300x300.png",300,300,true],"medium_large":["https:\/\/rmvapesale.com\/wp-content\/uploads\/2024\/09\/Aivono-Aim-Boom-25000-Puffs-Star-Flexible-Screen-Vape-768x768.png",768,768,true],"large":["https:\/\/rmvapesale.com\/wp-content\/uploads\/2024\/09\/Aivono-Aim-Boom-25000-Puffs-Star-Flexible-Screen-Vape.png",808,808,false],"1536x1536":["https:\/\/rmvapesale.com\/wp-content\/uploads\/2024\/09\/Aivono-Aim-Boom-25000-Puffs-Star-Flexible-Screen-Vape.png",808,808,false],"2048x2048":["https:\/\/rmvapesale.com\/wp-content\/uploads\/2024\/09\/Aivono-Aim-Boom-25000-Puffs-Star-Flexible-Screen-Vape.png",808,808,false],"trp-custom-language-flag":["https:\/\/rmvapesale.com\/wp-content\/uploads\/2024\/09\/Aivono-Aim-Boom-25000-Puffs-Star-Flexible-Screen-Vape.png",12,12,false],"woocommerce_thumbnail":["https:\/\/rmvapesale.com\/wp-content\/uploads\/2024\/09\/Aivono-Aim-Boom-25000-Puffs-Star-Flexible-Screen-Vape-300x300.png",300,300,true],"woocommerce_single":["https:\/\/rmvapesale.com\/wp-content\/uploads\/2024\/09\/Aivono-Aim-Boom-25000-Puffs-Star-Flexible-Screen-Vape-600x600.png",600,600,true],"woocommerce_gallery_thumbnail":["https:\/\/rmvapesale.com\/wp-content\/uploads\/2024\/09\/Aivono-Aim-Boom-25000-Puffs-Star-Flexible-Screen-Vape-100x100.png",100,100,true],"wcpr-photo-reviews":["https:\/\/rmvapesale.com\/wp-content\/uploads\/2024\/09\/Aivono-Aim-Boom-25000-Puffs-Star-Flexible-Screen-Vape.png",500,500,false]},"uagb_author_info":{"display_name":"AMY","author_link":"https:\/\/rmvapesale.com\/cs\/author\/"},"uagb_comment_info":0,"uagb_excerpt":"Aivono Aim Boom 25000 Puffs Smart Screen E Cigarettes Aim Boom 25000 Puffs Smart Screen Disposable Vape Wholesale Aivono Aim Boom 25000 Smart Screen Disposalbe Vape Flavour WhatsApp: +86 17776015835 &nbsp;","_links":{"self":[{"href":"https:\/\/rmvapesale.com\/cs\/wp-json\/wp\/v2\/product\/2276","targetHints":{"allow":["GET"]}}],"collection":[{"href":"https:\/\/rmvapesale.com\/cs\/wp-json\/wp\/v2\/product"}],"about":[{"href":"https:\/\/rmvapesale.com\/cs\/wp-json\/wp\/v2\/types\/product"}],"replies":[{"embeddable":true,"href":"https:\/\/rmvapesale.com\/cs\/wp-json\/wp\/v2\/comments?post=2276"}],"wp:featuredmedia":[{"embeddable":true,"href":"https:\/\/rmvapesale.com\/cs\/wp-json\/wp\/v2\/media\/2279"}],"wp:attachment":[{"href":"https:\/\/rmvapesale.com\/cs\/wp-json\/wp\/v2\/media?parent=2276"}],"wp:term":[{"taxonomy":"product_brand","embeddable":true,"href":"https:\/\/rmvapesale.com\/cs\/wp-json\/wp\/v2\/product_brand?post=2276"},{"taxonomy":"product_cat","embeddable":true,"href":"https:\/\/rmvapesale.com\/cs\/wp-json\/wp\/v2\/product_cat?post=2276"},{"taxonomy":"product_tag","embeddable":true,"href":"https:\/\/rmvapesale.com\/cs\/wp-json\/wp\/v2\/product_tag?post=2276"}],"curies":[{"name":"wp","href":"https:\/\/api.w.org\/{rel}","templated":true}]}}