{"id":2290,"date":"2024-10-07T08:22:06","date_gmt":"2024-10-07T08:22:06","guid":{"rendered":"https:\/\/rmvapesale.com\/?post_type=product&#038;p=2290"},"modified":"2025-01-21T10:00:27","modified_gmt":"2025-01-21T10:00:27","slug":"aivono-aim-magic-20000-20k-puffs-disposable-vape-pod","status":"publish","type":"product","link":"https:\/\/rmvapesale.com\/cs\/product\/aivono-aim-magic-20000-20k-puffs-disposable-vape-pod\/","title":{"rendered":"Aivono Aim Magic 20000 20K pot\u00e1hnut\u00ed Jednor\u00e1zov\u00fd Vape Pod"},"content":{"rendered":"<div class=\"B2VR9 CJHX3e\">\n<div class=\"wyccme\">\n<h1 class=\"LC20lb MBeuO DKV0Md\">Aivono Aim Magic 20000 20K pot\u00e1hnut\u00ed Jednor\u00e1zov\u00fd Vape Pod<\/h1>\n<div class=\"flex-shrink-0 flex flex-col relative items-end\">\n<div>\n<div class=\"pt-0\">\n<div class=\"gizmo-bot-avatar flex h-8 w-8 items-center justify-center overflow-hidden rounded-full\">\n<div class=\"relative p-1 rounded-sm flex items-center justify-center bg-token-main-surface-primary text-token-text-primary h-8 w-8\"><\/div>\n<\/div>\n<\/div>\n<\/div>\n<\/div>\n<div class=\"group\/conversation-turn relative flex w-full min-w-0 flex-col agent-turn\">\n<div class=\"flex-col gap-1 md:gap-3\">\n<div class=\"flex max-w-full flex-col flex-grow\">\n<div class=\"min-h-8 text-message flex w-full flex-col items-end gap-2 whitespace-normal break-words [.text-message+&amp;]:mt-5\" dir=\"auto\" data-message-author-role=\"assistant\" data-message-id=\"871c1362-82be-4876-894c-d28f37ffd3d3\">\n<div class=\"flex w-full flex-col gap-1 empty:hidden first:pt-[3px]\">\n<div class=\"markdown prose w-full break-words dark:prose-invert light\">\n<p>cURL Too many subrequests. <strong>Aivono Aim Magic 20000 20K pot\u00e1hnut\u00ed Jednor\u00e1zov\u00fd Vape Pod<\/strong>, pr\u00e9miov\u00e1 volba pro prodlou\u017eenou spokojenost s vapov\u00e1n\u00edm. S p\u016fsobiv\u00fdm <strong>20 000 pot\u00e1hnut\u00edmi<\/strong> a kapacitou p\u0159edpln\u011bn\u00e9ho e-liquidu 24 ml, tento p\u0159\u00edstroj zaji\u0161\u0165uje dlouhotrvaj\u00edc\u00ed a p\u0159\u00edjemn\u00fd z\u00e1\u017eitek.<\/p>\n<p>S 1,0ohmovou s\u00ed\u0165ovou c\u00edvkou a nastaviteln\u00fdm p\u0159\u00edvodem vzduchu, <strong>AIVINO AIM MAGIC 20000<\/strong> zaji\u0161\u0165uje plynulou produkci par a p\u0159izp\u016fsobiteln\u00e9 tahy. Navzdory sv\u00e9mu vynikaj\u00edc\u00edmu v\u00fdkonu je cenov\u011b dostupn\u00fd <strong>konkurenceschopnou cenou<\/strong>, nab\u00edzej\u00edc\u00ed bezkonkuren\u010dn\u00ed hodnotu bez kompromis\u016f na kvalit\u011b.<\/p>\n<p>Ide\u00e1ln\u00ed pro maloobchodn\u00edky a velkoobchodn\u00edky, na\u0161e <strong>velkoobchodn\u00ed mo\u017enosti<\/strong> umo\u017e\u0148uj\u00ed podnik\u016fm z\u00e1sobit se t\u00edmto obl\u00edben\u00fdm za\u0159\u00edzen\u00edm e-hookah, aby efektivn\u011b splnily po\u017eadavky z\u00e1kazn\u00edk\u016f. Nav\u00edc si u\u017eijte pohodl\u00ed <strong>rychl\u00e9 dopravy<\/strong>, zaji\u0161\u0165uj\u00edc\u00ed rychl\u00e9 doru\u010den\u00ed va\u0161eho AIVINO AIM MAGIC 20000 Puffs Jednor\u00e1zov\u00fd Vape. A\u0165 u\u017e jste nad\u0161enec vapov\u00e1n\u00ed, maloobchodn\u00edk nebo velkoobchodn\u00edk, toto je va\u0161e ide\u00e1ln\u00ed volba.<\/p>\n<p>&nbsp;<\/p>\n<\/div>\n<\/div>\n<\/div>\n<\/div>\n<\/div>\n<\/div>\n<\/div>\n<\/div>\n<p><strong>Kontaktujte Amy a z\u00edskejte spr\u00e1vnou odpov\u011b\u010f a dal\u0161\u00ed produktov\u00e1 videa!<\/strong><\/p>\n<p><img loading=\"lazy\" decoding=\"async\" class=\"size-full wp-image-1978\" src=\"https:\/\/rmvapesale.com\/wp-content\/uploads\/2024\/09\/Disposable-Vape-Wholesale.jpg\" alt=\"Jednor\u00e1zov\u00e1 e-cigareta velkoobchod\" width=\"229\" height=\"300\" \/><\/p>\n<h3><span style=\"color: #ff0000\"><strong>WhatsApp: +86 17776015835<\/strong><\/span><\/h3>\n<p>&nbsp;<\/p>\n<h2><\/h2>\n<h2><strong>Aivono Aim Magic 20000 Puffs Kl\u00ed\u010dov\u00e9 vlastnosti vaporiz\u00e9ru<\/strong><\/h2>\n<p>Puffs: 20000 Puffs<br \/>\nKapacita e-liquidu: 24ml<br \/>\nKapacita: 600mA (dob\u00edjec\u00ed)<br \/>\nOdpor topn\u00e9ho odporu: 1.0\u03a9 dvojit\u00e1 s\u00ed\u0165ov\u00e1 j\u00e1dra<br \/>\nPln\u00e9 nabit\u00ed za 30 minut<br \/>\nNastaviteln\u00fd n\u00edzk\u00fd-norm\u00e1ln\u00ed vysok\u00fd-zv\u00fd\u0161en\u00fd v\u00fdkon<br \/>\nDisplej baterie a e-liquidu<br \/>\nV\u00fdb\u011br LED sv\u011btla<br \/>\nDvojit\u00e9 s\u00ed\u0165ov\u00e9 c\u00edvky<br \/>\nVelikost produktu: 43*102mm<br \/>\nObsah nikotinov\u00fdch sol\u00ed: 5% \/ 3% \/ 2% \/ 0%<br \/>\nDob\u00edjec\u00ed: Type-C<\/p>\n<h2><\/h2>\n<h2><strong>Hlavn\u00ed p\u0159\u00edchu\u0165 pro Aivono Aim Magic 20000 Puffs<\/strong><\/h2>\n<p>Aivono Aim Magic 20000 20K Puffs Jednor\u00e1zov\u00fd vape pod nab\u00edz\u00ed 15 lahodn\u00fdch p\u0159\u00edchut\u00ed, vyb\u00edrejte z r\u016fzn\u00fdch p\u0159\u00edchut\u00ed, v\u010detn\u011b klasick\u00e9 tab\u00e1kov\u00e9, osv\u011b\u017euj\u00edc\u00ed chladiv\u00e9 m\u00e1ty a exotick\u00e9 sladkosti hroznu, ka\u017ed\u00e1 slibuje bohatou a uspokojivou j\u00edzdu s ka\u017ed\u00fdm potahem.<\/p>\n<p>1. Blue Razz Ice<span style=\"color: #ff0000\"><strong>&gt;&gt;&gt;&gt; Hork\u00e9!<\/strong><\/span><br \/>\n2. Blueberry Ice<br \/>\n3. Chladiv\u00e1 m\u00e1ta<span style=\"color: #ff0000\"><strong>&gt;&gt;&gt;&gt; Hork\u00e9!<\/strong><\/span><br \/>\n4. Hroznov\u00e1 ledov\u00e1<br \/>\n5. Mango ananas<br \/>\n6. M\u00edchan\u00e9 bobule<br \/>\n7. Broskve ledov\u00e1<br \/>\n8. Ananas kokos<br \/>\n9. R\u016f\u017eov\u00e1 citronov\u00e1 ledov\u00e1<br \/>\n10. Jahodov\u00e1 zmrzlina<span style=\"color: #ff0000\"><strong>&gt;&gt;&gt;&gt; Hork\u00e9!<\/strong><\/span><br \/>\n11. Jahodov\u00fd led<br \/>\n12. Jahodovo-kiwi<br \/>\n13. Jahodov\u00e1 vodn\u00ed meloun<br \/>\n14. Vodn\u00ed melounov\u00e1 \u017ev\u00fdka\u010dka<span style=\"color: #ff0000\"><strong>&gt;&gt;&gt;&gt; Nejlep\u0161\u00ed!<\/strong><\/span><br \/>\n15. Vodn\u00ed melounov\u00fd led<\/p>\n<figure id=\"attachment_2288\" aria-describedby=\"caption-attachment-2288\" style=\"width: 808px\" class=\"wp-caption alignnone\"><img loading=\"lazy\" decoding=\"async\" class=\"wp-image-2288 size-full\" src=\"https:\/\/rmvapesale.com\/wp-content\/uploads\/2024\/09\/Aivono-Magic-20000-Puffs-Vape.jpg\" alt=\"Aivono Magic 20000 Puffs Vaporiz\u00e9r\" width=\"808\" height=\"977\" srcset=\"https:\/\/rmvapesale.com\/wp-content\/uploads\/2024\/09\/Aivono-Magic-20000-Puffs-Vape.jpg 808w, https:\/\/rmvapesale.com\/wp-content\/uploads\/2024\/09\/Aivono-Magic-20000-Puffs-Vape-248x300.jpg 248w, https:\/\/rmvapesale.com\/wp-content\/uploads\/2024\/09\/Aivono-Magic-20000-Puffs-Vape-768x929.jpg 768w, https:\/\/rmvapesale.com\/wp-content\/uploads\/2024\/09\/Aivono-Magic-20000-Puffs-Vape-600x725.jpg 600w\" sizes=\"auto, (max-width: 808px) 100vw, 808px\" \/><figcaption id=\"caption-attachment-2288\" class=\"wp-caption-text\">Aivono Magic 20000 Puffs Vaporiz\u00e9r<\/figcaption><\/figure>\n<h2><strong>Ot\u00e1zky, kter\u00e9 byste mohli m\u00edt ohledn\u011b Aivono Aim Magic 20k Vaporiz\u00e9ru<\/strong><\/h2>\n<p>&nbsp;<\/p>\n<div class=\"flex-shrink-0 flex flex-col relative items-end\">\n<div>\n<div class=\"pt-0\">\n<div class=\"gizmo-bot-avatar flex h-8 w-8 items-center justify-center overflow-hidden rounded-full\">\n<div class=\"relative p-1 rounded-sm flex items-center justify-center bg-token-main-surface-primary text-token-text-primary h-8 w-8\"><\/div>\n<\/div>\n<\/div>\n<\/div>\n<\/div>\n<div class=\"group\/conversation-turn relative flex w-full min-w-0 flex-col agent-turn\">\n<div class=\"flex-col gap-1 md:gap-3\">\n<div class=\"flex max-w-full flex-col flex-grow\">\n<div class=\"min-h-8 text-message flex w-full flex-col items-end gap-2 whitespace-normal break-words [.text-message+&amp;]:mt-5\" dir=\"auto\" data-message-author-role=\"assistant\" data-message-id=\"f226d3fc-81f3-46d5-8c46-31787fff0357\">\n<div class=\"flex w-full flex-col gap-1 empty:hidden first:pt-[3px]\">\n<div class=\"markdown prose w-full break-words dark:prose-invert light\">\n<p><strong>1. Kolik pot\u00e1hnut\u00ed vydr\u017e\u00ed Aivono Aim Magic 20k Puffs Vaporiz\u00e9r<\/strong><strong>\u00a0poskytuje?<\/strong><br \/>\nAivono Aim Magic 20k Puffs Vaporiz\u00e9r poskytuje a\u017e 2500 pot\u00e1hnut\u00ed, co\u017e v\u00fdrazn\u011b p\u0159ekra\u010duje kapacitu b\u011b\u017en\u00fdch jednor\u00e1zov\u00fdch vaporiz\u00e9r\u016f.<\/p>\n<p><strong>2. Jak\u00e9 p\u0159\u00edchut\u011b jsou k dispozici v vape perle Aivono Aim Magic 20k Puffs?<\/strong><br \/>\nObl\u00edben\u00e9 p\u0159\u00edchut\u011b zahrnuj\u00ed Blue Razz Ice, Blueberry Ice, Cool Mint, Strawberry Ice Cream, Watermelon Bubble Gum atd.<\/p>\n<p><strong>3. Je vape Aivono Aim Magic 20k Puffs vhodn\u00e9 pro za\u010d\u00e1te\u010dn\u00edky?<\/strong><br \/>\ncURL Too many subrequests.<\/p>\n<p><strong>cURL Too many subrequests.<\/strong><br \/>\nZa\u0159\u00edzen\u00ed skladujte na chladn\u00e9m a such\u00e9m m\u00edst\u011b, mimo p\u0159\u00edm\u00e9 slune\u010dn\u00ed sv\u011btlo a mimo dosah d\u011bt\u00ed a dom\u00e1c\u00edch zv\u00ed\u0159at.<\/p>\n<p><strong>5. Jak dlouho vydr\u017e\u00ed vape Aivono Aim Magic 20k Puffs?<\/strong><br \/>\nS kapacitou 20000 pot\u00e1hnut\u00ed m\u016f\u017ee vape Aivono Aim Magic 20k Puffs vydr\u017eet n\u011bkolik dn\u00ed, v z\u00e1vislosti na pou\u017e\u00edv\u00e1n\u00ed.<\/p>\n<\/div>\n<\/div>\n<\/div>\n<\/div>\n<\/div>\n<\/div>\n<p>&nbsp;<\/p>\n<h3><b>\u010casto kladen\u00e9 ot\u00e1zky<\/b><\/h3>\n<p>&nbsp;<\/p>\n<div class=\"flex-shrink-0 flex flex-col relative items-end\">\n<div>\n<div class=\"pt-0\">\n<div class=\"gizmo-bot-avatar flex h-8 w-8 items-center justify-center overflow-hidden rounded-full\">\n<div class=\"relative p-1 rounded-sm flex items-center justify-center bg-token-main-surface-primary text-token-text-primary h-8 w-8\"><strong>Jak\u00e9 zp\u016fsoby dopravy se pou\u017e\u00edvaj\u00ed?<\/strong><\/div>\n<\/div>\n<\/div>\n<\/div>\n<\/div>\n<div class=\"group\/conversation-turn relative flex w-full min-w-0 flex-col agent-turn\">\n<div class=\"flex-col gap-1 md:gap-3\">\n<div class=\"flex max-w-full flex-col flex-grow\">\n<div class=\"min-h-[20px] text-message flex w-full flex-col items-end gap-2 whitespace-normal break-words [.text-message+&amp;]:mt-5 overflow-x-auto\" dir=\"auto\" data-message-author-role=\"assistant\" data-message-id=\"22f8283b-3233-46ff-89a5-c7a41b33abda\">\n<div class=\"flex w-full flex-col gap-1 empty:hidden first:pt-[3px]\">\n<div class=\"markdown prose w-full break-words dark:prose-invert light\">\n<p>Spolupracujeme s UPS, DHL, FedEx, DPD a dal\u0161\u00edmi p\u0159edn\u00edmi p\u0159epravci. Vybereme nejlep\u0161\u00ed zp\u016fsob dopravy na z\u00e1klad\u011b va\u0161\u00ed doru\u010dovac\u00ed lokality, abychom zajistili, \u017ee sv\u00e9 produkty obdr\u017e\u00edte co nejrychleji.<\/p>\n<\/div>\n<p><strong>Jak dlouho trv\u00e1 doru\u010den\u00ed?<\/strong><\/p>\n<p>Bal\u00ed\u010dky odeslan\u00e9 do \u010cesk\u00e9 republiky obvykle doraz\u00ed do 10 pracovn\u00edch dn\u016f. P\u0159eprava do evropsk\u00fdch zem\u00ed obecn\u011b trv\u00e1 asi 12-15 pracovn\u00edch dn\u016f. O stavu va\u0161\u00ed z\u00e1silky v\u00e1s budeme pr\u016fb\u011b\u017en\u011b informovat.<\/p>\n<\/div>\n<p><strong>Z\u00e1ruka<\/strong><\/p>\n<p><span style=\"color: #ff0000\"><strong>Na v\u0161echny produkty v na\u0161em obchod\u011b se vztahuje z\u00e1ruka 100% originality a autenti\u010dnosti. Nab\u00edz\u00edme 10n\u00e1sobnou kompenzaci za pad\u011blan\u00e9 zbo\u017e\u00ed!<\/strong><\/span><\/p>\n<div class=\"flex w-full flex-col gap-1 empty:hidden first:pt-[3px]\">\n<p>&nbsp;<\/p>\n<\/div>\n<\/div>\n<\/div>\n<\/div>\n<\/div>\n<p>&nbsp;<\/p>\n<p>Dal\u0161\u00ed obl\u00edben\u00e9 jednor\u00e1zov\u00e9 e-cigarety, kter\u00e9 by se v\u00e1m mohly l\u00edbit:<\/p>\n<p>&nbsp;<\/p>\n<p><a href=\"https:\/\/rmvapesale.com\/cs\/product\/mesii-visual-box-16000-puffs-disposable-vape-full-screen\/\"><strong>MESii Visual Box 16000 pot\u00e1hnut\u00ed\u00a0 <span style=\"color: #ff0000\">&gt;&gt;&gt;&gt; j\u00edt!<\/span><\/strong><\/a><\/p>\n<p><strong><a href=\"https:\/\/rmvapesale.com\/cs\/product\/uzy-qute-800-puffs-disposable-vape-original-wholesale\/\">UZY QUTE 800 Puffs <span style=\"color: #ff0000\">&gt;&gt;&gt;&gt; j\u00edt!<\/span><\/a>\u00a0<\/strong><\/p>\n<p><a href=\"https:\/\/rmvapesale.com\/cs\/product\/waspe-20000-puffs-dual-mesh-box-disposable-vape\/\"><strong>WASPE 20000 Puffs <span style=\"color: #ff0000\">&gt;&gt;&gt;&gt; j\u00edt!<\/span><\/strong><\/a><\/p>\n<p>&nbsp;<\/p>\n<p>&nbsp;<\/p>\n<p>Naj\u00edt v\u00edce produkt\u016f pro vaping, kter\u00e9 by se v\u00e1m mohly l\u00edbit:<strong><em><a href=\"https:\/\/rmvapesale.com\/cs\/shop-2\/\">nakupujte nyn\u00ed &gt;&gt;&gt;<\/a><\/em><\/strong><\/p>","protected":false},"excerpt":{"rendered":"<p>Velkoobchod Aivono Vapes Aim Magic 20000 Puffs<br \/>\nVelkoobchod Aivono Aim Magic 20000 20K Puffs Bar<br \/>\nAIVONO AIM MAGIC 20000 Puffs 0% 2% 3% 5% Nikotin<\/p>\n<p><img loading=\"lazy\" decoding=\"async\" class=\"size-full wp-image-1978\" src=\"https:\/\/rmvapesale.com\/wp-content\/uploads\/2024\/09\/Disposable-Vape-Wholesale.jpg\" alt=\"Jednor\u00e1zov\u00e1 e-cigareta velkoobchod\" width=\"229\" height=\"300\" \/><\/p>\n<h3><span style=\"color: #ff0000\"><strong>WhatsApp: +86 17776015835<\/strong><\/span><\/h3>\n<p>&nbsp;<\/p>","protected":false},"featured_media":2286,"comment_status":"open","ping_status":"closed","template":"","meta":{"_uag_custom_page_level_css":"","_lmt_disableupdate":"no","_lmt_disable":"","site-sidebar-layout":"default","site-content-layout":"content-boxed-container","ast-site-content-layout":"normal-width-container","site-content-style":"boxed","site-sidebar-style":"unboxed","ast-global-header-display":"","ast-banner-title-visibility":"","ast-main-header-display":"","ast-hfb-above-header-display":"","ast-hfb-below-header-display":"","ast-hfb-mobile-header-display":"","site-post-title":"","ast-breadcrumbs-content":"","ast-featured-img":"","footer-sml-layout":"","theme-transparent-header-meta":"default","adv-header-id-meta":"","stick-header-meta":"","header-above-stick-meta":"","header-main-stick-meta":"","header-below-stick-meta":"","astra-migrate-meta-layouts":"set","ast-page-background-enabled":"default","ast-page-background-meta":{"desktop":{"background-color":"var(--ast-global-color-4)","background-image":"","background-repeat":"repeat","background-position":"center center","background-size":"auto","background-attachment":"scroll","background-type":"","background-media":"","overlay-type":"","overlay-color":"","overlay-opacity":"","overlay-gradient":""},"tablet":{"background-color":"","background-image":"","background-repeat":"repeat","background-position":"center center","background-size":"auto","background-attachment":"scroll","background-type":"","background-media":"","overlay-type":"","overlay-color":"","overlay-opacity":"","overlay-gradient":""},"mobile":{"background-color":"","background-image":"","background-repeat":"repeat","background-position":"center center","background-size":"auto","background-attachment":"scroll","background-type":"","background-media":"","overlay-type":"","overlay-color":"","overlay-opacity":"","overlay-gradient":""}},"ast-content-background-meta":{"desktop":{"background-color":"var(--ast-global-color-5)","background-image":"","background-repeat":"repeat","background-position":"center center","background-size":"auto","background-attachment":"scroll","background-type":"","background-media":"","overlay-type":"","overlay-color":"","overlay-opacity":"","overlay-gradient":""},"tablet":{"background-color":"var(--ast-global-color-5)","background-image":"","background-repeat":"repeat","background-position":"center center","background-size":"auto","background-attachment":"scroll","background-type":"","background-media":"","overlay-type":"","overlay-color":"","overlay-opacity":"","overlay-gradient":""},"mobile":{"background-color":"var(--ast-global-color-5)","background-image":"","background-repeat":"repeat","background-position":"center center","background-size":"auto","background-attachment":"scroll","background-type":"","background-media":"","overlay-type":"","overlay-color":"","overlay-opacity":"","overlay-gradient":""}},"_joinchat":[]},"product_brand":[],"product_cat":[15,289,291,292,293,299,276,255,25,26,28,27,137,136,30],"product_tag":[122,66,101,121,115,120,116],"class_list":{"0":"post-2290","1":"product","2":"type-product","3":"status-publish","4":"has-post-thumbnail","6":"product_cat-new-vape-this-week","7":"product_cat-big-puffs-disposable-vapes","8":"product_cat-dual-mesh-disposable-vapes","9":"product_cat-digital-disposable-vapes","10":"product_cat-low-nicotine-disposable-vapes","11":"product_cat-smart-screen-disposable-vapes","12":"product_cat-aivono-vape","13":"product_cat-20000-puff-disposable-vape","14":"product_cat-germany-best-selling-vape","15":"product_cat-netherlands-hot-sale-vape","16":"product_cat-poland-hot-sale-vape","17":"product_cat-fance-hot-sale-vape","18":"product_cat-rechargeable-vapes","19":"product_cat-smart-screen-vapes","20":"product_cat-minimum-order-quantity-50pcs","21":"product_tag-aim-vapes","22":"product_tag-disposable-vape","23":"product_tag-led-display-vape","24":"product_tag-puff-20k","25":"product_tag-smart-screen-disposable-vape","26":"product_tag-vape-wholesale","27":"product_tag-vapes","28":"desktop-align-left","29":"tablet-align-left","30":"mobile-align-left","32":"first","33":"instock","34":"sale","35":"shipping-taxable","36":"purchasable","37":"product-type-simple"},"uagb_featured_image_src":{"full":["https:\/\/rmvapesale.com\/wp-content\/uploads\/2024\/09\/AIVONO-AIM-MAGIC20000-Puffs.jpg",808,808,false],"thumbnail":["https:\/\/rmvapesale.com\/wp-content\/uploads\/2024\/09\/AIVONO-AIM-MAGIC20000-Puffs-150x150.jpg",150,150,true],"medium":["https:\/\/rmvapesale.com\/wp-content\/uploads\/2024\/09\/AIVONO-AIM-MAGIC20000-Puffs-300x300.jpg",300,300,true],"medium_large":["https:\/\/rmvapesale.com\/wp-content\/uploads\/2024\/09\/AIVONO-AIM-MAGIC20000-Puffs-768x768.jpg",768,768,true],"large":["https:\/\/rmvapesale.com\/wp-content\/uploads\/2024\/09\/AIVONO-AIM-MAGIC20000-Puffs.jpg",808,808,false],"1536x1536":["https:\/\/rmvapesale.com\/wp-content\/uploads\/2024\/09\/AIVONO-AIM-MAGIC20000-Puffs.jpg",808,808,false],"2048x2048":["https:\/\/rmvapesale.com\/wp-content\/uploads\/2024\/09\/AIVONO-AIM-MAGIC20000-Puffs.jpg",808,808,false],"trp-custom-language-flag":["https:\/\/rmvapesale.com\/wp-content\/uploads\/2024\/09\/AIVONO-AIM-MAGIC20000-Puffs.jpg",12,12,false],"woocommerce_thumbnail":["https:\/\/rmvapesale.com\/wp-content\/uploads\/2024\/09\/AIVONO-AIM-MAGIC20000-Puffs-300x300.jpg",300,300,true],"woocommerce_single":["https:\/\/rmvapesale.com\/wp-content\/uploads\/2024\/09\/AIVONO-AIM-MAGIC20000-Puffs-600x600.jpg",600,600,true],"woocommerce_gallery_thumbnail":["https:\/\/rmvapesale.com\/wp-content\/uploads\/2024\/09\/AIVONO-AIM-MAGIC20000-Puffs-100x100.jpg",100,100,true],"wcpr-photo-reviews":["https:\/\/rmvapesale.com\/wp-content\/uploads\/2024\/09\/AIVONO-AIM-MAGIC20000-Puffs.jpg",500,500,false]},"uagb_author_info":{"display_name":"AMY","author_link":"https:\/\/rmvapesale.com\/cs\/author\/"},"uagb_comment_info":0,"uagb_excerpt":"Wholesale Aivono Vapes Aim Magic 20000 Puffs Wholesale Aivono Aim Magic 20000 20K Puffs Bar AIVONO AIM MAGIC 20000 Puffs 0% 2% 3% 5% Nicotine WhatsApp: +86 17776015835 &nbsp;","_links":{"self":[{"href":"https:\/\/rmvapesale.com\/cs\/wp-json\/wp\/v2\/product\/2290","targetHints":{"allow":["GET"]}}],"collection":[{"href":"https:\/\/rmvapesale.com\/cs\/wp-json\/wp\/v2\/product"}],"about":[{"href":"https:\/\/rmvapesale.com\/cs\/wp-json\/wp\/v2\/types\/product"}],"replies":[{"embeddable":true,"href":"https:\/\/rmvapesale.com\/cs\/wp-json\/wp\/v2\/comments?post=2290"}],"wp:featuredmedia":[{"embeddable":true,"href":"https:\/\/rmvapesale.com\/cs\/wp-json\/wp\/v2\/media\/2286"}],"wp:attachment":[{"href":"https:\/\/rmvapesale.com\/cs\/wp-json\/wp\/v2\/media?parent=2290"}],"wp:term":[{"taxonomy":"product_brand","embeddable":true,"href":"https:\/\/rmvapesale.com\/cs\/wp-json\/wp\/v2\/product_brand?post=2290"},{"taxonomy":"product_cat","embeddable":true,"href":"https:\/\/rmvapesale.com\/cs\/wp-json\/wp\/v2\/product_cat?post=2290"},{"taxonomy":"product_tag","embeddable":true,"href":"https:\/\/rmvapesale.com\/cs\/wp-json\/wp\/v2\/product_tag?post=2290"}],"curies":[{"name":"wp","href":"https:\/\/api.w.org\/{rel}","templated":true}]}}