{"id":2298,"date":"2024-10-08T08:30:16","date_gmt":"2024-10-08T08:30:16","guid":{"rendered":"https:\/\/rmvapesale.com\/?post_type=product&#038;p=2298"},"modified":"2025-01-14T09:46:47","modified_gmt":"2025-01-14T09:46:47","slug":"uwin-crystal-10000-puff-disposable-vape-wholesale-price","status":"publish","type":"product","link":"https:\/\/rmvapesale.com\/cs\/product\/uwin-crystal-10000-puff-disposable-vape-wholesale-price\/","title":{"rendered":"Velkoobchodn\u00ed cena jednor\u00e1zov\u00e9 e-cigarety UWIN CRYSTAL 10000 Puff"},"content":{"rendered":"<div class=\"B2VR9 CJHX3e\">\n<div class=\"wyccme\">\n<h1 class=\"LC20lb MBeuO DKV0Md\">Velkoobchodn\u00ed cena jednor\u00e1zov\u00e9 e-cigarety UWIN CRYSTAL 10000 Puff<\/h1>\n<div class=\"flex-shrink-0 flex flex-col relative items-end\">\n<div>\n<div class=\"pt-0\">\n<div class=\"gizmo-bot-avatar flex h-8 w-8 items-center justify-center overflow-hidden rounded-full\">\n<div class=\"relative p-1 rounded-sm flex items-center justify-center bg-token-main-surface-primary text-token-text-primary h-8 w-8\"><\/div>\n<\/div>\n<\/div>\n<\/div>\n<\/div>\n<div class=\"group\/conversation-turn relative flex w-full min-w-0 flex-col agent-turn\">\n<div class=\"flex-col gap-1 md:gap-3\">\n<div class=\"flex max-w-full flex-col flex-grow\">\n<div class=\"min-h-8 text-message flex w-full flex-col items-end gap-2 whitespace-normal break-words [.text-message+&amp;]:mt-5\" dir=\"auto\" data-message-author-role=\"assistant\" data-message-id=\"871c1362-82be-4876-894c-d28f37ffd3d3\">\n<div class=\"flex w-full flex-col gap-1 empty:hidden first:pt-[3px]\">\n<div class=\"markdown prose w-full break-words dark:prose-invert light\">\n<p>Jednor\u00e1zov\u00e1 e-cigareta UWIN CRYSTAL 10000 Puff je nyn\u00ed k dispozici ve velkoobchod\u011b na rmvapesale! Tato e-cigareta je va\u0161\u00ed nejlep\u0161\u00ed volbou pro prvot\u0159\u00eddn\u00ed z\u00e1\u017eitek z vapingu! S mo\u017enostmi 0% , 2% , 3% nebo 5% nikotinu toto za\u0159\u00edzen\u00ed vyhovuje r\u016fzn\u00fdm preferenc\u00edm. Ka\u017ed\u00e1 jednotka se py\u0161n\u00ed p\u016fsobiv\u00fdmi 10 000 potahy a velkorysou kapacitou 18 ml, co\u017e zaji\u0161\u0165uje dlouhotrvaj\u00edc\u00ed po\u017eitek.<\/p>\n<p>UWIN CRYSTAL 10K, navr\u017een\u00fd pro pohodl\u00ed, je vybaven dob\u00edjec\u00ed 650 mAh bateri\u00ed s kobaltov\u00fdm portem typu C a 0,8ohmovou mesh spir\u00e1lkou pro optim\u00e1ln\u00ed pod\u00e1n\u00ed chuti, d\u00edky \u010demu\u017e je ide\u00e1ln\u00ed pro velkoobchodn\u00ed odb\u011bratele. \u017div\u00e9 RGB sv\u011btla dod\u00e1vaj\u00ed n\u00e1dech elegance, zat\u00edmco 15 dostupn\u00fdch p\u0159\u00edchut\u00ed uspokoj\u00ed v\u0161echny chut\u011b.<\/p>\n<p>Vylep\u0161ete svou hru vapingu s velkoobchodn\u00ed cenou jednor\u00e1zov\u00e9 e-cigarety UWIN CRYSTAL 10000 Puff je\u0161t\u011b dnes!<\/p>\n<p>&nbsp;<\/p>\n<\/div>\n<\/div>\n<\/div>\n<\/div>\n<\/div>\n<\/div>\n<\/div>\n<\/div>\n<p><strong>Kontaktujte Amy a z\u00edskejte spr\u00e1vnou odpov\u011b\u010f a dal\u0161\u00ed produktov\u00e1 videa!<\/strong><\/p>\n<p><img loading=\"lazy\" decoding=\"async\" class=\"size-full wp-image-1978\" src=\"https:\/\/rmvapesale.com\/wp-content\/uploads\/2024\/09\/Disposable-Vape-Wholesale.jpg\" alt=\"Jednor\u00e1zov\u00e1 e-cigareta velkoobchod\" width=\"229\" height=\"300\" \/><\/p>\n<h3><a href=\"https:\/\/wa.me\/8617776015835\" target=\"_blank\" rel=\"noopener\"><span style=\"color: #ff0000\"><strong>WhatsApp: +86 17776015835<\/strong><\/span><\/a><\/h3>\n<p>&nbsp;<\/p>\n<h2><\/h2>\n<h2><strong>Kl\u00ed\u010dov\u00e9 vlastnosti e-cigarety UWIN CRYSTAL 10000 Puff<\/strong><\/h2>\n<p>0% 2% 3% 5% Nikotin<br \/>\nPotahy: 10000<br \/>\nKapacita: 18 ml<br \/>\n200 ks \/ karton<br \/>\n10 ks \/ krabice<br \/>\nK dispozici 15 p\u0159\u00edchut\u00ed<br \/>\n650 mAh Dob\u00edjec\u00ed kobaltov\u00fd port typu C<br \/>\nSpir\u00e1lka: 0,8 ohm mesh spir\u00e1lka<br \/>\nKa\u017ed\u00fd karton: 17,3 kg<br \/>\nVelikost kartonu: 36,5 * 36,7 * 31,5 CM<br \/>\nRGB SV\u011aTLA<\/p>\n<p><img loading=\"lazy\" decoding=\"async\" class=\"wp-image-2958 size-full\" src=\"https:\/\/rmvapesale.com\/wp-content\/uploads\/2025\/01\/Uwin-Crystal-10000-Disposable-Vape-Bulk-Buy.webp\" alt=\"Uwin Crystal 10000 Jednor\u00e1zov\u00e1 Vape Hromadn\u00fd N\u00e1kup\" width=\"1000\" height=\"1000\" srcset=\"https:\/\/rmvapesale.com\/wp-content\/uploads\/2025\/01\/Uwin-Crystal-10000-Disposable-Vape-Bulk-Buy.webp 1000w, https:\/\/rmvapesale.com\/wp-content\/uploads\/2025\/01\/Uwin-Crystal-10000-Disposable-Vape-Bulk-Buy-300x300.webp 300w, https:\/\/rmvapesale.com\/wp-content\/uploads\/2025\/01\/Uwin-Crystal-10000-Disposable-Vape-Bulk-Buy-150x150.webp 150w, https:\/\/rmvapesale.com\/wp-content\/uploads\/2025\/01\/Uwin-Crystal-10000-Disposable-Vape-Bulk-Buy-768x768.webp 768w, https:\/\/rmvapesale.com\/wp-content\/uploads\/2025\/01\/Uwin-Crystal-10000-Disposable-Vape-Bulk-Buy-600x600.webp 600w, https:\/\/rmvapesale.com\/wp-content\/uploads\/2025\/01\/Uwin-Crystal-10000-Disposable-Vape-Bulk-Buy-100x100.webp 100w\" sizes=\"auto, (max-width: 1000px) 100vw, 1000px\" \/><\/p>\n<h2><\/h2>\n<h2><strong>\u0160pi\u010dkov\u00e1 chu\u0165 pro UWIN CRYSTAL 10000 Puff<\/strong><\/h2>\n<p>Jednor\u00e1zov\u00fd Vape Pod UWIN CRYSTAL 10000 Puff nab\u00edz\u00ed 15 lahodn\u00fdch p\u0159\u00edchut\u00ed, vyb\u00edrejte z r\u016fzn\u00fdch p\u0159\u00edchut\u00ed, v\u010detn\u011b klasick\u00e9 osv\u011b\u017euj\u00edc\u00ed chladiv\u00e9 m\u00e1ty a exotick\u00e9 sladkosti hrozn\u016f, z nich\u017e ka\u017ed\u00e1 slibuje bohatou a uspokojuj\u00edc\u00ed cestu s ka\u017ed\u00fdm pot\u00e1hnut\u00edm.<\/p>\n<p>1. Bor\u016fvka Malina<br \/>\n2. Hroznov\u00fd led<span style=\"color: #ff0000\"><strong>&gt;&gt;&gt;&gt; Hork\u00e9!<\/strong><\/span><br \/>\n3. Jahoda Vodn\u00ed meloun<br \/>\n4. Bor\u016fvka s ledem<br \/>\n5. Vodn\u00ed meloun s ledem<span style=\"color: #ff0000\"><strong>&gt;&gt;&gt;&gt; Hork\u00e9!<\/strong><\/span><br \/>\n6. T\u0159e\u0161\u0148ov\u00fd led<br \/>\n7. Jahoda malina t\u0159e\u0161e\u0148<br \/>\n8. Kiwi Mu\u010denka guava<br \/>\n9. Jahodov\u00fd led<br \/>\n10. Broskvov\u00fd led<br \/>\n11. Jahoda kiwi<br \/>\n12. Broskev bobule<br \/>\n13. T\u0159e\u0161\u0148ov\u00e1 cola<br \/>\n14. M\u00edchan\u00e9 bobule<br \/>\n15. Pan Modr\u00fd<span style=\"color: #ff0000\"><strong>&gt;&gt;&gt;&gt; Nejlep\u0161\u00ed!<\/strong><\/span><\/p>\n<p>&nbsp;<\/p>\n<div class=\"flex-shrink-0 flex flex-col relative items-end\">\n<div>\n<div class=\"pt-0\">\n<div class=\"gizmo-bot-avatar flex h-8 w-8 items-center justify-center overflow-hidden rounded-full\">\n<div class=\"relative p-1 rounded-sm flex items-center justify-center bg-token-main-surface-primary text-token-text-primary h-8 w-8\">\n<h3><b>\u010casto kladen\u00e9 ot\u00e1zky<\/b><\/h3>\n<p>&nbsp;<\/p>\n<\/div>\n<\/div>\n<\/div>\n<\/div>\n<\/div>\n<div class=\"group\/conversation-turn relative flex w-full min-w-0 flex-col agent-turn\">\n<div class=\"flex-col gap-1 md:gap-3\">\n<div class=\"flex max-w-full flex-col flex-grow\">\n<div class=\"min-h-8 text-message flex w-full flex-col items-end gap-2 whitespace-normal break-words [.text-message+&amp;]:mt-5\" dir=\"auto\" data-message-author-role=\"assistant\" data-message-id=\"f226d3fc-81f3-46d5-8c46-31787fff0357\">\n<div class=\"flex w-full flex-col gap-1 empty:hidden first:pt-[3px]\">\n<div class=\"markdown prose w-full break-words dark:prose-invert light\">\n<p><strong>Q1: Jak\u00e9 jsou dostupn\u00e9 s\u00edly nikotinu pro jednor\u00e1zovou vapovac\u00ed sadu UWIN CRYSTAL 10000 Puff?<\/strong><br \/>\nA1: UWIN CRYSTAL nab\u00edz\u00ed mo\u017enosti nikotinu 0 %, 2 %, 3 % a 5 %, co\u017e v\u00e1m umo\u017en\u00ed vybrat si \u00farove\u0148, kter\u00e1 v\u00e1m nejl\u00e9pe vyhovuje.<\/p>\n<p><strong>Q2: Kolik pot\u00e1hnut\u00ed mohu o\u010dek\u00e1vat od jednor\u00e1zov\u00e9 e-cigarety UWIN CRYSTAL 10000 Puff?<\/strong><br \/>\nA2: Ka\u017ed\u00e9 vapovac\u00ed za\u0159\u00edzen\u00ed poskytuje impozantn\u00edch 10 000 pot\u00e1hnut\u00ed, co\u017e z n\u011bj \u010din\u00ed dlouhotrvaj\u00edc\u00ed volbu pro vapery.<\/p>\n<p><strong>Q3: Jak\u00e1 je kapacita e-cigarety UWIN CRYSTAL?<\/strong><br \/>\nA3: UWIN CRYSTAL m\u00e1 kapacitu 18 ml, co\u017e zaji\u0161\u0165uje dostate\u010dn\u00e9 mno\u017estv\u00ed e-liquidu pro del\u0161\u00ed pou\u017e\u00edv\u00e1n\u00ed.<\/p>\n<p><strong>Q4: Kolik p\u0159\u00edchut\u00ed je k dispozici pro UWIN CRYSTAL?<\/strong><br \/>\nA4: Na v\u00fdb\u011br je 15 vzru\u0161uj\u00edc\u00edch p\u0159\u00edchut\u00ed, v\u010detn\u011b Blueberry Raspberry, Grape Ice, Strawberry Watermelon a mnoha dal\u0161\u00edch.<\/p>\n<p><strong>Q5: Je UWIN CRYSTAL dob\u00edjec\u00ed?<\/strong><br \/>\nA5: Ano! UWIN CRYSTAL je vybaven 650 mAh dob\u00edjec\u00ed bateri\u00ed s praktick\u00fdm kobaltov\u00fdm portem typu C.<\/p>\n<p><strong>Q6: Jak\u00fd typ spir\u00e1lky pou\u017e\u00edv\u00e1 UWIN CRYSTAL?<\/strong><br \/>\nA6: Tento vape vyu\u017e\u00edv\u00e1 0,8ohmovou mesh spir\u00e1lku, kter\u00e1 zaji\u0161\u0165uje hladk\u00fd a chutn\u00fd z\u00e1\u017eitek z vapingu.<\/p>\n<p><strong>Q7: Jak\u00e1 je konfigurace balen\u00ed pro velkoobchodn\u00ed objedn\u00e1vky?<\/strong><br \/>\nA7: UWIN CRYSTAL se dod\u00e1v\u00e1 v kartonech po 200 kusech, s 10 vape na krabici, co\u017e je ide\u00e1ln\u00ed pro velkoobchodn\u00ed odb\u011bratele.<\/p>\n<p><strong>Q8: Kolik stoj\u00ed jednor\u00e1zov\u00e1 vape UWIN CRYSTAL 10000 Puff?<\/strong><br \/>\nA8: Pro cenov\u00e9 dotazy n\u00e1s pros\u00edm kontaktujte p\u0159\u00edmo ohledn\u011b ceny jednor\u00e1zov\u00e9 vape UWIN CRYSTAL 10000 Puff.<\/p>\n<p><strong>Q9: Mohu zakoupit velkoobchodn\u011b UWIN CRYSTAL 10000 Puff Vape Pody?<\/strong><br \/>\nA9: Rozhodn\u011b! Nab\u00edz\u00edme velkoobchodn\u00ed ceny pro UWIN Crystal 10000 Puff Vape Pod. Pro podrobnosti n\u00e1s pros\u00edm kontaktujte.<\/p>\n<\/div>\n<\/div>\n<\/div>\n<\/div>\n<\/div>\n<\/div>\n<p>&nbsp;<\/p>\n<h3><\/h3>\n<h3>O p\u0159eprav\u011b<\/h3>\n<div class=\"flex-shrink-0 flex flex-col relative items-end\">\n<div>\n<div class=\"pt-0\">\n<div class=\"gizmo-bot-avatar flex h-8 w-8 items-center justify-center overflow-hidden rounded-full\">\n<div><\/div>\n<div class=\"relative p-1 rounded-sm flex items-center justify-center bg-token-main-surface-primary text-token-text-primary h-8 w-8\"><strong>1. Jak\u00e9 zp\u016fsoby dopravy se pou\u017e\u00edvaj\u00ed?<\/strong><\/div>\n<\/div>\n<\/div>\n<\/div>\n<\/div>\n<div class=\"group\/conversation-turn relative flex w-full min-w-0 flex-col agent-turn\">\n<div class=\"flex-col gap-1 md:gap-3\">\n<div class=\"flex max-w-full flex-col flex-grow\">\n<div class=\"min-h-[20px] text-message flex w-full flex-col items-end gap-2 whitespace-normal break-words [.text-message+&amp;]:mt-5 overflow-x-auto\" dir=\"auto\" data-message-author-role=\"assistant\" data-message-id=\"22f8283b-3233-46ff-89a5-c7a41b33abda\">\n<div class=\"flex w-full flex-col gap-1 empty:hidden first:pt-[3px]\">\n<div class=\"markdown prose w-full break-words dark:prose-invert light\">\n<p>Spolupracujeme s UPS, DHL, FedEx, DPD a dal\u0161\u00edmi p\u0159edn\u00edmi p\u0159epravci. Vybereme nejlep\u0161\u00ed zp\u016fsob dopravy na z\u00e1klad\u011b va\u0161\u00ed doru\u010dovac\u00ed lokality, abychom zajistili, \u017ee sv\u00e9 produkty obdr\u017e\u00edte co nejrychleji.<\/p>\n<\/div>\n<p><strong>2. Jak dlouho trv\u00e1 doru\u010den\u00ed?<\/strong><\/p>\n<p>Bal\u00ed\u010dky odeslan\u00e9 do \u010cesk\u00e9 republiky obvykle doraz\u00ed do 10 pracovn\u00edch dn\u016f. P\u0159eprava do evropsk\u00fdch zem\u00ed obecn\u011b trv\u00e1 asi 12-15 pracovn\u00edch dn\u016f. O stavu va\u0161\u00ed z\u00e1silky v\u00e1s budeme pr\u016fb\u011b\u017en\u011b informovat.<\/p>\n<\/div>\n<p><strong>3. Z\u00e1ruka<\/strong><\/p>\n<p><span style=\"color: #ff0000\"><strong>Na v\u0161echny produkty v na\u0161em obchod\u011b se vztahuje z\u00e1ruka 100% originality a autenti\u010dnosti. Nab\u00edz\u00edme 10n\u00e1sobnou kompenzaci za pad\u011blan\u00e9 zbo\u017e\u00ed!<\/strong><\/span><\/p>\n<div class=\"flex w-full flex-col gap-1 empty:hidden first:pt-[3px]\">\n<p>&nbsp;<\/p>\n<\/div>\n<\/div>\n<\/div>\n<\/div>\n<\/div>\n<p>&nbsp;<\/p>\n<p>Dal\u0161\u00ed obl\u00edben\u00e9 jednor\u00e1zov\u00e9 e-cigarety, kter\u00e9 by se v\u00e1m mohly l\u00edbit:<\/p>\n<p><a href=\"https:\/\/rmvapesale.com\/cs\/product\/bang-30k-puffs-disposable-vape-double-taste-wholesale-italy\/\"><strong>Bang 30k Puffs \u00a0<span style=\"color: #ff0000\">&gt;&gt;&gt;&gt; j\u00edt!<\/span><\/strong><\/a><\/p>\n<p><strong><a href=\"https:\/\/rmvapesale.com\/cs\/product\/uzy-qute-800-puffs-disposable-vape-original-wholesale\/\">UZY QUTE 800 Puffs <span style=\"color: #ff0000\">&gt;&gt;&gt;&gt; j\u00edt!<\/span><\/a>\u00a0<\/strong><\/p>\n<p><a href=\"https:\/\/rmvapesale.com\/cs\/product\/waspe-20000-puffs-dual-mesh-box-disposable-vape\/\"><strong>WASPE 20000 Puffs <span style=\"color: #ff0000\">&gt;&gt;&gt;&gt; j\u00edt!<\/span><\/strong><\/a><\/p>\n<p>&nbsp;<\/p>\n<p>&nbsp;<\/p>\n<p>Naj\u00edt v\u00edce produkt\u016f pro vaping, kter\u00e9 by se v\u00e1m mohly l\u00edbit:<strong><em><a href=\"https:\/\/rmvapesale.com\/cs\/shop-2\/\">nakupujte nyn\u00ed &gt;&gt;&gt;<\/a><\/em><\/strong><\/p>","protected":false},"excerpt":{"rendered":"<p>Velkoobchod s jednor\u00e1zovou e-cigaretou UWIN Crystal 10000 Puff<br \/>\nHromadn\u00fd n\u00e1kup jednor\u00e1zov\u00e9 e-cigarety UWIN Crystal 10000 Puff za velkoobchodn\u00ed cenu<br \/>\nUWIN Crystal 10000 Puff Vape Pod 15 p\u0159\u00edchut\u00ed skladem<\/p>\n<p><img loading=\"lazy\" decoding=\"async\" class=\"size-full wp-image-1978\" src=\"https:\/\/rmvapesale.com\/wp-content\/uploads\/2024\/09\/Disposable-Vape-Wholesale.jpg\" alt=\"Jednor\u00e1zov\u00e1 e-cigareta velkoobchod\" width=\"229\" height=\"300\" \/><\/p>\n<h3><a href=\"https:\/\/wa.me\/8617776015835\"><span style=\"color: #ff0000\"><strong>WhatsApp: +86 17776015835<\/strong><\/span><\/a><\/h3>\n<p>&nbsp;<\/p>","protected":false},"featured_media":2962,"comment_status":"open","ping_status":"closed","template":"","meta":{"_uag_custom_page_level_css":"","_lmt_disableupdate":"no","_lmt_disable":"","site-sidebar-layout":"default","site-content-layout":"content-boxed-container","ast-site-content-layout":"normal-width-container","site-content-style":"boxed","site-sidebar-style":"unboxed","ast-global-header-display":"","ast-banner-title-visibility":"","ast-main-header-display":"","ast-hfb-above-header-display":"","ast-hfb-below-header-display":"","ast-hfb-mobile-header-display":"","site-post-title":"","ast-breadcrumbs-content":"","ast-featured-img":"","footer-sml-layout":"","theme-transparent-header-meta":"default","adv-header-id-meta":"","stick-header-meta":"","header-above-stick-meta":"","header-main-stick-meta":"","header-below-stick-meta":"","astra-migrate-meta-layouts":"set","ast-page-background-enabled":"default","ast-page-background-meta":{"desktop":{"background-color":"var(--ast-global-color-4)","background-image":"","background-repeat":"repeat","background-position":"center center","background-size":"auto","background-attachment":"scroll","background-type":"","background-media":"","overlay-type":"","overlay-color":"","overlay-opacity":"","overlay-gradient":""},"tablet":{"background-color":"","background-image":"","background-repeat":"repeat","background-position":"center center","background-size":"auto","background-attachment":"scroll","background-type":"","background-media":"","overlay-type":"","overlay-color":"","overlay-opacity":"","overlay-gradient":""},"mobile":{"background-color":"","background-image":"","background-repeat":"repeat","background-position":"center center","background-size":"auto","background-attachment":"scroll","background-type":"","background-media":"","overlay-type":"","overlay-color":"","overlay-opacity":"","overlay-gradient":""}},"ast-content-background-meta":{"desktop":{"background-color":"var(--ast-global-color-5)","background-image":"","background-repeat":"repeat","background-position":"center center","background-size":"auto","background-attachment":"scroll","background-type":"","background-media":"","overlay-type":"","overlay-color":"","overlay-opacity":"","overlay-gradient":""},"tablet":{"background-color":"var(--ast-global-color-5)","background-image":"","background-repeat":"repeat","background-position":"center center","background-size":"auto","background-attachment":"scroll","background-type":"","background-media":"","overlay-type":"","overlay-color":"","overlay-opacity":"","overlay-gradient":""},"mobile":{"background-color":"var(--ast-global-color-5)","background-image":"","background-repeat":"repeat","background-position":"center center","background-size":"auto","background-attachment":"scroll","background-type":"","background-media":"","overlay-type":"","overlay-color":"","overlay-opacity":"","overlay-gradient":""}},"_joinchat":[]},"product_brand":[],"product_cat":[15,25,123,26,28,27,30],"product_tag":[124,66,101,105,120,116],"class_list":{"0":"post-2298","1":"product","2":"type-product","3":"status-publish","4":"has-post-thumbnail","6":"product_cat-new-vape-this-week","7":"product_cat-germany-best-selling-vape","8":"product_cat-italy-wholesale-vape","9":"product_cat-netherlands-hot-sale-vape","10":"product_cat-poland-hot-sale-vape","11":"product_cat-fance-hot-sale-vape","12":"product_cat-minimum-order-quantity-50pcs","13":"product_tag-crystal-vape","14":"product_tag-disposable-vape","15":"product_tag-led-display-vape","16":"product_tag-nicotine-free-disposable-vape","17":"product_tag-vape-wholesale","18":"product_tag-vapes","19":"desktop-align-left","20":"tablet-align-left","21":"mobile-align-left","23":"first","24":"instock","25":"sale","26":"shipping-taxable","27":"purchasable","28":"product-type-simple"},"uagb_featured_image_src":{"full":["https:\/\/rmvapesale.com\/wp-content\/uploads\/2025\/01\/Uwin-Crystal-10000-Puff-Disposable-Vape-Wholesale-Cheap-Price.webp",1000,1000,false],"thumbnail":["https:\/\/rmvapesale.com\/wp-content\/uploads\/2025\/01\/Uwin-Crystal-10000-Puff-Disposable-Vape-Wholesale-Cheap-Price-150x150.webp",150,150,true],"medium":["https:\/\/rmvapesale.com\/wp-content\/uploads\/2025\/01\/Uwin-Crystal-10000-Puff-Disposable-Vape-Wholesale-Cheap-Price-300x300.webp",300,300,true],"medium_large":["https:\/\/rmvapesale.com\/wp-content\/uploads\/2025\/01\/Uwin-Crystal-10000-Puff-Disposable-Vape-Wholesale-Cheap-Price-768x768.webp",768,768,true],"large":["https:\/\/rmvapesale.com\/wp-content\/uploads\/2025\/01\/Uwin-Crystal-10000-Puff-Disposable-Vape-Wholesale-Cheap-Price.webp",1000,1000,false],"1536x1536":["https:\/\/rmvapesale.com\/wp-content\/uploads\/2025\/01\/Uwin-Crystal-10000-Puff-Disposable-Vape-Wholesale-Cheap-Price.webp",1000,1000,false],"2048x2048":["https:\/\/rmvapesale.com\/wp-content\/uploads\/2025\/01\/Uwin-Crystal-10000-Puff-Disposable-Vape-Wholesale-Cheap-Price.webp",1000,1000,false],"trp-custom-language-flag":["https:\/\/rmvapesale.com\/wp-content\/uploads\/2025\/01\/Uwin-Crystal-10000-Puff-Disposable-Vape-Wholesale-Cheap-Price.webp",12,12,false],"woocommerce_thumbnail":["https:\/\/rmvapesale.com\/wp-content\/uploads\/2025\/01\/Uwin-Crystal-10000-Puff-Disposable-Vape-Wholesale-Cheap-Price-300x300.webp",300,300,true],"woocommerce_single":["https:\/\/rmvapesale.com\/wp-content\/uploads\/2025\/01\/Uwin-Crystal-10000-Puff-Disposable-Vape-Wholesale-Cheap-Price-600x600.webp",600,600,true],"woocommerce_gallery_thumbnail":["https:\/\/rmvapesale.com\/wp-content\/uploads\/2025\/01\/Uwin-Crystal-10000-Puff-Disposable-Vape-Wholesale-Cheap-Price-100x100.webp",100,100,true],"wcpr-photo-reviews":["https:\/\/rmvapesale.com\/wp-content\/uploads\/2025\/01\/Uwin-Crystal-10000-Puff-Disposable-Vape-Wholesale-Cheap-Price.webp",500,500,false]},"uagb_author_info":{"display_name":"AMY","author_link":"https:\/\/rmvapesale.com\/cs\/author\/"},"uagb_comment_info":0,"uagb_excerpt":"UWIN Crystal 10000 Puff Disposable Vape Wholesale UWIN Crystal 10000 Puff Disposable Vape Bulk Buy Price UWIN Crystal 10000 Puff Vape Pod 15 Flavor in Stock WhatsApp: +86 17776015835 &nbsp;","_links":{"self":[{"href":"https:\/\/rmvapesale.com\/cs\/wp-json\/wp\/v2\/product\/2298","targetHints":{"allow":["GET"]}}],"collection":[{"href":"https:\/\/rmvapesale.com\/cs\/wp-json\/wp\/v2\/product"}],"about":[{"href":"https:\/\/rmvapesale.com\/cs\/wp-json\/wp\/v2\/types\/product"}],"replies":[{"embeddable":true,"href":"https:\/\/rmvapesale.com\/cs\/wp-json\/wp\/v2\/comments?post=2298"}],"wp:featuredmedia":[{"embeddable":true,"href":"https:\/\/rmvapesale.com\/cs\/wp-json\/wp\/v2\/media\/2962"}],"wp:attachment":[{"href":"https:\/\/rmvapesale.com\/cs\/wp-json\/wp\/v2\/media?parent=2298"}],"wp:term":[{"taxonomy":"product_brand","embeddable":true,"href":"https:\/\/rmvapesale.com\/cs\/wp-json\/wp\/v2\/product_brand?post=2298"},{"taxonomy":"product_cat","embeddable":true,"href":"https:\/\/rmvapesale.com\/cs\/wp-json\/wp\/v2\/product_cat?post=2298"},{"taxonomy":"product_tag","embeddable":true,"href":"https:\/\/rmvapesale.com\/cs\/wp-json\/wp\/v2\/product_tag?post=2298"}],"curies":[{"name":"wp","href":"https:\/\/api.w.org\/{rel}","templated":true}]}}