{"id":2305,"date":"2024-10-09T03:30:01","date_gmt":"2024-10-09T03:30:01","guid":{"rendered":"https:\/\/rmvapesale.com\/?post_type=product&#038;p=2305"},"modified":"2024-10-09T04:01:03","modified_gmt":"2024-10-09T04:01:03","slug":"waspe-fihp-30000-puffs-led-display-disposable-vape-box","status":"publish","type":"product","link":"https:\/\/rmvapesale.com\/cs\/product\/waspe-fihp-30000-puffs-led-display-disposable-vape-box\/","title":{"rendered":"WASPE FIHP 30000 pot\u00e1hnut\u00ed LED displej Jednor\u00e1zov\u00e1 vape krabi\u010dka"},"content":{"rendered":"<div class=\"B2VR9 CJHX3e\">\n<div class=\"wyccme\">\n<h1 class=\"LC20lb MBeuO DKV0Md\">WASPE FIHP 30000 pot\u00e1hnut\u00ed LED displej Jednor\u00e1zov\u00e1 vape krabi\u010dka<\/h1>\n<div class=\"flex-shrink-0 flex flex-col relative items-end\">\n<div>\n<div class=\"pt-0\">\n<div class=\"gizmo-bot-avatar flex h-8 w-8 items-center justify-center overflow-hidden rounded-full\">\n<div class=\"relative p-1 rounded-sm flex items-center justify-center bg-token-main-surface-primary text-token-text-primary h-8 w-8\"><\/div>\n<\/div>\n<\/div>\n<\/div>\n<\/div>\n<div class=\"group\/conversation-turn relative flex w-full min-w-0 flex-col agent-turn\">\n<div class=\"flex-col gap-1 md:gap-3\">\n<div class=\"flex max-w-full flex-col flex-grow\">\n<div class=\"min-h-8 text-message flex w-full flex-col items-end gap-2 whitespace-normal break-words [.text-message+&amp;]:mt-5\" dir=\"auto\" data-message-author-role=\"assistant\" data-message-id=\"871c1362-82be-4876-894c-d28f37ffd3d3\">\n<div class=\"flex w-full flex-col gap-1 empty:hidden first:pt-[3px]\">\n<div class=\"markdown prose w-full break-words dark:prose-invert light\">\n<p>Seznamte se s WASPE FIHP 30000 Puffs LED Display Disposable Vape Box \u2013 va\u0161\u00edm dokonal\u00fdm spole\u010dn\u00edkem pro vapov\u00e1n\u00ed! S \u00fa\u017easnou kapacitou a\u017e 30 000 pot\u00e1hnut\u00ed v re\u017eimu Regular a 15 000 v re\u017eimu Pulse si u\u017eijete dlouhotrvaj\u00edc\u00ed z\u00e1\u017eitek.<\/p>\n<p>Tato vape pod obsahuje du\u00e1ln\u00ed mesh spir\u00e1lku pro bohatou chu\u0165 a p\u016fsobivou produkci p\u00e1ry. S velkorys\u00fdm objemem 28 ml e-liquidu si m\u016f\u017eete vychutnat sv\u00e9 obl\u00edben\u00e9 p\u0159\u00edchut\u011b a\u017e na 30 000 pot\u00e1hnut\u00ed. Nastaviteln\u00fd pr\u016ftok vzduchu v\u00e1m nav\u00edc umo\u017en\u00ed p\u0159izp\u016fsobit si z\u00e1\u017eitek k dokonalosti!<\/p>\n<p>Co odli\u0161uje WASPE FW 30000 box puffs, je jeho z\u00e1\u0159iv\u00fd LED displej, kter\u00fd nejen\u017ee zobrazuje va\u0161e aktu\u00e1ln\u00ed nastaven\u00ed, ale tak\u00e9 v\u00e1s informuje o stavu baterie a e-liquidu. U\u017e \u017e\u00e1dn\u00e9 h\u00e1d\u00e1n\u00ed \u2013 m\u011bjte p\u0159ehled!<\/p>\n<p>Vyberte si svou hladinu nikotinu \u2013 0 %, 2 % nebo 5 % \u2013 podle va\u0161\u00ed n\u00e1lady. Kdy\u017e je \u010das dob\u00edt, pohodln\u00e9 nab\u00edjen\u00ed p\u0159es Type-C je hra\u010dka. S hmotnost\u00ed pouh\u00fdch 107 g je WASPE lehk\u00fd a p\u0159enosn\u00fd, tak\u017ee je ide\u00e1ln\u00ed pro \u017eivot na cest\u00e1ch.<\/p>\n<p>P\u0159ipravte se pozvednout svou cestu vapov\u00e1n\u00ed s WASPE 30000 Puffs LED Display Disposable Vape Box!<\/p>\n<p>&nbsp;<\/p>\n<\/div>\n<\/div>\n<\/div>\n<\/div>\n<\/div>\n<\/div>\n<\/div>\n<\/div>\n<p><strong>Kontaktujte Amy a z\u00edskejte spr\u00e1vnou odpov\u011b\u010f a dal\u0161\u00ed produktov\u00e1 videa!<\/strong><\/p>\n<p><img loading=\"lazy\" decoding=\"async\" class=\"size-full wp-image-1978\" src=\"https:\/\/rmvapesale.com\/wp-content\/uploads\/2024\/09\/Disposable-Vape-Wholesale.jpg\" alt=\"Jednor\u00e1zov\u00e1 e-cigareta velkoobchod\" width=\"229\" height=\"300\" \/><\/p>\n<h3><a href=\"https:\/\/wa.me\/8617776015835\" target=\"_blank\" rel=\"noopener\"><span style=\"color: #ff0000\"><strong>WhatsApp: +86 17776015835<\/strong><\/span><\/a><\/h3>\n<p>&nbsp;<\/p>\n<h2><\/h2>\n<h2><strong>Kl\u00ed\u010dov\u00e9 vlastnosti WASPE FIHP 30000 Puffs Vape Box<\/strong><\/h2>\n<p>&nbsp;<\/p>\n<p>Regular: 30000 pot\u00e1hnut\u00ed<br \/>\nPulse: 15000 pot\u00e1hnut\u00ed<br \/>\nDu\u00e1ln\u00ed Mesh spir\u00e1lka: 1ohm+1ohm<br \/>\nE-liquid:28ml<br \/>\nNikotin:0 %\/2 %\/5 %<br \/>\nBaterie:850mah<br \/>\nNastaviteln\u00fd pr\u016ftok vzduchu<br \/>\nDob\u00edjen\u00ed:Type-C<br \/>\nLED displej<\/p>\n<p>&nbsp;<\/p>\n<figure id=\"attachment_2300\" aria-describedby=\"caption-attachment-2300\" style=\"width: 808px\" class=\"wp-caption alignnone\"><img loading=\"lazy\" decoding=\"async\" class=\"wp-image-2300 size-full\" src=\"https:\/\/rmvapesale.com\/wp-content\/uploads\/2024\/10\/FIHP-WASPE-Tornado-30000-puffs-vape-Cheap-Price.jpg\" alt=\"FIHP WASPE Tornado 30000 pot\u00e1hnut\u00ed vape Levn\u00e1 cena\" width=\"808\" height=\"808\" srcset=\"https:\/\/rmvapesale.com\/wp-content\/uploads\/2024\/10\/FIHP-WASPE-Tornado-30000-puffs-vape-Cheap-Price.jpg 808w, https:\/\/rmvapesale.com\/wp-content\/uploads\/2024\/10\/FIHP-WASPE-Tornado-30000-puffs-vape-Cheap-Price-300x300.jpg 300w, https:\/\/rmvapesale.com\/wp-content\/uploads\/2024\/10\/FIHP-WASPE-Tornado-30000-puffs-vape-Cheap-Price-150x150.jpg 150w, https:\/\/rmvapesale.com\/wp-content\/uploads\/2024\/10\/FIHP-WASPE-Tornado-30000-puffs-vape-Cheap-Price-768x768.jpg 768w, https:\/\/rmvapesale.com\/wp-content\/uploads\/2024\/10\/FIHP-WASPE-Tornado-30000-puffs-vape-Cheap-Price-600x600.jpg 600w, https:\/\/rmvapesale.com\/wp-content\/uploads\/2024\/10\/FIHP-WASPE-Tornado-30000-puffs-vape-Cheap-Price-100x100.jpg 100w\" sizes=\"auto, (max-width: 808px) 100vw, 808px\" \/><figcaption id=\"caption-attachment-2300\" class=\"wp-caption-text\">FIHP WASPE Tornado 30000 pot\u00e1hnut\u00ed vape Levn\u00e1 cena<\/figcaption><\/figure>\n<h2><strong>Nejlep\u0161\u00ed p\u0159\u00edchu\u0165 pro WASPE FIHP 30000 Puffs LED Display Disposable Vape Box<\/strong><\/h2>\n<p>WASPE 30000 Puffs LED Display Disposable Vape Box nab\u00edz\u00ed 16 lahodn\u00fdch p\u0159\u00edchut\u00ed. Vyberte si z \u0159ady p\u0159\u00edchut\u00ed, v\u010detn\u011b klasick\u00e9 osv\u011b\u017euj\u00edc\u00ed cool mint a exotick\u00e9 sladkosti hrozn\u016f, z nich\u017e ka\u017ed\u00e1 slibuje bohatou, uspokojivou cestu s ka\u017ed\u00fdm pot\u00e1hnut\u00edm.<\/p>\n<p>1.Jahoda Mango<br \/>\n2.Sm\u00ed\u0161en\u00e9 bobule<span style=\"color: #ff0000\"><strong>&gt;&gt;&gt;&gt; Hork\u00e9!<\/strong><\/span><br \/>\n3.Melounov\u00e1 zmrzlina<br \/>\n4.Jahoda vodn\u00ed meloun<br \/>\n5.Jahoda Red Bull<span style=\"color: #ff0000\"><strong>&gt;&gt;&gt;&gt; Hork\u00e9!<\/strong><\/span><br \/>\n6.Kiwi mu\u010denka guava<br \/>\n7.Hroznov\u00e9 v\u00edno led<br \/>\n8.Dvojit\u00e9 jablko led<br \/>\n9.Bor\u016fvka malina<br \/>\n10.Vodn\u00ed meloun mango led<br \/>\n11.Bor\u016fvka led<br \/>\n12. Broskvov\u00e9 bobule<br \/>\n13.Jahoda kiwi<br \/>\n14.T\u0159e\u0161e\u0148 led<br \/>\n15.Jahoda superburst t\u0159e\u0161e\u0148<br \/>\n16. \u017dv\u00fdka\u010dka s vodn\u00edm melounem<span style=\"color: #ff0000\"><strong>&gt;&gt;&gt;&gt; Nejlep\u0161\u00ed!<\/strong><\/span><\/p>\n<p>&nbsp;<\/p>\n<div class=\"flex-shrink-0 flex flex-col relative items-end\">\n<div>\n<div class=\"pt-0\">\n<div class=\"gizmo-bot-avatar flex h-8 w-8 items-center justify-center overflow-hidden rounded-full\">\n<div class=\"relative p-1 rounded-sm flex items-center justify-center bg-token-main-surface-primary text-token-text-primary h-8 w-8\">\n<h3><b>\u010casto kladen\u00e9 ot\u00e1zky<\/b><\/h3>\n<p>&nbsp;<\/p>\n<\/div>\n<\/div>\n<\/div>\n<\/div>\n<\/div>\n<div class=\"group\/conversation-turn relative flex w-full min-w-0 flex-col agent-turn\">\n<div class=\"flex-col gap-1 md:gap-3\">\n<div class=\"flex max-w-full flex-col flex-grow\">\n<div class=\"min-h-8 text-message flex w-full flex-col items-end gap-2 whitespace-normal break-words [.text-message+&amp;]:mt-5\" dir=\"auto\" data-message-author-role=\"assistant\" data-message-id=\"f226d3fc-81f3-46d5-8c46-31787fff0357\">\n<div class=\"flex w-full flex-col gap-1 empty:hidden first:pt-[3px]\">\n<div class=\"markdown prose w-full break-words dark:prose-invert light\">\n<p><strong>Q1: Jak\u00e9 mo\u017enosti nikotinu jsou k dispozici pro WASPE 30000 Puffs Vape Box?<\/strong><br \/>\nA1: M\u016f\u017eete si vybrat z \u00farovn\u00ed nikotinu 0%, 2% nebo 5% podle sv\u00fdch preferenc\u00ed.<\/p>\n<p><strong>Q2: Kolik pot\u00e1hnut\u00ed mohu z\u00edskat z WASPE 30000 Puffs Vape Box?<\/strong><br \/>\nA2: U\u017eijte si a\u017e 30 000 pot\u00e1hnut\u00ed v re\u017eimu Regular a 15 000 pot\u00e1hnut\u00ed v re\u017eimu Pulse, co\u017e poskytuje dlouhotrvaj\u00edc\u00ed spokojenost.<\/p>\n<p><strong>Q3: Jak\u00e9 p\u0159\u00edchut\u011b jsou nab\u00edzeny pro jednor\u00e1zovou vapku WASPE 30000 Puffs?<\/strong><br \/>\nA3: Vyberte si ze vzru\u0161uj\u00edc\u00edho sortimentu p\u0159\u00edchut\u00ed, jako je Jahoda mango, Sm\u00ed\u0161en\u00e9 bobule, Vodn\u00ed meloun led a mnoho dal\u0161\u00edch!<\/p>\n<p><strong>Q4: Jak sleduji stav baterie a hladinu e-liquidu?<\/strong><br \/>\nA4: LED displej na WASPE Vape Boxu zobrazuje \u017eivotnost baterie i hladinu e-liquidu, tak\u017ee budete v\u017edy informov\u00e1ni.<\/p>\n<p><strong>Q5: Je jednor\u00e1zov\u00e1 vapka WASPE 30000 Puffs dob\u00edjec\u00ed?<\/strong><br \/>\nA5: Ano, je vybavena pohodln\u00fdm nab\u00edjen\u00edm typu Type-C pro snadn\u00e9 dob\u00edjen\u00ed v p\u0159\u00edpad\u011b pot\u0159eby.<\/p>\n<p><strong>Q6: Jak\u00e1 je konfigurace balen\u00ed pro hromadn\u00e9 objedn\u00e1vky?<\/strong><br \/>\nA6: Jednor\u00e1zov\u00e1 e-cigareta WASPE 30000 Puffs je k dispozici pro hromadn\u00fd n\u00e1kup, co\u017e je ide\u00e1ln\u00ed pro velkoobchodn\u00ed z\u00e1kazn\u00edky.<\/p>\n<p><strong>Q7: Mohu si velkoobchodn\u011b zakoupit jednor\u00e1zovou e-cigaretu WASPE FIHP FW 30000?<\/strong><br \/>\nA7: Naprosto! Jednor\u00e1zovou e-cigaretu WASPE FIHP FW 30000 nab\u00edz\u00edme ve velkoobchodn\u00edch a hromadn\u00fdch n\u00e1kupn\u00edch variant\u00e1ch.<\/p>\n<p><strong>Q8: Kolik stoj\u00ed e-cigareta WASPE 30000 Puffs p\u0159i hromadn\u00e9m n\u00e1kupu?<\/strong><br \/>\nA8: Pro podrobnosti o cen\u00e1ch hromadn\u00e9ho n\u00e1kupu jednor\u00e1zov\u00e9 e-cigarety WASPE 30000 Puffs n\u00e1s pros\u00edm kontaktujte p\u0159\u00edmo.<\/p>\n<p><strong>Q9: Pro\u010d je e-cigareta WASPE 30000 Puffs ide\u00e1ln\u00ed pro maloobchodn\u00edky?<\/strong><br \/>\nA9: D\u00edky sv\u00e9 p\u016fsobiv\u00e9 kapacit\u011b potah\u016f, rozmanitosti p\u0159\u00edchut\u00ed a atraktivn\u00edmu designu je perfektn\u00ed volbou pro p\u0159il\u00e1k\u00e1n\u00ed z\u00e1kazn\u00edk\u016f.<\/p>\n<p><strong>Q10: Jak\u00e1 je hmotnost e-cigarety WASPE?<\/strong><br \/>\nA10: WASPE Vape Box je lehk\u00fd, v\u00e1\u017e\u00ed pouh\u00fdch 107 g, tak\u017ee se snadno p\u0159en\u00e1\u0161\u00ed pro vapov\u00e1n\u00ed na cest\u00e1ch.<\/p>\n<\/div>\n<\/div>\n<\/div>\n<\/div>\n<\/div>\n<\/div>\n<p>&nbsp;<\/p>\n<h3><\/h3>\n<h3>O p\u0159eprav\u011b<\/h3>\n<div class=\"flex-shrink-0 flex flex-col relative items-end\">\n<div>\n<div class=\"pt-0\">\n<div class=\"gizmo-bot-avatar flex h-8 w-8 items-center justify-center overflow-hidden rounded-full\">\n<div><\/div>\n<div class=\"relative p-1 rounded-sm flex items-center justify-center bg-token-main-surface-primary text-token-text-primary h-8 w-8\"><strong>1. Jak\u00e9 zp\u016fsoby dopravy se pou\u017e\u00edvaj\u00ed?<\/strong><\/div>\n<\/div>\n<\/div>\n<\/div>\n<\/div>\n<div class=\"group\/conversation-turn relative flex w-full min-w-0 flex-col agent-turn\">\n<div class=\"flex-col gap-1 md:gap-3\">\n<div class=\"flex max-w-full flex-col flex-grow\">\n<div class=\"min-h-[20px] text-message flex w-full flex-col items-end gap-2 whitespace-normal break-words [.text-message+&amp;]:mt-5 overflow-x-auto\" dir=\"auto\" data-message-author-role=\"assistant\" data-message-id=\"22f8283b-3233-46ff-89a5-c7a41b33abda\">\n<div class=\"flex w-full flex-col gap-1 empty:hidden first:pt-[3px]\">\n<div class=\"markdown prose w-full break-words dark:prose-invert light\">\n<p>Spolupracujeme s UPS, DHL, FedEx, DPD a dal\u0161\u00edmi p\u0159edn\u00edmi p\u0159epravci. Vybereme nejlep\u0161\u00ed zp\u016fsob dopravy na z\u00e1klad\u011b va\u0161\u00ed doru\u010dovac\u00ed lokality, abychom zajistili, \u017ee sv\u00e9 produkty obdr\u017e\u00edte co nejrychleji.<\/p>\n<\/div>\n<p><strong>2. Jak dlouho trv\u00e1 doru\u010den\u00ed?<\/strong><\/p>\n<p>Bal\u00ed\u010dky odeslan\u00e9 do \u010cesk\u00e9 republiky obvykle doraz\u00ed do 10 pracovn\u00edch dn\u016f. P\u0159eprava do evropsk\u00fdch zem\u00ed obecn\u011b trv\u00e1 asi 12-15 pracovn\u00edch dn\u016f. O stavu va\u0161\u00ed z\u00e1silky v\u00e1s budeme pr\u016fb\u011b\u017en\u011b informovat.<\/p>\n<\/div>\n<p><strong>3. Z\u00e1ruka<\/strong><\/p>\n<p><span style=\"color: #ff0000\"><strong>Na v\u0161echny produkty v na\u0161em obchod\u011b se vztahuje z\u00e1ruka 100% originality a autenti\u010dnosti. Nab\u00edz\u00edme 10n\u00e1sobnou kompenzaci za pad\u011blan\u00e9 zbo\u017e\u00ed!<\/strong><\/span><\/p>\n<div class=\"flex w-full flex-col gap-1 empty:hidden first:pt-[3px]\">\n<p>&nbsp;<\/p>\n<\/div>\n<\/div>\n<\/div>\n<\/div>\n<\/div>\n<p>&nbsp;<\/p>\n<p>Dal\u0161\u00ed obl\u00edben\u00e9 jednor\u00e1zov\u00e9 e-cigarety, kter\u00e9 by se v\u00e1m mohly l\u00edbit:<\/p>\n<p><a href=\"https:\/\/rmvapesale.com\/cs\/product\/uwin-crystal-10000-puff-disposable-vape-wholesale-price\/\"><strong>UWIN CRYSTAL 10000 pot\u00e1hnut\u00ed\u00a0 \u00a0<span style=\"color: #ff0000\">&gt;&gt;&gt;&gt; j\u00edt!<\/span><\/strong><\/a><\/p>\n<p><strong><a href=\"https:\/\/rmvapesale.com\/cs\/product\/aivono-aim-boom-25000-puffs-smart-screen-disposable-vape\/\">Aivono Aim Boom 25000 pot\u00e1hnut\u00ed Chytr\u00e1 obrazovka <span style=\"color: #ff0000\">&gt;&gt;&gt;&gt; j\u00edt!<\/span><\/a>\u00a0<\/strong><\/p>\n<p><a href=\"https:\/\/rmvapesale.com\/cs\/product\/uzy-crystal-pro-max-10k-puffs-disposable-vape-pen-wholesale\/\"><strong>UZY Crystal Pro Max 10k pot\u00e1hnut\u00ed <span style=\"color: #ff0000\">&gt;&gt;&gt;&gt; j\u00edt!<\/span><\/strong><\/a><\/p>\n<p>&nbsp;<\/p>\n<p>&nbsp;<\/p>\n<p>Naj\u00edt v\u00edce produkt\u016f pro vaping, kter\u00e9 by se v\u00e1m mohly l\u00edbit:<strong><em><a href=\"https:\/\/rmvapesale.com\/cs\/shop-2\/\">nakupujte nyn\u00ed &gt;&gt;&gt;<\/a><\/em><\/strong><\/p>","protected":false},"excerpt":{"rendered":"<p>WASEP FIHP 30000 potah\u016f Jednor\u00e1zov\u00e1 vaporiz\u00e9rsk\u00e1 velkoobchod<br \/>\nWASEP FIHP FW 30000 Jednor\u00e1zov\u00e1 vaporiz\u00e9rsk\u00e1 velkoobchodn\u00ed koup\u011b<br \/>\nWASEP FW 30000 Jednor\u00e1zov\u00e1 vaporiz\u00e9rsk\u00e1 krabi\u010dka bez nikotinu<\/p>\n<p><img loading=\"lazy\" decoding=\"async\" class=\"size-full wp-image-1978\" src=\"https:\/\/rmvapesale.com\/wp-content\/uploads\/2024\/09\/Disposable-Vape-Wholesale.jpg\" alt=\"Jednor\u00e1zov\u00e1 e-cigareta velkoobchod\" width=\"229\" height=\"300\" \/><\/p>\n<h3><a href=\"https:\/\/wa.me\/8617776015835\"><span style=\"color: #ff0000\"><strong>WhatsApp: +86 17776015835<\/strong><\/span><\/a><\/h3>\n<p>&nbsp;<\/p>","protected":false},"featured_media":2304,"comment_status":"open","ping_status":"closed","template":"","meta":{"_uag_custom_page_level_css":"","_lmt_disableupdate":"","_lmt_disable":"","site-sidebar-layout":"default","site-content-layout":"content-boxed-container","ast-site-content-layout":"normal-width-container","site-content-style":"boxed","site-sidebar-style":"unboxed","ast-global-header-display":"","ast-banner-title-visibility":"","ast-main-header-display":"","ast-hfb-above-header-display":"","ast-hfb-below-header-display":"","ast-hfb-mobile-header-display":"","site-post-title":"","ast-breadcrumbs-content":"","ast-featured-img":"","footer-sml-layout":"","ast-disable-related-posts":"","theme-transparent-header-meta":"default","adv-header-id-meta":"","stick-header-meta":"","header-above-stick-meta":"","header-main-stick-meta":"","header-below-stick-meta":"","astra-migrate-meta-layouts":"set","ast-page-background-enabled":"default","ast-page-background-meta":{"desktop":{"background-color":"var(--ast-global-color-4)","background-image":"","background-repeat":"repeat","background-position":"center center","background-size":"auto","background-attachment":"scroll","background-type":"","background-media":"","overlay-type":"","overlay-color":"","overlay-opacity":"","overlay-gradient":""},"tablet":{"background-color":"","background-image":"","background-repeat":"repeat","background-position":"center center","background-size":"auto","background-attachment":"scroll","background-type":"","background-media":"","overlay-type":"","overlay-color":"","overlay-opacity":"","overlay-gradient":""},"mobile":{"background-color":"","background-image":"","background-repeat":"repeat","background-position":"center center","background-size":"auto","background-attachment":"scroll","background-type":"","background-media":"","overlay-type":"","overlay-color":"","overlay-opacity":"","overlay-gradient":""}},"ast-content-background-meta":{"desktop":{"background-color":"var(--ast-global-color-5)","background-image":"","background-repeat":"repeat","background-position":"center center","background-size":"auto","background-attachment":"scroll","background-type":"","background-media":"","overlay-type":"","overlay-color":"","overlay-opacity":"","overlay-gradient":""},"tablet":{"background-color":"var(--ast-global-color-5)","background-image":"","background-repeat":"repeat","background-position":"center center","background-size":"auto","background-attachment":"scroll","background-type":"","background-media":"","overlay-type":"","overlay-color":"","overlay-opacity":"","overlay-gradient":""},"mobile":{"background-color":"var(--ast-global-color-5)","background-image":"","background-repeat":"repeat","background-position":"center center","background-size":"auto","background-attachment":"scroll","background-type":"","background-media":"","overlay-type":"","overlay-color":"","overlay-opacity":"","overlay-gradient":""}},"_joinchat":[]},"product_brand":[],"product_cat":[15,27,25,123,30,26,28],"product_tag":[66,125,96,101,105,120,116],"class_list":{"0":"post-2305","1":"product","2":"type-product","3":"status-publish","4":"has-post-thumbnail","6":"product_cat-new-vape-this-week","7":"product_cat-fance-hot-sale-vape","8":"product_cat-germany-best-selling-vape","9":"product_cat-italy-wholesale-vape","10":"product_cat-minimum-order-quantity-50pcs","11":"product_cat-netherlands-hot-sale-vape","12":"product_cat-poland-hot-sale-vape","13":"product_tag-disposable-vape","14":"product_tag-disposable-vape-italy","15":"product_tag-disposable-vape-wholesale-uk","16":"product_tag-led-display-vape","17":"product_tag-nicotine-free-disposable-vape","18":"product_tag-vape-wholesale","19":"product_tag-vapes","20":"desktop-align-left","21":"tablet-align-left","22":"mobile-align-left","24":"first","25":"instock","26":"sale","27":"shipping-taxable","28":"purchasable","29":"product-type-simple"},"uagb_featured_image_src":{"full":["https:\/\/rmvapesale.com\/wp-content\/uploads\/2024\/10\/WASPE-FIHP-30000-puffs-Tornado-vape-Wholesale-Price.jpg",808,808,false],"thumbnail":["https:\/\/rmvapesale.com\/wp-content\/uploads\/2024\/10\/WASPE-FIHP-30000-puffs-Tornado-vape-Wholesale-Price-150x150.jpg",150,150,true],"medium":["https:\/\/rmvapesale.com\/wp-content\/uploads\/2024\/10\/WASPE-FIHP-30000-puffs-Tornado-vape-Wholesale-Price-300x300.jpg",300,300,true],"medium_large":["https:\/\/rmvapesale.com\/wp-content\/uploads\/2024\/10\/WASPE-FIHP-30000-puffs-Tornado-vape-Wholesale-Price-768x768.jpg",768,768,true],"large":["https:\/\/rmvapesale.com\/wp-content\/uploads\/2024\/10\/WASPE-FIHP-30000-puffs-Tornado-vape-Wholesale-Price.jpg",808,808,false],"1536x1536":["https:\/\/rmvapesale.com\/wp-content\/uploads\/2024\/10\/WASPE-FIHP-30000-puffs-Tornado-vape-Wholesale-Price.jpg",808,808,false],"2048x2048":["https:\/\/rmvapesale.com\/wp-content\/uploads\/2024\/10\/WASPE-FIHP-30000-puffs-Tornado-vape-Wholesale-Price.jpg",808,808,false],"trp-custom-language-flag":["https:\/\/rmvapesale.com\/wp-content\/uploads\/2024\/10\/WASPE-FIHP-30000-puffs-Tornado-vape-Wholesale-Price.jpg",12,12,false],"woocommerce_thumbnail":["https:\/\/rmvapesale.com\/wp-content\/uploads\/2024\/10\/WASPE-FIHP-30000-puffs-Tornado-vape-Wholesale-Price-300x300.jpg",300,300,true],"woocommerce_single":["https:\/\/rmvapesale.com\/wp-content\/uploads\/2024\/10\/WASPE-FIHP-30000-puffs-Tornado-vape-Wholesale-Price-600x600.jpg",600,600,true],"woocommerce_gallery_thumbnail":["https:\/\/rmvapesale.com\/wp-content\/uploads\/2024\/10\/WASPE-FIHP-30000-puffs-Tornado-vape-Wholesale-Price-100x100.jpg",100,100,true],"wcpr-photo-reviews":["https:\/\/rmvapesale.com\/wp-content\/uploads\/2024\/10\/WASPE-FIHP-30000-puffs-Tornado-vape-Wholesale-Price.jpg",500,500,false]},"uagb_author_info":{"display_name":"AMY","author_link":"https:\/\/rmvapesale.com\/cs\/author\/"},"uagb_comment_info":0,"uagb_excerpt":"WASPE FIHP 30000 Puffs Disposable Vape Wholesale WASPE FIHP FW 30000 Disposable Vape Bulk Buy WASPE FW 30000 Disposable Vape Box Nicotine Free WhatsApp: +86 17776015835 &nbsp;","_links":{"self":[{"href":"https:\/\/rmvapesale.com\/cs\/wp-json\/wp\/v2\/product\/2305","targetHints":{"allow":["GET"]}}],"collection":[{"href":"https:\/\/rmvapesale.com\/cs\/wp-json\/wp\/v2\/product"}],"about":[{"href":"https:\/\/rmvapesale.com\/cs\/wp-json\/wp\/v2\/types\/product"}],"replies":[{"embeddable":true,"href":"https:\/\/rmvapesale.com\/cs\/wp-json\/wp\/v2\/comments?post=2305"}],"wp:featuredmedia":[{"embeddable":true,"href":"https:\/\/rmvapesale.com\/cs\/wp-json\/wp\/v2\/media\/2304"}],"wp:attachment":[{"href":"https:\/\/rmvapesale.com\/cs\/wp-json\/wp\/v2\/media?parent=2305"}],"wp:term":[{"taxonomy":"product_brand","embeddable":true,"href":"https:\/\/rmvapesale.com\/cs\/wp-json\/wp\/v2\/product_brand?post=2305"},{"taxonomy":"product_cat","embeddable":true,"href":"https:\/\/rmvapesale.com\/cs\/wp-json\/wp\/v2\/product_cat?post=2305"},{"taxonomy":"product_tag","embeddable":true,"href":"https:\/\/rmvapesale.com\/cs\/wp-json\/wp\/v2\/product_tag?post=2305"}],"curies":[{"name":"wp","href":"https:\/\/api.w.org\/{rel}","templated":true}]}}