{"id":2313,"date":"2024-10-09T09:34:18","date_gmt":"2024-10-09T09:34:18","guid":{"rendered":"https:\/\/rmvapesale.com\/?post_type=product&#038;p=2313"},"modified":"2024-10-09T09:51:33","modified_gmt":"2024-10-09T09:51:33","slug":"bang-box-30000-puff-smart-screen-disposable-vape-wholesale","status":"publish","type":"product","link":"https:\/\/rmvapesale.com\/cs\/product\/bang-box-30000-puff-smart-screen-disposable-vape-wholesale\/","title":{"rendered":"Bang Box 30000 pot\u00e1hnut\u00ed Chytr\u00e1 obrazovka Jednor\u00e1zov\u00e1 e-cigareta Velkoobchod"},"content":{"rendered":"<div class=\"B2VR9 CJHX3e\">\n<div class=\"wyccme\">\n<h1 class=\"LC20lb MBeuO DKV0Md\">Bang Box 30000 pot\u00e1hnut\u00ed Chytr\u00e1 obrazovka Jednor\u00e1zov\u00e1 e-cigareta Velkoobchod<\/h1>\n<div class=\"flex-shrink-0 flex flex-col relative items-end\">\n<div>\n<div class=\"pt-0\">\n<div class=\"gizmo-bot-avatar flex h-8 w-8 items-center justify-center overflow-hidden rounded-full\">\n<div class=\"relative p-1 rounded-sm flex items-center justify-center bg-token-main-surface-primary text-token-text-primary h-8 w-8\">\n<p>Jednor\u00e1zov\u00fd vaporiz\u00e9r Bang Box 30000 Puff Smart Screen je navr\u017een tak, aby poskytoval v\u00fdjime\u010dn\u00fd z\u00e1\u017eitek z vapov\u00e1n\u00ed, nyn\u00ed je velkoobchodn\u00ed cena k dispozici na rmvapesale. S p\u016fsobiv\u00fdm po\u010dtem 30 000 pot\u00e1hnut\u00ed a velkou kapacitou 35 ml e-liquidu je stvo\u0159en pro dlouhodob\u00e9 pou\u017eit\u00ed.<\/p>\n<p>Tento jednor\u00e1zov\u00fd boxov\u00fd vaporiz\u00e9r nab\u00edz\u00ed mo\u017enosti nikotinu 0%, 2%, 3% nebo 5%, tak\u017ee je vhodn\u00fd jak pro nov\u00e9, tak pro zku\u0161en\u00e9 u\u017eivatele. Je vybaven dob\u00edjec\u00ed bateri\u00ed s kapacitou 850 mAh a du\u00e1ln\u00ed mesh spir\u00e1lou, co\u017e zaji\u0161\u0165uje bohatou chu\u0165 a konzistentn\u00ed produkci p\u00e1ry s ka\u017ed\u00fdm pot\u00e1hnut\u00edm.<\/p>\n<p>Co odli\u0161uje Bang Box 30k, je jeho chytr\u00e1 obrazovka, kter\u00e1 zobrazuje hladiny oleje i energie, co\u017e u\u017eivatel\u016fm umo\u017e\u0148uje snadno sledovat stav jejich vaporiz\u00e9ru. K dispozici ve 12 jedine\u010dn\u00fdch p\u0159\u00edchut\u00edch, je tu n\u011bco pro ka\u017ed\u00e9ho.<\/p>\n<p>Ide\u00e1ln\u00ed pro velkoobchodn\u00ed odb\u011bratele, jednor\u00e1zov\u00fd vaporiz\u00e9r Bang Box 30000 Puff Smart Screen kombinuje pohodl\u00ed, v\u00fdkon a rozmanitost, co\u017e z n\u011bj d\u011bl\u00e1 \u0161pi\u010dkovou volbu pro maloobchodn\u00edky.<\/p>\n<\/div>\n<\/div>\n<\/div>\n<\/div>\n<\/div>\n<div class=\"group\/conversation-turn relative flex w-full min-w-0 flex-col agent-turn\">\n<div class=\"flex-col gap-1 md:gap-3\">\n<div class=\"flex max-w-full flex-col flex-grow\">\n<div class=\"min-h-8 text-message flex w-full flex-col items-end gap-2 whitespace-normal break-words [.text-message+&amp;]:mt-5\" dir=\"auto\" data-message-author-role=\"assistant\" data-message-id=\"871c1362-82be-4876-894c-d28f37ffd3d3\">\n<div class=\"flex w-full flex-col gap-1 empty:hidden first:pt-[3px]\">\n<div class=\"markdown prose w-full break-words dark:prose-invert light\">\n<p>&nbsp;<\/p>\n<\/div>\n<\/div>\n<\/div>\n<\/div>\n<\/div>\n<\/div>\n<\/div>\n<\/div>\n<p><strong>Kontaktujte Amy a z\u00edskejte spr\u00e1vnou odpov\u011b\u010f a dal\u0161\u00ed produktov\u00e1 videa!<\/strong><\/p>\n<p><img loading=\"lazy\" decoding=\"async\" class=\"size-full wp-image-1978\" src=\"https:\/\/rmvapesale.com\/wp-content\/uploads\/2024\/09\/Disposable-Vape-Wholesale.jpg\" alt=\"Jednor\u00e1zov\u00e1 e-cigareta velkoobchod\" width=\"229\" height=\"300\" \/><\/p>\n<h3><a href=\"https:\/\/wa.me\/8617776015835\" target=\"_blank\" rel=\"noopener\"><span style=\"color: #ff0000\"><strong>WhatsApp: +86 17776015835<\/strong><\/span><\/a><\/h3>\n<p>&nbsp;<\/p>\n<h2><\/h2>\n<h2><strong>Bang Box 30000 Puff Smart Screen Vape Kl\u00ed\u010dov\u00e9 vlastnosti<\/strong><\/h2>\n<p>Nikotin: 0% 2% 3% 5%<br \/>\nPot\u00e1hnut\u00ed: 30000 pot\u00e1hnut\u00ed<br \/>\nKapacita: 35 ml<br \/>\nK dispozici 12 p\u0159\u00edchut\u00ed<br \/>\n850mAh dob\u00edjec\u00ed<br \/>\nDu\u00e1ln\u00ed mesh spir\u00e1la<br \/>\nChytr\u00e1 obrazovka: Indik\u00e1tor oleje\/energie<\/p>\n<figure id=\"attachment_2311\" aria-describedby=\"caption-attachment-2311\" style=\"width: 300px\" class=\"wp-caption alignnone\"><img loading=\"lazy\" decoding=\"async\" class=\"size-medium wp-image-2311\" src=\"https:\/\/rmvapesale.com\/wp-content\/uploads\/2024\/10\/Bang-Box-30000-Puff-Smart-Screen-E-Cigarettes-300x300.jpg\" alt=\"Bang Box 30000 Puff Smart Screen E cigarety\" width=\"300\" height=\"300\" srcset=\"https:\/\/rmvapesale.com\/wp-content\/uploads\/2024\/10\/Bang-Box-30000-Puff-Smart-Screen-E-Cigarettes-300x300.jpg 300w, https:\/\/rmvapesale.com\/wp-content\/uploads\/2024\/10\/Bang-Box-30000-Puff-Smart-Screen-E-Cigarettes-150x150.jpg 150w, https:\/\/rmvapesale.com\/wp-content\/uploads\/2024\/10\/Bang-Box-30000-Puff-Smart-Screen-E-Cigarettes-768x768.jpg 768w, https:\/\/rmvapesale.com\/wp-content\/uploads\/2024\/10\/Bang-Box-30000-Puff-Smart-Screen-E-Cigarettes-600x600.jpg 600w, https:\/\/rmvapesale.com\/wp-content\/uploads\/2024\/10\/Bang-Box-30000-Puff-Smart-Screen-E-Cigarettes-100x100.jpg 100w, https:\/\/rmvapesale.com\/wp-content\/uploads\/2024\/10\/Bang-Box-30000-Puff-Smart-Screen-E-Cigarettes.jpg 800w\" sizes=\"auto, (max-width: 300px) 100vw, 300px\" \/><figcaption id=\"caption-attachment-2311\" class=\"wp-caption-text\">Bang Box 30000 Puff Smart Screen E cigarety<\/figcaption><\/figure>\n<h2><strong>Nejlep\u0161\u00ed p\u0159\u00edchu\u0165 pro Bang Box 30000 Puff Smart Screen E cigarety\u00a0<\/strong><\/h2>\n<p>Jednor\u00e1zov\u00fd vaporiz\u00e9r Bang Box 30000 Puff Smart Screen nab\u00edz\u00ed 12 lahodn\u00fdch p\u0159\u00edchut\u00ed. Vyberte si z \u0159ady p\u0159\u00edchut\u00ed, v\u010detn\u011b klasick\u00e9 osv\u011b\u017euj\u00edc\u00ed chladiv\u00e9 m\u00e1ty a exotick\u00e9 sladkosti hrozn\u016f, z nich\u017e ka\u017ed\u00e1 slibuje bohatou, uspokojivou cestu s ka\u017ed\u00fdm pot\u00e1hnut\u00edm.<\/p>\n<p>1. Jahoda Kiwi<br \/>\n2.Black Burst<span style=\"color: #ff0000\"><strong>&gt;&gt;&gt;&gt; Hork\u00e9!<\/strong><\/span><br \/>\n3. Jahoda Vodn\u00ed meloun<br \/>\n4.Jungle Juice<br \/>\n5.Bor\u016fvka Kyselina Malina Led<span style=\"color: #ff0000\"><strong>&gt;&gt;&gt;&gt; Hork\u00e9!<\/strong><\/span><br \/>\n6.Vodn\u00ed Meloun Led<br \/>\n7.Bor\u016fvka Led<br \/>\n8.Bor\u016fvka Gran\u00e1tov\u00e9 jablko<br \/>\n9. Modr\u00e1 vlna<span style=\"color: #ff0000\"><strong>&gt;&gt;&gt;&gt; Nejlep\u0161\u00ed!<\/strong><\/span><br \/>\n10. Jablko broskev<br \/>\n11. Marakuja<br \/>\n12. Dvojit\u00e9 hrozny<\/p>\n<p>&nbsp;<\/p>\n<div class=\"flex-shrink-0 flex flex-col relative items-end\">\n<div>\n<div class=\"pt-0\">\n<div class=\"gizmo-bot-avatar flex h-8 w-8 items-center justify-center overflow-hidden rounded-full\">\n<div class=\"relative p-1 rounded-sm flex items-center justify-center bg-token-main-surface-primary text-token-text-primary h-8 w-8\">\n<h3><b>\u010casto kladen\u00e9 ot\u00e1zky<\/b><\/h3>\n<p>&nbsp;<\/p>\n<\/div>\n<\/div>\n<\/div>\n<\/div>\n<\/div>\n<div class=\"group\/conversation-turn relative flex w-full min-w-0 flex-col agent-turn\">\n<div class=\"flex-col gap-1 md:gap-3\">\n<div class=\"flex max-w-full flex-col flex-grow\">\n<div class=\"min-h-8 text-message flex w-full flex-col items-end gap-2 whitespace-normal break-words [.text-message+&amp;]:mt-5\" dir=\"auto\" data-message-author-role=\"assistant\" data-message-id=\"f226d3fc-81f3-46d5-8c46-31787fff0357\">\n<div class=\"flex w-full flex-col gap-1 empty:hidden first:pt-[3px]\">\n<div class=\"markdown prose w-full break-words dark:prose-invert light\">\n<p><strong>Q1: Jak\u00e9 s\u00edly nikotinu jsou k dispozici pro jednor\u00e1zovou chytrou obrazovku Bang Box 30000 Puff?<\/strong><br \/>\nA1: Bang Box nab\u00edz\u00ed mo\u017enosti nikotinu 0%, 2%, 3% a 5%, co\u017e u\u017eivatel\u016fm umo\u017e\u0148uje vybrat si podle sv\u00fdch preferenc\u00ed.<\/p>\n<p><strong>Q2: Kolik \u0161luk\u016f nab\u00edz\u00ed jednor\u00e1zov\u00e1 e-cigareta Bang Box 30000 Puff?<\/strong><br \/>\nA2: Toto za\u0159\u00edzen\u00ed poskytuje a\u017e 30 000 \u0161luk\u016f, co\u017e zaji\u0161\u0165uje prodlou\u017een\u00fd z\u00e1\u017eitek z vapov\u00e1n\u00ed.<\/p>\n<p><strong>Q3: Jak\u00e9 p\u0159\u00edchut\u011b jsou k dispozici pro jednor\u00e1zov\u00e9 e-cigarety Bang Box 30000 Puff s LED displejem?<\/strong><br \/>\nA3: Vyberte si z 12 vzru\u0161uj\u00edc\u00edch p\u0159\u00edchut\u00ed v\u010detn\u011b jahodov\u00e9ho kiwi, \u010dern\u00e9 vlny, melounov\u00e9 ledov\u00e9, bor\u016fvkov\u00e9 kysel\u00e9 malinov\u00e9 ledov\u00e9 a dal\u0161\u00edch!<\/p>\n<p><strong>Q4: Jak\u00e1 je kapacita jednor\u00e1zov\u00e9 e-cigarety Bang Box 30000 Puff s LED displejem?<\/strong><br \/>\nA4: Vape pojme 35 ml e-liquidu, co\u017e zaji\u0161\u0165uje dlouhodob\u00e9 pou\u017e\u00edv\u00e1n\u00ed bez \u010dast\u00e9ho dopl\u0148ov\u00e1n\u00ed.<\/p>\n<p><strong>Q5: Jak funguje funkce chytr\u00e9 obrazovky na jednor\u00e1zov\u00e9 e-cigaret\u011b Bang Box 30000 Puff?<\/strong><br \/>\nA5: Chytr\u00e1 obrazovka zobrazuje stav oleje i baterie a pom\u00e1h\u00e1 u\u017eivatel\u016fm snadno sledovat stav jejich za\u0159\u00edzen\u00ed.<\/p>\n<p><strong>Q6: Je jednor\u00e1zov\u00e1 e-cigareta Bang Box 30k Puff Smart Screen dob\u00edjec\u00ed?<\/strong><br \/>\nA6: Ano, je dod\u00e1v\u00e1na s dob\u00edjec\u00ed bateri\u00ed 850 mAh, kter\u00e1 zaji\u0161\u0165uje nep\u0159etr\u017eit\u00e9 pou\u017e\u00edv\u00e1n\u00ed v p\u0159\u00edpad\u011b pot\u0159eby.<\/p>\n<p><strong>Q7: \u010c\u00edm je du\u00e1ln\u00ed mesh c\u00edvka speci\u00e1ln\u00ed u e-cigaret Bang Box 30000 Puff s LED displejem?<\/strong><br \/>\nA7: Du\u00e1ln\u00ed mesh c\u00edvka zvy\u0161uje produkci p\u00e1ry a poskytuje bohat\u0161\u00ed a konzistentn\u011bj\u0161\u00ed chu\u0165.<\/p>\n<p><strong>Q8: Mohu si jednor\u00e1zovou e-cigaretu Bang Box 30000 Puff koupit ve velk\u00e9m?<\/strong><br \/>\nA8: Ano, nab\u00edz\u00edme <strong>Bang Box 30000 pot\u00e1hnut\u00ed jednor\u00e1zov\u00fd vape s chytr\u00fdm displejem hromadn\u00fd n\u00e1kup<\/strong> a velkoobchodn\u00ed mo\u017enosti pro maloobchodn\u00edky.<\/p>\n<p><strong>Q9: Jak\u00e1 je nejlep\u0161\u00ed mo\u017enost pro n\u00e1kup velkoobchodn\u00edch jednor\u00e1zov\u00fdch vap\u016f Bang Box 30000 pot\u00e1hnut\u00ed s LED displejem?<\/strong><br \/>\nA9: Pro nejkonkurenceschopn\u011bj\u0161\u00ed ceny a hromadn\u00e9 mo\u017enosti m\u016f\u017eete prozkoumat nab\u00eddky <strong>Bang Box 30000 pot\u00e1hnut\u00ed LED displej E Cigarety velkoobchodn\u00ed<\/strong> nab\u00eddky.<\/p>\n<\/div>\n<\/div>\n<\/div>\n<\/div>\n<\/div>\n<\/div>\n<p>&nbsp;<\/p>\n<h3><\/h3>\n<h3>O p\u0159eprav\u011b<\/h3>\n<div class=\"flex-shrink-0 flex flex-col relative items-end\">\n<div>\n<div class=\"pt-0\">\n<div class=\"gizmo-bot-avatar flex h-8 w-8 items-center justify-center overflow-hidden rounded-full\">\n<div><\/div>\n<div class=\"relative p-1 rounded-sm flex items-center justify-center bg-token-main-surface-primary text-token-text-primary h-8 w-8\"><strong>1. Jak\u00e9 zp\u016fsoby dopravy se pou\u017e\u00edvaj\u00ed?<\/strong><\/div>\n<\/div>\n<\/div>\n<\/div>\n<\/div>\n<div class=\"group\/conversation-turn relative flex w-full min-w-0 flex-col agent-turn\">\n<div class=\"flex-col gap-1 md:gap-3\">\n<div class=\"flex max-w-full flex-col flex-grow\">\n<div class=\"min-h-[20px] text-message flex w-full flex-col items-end gap-2 whitespace-normal break-words [.text-message+&amp;]:mt-5 overflow-x-auto\" dir=\"auto\" data-message-author-role=\"assistant\" data-message-id=\"22f8283b-3233-46ff-89a5-c7a41b33abda\">\n<div class=\"flex w-full flex-col gap-1 empty:hidden first:pt-[3px]\">\n<div class=\"markdown prose w-full break-words dark:prose-invert light\">\n<p>Spolupracujeme s UPS, DHL, FedEx, DPD a dal\u0161\u00edmi p\u0159edn\u00edmi p\u0159epravci. Vybereme nejlep\u0161\u00ed zp\u016fsob dopravy na z\u00e1klad\u011b va\u0161\u00ed doru\u010dovac\u00ed lokality, abychom zajistili, \u017ee sv\u00e9 produkty obdr\u017e\u00edte co nejrychleji.<\/p>\n<\/div>\n<p><strong>2. Jak dlouho trv\u00e1 doru\u010den\u00ed?<\/strong><\/p>\n<p>Bal\u00ed\u010dky odeslan\u00e9 do \u010cesk\u00e9 republiky obvykle doraz\u00ed do 10 pracovn\u00edch dn\u016f. P\u0159eprava do evropsk\u00fdch zem\u00ed obecn\u011b trv\u00e1 asi 12-15 pracovn\u00edch dn\u016f. O stavu va\u0161\u00ed z\u00e1silky v\u00e1s budeme pr\u016fb\u011b\u017en\u011b informovat.<\/p>\n<\/div>\n<p><strong>3. Z\u00e1ruka<\/strong><\/p>\n<p><span style=\"color: #ff0000\"><strong>Na v\u0161echny produkty v na\u0161em obchod\u011b se vztahuje z\u00e1ruka 100% originality a autenti\u010dnosti. Nab\u00edz\u00edme 10n\u00e1sobnou kompenzaci za pad\u011blan\u00e9 zbo\u017e\u00ed!<\/strong><\/span><\/p>\n<div class=\"flex w-full flex-col gap-1 empty:hidden first:pt-[3px]\">\n<p>&nbsp;<\/p>\n<\/div>\n<\/div>\n<\/div>\n<\/div>\n<\/div>\n<p>&nbsp;<\/p>\n<p>Dal\u0161\u00ed obl\u00edben\u00e9 jednor\u00e1zov\u00e9 e-cigarety, kter\u00e9 by se v\u00e1m mohly l\u00edbit:<\/p>\n<p><a href=\"https:\/\/rmvapesale.com\/cs\/product\/aivono-aim-magic-20000-20k-puffs-disposable-vape-pod\/\"><strong>Aivono Aim Magic 20000 pot\u00e1hnut\u00ed\u00a0 \u00a0<span style=\"color: #ff0000\">&gt;&gt;&gt;&gt; j\u00edt!<\/span><\/strong><\/a><\/p>\n<p><strong><a href=\"https:\/\/rmvapesale.com\/cs\/product\/waspe-fihp-30000-puffs-led-display-disposable-vape-box\/\">WASPE FIHP 30000 pot\u00e1hnut\u00ed <span style=\"color: #ff0000\">&gt;&gt;&gt;&gt; j\u00edt!<\/span><\/a>\u00a0<\/strong><\/p>\n<p><a href=\"https:\/\/rmvapesale.com\/cs\/product\/uzy-crystal-pro-max-10k-puffs-disposable-vape-pen-wholesale\/\"><strong>UZY Crystal Pro Max 10k pot\u00e1hnut\u00ed <span style=\"color: #ff0000\">&gt;&gt;&gt;&gt; j\u00edt!<\/span><\/strong><\/a><\/p>\n<p>&nbsp;<\/p>\n<p>&nbsp;<\/p>\n<p>Naj\u00edt v\u00edce produkt\u016f pro vaping, kter\u00e9 by se v\u00e1m mohly l\u00edbit:<strong><em><a href=\"https:\/\/rmvapesale.com\/cs\/shop-2\/\">nakupujte nyn\u00ed &gt;&gt;&gt;<\/a><\/em><\/strong><\/p>","protected":false},"excerpt":{"rendered":"<p>Bang Box 30000 \u0161luk\u016f Jednor\u00e1zov\u00e9 e-cigarety s inteligentn\u00edm displejem<br \/>\nBang Vape Box 30000 pot\u00e1hnut\u00ed jednor\u00e1zov\u00fd vape velkoobchod<br \/>\nBang Box 30000 pot\u00e1hnut\u00ed 0% 2% 3% 5% bez nikotinu hromadn\u00fd n\u00e1kup<\/p>\n<p><img loading=\"lazy\" decoding=\"async\" class=\"size-full wp-image-1978\" src=\"https:\/\/rmvapesale.com\/wp-content\/uploads\/2024\/09\/Disposable-Vape-Wholesale.jpg\" alt=\"Jednor\u00e1zov\u00e1 e-cigareta velkoobchod\" width=\"229\" height=\"300\" \/><\/p>\n<h3><a href=\"https:\/\/wa.me\/8617776015835\"><span style=\"color: #ff0000\"><strong>WhatsApp: +86 17776015835<\/strong><\/span><\/a><\/h3>\n<p>&nbsp;<\/p>","protected":false},"featured_media":2310,"comment_status":"open","ping_status":"closed","template":"","meta":{"_uag_custom_page_level_css":"","_lmt_disableupdate":"","_lmt_disable":"","site-sidebar-layout":"default","site-content-layout":"content-boxed-container","ast-site-content-layout":"normal-width-container","site-content-style":"boxed","site-sidebar-style":"unboxed","ast-global-header-display":"","ast-banner-title-visibility":"","ast-main-header-display":"","ast-hfb-above-header-display":"","ast-hfb-below-header-display":"","ast-hfb-mobile-header-display":"","site-post-title":"","ast-breadcrumbs-content":"","ast-featured-img":"","footer-sml-layout":"","ast-disable-related-posts":"","theme-transparent-header-meta":"default","adv-header-id-meta":"","stick-header-meta":"","header-above-stick-meta":"","header-main-stick-meta":"","header-below-stick-meta":"","astra-migrate-meta-layouts":"set","ast-page-background-enabled":"default","ast-page-background-meta":{"desktop":{"background-color":"var(--ast-global-color-4)","background-image":"","background-repeat":"repeat","background-position":"center center","background-size":"auto","background-attachment":"scroll","background-type":"","background-media":"","overlay-type":"","overlay-color":"","overlay-opacity":"","overlay-gradient":""},"tablet":{"background-color":"","background-image":"","background-repeat":"repeat","background-position":"center center","background-size":"auto","background-attachment":"scroll","background-type":"","background-media":"","overlay-type":"","overlay-color":"","overlay-opacity":"","overlay-gradient":""},"mobile":{"background-color":"","background-image":"","background-repeat":"repeat","background-position":"center center","background-size":"auto","background-attachment":"scroll","background-type":"","background-media":"","overlay-type":"","overlay-color":"","overlay-opacity":"","overlay-gradient":""}},"ast-content-background-meta":{"desktop":{"background-color":"var(--ast-global-color-5)","background-image":"","background-repeat":"repeat","background-position":"center center","background-size":"auto","background-attachment":"scroll","background-type":"","background-media":"","overlay-type":"","overlay-color":"","overlay-opacity":"","overlay-gradient":""},"tablet":{"background-color":"var(--ast-global-color-5)","background-image":"","background-repeat":"repeat","background-position":"center center","background-size":"auto","background-attachment":"scroll","background-type":"","background-media":"","overlay-type":"","overlay-color":"","overlay-opacity":"","overlay-gradient":""},"mobile":{"background-color":"var(--ast-global-color-5)","background-image":"","background-repeat":"repeat","background-position":"center center","background-size":"auto","background-attachment":"scroll","background-type":"","background-media":"","overlay-type":"","overlay-color":"","overlay-opacity":"","overlay-gradient":""}},"_joinchat":[]},"product_brand":[],"product_cat":[15,60,27,25,123,30,26,28],"product_tag":[63,66,125,96,101,105,120],"class_list":{"0":"post-2313","1":"product","2":"type-product","3":"status-publish","4":"has-post-thumbnail","6":"product_cat-new-vape-this-week","7":"product_cat-bang-vapes","8":"product_cat-fance-hot-sale-vape","9":"product_cat-germany-best-selling-vape","10":"product_cat-italy-wholesale-vape","11":"product_cat-minimum-order-quantity-50pcs","12":"product_cat-netherlands-hot-sale-vape","13":"product_cat-poland-hot-sale-vape","14":"product_tag-bang-vapes","15":"product_tag-disposable-vape","16":"product_tag-disposable-vape-italy","17":"product_tag-disposable-vape-wholesale-uk","18":"product_tag-led-display-vape","19":"product_tag-nicotine-free-disposable-vape","20":"product_tag-vape-wholesale","21":"desktop-align-left","22":"tablet-align-left","23":"mobile-align-left","25":"first","26":"instock","27":"sale","28":"shipping-taxable","29":"purchasable","30":"product-type-simple"},"uagb_featured_image_src":{"full":["https:\/\/rmvapesale.com\/wp-content\/uploads\/2024\/10\/Bang-Box-30000-Puff-Smart-Screen-Disposable-Vape.jpg",800,801,false],"thumbnail":["https:\/\/rmvapesale.com\/wp-content\/uploads\/2024\/10\/Bang-Box-30000-Puff-Smart-Screen-Disposable-Vape-150x150.jpg",150,150,true],"medium":["https:\/\/rmvapesale.com\/wp-content\/uploads\/2024\/10\/Bang-Box-30000-Puff-Smart-Screen-Disposable-Vape-300x300.jpg",300,300,true],"medium_large":["https:\/\/rmvapesale.com\/wp-content\/uploads\/2024\/10\/Bang-Box-30000-Puff-Smart-Screen-Disposable-Vape-768x769.jpg",768,769,true],"large":["https:\/\/rmvapesale.com\/wp-content\/uploads\/2024\/10\/Bang-Box-30000-Puff-Smart-Screen-Disposable-Vape.jpg",800,801,false],"1536x1536":["https:\/\/rmvapesale.com\/wp-content\/uploads\/2024\/10\/Bang-Box-30000-Puff-Smart-Screen-Disposable-Vape.jpg",800,801,false],"2048x2048":["https:\/\/rmvapesale.com\/wp-content\/uploads\/2024\/10\/Bang-Box-30000-Puff-Smart-Screen-Disposable-Vape.jpg",800,801,false],"trp-custom-language-flag":["https:\/\/rmvapesale.com\/wp-content\/uploads\/2024\/10\/Bang-Box-30000-Puff-Smart-Screen-Disposable-Vape.jpg",12,12,false],"woocommerce_thumbnail":["https:\/\/rmvapesale.com\/wp-content\/uploads\/2024\/10\/Bang-Box-30000-Puff-Smart-Screen-Disposable-Vape-300x300.jpg",300,300,true],"woocommerce_single":["https:\/\/rmvapesale.com\/wp-content\/uploads\/2024\/10\/Bang-Box-30000-Puff-Smart-Screen-Disposable-Vape-600x601.jpg",600,601,true],"woocommerce_gallery_thumbnail":["https:\/\/rmvapesale.com\/wp-content\/uploads\/2024\/10\/Bang-Box-30000-Puff-Smart-Screen-Disposable-Vape-100x100.jpg",100,100,true],"wcpr-photo-reviews":["https:\/\/rmvapesale.com\/wp-content\/uploads\/2024\/10\/Bang-Box-30000-Puff-Smart-Screen-Disposable-Vape.jpg",500,500,false]},"uagb_author_info":{"display_name":"AMY","author_link":"https:\/\/rmvapesale.com\/cs\/author\/"},"uagb_comment_info":0,"uagb_excerpt":"Bang Box 30000 Puffs Smart Screen Disposable E Cigarettes Bang Vape Box 30000 Puffs Disposable Vape Wholesale Bang Box 30000 Puffs 0% 2% 3% 5% Free Nicotine Bulk Buy WhatsApp: +86 17776015835 &nbsp;","_links":{"self":[{"href":"https:\/\/rmvapesale.com\/cs\/wp-json\/wp\/v2\/product\/2313","targetHints":{"allow":["GET"]}}],"collection":[{"href":"https:\/\/rmvapesale.com\/cs\/wp-json\/wp\/v2\/product"}],"about":[{"href":"https:\/\/rmvapesale.com\/cs\/wp-json\/wp\/v2\/types\/product"}],"replies":[{"embeddable":true,"href":"https:\/\/rmvapesale.com\/cs\/wp-json\/wp\/v2\/comments?post=2313"}],"wp:featuredmedia":[{"embeddable":true,"href":"https:\/\/rmvapesale.com\/cs\/wp-json\/wp\/v2\/media\/2310"}],"wp:attachment":[{"href":"https:\/\/rmvapesale.com\/cs\/wp-json\/wp\/v2\/media?parent=2313"}],"wp:term":[{"taxonomy":"product_brand","embeddable":true,"href":"https:\/\/rmvapesale.com\/cs\/wp-json\/wp\/v2\/product_brand?post=2313"},{"taxonomy":"product_cat","embeddable":true,"href":"https:\/\/rmvapesale.com\/cs\/wp-json\/wp\/v2\/product_cat?post=2313"},{"taxonomy":"product_tag","embeddable":true,"href":"https:\/\/rmvapesale.com\/cs\/wp-json\/wp\/v2\/product_tag?post=2313"}],"curies":[{"name":"wp","href":"https:\/\/api.w.org\/{rel}","templated":true}]}}