{"id":2320,"date":"2024-10-10T01:23:26","date_gmt":"2024-10-10T01:23:26","guid":{"rendered":"https:\/\/rmvapesale.com\/?post_type=product&#038;p=2320"},"modified":"2024-10-10T09:25:15","modified_gmt":"2024-10-10T09:25:15","slug":"elf-box-digital-12000-puffs-led-display-disposable-vape","status":"publish","type":"product","link":"https:\/\/rmvapesale.com\/cs\/product\/elf-box-digital-12000-puffs-led-display-disposable-vape\/","title":{"rendered":"ELF BOX Digital 12000 Puffs LED Displej Jednor\u00e1zov\u00e1 Vape"},"content":{"rendered":"<div class=\"B2VR9 CJHX3e\">\n<div class=\"wyccme\">\n<h1 class=\"LC20lb MBeuO DKV0Md\">ELF BOX Digital 12000 Puffs LED Displej Jednor\u00e1zov\u00fd vaporiz\u00e9r Velk\u00fd n\u00e1kup<\/h1>\n<div class=\"flex-shrink-0 flex flex-col relative items-end\">\n<div>\n<div class=\"pt-0\">\n<div class=\"gizmo-bot-avatar flex h-8 w-8 items-center justify-center overflow-hidden rounded-full\">\n<div class=\"relative p-1 rounded-sm flex items-center justify-center bg-token-main-surface-primary text-token-text-primary h-8 w-8\">\n<p>P\u0159ipravte se zv\u00fd\u0161it svou \u00farove\u0148 vapov\u00e1n\u00ed s <strong>ELF BOX Digital 12000 Puffs LED Displej Jednor\u00e1zov\u00e1 Vape<\/strong>! Tento vaporiz\u00e9r nab\u00edz\u00ed neuv\u011b\u0159iteln\u00fdch <strong>12 000 pot\u00e1hnut\u00ed<\/strong>, co\u017e v\u00e1m poskytne dlouhotrvaj\u00edc\u00ed spokojenost bez nutnosti neust\u00e1l\u00e9 v\u00fdm\u011bny. Ide\u00e1ln\u00ed pro ka\u017edodenn\u00ed pou\u017eit\u00ed, je navr\u017een pro pohodl\u00ed i v\u00fdkon.<\/p>\n<p>cURL Too many subrequests. <strong>Kapacita e-liquidu 23 ml<\/strong> a <strong>0.8ohm mesh coil<\/strong>, o\u010dek\u00e1vejte hladk\u00e9, chutn\u00e9 z\u00e1sahy poka\u017ed\u00e9, kdy\u017e vapujete. Vyberte si z <strong>0%, 2%, 3% nebo 5% nikotinov\u00fdch koncentrac\u00ed<\/strong> aby jste si p\u0159izp\u016fsobili z\u00e1\u017eitek p\u0159esn\u011b podle sv\u00fdch p\u0159edstav.<\/p>\n<p>Vestav\u011bn\u00fd <strong>LED digit\u00e1ln\u00edm displejem<\/strong> informuje v\u00e1s o stavu baterie a hladin\u011b e-liquidu, tak\u017ee m\u00e1te v\u017edy kontrolu. Nav\u00edc s <strong>dob\u00edjec\u00ed bateri\u00ed 500mAh<\/strong> a <strong>nab\u00edjen\u00ed typu C<\/strong>, kterou lze rychle dob\u00edt a vapovat cel\u00fd den.<\/p>\n<p>Ide\u00e1ln\u00ed pro velkoobchodn\u00edky, <strong>ELF BOX Digital 12000<\/strong> je ide\u00e1ln\u00ed pro ty, kte\u0159\u00ed cht\u011bj\u00ed \u0161pi\u010dkov\u00fd v\u00fdkon v elegantn\u00edm, snadno pou\u017eiteln\u00e9m balen\u00ed. Nakupte nyn\u00ed z\u00e1sobu a dejte sv\u00fdm z\u00e1kazn\u00edk\u016fm vaporiz\u00e9r, kter\u00fd si zamiluj\u00ed!<\/p>\n<p>Objednejte si sv\u016fj <strong>ELF BOX Digital 12000 LED Displej Jednor\u00e1zov\u00e1 Vape Velkoobchodn\u00ed n\u00e1kup<\/strong> dnes a p\u0159idejte si tento nezbytn\u00fd p\u0159\u00edstroj do sv\u00e9ho invent\u00e1\u0159e!<\/p>\n<p>&nbsp;<\/p>\n<\/div>\n<\/div>\n<\/div>\n<\/div>\n<\/div>\n<\/div>\n<\/div>\n<p><strong>Kontaktujte Amy a z\u00edskejte spr\u00e1vnou odpov\u011b\u010f a dal\u0161\u00ed produktov\u00e1 videa!<\/strong><\/p>\n<p><img loading=\"lazy\" decoding=\"async\" class=\"size-full wp-image-1978\" src=\"https:\/\/rmvapesale.com\/wp-content\/uploads\/2024\/09\/Disposable-Vape-Wholesale.jpg\" alt=\"Jednor\u00e1zov\u00e1 e-cigareta velkoobchod\" width=\"229\" height=\"300\" \/><\/p>\n<h3><a href=\"https:\/\/wa.me\/8617776015835\" target=\"_blank\" rel=\"noopener\"><span style=\"color: #ff0000\"><strong>WhatsApp: +86 17776015835<\/strong><\/span><\/a><\/h3>\n<p>&nbsp;<\/p>\n<h2><\/h2>\n<h2><strong>ELF BOX Digital 12000 Puffs Vape Kl\u00ed\u010dov\u00e9 vlastnosti<\/strong><\/h2>\n<p>&nbsp;<\/p>\n<ul>\n<li><strong>Vysok\u00fd po\u010det potah\u016f<\/strong>: U\u017eijte si a\u017e 12 000 pota\u017een\u00ed pro dlouhotrvaj\u00edc\u00ed a nep\u0159eru\u0161ovan\u00fd z\u00e1\u017eitek z vapov\u00e1n\u00ed.<\/li>\n<li><strong>Kapacita e-liquidu<\/strong>: S n\u00e1dr\u017e\u00ed o objemu 23 ml m\u016f\u017eete vapovat d\u00e9le bez nutnosti \u010dast\u00fdch dopl\u0148ov\u00e1n\u00ed.<\/li>\n<li><strong>Dob\u00edjec\u00ed baterie<\/strong>: Poh\u00e1n\u011bno bateri\u00ed o kapacit\u011b 500mAh, zaji\u0161\u0165uj\u00edc\u00ed dlouhou v\u00fddr\u017e a snadn\u00e9 dob\u00edjen\u00ed.<\/li>\n<li><strong>Nab\u00edjen\u00ed Type-C<\/strong>: Rychl\u00e9 a efektivn\u00ed dobit\u00ed pomoc\u00ed modern\u00edho konektoru Type-C.<\/li>\n<li><strong>Technologie s\u00ed\u0165ov\u00e9 c\u00edvky<\/strong>: Za\u017eijte zv\u00fd\u0161enou chu\u0165 a hladk\u00e9 vapov\u00e1n\u00ed s mesh c\u00edvkou o odporu 0,8 ohm\u016f.<\/li>\n<li><strong>Digit\u00e1ln\u00ed displej<\/strong>: Z\u016fsta\u0148te informov\u00e1ni s chytr\u00fdm digit\u00e1ln\u00edm displejem, kter\u00fd ukazuje \u00farove\u0148 baterie a e-liquidu.<\/li>\n<li><strong>Mo\u017enosti nikotinu<\/strong>: K dispozici ve variant\u00e1ch s nikotinovou s\u00edlou 0%, 2%, 3% a 5%, aby vyhovovaly va\u0161im pot\u0159eb\u00e1m vapov\u00e1n\u00ed.<\/li>\n<\/ul>\n<h2><\/h2>\n<h2><strong>Nejlep\u0161\u00ed chu\u0165 pro ELF BOX Digital 12000 Puffs E Cigarety\u00a0<\/strong><\/h2>\n<p>ELF BOX Digital 12000 Puffs LED Displej Jednor\u00e1zov\u00e1 Vape nab\u00edz\u00ed 12 lahodn\u00fdch p\u0159\u00edchut\u00ed, vyb\u00edrejte z r\u016fzn\u00fdch chut\u00ed, v\u010detn\u011b klasick\u00e9 osv\u011b\u017euj\u00edc\u00ed m\u00e1ty a exotick\u00e9 sladkosti hroznu, ka\u017ed\u00e1 slibuje bohatou a uspokojivou cestu s ka\u017ed\u00fdm pota\u017een\u00edm.<\/p>\n<p>1.Vodn\u00ed meloun s ledem <span style=\"color: #ff0000\"><strong>&gt;&gt;&gt;&gt; Hork\u00e9!<\/strong><\/span><br \/>\n2.Jahodov\u00e1 zmrzlina<br \/>\n3. Modr\u00fd Razz Led<br \/>\n4. Vi\u0161e\u0148 Cola <span style=\"color: #ff0000\"><strong>&gt;&gt;&gt;&gt; Hork\u00e9!<\/strong><\/span><br \/>\n5. Jahodov\u00fd V\u00fdbuch<br \/>\n6. Kokosov\u00e1 Meloun<br \/>\n7. Kiwi Passion Fruit<br \/>\n8. Sm\u00ed\u0161en\u00e9 Ovoce <span style=\"color: #ff0000\"><strong>&gt;&gt;&gt;&gt; Nejlep\u0161\u00ed!<\/strong><\/span><br \/>\n9. Bor\u016fvka Se \u0160\u0165avnatou Malinou<br \/>\n10. Dvojit\u00e1 Jablko<br \/>\n11. Jahoda Watermelon<br \/>\n12.Vodn\u00ed meloun \u017dv\u00fdka\u010dka<br \/>\n13. Broskev s ledem<br \/>\n14. Jahodovo-ban\u00e1nov\u00e1<br \/>\n15. Pan Modr\u00fd<br \/>\n16. \u010cernoryb\u00edzov\u00e1 ledov\u00e1<br \/>\n17. Mango ledov\u00e9<br \/>\n18. Hroznov\u00e9 ledov\u00e9<br \/>\n19. Broskvov\u00e9 bobule<br \/>\n20. Jahodovo-kiviov\u00e9 ovoce<\/p>\n<figure id=\"attachment_2327\" aria-describedby=\"caption-attachment-2327\" style=\"width: 300px\" class=\"wp-caption alignnone\"><img loading=\"lazy\" decoding=\"async\" class=\"size-medium wp-image-2327\" src=\"https:\/\/rmvapesale.com\/wp-content\/uploads\/2024\/10\/Vape-Elf-Box-12000-Puffs-12K-E-cigarette-300x225.jpg\" alt=\"Vape Elf Box 12000 pot\u00e1hnut\u00ed 12K E-cigareta\" width=\"300\" height=\"225\" srcset=\"https:\/\/rmvapesale.com\/wp-content\/uploads\/2024\/10\/Vape-Elf-Box-12000-Puffs-12K-E-cigarette-300x225.jpg 300w, https:\/\/rmvapesale.com\/wp-content\/uploads\/2024\/10\/Vape-Elf-Box-12000-Puffs-12K-E-cigarette-768x576.jpg 768w, https:\/\/rmvapesale.com\/wp-content\/uploads\/2024\/10\/Vape-Elf-Box-12000-Puffs-12K-E-cigarette-600x450.jpg 600w, https:\/\/rmvapesale.com\/wp-content\/uploads\/2024\/10\/Vape-Elf-Box-12000-Puffs-12K-E-cigarette.jpg 808w\" sizes=\"auto, (max-width: 300px) 100vw, 300px\" \/><figcaption id=\"caption-attachment-2327\" class=\"wp-caption-text\">Vape Elf Box 12000 pot\u00e1hnut\u00ed 12K E-cigareta<\/figcaption><\/figure>\n<p>&nbsp;<\/p>\n<h3>Pro\u010d si vybrat Rmvapesale pro v\u00e1\u0161 ELF BOX Digit\u00e1ln\u00ed 12000 pot\u00e1hnut\u00ed LED displej Jednor\u00e1zov\u00e1 vape?<\/h3>\n<div class=\"flex-shrink-0 flex flex-col relative items-end\">\n<div>\n<div class=\"pt-0\">\n<div class=\"gizmo-bot-avatar flex h-8 w-8 items-center justify-center overflow-hidden rounded-full\">\n<div class=\"relative p-1 rounded-sm flex items-center justify-center bg-token-main-surface-primary text-token-text-primary h-8 w-8\">\n<p>&nbsp;<\/p>\n<p>Kdy\u017e si vyberete Rmvapesale pro sv\u00e9 velkoobchodn\u00ed pot\u0159eby jednor\u00e1zov\u00fdch vap\u016f, z\u00edsk\u00e1te:<\/p>\n<ul>\n<li><strong>Konkuren\u010dn\u00ed cena<\/strong>: Z\u00edskejte p\u0159\u00edstup k atraktivn\u00edm velkoobchodn\u00edm cen\u00e1m, kter\u00e9 zv\u00fd\u0161\u00ed mar\u017ee va\u0161eho podnik\u00e1n\u00ed.<\/li>\n<li><strong>Vysok\u00e1 kvalita<\/strong>: Na\u0161e vapy jsou vyr\u00e1b\u011bny podle nejvy\u0161\u0161\u00edch standard\u016f a <span style=\"color: #ff0000\"><strong>zaru\u010den\u011b 100% origin\u00e1ln\u00ed a autentick\u00e9, nebo 10n\u00e1sobn\u00e1 kompenzace za pad\u011blky!<\/strong><\/span><\/li>\n<li><strong>Vynikaj\u00edc\u00ed z\u00e1kaznick\u00fd servis<\/strong>: N\u00e1\u0161 specializovan\u00fd t\u00fdm je v\u00e1m v\u017edy p\u0159ipraven pomoci a u\u010dinit tak v\u00e1\u0161 n\u00e1kupn\u00ed proces plynul\u00fdm a bezprobl\u00e9mov\u00fdm.<\/li>\n<li><strong>Rychl\u00e9 doru\u010den\u00ed<\/strong>: M\u016f\u017eete o\u010dek\u00e1vat rychlou a spolehlivou p\u0159epravu, kter\u00e1 zajist\u00ed, \u017ee va\u0161e objedn\u00e1vky doraz\u00ed v\u010das, poka\u017ed\u00e9.<\/li>\n<\/ul>\n<h3><\/h3>\n<h3><b>\u010casto kladen\u00e9 ot\u00e1zky<\/b><\/h3>\n<p>&nbsp;<\/p>\n<\/div>\n<\/div>\n<\/div>\n<\/div>\n<\/div>\n<div class=\"group\/conversation-turn relative flex w-full min-w-0 flex-col agent-turn\">\n<div class=\"flex-col gap-1 md:gap-3\">\n<div class=\"flex max-w-full flex-col flex-grow\">\n<div class=\"min-h-8 text-message flex w-full flex-col items-end gap-2 whitespace-normal break-words [.text-message+&amp;]:mt-5\" dir=\"auto\" data-message-author-role=\"assistant\" data-message-id=\"f226d3fc-81f3-46d5-8c46-31787fff0357\">\n<div class=\"flex w-full flex-col gap-1 empty:hidden first:pt-[3px]\">\n<div class=\"markdown prose w-full break-words dark:prose-invert light\">\n<p><strong>Q1: Kolik pot\u00e1hnut\u00ed mohu z\u00edskat z ELF Box Digit\u00e1ln\u00ed 12000 pot\u00e1hnut\u00ed Jednor\u00e1zov\u00e9 vape?<\/strong><br \/>\nA1: <strong>ELF Box Digit\u00e1ln\u00ed 12000 pot\u00e1hnut\u00ed Jednor\u00e1zov\u00e1 vape<\/strong> dod\u00e1v\u00e1 a\u017e <strong>12 000 pot\u00e1hnut\u00ed<\/strong>, nab\u00edz\u00ed roz\u0161\u00ed\u0159en\u00fd z\u00e1\u017eitek z vapov\u00e1n\u00ed bez nutnosti \u010dast\u00e9 v\u00fdm\u011bny.<\/p>\n<p><strong>Q2: Jak\u00e9 p\u0159\u00edchut\u011b jsou k dispozici pro ELF Box Digital 12k E Cigaretu Velkoobchod?<\/strong><br \/>\nA2: M\u016f\u017eete si u\u017e\u00edt 20 vzru\u0161uj\u00edc\u00edch p\u0159\u00edchut\u00ed, v\u010detn\u011b <strong>Watermelon Ice<\/strong>, <strong>Jahodov\u00fd ban\u00e1n<\/strong>, <strong>Blue Razz Ice<\/strong>, <strong>Mango Ice<\/strong>, a <strong>Grape Ice<\/strong>, jen abychom jmenovali n\u011bkter\u00e9. Pro ka\u017ed\u00fd vkus existuje p\u0159\u00edchu\u0165!<\/p>\n<p><strong>Q3: Jak velk\u00e1 je kapacita e-liquidu v ELF Box Digital Box 12000 Puffs Jednor\u00e1zov\u00e9 vaporiz\u00e1toru?<\/strong><br \/>\nA3: Toto za\u0159\u00edzen\u00ed m\u00e1 \u0161t\u011bdrou <strong>Kapacita e-liquidu 23 ml<\/strong>, co\u017e zaji\u0161\u0165uje dlouhotrvaj\u00edc\u00ed pou\u017e\u00edv\u00e1n\u00ed bez \u010dast\u00fdch dopl\u0148ov\u00e1n\u00ed.<\/p>\n<p><strong>Q4: Jak\u00e9 s\u00edly nikotinu jsou k dispozici v ELF Box Digital 12000 Puffs E Cigaretu?<\/strong><br \/>\nA4: M\u016f\u017eete si vybrat z <strong>0%, 2%, 3% nebo 5% \u00farovn\u00ed nikotinu<\/strong>, co\u017e usnad\u0148uje naj\u00edt spr\u00e1vnou s\u00edlu pro v\u00e1\u0161 styl vapov\u00e1n\u00ed.<\/p>\n<p><strong>Q5: Jak funguje digit\u00e1ln\u00ed displej na ELF Box Digital Box 12k Jednor\u00e1zov\u00e9m vaporiz\u00e1toru?<\/strong><br \/>\nA5: Ten <strong>chytr\u00e9mu digit\u00e1ln\u00edmu displeji<\/strong> v\u00e1m umo\u017e\u0148uje sledovat \u00farove\u0148 baterie i e-liquidu, abyste byli v\u017edy p\u0159ipraveni.<\/p>\n<p><strong>Q6: Je ELF Box Digital 12k E Cigareta dob\u00edjec\u00ed?<\/strong><br \/>\nA6: Ano, za\u0159\u00edzen\u00ed m\u00e1 <strong>dob\u00edjec\u00ed bateri\u00ed 500mAh<\/strong> a <strong>nab\u00edjec\u00edho portu typu C<\/strong> pro rychl\u00e9 a efektivn\u00ed nab\u00edjen\u00ed.<\/p>\n<p><strong>Q7: Mohu zakoupit ELF Box Digital 12000 Puffs Jednor\u00e1zov\u00fd vaporiz\u00e1tor ve velk\u00e9m mno\u017estv\u00ed?<\/strong><br \/>\nA7: Rozhodn\u011b! <strong>ELF Box Digital 12000 Puffs Jednor\u00e1zov\u00fd vaporiz\u00e9r Velkoobchod<\/strong> k dispozici jsou mo\u017enosti pro ty, kte\u0159\u00ed cht\u011bj\u00ed nakoupit ve velk\u00e9m a vyu\u017e\u00edt konkurenceschopn\u00e9 ceny.<\/p>\n<p><strong>Q8: Jakou technologii c\u00edvky pou\u017e\u00edv\u00e1 ELF Box Digital Box 12k?<\/strong><br \/>\nA8: Pou\u017e\u00edv\u00e1 <strong>0.8ohm mesh coil<\/strong> pro zv\u00fd\u0161en\u00ed chuti a hladkou v\u00fdrobu par, co\u017e zaji\u0161\u0165uje uspokojiv\u00fd z\u00e1\u017eitek z vapov\u00e1n\u00ed.<\/p>\n<\/div>\n<\/div>\n<\/div>\n<\/div>\n<\/div>\n<\/div>\n<p>&nbsp;<\/p>\n<h3><\/h3>\n<h3>O p\u0159eprav\u011b<\/h3>\n<div class=\"flex-shrink-0 flex flex-col relative items-end\">\n<div>\n<div class=\"pt-0\">\n<div class=\"gizmo-bot-avatar flex h-8 w-8 items-center justify-center overflow-hidden rounded-full\">\n<div><\/div>\n<div class=\"relative p-1 rounded-sm flex items-center justify-center bg-token-main-surface-primary text-token-text-primary h-8 w-8\"><strong>1. Jak\u00e9 zp\u016fsoby dopravy se pou\u017e\u00edvaj\u00ed?<\/strong><\/div>\n<\/div>\n<\/div>\n<\/div>\n<\/div>\n<div class=\"group\/conversation-turn relative flex w-full min-w-0 flex-col agent-turn\">\n<div class=\"flex-col gap-1 md:gap-3\">\n<div class=\"flex max-w-full flex-col flex-grow\">\n<div class=\"min-h-[20px] text-message flex w-full flex-col items-end gap-2 whitespace-normal break-words [.text-message+&amp;]:mt-5 overflow-x-auto\" dir=\"auto\" data-message-author-role=\"assistant\" data-message-id=\"22f8283b-3233-46ff-89a5-c7a41b33abda\">\n<div class=\"flex w-full flex-col gap-1 empty:hidden first:pt-[3px]\">\n<div class=\"markdown prose w-full break-words dark:prose-invert light\">\n<p>Spolupracujeme s UPS, DHL, FedEx, DPD a dal\u0161\u00edmi p\u0159edn\u00edmi p\u0159epravci. Vybereme nejlep\u0161\u00ed zp\u016fsob dopravy na z\u00e1klad\u011b va\u0161\u00ed doru\u010dovac\u00ed lokality, abychom zajistili, \u017ee sv\u00e9 produkty obdr\u017e\u00edte co nejrychleji.<\/p>\n<\/div>\n<p><strong>2. Jak dlouho trv\u00e1 doru\u010den\u00ed?<\/strong><\/p>\n<p>Bal\u00ed\u010dky odeslan\u00e9 do \u010cesk\u00e9 republiky obvykle doraz\u00ed do 10 pracovn\u00edch dn\u016f. P\u0159eprava do evropsk\u00fdch zem\u00ed obecn\u011b trv\u00e1 asi 12-15 pracovn\u00edch dn\u016f. O stavu va\u0161\u00ed z\u00e1silky v\u00e1s budeme pr\u016fb\u011b\u017en\u011b informovat.<\/p>\n<\/div>\n<\/div>\n<\/div>\n<\/div>\n<\/div>\n<p>&nbsp;<\/p>\n<p>Dal\u0161\u00ed obl\u00edben\u00e9 jednor\u00e1zov\u00e9 e-cigarety, kter\u00e9 by se v\u00e1m mohly l\u00edbit:<\/p>\n<p><a href=\"https:\/\/rmvapesale.com\/cs\/product\/waspe-12000-puffs-disposable-vape-pen\/\"><strong>WASPE 12000 pot\u00e1hnut\u00ed\u00a0 \u00a0<span style=\"color: #ff0000\">&gt;&gt;&gt;&gt; j\u00edt!<\/span><\/strong><\/a><\/p>\n<p><strong><a href=\"https:\/\/rmvapesale.com\/cs\/product\/waspe-fihp-30000-puffs-led-display-disposable-vape-box\/\">WASPE FIHP 30000 pot\u00e1hnut\u00ed <span style=\"color: #ff0000\">&gt;&gt;&gt;&gt; j\u00edt!<\/span><\/a>\u00a0<\/strong><\/p>\n<h2 class=\"woocommerce-loop-product__title\"><a style=\"font-size: 16px\" href=\"https:\/\/rmvapesale.com\/cs\/product\/bang-box-30000-puff-double-taste-smart-screen-disposable-vape-wholesale\/\"><strong>Bang Box 30000 Puf\u016f Dvojit\u00e1 Chu\u0165 <span style=\"color: #ff0000\">&gt;&gt;&gt;&gt; j\u00edt!<\/span><\/strong><\/a><\/h2>\n<p>&nbsp;<\/p>\n<p>&nbsp;<\/p>\n<p>Naj\u00edt v\u00edce produkt\u016f pro vaping, kter\u00e9 by se v\u00e1m mohly l\u00edbit:<strong><em><a href=\"https:\/\/rmvapesale.com\/cs\/shop-2\/\">nakupujte nyn\u00ed &gt;&gt;&gt;<\/a><\/em><\/strong><\/p>","protected":false},"excerpt":{"rendered":"<p>ELF Box Digital 12000 Puffs 0% 2% 3% 5% N\u00edzk\u00fd obsah nikotinu<br \/>\nELF BOX Digital Box 12000 Puffs Jednor\u00e1zov\u00e9 elektronick\u00e9 cigarety<br \/>\nELF Box Digital 12000 Puffs Jednor\u00e1zov\u00fd vaporiz\u00e9r Velkoobchod<\/p>\n<p><img loading=\"lazy\" decoding=\"async\" class=\"size-full wp-image-1978\" src=\"https:\/\/rmvapesale.com\/wp-content\/uploads\/2024\/09\/Disposable-Vape-Wholesale.jpg\" alt=\"Jednor\u00e1zov\u00e1 e-cigareta velkoobchod\" width=\"229\" height=\"300\" \/><\/p>\n<h3><a href=\"https:\/\/wa.me\/8617776015835\"><span style=\"color: #ff0000\"><strong>WhatsApp: +86 17776015835<\/strong><\/span><\/a><\/h3>\n<p>&nbsp;<\/p>","protected":false},"featured_media":2325,"comment_status":"open","ping_status":"closed","template":"","meta":{"_uag_custom_page_level_css":"","_lmt_disableupdate":"","_lmt_disable":"","site-sidebar-layout":"default","site-content-layout":"content-boxed-container","ast-site-content-layout":"normal-width-container","site-content-style":"boxed","site-sidebar-style":"unboxed","ast-global-header-display":"","ast-banner-title-visibility":"","ast-main-header-display":"","ast-hfb-above-header-display":"","ast-hfb-below-header-display":"","ast-hfb-mobile-header-display":"","site-post-title":"","ast-breadcrumbs-content":"","ast-featured-img":"","footer-sml-layout":"","ast-disable-related-posts":"","theme-transparent-header-meta":"default","adv-header-id-meta":"","stick-header-meta":"","header-above-stick-meta":"","header-main-stick-meta":"","header-below-stick-meta":"","astra-migrate-meta-layouts":"set","ast-page-background-enabled":"default","ast-page-background-meta":{"desktop":{"background-color":"var(--ast-global-color-4)","background-image":"","background-repeat":"repeat","background-position":"center center","background-size":"auto","background-attachment":"scroll","background-type":"","background-media":"","overlay-type":"","overlay-color":"","overlay-opacity":"","overlay-gradient":""},"tablet":{"background-color":"","background-image":"","background-repeat":"repeat","background-position":"center center","background-size":"auto","background-attachment":"scroll","background-type":"","background-media":"","overlay-type":"","overlay-color":"","overlay-opacity":"","overlay-gradient":""},"mobile":{"background-color":"","background-image":"","background-repeat":"repeat","background-position":"center center","background-size":"auto","background-attachment":"scroll","background-type":"","background-media":"","overlay-type":"","overlay-color":"","overlay-opacity":"","overlay-gradient":""}},"ast-content-background-meta":{"desktop":{"background-color":"var(--ast-global-color-5)","background-image":"","background-repeat":"repeat","background-position":"center center","background-size":"auto","background-attachment":"scroll","background-type":"","background-media":"","overlay-type":"","overlay-color":"","overlay-opacity":"","overlay-gradient":""},"tablet":{"background-color":"var(--ast-global-color-5)","background-image":"","background-repeat":"repeat","background-position":"center center","background-size":"auto","background-attachment":"scroll","background-type":"","background-media":"","overlay-type":"","overlay-color":"","overlay-opacity":"","overlay-gradient":""},"mobile":{"background-color":"var(--ast-global-color-5)","background-image":"","background-repeat":"repeat","background-position":"center center","background-size":"auto","background-attachment":"scroll","background-type":"","background-media":"","overlay-type":"","overlay-color":"","overlay-opacity":"","overlay-gradient":""}},"_joinchat":[]},"product_brand":[],"product_cat":[15,60,128,27,25,123,30,26,28],"product_tag":[66,125,126,129,101,105,120],"class_list":{"0":"post-2320","1":"product","2":"type-product","3":"status-publish","4":"has-post-thumbnail","6":"product_cat-new-vape-this-week","7":"product_cat-bang-vapes","8":"product_cat-elf-box-disposable-vapes","9":"product_cat-fance-hot-sale-vape","10":"product_cat-germany-best-selling-vape","11":"product_cat-italy-wholesale-vape","12":"product_cat-minimum-order-quantity-50pcs","13":"product_cat-netherlands-hot-sale-vape","14":"product_cat-poland-hot-sale-vape","15":"product_tag-disposable-vape","16":"product_tag-disposable-vape-italy","17":"product_tag-e-cigarettes","18":"product_tag-elf-box-vape","19":"product_tag-led-display-vape","20":"product_tag-nicotine-free-disposable-vape","21":"product_tag-vape-wholesale","22":"desktop-align-left","23":"tablet-align-left","24":"mobile-align-left","26":"first","27":"instock","28":"sale","29":"shipping-taxable","30":"purchasable","31":"product-type-simple"},"uagb_featured_image_src":{"full":["https:\/\/rmvapesale.com\/wp-content\/uploads\/2024\/10\/ELF-Box-Digital-12000-Puffs-Disposable.jpg",808,808,false],"thumbnail":["https:\/\/rmvapesale.com\/wp-content\/uploads\/2024\/10\/ELF-Box-Digital-12000-Puffs-Disposable-150x150.jpg",150,150,true],"medium":["https:\/\/rmvapesale.com\/wp-content\/uploads\/2024\/10\/ELF-Box-Digital-12000-Puffs-Disposable-300x300.jpg",300,300,true],"medium_large":["https:\/\/rmvapesale.com\/wp-content\/uploads\/2024\/10\/ELF-Box-Digital-12000-Puffs-Disposable-768x768.jpg",768,768,true],"large":["https:\/\/rmvapesale.com\/wp-content\/uploads\/2024\/10\/ELF-Box-Digital-12000-Puffs-Disposable.jpg",808,808,false],"1536x1536":["https:\/\/rmvapesale.com\/wp-content\/uploads\/2024\/10\/ELF-Box-Digital-12000-Puffs-Disposable.jpg",808,808,false],"2048x2048":["https:\/\/rmvapesale.com\/wp-content\/uploads\/2024\/10\/ELF-Box-Digital-12000-Puffs-Disposable.jpg",808,808,false],"trp-custom-language-flag":["https:\/\/rmvapesale.com\/wp-content\/uploads\/2024\/10\/ELF-Box-Digital-12000-Puffs-Disposable.jpg",12,12,false],"woocommerce_thumbnail":["https:\/\/rmvapesale.com\/wp-content\/uploads\/2024\/10\/ELF-Box-Digital-12000-Puffs-Disposable-300x300.jpg",300,300,true],"woocommerce_single":["https:\/\/rmvapesale.com\/wp-content\/uploads\/2024\/10\/ELF-Box-Digital-12000-Puffs-Disposable-600x600.jpg",600,600,true],"woocommerce_gallery_thumbnail":["https:\/\/rmvapesale.com\/wp-content\/uploads\/2024\/10\/ELF-Box-Digital-12000-Puffs-Disposable-100x100.jpg",100,100,true],"wcpr-photo-reviews":["https:\/\/rmvapesale.com\/wp-content\/uploads\/2024\/10\/ELF-Box-Digital-12000-Puffs-Disposable.jpg",500,500,false]},"uagb_author_info":{"display_name":"AMY","author_link":"https:\/\/rmvapesale.com\/cs\/author\/"},"uagb_comment_info":0,"uagb_excerpt":"ELF Box Digital 12000 Puffs 0% 2% 3% 5% Low Nicotine ELF BOX Digital Box 12000 Puffs Disposable E Cigarettes ELF Box Digital 12000 Puffs Disposable Vape Wholesale WhatsApp: +86 17776015835 &nbsp;","_links":{"self":[{"href":"https:\/\/rmvapesale.com\/cs\/wp-json\/wp\/v2\/product\/2320","targetHints":{"allow":["GET"]}}],"collection":[{"href":"https:\/\/rmvapesale.com\/cs\/wp-json\/wp\/v2\/product"}],"about":[{"href":"https:\/\/rmvapesale.com\/cs\/wp-json\/wp\/v2\/types\/product"}],"replies":[{"embeddable":true,"href":"https:\/\/rmvapesale.com\/cs\/wp-json\/wp\/v2\/comments?post=2320"}],"wp:featuredmedia":[{"embeddable":true,"href":"https:\/\/rmvapesale.com\/cs\/wp-json\/wp\/v2\/media\/2325"}],"wp:attachment":[{"href":"https:\/\/rmvapesale.com\/cs\/wp-json\/wp\/v2\/media?parent=2320"}],"wp:term":[{"taxonomy":"product_brand","embeddable":true,"href":"https:\/\/rmvapesale.com\/cs\/wp-json\/wp\/v2\/product_brand?post=2320"},{"taxonomy":"product_cat","embeddable":true,"href":"https:\/\/rmvapesale.com\/cs\/wp-json\/wp\/v2\/product_cat?post=2320"},{"taxonomy":"product_tag","embeddable":true,"href":"https:\/\/rmvapesale.com\/cs\/wp-json\/wp\/v2\/product_tag?post=2320"}],"curies":[{"name":"wp","href":"https:\/\/api.w.org\/{rel}","templated":true}]}}