{"id":2329,"date":"2024-10-10T09:22:12","date_gmt":"2024-10-10T09:22:12","guid":{"rendered":"https:\/\/rmvapesale.com\/?post_type=product&#038;p=2329"},"modified":"2024-10-22T07:41:39","modified_gmt":"2024-10-22T07:41:39","slug":"bang-box-30000-puff-double-taste-smart-screen-disposable-vape","status":"publish","type":"product","link":"https:\/\/rmvapesale.com\/cs\/product\/bang-box-30000-puff-double-taste-smart-screen-disposable-vape\/","title":{"rendered":"Bang Box 30000 pot\u00e1hnut\u00ed Chytr\u00e1 obrazovka s dvojitou chut\u00ed Jednor\u00e1zov\u00e1 e-cigareta"},"content":{"rendered":"<div class=\"B2VR9 CJHX3e\">\n<div class=\"wyccme\">\n<h1 class=\"LC20lb MBeuO DKV0Md\">Bang Box 30000 \u0161luk\u016f Dvojit\u00e1 chu\u0165 Jednor\u00e1zov\u00fd vape s inteligentn\u00edm displejem Velkoobchod<\/h1>\n<div class=\"flex-shrink-0 flex flex-col relative items-end\">\n<div>\n<div class=\"pt-0\">\n<div class=\"gizmo-bot-avatar flex h-8 w-8 items-center justify-center overflow-hidden rounded-full\">\n<div class=\"relative p-1 rounded-sm flex items-center justify-center bg-token-main-surface-primary text-token-text-primary h-8 w-8\">\n<p>Hled\u00e1te dokonal\u00fd vape s obrovskou kapacitou? Pak <strong>Bang Box 30000 pot\u00e1hnut\u00ed Chytr\u00e1 obrazovka s dvojitou chut\u00ed Jednor\u00e1zov\u00e1 e-cigareta<\/strong> je tu pro v\u00e1s! S p\u016fsobiv\u00fdmi 30 000 \u0161luky v\u00e1m toto za\u0159\u00edzen\u00ed zajist\u00ed vapov\u00e1n\u00ed na cel\u00e9 dny \u2013 doslova.<\/p>\n<p>Baleno s <strong>36ml e-liquidu<\/strong> a poh\u00e1n\u011bno <strong>550mAh dob\u00edjec\u00ed bateri\u00ed<\/strong>, Bang Box je navr\u017eeno pro dlouhotrvaj\u00edc\u00ed v\u00fdkon. Je vybaveno <strong>mesh spir\u00e1lkou<\/strong>, co\u017e zaji\u0161\u0165uje hladkou a bohatou chu\u0165 s ka\u017ed\u00fdm \u0161lukem. The <strong>LCD digit\u00e1ln\u00edm displejem<\/strong> v\u00e1s neust\u00e1le informuje a na prvn\u00ed pohled ukazuje \u017eivotnost baterie a hladinu e-liquidu, tak\u017ee \u017e\u00e1dn\u00e1 p\u0159ekvapen\u00ed!<\/p>\n<p>S <strong>mo\u017enosti bez nikotinu<\/strong> jako 0%, <strong>mo\u017enosti s n\u00edzk\u00fdm obsahem nikotinu <\/strong>jako 2% a dal\u0161\u00edmi nikotiny jako 3% a 5%, si m\u016f\u017eete vybrat s\u00edlu, kter\u00e1 vyhovuje va\u0161emu stylu. A nezapome\u0148me na vzru\u0161uj\u00edc\u00ed <strong>Funkce Double Taste<\/strong>\u2014nab\u00edz\u00ed dvojitou chu\u0165 v jednom za\u0159\u00edzen\u00ed pro bezkonkuren\u010dn\u00ed z\u00e1\u017eitek!<\/p>\n<p>Snadno ho nabijete pomoc\u00ed <strong>portu Type-C<\/strong> a jste p\u0159ipraveni vyrazit. The <strong>Bang Box 30000 Puffs<\/strong> je ide\u00e1ln\u00ed pro velkoobchodn\u00ed n\u00e1kup\u010d\u00ed, kte\u0159\u00ed cht\u011bj\u00ed z\u00e1kazn\u00edk\u016fm nab\u00eddnout n\u011bco, co je siln\u00e9 a pln\u00e9 chuti.<\/p>\n<p>Naskladn\u011bte si ho hned a u\u017eijte si v\u00fdhody <strong>Bang Box 30000 \u0161luk\u016f Dvojit\u00e1 chu\u0165 Jednor\u00e1zov\u00fd vape s inteligentn\u00edm displejem Velkoobchod<\/strong>!<\/p>\n<p>&nbsp;<\/p>\n<\/div>\n<\/div>\n<\/div>\n<\/div>\n<\/div>\n<\/div>\n<\/div>\n<p><strong>Kontaktujte Amy a z\u00edskejte spr\u00e1vnou odpov\u011b\u010f a dal\u0161\u00ed produktov\u00e1 videa!<\/strong><\/p>\n<p><img loading=\"lazy\" decoding=\"async\" class=\"size-full wp-image-1978\" src=\"https:\/\/rmvapesale.com\/wp-content\/uploads\/2024\/09\/Disposable-Vape-Wholesale.jpg\" alt=\"Jednor\u00e1zov\u00e1 e-cigareta velkoobchod\" width=\"229\" height=\"300\" \/><\/p>\n<h3><a href=\"https:\/\/wa.me\/8617776015835\" target=\"_blank\" rel=\"noopener\"><span style=\"color: #ff0000\"><strong>WhatsApp: +86 17776015835<\/strong><\/span><\/a><\/h3>\n<p>&nbsp;<\/p>\n<h2><\/h2>\n<h2><strong>Kl\u00ed\u010dov\u00e9 vlastnosti Bang Box 30000 Puffs Double Taste Vape<\/strong><\/h2>\n<p>&nbsp;<\/p>\n<ul>\n<li><strong>Vysok\u00fd po\u010det potah\u016f<\/strong>: U\u017eijte si a\u017e 30 000 potah\u016f, d\u00edky \u010demu\u017e je ide\u00e1ln\u00ed pro ka\u017edodenn\u00ed vapov\u00e1n\u00ed bez neust\u00e1l\u00fdch v\u00fdm\u011bn.<\/li>\n<li><strong>Velk\u00e1 kapacita e-liquidu<\/strong>: S 35ml n\u00e1dr\u017e\u00ed tento vape minimalizuje pot\u0159ebu \u010dast\u00e9ho dopl\u0148ov\u00e1n\u00ed a nab\u00edz\u00ed del\u0161\u00ed pou\u017e\u00edv\u00e1n\u00ed.<\/li>\n<li><strong>Dob\u00edjec\u00ed baterie<\/strong>: Vybaveno 850mAh bateri\u00ed, zaji\u0161\u0165uje dlouhotrvaj\u00edc\u00ed v\u00fdkon a snadn\u00e9 dob\u00edjen\u00ed.<\/li>\n<li><strong>Nab\u00edjen\u00ed Type-C<\/strong>: Dob\u00edjejte rychle a pohodln\u011b pomoc\u00ed modern\u00edho konektoru Type-C.<\/li>\n<li><strong>Technologie du\u00e1ln\u00ed mesh spir\u00e1lky<\/strong>: Za\u017eijte lep\u0161\u00ed chu\u0165 a bohatou produkci p\u00e1ry pro uspokojiv\u011bj\u0161\u00ed z\u00e1\u017eitek.<\/li>\n<li><strong>Chytr\u00fd displej<\/strong>: Z\u016fsta\u0148te informov\u00e1ni d\u00edky digit\u00e1ln\u00edmu chytr\u00e9mu displeji, kter\u00fd zobrazuje \u017eivotnost baterie a hladinu e-liquidu.<\/li>\n<li><strong>Nastaviteln\u00fd pr\u016ftok vzduchu<\/strong>: Dola\u010fte si sv\u016fj tah s du\u00e1ln\u00ed regulac\u00ed proud\u011bn\u00ed vzduchu s vo\u0161tinovou strukturou pro individu\u00e1ln\u00ed z\u00e1\u017eitek z vapov\u00e1n\u00ed.<\/li>\n<li><strong>Mo\u017enosti nikotinu<\/strong>: K dispozici v 0%, 2%, 3% a 5% \u00farovn\u00edch nikotinu, co\u017e vyhovuje r\u016fzn\u00fdm preferenc\u00edm.<\/li>\n<\/ul>\n<h2><\/h2>\n<h2><strong>Nejlep\u0161\u00ed p\u0159\u00edchu\u0165 pro e-cigarety Bang Box 30000 Puffs\u00a0<\/strong><\/h2>\n<p>Jednor\u00e1zov\u00fd vaporiz\u00e9r Bang Box 30000 Puff Smart Screen nab\u00edz\u00ed 12 lahodn\u00fdch p\u0159\u00edchut\u00ed. Vyberte si z \u0159ady p\u0159\u00edchut\u00ed, v\u010detn\u011b klasick\u00e9 osv\u011b\u017euj\u00edc\u00ed chladiv\u00e9 m\u00e1ty a exotick\u00e9 sladkosti hrozn\u016f, z nich\u017e ka\u017ed\u00e1 slibuje bohatou, uspokojivou cestu s ka\u017ed\u00fdm pot\u00e1hnut\u00edm.<\/p>\n<p>1. Jahoda Kiwi<br \/>\n2.Black Burst <span style=\"color: #ff0000\"><strong>&gt;&gt;&gt;&gt; Hork\u00e9!<\/strong><\/span><br \/>\n3. Jahoda Vodn\u00ed meloun<br \/>\n4.Jungle Juice<br \/>\n5.Bor\u016fvka Kyselina Malina Led <span style=\"color: #ff0000\"><strong>&gt;&gt;&gt;&gt; Hork\u00e9!<\/strong><\/span><br \/>\n6.Vodn\u00ed Meloun Led<br \/>\n7.Bor\u016fvka Led<br \/>\n8.Bor\u016fvka Gran\u00e1tov\u00e9 jablko<br \/>\n9. Modr\u00e1 vlna <span style=\"color: #ff0000\"><strong>&gt;&gt;&gt;&gt; Nejlep\u0161\u00ed!<\/strong><\/span><br \/>\n10. Jablko broskev<br \/>\n11. Marakuja<br \/>\n12. Dvojit\u00e9 hrozny<\/p>\n<figure id=\"attachment_2316\" aria-describedby=\"caption-attachment-2316\" style=\"width: 487px\" class=\"wp-caption alignnone\"><img loading=\"lazy\" decoding=\"async\" class=\"wp-image-2316 size-full\" src=\"https:\/\/rmvapesale.com\/wp-content\/uploads\/2024\/10\/Bang-Box-30k-Puffs-Factory-Price-New-Vape-This-Week.jpg\" alt=\"Bang Box 30k Puffs Tov\u00e1rn\u00ed cena Nov\u00fd vape tento t\u00fdden\" width=\"487\" height=\"800\" srcset=\"https:\/\/rmvapesale.com\/wp-content\/uploads\/2024\/10\/Bang-Box-30k-Puffs-Factory-Price-New-Vape-This-Week.jpg 487w, https:\/\/rmvapesale.com\/wp-content\/uploads\/2024\/10\/Bang-Box-30k-Puffs-Factory-Price-New-Vape-This-Week-183x300.jpg 183w\" sizes=\"auto, (max-width: 487px) 100vw, 487px\" \/><figcaption id=\"caption-attachment-2316\" class=\"wp-caption-text\">Bang Box 30k Puffs Tov\u00e1rn\u00ed cena Nov\u00fd vape tento t\u00fdden<\/figcaption><\/figure>\n<h3>Pro\u010d si vybrat Rmvapesale pro sv\u016fj velkoobchodn\u00ed n\u00e1kup Bang Box 30000 Puffs?<\/h3>\n<div class=\"flex-shrink-0 flex flex-col relative items-end\">\n<div>\n<div class=\"pt-0\">\n<div class=\"gizmo-bot-avatar flex h-8 w-8 items-center justify-center overflow-hidden rounded-full\">\n<div class=\"relative p-1 rounded-sm flex items-center justify-center bg-token-main-surface-primary text-token-text-primary h-8 w-8\">\n<p>&nbsp;<\/p>\n<p>Kdy\u017e si vyberete Rmvapesale pro sv\u00e9 velkoobchodn\u00ed pot\u0159eby jednor\u00e1zov\u00fdch vap\u016f, z\u00edsk\u00e1te:<\/p>\n<ul>\n<li><strong>Konkuren\u010dn\u00ed cena<\/strong>: Z\u00edskejte p\u0159\u00edstup k atraktivn\u00edm velkoobchodn\u00edm cen\u00e1m, kter\u00e9 zv\u00fd\u0161\u00ed mar\u017ee va\u0161eho podnik\u00e1n\u00ed.<\/li>\n<li><strong>Vysok\u00e1 kvalita<\/strong>: Na\u0161e vapy jsou vyr\u00e1b\u011bny podle nejvy\u0161\u0161\u00edch standard\u016f a <span style=\"color: #ff0000\"><strong>zaru\u010den\u011b 100% origin\u00e1ln\u00ed a autentick\u00e9, nebo 10n\u00e1sobn\u00e1 kompenzace za pad\u011blky!<\/strong><\/span><\/li>\n<li><strong>Vynikaj\u00edc\u00ed z\u00e1kaznick\u00fd servis<\/strong>: N\u00e1\u0161 specializovan\u00fd t\u00fdm je v\u00e1m v\u017edy p\u0159ipraven pomoci a u\u010dinit tak v\u00e1\u0161 n\u00e1kupn\u00ed proces plynul\u00fdm a bezprobl\u00e9mov\u00fdm.<\/li>\n<li><strong>Rychl\u00e9 doru\u010den\u00ed<\/strong>: M\u016f\u017eete o\u010dek\u00e1vat rychlou a spolehlivou p\u0159epravu, kter\u00e1 zajist\u00ed, \u017ee va\u0161e objedn\u00e1vky doraz\u00ed v\u010das, poka\u017ed\u00e9.<\/li>\n<\/ul>\n<h3><\/h3>\n<h3><b>\u010casto kladen\u00e9 ot\u00e1zky<\/b><\/h3>\n<p>&nbsp;<\/p>\n<\/div>\n<\/div>\n<\/div>\n<\/div>\n<\/div>\n<div class=\"group\/conversation-turn relative flex w-full min-w-0 flex-col agent-turn\">\n<div class=\"flex-col gap-1 md:gap-3\">\n<div class=\"flex max-w-full flex-col flex-grow\">\n<div class=\"min-h-8 text-message flex w-full flex-col items-end gap-2 whitespace-normal break-words [.text-message+&amp;]:mt-5\" dir=\"auto\" data-message-author-role=\"assistant\" data-message-id=\"f226d3fc-81f3-46d5-8c46-31787fff0357\">\n<div class=\"flex w-full flex-col gap-1 empty:hidden first:pt-[3px]\">\n<div class=\"markdown prose w-full break-words dark:prose-invert light\">\n<p><strong>Q1: \u010c\u00edm je jednor\u00e1zov\u00fd vape Bang Box 30000 Puffs s dvojitou p\u0159\u00edchut\u00ed v\u00fdjime\u010dn\u00fd?<\/strong><br \/>\nA1: <strong>Jednor\u00e1zov\u00fd vape Bang Box 30000 Puffs s dvojitou p\u0159\u00edchut\u00ed<\/strong> nab\u00edz\u00ed a\u017e 30 000 pot\u00e1hnut\u00ed a obsahuje <strong>technologie du\u00e1ln\u00edho aroma<\/strong>, kter\u00e1 v\u00e1m umo\u017en\u00ed p\u0159ep\u00ednat mezi dv\u011bma p\u0159\u00edchut\u011bmi v jednom za\u0159\u00edzen\u00ed. Je tak\u00e9 vybaven chytr\u00fdm LED displejem, kter\u00fd zobrazuje stav baterie i e-liquidu, co\u017e poskytuje pohodln\u00fd a vylep\u0161en\u00fd z\u00e1\u017eitek z vapov\u00e1n\u00ed.<\/p>\n<p><strong>Q2: Jak\u00e9 p\u0159\u00edchut\u011b jsou k dispozici pro jednor\u00e1zov\u00fd vape Bang Box 30000 Puff Double Flavor?<\/strong><br \/>\nA2: M\u016f\u017eete si vybrat z 12 lahodn\u00fdch p\u0159\u00edchut\u00ed, v\u010detn\u011b <strong>Jahoda Kiwi<\/strong>, <strong>\u010cern\u00fd v\u00fdbuch<\/strong>, <strong>Watermelon Ice<\/strong>, <strong>Bor\u016fvka Gran\u00e1tov\u00e9 jablko<\/strong>, a <strong>Dvojit\u00e9 hrozny<\/strong>. A\u0165 u\u017e d\u00e1v\u00e1te p\u0159ednost ovocn\u00fdm nebo ledov\u00fdm p\u0159\u00edchut\u00edm, ka\u017ed\u00fd si p\u0159ijde na sv\u00e9!<\/p>\n<p><strong>Q3: Jak funguje chytr\u00fd displej na inteligentn\u00edm vapu Bang Box 30000 Puff Double Flavor?<\/strong><br \/>\nA3: The <strong>LED displej<\/strong> zobrazuje d\u016fle\u017eit\u00e9 detaily, jako je \u017eivotnost baterie a hladina e-liquidu, co\u017e usnad\u0148uje sledov\u00e1n\u00ed stavu va\u0161eho za\u0159\u00edzen\u00ed.<\/p>\n<p><strong>Q4: Jak\u00e1 je kapacita e-liquidu pro jednor\u00e1zov\u00fd vape Bang 30000 Puff Double Taste?<\/strong><br \/>\nA4: Tento vape m\u00e1 velkorysou kapacitu <strong>kapacita 35 ml e-liquidu<\/strong>, co\u017e zaji\u0161\u0165uje dlouhotrvaj\u00edc\u00ed pou\u017e\u00edv\u00e1n\u00ed bez nutnosti \u010dast\u00e9ho dopl\u0148ov\u00e1n\u00ed.<\/p>\n<p><strong>Q5: Jak\u00e9 jsou mo\u017enosti nikotinu pro chytr\u00fd vape Bang Box 30000 Puff Double Flavor?<\/strong><br \/>\nA5: M\u016f\u017eete si vybrat z <strong>0%, 2%, 3% a 5% s\u00edly nikotinu<\/strong>, co\u017e v\u00e1m d\u00e1v\u00e1 flexibilitu v z\u00e1vislosti na va\u0161ich preferenc\u00edch.<\/p>\n<p><strong>Q6: Je chytr\u00fd vape Bang Box 30000 Puff Double Taste dob\u00edjec\u00ed?<\/strong><br \/>\nA6: Ano, za\u0159\u00edzen\u00ed je vybaveno <strong>nab\u00edjec\u00edho portu typu C<\/strong> a <strong>850mAh baterie<\/strong>, d\u00edky \u010demu\u017e je jeho dob\u00edjen\u00ed rychl\u00e9 a snadn\u00e9.<\/p>\n<p><strong>Q7: Mohu si koupit inteligentn\u00ed vape Bang 30000 Puff Double Taste ve velk\u00e9m?<\/strong><br \/>\nA7: Ano, <strong>velkoobchodn\u00ed mo\u017enosti inteligentn\u00edho vape Bang 30000 Puff Double Taste<\/strong> jsou k dispozici pro maloobchodn\u00edky, kte\u0159\u00ed cht\u011bj\u00ed z\u00e1sobit toto obl\u00edben\u00e9 za\u0159\u00edzen\u00ed.<\/p>\n<\/div>\n<\/div>\n<\/div>\n<\/div>\n<\/div>\n<\/div>\n<p>&nbsp;<\/p>\n<h3><\/h3>\n<h3>O p\u0159eprav\u011b<\/h3>\n<div class=\"flex-shrink-0 flex flex-col relative items-end\">\n<div>\n<div class=\"pt-0\">\n<div class=\"gizmo-bot-avatar flex h-8 w-8 items-center justify-center overflow-hidden rounded-full\">\n<div><\/div>\n<div class=\"relative p-1 rounded-sm flex items-center justify-center bg-token-main-surface-primary text-token-text-primary h-8 w-8\"><strong>1. Jak\u00e9 zp\u016fsoby dopravy se pou\u017e\u00edvaj\u00ed?<\/strong><\/div>\n<\/div>\n<\/div>\n<\/div>\n<\/div>\n<div class=\"group\/conversation-turn relative flex w-full min-w-0 flex-col agent-turn\">\n<div class=\"flex-col gap-1 md:gap-3\">\n<div class=\"flex max-w-full flex-col flex-grow\">\n<div class=\"min-h-[20px] text-message flex w-full flex-col items-end gap-2 whitespace-normal break-words [.text-message+&amp;]:mt-5 overflow-x-auto\" dir=\"auto\" data-message-author-role=\"assistant\" data-message-id=\"22f8283b-3233-46ff-89a5-c7a41b33abda\">\n<div class=\"flex w-full flex-col gap-1 empty:hidden first:pt-[3px]\">\n<div class=\"markdown prose w-full break-words dark:prose-invert light\">\n<p>Spolupracujeme s UPS, DHL, FedEx, DPD a dal\u0161\u00edmi p\u0159edn\u00edmi p\u0159epravci. Vybereme nejlep\u0161\u00ed zp\u016fsob dopravy na z\u00e1klad\u011b va\u0161\u00ed doru\u010dovac\u00ed lokality, abychom zajistili, \u017ee sv\u00e9 produkty obdr\u017e\u00edte co nejrychleji.<\/p>\n<\/div>\n<p><strong>2. Jak dlouho trv\u00e1 doru\u010den\u00ed?<\/strong><\/p>\n<p>Bal\u00ed\u010dky odeslan\u00e9 do \u010cesk\u00e9 republiky obvykle doraz\u00ed do 10 pracovn\u00edch dn\u016f. P\u0159eprava do evropsk\u00fdch zem\u00ed obecn\u011b trv\u00e1 asi 12-15 pracovn\u00edch dn\u016f. O stavu va\u0161\u00ed z\u00e1silky v\u00e1s budeme pr\u016fb\u011b\u017en\u011b informovat.<\/p>\n<\/div>\n<\/div>\n<\/div>\n<\/div>\n<\/div>\n<p>&nbsp;<\/p>\n<p>Dal\u0161\u00ed obl\u00edben\u00e9 jednor\u00e1zov\u00e9 e-cigarety, kter\u00e9 by se v\u00e1m mohly l\u00edbit:<\/p>\n<p><a href=\"https:\/\/rmvapesale.com\/cs\/product\/aivono-aim-magic-20000-20k-puffs-disposable-vape-pod\/\"><strong>Aivono Aim Magic 20000 pot\u00e1hnut\u00ed\u00a0 \u00a0<span style=\"color: #ff0000\">&gt;&gt;&gt;&gt; j\u00edt!<\/span><\/strong><\/a><\/p>\n<p><strong><a href=\"https:\/\/rmvapesale.com\/cs\/product\/waspe-fihp-30000-puffs-led-display-disposable-vape-box\/\">WASPE FIHP 30000 pot\u00e1hnut\u00ed <span style=\"color: #ff0000\">&gt;&gt;&gt;&gt; j\u00edt!<\/span><\/a>\u00a0<\/strong><\/p>\n<p><a href=\"https:\/\/rmvapesale.com\/cs\/product\/bang-box-30000-puff-smart-screen-disposable-vape-wholesale\/\"><strong>Bang Box 30000 Puffs Chytr\u00e1 obrazovka <span style=\"color: #ff0000\">&gt;&gt;&gt;&gt; j\u00edt!<\/span><\/strong><\/a><\/p>\n<p>&nbsp;<\/p>\n<p>&nbsp;<\/p>\n<p>Naj\u00edt v\u00edce produkt\u016f pro vaping, kter\u00e9 by se v\u00e1m mohly l\u00edbit:<strong><em><a href=\"https:\/\/rmvapesale.com\/cs\/shop-2\/\">nakupujte nyn\u00ed &gt;&gt;&gt;<\/a><\/em><\/strong><\/p>","protected":false},"excerpt":{"rendered":"<p>Bang Box 30000 \u0161luk\u016f Jednor\u00e1zov\u00e9 e-cigarety s inteligentn\u00edm displejem<br \/>\nBang Vape Box 30000 \u0161luk\u016f Jednor\u00e1zov\u00fd vape s dvojitou chut\u00ed Velkoobchod<br \/>\nBang Box 30000 \u0161luk\u016f 0% 2% 3% 5% Jednor\u00e1zov\u00fd vape bez nikotinu<\/p>\n<p><img loading=\"lazy\" decoding=\"async\" class=\"size-full wp-image-1978\" src=\"https:\/\/rmvapesale.com\/wp-content\/uploads\/2024\/09\/Disposable-Vape-Wholesale.jpg\" alt=\"Jednor\u00e1zov\u00e1 e-cigareta velkoobchod\" width=\"229\" height=\"300\" \/><\/p>\n<h3><a href=\"https:\/\/wa.me\/8617776015835\"><span style=\"color: #ff0000\"><strong>WhatsApp: +86 17776015835<\/strong><\/span><\/a><\/h3>\n<p>&nbsp;<\/p>","protected":false},"featured_media":2315,"comment_status":"open","ping_status":"closed","template":"","meta":{"_uag_custom_page_level_css":"","_lmt_disableupdate":"no","_lmt_disable":"","site-sidebar-layout":"default","site-content-layout":"content-boxed-container","ast-site-content-layout":"normal-width-container","site-content-style":"boxed","site-sidebar-style":"unboxed","ast-global-header-display":"","ast-banner-title-visibility":"","ast-main-header-display":"","ast-hfb-above-header-display":"","ast-hfb-below-header-display":"","ast-hfb-mobile-header-display":"","site-post-title":"","ast-breadcrumbs-content":"","ast-featured-img":"","footer-sml-layout":"","ast-disable-related-posts":"","theme-transparent-header-meta":"default","adv-header-id-meta":"","stick-header-meta":"","header-above-stick-meta":"","header-main-stick-meta":"","header-below-stick-meta":"","astra-migrate-meta-layouts":"set","ast-page-background-enabled":"default","ast-page-background-meta":{"desktop":{"background-color":"var(--ast-global-color-4)","background-image":"","background-repeat":"repeat","background-position":"center center","background-size":"auto","background-attachment":"scroll","background-type":"","background-media":"","overlay-type":"","overlay-color":"","overlay-opacity":"","overlay-gradient":""},"tablet":{"background-color":"","background-image":"","background-repeat":"repeat","background-position":"center center","background-size":"auto","background-attachment":"scroll","background-type":"","background-media":"","overlay-type":"","overlay-color":"","overlay-opacity":"","overlay-gradient":""},"mobile":{"background-color":"","background-image":"","background-repeat":"repeat","background-position":"center center","background-size":"auto","background-attachment":"scroll","background-type":"","background-media":"","overlay-type":"","overlay-color":"","overlay-opacity":"","overlay-gradient":""}},"ast-content-background-meta":{"desktop":{"background-color":"var(--ast-global-color-5)","background-image":"","background-repeat":"repeat","background-position":"center center","background-size":"auto","background-attachment":"scroll","background-type":"","background-media":"","overlay-type":"","overlay-color":"","overlay-opacity":"","overlay-gradient":""},"tablet":{"background-color":"var(--ast-global-color-5)","background-image":"","background-repeat":"repeat","background-position":"center center","background-size":"auto","background-attachment":"scroll","background-type":"","background-media":"","overlay-type":"","overlay-color":"","overlay-opacity":"","overlay-gradient":""},"mobile":{"background-color":"var(--ast-global-color-5)","background-image":"","background-repeat":"repeat","background-position":"center center","background-size":"auto","background-attachment":"scroll","background-type":"","background-media":"","overlay-type":"","overlay-color":"","overlay-opacity":"","overlay-gradient":""}},"_joinchat":[]},"product_brand":[],"product_cat":[15,60,27,25,123,30,26,28,137,136,135],"product_tag":[63,66,125,126,101,105,127,120],"class_list":{"0":"post-2329","1":"product","2":"type-product","3":"status-publish","4":"has-post-thumbnail","6":"product_cat-new-vape-this-week","7":"product_cat-bang-vapes","8":"product_cat-fance-hot-sale-vape","9":"product_cat-germany-best-selling-vape","10":"product_cat-italy-wholesale-vape","11":"product_cat-minimum-order-quantity-50pcs","12":"product_cat-netherlands-hot-sale-vape","13":"product_cat-poland-hot-sale-vape","14":"product_cat-rechargeable-vapes","15":"product_cat-smart-screen-vapes","16":"product_cat-spain-best-hot-sale-vape","17":"product_tag-bang-vapes","18":"product_tag-disposable-vape","19":"product_tag-disposable-vape-italy","20":"product_tag-e-cigarettes","21":"product_tag-led-display-vape","22":"product_tag-nicotine-free-disposable-vape","23":"product_tag-puff-30k","24":"product_tag-vape-wholesale","25":"desktop-align-left","26":"tablet-align-left","27":"mobile-align-left","29":"first","30":"instock","31":"sale","32":"shipping-taxable","33":"purchasable","34":"product-type-simple"},"uagb_featured_image_src":{"full":["https:\/\/rmvapesale.com\/wp-content\/uploads\/2024\/10\/Bang-Box-30k-Puffs-Discount-Price-Fashion-Vape.jpg",800,800,false],"thumbnail":["https:\/\/rmvapesale.com\/wp-content\/uploads\/2024\/10\/Bang-Box-30k-Puffs-Discount-Price-Fashion-Vape-150x150.jpg",150,150,true],"medium":["https:\/\/rmvapesale.com\/wp-content\/uploads\/2024\/10\/Bang-Box-30k-Puffs-Discount-Price-Fashion-Vape-300x300.jpg",300,300,true],"medium_large":["https:\/\/rmvapesale.com\/wp-content\/uploads\/2024\/10\/Bang-Box-30k-Puffs-Discount-Price-Fashion-Vape-768x768.jpg",768,768,true],"large":["https:\/\/rmvapesale.com\/wp-content\/uploads\/2024\/10\/Bang-Box-30k-Puffs-Discount-Price-Fashion-Vape.jpg",800,800,false],"1536x1536":["https:\/\/rmvapesale.com\/wp-content\/uploads\/2024\/10\/Bang-Box-30k-Puffs-Discount-Price-Fashion-Vape.jpg",800,800,false],"2048x2048":["https:\/\/rmvapesale.com\/wp-content\/uploads\/2024\/10\/Bang-Box-30k-Puffs-Discount-Price-Fashion-Vape.jpg",800,800,false],"trp-custom-language-flag":["https:\/\/rmvapesale.com\/wp-content\/uploads\/2024\/10\/Bang-Box-30k-Puffs-Discount-Price-Fashion-Vape.jpg",12,12,false],"woocommerce_thumbnail":["https:\/\/rmvapesale.com\/wp-content\/uploads\/2024\/10\/Bang-Box-30k-Puffs-Discount-Price-Fashion-Vape-300x300.jpg",300,300,true],"woocommerce_single":["https:\/\/rmvapesale.com\/wp-content\/uploads\/2024\/10\/Bang-Box-30k-Puffs-Discount-Price-Fashion-Vape-600x600.jpg",600,600,true],"woocommerce_gallery_thumbnail":["https:\/\/rmvapesale.com\/wp-content\/uploads\/2024\/10\/Bang-Box-30k-Puffs-Discount-Price-Fashion-Vape-100x100.jpg",100,100,true],"wcpr-photo-reviews":["https:\/\/rmvapesale.com\/wp-content\/uploads\/2024\/10\/Bang-Box-30k-Puffs-Discount-Price-Fashion-Vape.jpg",500,500,false]},"uagb_author_info":{"display_name":"AMY","author_link":"https:\/\/rmvapesale.com\/cs\/author\/"},"uagb_comment_info":0,"uagb_excerpt":"Bang Box 30000 Puffs Smart Screen Disposable E Cigarettes Bang Vape Box 30000 Puffs Duble Taste Disposable Vape Wholesale Bang Box 30000 Puffs 0% 2% 3% 5% Free Nicotine Disposable Vape WhatsApp: +86 17776015835 &nbsp;","_links":{"self":[{"href":"https:\/\/rmvapesale.com\/cs\/wp-json\/wp\/v2\/product\/2329","targetHints":{"allow":["GET"]}}],"collection":[{"href":"https:\/\/rmvapesale.com\/cs\/wp-json\/wp\/v2\/product"}],"about":[{"href":"https:\/\/rmvapesale.com\/cs\/wp-json\/wp\/v2\/types\/product"}],"replies":[{"embeddable":true,"href":"https:\/\/rmvapesale.com\/cs\/wp-json\/wp\/v2\/comments?post=2329"}],"wp:featuredmedia":[{"embeddable":true,"href":"https:\/\/rmvapesale.com\/cs\/wp-json\/wp\/v2\/media\/2315"}],"wp:attachment":[{"href":"https:\/\/rmvapesale.com\/cs\/wp-json\/wp\/v2\/media?parent=2329"}],"wp:term":[{"taxonomy":"product_brand","embeddable":true,"href":"https:\/\/rmvapesale.com\/cs\/wp-json\/wp\/v2\/product_brand?post=2329"},{"taxonomy":"product_cat","embeddable":true,"href":"https:\/\/rmvapesale.com\/cs\/wp-json\/wp\/v2\/product_cat?post=2329"},{"taxonomy":"product_tag","embeddable":true,"href":"https:\/\/rmvapesale.com\/cs\/wp-json\/wp\/v2\/product_tag?post=2329"}],"curies":[{"name":"wp","href":"https:\/\/api.w.org\/{rel}","templated":true}]}}