{"id":2336,"date":"2024-10-11T01:37:04","date_gmt":"2024-10-11T01:37:04","guid":{"rendered":"https:\/\/rmvapesale.com\/?post_type=product&#038;p=2336"},"modified":"2024-10-11T02:17:52","modified_gmt":"2024-10-11T02:17:52","slug":"elf-box-rgb-14000-puffs-low-nicotine-disposable-vape","status":"publish","type":"product","link":"https:\/\/rmvapesale.com\/cs\/product\/elf-box-rgb-14000-puffs-low-nicotine-disposable-vape\/","title":{"rendered":"ELF BOX RGB 14000 pot\u00e1hnut\u00ed n\u00edzk\u00fd nikotin jednor\u00e1zov\u00fd vape"},"content":{"rendered":"<div class=\"B2VR9 CJHX3e\">\n<div class=\"wyccme\">\n<h1 class=\"LC20lb MBeuO DKV0Md\">ELF BOX RGB 14000 Pro Puffs N\u00edzk\u00e1 Nikotin Jednor\u00e1zov\u00fd Vaporiz\u00e9r<\/h1>\n<div class=\"flex-shrink-0 flex flex-col relative items-end\">\n<div class=\"pt-0\">\n<div class=\"gizmo-bot-avatar flex h-8 w-8 items-center justify-center overflow-hidden rounded-full\">\n<div class=\"relative p-1 rounded-sm flex items-center justify-center bg-token-main-surface-primary text-token-text-primary h-8 w-8\">\n<p>Hled\u00e1te vaporiz\u00e9r, kter\u00fd kombinuje styl, v\u00fdkon a chu\u0165? ELF BOX RGB 14000 pro Puffs N\u00edzk\u00e1 Nikotin Jednor\u00e1zov\u00fd Vaporiz\u00e9r m\u00e1 v\u0161e! S impozantn\u00edmi 14 000 potahy je tento p\u0159\u00edstroj ide\u00e1ln\u00ed pro vapery, kte\u0159\u00ed cht\u011bj\u00ed dlouhotrvaj\u00edc\u00ed uspokojen\u00ed bez neust\u00e1l\u00e9 v\u00fdm\u011bny.<\/p>\n<p>Vybaven\u00fd mesh c\u00edvkou o odporu 1,0 ohm a velk\u00fdm objemem e-liquidu 25 ml, ELF BOX poskytuje hladk\u00e9, chutn\u00e9 potahy poka\u017ed\u00e9. Vyberte si z mo\u017enost\u00ed bez nikotinu 0%, n\u00edzk\u00e9ho nikotinu 2%, 3% nebo 5%, co\u017e je ide\u00e1ln\u00ed pro ty, kte\u0159\u00ed cht\u011bj\u00ed sn\u00ed\u017eit p\u0159\u00edjem nikotinu nebo si u\u017e\u00edt siln\u011bj\u0161\u00ed z\u00e1\u017eitek.<\/p>\n<p>Dob\u00edjec\u00ed baterie o kapacit\u011b 600mAh a nab\u00edjen\u00ed p\u0159es Type-C zajist\u00ed, \u017ee v\u00e1\u0161 vaporiz\u00e9r je v\u017edy p\u0159ipraven k pou\u017eit\u00ed, a tento vaporiz\u00e9r s LED displejem v\u00e1m umo\u017en\u00ed sledovat \u00farove\u0148 baterie a e-liquidu. Nav\u00edc s atraktivn\u00edm RGB osv\u011btlen\u00edm a praktick\u00fdm lanyardem ELF BOX RGB14000 nen\u00ed jen vaporiz\u00e9r \u2013 je to stylov\u00fd dopln\u011bk!<\/p>\n<p>P\u0159ipravte se rozsv\u00edtit sv\u016fj z\u00e1\u017eitek s ELF BOX RGB 14000 Puffs N\u00edzk\u00e1 Nikotin Jednor\u00e1zov\u00fd Vaporiz\u00e9r \u2013 dokonal\u00e1 kombinace v\u00fdkonu a stylu! Ide\u00e1ln\u00ed pro ty, kte\u0159\u00ed cht\u011bj\u00ed nakupovat ve v\u011bt\u0161\u00edm a z\u00e1sobit se nej\u017ehav\u011bj\u0161\u00edmi vaporiz\u00e9ry.<\/p>\n<p>&nbsp;<\/p>\n<\/div>\n<\/div>\n<\/div>\n<\/div>\n<\/div>\n<\/div>\n<p><strong>Kontaktujte Amy a z\u00edskejte spr\u00e1vnou odpov\u011b\u010f a dal\u0161\u00ed produktov\u00e1 videa!<\/strong><\/p>\n<p><img loading=\"lazy\" decoding=\"async\" class=\"size-full wp-image-1978\" src=\"https:\/\/rmvapesale.com\/wp-content\/uploads\/2024\/09\/Disposable-Vape-Wholesale.jpg\" alt=\"Jednor\u00e1zov\u00e1 e-cigareta velkoobchod\" width=\"229\" height=\"300\" \/><\/p>\n<h3><a href=\"https:\/\/wa.me\/8617776015835\" target=\"_blank\" rel=\"noopener\"><span style=\"color: #ff0000\"><strong>WhatsApp: +86 17776015835<\/strong><\/span><\/a><\/h3>\n<p>&nbsp;<\/p>\n<h2><\/h2>\n<h2><strong>Kl\u00ed\u010dov\u00e9 vlastnosti ELF BOX RGB 14000 Puffs Vaporiz\u00e9ru<\/strong><\/h2>\n<ul>\n<li><strong>Vysok\u00fd po\u010det potah\u016f<\/strong>: A\u017e do <strong>14 000 potah\u016f<\/strong>, zaji\u0161\u0165uj\u00edc\u00ed dlouhotrvaj\u00edc\u00ed, nep\u0159eru\u0161ovan\u00e9 vapov\u00e1n\u00ed.<\/li>\n<li><strong>Velk\u00e1 kapacita e-liquidu<\/strong>The <strong>25ml n\u00e1dr\u017eka<\/strong> sni\u017euje pot\u0159ebu \u010dast\u00fdch dopl\u0148ov\u00e1n\u00ed, nab\u00edz\u00ed del\u0161\u00ed pou\u017eit\u00ed.<\/li>\n<li><strong>Technologie s\u00ed\u0165ov\u00e9 c\u00edvky<\/strong>: U\u017eijte si zv\u00fd\u0161enou chu\u0165 a hladkou produkci par s <strong>mesh c\u00edvkou o odporu 1,0 ohm<\/strong>.<\/li>\n<li><strong>Dob\u00edjec\u00ed baterie<\/strong>: Vybaveno s <strong>bateri\u00ed o kapacit\u011b 600mAh<\/strong>, kter\u00e1 poskytuje dlouhotrvaj\u00edc\u00ed v\u00fdkon a snadn\u00e9 dob\u00edjen\u00ed.<\/li>\n<li><strong>Nab\u00edjen\u00ed Type-C<\/strong>: Rychl\u00e9 a pohodln\u00e9 dobit\u00ed s modern\u00edm <strong>Type-C konektorem<\/strong>.<\/li>\n<li><strong>LED displej<\/strong>: Z\u016fsta\u0148te informov\u00e1ni s <strong>LED displej<\/strong> kter\u00fd ukazuje \u00farove\u0148 baterie a e-liquidu.<\/li>\n<li><strong>RGB osv\u011btlen\u00ed &amp; Lanyard<\/strong>: P\u0159idejte sv\u00e9mu vaporiz\u00e9ru styl s \u017eiv\u00fdm <strong>RGB osv\u011btlen\u00edm<\/strong> a <strong>n\u00e1hrdeln\u00edkem na krk<\/strong> pro snadn\u00e9 p\u0159en\u00e1\u0161en\u00ed.<\/li>\n<li><strong>Mo\u017enosti nikotinu<\/strong>: K dispozici v <strong>0 %, 2 %, 3 % a 5 %<\/strong> s\u00edly nikotinu podle va\u0161ich preferenc\u00ed.<\/li>\n<\/ul>\n<figure id=\"attachment_2332\" aria-describedby=\"caption-attachment-2332\" style=\"width: 800px\" class=\"wp-caption alignnone\"><img loading=\"lazy\" decoding=\"async\" class=\"wp-image-2332 size-full\" src=\"https:\/\/rmvapesale.com\/wp-content\/uploads\/2024\/10\/ELF-BOX-RGB14000-pro-Disposable-Vape-Cheape-Price.png\" alt=\"ELF BOX RGB 14000 pro Jednor\u00e1zov\u00fd Vaporiz\u00e9r za v\u00fdhodnou cenu\" width=\"800\" height=\"800\" srcset=\"https:\/\/rmvapesale.com\/wp-content\/uploads\/2024\/10\/ELF-BOX-RGB14000-pro-Disposable-Vape-Cheape-Price.png 800w, https:\/\/rmvapesale.com\/wp-content\/uploads\/2024\/10\/ELF-BOX-RGB14000-pro-Disposable-Vape-Cheape-Price-300x300.png 300w, https:\/\/rmvapesale.com\/wp-content\/uploads\/2024\/10\/ELF-BOX-RGB14000-pro-Disposable-Vape-Cheape-Price-150x150.png 150w, https:\/\/rmvapesale.com\/wp-content\/uploads\/2024\/10\/ELF-BOX-RGB14000-pro-Disposable-Vape-Cheape-Price-768x768.png 768w, https:\/\/rmvapesale.com\/wp-content\/uploads\/2024\/10\/ELF-BOX-RGB14000-pro-Disposable-Vape-Cheape-Price-600x600.png 600w, https:\/\/rmvapesale.com\/wp-content\/uploads\/2024\/10\/ELF-BOX-RGB14000-pro-Disposable-Vape-Cheape-Price-100x100.png 100w\" sizes=\"auto, (max-width: 800px) 100vw, 800px\" \/><figcaption id=\"caption-attachment-2332\" class=\"wp-caption-text\">ELF BOX RGB 14000 pro Jednor\u00e1zov\u00fd Vaporiz\u00e9r za v\u00fdhodnou cenu<\/figcaption><\/figure>\n<h2><strong>Nejlep\u0161\u00ed p\u0159\u00edchu\u0165 pro ELF BOX RGB 14000 Puffs E Cigarety\u00a0<\/strong><\/h2>\n<p>S 10 \u00fa\u017easn\u00fdmi p\u0159\u00edchut\u011bmi na v\u00fdb\u011br, v\u010detn\u011b ovocn\u00fdch a ledov\u00fdch variant, nab\u00edz\u00ed ELF BOX RGB 14000 Puffs n\u011bco pro ka\u017ed\u00fd vkus.<\/p>\n<p>1. Jahodov\u00e1 Meloun <span style=\"color: #ff0000\"><strong>&gt;&gt;&gt;&gt; Hork\u00e9!<\/strong><\/span><br \/>\n2. Modr\u00fd Razz Ice<span style=\"color: #ff0000\"><strong>&gt;&gt;&gt;&gt; Nejlep\u0161\u00ed!<\/strong><\/span><br \/>\n3. Jahodov\u00e1 Ledov\u00e1<br \/>\n4. Hroznov\u00e1 ledov\u00e1<br \/>\n5. M\u00e1ta Ledov\u00e1<br \/>\n6. Red Bull <span style=\"color: #ff0000\"><strong>&gt;&gt;&gt;&gt; Hork\u00e9!<\/strong><\/span><br \/>\n7. Dvojit\u00e1 Jablko<br \/>\n8. Lush Ice<br \/>\n9. Broskev Mango<br \/>\n10. T\u0159e\u0161\u0148ov\u00e1 Soda<\/p>\n<p>&nbsp;<\/p>\n<h3><strong>Pro\u010d si vybrat Rmvapesale pro v\u00e1\u0161 ELF BOX Vape RGB 14000 pro Puffs?<\/strong><\/h3>\n<div class=\"flex-shrink-0 flex flex-col relative items-end\">\n<div class=\"pt-0\">\n<div class=\"gizmo-bot-avatar flex h-8 w-8 items-center justify-center overflow-hidden rounded-full\">\n<div class=\"relative p-1 rounded-sm flex items-center justify-center bg-token-main-surface-primary text-token-text-primary h-8 w-8\">\n<p>&nbsp;<\/p>\n<p>Kdy\u017e si vyberete Rmvapesale pro sv\u00e9 velkoobchodn\u00ed pot\u0159eby jednor\u00e1zov\u00fdch vap\u016f, z\u00edsk\u00e1te:<\/p>\n<ul>\n<li><strong>Konkuren\u010dn\u00ed cena<\/strong>: Z\u00edskejte p\u0159\u00edstup k atraktivn\u00edm velkoobchodn\u00edm cen\u00e1m, kter\u00e9 zv\u00fd\u0161\u00ed mar\u017ee va\u0161eho podnik\u00e1n\u00ed.<\/li>\n<li><strong>Vysok\u00e1 kvalita<\/strong>: Na\u0161e vapy jsou vyr\u00e1b\u011bny podle nejvy\u0161\u0161\u00edch standard\u016f a <span style=\"color: #ff0000\"><strong>zaru\u010den\u011b 100% origin\u00e1ln\u00ed a autentick\u00e9, nebo 10n\u00e1sobn\u00e1 kompenzace za pad\u011blky!<\/strong><\/span><\/li>\n<li><strong>Vynikaj\u00edc\u00ed z\u00e1kaznick\u00fd servis<\/strong>: N\u00e1\u0161 specializovan\u00fd t\u00fdm je v\u00e1m v\u017edy p\u0159ipraven pomoci a u\u010dinit tak v\u00e1\u0161 n\u00e1kupn\u00ed proces plynul\u00fdm a bezprobl\u00e9mov\u00fdm.<\/li>\n<li><strong>Rychl\u00e9 doru\u010den\u00ed<\/strong>: M\u016f\u017eete o\u010dek\u00e1vat rychlou a spolehlivou p\u0159epravu, kter\u00e1 zajist\u00ed, \u017ee va\u0161e objedn\u00e1vky doraz\u00ed v\u010das, poka\u017ed\u00e9.<\/li>\n<\/ul>\n<h3><\/h3>\n<h3><b>\u010casto kladen\u00e9 ot\u00e1zky<\/b><\/h3>\n<p><strong>Q1: Kolik pot\u00e1hnut\u00ed poskytuje Elf Box RGB 14000 Puffs E Cigareta?<\/strong><br \/>\nA1: <strong>Elf Box RGB 14000 Puffs Jednor\u00e1zov\u00fd Vaporiz\u00e9r<\/strong> p\u0159in\u00e1\u0161\u00ed p\u016fsobiv\u00fd <strong>14 000 potah\u016f<\/strong>, ide\u00e1ln\u00ed pro dlouhotrvaj\u00edc\u00ed pot\u011b\u0161en\u00ed bez \u010dast\u00e9 v\u00fdm\u011bny.<\/p>\n<p><strong>Q2: Jak\u00e9 p\u0159\u00edchut\u011b jsou dostupn\u00e9 pro Elf Box RGB 14000 Pro Jednor\u00e1zov\u00fd Vaporiz\u00e9r?<\/strong><br \/>\nA2: U\u017eijte si r\u016fzn\u00e9 lahodn\u00e9 p\u0159\u00edchut\u011b, v\u010detn\u011b <strong>Jahoda Vodn\u00ed meloun<\/strong>, <strong>Blue Razz Ice<\/strong>, <strong>Grape Ice<\/strong>, <strong>Peach Mango<\/strong>, a <strong>M\u00e1ta Ledov\u00e1<\/strong>\u2014pro ka\u017ed\u00e9ho n\u011bco!<\/p>\n<p><strong>Q3: Jak\u00e1 je kapacita e-liquidu u Elf Box RGB 14000 Pro Vape Pod?<\/strong><br \/>\nA3: Za\u0159\u00edzen\u00ed m\u00e1 <strong>25ml kapacitu e-liquidu<\/strong>, co\u017e minimalizuje pot\u0159ebu neust\u00e1l\u00e9ho dopl\u0148ov\u00e1n\u00ed a maximalizuje v\u00e1\u0161 z\u00e1\u017eitek z vapov\u00e1n\u00ed.<\/p>\n<p><strong>Q4: Jak\u00e9 s\u00edly nikotinu jsou nab\u00edzeny v Elf Box VAPE RGB 14000 Puff Jednor\u00e1zov\u00e9m vaporiz\u00e9ru?<\/strong><br \/>\nA4: M\u016f\u017eete si vybrat z <strong>0%, 2%, 3% a 5% nikotinov\u00fdch \u00farovn\u00edch<\/strong>, co\u017e v\u00e1m umo\u017en\u00ed naj\u00edt ide\u00e1ln\u00ed s\u00edlu pro va\u0161e pot\u0159eby vapov\u00e1n\u00ed.<\/p>\n<p><strong>Q5: Jak\u00fdm zp\u016fsobem funkce RGB sv\u011btla zlep\u0161uje Elf Box RGB 14000 Puffs Vape Pod?<\/strong><br \/>\nA5: \u017div\u00e9 <strong>RGB osv\u011btlen\u00edm<\/strong> p\u0159id\u00e1v\u00e1 z\u00e1bavn\u00fd a stylov\u00fd n\u00e1dech va\u0161emu vaporiz\u00e9ru, d\u00edky \u010demu\u017e vyniknete kdekoliv!<\/p>\n<p><strong>Q6: Je Elf Box RGB 14000 Pro Jednor\u00e1zov\u00e1 Vape dob\u00edjec\u00ed?<\/strong><br \/>\nA6: Ano, za\u0159\u00edzen\u00ed je vybaveno <strong>Dob\u00edjec\u00ed baterie 600mAh<\/strong> a funkce <strong>nab\u00edjen\u00ed typu C<\/strong> pro rychl\u00e9 a snadn\u00e9 dob\u00edjen\u00ed.<\/p>\n<p><strong>Q7: Mohu koupit Elf Box RGB 14000 Puffs E Cigarety ve velk\u00e9m?<\/strong><br \/>\nA7: Rozhodn\u011b! Nab\u00edz\u00edme velkoobchodn\u00ed mo\u017enosti pro <strong>Elf Box RGB 14000 Puffs E Cigarety<\/strong>, ide\u00e1ln\u00ed pro prodejce, kte\u0159\u00ed cht\u011bj\u00ed z\u00e1sobit tento popul\u00e1rn\u00ed vaporiz\u00e9r.<\/p>\n<\/div>\n<\/div>\n<\/div>\n<\/div>\n<div class=\"group\/conversation-turn relative flex w-full min-w-0 flex-col agent-turn\">\n<div class=\"flex-col gap-1 md:gap-3\">\n<div class=\"flex max-w-full flex-col flex-grow\">\n<div class=\"min-h-8 text-message flex w-full flex-col items-end gap-2 whitespace-normal break-words [.text-message+&amp;]:mt-5\" dir=\"auto\" data-message-author-role=\"assistant\" data-message-id=\"f226d3fc-81f3-46d5-8c46-31787fff0357\">\n<div class=\"flex w-full flex-col gap-1 empty:hidden first:pt-[3px]\">\n<div class=\"markdown prose w-full break-words dark:prose-invert light\">\n<p>&nbsp;<\/p>\n<\/div>\n<\/div>\n<\/div>\n<\/div>\n<\/div>\n<\/div>\n<h3>O p\u0159eprav\u011b<\/h3>\n<div class=\"flex-shrink-0 flex flex-col relative items-end\">\n<div>\n<div class=\"pt-0\">\n<div class=\"gizmo-bot-avatar flex h-8 w-8 items-center justify-center overflow-hidden rounded-full\">\n<div><\/div>\n<div class=\"relative p-1 rounded-sm flex items-center justify-center bg-token-main-surface-primary text-token-text-primary h-8 w-8\"><strong>1. Jak\u00e9 zp\u016fsoby dopravy se pou\u017e\u00edvaj\u00ed?<\/strong><\/div>\n<\/div>\n<\/div>\n<\/div>\n<\/div>\n<div class=\"group\/conversation-turn relative flex w-full min-w-0 flex-col agent-turn\">\n<div class=\"flex-col gap-1 md:gap-3\">\n<div class=\"flex max-w-full flex-col flex-grow\">\n<div class=\"min-h-[20px] text-message flex w-full flex-col items-end gap-2 whitespace-normal break-words [.text-message+&amp;]:mt-5 overflow-x-auto\" dir=\"auto\" data-message-author-role=\"assistant\" data-message-id=\"22f8283b-3233-46ff-89a5-c7a41b33abda\">\n<div class=\"flex w-full flex-col gap-1 empty:hidden first:pt-[3px]\">\n<div class=\"markdown prose w-full break-words dark:prose-invert light\">\n<p>Spolupracujeme s UPS, DHL, FedEx, DPD a dal\u0161\u00edmi p\u0159edn\u00edmi p\u0159epravci. Vybereme nejlep\u0161\u00ed zp\u016fsob dopravy na z\u00e1klad\u011b va\u0161\u00ed doru\u010dovac\u00ed lokality, abychom zajistili, \u017ee sv\u00e9 produkty obdr\u017e\u00edte co nejrychleji.<\/p>\n<\/div>\n<p><strong>2. Jak dlouho trv\u00e1 doru\u010den\u00ed?<\/strong><\/p>\n<p>Bal\u00ed\u010dky odeslan\u00e9 do \u010cesk\u00e9 republiky obvykle doraz\u00ed do 10 pracovn\u00edch dn\u016f. P\u0159eprava do evropsk\u00fdch zem\u00ed obecn\u011b trv\u00e1 asi 12-15 pracovn\u00edch dn\u016f. O stavu va\u0161\u00ed z\u00e1silky v\u00e1s budeme pr\u016fb\u011b\u017en\u011b informovat.<\/p>\n<\/div>\n<\/div>\n<\/div>\n<\/div>\n<\/div>\n<p>&nbsp;<\/p>\n<p>Dal\u0161\u00ed obl\u00edben\u00e9 jednor\u00e1zov\u00e9 e-cigarety, kter\u00e9 by se v\u00e1m mohly l\u00edbit:<\/p>\n<p><a href=\"https:\/\/rmvapesale.com\/cs\/product\/waspe-12000-puffs-disposable-vape-pen\/\"><strong>WASPE 12000 pot\u00e1hnut\u00ed\u00a0 \u00a0<span style=\"color: #ff0000\">&gt;&gt;&gt;&gt; j\u00edt!<\/span><\/strong><\/a><\/p>\n<p><strong><a href=\"https:\/\/rmvapesale.com\/cs\/product\/waspe-fihp-30000-puffs-led-display-disposable-vape-box\/\">WASPE FIHP 30000 pot\u00e1hnut\u00ed <span style=\"color: #ff0000\">&gt;&gt;&gt;&gt; j\u00edt!<\/span><\/a>\u00a0<\/strong><\/p>\n<h2 class=\"woocommerce-loop-product__title\"><a style=\"font-size: 16px\" href=\"https:\/\/rmvapesale.com\/cs\/product\/bang-box-30000-puff-double-taste-smart-screen-disposable-vape-wholesale\/\"><strong>Bang Box 30000 Puf\u016f Dvojit\u00e1 Chu\u0165 <span style=\"color: #ff0000\">&gt;&gt;&gt;&gt; j\u00edt!<\/span><\/strong><\/a><\/h2>\n<p>&nbsp;<\/p>\n<p>&nbsp;<\/p>\n<p>Naj\u00edt v\u00edce produkt\u016f pro vaping, kter\u00e9 by se v\u00e1m mohly l\u00edbit:<strong><em><a href=\"https:\/\/rmvapesale.com\/cs\/shop-2\/\">nakupujte nyn\u00ed &gt;&gt;&gt;<\/a><\/em><\/strong><\/p>","protected":false},"excerpt":{"rendered":"<p>Elf Box RGB14000 Pufy Jednor\u00e1zov\u00fd vaporiz\u00e9r s n\u00edzk\u00fdm obsahem nikotinu Velkoobchodn\u00ed n\u00e1kup<br \/>\nElf Box Vape RGB 14000 Pro Pufy Jednor\u00e1zov\u00e9 elektronick\u00e9 cigarety P\u0159\u00edchu\u0165<br \/>\nELF Box RGB 14000 Pufy Velkoobchod s jednor\u00e1zov\u00fdmi vaporiz\u00e9ry<\/p>\n<p><img loading=\"lazy\" decoding=\"async\" class=\"size-full wp-image-1978\" src=\"https:\/\/rmvapesale.com\/wp-content\/uploads\/2024\/09\/Disposable-Vape-Wholesale.jpg\" alt=\"Jednor\u00e1zov\u00e1 e-cigareta velkoobchod\" width=\"229\" height=\"300\" \/><\/p>\n<h3><a href=\"https:\/\/wa.me\/8617776015835\"><span style=\"color: #ff0000\"><strong>WhatsApp: +86 17776015835<\/strong><\/span><\/a><\/h3>\n<p>&nbsp;<\/p>","protected":false},"featured_media":2335,"comment_status":"open","ping_status":"closed","template":"","meta":{"_uag_custom_page_level_css":"","_lmt_disableupdate":"","_lmt_disable":"","site-sidebar-layout":"default","site-content-layout":"content-boxed-container","ast-site-content-layout":"normal-width-container","site-content-style":"boxed","site-sidebar-style":"unboxed","ast-global-header-display":"","ast-banner-title-visibility":"","ast-main-header-display":"","ast-hfb-above-header-display":"","ast-hfb-below-header-display":"","ast-hfb-mobile-header-display":"","site-post-title":"","ast-breadcrumbs-content":"","ast-featured-img":"","footer-sml-layout":"","ast-disable-related-posts":"","theme-transparent-header-meta":"default","adv-header-id-meta":"","stick-header-meta":"","header-above-stick-meta":"","header-main-stick-meta":"","header-below-stick-meta":"","astra-migrate-meta-layouts":"set","ast-page-background-enabled":"default","ast-page-background-meta":{"desktop":{"background-color":"var(--ast-global-color-4)","background-image":"","background-repeat":"repeat","background-position":"center center","background-size":"auto","background-attachment":"scroll","background-type":"","background-media":"","overlay-type":"","overlay-color":"","overlay-opacity":"","overlay-gradient":""},"tablet":{"background-color":"","background-image":"","background-repeat":"repeat","background-position":"center center","background-size":"auto","background-attachment":"scroll","background-type":"","background-media":"","overlay-type":"","overlay-color":"","overlay-opacity":"","overlay-gradient":""},"mobile":{"background-color":"","background-image":"","background-repeat":"repeat","background-position":"center center","background-size":"auto","background-attachment":"scroll","background-type":"","background-media":"","overlay-type":"","overlay-color":"","overlay-opacity":"","overlay-gradient":""}},"ast-content-background-meta":{"desktop":{"background-color":"var(--ast-global-color-5)","background-image":"","background-repeat":"repeat","background-position":"center center","background-size":"auto","background-attachment":"scroll","background-type":"","background-media":"","overlay-type":"","overlay-color":"","overlay-opacity":"","overlay-gradient":""},"tablet":{"background-color":"var(--ast-global-color-5)","background-image":"","background-repeat":"repeat","background-position":"center center","background-size":"auto","background-attachment":"scroll","background-type":"","background-media":"","overlay-type":"","overlay-color":"","overlay-opacity":"","overlay-gradient":""},"mobile":{"background-color":"var(--ast-global-color-5)","background-image":"","background-repeat":"repeat","background-position":"center center","background-size":"auto","background-attachment":"scroll","background-type":"","background-media":"","overlay-type":"","overlay-color":"","overlay-opacity":"","overlay-gradient":""}},"_joinchat":[]},"product_brand":[],"product_cat":[15,60,128,27,25,123,30,26,28],"product_tag":[131,66,125,126,130,129,101,105,120],"class_list":{"0":"post-2336","1":"product","2":"type-product","3":"status-publish","4":"has-post-thumbnail","6":"product_cat-new-vape-this-week","7":"product_cat-bang-vapes","8":"product_cat-elf-box-disposable-vapes","9":"product_cat-fance-hot-sale-vape","10":"product_cat-germany-best-selling-vape","11":"product_cat-italy-wholesale-vape","12":"product_cat-minimum-order-quantity-50pcs","13":"product_cat-netherlands-hot-sale-vape","14":"product_cat-poland-hot-sale-vape","15":"product_tag-big-puff-vape","16":"product_tag-disposable-vape","17":"product_tag-disposable-vape-italy","18":"product_tag-e-cigarettes","19":"product_tag-elf-box","20":"product_tag-elf-box-vape","21":"product_tag-led-display-vape","22":"product_tag-nicotine-free-disposable-vape","23":"product_tag-vape-wholesale","24":"desktop-align-left","25":"tablet-align-left","26":"mobile-align-left","28":"first","29":"instock","30":"sale","31":"shipping-taxable","32":"purchasable","33":"product-type-simple"},"uagb_featured_image_src":{"full":["https:\/\/rmvapesale.com\/wp-content\/uploads\/2024\/10\/ELF-BOX-Vape-RGB14000-pro.png",800,800,false],"thumbnail":["https:\/\/rmvapesale.com\/wp-content\/uploads\/2024\/10\/ELF-BOX-Vape-RGB14000-pro-150x150.png",150,150,true],"medium":["https:\/\/rmvapesale.com\/wp-content\/uploads\/2024\/10\/ELF-BOX-Vape-RGB14000-pro-300x300.png",300,300,true],"medium_large":["https:\/\/rmvapesale.com\/wp-content\/uploads\/2024\/10\/ELF-BOX-Vape-RGB14000-pro-768x768.png",768,768,true],"large":["https:\/\/rmvapesale.com\/wp-content\/uploads\/2024\/10\/ELF-BOX-Vape-RGB14000-pro.png",800,800,false],"1536x1536":["https:\/\/rmvapesale.com\/wp-content\/uploads\/2024\/10\/ELF-BOX-Vape-RGB14000-pro.png",800,800,false],"2048x2048":["https:\/\/rmvapesale.com\/wp-content\/uploads\/2024\/10\/ELF-BOX-Vape-RGB14000-pro.png",800,800,false],"trp-custom-language-flag":["https:\/\/rmvapesale.com\/wp-content\/uploads\/2024\/10\/ELF-BOX-Vape-RGB14000-pro.png",12,12,false],"woocommerce_thumbnail":["https:\/\/rmvapesale.com\/wp-content\/uploads\/2024\/10\/ELF-BOX-Vape-RGB14000-pro-300x300.png",300,300,true],"woocommerce_single":["https:\/\/rmvapesale.com\/wp-content\/uploads\/2024\/10\/ELF-BOX-Vape-RGB14000-pro-600x600.png",600,600,true],"woocommerce_gallery_thumbnail":["https:\/\/rmvapesale.com\/wp-content\/uploads\/2024\/10\/ELF-BOX-Vape-RGB14000-pro-100x100.png",100,100,true],"wcpr-photo-reviews":["https:\/\/rmvapesale.com\/wp-content\/uploads\/2024\/10\/ELF-BOX-Vape-RGB14000-pro.png",500,500,false]},"uagb_author_info":{"display_name":"AMY","author_link":"https:\/\/rmvapesale.com\/cs\/author\/"},"uagb_comment_info":0,"uagb_excerpt":"Elf Box RGB14000 Puff Low Nicotine Disposable Vape Bulk Buy Elf Box Vape RGB 14000 Pro Puffs Disposable E Cigarettes Flavor ELF Box RGB 14000 Puffs Disposable Vape Wholesale WhatsApp: +86 17776015835 &nbsp;","_links":{"self":[{"href":"https:\/\/rmvapesale.com\/cs\/wp-json\/wp\/v2\/product\/2336","targetHints":{"allow":["GET"]}}],"collection":[{"href":"https:\/\/rmvapesale.com\/cs\/wp-json\/wp\/v2\/product"}],"about":[{"href":"https:\/\/rmvapesale.com\/cs\/wp-json\/wp\/v2\/types\/product"}],"replies":[{"embeddable":true,"href":"https:\/\/rmvapesale.com\/cs\/wp-json\/wp\/v2\/comments?post=2336"}],"wp:featuredmedia":[{"embeddable":true,"href":"https:\/\/rmvapesale.com\/cs\/wp-json\/wp\/v2\/media\/2335"}],"wp:attachment":[{"href":"https:\/\/rmvapesale.com\/cs\/wp-json\/wp\/v2\/media?parent=2336"}],"wp:term":[{"taxonomy":"product_brand","embeddable":true,"href":"https:\/\/rmvapesale.com\/cs\/wp-json\/wp\/v2\/product_brand?post=2336"},{"taxonomy":"product_cat","embeddable":true,"href":"https:\/\/rmvapesale.com\/cs\/wp-json\/wp\/v2\/product_cat?post=2336"},{"taxonomy":"product_tag","embeddable":true,"href":"https:\/\/rmvapesale.com\/cs\/wp-json\/wp\/v2\/product_tag?post=2336"}],"curies":[{"name":"wp","href":"https:\/\/api.w.org\/{rel}","templated":true}]}}