{"id":2337,"date":"2024-10-11T02:20:34","date_gmt":"2024-10-11T02:20:34","guid":{"rendered":"https:\/\/rmvapesale.com\/?post_type=product&#038;p=2337"},"modified":"2024-10-11T03:12:50","modified_gmt":"2024-10-11T03:12:50","slug":"elf-box-vape-bk12000-puff-disposable-pod-wholesale","status":"publish","type":"product","link":"https:\/\/rmvapesale.com\/cs\/product\/elf-box-vape-bk12000-puff-disposable-pod-wholesale\/","title":{"rendered":"ELF BOX Vape BK12000 Puff jednor\u00e1zov\u00e1 podlo\u017eka velkoobchod"},"content":{"rendered":"<div class=\"B2VR9 CJHX3e\">\n<div class=\"wyccme\">\n<h1 class=\"LC20lb MBeuO DKV0Md\">ELF BOX Vape BK12000 Puff jednor\u00e1zov\u00e1 podlo\u017eka velkoobchod<\/h1>\n<div class=\"flex-shrink-0 flex flex-col relative items-end\">\n<div class=\"pt-0\">\n<div class=\"gizmo-bot-avatar flex h-8 w-8 items-center justify-center overflow-hidden rounded-full\">\n<div class=\"relative p-1 rounded-sm flex items-center justify-center bg-token-main-surface-primary text-token-text-primary h-8 w-8\">\n<p>Hled\u00e1te vaporiz\u00e9r, kter\u00fd nab\u00edz\u00ed velk\u00fd v\u00fdkon a chu\u0165? ELF BOX Vape BK12000 Puff Disposable Pod je tu pro v\u00e1s! S \u00factyhodn\u00fdmi 12 000 pot\u00e1hnut\u00edmi je toto za\u0159\u00edzen\u00ed ide\u00e1ln\u00ed pro ty, kte\u0159\u00ed cht\u011bj\u00ed dlouhotrvaj\u00edc\u00ed, bezstarostn\u00fd z\u00e1\u017eitek z vapov\u00e1n\u00ed.<\/p>\n<p>Vybaven\u00fd mesh c\u00edvkou o odporu 0,8 ohm\u016f, tento vaporiz\u00e9r zaji\u0161\u0165uje plynul\u00e9 tvorbu par a zv\u00fd\u0161enou chu\u0165 z ka\u017ed\u00e9ho potahu. Velk\u00e1 kapacita e-liquidu 23 ml znamen\u00e1 m\u00e9n\u011b dopl\u0148ov\u00e1n\u00ed, co\u017e v\u00e1m umo\u017en\u00ed u\u017e\u00edvat si vapov\u00e1n\u00ed bez p\u0159eru\u0161en\u00ed po cel\u00fd den. A\u0165 u\u017e hled\u00e1te uspokojen\u00ed chut\u00ed s nikotinov\u00fdmi variantami 0%, 2%, 3% nebo 5%, toto za\u0159\u00edzen\u00ed vyhovuje v\u0161em preferenc\u00edm.<\/p>\n<p>Jednor\u00e1zov\u00fd vaporiz\u00e9r ELF BOX BK12000 obsahuje dob\u00edjec\u00ed baterii o kapacit\u011b 650 mAh s nab\u00edjen\u00edm p\u0159es Type-C, co\u017e zaji\u0161\u0165uje rychl\u00e9 a pohodln\u00e9 dob\u00edjen\u00ed, abyste nikdy nez\u016fstali bez energie. Kompaktn\u00ed, ale v\u00fdkonn\u00e9, ELF BOX BK12000 je navr\u017een pro pohodl\u00ed bez kompromis\u016f v chuti nebo v\u00fdkonu.<\/p>\n<p>Ide\u00e1ln\u00ed pro velkoobchodn\u00edky, ELF BOX Vape BK12000 Puff Disposable Pod je dokonalou volbou pro vapery hledaj\u00edc\u00ed kvalitu, chu\u0165 a styl \u2013 v\u0161e v elegantn\u00edm balen\u00ed. Z\u00edskejte ho za velkoobchodn\u00ed cenu je\u0161t\u011b dnes a udr\u017eujte sv\u00e9 z\u00e1kazn\u00edky v\u011brn\u00e9!<\/p>\n<p>&nbsp;<\/p>\n<\/div>\n<\/div>\n<\/div>\n<\/div>\n<\/div>\n<\/div>\n<p><strong>Kontaktujte Amy a z\u00edskejte spr\u00e1vnou odpov\u011b\u010f a dal\u0161\u00ed produktov\u00e1 videa!<\/strong><\/p>\n<p><img loading=\"lazy\" decoding=\"async\" class=\"size-full wp-image-1978\" src=\"https:\/\/rmvapesale.com\/wp-content\/uploads\/2024\/09\/Disposable-Vape-Wholesale.jpg\" alt=\"Jednor\u00e1zov\u00e1 e-cigareta velkoobchod\" width=\"229\" height=\"300\" \/><\/p>\n<h3><a href=\"https:\/\/wa.me\/8617776015835\" target=\"_blank\" rel=\"noopener\"><span style=\"color: #ff0000\"><strong>WhatsApp: +86 17776015835<\/strong><\/span><\/a><\/h3>\n<p>&nbsp;<\/p>\n<h2><\/h2>\n<h2><strong>Hlavn\u00ed vlastnosti ELF BOX Vape BK12000 Puff<\/strong><\/h2>\n<ul>\n<li><strong>Vysok\u00fd po\u010det potah\u016f<\/strong>: A\u017e do <strong>12 000 pot\u00e1hnut\u00ed<\/strong>, nab\u00edz\u00ed dlouhotrvaj\u00edc\u00ed z\u00e1\u017eitek z vapov\u00e1n\u00ed bez \u010dast\u00fdch v\u00fdm\u011bn.<\/li>\n<li><strong>Velk\u00e1 kapacita e-liquidu<\/strong>The <strong>Kapacita e-liquidu 23 ml<\/strong> minimalizuje pot\u0159ebu dopl\u0148ov\u00e1n\u00ed, poskytuje del\u0161\u00ed pou\u017e\u00edv\u00e1n\u00ed.<\/li>\n<li><strong>Technologie s\u00ed\u0165ov\u00e9 c\u00edvky<\/strong>: Vybaveno s <strong>0.8ohm mesh coil<\/strong>, p\u0159in\u00e1\u0161\u00ed zv\u00fd\u0161enou chu\u0165 a plynul\u00e9 tvorbu par.<\/li>\n<li><strong>Dob\u00edjec\u00ed baterie<\/strong>: Nap\u00e1jeno <strong>650mAh bateri\u00ed<\/strong>, zaji\u0161\u0165uje dlouhotrvaj\u00edc\u00ed v\u00fdkon po cel\u00fd den.<\/li>\n<li><strong>Nab\u00edjen\u00ed Type-C<\/strong>: Rychl\u00e9 a snadn\u00e9 dob\u00edjen\u00ed s modern\u00edm <strong>portu Type-C<\/strong> nab\u00edjec\u00edm portem pro maxim\u00e1ln\u00ed pohodl\u00ed.<\/li>\n<li><strong>Mo\u017enosti nikotinu<\/strong>: Vyberte si nikotin <strong>0%, 2%, 3% nebo 5%<\/strong> nikotinov\u00e9 s\u00edly podle va\u0161eho osobn\u00edho vkusu.<\/li>\n<\/ul>\n<figure id=\"attachment_2343\" aria-describedby=\"caption-attachment-2343\" style=\"width: 730px\" class=\"wp-caption alignnone\"><img loading=\"lazy\" decoding=\"async\" class=\"wp-image-2343 size-full\" src=\"https:\/\/rmvapesale.com\/wp-content\/uploads\/2024\/10\/ELF-BOX-Vape-BANG-KING-12000-Puffs.png\" alt=\"ELF BOX Vape BANG KING 12000 pot\u00e1hnut\u00ed\" width=\"730\" height=\"730\" srcset=\"https:\/\/rmvapesale.com\/wp-content\/uploads\/2024\/10\/ELF-BOX-Vape-BANG-KING-12000-Puffs.png 730w, https:\/\/rmvapesale.com\/wp-content\/uploads\/2024\/10\/ELF-BOX-Vape-BANG-KING-12000-Puffs-300x300.png 300w, https:\/\/rmvapesale.com\/wp-content\/uploads\/2024\/10\/ELF-BOX-Vape-BANG-KING-12000-Puffs-150x150.png 150w, https:\/\/rmvapesale.com\/wp-content\/uploads\/2024\/10\/ELF-BOX-Vape-BANG-KING-12000-Puffs-600x600.png 600w, https:\/\/rmvapesale.com\/wp-content\/uploads\/2024\/10\/ELF-BOX-Vape-BANG-KING-12000-Puffs-100x100.png 100w\" sizes=\"auto, (max-width: 730px) 100vw, 730px\" \/><figcaption id=\"caption-attachment-2343\" class=\"wp-caption-text\">ELF BOX Vape BANG KING 12000 pot\u00e1hnut\u00ed<\/figcaption><\/figure>\n<p>&nbsp;<\/p>\n<h2><strong>Nejlep\u0161\u00ed chu\u0165 pro ELF BOX Vape BK12000 Puff ECig<\/strong><\/h2>\n<p>S 10 \u00fa\u017easn\u00fdmi p\u0159\u00edchut\u011bmi na v\u00fdb\u011br, v\u010detn\u011b ovocn\u00fdch a ledov\u00fdch variant, nab\u00edz\u00ed sada ELF BOX Vape BK 12000 Puff n\u011bco pro ka\u017ed\u00fd vkus.<\/p>\n<p>1. Jahoda Kiwi<br \/>\n2. Bor\u016fvka Malina<span style=\"color: #ff0000\"><strong>&gt;&gt;&gt;&gt; Hork\u00e9!<\/strong><\/span><br \/>\n3. Broskev Mango Ananas<br \/>\n4. Vodn\u00ed meloun Led<br \/>\n5. T\u0159e\u0161\u0148ov\u00e1 Cola<br \/>\n6. Jahodov\u00fd vodn\u00ed meloun<span style=\"color: #ff0000\"><strong>&gt;&gt;&gt;&gt; Nejlep\u0161\u00ed!<\/strong><\/span><br \/>\n7. Hroznov\u00e9 Led<br \/>\n8. Kiwi Passion Fruit<span style=\"color: #ff0000\"><strong>&gt;&gt;&gt;&gt; Hork\u00e9!<\/strong><\/span><br \/>\n9. Broskev Led<br \/>\n10. Bor\u016fvka na Led\u011b<\/p>\n<p>&nbsp;<\/p>\n<h3><strong>Pro\u010d si vybrat Rmvapesale pro v\u00e1\u0161 ELF BOX Vape BK12000 Puff Jednor\u00e1zov\u00fd Pod?<\/strong><\/h3>\n<div class=\"flex-shrink-0 flex flex-col relative items-end\">\n<div class=\"pt-0\">\n<div class=\"gizmo-bot-avatar flex h-8 w-8 items-center justify-center overflow-hidden rounded-full\">\n<div class=\"relative p-1 rounded-sm flex items-center justify-center bg-token-main-surface-primary text-token-text-primary h-8 w-8\">\n<p>&nbsp;<\/p>\n<p>Kdy\u017e si vyberete Rmvapesale pro sv\u00e9 velkoobchodn\u00ed pot\u0159eby jednor\u00e1zov\u00fdch vap\u016f, z\u00edsk\u00e1te:<\/p>\n<ul>\n<li><strong>Konkuren\u010dn\u00ed cena<\/strong>: Z\u00edskejte p\u0159\u00edstup k atraktivn\u00edm velkoobchodn\u00edm cen\u00e1m, kter\u00e9 zv\u00fd\u0161\u00ed mar\u017ee va\u0161eho podnik\u00e1n\u00ed.<\/li>\n<li><strong>Vysok\u00e1 kvalita<\/strong>: Na\u0161e vapy jsou vyr\u00e1b\u011bny podle nejvy\u0161\u0161\u00edch standard\u016f a <span style=\"color: #ff0000\"><strong>zaru\u010den\u011b 100% origin\u00e1ln\u00ed a autentick\u00e9, nebo 10n\u00e1sobn\u00e1 kompenzace za pad\u011blky!<\/strong><\/span><\/li>\n<li><strong>Vynikaj\u00edc\u00ed z\u00e1kaznick\u00fd servis<\/strong>: N\u00e1\u0161 specializovan\u00fd t\u00fdm je v\u00e1m v\u017edy p\u0159ipraven pomoci a u\u010dinit tak v\u00e1\u0161 n\u00e1kupn\u00ed proces plynul\u00fdm a bezprobl\u00e9mov\u00fdm.<\/li>\n<li><strong>Rychl\u00e9 doru\u010den\u00ed<\/strong>: M\u016f\u017eete o\u010dek\u00e1vat rychlou a spolehlivou p\u0159epravu, kter\u00e1 zajist\u00ed, \u017ee va\u0161e objedn\u00e1vky doraz\u00ed v\u010das, poka\u017ed\u00e9.<\/li>\n<\/ul>\n<h3><\/h3>\n<h3><b>\u010casto kladen\u00e9 ot\u00e1zky<\/b><\/h3>\n<p>&nbsp;<\/p>\n<\/div>\n<\/div>\n<\/div>\n<\/div>\n<div class=\"group\/conversation-turn relative flex w-full min-w-0 flex-col agent-turn\">\n<div class=\"flex-col gap-1 md:gap-3\">\n<div class=\"flex max-w-full flex-col flex-grow\">\n<div class=\"min-h-8 text-message flex w-full flex-col items-end gap-2 whitespace-normal break-words [.text-message+&amp;]:mt-5\" dir=\"auto\" data-message-author-role=\"assistant\" data-message-id=\"f226d3fc-81f3-46d5-8c46-31787fff0357\">\n<div class=\"flex w-full flex-col gap-1 empty:hidden first:pt-[3px]\">\n<div class=\"markdown prose w-full break-words dark:prose-invert light\">\n<p>&nbsp;<\/p>\n<\/div>\n<\/div>\n<\/div>\n<\/div>\n<\/div>\n<\/div>\n<h3>O p\u0159eprav\u011b<\/h3>\n<div class=\"flex-shrink-0 flex flex-col relative items-end\">\n<div>\n<div class=\"pt-0\">\n<div class=\"gizmo-bot-avatar flex h-8 w-8 items-center justify-center overflow-hidden rounded-full\">\n<div><\/div>\n<div class=\"relative p-1 rounded-sm flex items-center justify-center bg-token-main-surface-primary text-token-text-primary h-8 w-8\"><strong>1. Jak\u00e9 zp\u016fsoby dopravy se pou\u017e\u00edvaj\u00ed?<\/strong><\/div>\n<\/div>\n<\/div>\n<\/div>\n<\/div>\n<div class=\"group\/conversation-turn relative flex w-full min-w-0 flex-col agent-turn\">\n<div class=\"flex-col gap-1 md:gap-3\">\n<div class=\"flex max-w-full flex-col flex-grow\">\n<div class=\"min-h-[20px] text-message flex w-full flex-col items-end gap-2 whitespace-normal break-words [.text-message+&amp;]:mt-5 overflow-x-auto\" dir=\"auto\" data-message-author-role=\"assistant\" data-message-id=\"22f8283b-3233-46ff-89a5-c7a41b33abda\">\n<div class=\"flex w-full flex-col gap-1 empty:hidden first:pt-[3px]\">\n<div class=\"markdown prose w-full break-words dark:prose-invert light\">\n<p>Spolupracujeme s UPS, DHL, FedEx, DPD a dal\u0161\u00edmi p\u0159edn\u00edmi p\u0159epravci. Vybereme nejlep\u0161\u00ed zp\u016fsob dopravy na z\u00e1klad\u011b va\u0161\u00ed doru\u010dovac\u00ed lokality, abychom zajistili, \u017ee sv\u00e9 produkty obdr\u017e\u00edte co nejrychleji.<\/p>\n<\/div>\n<p><strong>2. Jak dlouho trv\u00e1 doru\u010den\u00ed?<\/strong><\/p>\n<p>Bal\u00ed\u010dky odeslan\u00e9 do \u010cesk\u00e9 republiky obvykle doraz\u00ed do 10 pracovn\u00edch dn\u016f. P\u0159eprava do evropsk\u00fdch zem\u00ed obecn\u011b trv\u00e1 asi 12-15 pracovn\u00edch dn\u016f. O stavu va\u0161\u00ed z\u00e1silky v\u00e1s budeme pr\u016fb\u011b\u017en\u011b informovat.<\/p>\n<\/div>\n<\/div>\n<\/div>\n<\/div>\n<\/div>\n<p>&nbsp;<\/p>\n<p>Dal\u0161\u00ed obl\u00edben\u00e9 jednor\u00e1zov\u00e9 e-cigarety, kter\u00e9 by se v\u00e1m mohly l\u00edbit:<\/p>\n<p><a href=\"https:\/\/rmvapesale.com\/cs\/product\/elf-box-rgb-14000-puffs-low-nicotine-disposable-vape\/\"><strong>Elf Box RGB14000 Puff \u00a0<span style=\"color: #ff0000\">&gt;&gt;&gt;&gt; j\u00edt!<\/span><\/strong><\/a><\/p>\n<p><strong><a href=\"https:\/\/rmvapesale.com\/cs\/product\/waspe-fihp-30000-puffs-led-display-disposable-vape-box\/\">WASPE FIHP 30000 pot\u00e1hnut\u00ed <span style=\"color: #ff0000\">&gt;&gt;&gt;&gt; j\u00edt!<\/span><\/a>\u00a0<\/strong><\/p>\n<h2 class=\"woocommerce-loop-product__title\"><a style=\"font-size: 16px\" href=\"https:\/\/rmvapesale.com\/cs\/product\/elf-box-digital-12000-puffs-led-display-disposable-vape\/\"><strong>ELF Box Digital 12000\u00a0 <span style=\"color: #ff0000\">&gt;&gt;&gt;&gt; j\u00edt!<\/span><\/strong><\/a><\/h2>\n<p>&nbsp;<\/p>\n<p>&nbsp;<\/p>\n<p>Naj\u00edt v\u00edce produkt\u016f pro vaping, kter\u00e9 by se v\u00e1m mohly l\u00edbit:<strong><em><a href=\"https:\/\/rmvapesale.com\/cs\/shop-2\/\">nakupujte nyn\u00ed &gt;&gt;&gt;<\/a><\/em><\/strong><\/p>","protected":false},"excerpt":{"rendered":"<p>ELF BOX BK12000 Puff 0% 2% 3% 5% Nikotin<br \/>\nELF BOX BK12000 Puff Jednor\u00e1zov\u00e1 vape Velkoobchod<br \/>\nELF BOX BK12000 Puff Dob\u00edjec\u00ed jednor\u00e1zov\u00e1 vape<\/p>\n<p><img loading=\"lazy\" decoding=\"async\" class=\"size-full wp-image-1978\" src=\"https:\/\/rmvapesale.com\/wp-content\/uploads\/2024\/09\/Disposable-Vape-Wholesale.jpg\" alt=\"Jednor\u00e1zov\u00e1 e-cigareta velkoobchod\" width=\"229\" height=\"300\" \/><\/p>\n<h3><a href=\"https:\/\/wa.me\/8617776015835\"><span style=\"color: #ff0000\"><strong>WhatsApp: +86 17776015835<\/strong><\/span><\/a><\/h3>\n<p>&nbsp;<\/p>","protected":false},"featured_media":2341,"comment_status":"open","ping_status":"closed","template":"","meta":{"_uag_custom_page_level_css":"","_lmt_disableupdate":"","_lmt_disable":"","site-sidebar-layout":"default","site-content-layout":"content-boxed-container","ast-site-content-layout":"normal-width-container","site-content-style":"boxed","site-sidebar-style":"unboxed","ast-global-header-display":"","ast-banner-title-visibility":"","ast-main-header-display":"","ast-hfb-above-header-display":"","ast-hfb-below-header-display":"","ast-hfb-mobile-header-display":"","site-post-title":"","ast-breadcrumbs-content":"","ast-featured-img":"","footer-sml-layout":"","ast-disable-related-posts":"","theme-transparent-header-meta":"default","adv-header-id-meta":"","stick-header-meta":"","header-above-stick-meta":"","header-main-stick-meta":"","header-below-stick-meta":"","astra-migrate-meta-layouts":"set","ast-page-background-enabled":"default","ast-page-background-meta":{"desktop":{"background-color":"var(--ast-global-color-4)","background-image":"","background-repeat":"repeat","background-position":"center center","background-size":"auto","background-attachment":"scroll","background-type":"","background-media":"","overlay-type":"","overlay-color":"","overlay-opacity":"","overlay-gradient":""},"tablet":{"background-color":"","background-image":"","background-repeat":"repeat","background-position":"center center","background-size":"auto","background-attachment":"scroll","background-type":"","background-media":"","overlay-type":"","overlay-color":"","overlay-opacity":"","overlay-gradient":""},"mobile":{"background-color":"","background-image":"","background-repeat":"repeat","background-position":"center center","background-size":"auto","background-attachment":"scroll","background-type":"","background-media":"","overlay-type":"","overlay-color":"","overlay-opacity":"","overlay-gradient":""}},"ast-content-background-meta":{"desktop":{"background-color":"var(--ast-global-color-5)","background-image":"","background-repeat":"repeat","background-position":"center center","background-size":"auto","background-attachment":"scroll","background-type":"","background-media":"","overlay-type":"","overlay-color":"","overlay-opacity":"","overlay-gradient":""},"tablet":{"background-color":"var(--ast-global-color-5)","background-image":"","background-repeat":"repeat","background-position":"center center","background-size":"auto","background-attachment":"scroll","background-type":"","background-media":"","overlay-type":"","overlay-color":"","overlay-opacity":"","overlay-gradient":""},"mobile":{"background-color":"var(--ast-global-color-5)","background-image":"","background-repeat":"repeat","background-position":"center center","background-size":"auto","background-attachment":"scroll","background-type":"","background-media":"","overlay-type":"","overlay-color":"","overlay-opacity":"","overlay-gradient":""}},"_joinchat":[]},"product_brand":[],"product_cat":[15,60,128,27,25,123,30,26,28],"product_tag":[131,66,125,126,130,105,132],"class_list":{"0":"post-2337","1":"product","2":"type-product","3":"status-publish","4":"has-post-thumbnail","6":"product_cat-new-vape-this-week","7":"product_cat-bang-vapes","8":"product_cat-elf-box-disposable-vapes","9":"product_cat-fance-hot-sale-vape","10":"product_cat-germany-best-selling-vape","11":"product_cat-italy-wholesale-vape","12":"product_cat-minimum-order-quantity-50pcs","13":"product_cat-netherlands-hot-sale-vape","14":"product_cat-poland-hot-sale-vape","15":"product_tag-big-puff-vape","16":"product_tag-disposable-vape","17":"product_tag-disposable-vape-italy","18":"product_tag-e-cigarettes","19":"product_tag-elf-box","20":"product_tag-nicotine-free-disposable-vape","21":"product_tag-rechargeable-vape","22":"desktop-align-left","23":"tablet-align-left","24":"mobile-align-left","26":"first","27":"instock","28":"sale","29":"shipping-taxable","30":"purchasable","31":"product-type-simple"},"uagb_featured_image_src":{"full":["https:\/\/rmvapesale.com\/wp-content\/uploads\/2024\/10\/ELF-BOX-BK12000-Puff-Wholesale.jpg",800,800,false],"thumbnail":["https:\/\/rmvapesale.com\/wp-content\/uploads\/2024\/10\/ELF-BOX-BK12000-Puff-Wholesale-150x150.jpg",150,150,true],"medium":["https:\/\/rmvapesale.com\/wp-content\/uploads\/2024\/10\/ELF-BOX-BK12000-Puff-Wholesale-300x300.jpg",300,300,true],"medium_large":["https:\/\/rmvapesale.com\/wp-content\/uploads\/2024\/10\/ELF-BOX-BK12000-Puff-Wholesale-768x768.jpg",768,768,true],"large":["https:\/\/rmvapesale.com\/wp-content\/uploads\/2024\/10\/ELF-BOX-BK12000-Puff-Wholesale.jpg",800,800,false],"1536x1536":["https:\/\/rmvapesale.com\/wp-content\/uploads\/2024\/10\/ELF-BOX-BK12000-Puff-Wholesale.jpg",800,800,false],"2048x2048":["https:\/\/rmvapesale.com\/wp-content\/uploads\/2024\/10\/ELF-BOX-BK12000-Puff-Wholesale.jpg",800,800,false],"trp-custom-language-flag":["https:\/\/rmvapesale.com\/wp-content\/uploads\/2024\/10\/ELF-BOX-BK12000-Puff-Wholesale.jpg",12,12,false],"woocommerce_thumbnail":["https:\/\/rmvapesale.com\/wp-content\/uploads\/2024\/10\/ELF-BOX-BK12000-Puff-Wholesale-300x300.jpg",300,300,true],"woocommerce_single":["https:\/\/rmvapesale.com\/wp-content\/uploads\/2024\/10\/ELF-BOX-BK12000-Puff-Wholesale-600x600.jpg",600,600,true],"woocommerce_gallery_thumbnail":["https:\/\/rmvapesale.com\/wp-content\/uploads\/2024\/10\/ELF-BOX-BK12000-Puff-Wholesale-100x100.jpg",100,100,true],"wcpr-photo-reviews":["https:\/\/rmvapesale.com\/wp-content\/uploads\/2024\/10\/ELF-BOX-BK12000-Puff-Wholesale.jpg",500,500,false]},"uagb_author_info":{"display_name":"AMY","author_link":"https:\/\/rmvapesale.com\/cs\/author\/"},"uagb_comment_info":0,"uagb_excerpt":"ELF BOX BK12000 Puff 0% 2% 3% 5% Nicotine ELF BOX BK12000 Puff Disposable Vape Wholesale ELF BOX BK12000 Puff Rechargeable Disposable Vape WhatsApp: +86 17776015835 &nbsp;","_links":{"self":[{"href":"https:\/\/rmvapesale.com\/cs\/wp-json\/wp\/v2\/product\/2337","targetHints":{"allow":["GET"]}}],"collection":[{"href":"https:\/\/rmvapesale.com\/cs\/wp-json\/wp\/v2\/product"}],"about":[{"href":"https:\/\/rmvapesale.com\/cs\/wp-json\/wp\/v2\/types\/product"}],"replies":[{"embeddable":true,"href":"https:\/\/rmvapesale.com\/cs\/wp-json\/wp\/v2\/comments?post=2337"}],"wp:featuredmedia":[{"embeddable":true,"href":"https:\/\/rmvapesale.com\/cs\/wp-json\/wp\/v2\/media\/2341"}],"wp:attachment":[{"href":"https:\/\/rmvapesale.com\/cs\/wp-json\/wp\/v2\/media?parent=2337"}],"wp:term":[{"taxonomy":"product_brand","embeddable":true,"href":"https:\/\/rmvapesale.com\/cs\/wp-json\/wp\/v2\/product_brand?post=2337"},{"taxonomy":"product_cat","embeddable":true,"href":"https:\/\/rmvapesale.com\/cs\/wp-json\/wp\/v2\/product_cat?post=2337"},{"taxonomy":"product_tag","embeddable":true,"href":"https:\/\/rmvapesale.com\/cs\/wp-json\/wp\/v2\/product_tag?post=2337"}],"curies":[{"name":"wp","href":"https:\/\/api.w.org\/{rel}","templated":true}]}}