{"id":2344,"date":"2024-10-11T03:13:13","date_gmt":"2024-10-11T03:13:13","guid":{"rendered":"https:\/\/rmvapesale.com\/?post_type=product&#038;p=2344"},"modified":"2024-10-11T04:01:54","modified_gmt":"2024-10-11T04:01:54","slug":"mrvi-puffing-15000-puff-disposable-vape-box","status":"publish","type":"product","link":"https:\/\/rmvapesale.com\/cs\/product\/mrvi-puffing-15000-puff-disposable-vape-box\/","title":{"rendered":"MRVI PUFFING 15000 pot\u00e1hnut\u00ed jednor\u00e1zov\u00fd vape box"},"content":{"rendered":"<div class=\"B2VR9 CJHX3e\">\n<div class=\"wyccme\">\n<h1 class=\"LC20lb MBeuO DKV0Md\">MRVI PUFFING 15000 pot\u00e1hnut\u00ed jednor\u00e1zov\u00fd vape box<\/h1>\n<div class=\"flex-shrink-0 flex flex-col relative items-end\">\n<div class=\"pt-0\">\n<div class=\"gizmo-bot-avatar flex h-8 w-8 items-center justify-center overflow-hidden rounded-full\">\n<div class=\"relative p-1 rounded-sm flex items-center justify-center bg-token-main-surface-primary text-token-text-primary h-8 w-8\">\n<p>P\u0159ipravte se na vynikaj\u00edc\u00ed z\u00e1\u017eitek z vapov\u00e1n\u00ed s jednor\u00e1zovou vaporiz\u00e9rem MRVI PUFFING 15000 Puf\u016f! Navr\u017een\u00fd pro ty, kte\u0159\u00ed vy\u017eaduj\u00ed dlouhotrvaj\u00edc\u00ed v\u00fdkon, tento vaporiz\u00e9r poskytuje 15 000 pot\u00e1hnut\u00ed, co\u017e v\u00e1m umo\u017en\u00ed u\u017e\u00edvat si ho po cel\u00e9 dny bez obav.<\/p>\n<p>Vybaveno v\u00fdkonnou dob\u00edjec\u00ed bateri\u00ed o kapacit\u011b 750mAh a nab\u00edjec\u00edm portem typu C, nikdy nez\u016fstanete bez nap\u00e1jen\u00ed. Kapacita e-liquidu 25 ml a technologie dvojit\u00e9ho s\u00ed\u0165ov\u00e9ho odporu zaji\u0161\u0165uj\u00ed bohat\u00e9, pln\u00e9 chuti p\u0159i ka\u017ed\u00e9m potahu. Nav\u00edc m\u016f\u017eete sledovat sv\u00e9 pou\u017e\u00edv\u00e1n\u00ed d\u00edky pohodln\u00e9mu displeji pro zobrazen\u00ed e-liquidu a v\u00fdkonu.<\/p>\n<p>Vyberte si mezi silou nikotinu 2% nebo 5%, podle sv\u00e9 preference. A na z\u00e1v\u011br, MRVI Puffing je dod\u00e1v\u00e1n s elegantn\u00edm p\u0159\u00edv\u011bskem na krk, d\u00edky \u010demu\u017e je snadn\u00e9 ho nosit s sebou kamkoli jdete!<\/p>\n<p>Perfektn\u00ed pro ty, kte\u0159\u00ed miluj\u00ed jak pohodl\u00ed, tak v\u00fdkon, krabi\u010dka na jednor\u00e1zov\u00fd vaporiz\u00e9r MRVI PUFFING 15000 Puff bude va\u0161e z\u00e1kazn\u00edky vracet pro v\u00edce.<\/p>\n<p>&nbsp;<\/p>\n<\/div>\n<\/div>\n<\/div>\n<\/div>\n<\/div>\n<\/div>\n<p><strong>Kontaktujte Amy a z\u00edskejte spr\u00e1vnou odpov\u011b\u010f a dal\u0161\u00ed produktov\u00e1 videa!<\/strong><\/p>\n<p><img loading=\"lazy\" decoding=\"async\" class=\"size-full wp-image-1978\" src=\"https:\/\/rmvapesale.com\/wp-content\/uploads\/2024\/09\/Disposable-Vape-Wholesale.jpg\" alt=\"Jednor\u00e1zov\u00e1 e-cigareta velkoobchod\" width=\"229\" height=\"300\" \/><\/p>\n<h3><a href=\"https:\/\/wa.me\/8617776015835\" target=\"_blank\" rel=\"noopener\"><span style=\"color: #ff0000\"><strong>WhatsApp: +86 17776015835<\/strong><\/span><\/a><\/h3>\n<p>&nbsp;<\/p>\n<h2><\/h2>\n<h2><strong>MRVI PUFFING 15000 Puff Key Features<\/strong><\/h2>\n<ul>\n<li><strong>Vysok\u00fd po\u010det potah\u016f<\/strong>: U\u017eijte si a\u017e <strong>15 000 potah\u016f<\/strong>zaji\u0161\u0165uj\u00edc\u00ed dlouhotrvaj\u00edc\u00ed z\u00e1\u017eitek z vapov\u00e1n\u00ed bez \u010dast\u00e9 v\u00fdm\u011bny.<\/li>\n<li><strong>Kapacita e-liquidu<\/strong>The <strong>25ml n\u00e1dr\u017e na e-liquid<\/strong> poskytuje roz\u0161\u00ed\u0159en\u00e9 pou\u017eit\u00ed, minimalizuje pot\u0159ebu dopl\u0148ov\u00e1n\u00ed.<\/li>\n<li><strong>Dob\u00edjec\u00ed baterie<\/strong>: Nap\u00e1jeno <strong>Baterie 750mAh<\/strong>, poskytuj\u00edc\u00ed spolehliv\u00fd v\u00fdkon s pohodl\u00edm dob\u00edjen\u00ed.<\/li>\n<li><strong>Nab\u00edjen\u00ed Type-C<\/strong>Rychl\u00e9 a efektivn\u00ed nab\u00edjen\u00ed s modern\u00edm <strong>Type-C port<\/strong>, udr\u017e\u00ed v\u00e1s v chodu b\u011bhem chvilky.<\/li>\n<li><strong>Technologie du\u00e1ln\u00ed mesh spir\u00e1lky<\/strong>Vylep\u0161ete sv\u016fj z\u00e1\u017eitek z vapov\u00e1n\u00ed s <strong>dvojit\u00e9 s\u00ed\u0165ov\u00e9 c\u00edvky<\/strong>, nab\u00edzej\u00edc\u00ed bohatou chu\u0165 a hladkou v\u00fdrobu par<\/li>\n<li><strong>Inteligentn\u00ed displej<\/strong>: Z\u016fsta\u0148te informov\u00e1ni s <strong>digit\u00e1ln\u00edm displejem<\/strong> kter\u00fd zobrazuje hladinu e-liquidu i \u017eivotnost baterie na prvn\u00ed pohled.<\/li>\n<li><strong>Mo\u017enosti nikotinu<\/strong>: K dispozici v <strong>2% a 5%<\/strong> nikotinov\u00fdch koncentrac\u00edch, vyhovuj\u00edc\u00edch r\u016fzn\u00fdm preferenc\u00edm.<\/li>\n<li><strong>Pohodln\u00fd n\u00e1hrdeln\u00edk na krk<\/strong>: P\u0159ich\u00e1z\u00ed s <strong>n\u00e1hrdeln\u00edkem na krk<\/strong> pro snadn\u00e9 no\u0161en\u00ed, co\u017e z n\u011bj \u010din\u00ed dokonal\u00e9ho spole\u010dn\u00edka pro vapov\u00e1n\u00ed na cest\u00e1ch.<\/li>\n<\/ul>\n<figure id=\"attachment_2345\" aria-describedby=\"caption-attachment-2345\" style=\"width: 808px\" class=\"wp-caption alignnone\"><img loading=\"lazy\" decoding=\"async\" class=\"wp-image-2345 size-full\" src=\"https:\/\/rmvapesale.com\/wp-content\/uploads\/2024\/10\/Mrvi-Puffing-15k-Price.jpg\" alt=\"Cena Mrvi Puffing 15k\" width=\"808\" height=\"808\" srcset=\"https:\/\/rmvapesale.com\/wp-content\/uploads\/2024\/10\/Mrvi-Puffing-15k-Price.jpg 808w, https:\/\/rmvapesale.com\/wp-content\/uploads\/2024\/10\/Mrvi-Puffing-15k-Price-300x300.jpg 300w, https:\/\/rmvapesale.com\/wp-content\/uploads\/2024\/10\/Mrvi-Puffing-15k-Price-150x150.jpg 150w, https:\/\/rmvapesale.com\/wp-content\/uploads\/2024\/10\/Mrvi-Puffing-15k-Price-768x768.jpg 768w, https:\/\/rmvapesale.com\/wp-content\/uploads\/2024\/10\/Mrvi-Puffing-15k-Price-600x600.jpg 600w, https:\/\/rmvapesale.com\/wp-content\/uploads\/2024\/10\/Mrvi-Puffing-15k-Price-100x100.jpg 100w\" sizes=\"auto, (max-width: 808px) 100vw, 808px\" \/><figcaption id=\"caption-attachment-2345\" class=\"wp-caption-text\">Cena Mrvi Puffing 15k<\/figcaption><\/figure>\n<h2><strong>Nejlep\u0161\u00ed p\u0159\u00edchu\u0165 pro MRVI PUFFING 15000 Puf\u016f ECig<\/strong><\/h2>\n<p>S 10 \u00fa\u017easn\u00fdmi p\u0159\u00edchut\u011bmi na v\u00fdb\u011br, v\u010detn\u011b ovocn\u00fdch a ledov\u00fdch variant, nab\u00edz\u00ed sada MRVI PUFFING 15000 Puf\u016f Disposable n\u011bco pro ka\u017ed\u00fd vkus.<\/p>\n<p>1. Bor\u016fvka na ledu<span style=\"color: #ff0000\"><strong>&gt;&gt;&gt;&gt; Hork\u00e9!<\/strong><\/span><br \/>\n2. Ban\u00e1nov\u00fd milkshake<br \/>\n3. Jahoda s melounem<br \/>\n4. Medov\u00fd meloun s zmrzlinou<br \/>\n5. \u010cerven\u00e9 jablko na ledu<br \/>\n6. Broskev s mangem<br \/>\n7. Bor\u016fvka \u017ev\u00fdka\u010dka<span style=\"color: #ff0000\"><strong>&gt;&gt;&gt;&gt; Nejlep\u0161\u00ed!<\/strong><\/span><br \/>\n8. Lush Ice<br \/>\n9. Ananasov\u00e1 zmrzlinov\u00e1<br \/>\n10. R\u016f\u017eov\u00fd v\u00fdbuch<span style=\"color: #ff0000\"><strong>&gt;&gt;&gt;&gt; Hork\u00e9!<\/strong><\/span><\/p>\n<p>&nbsp;<\/p>\n<h3><strong>Pro\u010d si vybrat Rmvapesale pro v\u00e1\u0161 MRVI PUFFING 15000 Puf\u016f Jednor\u00e1zov\u00fd vaporiz\u00e9r?<\/strong><\/h3>\n<div class=\"flex-shrink-0 flex flex-col relative items-end\">\n<div class=\"pt-0\">\n<div class=\"gizmo-bot-avatar flex h-8 w-8 items-center justify-center overflow-hidden rounded-full\">\n<div class=\"relative p-1 rounded-sm flex items-center justify-center bg-token-main-surface-primary text-token-text-primary h-8 w-8\">\n<p>&nbsp;<\/p>\n<p>Kdy\u017e si vyberete Rmvapesale pro sv\u00e9 velkoobchodn\u00ed pot\u0159eby jednor\u00e1zov\u00fdch vap\u016f, z\u00edsk\u00e1te:<\/p>\n<ul>\n<li><strong>Konkuren\u010dn\u00ed cena<\/strong>: Z\u00edskejte p\u0159\u00edstup k atraktivn\u00edm velkoobchodn\u00edm cen\u00e1m, kter\u00e9 zv\u00fd\u0161\u00ed mar\u017ee va\u0161eho podnik\u00e1n\u00ed.<\/li>\n<li><strong>Vysok\u00e1 kvalita<\/strong>: Na\u0161e vapy jsou vyr\u00e1b\u011bny podle nejvy\u0161\u0161\u00edch standard\u016f a <span style=\"color: #ff0000\"><strong>zaru\u010den\u011b 100% origin\u00e1ln\u00ed a autentick\u00e9, nebo 10n\u00e1sobn\u00e1 kompenzace za pad\u011blky!<\/strong><\/span><\/li>\n<li><strong>Vynikaj\u00edc\u00ed z\u00e1kaznick\u00fd servis<\/strong>: N\u00e1\u0161 specializovan\u00fd t\u00fdm je v\u00e1m v\u017edy p\u0159ipraven pomoci a u\u010dinit tak v\u00e1\u0161 n\u00e1kupn\u00ed proces plynul\u00fdm a bezprobl\u00e9mov\u00fdm.<\/li>\n<li><strong>Rychl\u00e9 doru\u010den\u00ed<\/strong>: M\u016f\u017eete o\u010dek\u00e1vat rychlou a spolehlivou p\u0159epravu, kter\u00e1 zajist\u00ed, \u017ee va\u0161e objedn\u00e1vky doraz\u00ed v\u010das, poka\u017ed\u00e9.<\/li>\n<\/ul>\n<h3><\/h3>\n<h3><b>\u010casto kladen\u00e9 ot\u00e1zky<\/b><\/h3>\n<p><strong>Q1: Kolik puf\u016f mohu z\u00edskat z MRVI PUFFING 15000 Puf\u016f Jednor\u00e1zov\u00e9ho vaporiz\u00e9ru?<\/strong><br \/>\n<strong>A1:<\/strong> MRVI PUFFING nab\u00edz\u00ed p\u016fsobiv\u00fd <strong>15 000 potah\u016f<\/strong>, co\u017e v\u00e1m umo\u017en\u00ed u\u017e\u00edvat si dlouhotrvaj\u00edc\u00ed vapov\u00e1n\u00ed bez nutnosti \u010dast\u00e9 v\u00fdm\u011bny.<\/p>\n<p><strong>Q2: Je MRVI PUFFING 15000 Puf\u016f Dob\u00edjec\u00ed?<\/strong><br \/>\n<strong>A2:<\/strong> Ano! Tento vaporiz\u00e9r m\u00e1 <strong>Dob\u00edjec\u00ed baterie 750mAh<\/strong>, umo\u017e\u0148uj\u00edc\u00ed snadn\u00e9 dob\u00edjen\u00ed p\u0159es <strong>Type-C port<\/strong> pro pohodl\u00ed a del\u0161\u00ed pou\u017e\u00edv\u00e1n\u00ed.<\/p>\n<\/div>\n<\/div>\n<\/div>\n<\/div>\n<div class=\"group\/conversation-turn relative flex w-full min-w-0 flex-col agent-turn\">\n<div class=\"flex-col gap-1 md:gap-3\">\n<div class=\"flex max-w-full flex-col flex-grow\">\n<div class=\"min-h-8 text-message flex w-full flex-col items-end gap-2 whitespace-normal break-words [.text-message+&amp;]:mt-5\" dir=\"auto\" data-message-author-role=\"assistant\" data-message-id=\"f226d3fc-81f3-46d5-8c46-31787fff0357\">\n<div class=\"flex w-full flex-col gap-1 empty:hidden first:pt-[3px]\">\n<div class=\"markdown prose w-full break-words dark:prose-invert light\">\n<p><strong>Q3: Mohu si upravit s\u00edlu nikotinu v jednor\u00e1zov\u00e9m vaporiz\u00e9ru MRVI 15000 Puffs?<\/strong><br \/>\n<strong>A3:<\/strong> Ano, m\u016f\u017eete si vybrat mezi <strong>nikotinov\u00e9 s\u00edly 2% a 5%<\/strong> pro p\u0159izp\u016fsoben\u00ed va\u0161im preferenc\u00edm vapov\u00e1n\u00ed.<\/p>\n<p><strong>Q4: Jak zlep\u0161uje MRVI PUFFING 15000 Puffs Vape Bar m\u016fj z\u00e1\u017eitek z vapov\u00e1n\u00ed?<\/strong><br \/>\n<strong>A4:<\/strong> D\u00edky sv\u00e9 <strong>technologi\u00ed du\u00e1ln\u00ed s\u00ed\u0165ov\u00e9 spir\u00e1ly<\/strong>, si m\u016f\u017eete u\u017e\u00edvat bohatou chu\u0165 a plynul\u00e9 vytv\u00e1\u0159en\u00ed par, co\u017e \u010din\u00ed ka\u017ed\u00fd pot\u011b\u0161en\u00ed z vapov\u00e1n\u00ed uspokojiv\u00fdm.<\/p>\n<p><strong>Q5: M\u00e1 vape MRVI PUFFING displejovou funkci?<\/strong><br \/>\n<strong>A5:<\/strong> Ur\u010dit\u011b! Obsahuje <strong>displej e-liquidu a nap\u00e1jen\u00ed<\/strong> abyste mohli snadno sledovat zb\u00fdvaj\u00edc\u00ed e-liquid a \u017eivotnost baterie.<\/p>\n<p><strong>Q6: Je dob\u00edjec\u00ed vape MRVI 15000 Puffs snadno p\u0159enosn\u00fd?<\/strong><br \/>\n<strong>A6:<\/strong> Ano, kompaktn\u00ed design ho \u010din\u00ed p\u0159enosn\u00fdm a je ide\u00e1ln\u00ed pro vapov\u00e1n\u00ed na cest\u00e1ch, a\u0165 u\u017e jste doma nebo venku.<\/p>\n<p><strong>Q7: Kde mohu zakoupit jednor\u00e1zov\u00fd vape MRVI 15000 Puffs?<\/strong><br \/>\n<strong>A7:<\/strong> MRVI PUFFING 15000 Puffs Jednor\u00e1zov\u00fd vape najdete u r\u016fzn\u00fdch prodejc\u016f a online platforem, co\u017e zaji\u0161\u0165uje snadn\u00fd p\u0159\u00edstup ke v\u0161em va\u0161im pot\u0159eb\u00e1m vapov\u00e1n\u00ed.<\/p>\n<\/div>\n<\/div>\n<\/div>\n<\/div>\n<\/div>\n<\/div>\n<h3>O p\u0159eprav\u011b<\/h3>\n<div class=\"flex-shrink-0 flex flex-col relative items-end\">\n<div>\n<div class=\"pt-0\">\n<div class=\"gizmo-bot-avatar flex h-8 w-8 items-center justify-center overflow-hidden rounded-full\">\n<div><\/div>\n<div class=\"relative p-1 rounded-sm flex items-center justify-center bg-token-main-surface-primary text-token-text-primary h-8 w-8\"><strong>1. Jak\u00e9 zp\u016fsoby dopravy se pou\u017e\u00edvaj\u00ed?<\/strong><\/div>\n<\/div>\n<\/div>\n<\/div>\n<\/div>\n<div class=\"group\/conversation-turn relative flex w-full min-w-0 flex-col agent-turn\">\n<div class=\"flex-col gap-1 md:gap-3\">\n<div class=\"flex max-w-full flex-col flex-grow\">\n<div class=\"min-h-[20px] text-message flex w-full flex-col items-end gap-2 whitespace-normal break-words [.text-message+&amp;]:mt-5 overflow-x-auto\" dir=\"auto\" data-message-author-role=\"assistant\" data-message-id=\"22f8283b-3233-46ff-89a5-c7a41b33abda\">\n<div class=\"flex w-full flex-col gap-1 empty:hidden first:pt-[3px]\">\n<div class=\"markdown prose w-full break-words dark:prose-invert light\">\n<p>Spolupracujeme s UPS, DHL, FedEx, DPD a dal\u0161\u00edmi p\u0159edn\u00edmi p\u0159epravci. Vybereme nejlep\u0161\u00ed zp\u016fsob dopravy na z\u00e1klad\u011b va\u0161\u00ed doru\u010dovac\u00ed lokality, abychom zajistili, \u017ee sv\u00e9 produkty obdr\u017e\u00edte co nejrychleji.<\/p>\n<\/div>\n<p><strong>2. Jak dlouho trv\u00e1 doru\u010den\u00ed?<\/strong><\/p>\n<p>Bal\u00ed\u010dky odeslan\u00e9 do \u010cesk\u00e9 republiky obvykle doraz\u00ed do 10 pracovn\u00edch dn\u016f. P\u0159eprava do evropsk\u00fdch zem\u00ed obecn\u011b trv\u00e1 asi 12-15 pracovn\u00edch dn\u016f. O stavu va\u0161\u00ed z\u00e1silky v\u00e1s budeme pr\u016fb\u011b\u017en\u011b informovat.<\/p>\n<\/div>\n<\/div>\n<\/div>\n<\/div>\n<\/div>\n<p>&nbsp;<\/p>\n<p>Dal\u0161\u00ed obl\u00edben\u00e9 jednor\u00e1zov\u00e9 e-cigarety, kter\u00e9 by se v\u00e1m mohly l\u00edbit:<\/p>\n<p><a href=\"https:\/\/rmvapesale.com\/cs\/product\/elf-box-vape-bk12000-puff-disposable-pod-wholesale\/\"><strong>ELF BOX BK12000 Puff <span style=\"color: #ff0000\">&gt;&gt;&gt;&gt; j\u00edt!<\/span><\/strong><\/a><\/p>\n<p><strong><a href=\"https:\/\/rmvapesale.com\/cs\/product\/waspe-fihp-30000-puffs-led-display-disposable-vape-box\/\">WASPE FIHP 30000 pot\u00e1hnut\u00ed <span style=\"color: #ff0000\">&gt;&gt;&gt;&gt; j\u00edt!<\/span><\/a>\u00a0<\/strong><\/p>\n<h2 class=\"woocommerce-loop-product__title\"><a style=\"font-size: 16px\" href=\"https:\/\/rmvapesale.com\/cs\/product\/randm-tornado-15000-puffs-vape-wholesale\/\"><strong>RandM Tornado 15000 <span style=\"color: #ff0000\">&gt;&gt;&gt;&gt; j\u00edt!<\/span><\/strong><\/a><\/h2>\n<p>&nbsp;<\/p>\n<p>&nbsp;<\/p>\n<p>Naj\u00edt v\u00edce produkt\u016f pro vaping, kter\u00e9 by se v\u00e1m mohly l\u00edbit:<strong><em><a href=\"https:\/\/rmvapesale.com\/cs\/shop-2\/\">nakupujte nyn\u00ed &gt;&gt;&gt;<\/a><\/em><\/strong><\/p>","protected":false},"excerpt":{"rendered":"<p>P\u016fvodn\u00ed tov\u00e1rn\u00ed MRVI PUFFING 15000 PUFF\u016e Vape Box<br \/>\nMRVI 15000 Puf\u016f 2% 5% 25mL E-liquid Dob\u00edjec\u00ed<br \/>\nMRVI PUFFING 1500015K Puffs Velkoobchodn\u00ed cena vaporiz\u00e9r<\/p>\n<p><img loading=\"lazy\" decoding=\"async\" class=\"size-full wp-image-1978\" src=\"https:\/\/rmvapesale.com\/wp-content\/uploads\/2024\/09\/Disposable-Vape-Wholesale.jpg\" alt=\"Jednor\u00e1zov\u00e1 e-cigareta velkoobchod\" width=\"229\" height=\"300\" \/><\/p>\n<h3><a href=\"https:\/\/wa.me\/8617776015835\"><span style=\"color: #ff0000\"><strong>WhatsApp: +86 17776015835<\/strong><\/span><\/a><\/h3>\n<p>&nbsp;<\/p>","protected":false},"featured_media":2349,"comment_status":"open","ping_status":"closed","template":"","meta":{"_uag_custom_page_level_css":"","_lmt_disableupdate":"","_lmt_disable":"","site-sidebar-layout":"default","site-content-layout":"content-boxed-container","ast-site-content-layout":"normal-width-container","site-content-style":"boxed","site-sidebar-style":"unboxed","ast-global-header-display":"","ast-banner-title-visibility":"","ast-main-header-display":"","ast-hfb-above-header-display":"","ast-hfb-below-header-display":"","ast-hfb-mobile-header-display":"","site-post-title":"","ast-breadcrumbs-content":"","ast-featured-img":"","footer-sml-layout":"","ast-disable-related-posts":"","theme-transparent-header-meta":"default","adv-header-id-meta":"","stick-header-meta":"","header-above-stick-meta":"","header-main-stick-meta":"","header-below-stick-meta":"","astra-migrate-meta-layouts":"set","ast-page-background-enabled":"default","ast-page-background-meta":{"desktop":{"background-color":"var(--ast-global-color-4)","background-image":"","background-repeat":"repeat","background-position":"center center","background-size":"auto","background-attachment":"scroll","background-type":"","background-media":"","overlay-type":"","overlay-color":"","overlay-opacity":"","overlay-gradient":""},"tablet":{"background-color":"","background-image":"","background-repeat":"repeat","background-position":"center center","background-size":"auto","background-attachment":"scroll","background-type":"","background-media":"","overlay-type":"","overlay-color":"","overlay-opacity":"","overlay-gradient":""},"mobile":{"background-color":"","background-image":"","background-repeat":"repeat","background-position":"center center","background-size":"auto","background-attachment":"scroll","background-type":"","background-media":"","overlay-type":"","overlay-color":"","overlay-opacity":"","overlay-gradient":""}},"ast-content-background-meta":{"desktop":{"background-color":"var(--ast-global-color-5)","background-image":"","background-repeat":"repeat","background-position":"center center","background-size":"auto","background-attachment":"scroll","background-type":"","background-media":"","overlay-type":"","overlay-color":"","overlay-opacity":"","overlay-gradient":""},"tablet":{"background-color":"var(--ast-global-color-5)","background-image":"","background-repeat":"repeat","background-position":"center center","background-size":"auto","background-attachment":"scroll","background-type":"","background-media":"","overlay-type":"","overlay-color":"","overlay-opacity":"","overlay-gradient":""},"mobile":{"background-color":"var(--ast-global-color-5)","background-image":"","background-repeat":"repeat","background-position":"center center","background-size":"auto","background-attachment":"scroll","background-type":"","background-media":"","overlay-type":"","overlay-color":"","overlay-opacity":"","overlay-gradient":""}},"_joinchat":[]},"product_brand":[],"product_cat":[15,60,27,25,123,30,26,28],"product_tag":[131,66,125,126,134,132,133],"class_list":{"0":"post-2344","1":"product","2":"type-product","3":"status-publish","4":"has-post-thumbnail","6":"product_cat-new-vape-this-week","7":"product_cat-bang-vapes","8":"product_cat-fance-hot-sale-vape","9":"product_cat-germany-best-selling-vape","10":"product_cat-italy-wholesale-vape","11":"product_cat-minimum-order-quantity-50pcs","12":"product_cat-netherlands-hot-sale-vape","13":"product_cat-poland-hot-sale-vape","14":"product_tag-big-puff-vape","15":"product_tag-disposable-vape","16":"product_tag-disposable-vape-italy","17":"product_tag-e-cigarettes","18":"product_tag-mrvi-puffing-15k-price","19":"product_tag-rechargeable-vape","20":"product_tag-vape-bar","21":"desktop-align-left","22":"tablet-align-left","23":"mobile-align-left","25":"first","26":"instock","27":"sale","28":"shipping-taxable","29":"purchasable","30":"product-type-simple"},"uagb_featured_image_src":{"full":["https:\/\/rmvapesale.com\/wp-content\/uploads\/2024\/10\/MRVI-PUFFING-15000.jpg",808,808,false],"thumbnail":["https:\/\/rmvapesale.com\/wp-content\/uploads\/2024\/10\/MRVI-PUFFING-15000-150x150.jpg",150,150,true],"medium":["https:\/\/rmvapesale.com\/wp-content\/uploads\/2024\/10\/MRVI-PUFFING-15000-300x300.jpg",300,300,true],"medium_large":["https:\/\/rmvapesale.com\/wp-content\/uploads\/2024\/10\/MRVI-PUFFING-15000-768x768.jpg",768,768,true],"large":["https:\/\/rmvapesale.com\/wp-content\/uploads\/2024\/10\/MRVI-PUFFING-15000.jpg",808,808,false],"1536x1536":["https:\/\/rmvapesale.com\/wp-content\/uploads\/2024\/10\/MRVI-PUFFING-15000.jpg",808,808,false],"2048x2048":["https:\/\/rmvapesale.com\/wp-content\/uploads\/2024\/10\/MRVI-PUFFING-15000.jpg",808,808,false],"trp-custom-language-flag":["https:\/\/rmvapesale.com\/wp-content\/uploads\/2024\/10\/MRVI-PUFFING-15000.jpg",12,12,false],"woocommerce_thumbnail":["https:\/\/rmvapesale.com\/wp-content\/uploads\/2024\/10\/MRVI-PUFFING-15000-300x300.jpg",300,300,true],"woocommerce_single":["https:\/\/rmvapesale.com\/wp-content\/uploads\/2024\/10\/MRVI-PUFFING-15000-600x600.jpg",600,600,true],"woocommerce_gallery_thumbnail":["https:\/\/rmvapesale.com\/wp-content\/uploads\/2024\/10\/MRVI-PUFFING-15000-100x100.jpg",100,100,true],"wcpr-photo-reviews":["https:\/\/rmvapesale.com\/wp-content\/uploads\/2024\/10\/MRVI-PUFFING-15000.jpg",500,500,false]},"uagb_author_info":{"display_name":"AMY","author_link":"https:\/\/rmvapesale.com\/cs\/author\/"},"uagb_comment_info":0,"uagb_excerpt":"Factory Original MRVI PUFFING 15000 PUFFS Vape Box MRVI 15000 Puffs 2% 5% 25mL E-liquid Rechargeable MRVI PUFFING 1500015K Puffs Wholesale Price vape WhatsApp: +86 17776015835 &nbsp;","_links":{"self":[{"href":"https:\/\/rmvapesale.com\/cs\/wp-json\/wp\/v2\/product\/2344","targetHints":{"allow":["GET"]}}],"collection":[{"href":"https:\/\/rmvapesale.com\/cs\/wp-json\/wp\/v2\/product"}],"about":[{"href":"https:\/\/rmvapesale.com\/cs\/wp-json\/wp\/v2\/types\/product"}],"replies":[{"embeddable":true,"href":"https:\/\/rmvapesale.com\/cs\/wp-json\/wp\/v2\/comments?post=2344"}],"wp:featuredmedia":[{"embeddable":true,"href":"https:\/\/rmvapesale.com\/cs\/wp-json\/wp\/v2\/media\/2349"}],"wp:attachment":[{"href":"https:\/\/rmvapesale.com\/cs\/wp-json\/wp\/v2\/media?parent=2344"}],"wp:term":[{"taxonomy":"product_brand","embeddable":true,"href":"https:\/\/rmvapesale.com\/cs\/wp-json\/wp\/v2\/product_brand?post=2344"},{"taxonomy":"product_cat","embeddable":true,"href":"https:\/\/rmvapesale.com\/cs\/wp-json\/wp\/v2\/product_cat?post=2344"},{"taxonomy":"product_tag","embeddable":true,"href":"https:\/\/rmvapesale.com\/cs\/wp-json\/wp\/v2\/product_tag?post=2344"}],"curies":[{"name":"wp","href":"https:\/\/api.w.org\/{rel}","templated":true}]}}