{"id":2351,"date":"2024-10-11T08:11:29","date_gmt":"2024-10-11T08:11:29","guid":{"rendered":"https:\/\/rmvapesale.com\/?post_type=product&#038;p=2351"},"modified":"2024-10-11T08:47:10","modified_gmt":"2024-10-11T08:47:10","slug":"bang-box-18000-puffs-led-display-disposable-vape-original","status":"publish","type":"product","link":"https:\/\/rmvapesale.com\/cs\/product\/bang-box-18000-puffs-led-display-disposable-vape-original\/","title":{"rendered":"Bang Box 18000 pot\u00e1hnut\u00ed LED displej Jednor\u00e1zov\u00e1 e-cigareta Origin\u00e1l"},"content":{"rendered":"<div class=\"B2VR9 CJHX3e\">\n<div class=\"wyccme\">\n<h1 class=\"LC20lb MBeuO DKV0Md\">Bang Box 18000 Puffs LED Display Jednor\u00e1zov\u00e1 e-cigareta Origin\u00e1ln\u00ed edice<\/h1>\n<div class=\"flex-shrink-0 flex flex-col relative items-end\">\n<div class=\"pt-0\">\n<div class=\"gizmo-bot-avatar flex h-8 w-8 items-center justify-center overflow-hidden rounded-full\">\n<div class=\"relative p-1 rounded-sm flex items-center justify-center bg-token-main-surface-primary text-token-text-primary h-8 w-8\">\n<p>Bang Box 18000 Puffs je velmi obl\u00edben\u00e1 jednor\u00e1zov\u00e1 e-cigareta s LED displejem, kter\u00e1 je ide\u00e1ln\u00ed pro ty, kte\u0159\u00ed cht\u011bj\u00ed pr\u00e9miov\u00fd a dlouhotrvaj\u00edc\u00ed z\u00e1\u017eitek z vapov\u00e1n\u00ed. S p\u016fsobivou kapacitou 18 000 pot\u00e1hnut\u00ed vydr\u017e\u00ed toto za\u0159\u00edzen\u00ed mnohem d\u00e9le ne\u017e v\u011bt\u0161ina jednor\u00e1zov\u00fdch e-cigaret na trhu. Velkorys\u00fd 26ml tank na e-liquid a mo\u017enost v\u00fdb\u011bru s\u00edly nikotinu 0%, 2%, 3% a 5% z n\u00ed \u010din\u00ed v\u0161estrannou e-cigaretu, kter\u00e1 uspokoj\u00ed jak ob\u010dasn\u00e9, tak i n\u00e1ru\u017eiv\u00e9 vapery.<\/p>\n<p>Tato jednor\u00e1zov\u00e1 e-cigareta, navr\u017een\u00e1 pro snadn\u00e9 a uspokojiv\u00e9 pou\u017e\u00edv\u00e1n\u00ed, je vybavena dob\u00edjec\u00ed 850mAh bateri\u00ed a rychl\u00fdm nab\u00edjen\u00edm p\u0159es Type-C, co\u017e zaru\u010duje, \u017ee budete m\u00edt dostatek energie po cel\u00fd den. V\u00fdrazn\u00fd digit\u00e1ln\u00ed LED displej v\u00e1m poskytne informace o stavu baterie a po\u010dtu pot\u00e1hnut\u00ed v re\u00e1ln\u00e9m \u010dase, tak\u017ee m\u016f\u017eete sv\u00e9 za\u0159\u00edzen\u00ed snadno sledovat.<\/p>\n<p>&nbsp;<\/p>\n<\/div>\n<\/div>\n<\/div>\n<\/div>\n<\/div>\n<\/div>\n<p><strong>Kontaktujte Amy a z\u00edskejte spr\u00e1vnou odpov\u011b\u010f a dal\u0161\u00ed produktov\u00e1 videa!<\/strong><\/p>\n<p><img loading=\"lazy\" decoding=\"async\" class=\"size-full wp-image-1978\" src=\"https:\/\/rmvapesale.com\/wp-content\/uploads\/2024\/09\/Disposable-Vape-Wholesale.jpg\" alt=\"Jednor\u00e1zov\u00e1 e-cigareta velkoobchod\" width=\"229\" height=\"300\" \/><\/p>\n<h3><a href=\"https:\/\/wa.me\/8617776015835\" target=\"_blank\" rel=\"noopener\"><span style=\"color: #ff0000\"><strong>WhatsApp: +86 17776015835<\/strong><\/span><\/a><\/h3>\n<p>&nbsp;<\/p>\n<h2><\/h2>\n<h2><strong>Bang Box 18000 Puffs Jednor\u00e1zov\u00e1 e-cigareta Kl\u00ed\u010dov\u00e9 vlastnosti<\/strong><\/h2>\n<p>&nbsp;<\/p>\n<ul>\n<li><strong>18 000 pot\u00e1hnut\u00ed<\/strong>: S obrovsk\u00fdm po\u010dtem 18 000 pot\u00e1hnut\u00ed si m\u016f\u017eete u\u017e\u00edvat nep\u0159eru\u0161ovan\u00e9 vapov\u00e1n\u00ed po del\u0161\u00ed dobu bez starost\u00ed s v\u00fdm\u011bnou.<\/li>\n<li><strong>Mesh Coil (0,8 ohm)<\/strong>: Pokro\u010dil\u00e1 technologie mesh spir\u00e1lky zaji\u0161\u0165uje maxim\u00e1ln\u00ed produkci chuti a p\u00e1ry, co\u017e v\u00e1m poka\u017ed\u00e9 zajist\u00ed hladk\u00fd a chutn\u00fd potah.<\/li>\n<li><strong>Kapacita e-liquidu 26 ml<\/strong>: Vybaveno velkorysou kapacitou 26 ml e-liquidu, minimalizuje pot\u0159ebu neust\u00e1l\u00e9ho dopl\u0148ov\u00e1n\u00ed a nab\u00edz\u00ed dlouhodob\u00e9 pou\u017e\u00edv\u00e1n\u00ed.<\/li>\n<li><strong>Mo\u017enosti nikotinu<\/strong>: Vyberte si nikotin <strong>0%, 2%, 3% nebo 5%<\/strong> a p\u0159izp\u016fsobte si z\u00e1\u017eitek z vapov\u00e1n\u00ed podle sv\u00fdch osobn\u00edch preferenc\u00ed.<\/li>\n<li><strong>850mAh Dob\u00edjec\u00ed baterie<\/strong>: V\u00fdkonn\u00e1 vestav\u011bn\u00e1 850mAh baterie zajist\u00ed, \u017ee budete m\u00edt dostatek energie po cel\u00fd den, a s <strong>rychl\u00e9 nab\u00edjen\u00ed Type-C<\/strong>, se k vapov\u00e1n\u00ed vr\u00e1t\u00edte b\u011bhem chvilky.<\/li>\n<li><strong>LED digit\u00e1ln\u00ed displej<\/strong>: M\u011bjte v\u0161e pod kontrolou s intuitivn\u00edm <strong>LED displej<\/strong> kter\u00fd zobrazuje d\u016fle\u017eit\u00e9 informace, jako je zb\u00fdvaj\u00edc\u00ed \u017eivotnost baterie a hladina e-liquidu, co\u017e usnad\u0148uje sledov\u00e1n\u00ed va\u0161eho za\u0159\u00edzen\u00ed.<\/li>\n<\/ul>\n<figure id=\"attachment_2352\" aria-describedby=\"caption-attachment-2352\" style=\"width: 600px\" class=\"wp-caption alignnone\"><img loading=\"lazy\" decoding=\"async\" class=\"wp-image-2352\" src=\"https:\/\/rmvapesale.com\/wp-content\/uploads\/2024\/10\/Bang-Box-18000-Puffs-Disposable-Vape-Wholesale.jpg\" alt=\"Bang Box 18000 Puffs jednor\u00e1zov\u00e9 vape velkoobchod\" width=\"600\" height=\"600\" srcset=\"https:\/\/rmvapesale.com\/wp-content\/uploads\/2024\/10\/Bang-Box-18000-Puffs-Disposable-Vape-Wholesale.jpg 800w, https:\/\/rmvapesale.com\/wp-content\/uploads\/2024\/10\/Bang-Box-18000-Puffs-Disposable-Vape-Wholesale-300x300.jpg 300w, https:\/\/rmvapesale.com\/wp-content\/uploads\/2024\/10\/Bang-Box-18000-Puffs-Disposable-Vape-Wholesale-150x150.jpg 150w, https:\/\/rmvapesale.com\/wp-content\/uploads\/2024\/10\/Bang-Box-18000-Puffs-Disposable-Vape-Wholesale-768x768.jpg 768w, https:\/\/rmvapesale.com\/wp-content\/uploads\/2024\/10\/Bang-Box-18000-Puffs-Disposable-Vape-Wholesale-600x600.jpg 600w, https:\/\/rmvapesale.com\/wp-content\/uploads\/2024\/10\/Bang-Box-18000-Puffs-Disposable-Vape-Wholesale-100x100.jpg 100w\" sizes=\"auto, (max-width: 600px) 100vw, 600px\" \/><figcaption id=\"caption-attachment-2352\" class=\"wp-caption-text\">Bang Box 18000 Puffs jednor\u00e1zov\u00e9 vape velkoobchod<\/figcaption><\/figure>\n<h2><\/h2>\n<h2><strong>Nejlep\u0161\u00ed p\u0159\u00edchu\u0165 pro Bang Box 18000 Puffs Vape Bar<\/strong><\/h2>\n<p>Tento <strong>Bang Box 18000 Puffs LED displej jednor\u00e1zov\u00e9 vape<\/strong> je ide\u00e1ln\u00ed volbou pro vapery, kte\u0159\u00ed tou\u017e\u00ed po pohodl\u00ed, siln\u00e9m v\u00fdkonu a vysoce kvalitn\u00edm z\u00e1\u017eitku. Toto za\u0159\u00edzen\u00ed, dostupn\u00e9 ve v\u00edce sil\u00e1ch nikotinu, nab\u00edz\u00ed elegantn\u00ed a bezprobl\u00e9mov\u00fd zp\u016fsob, jak si vychutnat va\u0161e obl\u00edben\u00e9 e-liquidy, to v\u0161e s lehkost\u00ed jednor\u00e1zov\u00e9ho vapu.<\/p>\n<p>1.Gumov\u00ed medv\u00eddci <span style=\"color: #ff0000\"><strong>&gt;&gt;&gt;&gt; Hork\u00e9!<\/strong><\/span><br \/>\n2. Jahodov\u00e1 Zmrzlina<span style=\"color: #ff0000\"><strong>&gt;&gt;&gt;&gt; Nejlep\u0161\u00ed!<\/strong><\/span><br \/>\n3.Broskev Mango<br \/>\n4.Trojit\u00e9 lesn\u00ed plody led<br \/>\n5.Jahoda Ban\u00e1n<br \/>\n6.Sv\u011b\u017e\u00ed led<br \/>\n7.Modr\u00e1 malina led <span style=\"color: #ff0000\"><strong>&gt;&gt;&gt;&gt; Hork\u00e9!<\/strong><\/span><br \/>\n8.Tropick\u00e9 ovoce<br \/>\n9.Aloe Hrozny<br \/>\n10.Broskvov\u00fd led<br \/>\n11.Jahoda Li\u010di<br \/>\n12.Chladiv\u00e1 m\u00e1ta<\/p>\n<p>&nbsp;<\/p>\n<p>&nbsp;<\/p>\n<h3><strong>Pro\u010d zvolit Rmvapesale pro v\u00e1\u0161 hromadn\u00fd n\u00e1kup Bang Box 18000 Puffs Vape?<\/strong><\/h3>\n<div class=\"flex-shrink-0 flex flex-col relative items-end\">\n<div>\n<div class=\"pt-0\">\n<div class=\"gizmo-bot-avatar flex h-8 w-8 items-center justify-center overflow-hidden rounded-full\">\n<div class=\"relative p-1 rounded-sm flex items-center justify-center bg-token-main-surface-primary text-token-text-primary h-8 w-8\">\n<p>&nbsp;<\/p>\n<p>Kdy\u017e si vyberete Rmvapesale pro sv\u00e9 velkoobchodn\u00ed pot\u0159eby jednor\u00e1zov\u00fdch vap\u016f, z\u00edsk\u00e1te:<\/p>\n<ul>\n<li><strong>Konkuren\u010dn\u00ed cena<\/strong>: Z\u00edskejte p\u0159\u00edstup k atraktivn\u00edm velkoobchodn\u00edm cen\u00e1m, kter\u00e9 zv\u00fd\u0161\u00ed mar\u017ee va\u0161eho podnik\u00e1n\u00ed.<\/li>\n<li><strong>Vysok\u00e1 kvalita<\/strong>: Na\u0161e vapy jsou vyr\u00e1b\u011bny podle nejvy\u0161\u0161\u00edch standard\u016f a <span style=\"color: #ff0000\"><strong>zaru\u010den\u011b 100% origin\u00e1ln\u00ed a autentick\u00e9, nebo 10n\u00e1sobn\u00e1 kompenzace za pad\u011blky!<\/strong><\/span><\/li>\n<li><strong>Vynikaj\u00edc\u00ed z\u00e1kaznick\u00fd servis<\/strong>: N\u00e1\u0161 specializovan\u00fd t\u00fdm je v\u00e1m v\u017edy p\u0159ipraven pomoci a u\u010dinit tak v\u00e1\u0161 n\u00e1kupn\u00ed proces plynul\u00fdm a bezprobl\u00e9mov\u00fdm.<\/li>\n<li><strong>Rychl\u00e9 doru\u010den\u00ed<\/strong>: M\u016f\u017eete o\u010dek\u00e1vat rychlou a spolehlivou p\u0159epravu, kter\u00e1 zajist\u00ed, \u017ee va\u0161e objedn\u00e1vky doraz\u00ed v\u010das, poka\u017ed\u00e9.<\/li>\n<\/ul>\n<h3><\/h3>\n<h3><b>\u010casto kladen\u00e9 ot\u00e1zky<\/b><\/h3>\n<p>&nbsp;<\/p>\n<\/div>\n<\/div>\n<\/div>\n<\/div>\n<\/div>\n<div class=\"group\/conversation-turn relative flex w-full min-w-0 flex-col agent-turn\">\n<div class=\"flex-col gap-1 md:gap-3\">\n<div class=\"flex max-w-full flex-col flex-grow\">\n<div class=\"min-h-8 text-message flex w-full flex-col items-end gap-2 whitespace-normal break-words [.text-message+&amp;]:mt-5\" dir=\"auto\" data-message-author-role=\"assistant\" data-message-id=\"f226d3fc-81f3-46d5-8c46-31787fff0357\">\n<div class=\"flex w-full flex-col gap-1 empty:hidden first:pt-[3px]\">\n<div class=\"markdown prose w-full break-words dark:prose-invert light\">\n<h3>1. <strong>\u010c\u00edm se Bang Box 18000 Puffs jednor\u00e1zov\u00e9 vape odli\u0161uje?<\/strong><\/h3>\n<p>Tento <strong>Bang Box 18000 Puffs jednor\u00e1zov\u00e9 vape<\/strong> poskytuje vynikaj\u00edc\u00ed z\u00e1\u017eitek z vapingu se svou velkou <strong>kapacitou 18 000 pot\u00e1hnut\u00ed<\/strong> a dob\u00edjec\u00ed <strong>850mAh baterie<\/strong>. Je vybaven <strong>26ml n\u00e1dr\u017ekou na e-liquid<\/strong>, co\u017e zaji\u0161\u0165uje dlouhodob\u00e9 pou\u017e\u00edv\u00e1n\u00ed bez nutnosti \u010dast\u00fdch v\u00fdm\u011bn. Nav\u00edc <strong>LED digit\u00e1ln\u00edm displejem<\/strong> v\u00e1s informuje o stavu baterie a po\u010dtu pot\u00e1hnut\u00ed.<\/p>\n<h3>2. <strong>Jak pozn\u00e1m, kdy je t\u0159eba nab\u00edt mou vapovac\u00ed ty\u010dinku Bang Box 18000 Puffs?<\/strong><\/h3>\n<p>Tento <strong>Vapovac\u00ed ty\u010dinka Bang Box 18000 Puffs<\/strong> disponuje praktick\u00fdm <strong>LED digit\u00e1ln\u00edm displejem<\/strong> kter\u00fd ukazuje \u017eivotnost baterie i po\u010det pota\u017een\u00ed, tak\u017ee je snadn\u00e9 v\u011bd\u011bt, kdy je \u010das dob\u00edt.<\/p>\n<h3>3. <strong>Mohu dob\u00edjec\u00ed vaporiz\u00e9r Bang Box 18000 Puffs dob\u00edt?<\/strong><\/h3>\n<p>Ano! The <strong>dob\u00edjec\u00ed vaporiz\u00e9r Bang Box 18000 Puffs<\/strong> je dod\u00e1v\u00e1n s <strong>nab\u00edjec\u00edho portu typu C<\/strong>, co\u017e umo\u017e\u0148uje rychl\u00e9 a snadn\u00e9 dob\u00edjen\u00ed. Tato funkce v kombinaci s vysok\u00fdm po\u010dtem pota\u017een\u00ed zaji\u0161\u0165uje dlouhodob\u00e9 pou\u017e\u00edv\u00e1n\u00ed.<\/p>\n<h3>4. <strong>Jak\u00e9 s\u00edly nikotinu jsou k dispozici v dob\u00edjec\u00edm vaporiz\u00e9ru Bang Box 18000 Puffs?<\/strong><\/h3>\n<p>Tento <strong>dob\u00edjec\u00ed vaporiz\u00e9r Bang Box 18000 Puffs<\/strong> je k dispozici ve \u010dty\u0159ech sil\u00e1ch nikotinu: <strong>0 %, 2 %, 3 % a 5 %<\/strong>. Tato flexibilita uspokoj\u00ed vapery s r\u016fzn\u00fdmi preferencemi, a\u0165 u\u017e hled\u00e1te vaping bez nikotinu nebo siln\u011bj\u0161\u00ed z\u00e1sah.<\/p>\n<h3>5. <strong>Je jednor\u00e1zov\u00fd vaporiz\u00e9r Bang Vape BOX 18000 Puffs snadno p\u0159enosn\u00fd?<\/strong><\/h3>\n<p>Rozhodn\u011b! <strong>Jednor\u00e1zov\u00fd vaporiz\u00e9r Bang Vape BOX 18000 Puffs<\/strong> je navr\u017een tak, aby byl p\u0159enosn\u00fd a u\u017eivatelsky p\u0159\u00edv\u011btiv\u00fd, tak\u017ee je ide\u00e1ln\u00ed pro vaping na cest\u00e1ch. Navzdory sv\u00e9 velk\u00e9 kapacit\u011b pota\u017een\u00ed z\u016fst\u00e1v\u00e1 lehk\u00fd a snadno se p\u0159en\u00e1\u0161\u00ed.<\/p>\n<h3>6. <strong>Poskytuje vaporiz\u00e9r Bang Box 18000 Puffs bohat\u00e9 p\u0159\u00edchut\u011b?<\/strong><\/h3>\n<p>Ano! D\u00edky <strong>0.8ohm mesh coil<\/strong>, tak <strong>vaporiz\u00e9r Bang Box 18k Puff<\/strong> nab\u00edz\u00ed vylep\u0161enou chu\u0165 a produkci p\u00e1ry. A\u0165 u\u017e si vychutn\u00e1v\u00e1te ovocn\u00e9 p\u0159\u00edchut\u011b jako <strong>Peach Mango<\/strong> nebo chladiv\u00e9 pocity jako <strong>Sv\u011b\u017e\u00ed led<\/strong>, ka\u017ed\u00e9 pota\u017een\u00ed p\u0159in\u00e1\u0161\u00ed uspokojiv\u00fd z\u00e1\u017eitek.<\/p>\n<\/div>\n<\/div>\n<\/div>\n<\/div>\n<\/div>\n<\/div>\n<p>&nbsp;<\/p>\n<h3><\/h3>\n<h3>O p\u0159eprav\u011b<\/h3>\n<div class=\"flex-shrink-0 flex flex-col relative items-end\">\n<div>\n<div class=\"pt-0\">\n<div class=\"gizmo-bot-avatar flex h-8 w-8 items-center justify-center overflow-hidden rounded-full\">\n<div><\/div>\n<div class=\"relative p-1 rounded-sm flex items-center justify-center bg-token-main-surface-primary text-token-text-primary h-8 w-8\"><strong>1. Jak\u00e9 zp\u016fsoby dopravy se pou\u017e\u00edvaj\u00ed?<\/strong><\/div>\n<\/div>\n<\/div>\n<\/div>\n<\/div>\n<div class=\"group\/conversation-turn relative flex w-full min-w-0 flex-col agent-turn\">\n<div class=\"flex-col gap-1 md:gap-3\">\n<div class=\"flex max-w-full flex-col flex-grow\">\n<div class=\"min-h-[20px] text-message flex w-full flex-col items-end gap-2 whitespace-normal break-words [.text-message+&amp;]:mt-5 overflow-x-auto\" dir=\"auto\" data-message-author-role=\"assistant\" data-message-id=\"22f8283b-3233-46ff-89a5-c7a41b33abda\">\n<div class=\"flex w-full flex-col gap-1 empty:hidden first:pt-[3px]\">\n<div class=\"markdown prose w-full break-words dark:prose-invert light\">\n<p>Spolupracujeme s UPS, DHL, FedEx, DPD a dal\u0161\u00edmi p\u0159edn\u00edmi p\u0159epravci. Vybereme nejlep\u0161\u00ed zp\u016fsob dopravy na z\u00e1klad\u011b va\u0161\u00ed doru\u010dovac\u00ed lokality, abychom zajistili, \u017ee sv\u00e9 produkty obdr\u017e\u00edte co nejrychleji.<\/p>\n<\/div>\n<p><strong>2. Jak dlouho trv\u00e1 doru\u010den\u00ed?<\/strong><\/p>\n<p>Bal\u00ed\u010dky odeslan\u00e9 do \u010cesk\u00e9 republiky obvykle doraz\u00ed do 10 pracovn\u00edch dn\u016f. P\u0159eprava do evropsk\u00fdch zem\u00ed obecn\u011b trv\u00e1 asi 12-15 pracovn\u00edch dn\u016f. O stavu va\u0161\u00ed z\u00e1silky v\u00e1s budeme pr\u016fb\u011b\u017en\u011b informovat.<\/p>\n<\/div>\n<\/div>\n<\/div>\n<\/div>\n<\/div>\n<p>&nbsp;<\/p>\n<p>Dal\u0161\u00ed obl\u00edben\u00e9 jednor\u00e1zov\u00e9 e-cigarety, kter\u00e9 by se v\u00e1m mohly l\u00edbit:<\/p>\n<p><a href=\"https:\/\/rmvapesale.com\/cs\/product\/bang-25000-puffs-0-2-3-5-nicotine-led-display-vape-pod\/\"><strong>Bang 25000 pot\u00e1hnut\u00ed\u00a0 \u00a0<span style=\"color: #ff0000\">&gt;&gt;&gt;&gt; j\u00edt!<\/span><\/strong><\/a><\/p>\n<p><strong><a href=\"https:\/\/rmvapesale.com\/cs\/product\/uwin-crystal-10000-puff-disposable-vape-wholesale-price\/\">UWIN Crystal 10000 pot\u00e1hnut\u00ed <span style=\"color: #ff0000\">&gt;&gt;&gt;&gt; j\u00edt!<\/span><\/a>\u00a0<\/strong><\/p>\n<p><a href=\"https:\/\/rmvapesale.com\/cs\/product\/bang-box-30000-puff-smart-screen-disposable-vape-wholesale\/\"><strong>Bang Box 30000 Puffs Chytr\u00e1 obrazovka <span style=\"color: #ff0000\">&gt;&gt;&gt;&gt; j\u00edt!<\/span><\/strong><\/a><\/p>\n<p>&nbsp;<\/p>\n<p>&nbsp;<\/p>\n<p>Naj\u00edt v\u00edce produkt\u016f pro vaping, kter\u00e9 by se v\u00e1m mohly l\u00edbit:<strong><em><a href=\"https:\/\/rmvapesale.com\/cs\/shop-2\/\">nakupujte nyn\u00ed &gt;&gt;&gt;<\/a><\/em><\/strong><\/p>","protected":false},"excerpt":{"rendered":"<p>BANG BOX 18000 Puffs Jednor\u00e1zov\u00e1 e-cigareta Velkoobchod<br \/>\nBANG Vape 18000 Puffs Jednor\u00e1zov\u00e1 e-cigareta Hromadn\u00fd n\u00e1kup<br \/>\nBANG BOX 18k Puff Jednor\u00e1zov\u00e1 chytr\u00e1 e-cigareta s n\u00edzk\u00fdm obsahem nikotinu<\/p>\n<p><img loading=\"lazy\" decoding=\"async\" class=\"size-full wp-image-1978\" src=\"https:\/\/rmvapesale.com\/wp-content\/uploads\/2024\/09\/Disposable-Vape-Wholesale.jpg\" alt=\"Jednor\u00e1zov\u00e1 e-cigareta velkoobchod\" width=\"229\" height=\"300\" \/><\/p>\n<h3><a href=\"https:\/\/wa.me\/8617776015835\"><span style=\"color: #ff0000\"><strong>WhatsApp: +86 17776015835<\/strong><\/span><\/a><\/h3>\n<p>&nbsp;<\/p>","protected":false},"featured_media":2354,"comment_status":"open","ping_status":"closed","template":"","meta":{"_uag_custom_page_level_css":"","_lmt_disableupdate":"","_lmt_disable":"","site-sidebar-layout":"default","site-content-layout":"content-boxed-container","ast-site-content-layout":"normal-width-container","site-content-style":"boxed","site-sidebar-style":"unboxed","ast-global-header-display":"","ast-banner-title-visibility":"","ast-main-header-display":"","ast-hfb-above-header-display":"","ast-hfb-below-header-display":"","ast-hfb-mobile-header-display":"","site-post-title":"","ast-breadcrumbs-content":"","ast-featured-img":"","footer-sml-layout":"","theme-transparent-header-meta":"default","adv-header-id-meta":"","stick-header-meta":"","header-above-stick-meta":"","header-main-stick-meta":"","header-below-stick-meta":"","astra-migrate-meta-layouts":"set","ast-page-background-enabled":"default","ast-page-background-meta":{"desktop":{"background-color":"var(--ast-global-color-4)","background-image":"","background-repeat":"repeat","background-position":"center center","background-size":"auto","background-attachment":"scroll","background-type":"","background-media":"","overlay-type":"","overlay-color":"","overlay-opacity":"","overlay-gradient":""},"tablet":{"background-color":"","background-image":"","background-repeat":"repeat","background-position":"center center","background-size":"auto","background-attachment":"scroll","background-type":"","background-media":"","overlay-type":"","overlay-color":"","overlay-opacity":"","overlay-gradient":""},"mobile":{"background-color":"","background-image":"","background-repeat":"repeat","background-position":"center center","background-size":"auto","background-attachment":"scroll","background-type":"","background-media":"","overlay-type":"","overlay-color":"","overlay-opacity":"","overlay-gradient":""}},"ast-content-background-meta":{"desktop":{"background-color":"var(--ast-global-color-5)","background-image":"","background-repeat":"repeat","background-position":"center center","background-size":"auto","background-attachment":"scroll","background-type":"","background-media":"","overlay-type":"","overlay-color":"","overlay-opacity":"","overlay-gradient":""},"tablet":{"background-color":"var(--ast-global-color-5)","background-image":"","background-repeat":"repeat","background-position":"center center","background-size":"auto","background-attachment":"scroll","background-type":"","background-media":"","overlay-type":"","overlay-color":"","overlay-opacity":"","overlay-gradient":""},"mobile":{"background-color":"var(--ast-global-color-5)","background-image":"","background-repeat":"repeat","background-position":"center center","background-size":"auto","background-attachment":"scroll","background-type":"","background-media":"","overlay-type":"","overlay-color":"","overlay-opacity":"","overlay-gradient":""}},"_joinchat":[]},"product_brand":[],"product_cat":[15,25,123,26,28,135,27,60,30],"product_tag":[63,66,125,126,101,105,120],"class_list":{"0":"post-2351","1":"product","2":"type-product","3":"status-publish","4":"has-post-thumbnail","6":"product_cat-new-vape-this-week","7":"product_cat-germany-best-selling-vape","8":"product_cat-italy-wholesale-vape","9":"product_cat-netherlands-hot-sale-vape","10":"product_cat-poland-hot-sale-vape","11":"product_cat-spain-best-hot-sale-vape","12":"product_cat-fance-hot-sale-vape","13":"product_cat-bang-vapes","14":"product_cat-minimum-order-quantity-50pcs","15":"product_tag-bang-vapes","16":"product_tag-disposable-vape","17":"product_tag-disposable-vape-italy","18":"product_tag-e-cigarettes","19":"product_tag-led-display-vape","20":"product_tag-nicotine-free-disposable-vape","21":"product_tag-vape-wholesale","22":"desktop-align-left","23":"tablet-align-left","24":"mobile-align-left","26":"first","27":"instock","28":"sale","29":"shipping-taxable","30":"purchasable","31":"product-type-simple"},"uagb_featured_image_src":{"full":["https:\/\/rmvapesale.com\/wp-content\/uploads\/2024\/10\/Bang-Box-18000-Puffs-LED-Display-Disposable-Vape-Wholesale.jpg",800,800,false],"thumbnail":["https:\/\/rmvapesale.com\/wp-content\/uploads\/2024\/10\/Bang-Box-18000-Puffs-LED-Display-Disposable-Vape-Wholesale-150x150.jpg",150,150,true],"medium":["https:\/\/rmvapesale.com\/wp-content\/uploads\/2024\/10\/Bang-Box-18000-Puffs-LED-Display-Disposable-Vape-Wholesale-300x300.jpg",300,300,true],"medium_large":["https:\/\/rmvapesale.com\/wp-content\/uploads\/2024\/10\/Bang-Box-18000-Puffs-LED-Display-Disposable-Vape-Wholesale-768x768.jpg",768,768,true],"large":["https:\/\/rmvapesale.com\/wp-content\/uploads\/2024\/10\/Bang-Box-18000-Puffs-LED-Display-Disposable-Vape-Wholesale.jpg",800,800,false],"1536x1536":["https:\/\/rmvapesale.com\/wp-content\/uploads\/2024\/10\/Bang-Box-18000-Puffs-LED-Display-Disposable-Vape-Wholesale.jpg",800,800,false],"2048x2048":["https:\/\/rmvapesale.com\/wp-content\/uploads\/2024\/10\/Bang-Box-18000-Puffs-LED-Display-Disposable-Vape-Wholesale.jpg",800,800,false],"trp-custom-language-flag":["https:\/\/rmvapesale.com\/wp-content\/uploads\/2024\/10\/Bang-Box-18000-Puffs-LED-Display-Disposable-Vape-Wholesale.jpg",12,12,false],"woocommerce_thumbnail":["https:\/\/rmvapesale.com\/wp-content\/uploads\/2024\/10\/Bang-Box-18000-Puffs-LED-Display-Disposable-Vape-Wholesale-300x300.jpg",300,300,true],"woocommerce_single":["https:\/\/rmvapesale.com\/wp-content\/uploads\/2024\/10\/Bang-Box-18000-Puffs-LED-Display-Disposable-Vape-Wholesale-600x600.jpg",600,600,true],"woocommerce_gallery_thumbnail":["https:\/\/rmvapesale.com\/wp-content\/uploads\/2024\/10\/Bang-Box-18000-Puffs-LED-Display-Disposable-Vape-Wholesale-100x100.jpg",100,100,true],"wcpr-photo-reviews":["https:\/\/rmvapesale.com\/wp-content\/uploads\/2024\/10\/Bang-Box-18000-Puffs-LED-Display-Disposable-Vape-Wholesale.jpg",500,500,false]},"uagb_author_info":{"display_name":"AMY","author_link":"https:\/\/rmvapesale.com\/cs\/author\/"},"uagb_comment_info":0,"uagb_excerpt":"BANG BOX 18000 Puffs Disposable Vape Wholesale BANG Vape 18000 Puffs Disposable Vape Vape Bar Bulk Buy BANG BOX 18k Puff Low Nicotine Smart Disposable Vape WhatsApp: +86 17776015835 &nbsp;","_links":{"self":[{"href":"https:\/\/rmvapesale.com\/cs\/wp-json\/wp\/v2\/product\/2351","targetHints":{"allow":["GET"]}}],"collection":[{"href":"https:\/\/rmvapesale.com\/cs\/wp-json\/wp\/v2\/product"}],"about":[{"href":"https:\/\/rmvapesale.com\/cs\/wp-json\/wp\/v2\/types\/product"}],"replies":[{"embeddable":true,"href":"https:\/\/rmvapesale.com\/cs\/wp-json\/wp\/v2\/comments?post=2351"}],"wp:featuredmedia":[{"embeddable":true,"href":"https:\/\/rmvapesale.com\/cs\/wp-json\/wp\/v2\/media\/2354"}],"wp:attachment":[{"href":"https:\/\/rmvapesale.com\/cs\/wp-json\/wp\/v2\/media?parent=2351"}],"wp:term":[{"taxonomy":"product_brand","embeddable":true,"href":"https:\/\/rmvapesale.com\/cs\/wp-json\/wp\/v2\/product_brand?post=2351"},{"taxonomy":"product_cat","embeddable":true,"href":"https:\/\/rmvapesale.com\/cs\/wp-json\/wp\/v2\/product_cat?post=2351"},{"taxonomy":"product_tag","embeddable":true,"href":"https:\/\/rmvapesale.com\/cs\/wp-json\/wp\/v2\/product_tag?post=2351"}],"curies":[{"name":"wp","href":"https:\/\/api.w.org\/{rel}","templated":true}]}}