{"id":2372,"date":"2024-10-12T09:01:19","date_gmt":"2024-10-12T09:01:19","guid":{"rendered":"https:\/\/rmvapesale.com\/?post_type=product&#038;p=2372"},"modified":"2024-10-12T09:20:35","modified_gmt":"2024-10-12T09:20:35","slug":"fihp-digital-box-12000-puffs-hot-sale-vape-bulk-buy","status":"publish","type":"product","link":"https:\/\/rmvapesale.com\/cs\/product\/fihp-digital-box-12000-puffs-hot-sale-vape-bulk-buy\/","title":{"rendered":"FIHP Digit\u00e1ln\u00ed Box 12000 Vdech\u016f Hork\u00fd Prodej Vape Velkoobchodn\u00ed N\u00e1kup"},"content":{"rendered":"<div class=\"B2VR9 CJHX3e\">\n<div class=\"wyccme\">\n<h1 class=\"LC20lb MBeuO DKV0Md\">FIHP Digit\u00e1ln\u00ed Box 12000 Vdech\u016f Hork\u00fd Prodej Vape Velkoobchodn\u00ed N\u00e1kup<\/h1>\n<div class=\"flex-shrink-0 flex flex-col relative items-end\">\n<div class=\"pt-0\">\n<div class=\"gizmo-bot-avatar flex h-8 w-8 items-center justify-center overflow-hidden rounded-full\">\n<div class=\"relative p-1 rounded-sm flex items-center justify-center bg-token-main-surface-primary text-token-text-primary h-8 w-8\">\n<p>FIHP Digit\u00e1ln\u00ed Krabice 12000 Puffs je dobr\u00e1 volba pro ty, kte\u0159\u00ed hledaj\u00ed pr\u00e9miov\u00fd, dlouhotrvaj\u00edc\u00ed Jednor\u00e1zov\u00fd vaporiz\u00e9r, nyn\u00ed dostupn\u00fd pro velkoobchodn\u00ed n\u00e1kup! S elegantn\u00edm designem a pokro\u010dil\u00fdmi funkcemi je tento perkusn\u00ed pero navr\u017eeno pro v\u00fdkon i pohodl\u00ed.<\/p>\n<p>S impozantn\u00ed kapacitou 12 000 pot\u00e1hnut\u00ed zaji\u0161\u0165uje FIHP Digit\u00e1ln\u00ed Krabice nep\u0159etr\u017eit\u00e9, uspokojiv\u00e9 vapov\u00e1n\u00ed bez \u010dast\u00e9 v\u00fdm\u011bny. Tento za\u0159\u00edzen\u00ed Vape Bar je p\u0159ednapln\u011bno 20 ml e-liquidu, dostupn\u00e9ho v n\u00edzk\u00fdch nikotinov\u00fdch koncentrac\u00edch 2% a 5%, co\u017e v\u00e1m umo\u017e\u0148uje p\u0159izp\u016fsobit si vapov\u00e1n\u00ed podle sv\u00fdch preferenc\u00ed, a\u0165 u\u017e preferujete m\u00edrn\u011bj\u0161\u00ed nebo intenzivn\u011bj\u0161\u00ed nikotinov\u00fd z\u00e1\u017eitek.<\/p>\n<p>Dob\u00edjec\u00ed baterie 650mAh poskytuje spolehliv\u00fd a konzistentn\u00ed v\u00fdkon po celou dobu ka\u017ed\u00e9 seance, zat\u00edmco Mesh C\u00edvka o odporu 1.0\u03a9 a nastaviteln\u00fd airflow zaji\u0161\u0165uj\u00ed hladk\u00fd, chutn\u00fd vaporizaci, kterou si m\u016f\u017eete snadno p\u0159izp\u016fsobit. Nav\u00edc port Type-C umo\u017e\u0148uje rychl\u00e9 a pohodln\u00e9 dob\u00edjen\u00ed, tak\u017ee nikdy nez\u016fstanete bez n\u00e1pln\u011b.<\/p>\n<p>Ide\u00e1ln\u00ed pro ty, kte\u0159\u00ed cht\u011bj\u00ed z\u00e1sobit nebo z\u00e1sobit sv\u016fj podnik, velkoobchodn\u00ed balen\u00ed FIHP Digit\u00e1ln\u00ed Krabice 12000 Puffs nab\u00edz\u00ed vynikaj\u00edc\u00ed hodnotu a z\u00e1rove\u0148 poskytuje \u0161pi\u010dkov\u00fd z\u00e1\u017eitek z vapov\u00e1n\u00ed.<\/p>\n<p>&nbsp;<\/p>\n<\/div>\n<\/div>\n<\/div>\n<\/div>\n<\/div>\n<\/div>\n<p><strong>Kontaktujte Amy a z\u00edskejte spr\u00e1vnou odpov\u011b\u010f a dal\u0161\u00ed produktov\u00e1 videa!<\/strong><\/p>\n<p><img loading=\"lazy\" decoding=\"async\" class=\"size-full wp-image-1978\" src=\"https:\/\/rmvapesale.com\/wp-content\/uploads\/2024\/09\/Disposable-Vape-Wholesale.jpg\" alt=\"Jednor\u00e1zov\u00e1 e-cigareta velkoobchod\" width=\"229\" height=\"300\" \/><\/p>\n<h3><a href=\"https:\/\/wa.me\/8617776015835\" target=\"_blank\" rel=\"noopener\"><span style=\"color: #ff0000\"><strong>WhatsApp: +86 17776015835<\/strong><\/span><\/a><\/h3>\n<p>&nbsp;<\/p>\n<h2><\/h2>\n<h2><strong>FIHP Digit\u00e1ln\u00ed Krabice 12000 Puffs Jednor\u00e1zov\u00fd vaporiz\u00e9r Kl\u00ed\u010dov\u00e9 vlastnosti<\/strong><\/h2>\n<p>&nbsp;<\/p>\n<ul>\n<li><strong>Vysok\u00fd po\u010det potah\u016f<\/strong>: U\u017eijte si a\u017e <strong>12 000 pot\u00e1hnut\u00ed<\/strong> pro dlouhotrvaj\u00edc\u00ed a nep\u0159etr\u017eit\u00e9 pot\u00e1hnut\u00ed.<\/li>\n<li><strong>Velkorys\u00e1 kapacita e-liquidu<\/strong>: S <strong>22ml z\u00e1sobn\u00edkem e-liquidu<\/strong>, toto za\u0159\u00edzen\u00ed umo\u017e\u0148uje del\u0161\u00ed pou\u017e\u00edv\u00e1n\u00ed s m\u00e9n\u011b dopl\u0148ky.<\/li>\n<li><strong>Spolehliv\u00e1 baterie<\/strong>: Nap\u00e1jeno <strong>650mAh dob\u00edjec\u00ed baterie<\/strong>, zaji\u0161\u0165uj\u00edc\u00ed konzistentn\u00ed a spolehliv\u00fd v\u00fdkon.<\/li>\n<li><strong>Nikot\u00ednov\u00e1 s\u00edla<\/strong>: Nab\u00edz\u00ed <strong>0.6% nikotin (6mg)<\/strong>, poskytuj\u00edc\u00ed uspokojiv\u00fd a jemn\u00fd z\u00e1\u017eitek z vapov\u00e1n\u00ed.<\/li>\n<li><strong>Technologie s\u00ed\u0165ov\u00e9 c\u00edvky<\/strong>: Vybaveno s <strong>0,6\u03a9 s\u00ed\u0165ovou c\u00edvkou<\/strong> pro zv\u00fd\u0161enou chu\u0165 a produkci p\u00e1ry.<\/li>\n<li><strong>LED displej<\/strong>: Z\u016fsta\u0148te informov\u00e1ni s <strong>LED displej<\/strong> kter\u00fd poskytuje aktu\u00e1ln\u00ed informace o stavu baterie a pou\u017e\u00edv\u00e1n\u00ed.<\/li>\n<\/ul>\n<h2><\/h2>\n<h2><strong>Nejlep\u0161\u00ed chu\u0165 pro FIHP Digital Box 12000 Puffs Vape Bar<\/strong><\/h2>\n<p>S 10 lahodn\u00fdmi p\u0159\u00edchut\u011bmi, jako jsou Jahodov\u00fd Kiwi, Bor\u016fvka Ryb\u00edz a Broskev Mango, nab\u00edz\u00ed FIHP Digital Box chu\u0165 pro ka\u017ed\u00fd vkus, co\u017e zaji\u0161\u0165uje, \u017ee budete m\u00edt v\u017edy p\u0159\u00edjemn\u00fd z\u00e1\u017eitek z vapov\u00e1n\u00ed.<\/p>\n<p>01. Hust\u00e1 ledov\u00e1<span style=\"color: #ff0000\"><strong>&gt;&gt;&gt;&gt; Hork\u00e9!<\/strong><\/span><br \/>\n02. Hroznov\u00e1 ledov\u00e1<br \/>\n03. T\u0159e\u0161e\u0148<br \/>\n04. Bor\u016fvka Ryb\u00edz<span style=\"color: #ff0000\"><strong>&gt;&gt;&gt;&gt; Hork\u00e9!<\/strong><\/span><br \/>\n05. Jahodov\u00fd Kiwi<br \/>\n06. M\u00edchan\u00e9 bobule<span style=\"color: #ff0000\"><strong>&gt;&gt;&gt;&gt; Nejlep\u0161\u00ed!<\/strong><\/span><br \/>\n07. Jahoda Meloun<br \/>\n08. Melounov\u00e1 \u017ev\u00fdka\u010dka<br \/>\n09. Broskev Mango Ananas<br \/>\n10. Kiwi Passion Fruit Guava<\/p>\n<figure id=\"attachment_2366\" aria-describedby=\"caption-attachment-2366\" style=\"width: 808px\" class=\"wp-caption alignnone\"><img loading=\"lazy\" decoding=\"async\" class=\"wp-image-2366 size-full\" src=\"https:\/\/rmvapesale.com\/wp-content\/uploads\/2024\/10\/FIHP-Digital-12000-Puffs-Flavor.jpg\" alt=\"FIHP Digital 12000 Puffs P\u0159\u00edchut\u011b\" width=\"808\" height=\"808\" srcset=\"https:\/\/rmvapesale.com\/wp-content\/uploads\/2024\/10\/FIHP-Digital-12000-Puffs-Flavor.jpg 808w, https:\/\/rmvapesale.com\/wp-content\/uploads\/2024\/10\/FIHP-Digital-12000-Puffs-Flavor-300x300.jpg 300w, https:\/\/rmvapesale.com\/wp-content\/uploads\/2024\/10\/FIHP-Digital-12000-Puffs-Flavor-150x150.jpg 150w, https:\/\/rmvapesale.com\/wp-content\/uploads\/2024\/10\/FIHP-Digital-12000-Puffs-Flavor-768x768.jpg 768w, https:\/\/rmvapesale.com\/wp-content\/uploads\/2024\/10\/FIHP-Digital-12000-Puffs-Flavor-600x600.jpg 600w, https:\/\/rmvapesale.com\/wp-content\/uploads\/2024\/10\/FIHP-Digital-12000-Puffs-Flavor-100x100.jpg 100w\" sizes=\"auto, (max-width: 808px) 100vw, 808px\" \/><figcaption id=\"caption-attachment-2366\" class=\"wp-caption-text\">FIHP Digital 12000 Puffs P\u0159\u00edchut\u011b<\/figcaption><\/figure>\n<h3><\/h3>\n<h3><strong>Pro\u010d si vybrat Rmvapesale pro FIHP Digital Box 12000 Puffs Hork\u00fd prodej Vape<\/strong><strong>?<\/strong><\/h3>\n<div class=\"flex-shrink-0 flex flex-col relative items-end\">\n<div>\n<div class=\"pt-0\">\n<div class=\"gizmo-bot-avatar flex h-8 w-8 items-center justify-center overflow-hidden rounded-full\">\n<div class=\"relative p-1 rounded-sm flex items-center justify-center bg-token-main-surface-primary text-token-text-primary h-8 w-8\">\n<p>&nbsp;<\/p>\n<p>Kdy\u017e si vyberete Rmvapesale pro sv\u00e9 velkoobchodn\u00ed pot\u0159eby jednor\u00e1zov\u00fdch vap\u016f, z\u00edsk\u00e1te:<\/p>\n<ul>\n<li><strong>Konkuren\u010dn\u00ed cena<\/strong>: Z\u00edskejte p\u0159\u00edstup k atraktivn\u00edm velkoobchodn\u00edm cen\u00e1m, kter\u00e9 zv\u00fd\u0161\u00ed mar\u017ee va\u0161eho podnik\u00e1n\u00ed.<\/li>\n<li><strong>Vysok\u00e1 kvalita<\/strong>: Na\u0161e vapy jsou vyr\u00e1b\u011bny podle nejvy\u0161\u0161\u00edch standard\u016f a <span style=\"color: #ff0000\"><strong>zaru\u010den\u011b 100% origin\u00e1ln\u00ed a autentick\u00e9, nebo 10n\u00e1sobn\u00e1 kompenzace za pad\u011blky!<\/strong><\/span><\/li>\n<li><strong>Vynikaj\u00edc\u00ed z\u00e1kaznick\u00fd servis<\/strong>: N\u00e1\u0161 specializovan\u00fd t\u00fdm je v\u00e1m v\u017edy p\u0159ipraven pomoci a u\u010dinit tak v\u00e1\u0161 n\u00e1kupn\u00ed proces plynul\u00fdm a bezprobl\u00e9mov\u00fdm.<\/li>\n<li><strong>Rychl\u00e9 doru\u010den\u00ed<\/strong>: M\u016f\u017eete o\u010dek\u00e1vat rychlou a spolehlivou p\u0159epravu, kter\u00e1 zajist\u00ed, \u017ee va\u0161e objedn\u00e1vky doraz\u00ed v\u010das, poka\u017ed\u00e9.<\/li>\n<\/ul>\n<h3><\/h3>\n<h3><b>\u010casto kladen\u00e9 ot\u00e1zky<\/b><\/h3>\n<p>&nbsp;<\/p>\n<\/div>\n<\/div>\n<\/div>\n<\/div>\n<\/div>\n<div class=\"group\/conversation-turn relative flex w-full min-w-0 flex-col agent-turn\">\n<div class=\"flex-col gap-1 md:gap-3\">\n<div class=\"flex max-w-full flex-col flex-grow\">\n<div class=\"min-h-8 text-message flex w-full flex-col items-end gap-2 whitespace-normal break-words [.text-message+&amp;]:mt-5\" dir=\"auto\" data-message-author-role=\"assistant\" data-message-id=\"f226d3fc-81f3-46d5-8c46-31787fff0357\">\n<div class=\"flex w-full flex-col gap-1 empty:hidden first:pt-[3px]\">\n<div class=\"markdown prose w-full break-words dark:prose-invert light\">\n<p>1. Jak dlouho vydr\u017e\u00ed jednor\u00e1zov\u00fd vape FIHP 12000 Puffs?<br \/>\nJednor\u00e1zov\u00fd vape FIHP 12000 Puffs poskytuje a\u017e 12 000 pot\u00e1hnut\u00ed, co\u017e zaji\u0161\u0165uje dlouhotrvaj\u00edc\u00ed z\u00e1\u017eitek z vapov\u00e1n\u00ed bez nutnosti \u010dast\u00e9 v\u00fdm\u011bny.<\/p>\n<p>2. Jak\u00e9 p\u0159\u00edchut\u011b jsou k dispozici pro FIHP 12000 Puffs Vape?<br \/>\nTento jednor\u00e1zov\u00fd vape je k dispozici v r\u016fzn\u00fdch 10 lahodn\u00fdch p\u0159\u00edchut\u00edch, v\u010detn\u011b obl\u00edben\u00fdch mo\u017enost\u00ed jako Lush Ice, Grape Ice, Cherry, Blueberry Raspberry a dal\u0161\u00edch. Pro ka\u017ed\u00e9ho je tu p\u0159\u00edchu\u0165!<\/p>\n<p>3. Jak\u00e9 jsou dostupn\u00e9 s\u00edly nikotinu?<br \/>\nJednor\u00e1zov\u00fd vape FIHP 12000 Puffs nab\u00edz\u00ed s\u00edly nikotinu 2% a 5%, co\u017e vyhovuje u\u017eivatel\u016fm, kte\u0159\u00ed preferuj\u00ed st\u0159edn\u00ed nebo siln\u011bj\u0161\u00ed \u00farovn\u011b nikotinu.<\/p>\n<p>4. Jak\u00e1 je kvalita pary u jednor\u00e1zov\u00e9ho vape FIHP 12000 Puffs?<br \/>\nVybaven\u00fd mesh c\u00edvkou o odporu 1.0ohm, tento jednor\u00e1zov\u00fd vape zvy\u0161uje produkci pary a p\u0159enos chuti, poskytuje hladk\u00fd a uspokojiv\u00fd z\u00e1\u017eitek z vapov\u00e1n\u00ed.<\/p>\n<p>5. Jak dob\u00edt FIHP 12000 Puffs Vape?<br \/>\nFIHP 12000 je vybaven 650mAh dob\u00edjec\u00ed bateri\u00ed a USB nab\u00edjec\u00edm portem typu C pro rychl\u00e9 a pohodln\u00e9 dobit\u00ed, co\u017e zaji\u0161\u0165uje, \u017ee v\u00e1\u0161 vaporiz\u00e9r je v\u017edy p\u0159ipraven k pou\u017eit\u00ed.<\/p>\n<p>6. Kolik e-liquidu pojme FIHP 12000?<br \/>\nTento jednor\u00e1zov\u00fd vaporiz\u00e9r je p\u0159ednapln\u011bn velkorys\u00fdmi 20 ml e-liquidu, co\u017e poskytuje dlouhotrvaj\u00edc\u00ed pot\u011b\u0161en\u00ed bez \u010dast\u00e9ho dopl\u0148ov\u00e1n\u00ed.<\/p>\n<p>7. M\u00e1 FIHP 12000 Puffs Jednor\u00e1zov\u00fd vaporiz\u00e9r n\u011bjak\u00e9 indik\u00e1tory?<br \/>\nAno, m\u00e1 LED displej, kter\u00fd zobrazuje data v re\u00e1ln\u00e9m \u010dase, v\u010detn\u011b stavu baterie a po\u010dtu pota\u017een\u00ed, tak\u017ee snadno sledujete stav va\u0161eho za\u0159\u00edzen\u00ed.<\/p>\n<\/div>\n<\/div>\n<\/div>\n<\/div>\n<\/div>\n<\/div>\n<p>&nbsp;<\/p>\n<h3><\/h3>\n<h3>O p\u0159eprav\u011b<\/h3>\n<div class=\"flex-shrink-0 flex flex-col relative items-end\">\n<div>\n<div class=\"pt-0\">\n<div class=\"gizmo-bot-avatar flex h-8 w-8 items-center justify-center overflow-hidden rounded-full\">\n<div><\/div>\n<div class=\"relative p-1 rounded-sm flex items-center justify-center bg-token-main-surface-primary text-token-text-primary h-8 w-8\"><strong>1. Jak\u00e9 zp\u016fsoby dopravy se pou\u017e\u00edvaj\u00ed?<\/strong><\/div>\n<\/div>\n<\/div>\n<\/div>\n<\/div>\n<div class=\"group\/conversation-turn relative flex w-full min-w-0 flex-col agent-turn\">\n<div class=\"flex-col gap-1 md:gap-3\">\n<div class=\"flex max-w-full flex-col flex-grow\">\n<div class=\"min-h-[20px] text-message flex w-full flex-col items-end gap-2 whitespace-normal break-words [.text-message+&amp;]:mt-5 overflow-x-auto\" dir=\"auto\" data-message-author-role=\"assistant\" data-message-id=\"22f8283b-3233-46ff-89a5-c7a41b33abda\">\n<div class=\"flex w-full flex-col gap-1 empty:hidden first:pt-[3px]\">\n<div class=\"markdown prose w-full break-words dark:prose-invert light\">\n<p>Spolupracujeme s UPS, DHL, FedEx, DPD a dal\u0161\u00edmi p\u0159edn\u00edmi p\u0159epravci. Vybereme nejlep\u0161\u00ed zp\u016fsob dopravy na z\u00e1klad\u011b va\u0161\u00ed doru\u010dovac\u00ed lokality, abychom zajistili, \u017ee sv\u00e9 produkty obdr\u017e\u00edte co nejrychleji.<\/p>\n<\/div>\n<p><strong>2. Jak dlouho trv\u00e1 doru\u010den\u00ed?<\/strong><\/p>\n<p>Bal\u00ed\u010dky odeslan\u00e9 do \u010cesk\u00e9 republiky obvykle doraz\u00ed do 10 pracovn\u00edch dn\u016f. P\u0159eprava do evropsk\u00fdch zem\u00ed obecn\u011b trv\u00e1 asi 12-15 pracovn\u00edch dn\u016f. O stavu va\u0161\u00ed z\u00e1silky v\u00e1s budeme pr\u016fb\u011b\u017en\u011b informovat.<\/p>\n<\/div>\n<\/div>\n<\/div>\n<\/div>\n<\/div>\n<p>&nbsp;<\/p>\n<p>Dal\u0161\u00ed obl\u00edben\u00e9 jednor\u00e1zov\u00e9 e-cigarety, kter\u00e9 by se v\u00e1m mohly l\u00edbit:<\/p>\n<p><a href=\"https:\/\/rmvapesale.com\/cs\/product\/bang-beach-20000-puffs-vape-smart-screen-disposable-e-cig\/\"><strong>bang beach 20000 Pufk\u016f\u00a0 \u00a0<span style=\"color: #ff0000\">&gt;&gt;&gt;&gt; j\u00edt!<\/span><\/strong><\/a><\/p>\n<p><strong><a href=\"https:\/\/rmvapesale.com\/cs\/product\/uwin-crystal-10000-puff-disposable-vape-wholesale-price\/\">UWIN Crystal 10000 pot\u00e1hnut\u00ed <span style=\"color: #ff0000\">&gt;&gt;&gt;&gt; j\u00edt!<\/span><\/a>\u00a0<\/strong><\/p>\n<p><a href=\"https:\/\/rmvapesale.com\/cs\/product\/uzy-crystal-pro-max-10k-puffs-disposable-vape-pen-wholesale\/\"><strong>UZY Crystal Pro Max 10000 Pufk\u016f <span style=\"color: #ff0000\">&gt;&gt;&gt;&gt; j\u00edt!<\/span><\/strong><\/a><\/p>\n<p>&nbsp;<\/p>\n<p>&nbsp;<\/p>\n<p>Naj\u00edt v\u00edce produkt\u016f pro vaping, kter\u00e9 by se v\u00e1m mohly l\u00edbit:<strong><em><a href=\"https:\/\/rmvapesale.com\/cs\/shop-2\/\">nakupujte nyn\u00ed &gt;&gt;&gt;<\/a><\/em><\/strong><\/p>","protected":false},"excerpt":{"rendered":"<p>Origin\u00e1ln\u00ed FIHP Digit\u00e1ln\u00ed Krabice 12K Puffs Jednor\u00e1zov\u00fd vaporiz\u00e9r<br \/>\nDigit\u00e1ln\u00ed Krabice 12000 Puffs FIHP Jednor\u00e1zov\u00fd vaporiz\u00e9r 2% 5%<br \/>\nFIHP Digit\u00e1ln\u00ed 12000 Puffs Fumot Velkoobchodn\u00ed Cena N\u00edzk\u00e1 Nikotin<\/p>\n<p><img loading=\"lazy\" decoding=\"async\" class=\"size-full wp-image-1978\" src=\"https:\/\/rmvapesale.com\/wp-content\/uploads\/2024\/09\/Disposable-Vape-Wholesale.jpg\" alt=\"Jednor\u00e1zov\u00e1 e-cigareta velkoobchod\" width=\"229\" height=\"300\" \/><\/p>\n<h3><a href=\"https:\/\/wa.me\/8617776015835\"><span style=\"color: #ff0000\"><strong>WhatsApp: +86 17776015835<\/strong><\/span><\/a><\/h3>\n<p>&nbsp;<\/p>","protected":false},"featured_media":2369,"comment_status":"open","ping_status":"closed","template":"","meta":{"_uag_custom_page_level_css":"","_lmt_disableupdate":"","_lmt_disable":"","site-sidebar-layout":"default","site-content-layout":"content-boxed-container","ast-site-content-layout":"normal-width-container","site-content-style":"boxed","site-sidebar-style":"unboxed","ast-global-header-display":"","ast-banner-title-visibility":"","ast-main-header-display":"","ast-hfb-above-header-display":"","ast-hfb-below-header-display":"","ast-hfb-mobile-header-display":"","site-post-title":"","ast-breadcrumbs-content":"","ast-featured-img":"","footer-sml-layout":"","theme-transparent-header-meta":"default","adv-header-id-meta":"","stick-header-meta":"","header-above-stick-meta":"","header-main-stick-meta":"","header-below-stick-meta":"","astra-migrate-meta-layouts":"set","ast-page-background-enabled":"default","ast-page-background-meta":{"desktop":{"background-color":"var(--ast-global-color-4)","background-image":"","background-repeat":"repeat","background-position":"center center","background-size":"auto","background-attachment":"scroll","background-type":"","background-media":"","overlay-type":"","overlay-color":"","overlay-opacity":"","overlay-gradient":""},"tablet":{"background-color":"","background-image":"","background-repeat":"repeat","background-position":"center center","background-size":"auto","background-attachment":"scroll","background-type":"","background-media":"","overlay-type":"","overlay-color":"","overlay-opacity":"","overlay-gradient":""},"mobile":{"background-color":"","background-image":"","background-repeat":"repeat","background-position":"center center","background-size":"auto","background-attachment":"scroll","background-type":"","background-media":"","overlay-type":"","overlay-color":"","overlay-opacity":"","overlay-gradient":""}},"ast-content-background-meta":{"desktop":{"background-color":"var(--ast-global-color-5)","background-image":"","background-repeat":"repeat","background-position":"center center","background-size":"auto","background-attachment":"scroll","background-type":"","background-media":"","overlay-type":"","overlay-color":"","overlay-opacity":"","overlay-gradient":""},"tablet":{"background-color":"var(--ast-global-color-5)","background-image":"","background-repeat":"repeat","background-position":"center center","background-size":"auto","background-attachment":"scroll","background-type":"","background-media":"","overlay-type":"","overlay-color":"","overlay-opacity":"","overlay-gradient":""},"mobile":{"background-color":"var(--ast-global-color-5)","background-image":"","background-repeat":"repeat","background-position":"center center","background-size":"auto","background-attachment":"scroll","background-type":"","background-media":"","overlay-type":"","overlay-color":"","overlay-opacity":"","overlay-gradient":""}},"_joinchat":[]},"product_brand":[],"product_cat":[15,25,123,26,28,135,27,60,138,137,136,30],"product_tag":[66,139,126,40,111,105,120],"class_list":{"0":"post-2372","1":"product","2":"type-product","3":"status-publish","4":"has-post-thumbnail","6":"product_cat-new-vape-this-week","7":"product_cat-germany-best-selling-vape","8":"product_cat-italy-wholesale-vape","9":"product_cat-netherlands-hot-sale-vape","10":"product_cat-poland-hot-sale-vape","11":"product_cat-spain-best-hot-sale-vape","12":"product_cat-fance-hot-sale-vape","13":"product_cat-bang-vapes","14":"product_cat-fihp-disposable-vapes","15":"product_cat-rechargeable-vapes","16":"product_cat-smart-screen-vapes","17":"product_cat-minimum-order-quantity-50pcs","18":"product_tag-disposable-vape","19":"product_tag-disposable-vape-pen","20":"product_tag-e-cigarettes","21":"product_tag-hot-sale-vape","22":"product_tag-low-nicotine-disposable-vape","23":"product_tag-nicotine-free-disposable-vape","24":"product_tag-vape-wholesale","25":"desktop-align-left","26":"tablet-align-left","27":"mobile-align-left","29":"first","30":"instock","31":"sale","32":"shipping-taxable","33":"purchasable","34":"product-type-simple"},"uagb_featured_image_src":{"full":["https:\/\/rmvapesale.com\/wp-content\/uploads\/2024\/10\/FIHP-Digital-12000-Puffs-Wholesale-Price.jpg",808,808,false],"thumbnail":["https:\/\/rmvapesale.com\/wp-content\/uploads\/2024\/10\/FIHP-Digital-12000-Puffs-Wholesale-Price-150x150.jpg",150,150,true],"medium":["https:\/\/rmvapesale.com\/wp-content\/uploads\/2024\/10\/FIHP-Digital-12000-Puffs-Wholesale-Price-300x300.jpg",300,300,true],"medium_large":["https:\/\/rmvapesale.com\/wp-content\/uploads\/2024\/10\/FIHP-Digital-12000-Puffs-Wholesale-Price-768x768.jpg",768,768,true],"large":["https:\/\/rmvapesale.com\/wp-content\/uploads\/2024\/10\/FIHP-Digital-12000-Puffs-Wholesale-Price.jpg",808,808,false],"1536x1536":["https:\/\/rmvapesale.com\/wp-content\/uploads\/2024\/10\/FIHP-Digital-12000-Puffs-Wholesale-Price.jpg",808,808,false],"2048x2048":["https:\/\/rmvapesale.com\/wp-content\/uploads\/2024\/10\/FIHP-Digital-12000-Puffs-Wholesale-Price.jpg",808,808,false],"trp-custom-language-flag":["https:\/\/rmvapesale.com\/wp-content\/uploads\/2024\/10\/FIHP-Digital-12000-Puffs-Wholesale-Price.jpg",12,12,false],"woocommerce_thumbnail":["https:\/\/rmvapesale.com\/wp-content\/uploads\/2024\/10\/FIHP-Digital-12000-Puffs-Wholesale-Price-300x300.jpg",300,300,true],"woocommerce_single":["https:\/\/rmvapesale.com\/wp-content\/uploads\/2024\/10\/FIHP-Digital-12000-Puffs-Wholesale-Price-600x600.jpg",600,600,true],"woocommerce_gallery_thumbnail":["https:\/\/rmvapesale.com\/wp-content\/uploads\/2024\/10\/FIHP-Digital-12000-Puffs-Wholesale-Price-100x100.jpg",100,100,true],"wcpr-photo-reviews":["https:\/\/rmvapesale.com\/wp-content\/uploads\/2024\/10\/FIHP-Digital-12000-Puffs-Wholesale-Price.jpg",500,500,false]},"uagb_author_info":{"display_name":"AMY","author_link":"https:\/\/rmvapesale.com\/cs\/author\/"},"uagb_comment_info":0,"uagb_excerpt":"Original FIHP Digital Box 12K Puffs Disposable vape Digital Box 12000 Puffs FIHP Disposable Vape 2% 5% FIHP Digital 12000 Puffs Fumot Wholesale Price Low Nicotine WhatsApp: +86 17776015835 &nbsp;","_links":{"self":[{"href":"https:\/\/rmvapesale.com\/cs\/wp-json\/wp\/v2\/product\/2372","targetHints":{"allow":["GET"]}}],"collection":[{"href":"https:\/\/rmvapesale.com\/cs\/wp-json\/wp\/v2\/product"}],"about":[{"href":"https:\/\/rmvapesale.com\/cs\/wp-json\/wp\/v2\/types\/product"}],"replies":[{"embeddable":true,"href":"https:\/\/rmvapesale.com\/cs\/wp-json\/wp\/v2\/comments?post=2372"}],"wp:featuredmedia":[{"embeddable":true,"href":"https:\/\/rmvapesale.com\/cs\/wp-json\/wp\/v2\/media\/2369"}],"wp:attachment":[{"href":"https:\/\/rmvapesale.com\/cs\/wp-json\/wp\/v2\/media?parent=2372"}],"wp:term":[{"taxonomy":"product_brand","embeddable":true,"href":"https:\/\/rmvapesale.com\/cs\/wp-json\/wp\/v2\/product_brand?post=2372"},{"taxonomy":"product_cat","embeddable":true,"href":"https:\/\/rmvapesale.com\/cs\/wp-json\/wp\/v2\/product_cat?post=2372"},{"taxonomy":"product_tag","embeddable":true,"href":"https:\/\/rmvapesale.com\/cs\/wp-json\/wp\/v2\/product_tag?post=2372"}],"curies":[{"name":"wp","href":"https:\/\/api.w.org\/{rel}","templated":true}]}}