{"id":2398,"date":"2024-10-14T07:57:57","date_gmt":"2024-10-14T07:57:57","guid":{"rendered":"https:\/\/rmvapesale.com\/?post_type=product&#038;p=2398"},"modified":"2024-10-14T08:58:13","modified_gmt":"2024-10-14T08:58:13","slug":"bang-36000-puffs-full-display-smart-vape-bulk-price","status":"publish","type":"product","link":"https:\/\/rmvapesale.com\/cs\/product\/bang-36000-puffs-full-display-smart-vape-bulk-price\/","title":{"rendered":"Bang 36000 pot\u00e1hnut\u00ed Chytr\u00e1 e-cigareta s pln\u00fdm displejem za velkoobchodn\u00ed cenu"},"content":{"rendered":"<div class=\"B2VR9 CJHX3e\">\n<div class=\"wyccme\">\n<h1 class=\"LC20lb MBeuO DKV0Md\">Bang 36000 pot\u00e1hnut\u00ed Chytr\u00e1 e-cigareta s pln\u00fdm displejem za velkoobchodn\u00ed cenu<\/h1>\n<div class=\"flex-shrink-0 flex flex-col relative items-end\">\n<div class=\"pt-0\">\n<div class=\"gizmo-bot-avatar flex h-8 w-8 items-center justify-center overflow-hidden rounded-full\">\n<div class=\"relative p-1 rounded-sm flex items-center justify-center bg-token-main-surface-primary text-token-text-primary h-8 w-8\">\n<p>P\u0159edstavujeme Bang 36000 Puffs Pln\u00e1 obrazovka Chytr\u00e1 vape, pr\u016flomov\u00e1 jednor\u00e1zov\u00e1 vape navr\u017een\u00e1 tak, aby zv\u00fd\u0161ila v\u00e1\u0161 z\u00e1\u017eitek z vapov\u00e1n\u00ed s nejmodern\u011bj\u0161\u00ed technologi\u00ed a vynikaj\u00edc\u00edm v\u00fdkonem. S impozantn\u00edmi 36 000 potahy a velkou kapacitou 36 ml e-liquidu nab\u00edz\u00ed toto za\u0159\u00edzen\u00ed prodlou\u017een\u00e9 pou\u017e\u00edv\u00e1n\u00ed bez nutnosti \u010dast\u00e9ho dopl\u0148ov\u00e1n\u00ed, co\u017e je ide\u00e1ln\u00ed pro vapery hledaj\u00edc\u00ed dlouhov\u011bkost a pohodl\u00ed.<\/p>\n<p>Bang 36000 Puffs je vybaven v\u00fdkonnou dob\u00edjec\u00ed bateri\u00ed 850mAh, kter\u00e1 zaji\u0161\u0165uje konzistentn\u00ed v\u00fdkon a prodlou\u017een\u00e9 vapov\u00e1n\u00ed. Dob\u00edjen\u00ed je rychl\u00e9 a snadn\u00e9 s rozhran\u00edm Type-C, poskytuj\u00edc\u00ed rychl\u00e9 a spolehliv\u00e9 nab\u00edjen\u00ed, aby va\u0161e za\u0159\u00edzen\u00ed fungovalo hladce.<\/p>\n<p>Jednou z hlavn\u00edch funkc\u00ed tohoto za\u0159\u00edzen\u00ed je pln\u00e1 obrazovka, kter\u00e1 poskytuje aktu\u00e1ln\u00ed informace o \u00farovni oleje a baterie, d\u00e1v\u00e1 v\u00e1m plnou kontrolu a p\u0159ehled o va\u0161em vapov\u00e1n\u00ed. Nav\u00edc inovativn\u00ed funkce odemyk\u00e1n\u00ed otiskem prstu zaji\u0161\u0165uje, \u017ee va\u0161e vape z\u016fstane bezpe\u010dn\u00e1 a osobn\u00ed, p\u0159id\u00e1vaj\u00edc\u00ed dal\u0161\u00ed vrstvu sofistikovanosti a pou\u017eitelnosti.<\/p>\n<p>Bang 36000 Puffs obsahuje mesh c\u00edvku 1.0\u03a9, kter\u00e1 zlep\u0161uje p\u0159enos chuti a produkci par, nab\u00edz\u00ed hladk\u00fd a uspokojiv\u00fd z\u00e1\u017eitek s ka\u017ed\u00fdm potahem. A\u0165 u\u017e preferujete nikotin 0%, 2%, 3% nebo 5%, tato vape vyhovuje v\u0161em typ\u016fm vaper\u016f nab\u00eddkou p\u0159izp\u016fsobiteln\u00fdch \u00farovn\u00ed nikotinu.<\/p>\n<\/div>\n<\/div>\n<\/div>\n<\/div>\n<\/div>\n<\/div>\n<p><strong>Kontaktujte Amy a z\u00edskejte spr\u00e1vnou odpov\u011b\u010f a dal\u0161\u00ed produktov\u00e1 videa!<\/strong><\/p>\n<p><img loading=\"lazy\" decoding=\"async\" class=\"size-full wp-image-1978\" src=\"https:\/\/rmvapesale.com\/wp-content\/uploads\/2024\/09\/Disposable-Vape-Wholesale.jpg\" alt=\"Jednor\u00e1zov\u00e1 e-cigareta velkoobchod\" width=\"229\" height=\"300\" \/><\/p>\n<h3><a href=\"https:\/\/wa.me\/8617776015835\" target=\"_blank\" rel=\"noopener\"><span style=\"color: #ff0000\"><strong>WhatsApp: +86 17776015835<\/strong><\/span><\/a><\/h3>\n<p>&nbsp;<\/p>\n<h2><\/h2>\n<h2><strong>Hlavn\u00ed funkce Bang 36000 Puffs Vape<\/strong><\/h2>\n<p>&nbsp;<\/p>\n<ul>\n<li><strong>Potah: 36 000 potah\u016f<\/strong><\/li>\n<li><strong>objemem 36 ml e-liquidu<\/strong><\/li>\n<li><strong>850mAh dob\u00edjec\u00ed bateri\u00ed<\/strong><\/li>\n<li><strong>Pln\u00e1 obrazovka<\/strong> ukazuje \u00farove\u0148 oleje a baterie<\/li>\n<li><strong>Odemyk\u00e1n\u00ed otiskem prstu<\/strong> pro zv\u00fd\u0161enou bezpe\u010dnost<\/li>\n<li><strong>1.0\u03a9 mesh spir\u00e1lkou<\/strong> pro plynou a chutnou v\u00fdrobu par<\/li>\n<li>K dispozici v <strong>12 p\u0159\u00edchut\u00ed<\/strong><\/li>\n<li>\u00darovn\u011b nikotinu: <strong>0 %, 2 %, 3 % a 5 %<\/strong><\/li>\n<\/ul>\n<h2><\/h2>\n<h2><strong>Hlavn\u00ed p\u0159\u00edchu\u0165 pro Bang 36000 Puffs Pln\u00e1 obrazovka Chytr\u00e1 vape<\/strong><\/h2>\n<p>Bang 36000 Puffs obsahuje mesh c\u00edvku 1.0\u03a9, kter\u00e1 zlep\u0161uje p\u0159enos chuti a produkci par, nab\u00edz\u00ed hladk\u00fd a uspokojiv\u00fd z\u00e1\u017eitek s ka\u017ed\u00fdm potahem. A\u0165 u\u017e preferujete nikotin 0%, 2%, 3% nebo 5%, tato vape vyhovuje v\u0161em typ\u016fm vaper\u016f nab\u00eddkou p\u0159izp\u016fsobiteln\u00fdch \u00farovn\u00ed nikotinu.<\/p>\n<p>&nbsp;<\/p>\n<p>1. Mix Fruit<br \/>\n2. T\u0159ikr\u00e1t Bobule<span style=\"color: #ff0000\"><strong>&gt;&gt;&gt;&gt; Hork\u00e9!<\/strong><\/span><br \/>\n3. Broskev Mango Vodn\u00ed Meloun<br \/>\n4. Bor\u016fvka Ryb\u00edz<br \/>\n5. \u010cern\u00fd Drak Led<span style=\"color: #ff0000\"><strong>&gt;&gt;&gt;&gt; Hork\u00e9!<\/strong><\/span><br \/>\n6. Hroznov\u00e9 Led<br \/>\n7. Bor\u016fvkov\u00e9 Led<br \/>\n8. Jahoda Vodn\u00ed Meloun<br \/>\n9. Jahoda Ban\u00e1n<br \/>\n10. Jahoda Kiwi<br \/>\n11. Jahoda Mango<br \/>\n12. Vodn\u00ed Meloun Led<span style=\"color: #ff0000\"><strong>&gt;&gt;&gt;&gt; Nejlep\u0161\u00ed!<\/strong><\/span><\/p>\n<figure id=\"attachment_2397\" aria-describedby=\"caption-attachment-2397\" style=\"width: 500px\" class=\"wp-caption alignnone\"><img loading=\"lazy\" decoding=\"async\" class=\"wp-image-2397 size-full\" src=\"https:\/\/rmvapesale.com\/wp-content\/uploads\/2024\/10\/Bang-Vape-36000-Puffs-Disposable-Flavor.jpg\" alt=\"Bang Vape 36000 Puf\u016f Jednor\u00e1zov\u00e1 P\u0159\u00edchu\u0165\" width=\"500\" height=\"826\" srcset=\"https:\/\/rmvapesale.com\/wp-content\/uploads\/2024\/10\/Bang-Vape-36000-Puffs-Disposable-Flavor.jpg 500w, https:\/\/rmvapesale.com\/wp-content\/uploads\/2024\/10\/Bang-Vape-36000-Puffs-Disposable-Flavor-182x300.jpg 182w\" sizes=\"auto, (max-width: 500px) 100vw, 500px\" \/><figcaption id=\"caption-attachment-2397\" class=\"wp-caption-text\">Bang Vape 36000 Puf\u016f Jednor\u00e1zov\u00e1 P\u0159\u00edchu\u0165<\/figcaption><\/figure>\n<h3><\/h3>\n<h3><strong>Pro\u010d zvolit Rmvapesale pro Bang Vape Puff 36000 Dob\u00edjec\u00ed Vape<\/strong><strong>?<\/strong><\/h3>\n<div class=\"flex-shrink-0 flex flex-col relative items-end\">\n<div class=\"pt-0\">\n<div class=\"gizmo-bot-avatar flex h-8 w-8 items-center justify-center overflow-hidden rounded-full\">\n<div class=\"relative p-1 rounded-sm flex items-center justify-center bg-token-main-surface-primary text-token-text-primary h-8 w-8\">\n<p>&nbsp;<\/p>\n<p>Kdy\u017e si vyberete Rmvapesale pro sv\u00e9 velkoobchodn\u00ed pot\u0159eby jednor\u00e1zov\u00fdch vap\u016f, z\u00edsk\u00e1te:<\/p>\n<ul>\n<li><strong>Konkuren\u010dn\u00ed cena<\/strong>: Z\u00edskejte p\u0159\u00edstup k atraktivn\u00edm velkoobchodn\u00edm cen\u00e1m, kter\u00e9 zv\u00fd\u0161\u00ed mar\u017ee va\u0161eho podnik\u00e1n\u00ed.<\/li>\n<li><strong>Vysok\u00e1 kvalita<\/strong>: Na\u0161e vapy jsou vyr\u00e1b\u011bny podle nejvy\u0161\u0161\u00edch standard\u016f a <span style=\"color: #ff0000\"><strong>zaru\u010den\u011b 100% origin\u00e1ln\u00ed a autentick\u00e9, nebo 10n\u00e1sobn\u00e1 kompenzace za pad\u011blky!<\/strong><\/span><\/li>\n<li><strong>Vynikaj\u00edc\u00ed z\u00e1kaznick\u00fd servis<\/strong>: N\u00e1\u0161 specializovan\u00fd t\u00fdm je v\u00e1m v\u017edy p\u0159ipraven pomoci a u\u010dinit tak v\u00e1\u0161 n\u00e1kupn\u00ed proces plynul\u00fdm a bezprobl\u00e9mov\u00fdm.<\/li>\n<li><strong>Rychl\u00e9 doru\u010den\u00ed<\/strong>: M\u016f\u017eete o\u010dek\u00e1vat rychlou a spolehlivou p\u0159epravu, kter\u00e1 zajist\u00ed, \u017ee va\u0161e objedn\u00e1vky doraz\u00ed v\u010das, poka\u017ed\u00e9.<\/li>\n<\/ul>\n<\/div>\n<h3><\/h3>\n<div class=\"relative p-1 rounded-sm flex items-center justify-center bg-token-main-surface-primary text-token-text-primary h-8 w-8\">\n<h3><b>\u010casto kladen\u00e9 ot\u00e1zky<\/b><\/h3>\n<p><strong>1. Kolik puf\u016f poskytuje Bang 36000 Puf\u016f?<\/strong><br \/>\nTento <strong>Bang 36000 Puf\u016f<\/strong> nab\u00edz\u00ed neuv\u011b\u0159iteln\u00e9 <strong>36 000 potah\u016f<\/strong>, co\u017e z n\u011bj \u010din\u00ed jeden z nejd\u00e9le vydr\u017e\u00edc\u00edch jednor\u00e1zov\u00fdch vaporiz\u00e9r\u016f na trhu.<\/p>\n<p><strong>2. Jak\u00e9 jsou dostupn\u00e9 mo\u017enosti nikotinu pro tento vaporiz\u00e9r?<\/strong><br \/>\nTento <strong>Bang 36000 Puf\u016f Pln\u00e1 Displej Chytr\u00fd Vaporiz\u00e9r<\/strong> p\u0159ich\u00e1z\u00ed ve \u010dty\u0159ech mo\u017enostech nikotinov\u00e9 s\u00edly: <strong>0 %, 2 %, 3 % a 5 %<\/strong>, umo\u017e\u0148uj\u00edc\u00ed u\u017eivatel\u016fm vybrat si preferovanou \u00farove\u0148 nikotinu.<\/p>\n<p><strong>3. Jak\u00e9 je kapacita baterie a je dob\u00edjec\u00ed?<\/strong><br \/>\nTato vaporiz\u00e9r je poh\u00e1n\u011bn <strong>850mAh dob\u00edjec\u00ed bateri\u00ed<\/strong>. M\u00e1 tak\u00e9 <strong>portu Type-C<\/strong> nab\u00edjec\u00ed port pro rychl\u00e9 a efektivn\u00ed dob\u00edjen\u00ed.<\/p>\n<p><strong>4. Jak\u00e9 funkce nab\u00edz\u00ed displej na celou obrazovku?<\/strong><br \/>\nTento <strong>displej na celou obrazovku<\/strong> na Bang 36000 Puffs ukazuje jak <strong>\u00farovn\u011b oleje<\/strong> a to <strong>nap\u00e1jen\u00ed baterie<\/strong> v re\u00e1ln\u00e9m \u010dase, co\u017e v\u00e1m d\u00e1v\u00e1 \u00faplnou kontrolu nad va\u0161\u00edm vapovac\u00edm z\u00e1\u017eitkem.<\/p>\n<p><strong>5. Jak funguje funkce odemyk\u00e1n\u00ed otiskem prstu?<\/strong><br \/>\nTento <strong>funkce odemyk\u00e1n\u00ed otiskem prstu<\/strong> zaji\u0161\u0165uje, \u017ee odemknout a pou\u017e\u00edvat va\u0161e za\u0159\u00edzen\u00ed m\u016f\u017ee pouze vy, co\u017e p\u0159id\u00e1v\u00e1 vrstvu zabezpe\u010den\u00ed va\u0161eho vaporiz\u00e9ru.<\/p>\n<p><strong>6. Jak\u00e9 p\u0159\u00edchut\u011b jsou k dispozici pro Bang 36000 Puffs?<\/strong><br \/>\nTento <strong>Bang 36000 Puf\u016f<\/strong> p\u0159ich\u00e1z\u00ed v <strong>12 r\u016fzn\u00fdch p\u0159\u00edchut\u00ed<\/strong>, kter\u00e9 vyhovuj\u00ed \u0161irok\u00e9 \u0161k\u00e1le chut\u00ed a preferenc\u00ed. Obl\u00edben\u00e9 p\u0159\u00edchut\u011b zahrnuj\u00ed ovocn\u00e9, sladk\u00e9 a chladiv\u00e9 mo\u017enosti pro ka\u017ed\u00e9ho vapera.<\/p>\n<\/div>\n<\/div>\n<\/div>\n<\/div>\n<div class=\"group\/conversation-turn relative flex w-full min-w-0 flex-col agent-turn\">\n<div class=\"flex-col gap-1 md:gap-3\">\n<div class=\"flex max-w-full flex-col flex-grow\">\n<div class=\"min-h-8 text-message flex w-full flex-col items-end gap-2 whitespace-normal break-words [.text-message+&amp;]:mt-5\" dir=\"auto\" data-message-author-role=\"assistant\" data-message-id=\"f226d3fc-81f3-46d5-8c46-31787fff0357\">\n<div class=\"flex w-full flex-col gap-1 empty:hidden first:pt-[3px]\">\n<div class=\"markdown prose w-full break-words dark:prose-invert light\">\n<p>&nbsp;<\/p>\n<\/div>\n<\/div>\n<\/div>\n<\/div>\n<\/div>\n<\/div>\n<h3>O p\u0159eprav\u011b<\/h3>\n<div class=\"flex-shrink-0 flex flex-col relative items-end\">\n<div>\n<div class=\"pt-0\">\n<div class=\"gizmo-bot-avatar flex h-8 w-8 items-center justify-center overflow-hidden rounded-full\">\n<div><\/div>\n<div class=\"relative p-1 rounded-sm flex items-center justify-center bg-token-main-surface-primary text-token-text-primary h-8 w-8\"><strong>1. Jak\u00e9 zp\u016fsoby dopravy se pou\u017e\u00edvaj\u00ed?<\/strong><\/div>\n<\/div>\n<\/div>\n<\/div>\n<\/div>\n<div class=\"group\/conversation-turn relative flex w-full min-w-0 flex-col agent-turn\">\n<div class=\"flex-col gap-1 md:gap-3\">\n<div class=\"flex max-w-full flex-col flex-grow\">\n<div class=\"min-h-[20px] text-message flex w-full flex-col items-end gap-2 whitespace-normal break-words [.text-message+&amp;]:mt-5 overflow-x-auto\" dir=\"auto\" data-message-author-role=\"assistant\" data-message-id=\"22f8283b-3233-46ff-89a5-c7a41b33abda\">\n<div class=\"flex w-full flex-col gap-1 empty:hidden first:pt-[3px]\">\n<div class=\"markdown prose w-full break-words dark:prose-invert light\">\n<p>Spolupracujeme s UPS, DHL, FedEx, DPD a dal\u0161\u00edmi p\u0159edn\u00edmi p\u0159epravci. Vybereme nejlep\u0161\u00ed zp\u016fsob dopravy na z\u00e1klad\u011b va\u0161\u00ed doru\u010dovac\u00ed lokality, abychom zajistili, \u017ee sv\u00e9 produkty obdr\u017e\u00edte co nejrychleji.<\/p>\n<\/div>\n<p><strong>2. Jak dlouho trv\u00e1 doru\u010den\u00ed?<\/strong><\/p>\n<p>Bal\u00ed\u010dky odeslan\u00e9 do \u010cesk\u00e9 republiky obvykle doraz\u00ed do 10 pracovn\u00edch dn\u016f. P\u0159eprava do evropsk\u00fdch zem\u00ed obecn\u011b trv\u00e1 asi 12-15 pracovn\u00edch dn\u016f. O stavu va\u0161\u00ed z\u00e1silky v\u00e1s budeme pr\u016fb\u011b\u017en\u011b informovat.<\/p>\n<\/div>\n<\/div>\n<\/div>\n<\/div>\n<\/div>\n<p>&nbsp;<\/p>\n<p>Dal\u0161\u00ed obl\u00edben\u00e9 jednor\u00e1zov\u00e9 e-cigarety, kter\u00e9 by se v\u00e1m mohly l\u00edbit:<\/p>\n<p><a href=\"https:\/\/rmvapesale.com\/cs\/product\/bang-vape-30000-pro-disposables-wholesale\/\"><strong>Bang King 30000 pot\u00e1hnut\u00ed\u00a0 \u00a0<span style=\"color: #ff0000\">&gt;&gt;&gt;&gt; j\u00edt!<\/span><\/strong><\/a><\/p>\n<p><strong><a href=\"https:\/\/rmvapesale.com\/cs\/product\/faivono-bang-maxi-15000-puffs-disposable-vape-bulk-wholesale\/\">AIVONO Aim Bang Maxi 15000 pot\u00e1hnut\u00ed <span style=\"color: #ff0000\">&gt;&gt;&gt;&gt; j\u00edt!<\/span><\/a>\u00a0<\/strong><\/p>\n<p><a href=\"https:\/\/rmvapesale.com\/cs\/product\/bang-box-30000-puff-double-taste-smart-screen-disposable-vape\/\"><strong>Bang Vape Box 30000 pot\u00e1hnut\u00ed <span style=\"color: #ff0000\">&gt;&gt;&gt;&gt; j\u00edt!<\/span><\/strong><\/a><\/p>\n<p>&nbsp;<\/p>\n<p>&nbsp;<\/p>\n<p>Naj\u00edt v\u00edce produkt\u016f pro vaping, kter\u00e9 by se v\u00e1m mohly l\u00edbit:<strong><em><a href=\"https:\/\/rmvapesale.com\/cs\/shop-2\/\">nakupujte nyn\u00ed &gt;&gt;&gt;<\/a><\/em><\/strong><\/p>","protected":false},"excerpt":{"rendered":"<p>Bang Vape 36k Jednor\u00e1zov\u00e1 vape Velkoobchodn\u00ed n\u00e1kup velkoobchodn\u00ed cena<br \/>\nVape Bang Puff 36000 Krabice V\u0161echny p\u0159\u00edchut\u011b skladem<br \/>\nBang 36000 Puffs Dob\u00edjec\u00ed jednor\u00e1zov\u00e1 vape<\/p>\n<p><img loading=\"lazy\" decoding=\"async\" class=\"size-full wp-image-1978\" src=\"https:\/\/rmvapesale.com\/wp-content\/uploads\/2024\/09\/Disposable-Vape-Wholesale.jpg\" alt=\"Jednor\u00e1zov\u00e1 e-cigareta velkoobchod\" width=\"229\" height=\"300\" \/><\/p>\n<h3><a href=\"https:\/\/wa.me\/8617776015835\"><span style=\"color: #ff0000\"><strong>WhatsApp: +86 17776015835<\/strong><\/span><\/a><\/h3>\n<p>&nbsp;<\/p>","protected":false},"featured_media":2393,"comment_status":"open","ping_status":"closed","template":"","meta":{"_uag_custom_page_level_css":"","_lmt_disableupdate":"","_lmt_disable":"","site-sidebar-layout":"default","site-content-layout":"content-boxed-container","ast-site-content-layout":"normal-width-container","site-content-style":"boxed","site-sidebar-style":"unboxed","ast-global-header-display":"","ast-banner-title-visibility":"","ast-main-header-display":"","ast-hfb-above-header-display":"","ast-hfb-below-header-display":"","ast-hfb-mobile-header-display":"","site-post-title":"","ast-breadcrumbs-content":"","ast-featured-img":"","footer-sml-layout":"","theme-transparent-header-meta":"default","adv-header-id-meta":"","stick-header-meta":"","header-above-stick-meta":"","header-main-stick-meta":"","header-below-stick-meta":"","astra-migrate-meta-layouts":"set","ast-page-background-enabled":"default","ast-page-background-meta":{"desktop":{"background-color":"var(--ast-global-color-4)","background-image":"","background-repeat":"repeat","background-position":"center center","background-size":"auto","background-attachment":"scroll","background-type":"","background-media":"","overlay-type":"","overlay-color":"","overlay-opacity":"","overlay-gradient":""},"tablet":{"background-color":"","background-image":"","background-repeat":"repeat","background-position":"center center","background-size":"auto","background-attachment":"scroll","background-type":"","background-media":"","overlay-type":"","overlay-color":"","overlay-opacity":"","overlay-gradient":""},"mobile":{"background-color":"","background-image":"","background-repeat":"repeat","background-position":"center center","background-size":"auto","background-attachment":"scroll","background-type":"","background-media":"","overlay-type":"","overlay-color":"","overlay-opacity":"","overlay-gradient":""}},"ast-content-background-meta":{"desktop":{"background-color":"var(--ast-global-color-5)","background-image":"","background-repeat":"repeat","background-position":"center center","background-size":"auto","background-attachment":"scroll","background-type":"","background-media":"","overlay-type":"","overlay-color":"","overlay-opacity":"","overlay-gradient":""},"tablet":{"background-color":"var(--ast-global-color-5)","background-image":"","background-repeat":"repeat","background-position":"center center","background-size":"auto","background-attachment":"scroll","background-type":"","background-media":"","overlay-type":"","overlay-color":"","overlay-opacity":"","overlay-gradient":""},"mobile":{"background-color":"var(--ast-global-color-5)","background-image":"","background-repeat":"repeat","background-position":"center center","background-size":"auto","background-attachment":"scroll","background-type":"","background-media":"","overlay-type":"","overlay-color":"","overlay-opacity":"","overlay-gradient":""}},"_joinchat":[]},"product_brand":[],"product_cat":[15,25,123,26,28,135,27,60,137,136,30],"product_tag":[148,150,146,126,151,111,132,85],"class_list":{"0":"post-2398","1":"product","2":"type-product","3":"status-publish","4":"has-post-thumbnail","6":"product_cat-new-vape-this-week","7":"product_cat-germany-best-selling-vape","8":"product_cat-italy-wholesale-vape","9":"product_cat-netherlands-hot-sale-vape","10":"product_cat-poland-hot-sale-vape","11":"product_cat-spain-best-hot-sale-vape","12":"product_cat-fance-hot-sale-vape","13":"product_cat-bang-vapes","14":"product_cat-rechargeable-vapes","15":"product_cat-smart-screen-vapes","16":"product_cat-minimum-order-quantity-50pcs","17":"product_tag-bang-disposable-vape","18":"product_tag-bang-vape-bar","19":"product_tag-best-hot-sale-vape","20":"product_tag-e-cigarettes","21":"product_tag-full-display-vape","22":"product_tag-low-nicotine-disposable-vape","23":"product_tag-rechargeable-vape","24":"product_tag-smart-disposable-vape","25":"desktop-align-left","26":"tablet-align-left","27":"mobile-align-left","29":"first","30":"instock","31":"sale","32":"shipping-taxable","33":"purchasable","34":"product-type-simple"},"uagb_featured_image_src":{"full":["https:\/\/rmvapesale.com\/wp-content\/uploads\/2024\/10\/Bang-36000-Puffs-Disposable-Vape-Bulk.jpg",808,808,false],"thumbnail":["https:\/\/rmvapesale.com\/wp-content\/uploads\/2024\/10\/Bang-36000-Puffs-Disposable-Vape-Bulk-150x150.jpg",150,150,true],"medium":["https:\/\/rmvapesale.com\/wp-content\/uploads\/2024\/10\/Bang-36000-Puffs-Disposable-Vape-Bulk-300x300.jpg",300,300,true],"medium_large":["https:\/\/rmvapesale.com\/wp-content\/uploads\/2024\/10\/Bang-36000-Puffs-Disposable-Vape-Bulk-768x768.jpg",768,768,true],"large":["https:\/\/rmvapesale.com\/wp-content\/uploads\/2024\/10\/Bang-36000-Puffs-Disposable-Vape-Bulk.jpg",808,808,false],"1536x1536":["https:\/\/rmvapesale.com\/wp-content\/uploads\/2024\/10\/Bang-36000-Puffs-Disposable-Vape-Bulk.jpg",808,808,false],"2048x2048":["https:\/\/rmvapesale.com\/wp-content\/uploads\/2024\/10\/Bang-36000-Puffs-Disposable-Vape-Bulk.jpg",808,808,false],"trp-custom-language-flag":["https:\/\/rmvapesale.com\/wp-content\/uploads\/2024\/10\/Bang-36000-Puffs-Disposable-Vape-Bulk.jpg",12,12,false],"woocommerce_thumbnail":["https:\/\/rmvapesale.com\/wp-content\/uploads\/2024\/10\/Bang-36000-Puffs-Disposable-Vape-Bulk-300x300.jpg",300,300,true],"woocommerce_single":["https:\/\/rmvapesale.com\/wp-content\/uploads\/2024\/10\/Bang-36000-Puffs-Disposable-Vape-Bulk-600x600.jpg",600,600,true],"woocommerce_gallery_thumbnail":["https:\/\/rmvapesale.com\/wp-content\/uploads\/2024\/10\/Bang-36000-Puffs-Disposable-Vape-Bulk-100x100.jpg",100,100,true],"wcpr-photo-reviews":["https:\/\/rmvapesale.com\/wp-content\/uploads\/2024\/10\/Bang-36000-Puffs-Disposable-Vape-Bulk.jpg",500,500,false]},"uagb_author_info":{"display_name":"AMY","author_link":"https:\/\/rmvapesale.com\/cs\/author\/"},"uagb_comment_info":0,"uagb_excerpt":"Bang Vape 36k Disposable Vape Bulk Buy Wholesale price Vape Bang Puff 36000 Box All Flavors in Stock Bang 36000 Puffs Rechargeable Disposable Vape WhatsApp: +86 17776015835 &nbsp;","_links":{"self":[{"href":"https:\/\/rmvapesale.com\/cs\/wp-json\/wp\/v2\/product\/2398","targetHints":{"allow":["GET"]}}],"collection":[{"href":"https:\/\/rmvapesale.com\/cs\/wp-json\/wp\/v2\/product"}],"about":[{"href":"https:\/\/rmvapesale.com\/cs\/wp-json\/wp\/v2\/types\/product"}],"replies":[{"embeddable":true,"href":"https:\/\/rmvapesale.com\/cs\/wp-json\/wp\/v2\/comments?post=2398"}],"wp:featuredmedia":[{"embeddable":true,"href":"https:\/\/rmvapesale.com\/cs\/wp-json\/wp\/v2\/media\/2393"}],"wp:attachment":[{"href":"https:\/\/rmvapesale.com\/cs\/wp-json\/wp\/v2\/media?parent=2398"}],"wp:term":[{"taxonomy":"product_brand","embeddable":true,"href":"https:\/\/rmvapesale.com\/cs\/wp-json\/wp\/v2\/product_brand?post=2398"},{"taxonomy":"product_cat","embeddable":true,"href":"https:\/\/rmvapesale.com\/cs\/wp-json\/wp\/v2\/product_cat?post=2398"},{"taxonomy":"product_tag","embeddable":true,"href":"https:\/\/rmvapesale.com\/cs\/wp-json\/wp\/v2\/product_tag?post=2398"}],"curies":[{"name":"wp","href":"https:\/\/api.w.org\/{rel}","templated":true}]}}