{"id":2441,"date":"2024-10-17T02:49:33","date_gmt":"2024-10-17T02:49:33","guid":{"rendered":"https:\/\/rmvapesale.com\/?post_type=product&#038;p=2441"},"modified":"2024-10-17T03:31:24","modified_gmt":"2024-10-17T03:31:24","slug":"elf-box-pulse-x-25000-disposable-vape-wholesale-germany","status":"publish","type":"product","link":"https:\/\/rmvapesale.com\/cs\/product\/elf-box-pulse-x-25000-disposable-vape-wholesale-germany\/","title":{"rendered":"ELF Box Pulse X 25000 Jednor\u00e1zov\u00e1 e-cigareta Velkoobchod \u010cesk\u00e1 republika"},"content":{"rendered":"<div class=\"B2VR9 CJHX3e\">\n<div class=\"wyccme\">\n<h1 class=\"LC20lb MBeuO DKV0Md\">ELF Box Pulse X 25000 Jednor\u00e1zov\u00e1 e-cigareta Velkoobchod \u010cesk\u00e1 republika<\/h1>\n<div class=\"flex-shrink-0 flex flex-col relative items-end\">\n<div class=\"pt-0\">\n<div class=\"gizmo-bot-avatar flex h-8 w-8 items-center justify-center overflow-hidden rounded-full\">\n<div class=\"relative p-1 rounded-sm flex items-center justify-center bg-token-main-surface-primary text-token-text-primary h-8 w-8\">\n<p>ELF Box Pulse X 25000 Jednor\u00e1zov\u00fd vaporiz\u00e9r je \u0161pi\u010dkov\u00e9 za\u0159\u00edzen\u00ed pro vapov\u00e1n\u00ed, kter\u00e9 nab\u00edz\u00ed impozantn\u00edch 25 000 pot\u00e1hnut\u00ed v re\u017eimu Regular a 15 000 pot\u00e1hnut\u00ed v re\u017eimu Pulse. Jako jedno z <strong>nejlep\u0161\u00edch jednor\u00e1zov\u00fdch e-cigaret<\/strong> na trhu je toto za\u0159\u00edzen\u00ed navr\u017eeno jak pro za\u010d\u00e1te\u010dn\u00edky, tak pro zku\u0161en\u00e9 vapery, s syst\u00e9mem Dual Mesh Coil (0,8 ohm + 0,8 ohm), kter\u00fd zlep\u0161uje chu\u0165 a produkci p\u00e1ry. S kapacitou 18 ml e-liquidu a r\u016fzn\u00fdmi mo\u017enostmi nikotinu (0%, 2%, 3% a 5%), v\u010detn\u011b <strong>jednor\u00e1zov\u00e1 e-cigareta bez nikotinu<\/strong> mo\u017enosti, si u\u017eivatel\u00e9 mohou p\u0159izp\u016fsobit sv\u016fj z\u00e1\u017eitek z vapov\u00e1n\u00ed podle sv\u00fdch preferenc\u00ed. Za\u0159\u00edzen\u00ed ELF Box 25000 je poh\u00e1n\u011bno dob\u00edjec\u00ed bateri\u00ed o kapacit\u011b 750mAh, kter\u00e1 zaji\u0161\u0165uje dlouhou \u017eivotnost a pohodl\u00ed.<\/p>\n<p>K dispozici v deseti r\u016fzn\u00fdch p\u0159\u00edchut\u00edch je jednor\u00e1zov\u00fd ELF Box Pulse X ide\u00e1ln\u00ed pro ty, kte\u0159\u00ed hledaj\u00ed rozmanitost a kvalitu ve sv\u00e9m vapov\u00e1n\u00ed. Cenov\u011b konkurenceschopn\u00e1 velkoobchodn\u00ed cena \u010din\u00ed toto <strong>jednor\u00e1zov\u00e9 e-cigarety<\/strong> ide\u00e1ln\u00ed pro prodejce a velkoobchodn\u00edky, kte\u0159\u00ed cht\u011bj\u00ed sv\u00fdm z\u00e1kazn\u00edk\u016fm nab\u00eddnout pr\u00e9miov\u00fd produkt. Pro z\u00e1kazn\u00edky v \u010cesku je to jedna z nejlep\u0161\u00edch <strong>mo\u017enost\u00ed jednor\u00e1zov\u00e9ho vaporiz\u00e9ru v \u010cesku<\/strong> a s kapacitou <strong>25000 puff\u016f<\/strong> se jist\u011b zaujme.<\/p>\n<\/div>\n<\/div>\n<\/div>\n<\/div>\n<\/div>\n<\/div>\n<p><strong>Kontaktujte Amy a z\u00edskejte spr\u00e1vnou odpov\u011b\u010f a dal\u0161\u00ed produktov\u00e1 videa!<\/strong><\/p>\n<p><img loading=\"lazy\" decoding=\"async\" class=\"size-full wp-image-1978\" src=\"https:\/\/rmvapesale.com\/wp-content\/uploads\/2024\/09\/Disposable-Vape-Wholesale.jpg\" alt=\"Jednor\u00e1zov\u00e1 e-cigareta velkoobchod\" width=\"229\" height=\"300\" \/><\/p>\n<h3><a href=\"https:\/\/wa.me\/8617776015835\" target=\"_blank\" rel=\"noopener\"><span style=\"color: #ff0000\"><strong>WhatsApp: +86 17776015835<\/strong><\/span><\/a><\/h3>\n<p>&nbsp;<\/p>\n<h2><\/h2>\n<h2><strong>Vape <\/strong><strong>Jednor\u00e1zov\u00fd <\/strong><strong>ELF Box Pulse 25000 <\/strong><strong>Kl\u00ed\u010dov\u00e9 vlastnosti<\/strong><\/h2>\n<p>Pufy: 13000 puff\u016f<br \/>\nNikotin: 0\/2\/3\/5%<br \/>\n23ML e-liquidu.<br \/>\nMesh Coil<br \/>\nBaterie Dob\u00edjec\u00ed<br \/>\nRGB LED Barvy<br \/>\nIntegrovan\u00e1 baterie 650mAh.<br \/>\nK dispozici 16 p\u0159\u00edchut\u00ed.<\/p>\n<h2><\/h2>\n<h2><strong>Nejlep\u0161\u00ed p\u0159\u00edchu\u0165 pro <\/strong><strong>ELF Box Pulse X 25000<\/strong><strong>\u00a0<\/strong><strong>Jednor\u00e1zov\u00fd<\/strong><\/h2>\n<h2><\/h2>\n<p>K dispozici v deseti r\u016fzn\u00fdch p\u0159\u00edchut\u00edch je ELF Box Pulse X ide\u00e1ln\u00ed pro ty, kte\u0159\u00ed hledaj\u00ed rozmanitost a kvalitu ve sv\u00e9m vapov\u00e1n\u00ed. Cenov\u011b konkurenceschopn\u00e1 velkoobchodn\u00ed cena \u010din\u00ed toto jednor\u00e1zov\u00e9 za\u0159\u00edzen\u00ed ide\u00e1ln\u00ed pro prodejce a velkoobchodn\u00edky, kte\u0159\u00ed cht\u011bj\u00ed sv\u00fdm z\u00e1kazn\u00edk\u016fm nab\u00eddnout pr\u00e9miov\u00fd produkt.<\/p>\n<p>1. Jahodov\u00e1 Meloun<br \/>\n2. \u010cernoryb\u00edzov\u00e1 Soda<br \/>\n3. Broskvov\u00fd Led<br \/>\n4. Kiwi Passion Fruit <span style=\"color: #ff0000\"><strong>&gt;&gt;&gt;&gt; Hork\u00e9!<\/strong><\/span><br \/>\n5. Lush Ice<br \/>\n6. Red Bull<br \/>\n7. Hroznov\u00e9 Led<br \/>\n8. Blue Razz Ice <span style=\"color: #ff0000\"><strong>&gt;&gt;&gt;&gt; Nejlep\u0161\u00ed!<\/strong><\/span><br \/>\n9. Jahoda Ban\u00e1n<br \/>\n10. Jahodov\u00e1 ledov\u00e1 <span style=\"color: #ff0000\"><strong>&gt;&gt;&gt;&gt; Hork\u00e9!<\/strong><\/span><\/p>\n<figure id=\"attachment_2448\" aria-describedby=\"caption-attachment-2448\" style=\"width: 600px\" class=\"wp-caption alignnone\"><img loading=\"lazy\" decoding=\"async\" class=\"wp-image-2448\" src=\"https:\/\/rmvapesale.com\/wp-content\/uploads\/2024\/10\/Elf-Box-Pusle-X-25000-Wholesale.png\" alt=\"Elf Box Pusle X 25000 Velkoobchod\" width=\"600\" height=\"600\" srcset=\"https:\/\/rmvapesale.com\/wp-content\/uploads\/2024\/10\/Elf-Box-Pusle-X-25000-Wholesale.png 805w, https:\/\/rmvapesale.com\/wp-content\/uploads\/2024\/10\/Elf-Box-Pusle-X-25000-Wholesale-300x300.png 300w, https:\/\/rmvapesale.com\/wp-content\/uploads\/2024\/10\/Elf-Box-Pusle-X-25000-Wholesale-150x150.png 150w, https:\/\/rmvapesale.com\/wp-content\/uploads\/2024\/10\/Elf-Box-Pusle-X-25000-Wholesale-768x768.png 768w, https:\/\/rmvapesale.com\/wp-content\/uploads\/2024\/10\/Elf-Box-Pusle-X-25000-Wholesale-600x600.png 600w, https:\/\/rmvapesale.com\/wp-content\/uploads\/2024\/10\/Elf-Box-Pusle-X-25000-Wholesale-100x100.png 100w\" sizes=\"auto, (max-width: 600px) 100vw, 600px\" \/><figcaption id=\"caption-attachment-2448\" class=\"wp-caption-text\">Elf Box Pusle X 25000 Velkoobchod<\/figcaption><\/figure>\n<p>&nbsp;<\/p>\n<h3><strong>Pro\u010d si vybrat Rmvapesale pro ELF Box Pulse X 25000 Jednor\u00e1zovou<\/strong><strong>?<\/strong><\/h3>\n<div class=\"flex-shrink-0 flex flex-col relative items-end\">\n<div class=\"pt-0\">\n<div class=\"gizmo-bot-avatar flex h-8 w-8 items-center justify-center overflow-hidden rounded-full\">\n<div class=\"relative p-1 rounded-sm flex items-center justify-center bg-token-main-surface-primary text-token-text-primary h-8 w-8\">\n<p>&nbsp;<\/p>\n<p>Kdy\u017e si vyberete Rmvapesale pro sv\u00e9 velkoobchodn\u00ed pot\u0159eby jednor\u00e1zov\u00fdch vap\u016f, z\u00edsk\u00e1te:<\/p>\n<ul>\n<li><strong>Konkuren\u010dn\u00ed cena<\/strong>: Z\u00edskejte p\u0159\u00edstup k atraktivn\u00edm velkoobchodn\u00edm cen\u00e1m, kter\u00e9 zv\u00fd\u0161\u00ed mar\u017ee va\u0161eho podnik\u00e1n\u00ed.<\/li>\n<li><strong>Vysok\u00e1 kvalita<\/strong>: Na\u0161e vapy jsou vyr\u00e1b\u011bny podle nejvy\u0161\u0161\u00edch standard\u016f a <span style=\"color: #ff0000\"><strong>zaru\u010den\u011b 100% origin\u00e1ln\u00ed a autentick\u00e9, nebo 10n\u00e1sobn\u00e1 kompenzace za pad\u011blky!<\/strong><\/span><\/li>\n<li><strong>Vynikaj\u00edc\u00ed z\u00e1kaznick\u00fd servis<\/strong>: N\u00e1\u0161 specializovan\u00fd t\u00fdm je v\u00e1m v\u017edy p\u0159ipraven pomoci a u\u010dinit tak v\u00e1\u0161 n\u00e1kupn\u00ed proces plynul\u00fdm a bezprobl\u00e9mov\u00fdm.<\/li>\n<li><strong>Rychl\u00e9 doru\u010den\u00ed<\/strong>: M\u016f\u017eete o\u010dek\u00e1vat rychlou a spolehlivou p\u0159epravu, kter\u00e1 zajist\u00ed, \u017ee va\u0161e objedn\u00e1vky doraz\u00ed v\u010das, poka\u017ed\u00e9.<\/li>\n<\/ul>\n<\/div>\n<h3><\/h3>\n<div class=\"relative p-1 rounded-sm flex items-center justify-center bg-token-main-surface-primary text-token-text-primary h-8 w-8\">\n<h3><b>\u010casto kladen\u00e9 ot\u00e1zky<\/b><\/h3>\n<p>&nbsp;<\/p>\n<\/div>\n<\/div>\n<\/div>\n<\/div>\n<div class=\"group\/conversation-turn relative flex w-full min-w-0 flex-col agent-turn\">\n<div class=\"flex-col gap-1 md:gap-3\">\n<div class=\"flex max-w-full flex-col flex-grow\">\n<div class=\"min-h-8 text-message flex w-full flex-col items-end gap-2 whitespace-normal break-words [.text-message+&amp;]:mt-5\" dir=\"auto\" data-message-author-role=\"assistant\" data-message-id=\"f226d3fc-81f3-46d5-8c46-31787fff0357\">\n<div class=\"flex w-full flex-col gap-1 empty:hidden first:pt-[3px]\">\n<div class=\"markdown prose w-full break-words dark:prose-invert light\">\n<div class=\"group\/conversation-turn relative flex w-full min-w-0 flex-col agent-turn\">\n<div class=\"flex-col gap-1 md:gap-3\">\n<div class=\"flex max-w-full flex-col flex-grow\">\n<div class=\"min-h-8 text-message flex w-full flex-col items-end gap-2 whitespace-normal break-words [.text-message+&amp;]:mt-5\" dir=\"auto\" data-message-author-role=\"assistant\" data-message-id=\"91d2b73b-9149-4888-a964-4b8464e0e6e3\" data-message-model-slug=\"gpt-4o\">\n<div class=\"flex w-full flex-col gap-1 empty:hidden first:pt-[3px]\">\n<div class=\"markdown prose w-full break-words dark:prose-invert light\">\n<ul>\n<li><strong>Jak\u00e1 je kapacita potahu u jednor\u00e1zov\u00e9 ELF Box Pulse X 25000?<\/strong>\n<ul>\n<li>Jednor\u00e1zov\u00e1 ELF Box Pulse X nab\u00edz\u00ed p\u016fsobiv\u00fdch 25 000 potah\u016f v re\u017eimu Regular a 15 000 potah\u016f v re\u017eimu Pulse, co\u017e z n\u00ed \u010din\u00ed jednu z nejd\u00e9le vydr\u017e\u00edc\u00edch jednor\u00e1zov\u00fdch vaporiz\u00e9r\u016f na trhu.<\/li>\n<\/ul>\n<\/li>\n<li><strong>Jak\u00e9 jsou dostupn\u00e9 mo\u017enosti nikotinu pro jednor\u00e1zov\u00fd vaporiz\u00e9r ELF BOX 25000?<\/strong>\n<ul>\n<li>ELF Box Pulse X je dostupn\u00fd v n\u011bkolika sil\u00e1ch nikotinu, v\u010detn\u011b 0%, 2%, 3% a 5%. To zahrnuje i mo\u017enost pro <strong>jednor\u00e1zov\u00e1 e-cigareta bez nikotinu<\/strong> pro ty, kte\u0159\u00ed preferuj\u00ed beznikotinovou zku\u0161enost.<\/li>\n<\/ul>\n<\/li>\n<li><strong>Jak syst\u00e9m Dual Mesh Coil zlep\u0161uje z\u00e1\u017eitek z vapov\u00e1n\u00ed?<\/strong>\n<ul>\n<li>Syst\u00e9m Dual Mesh Coil (0,8 ohm + 0,8 ohm) v\u00fdrazn\u011b zlep\u0161uje chu\u0165 a produkci par, poskytuj\u00edc jemn\u011bj\u0161\u00ed a uspokojiv\u011bj\u0161\u00ed z\u00e1\u017eitek z vapov\u00e1n\u00ed.<\/li>\n<\/ul>\n<\/li>\n<li><strong>Je ELF Box Pulse X dob\u00edjec\u00ed?<\/strong>\n<ul>\n<li>Ano, ELF Box 25000 je poh\u00e1n\u011bn dob\u00edjec\u00ed bateri\u00ed o kapacit\u011b 750mAh, co\u017e zaji\u0161\u0165uje dlouhou \u017eivotnost a pohodl\u00ed p\u0159i pou\u017e\u00edv\u00e1n\u00ed.<\/li>\n<\/ul>\n<\/li>\n<li><strong>Kde mohu zakoupit ELF Box Pulse X?<\/strong>\n<ul>\n<li>ELF Box Pulse X je cenov\u011b dostupn\u00fd za velkoobchodn\u00ed ceny, co\u017e z n\u011bj \u010din\u00ed skv\u011blou volbu pro maloobchodn\u00edky a velkoodb\u011bratele. Je tak\u00e9 obl\u00edbenou volbou mezi <strong>mo\u017enost\u00ed jednor\u00e1zov\u00e9ho vaporiz\u00e9ru v \u010cesku<\/strong> mo\u017enostmi, zaji\u0161\u0165uj\u00edc\u00ed dostupnost pro z\u00e1kazn\u00edky v \u010cesk\u00e9 republice.<\/li>\n<\/ul>\n<\/li>\n<\/ul>\n<p>&nbsp;<\/p>\n<\/div>\n<\/div>\n<\/div>\n<\/div>\n<\/div>\n<\/div>\n<\/div>\n<\/div>\n<\/div>\n<\/div>\n<\/div>\n<\/div>\n<h3>O p\u0159eprav\u011b<\/h3>\n<div class=\"flex-shrink-0 flex flex-col relative items-end\">\n<div>\n<div class=\"pt-0\">\n<div class=\"gizmo-bot-avatar flex h-8 w-8 items-center justify-center overflow-hidden rounded-full\">\n<div><\/div>\n<div class=\"relative p-1 rounded-sm flex items-center justify-center bg-token-main-surface-primary text-token-text-primary h-8 w-8\"><strong>1. Jak\u00e9 zp\u016fsoby dopravy se pou\u017e\u00edvaj\u00ed?<\/strong><\/div>\n<\/div>\n<\/div>\n<\/div>\n<\/div>\n<div class=\"group\/conversation-turn relative flex w-full min-w-0 flex-col agent-turn\">\n<div class=\"flex-col gap-1 md:gap-3\">\n<div class=\"flex max-w-full flex-col flex-grow\">\n<div class=\"min-h-[20px] text-message flex w-full flex-col items-end gap-2 whitespace-normal break-words [.text-message+&amp;]:mt-5 overflow-x-auto\" dir=\"auto\" data-message-author-role=\"assistant\" data-message-id=\"22f8283b-3233-46ff-89a5-c7a41b33abda\">\n<div class=\"flex w-full flex-col gap-1 empty:hidden first:pt-[3px]\">\n<div class=\"markdown prose w-full break-words dark:prose-invert light\">\n<p>Spolupracujeme s UPS, DHL, FedEx, DPD a dal\u0161\u00edmi p\u0159edn\u00edmi p\u0159epravci. Vybereme nejlep\u0161\u00ed zp\u016fsob dopravy na z\u00e1klad\u011b va\u0161\u00ed doru\u010dovac\u00ed lokality, abychom zajistili, \u017ee sv\u00e9 produkty obdr\u017e\u00edte co nejrychleji.<\/p>\n<\/div>\n<p><strong>2. Jak dlouho trv\u00e1 doru\u010den\u00ed?<\/strong><\/p>\n<p>Bal\u00ed\u010dky odeslan\u00e9 do \u010cesk\u00e9 republiky obvykle doraz\u00ed do 10 pracovn\u00edch dn\u016f. P\u0159eprava do evropsk\u00fdch zem\u00ed obecn\u011b trv\u00e1 asi 12-15 pracovn\u00edch dn\u016f. O stavu va\u0161\u00ed z\u00e1silky v\u00e1s budeme pr\u016fb\u011b\u017en\u011b informovat.<\/p>\n<\/div>\n<\/div>\n<\/div>\n<\/div>\n<\/div>\n<p>&nbsp;<\/p>\n<p>Dal\u0161\u00ed obl\u00edben\u00e9 jednor\u00e1zov\u00e9 e-cigarety, kter\u00e9 by se v\u00e1m mohly l\u00edbit:<\/p>\n<p><a href=\"https:\/\/rmvapesale.com\/cs\/product\/bang-box-20000-puffs-vape-0-2-5-nicotine\/\"><strong>Bang Box 20000 Potah\u00a0 \u00a0<span style=\"color: #ff0000\">&gt;&gt;&gt;&gt; j\u00edt!<\/span><\/strong><\/a><\/p>\n<p><strong><a href=\"https:\/\/rmvapesale.com\/cs\/product\/faivono-bang-maxi-15000-puffs-disposable-vape-bulk-wholesale\/\">AIVONO Aim Bang Maxi 15000 pot\u00e1hnut\u00ed <span style=\"color: #ff0000\">&gt;&gt;&gt;&gt; j\u00edt!<\/span><\/a>\u00a0<\/strong><\/p>\n<p><a href=\"https:\/\/rmvapesale.com\/cs\/product\/bang-tornado-13000-puffs-disposable-vape-pen-wholesale-price\/\"><strong>Bang Tornado 13000 <span style=\"color: #ff0000\">&gt;&gt;&gt;&gt; j\u00edt!<\/span><\/strong><\/a><\/p>\n<p>&nbsp;<\/p>\n<p>&nbsp;<\/p>\n<p>Naj\u00edt v\u00edce produkt\u016f pro vaping, kter\u00e9 by se v\u00e1m mohly l\u00edbit:<strong><em><a href=\"https:\/\/rmvapesale.com\/cs\/shop-2\/\">nakupujte nyn\u00ed &gt;&gt;&gt;<\/a><\/em><\/strong><\/p>","protected":false},"excerpt":{"rendered":"<p>Elf Box Pulse X 25000 Puffs 2% N\u00edzk\u00fd nikotin Jednor\u00e1zov\u00fd vaporiz\u00e9r<br \/>\nELF BOX Pulse X 25000 Puffs Velkoobchod s jednor\u00e1zov\u00fdmi vaporiz\u00e9ry<br \/>\nVape Jednor\u00e1zov\u00fd ELF BOX PULSE X 25000 Puff Hromadn\u00fd n\u00e1kup<\/p>\n<p><img loading=\"lazy\" decoding=\"async\" class=\"size-full wp-image-2375\" src=\"https:\/\/rmvapesale.com\/wp-content\/uploads\/2024\/10\/image.png\" alt=\"Nejlep\u0161\u00ed jednor\u00e1zov\u00e1 e-cigareta\" width=\"229\" height=\"300\" \/><\/p>\n<h3><a href=\"https:\/\/wa.me\/8617776015835\"><span style=\"color: #ff0000\"><strong>WhatsApp: +86 17776015835<\/strong><\/span><\/a><\/h3>\n<p>&nbsp;<\/p>","protected":false},"featured_media":2442,"comment_status":"open","ping_status":"closed","template":"","meta":{"_uag_custom_page_level_css":"","_lmt_disableupdate":"","_lmt_disable":"","site-sidebar-layout":"default","site-content-layout":"content-boxed-container","ast-site-content-layout":"normal-width-container","site-content-style":"boxed","site-sidebar-style":"unboxed","ast-global-header-display":"","ast-banner-title-visibility":"","ast-main-header-display":"","ast-hfb-above-header-display":"","ast-hfb-below-header-display":"","ast-hfb-mobile-header-display":"","site-post-title":"","ast-breadcrumbs-content":"","ast-featured-img":"","footer-sml-layout":"","theme-transparent-header-meta":"default","adv-header-id-meta":"","stick-header-meta":"","header-above-stick-meta":"","header-main-stick-meta":"","header-below-stick-meta":"","astra-migrate-meta-layouts":"set","ast-page-background-enabled":"default","ast-page-background-meta":{"desktop":{"background-color":"var(--ast-global-color-4)","background-image":"","background-repeat":"repeat","background-position":"center center","background-size":"auto","background-attachment":"scroll","background-type":"","background-media":"","overlay-type":"","overlay-color":"","overlay-opacity":"","overlay-gradient":""},"tablet":{"background-color":"","background-image":"","background-repeat":"repeat","background-position":"center center","background-size":"auto","background-attachment":"scroll","background-type":"","background-media":"","overlay-type":"","overlay-color":"","overlay-opacity":"","overlay-gradient":""},"mobile":{"background-color":"","background-image":"","background-repeat":"repeat","background-position":"center center","background-size":"auto","background-attachment":"scroll","background-type":"","background-media":"","overlay-type":"","overlay-color":"","overlay-opacity":"","overlay-gradient":""}},"ast-content-background-meta":{"desktop":{"background-color":"var(--ast-global-color-5)","background-image":"","background-repeat":"repeat","background-position":"center center","background-size":"auto","background-attachment":"scroll","background-type":"","background-media":"","overlay-type":"","overlay-color":"","overlay-opacity":"","overlay-gradient":""},"tablet":{"background-color":"var(--ast-global-color-5)","background-image":"","background-repeat":"repeat","background-position":"center center","background-size":"auto","background-attachment":"scroll","background-type":"","background-media":"","overlay-type":"","overlay-color":"","overlay-opacity":"","overlay-gradient":""},"mobile":{"background-color":"var(--ast-global-color-5)","background-image":"","background-repeat":"repeat","background-position":"center center","background-size":"auto","background-attachment":"scroll","background-type":"","background-media":"","overlay-type":"","overlay-color":"","overlay-opacity":"","overlay-gradient":""}},"_joinchat":[]},"product_brand":[],"product_cat":[15,25,123,26,28,135,27,60,137,136,30],"product_tag":[156,146,155,158,132,154,157],"class_list":{"0":"post-2441","1":"product","2":"type-product","3":"status-publish","4":"has-post-thumbnail","6":"product_cat-new-vape-this-week","7":"product_cat-germany-best-selling-vape","8":"product_cat-italy-wholesale-vape","9":"product_cat-netherlands-hot-sale-vape","10":"product_cat-poland-hot-sale-vape","11":"product_cat-spain-best-hot-sale-vape","12":"product_cat-fance-hot-sale-vape","13":"product_cat-bang-vapes","14":"product_cat-rechargeable-vapes","15":"product_cat-smart-screen-vapes","16":"product_cat-minimum-order-quantity-50pcs","17":"product_tag-0-nicotine-disposable-vape","18":"product_tag-best-hot-sale-vape","19":"product_tag-digital-display-box","20":"product_tag-elf-box-disposable-vape","21":"product_tag-rechargeable-vape","22":"product_tag-smart-vape","23":"product_tag-vape-disposable","24":"desktop-align-left","25":"tablet-align-left","26":"mobile-align-left","28":"first","29":"instock","30":"sale","31":"shipping-taxable","32":"purchasable","33":"product-type-simple"},"uagb_featured_image_src":{"full":["https:\/\/rmvapesale.com\/wp-content\/uploads\/2024\/10\/Best-Disposable-Vape-Elf-Box.png",805,805,false],"thumbnail":["https:\/\/rmvapesale.com\/wp-content\/uploads\/2024\/10\/Best-Disposable-Vape-Elf-Box-150x150.png",150,150,true],"medium":["https:\/\/rmvapesale.com\/wp-content\/uploads\/2024\/10\/Best-Disposable-Vape-Elf-Box-300x300.png",300,300,true],"medium_large":["https:\/\/rmvapesale.com\/wp-content\/uploads\/2024\/10\/Best-Disposable-Vape-Elf-Box-768x768.png",768,768,true],"large":["https:\/\/rmvapesale.com\/wp-content\/uploads\/2024\/10\/Best-Disposable-Vape-Elf-Box.png",805,805,false],"1536x1536":["https:\/\/rmvapesale.com\/wp-content\/uploads\/2024\/10\/Best-Disposable-Vape-Elf-Box.png",805,805,false],"2048x2048":["https:\/\/rmvapesale.com\/wp-content\/uploads\/2024\/10\/Best-Disposable-Vape-Elf-Box.png",805,805,false],"trp-custom-language-flag":["https:\/\/rmvapesale.com\/wp-content\/uploads\/2024\/10\/Best-Disposable-Vape-Elf-Box.png",12,12,false],"woocommerce_thumbnail":["https:\/\/rmvapesale.com\/wp-content\/uploads\/2024\/10\/Best-Disposable-Vape-Elf-Box-300x300.png",300,300,true],"woocommerce_single":["https:\/\/rmvapesale.com\/wp-content\/uploads\/2024\/10\/Best-Disposable-Vape-Elf-Box-600x600.png",600,600,true],"woocommerce_gallery_thumbnail":["https:\/\/rmvapesale.com\/wp-content\/uploads\/2024\/10\/Best-Disposable-Vape-Elf-Box-100x100.png",100,100,true],"wcpr-photo-reviews":["https:\/\/rmvapesale.com\/wp-content\/uploads\/2024\/10\/Best-Disposable-Vape-Elf-Box.png",500,500,false]},"uagb_author_info":{"display_name":"AMY","author_link":"https:\/\/rmvapesale.com\/cs\/author\/"},"uagb_comment_info":0,"uagb_excerpt":"Elf Box Pulse X 25000 Puffs 2% Low Nicotine Disposable Vape ELF BOX Pulse X 25000 Puffs Disposable Vape wholesale Vape Disposable ELF BOX PULSE X 25000 Puff Bulk Buy WhatsApp: +86 17776015835 &nbsp;","_links":{"self":[{"href":"https:\/\/rmvapesale.com\/cs\/wp-json\/wp\/v2\/product\/2441","targetHints":{"allow":["GET"]}}],"collection":[{"href":"https:\/\/rmvapesale.com\/cs\/wp-json\/wp\/v2\/product"}],"about":[{"href":"https:\/\/rmvapesale.com\/cs\/wp-json\/wp\/v2\/types\/product"}],"replies":[{"embeddable":true,"href":"https:\/\/rmvapesale.com\/cs\/wp-json\/wp\/v2\/comments?post=2441"}],"wp:featuredmedia":[{"embeddable":true,"href":"https:\/\/rmvapesale.com\/cs\/wp-json\/wp\/v2\/media\/2442"}],"wp:attachment":[{"href":"https:\/\/rmvapesale.com\/cs\/wp-json\/wp\/v2\/media?parent=2441"}],"wp:term":[{"taxonomy":"product_brand","embeddable":true,"href":"https:\/\/rmvapesale.com\/cs\/wp-json\/wp\/v2\/product_brand?post=2441"},{"taxonomy":"product_cat","embeddable":true,"href":"https:\/\/rmvapesale.com\/cs\/wp-json\/wp\/v2\/product_cat?post=2441"},{"taxonomy":"product_tag","embeddable":true,"href":"https:\/\/rmvapesale.com\/cs\/wp-json\/wp\/v2\/product_tag?post=2441"}],"curies":[{"name":"wp","href":"https:\/\/api.w.org\/{rel}","templated":true}]}}