{"id":2449,"date":"2024-10-17T06:25:44","date_gmt":"2024-10-17T06:25:44","guid":{"rendered":"https:\/\/rmvapesale.com\/?post_type=product&#038;p=2449"},"modified":"2024-10-18T09:00:26","modified_gmt":"2024-10-18T09:00:26","slug":"aivono-aim-gun-7000-puffs-disposable-vape-cheap-price","status":"publish","type":"product","link":"https:\/\/rmvapesale.com\/cs\/product\/aivono-aim-gun-7000-puffs-disposable-vape-cheap-price\/","title":{"rendered":"Aivono Aim Gun 7000 \u0160luk\u016f Jednor\u00e1zov\u00e9 Vape Levn\u00e1 Cena"},"content":{"rendered":"<div class=\"B2VR9 CJHX3e\">\n<div class=\"wyccme\">\n<h1 class=\"LC20lb MBeuO DKV0Md\">Aivono Aim Gun 7000 \u0160luk\u016f Jednor\u00e1zov\u00e9 Vape Levn\u00e1 Cena<\/h1>\n<div class=\"flex-shrink-0 flex flex-col relative items-end\">\n<div class=\"pt-0\">\n<div class=\"gizmo-bot-avatar flex h-8 w-8 items-center justify-center overflow-hidden rounded-full\">\n<div class=\"relative p-1 rounded-sm flex items-center justify-center bg-token-main-surface-primary text-token-text-primary h-8 w-8\">\n<p>Jednor\u00e1zov\u00e1 e-cigareta Aivono Aim Gun 7000 pot\u00e1hnut\u00ed je pr\u00e9miov\u00e9 za\u0159\u00edzen\u00ed navr\u017een\u00e9 tak, aby poskytovalo v\u00fdjime\u010dn\u00fd z\u00e1\u017eitek z vapov\u00e1n\u00ed s velk\u00fdm v\u00fdkonem. Tato jednor\u00e1zov\u00e1 e-cigareta je vybavena 12ml kapacitou e-liquidu, kter\u00e1 nab\u00edz\u00ed r\u016fzn\u00e9 s\u00edly nikotinu: 0%, 2%, 3% a 5%, co\u017e vyhovuje r\u016fzn\u00fdm preferenc\u00edm u\u017eivatel\u016f. S 1,2\u03a9 Mesh spir\u00e1lkou a v\u00fdkonnou 500mAh dob\u00edjec\u00ed bateri\u00ed zaji\u0161\u0165uje za\u0159\u00edzen\u00ed konzistentn\u00ed produkci p\u00e1ry a hladk\u00fd potah s ka\u017ed\u00fdm nadechnut\u00edm.<\/p>\n<p>D\u00edky praktick\u00e9mu nab\u00edjec\u00edmu portu na spodn\u00ed stran\u011b zaji\u0161\u0165uje Aivono Aim Gun, \u017ee m\u016f\u017eete spot\u0159ebovat ka\u017edou posledn\u00ed kapku e-liquidu, co\u017e maximalizuje \u017eivotnost za\u0159\u00edzen\u00ed.<\/p>\n<p>D\u00edky sv\u00e9mu elegantn\u00edmu designu a spolehliv\u00e9mu v\u00fdkonu je Aivono Aim Gun 7000 pot\u00e1hnut\u00ed ide\u00e1ln\u00ed jak pro p\u0159\u00edle\u017eitostn\u00e9, tak i zku\u0161en\u00e9 vapery. A\u0165 u\u017e tou\u017e\u00edte po siln\u00e9m hitu, nebo jen hled\u00e1te vysoce kvalitn\u00ed za\u0159\u00edzen\u00ed, toto za\u0159\u00edzen\u00ed je ide\u00e1ln\u00ed pro vapov\u00e1n\u00ed na cest\u00e1ch.<\/p>\n<\/div>\n<\/div>\n<\/div>\n<\/div>\n<\/div>\n<\/div>\n<p><strong>Kontaktujte Amy a z\u00edskejte spr\u00e1vnou odpov\u011b\u010f a dal\u0161\u00ed produktov\u00e1 videa!<\/strong><\/p>\n<p><img loading=\"lazy\" decoding=\"async\" class=\"size-full wp-image-1978\" src=\"https:\/\/rmvapesale.com\/wp-content\/uploads\/2024\/09\/Disposable-Vape-Wholesale.jpg\" alt=\"Jednor\u00e1zov\u00e1 e-cigareta velkoobchod\" width=\"229\" height=\"300\" \/><\/p>\n<h3><a href=\"https:\/\/wa.me\/8617776015835\" target=\"_blank\" rel=\"noopener\"><span style=\"color: #ff0000\"><strong>WhatsApp: +86 17776015835<\/strong><\/span><\/a><\/h3>\n<p>&nbsp;<\/p>\n<h2><\/h2>\n<h2><strong>Aivono Gun 7000 pot\u00e1hnut\u00ed Jednor\u00e1zov\u00e1<\/strong><strong>\u00a0<\/strong><strong>Kl\u00ed\u010dov\u00e9 vlastnosti<\/strong><\/h2>\n<p>Nikotin: 0% 2% 3% 5%<br \/>\nPot\u00e1hnut\u00ed: 7000<br \/>\nKapacita: 12ml<br \/>\nK dispozici 10 p\u0159\u00edchut\u00ed<br \/>\n500mAh dob\u00edjec\u00ed<br \/>\n1.2\u03a9 Mesh spir\u00e1lka<\/p>\n<h2><\/h2>\n<h2><strong>Nejlep\u0161\u00ed p\u0159\u00edchu\u0165 pro <\/strong><strong>Aivono Gun 7000 pot\u00e1hnut\u00ed Jednor\u00e1zov\u00fd Pod<\/strong><\/h2>\n<h2><\/h2>\n<p>Vyberte si z 10 lahodn\u00fdch p\u0159\u00edchut\u00ed a u\u017eijte si uspokojiv\u00fd z\u00e1\u017eitek, kter\u00fd ocen\u00ed vaper\u0159i v\u0161ech \u00farovn\u00ed. Tato e-cigareta poskytuje dokonalou rovnov\u00e1hu chuti a p\u00e1ry, co\u017e z n\u00ed \u010din\u00ed \u0161pi\u010dkov\u00e9ho kandid\u00e1ta pro ty, kte\u0159\u00ed hledaj\u00ed nejlep\u0161\u00ed e-cigaretu na trhu.<\/p>\n<p>1. Ananas Kokos Led<span style=\"color: #ff0000\"><strong>&gt;&gt;&gt;&gt; Hork\u00e9!<\/strong><\/span><br \/>\n2. Jahodov\u00e1 Zmrzlina<br \/>\n3.Jahoda Vodn\u00ed meloun Broskev<br \/>\n4. Bor\u016fvka Malina Citron<br \/>\n5.Vodn\u00ed meloun ledov\u00fd<br \/>\n6.Sm\u00ed\u0161en\u00e9 bobule <span style=\"color: #ff0000\"><strong>&gt;&gt;&gt;&gt; Nejlep\u0161\u00ed!<\/strong><\/span><br \/>\n7.Bor\u016fvka na ledu<span style=\"color: #ff0000\"><strong>&gt;&gt;&gt;&gt; Hork\u00e9!<\/strong><\/span><br \/>\n8.Broskvov\u00e1 led<br \/>\n9. Hroznov\u00e1 led<br \/>\n10.Jahoda Ban\u00e1n<\/p>\n<figure id=\"attachment_2456\" aria-describedby=\"caption-attachment-2456\" style=\"width: 800px\" class=\"wp-caption alignnone\"><img loading=\"lazy\" decoding=\"async\" class=\"wp-image-2456 size-full\" src=\"https:\/\/rmvapesale.com\/wp-content\/uploads\/2024\/10\/AIVONO-AIM-GUN-7000Puffs-Disposable-Vape.png\" alt=\"AIVONO AIM GUN 7000 Puff Jednor\u00e1zov\u00e9 Vape Pody\" width=\"800\" height=\"639\" srcset=\"https:\/\/rmvapesale.com\/wp-content\/uploads\/2024\/10\/AIVONO-AIM-GUN-7000Puffs-Disposable-Vape.png 800w, https:\/\/rmvapesale.com\/wp-content\/uploads\/2024\/10\/AIVONO-AIM-GUN-7000Puffs-Disposable-Vape-300x240.png 300w, https:\/\/rmvapesale.com\/wp-content\/uploads\/2024\/10\/AIVONO-AIM-GUN-7000Puffs-Disposable-Vape-768x613.png 768w, https:\/\/rmvapesale.com\/wp-content\/uploads\/2024\/10\/AIVONO-AIM-GUN-7000Puffs-Disposable-Vape-600x479.png 600w\" sizes=\"auto, (max-width: 800px) 100vw, 800px\" \/><figcaption id=\"caption-attachment-2456\" class=\"wp-caption-text\">AIVONO AIM GUN 7000 Puff Jednor\u00e1zov\u00e9 Vape Pody<\/figcaption><\/figure>\n<p>&nbsp;<\/p>\n<h3><strong>Pro\u010d zvolit Rmvapesale pro Aivono Aim Gun 7000 Puffs<\/strong><strong>?<\/strong><\/h3>\n<div class=\"flex-shrink-0 flex flex-col relative items-end\">\n<div class=\"pt-0\">\n<div class=\"gizmo-bot-avatar flex h-8 w-8 items-center justify-center overflow-hidden rounded-full\">\n<div class=\"relative p-1 rounded-sm flex items-center justify-center bg-token-main-surface-primary text-token-text-primary h-8 w-8\">\n<p>&nbsp;<\/p>\n<p>Kdy\u017e si vyberete Rmvapesale pro sv\u00e9 velkoobchodn\u00ed pot\u0159eby jednor\u00e1zov\u00fdch vap\u016f, z\u00edsk\u00e1te:<\/p>\n<ul>\n<li><strong>Konkuren\u010dn\u00ed cena<\/strong>: Z\u00edskejte p\u0159\u00edstup k atraktivn\u00edm velkoobchodn\u00edm cen\u00e1m, kter\u00e9 zv\u00fd\u0161\u00ed mar\u017ee va\u0161eho podnik\u00e1n\u00ed.<\/li>\n<li><strong>Vysok\u00e1 kvalita<\/strong>: Na\u0161e vapy jsou vyr\u00e1b\u011bny podle nejvy\u0161\u0161\u00edch standard\u016f a <span style=\"color: #ff0000\"><strong>zaru\u010den\u011b 100% origin\u00e1ln\u00ed a autentick\u00e9, nebo 10n\u00e1sobn\u00e1 kompenzace za pad\u011blky!<\/strong><\/span><\/li>\n<li><strong>Vynikaj\u00edc\u00ed z\u00e1kaznick\u00fd servis<\/strong>: N\u00e1\u0161 specializovan\u00fd t\u00fdm je v\u00e1m v\u017edy p\u0159ipraven pomoci a u\u010dinit tak v\u00e1\u0161 n\u00e1kupn\u00ed proces plynul\u00fdm a bezprobl\u00e9mov\u00fdm.<\/li>\n<li><strong>Rychl\u00e9 doru\u010den\u00ed<\/strong>: M\u016f\u017eete o\u010dek\u00e1vat rychlou a spolehlivou p\u0159epravu, kter\u00e1 zajist\u00ed, \u017ee va\u0161e objedn\u00e1vky doraz\u00ed v\u010das, poka\u017ed\u00e9.<\/li>\n<\/ul>\n<\/div>\n<h3><\/h3>\n<div class=\"relative p-1 rounded-sm flex items-center justify-center bg-token-main-surface-primary text-token-text-primary h-8 w-8\">\n<h3><b>\u010casto kladen\u00e9 ot\u00e1zky<\/b><\/h3>\n<p>&nbsp;<\/p>\n<ul>\n<li><strong>Jak\u00e1 je kapacita e-liquidu u jednor\u00e1zov\u00e9ho vape Aivono Aim Gun 7000 Puffs?<\/strong>\n<ul>\n<li>Jednor\u00e1zov\u00fd vape Aivono Aim Gun 7000 Puffs obsahuje 12ml e-liquidu, co\u017e nab\u00edz\u00ed dlouhotrvaj\u00edc\u00ed vapovac\u00ed z\u00e1\u017eitek s a\u017e 7000 potahy na jedno za\u0159\u00edzen\u00ed.<\/li>\n<\/ul>\n<\/li>\n<li><strong>Jak\u00e9 s\u00edly nikotinu jsou k dispozici pro Aivono Aim Gun 7000 Puffs?<\/strong>\n<ul>\n<li>Aivono 7000 nab\u00edz\u00ed mo\u017enosti s\u00edly nikotinu 0%, 2%, 3% a 5%, co\u017e je vhodn\u00e9 pro u\u017eivatele s r\u016fzn\u00fdmi preferencemi nikotinu.<\/li>\n<\/ul>\n<\/li>\n<li><strong>Mohu dob\u00edt jednor\u00e1zov\u00fd vape Aivono Aim Gun 7000 Puffs?<\/strong>\n<ul>\n<li>Ano, Aivono Aim Gun je vybaven dob\u00edjec\u00ed bateri\u00ed 500mAh a m\u00e1 nab\u00edjec\u00ed port na spodn\u00ed stran\u011b, aby bylo zaji\u0161t\u011bno, \u017ee m\u016f\u017eete spot\u0159ebovat ve\u0161ker\u00fd e-liquid v n\u00e1dr\u017ei.<\/li>\n<\/ul>\n<\/li>\n<li><strong>Jak\u00fd typ c\u00edvky se pou\u017e\u00edv\u00e1 v Aivono Aim Gun 7000 Puffs?<\/strong>\n<ul>\n<li>Tento jednor\u00e1zov\u00fd vape pou\u017e\u00edv\u00e1 1.2\u03a9 s\u00ed\u0165ovou c\u00edvku, kter\u00e1 zlep\u0161uje produkci p\u00e1ry a chu\u0165 pro hladk\u00fd a uspokojuj\u00edc\u00ed vapovac\u00ed z\u00e1\u017eitek.<\/li>\n<\/ul>\n<\/li>\n<li><strong>Jak\u00e9 p\u0159\u00edchut\u011b jsou k dispozici pro jednor\u00e1zov\u00fd vape Aivono Aim Gun 7000 Puffs?<\/strong>\n<ul>\n<li>Aivono Aim Gun nab\u00edz\u00ed 10 r\u016fzn\u00fdch p\u0159\u00edchut\u00ed, kter\u00e9 poskytuj\u00ed r\u016fzn\u00e9 mo\u017enosti, aby vyhovovaly va\u0161im chu\u0165ov\u00fdm preferenc\u00edm a zajistily jedine\u010dn\u00fd vapovac\u00ed z\u00e1\u017eitek s ka\u017edou p\u0159\u00edchut\u00ed.<\/li>\n<\/ul>\n<\/li>\n<\/ul>\n<\/div>\n<\/div>\n<\/div>\n<\/div>\n<div class=\"group\/conversation-turn relative flex w-full min-w-0 flex-col agent-turn\">\n<div class=\"flex-col gap-1 md:gap-3\">\n<div class=\"flex max-w-full flex-col flex-grow\">\n<div class=\"min-h-8 text-message flex w-full flex-col items-end gap-2 whitespace-normal break-words [.text-message+&amp;]:mt-5\" dir=\"auto\" data-message-author-role=\"assistant\" data-message-id=\"f226d3fc-81f3-46d5-8c46-31787fff0357\">\n<div class=\"flex w-full flex-col gap-1 empty:hidden first:pt-[3px]\">\n<div class=\"markdown prose w-full break-words dark:prose-invert light\">\n<div class=\"group\/conversation-turn relative flex w-full min-w-0 flex-col agent-turn\">\n<div class=\"flex-col gap-1 md:gap-3\">\n<div class=\"flex max-w-full flex-col flex-grow\">\n<div class=\"min-h-8 text-message flex w-full flex-col items-end gap-2 whitespace-normal break-words [.text-message+&amp;]:mt-5\" dir=\"auto\" data-message-author-role=\"assistant\" data-message-id=\"91d2b73b-9149-4888-a964-4b8464e0e6e3\" data-message-model-slug=\"gpt-4o\">\n<div class=\"flex w-full flex-col gap-1 empty:hidden first:pt-[3px]\">\n<div class=\"markdown prose w-full break-words dark:prose-invert light\">\n<p>&nbsp;<\/p>\n<p>&nbsp;<\/p>\n<\/div>\n<\/div>\n<\/div>\n<\/div>\n<\/div>\n<\/div>\n<\/div>\n<\/div>\n<\/div>\n<\/div>\n<\/div>\n<\/div>\n<h3>O p\u0159eprav\u011b<\/h3>\n<div class=\"flex-shrink-0 flex flex-col relative items-end\">\n<div>\n<div class=\"pt-0\">\n<div class=\"gizmo-bot-avatar flex h-8 w-8 items-center justify-center overflow-hidden rounded-full\">\n<div><\/div>\n<div class=\"relative p-1 rounded-sm flex items-center justify-center bg-token-main-surface-primary text-token-text-primary h-8 w-8\"><strong>1. Jak\u00e9 zp\u016fsoby dopravy se pou\u017e\u00edvaj\u00ed?<\/strong><\/div>\n<\/div>\n<\/div>\n<\/div>\n<\/div>\n<div class=\"group\/conversation-turn relative flex w-full min-w-0 flex-col agent-turn\">\n<div class=\"flex-col gap-1 md:gap-3\">\n<div class=\"flex max-w-full flex-col flex-grow\">\n<div class=\"min-h-[20px] text-message flex w-full flex-col items-end gap-2 whitespace-normal break-words [.text-message+&amp;]:mt-5 overflow-x-auto\" dir=\"auto\" data-message-author-role=\"assistant\" data-message-id=\"22f8283b-3233-46ff-89a5-c7a41b33abda\">\n<div class=\"flex w-full flex-col gap-1 empty:hidden first:pt-[3px]\">\n<div class=\"markdown prose w-full break-words dark:prose-invert light\">\n<p>Spolupracujeme s UPS, DHL, FedEx, DPD a dal\u0161\u00edmi p\u0159edn\u00edmi p\u0159epravci. Vybereme nejlep\u0161\u00ed zp\u016fsob dopravy na z\u00e1klad\u011b va\u0161\u00ed doru\u010dovac\u00ed lokality, abychom zajistili, \u017ee sv\u00e9 produkty obdr\u017e\u00edte co nejrychleji.<\/p>\n<\/div>\n<p><strong>2. Jak dlouho trv\u00e1 doru\u010den\u00ed?<\/strong><\/p>\n<p>Bal\u00ed\u010dky odeslan\u00e9 do \u010cesk\u00e9 republiky obvykle doraz\u00ed do 10 pracovn\u00edch dn\u016f. P\u0159eprava do evropsk\u00fdch zem\u00ed obecn\u011b trv\u00e1 asi 12-15 pracovn\u00edch dn\u016f. O stavu va\u0161\u00ed z\u00e1silky v\u00e1s budeme pr\u016fb\u011b\u017en\u011b informovat.<\/p>\n<\/div>\n<\/div>\n<\/div>\n<\/div>\n<\/div>\n<p>&nbsp;<\/p>\n<p>Dal\u0161\u00ed obl\u00edben\u00e9 jednor\u00e1zov\u00e9 e-cigarety, kter\u00e9 by se v\u00e1m mohly l\u00edbit:<\/p>\n<p><a href=\"https:\/\/rmvapesale.com\/cs\/product\/bang-box-20000-puffs-vape-0-2-5-nicotine\/\"><strong>Bang Box 20000 Potah\u00a0 \u00a0<span style=\"color: #ff0000\">&gt;&gt;&gt;&gt; j\u00edt!<\/span><\/strong><\/a><\/p>\n<p><strong><a href=\"https:\/\/rmvapesale.com\/cs\/product\/faivono-bang-maxi-15000-puffs-disposable-vape-bulk-wholesale\/\">AIVONO Aim Bang Maxi 15000 pot\u00e1hnut\u00ed <span style=\"color: #ff0000\">&gt;&gt;&gt;&gt; j\u00edt!<\/span><\/a>\u00a0<\/strong><\/p>\n<p><a href=\"https:\/\/rmvapesale.com\/cs\/product\/bang-tornado-13000-puffs-disposable-vape-pen-wholesale-price\/\"><strong>Bang Tornado 13000 <span style=\"color: #ff0000\">&gt;&gt;&gt;&gt; j\u00edt!<\/span><\/strong><\/a><\/p>\n<p>&nbsp;<\/p>\n<p>&nbsp;<\/p>\n<p>Naj\u00edt v\u00edce produkt\u016f pro vaping, kter\u00e9 by se v\u00e1m mohly l\u00edbit:<strong><em><a href=\"https:\/\/rmvapesale.com\/cs\/shop-2\/\">nakupujte nyn\u00ed &gt;&gt;&gt;<\/a><\/em><\/strong><\/p>","protected":false},"excerpt":{"rendered":"<p>AIVONO AIM GUN 7000 pot\u00e1hnut\u00ed Jednor\u00e1zov\u00e1 e-cigareta Velkoobchod<br \/>\nAivono Aim Jednor\u00e1zov\u00e1 e-cigareta Pod 7000 pot\u00e1hnut\u00ed Velkoobchod<br \/>\nAIVONO AIM GUN Jednor\u00e1zov\u00e1 e-cigareta 7000 pot\u00e1hnut\u00ed 10 p\u0159\u00edchut\u00ed<\/p>\n<p><img loading=\"lazy\" decoding=\"async\" class=\"size-full wp-image-2375\" src=\"https:\/\/rmvapesale.com\/wp-content\/uploads\/2024\/10\/image.png\" alt=\"Nejlep\u0161\u00ed jednor\u00e1zov\u00e1 e-cigareta\" width=\"229\" height=\"300\" \/><\/p>\n<h3><a href=\"https:\/\/wa.me\/8617776015835\"><span style=\"color: #ff0000\"><strong>WhatsApp: +86 17776015835<\/strong><\/span><\/a><\/h3>\n<p>&nbsp;<\/p>","protected":false},"featured_media":2458,"comment_status":"open","ping_status":"closed","template":"","meta":{"_uag_custom_page_level_css":"","_lmt_disableupdate":"","_lmt_disable":"","site-sidebar-layout":"default","site-content-layout":"content-boxed-container","ast-site-content-layout":"normal-width-container","site-content-style":"boxed","site-sidebar-style":"unboxed","ast-global-header-display":"","ast-banner-title-visibility":"","ast-main-header-display":"","ast-hfb-above-header-display":"","ast-hfb-below-header-display":"","ast-hfb-mobile-header-display":"","site-post-title":"","ast-breadcrumbs-content":"","ast-featured-img":"","footer-sml-layout":"","ast-disable-related-posts":"","theme-transparent-header-meta":"default","adv-header-id-meta":"","stick-header-meta":"","header-above-stick-meta":"","header-main-stick-meta":"","header-below-stick-meta":"","astra-migrate-meta-layouts":"set","ast-page-background-enabled":"default","ast-page-background-meta":{"desktop":{"background-color":"var(--ast-global-color-4)","background-image":"","background-repeat":"repeat","background-position":"center center","background-size":"auto","background-attachment":"scroll","background-type":"","background-media":"","overlay-type":"","overlay-color":"","overlay-opacity":"","overlay-gradient":""},"tablet":{"background-color":"","background-image":"","background-repeat":"repeat","background-position":"center center","background-size":"auto","background-attachment":"scroll","background-type":"","background-media":"","overlay-type":"","overlay-color":"","overlay-opacity":"","overlay-gradient":""},"mobile":{"background-color":"","background-image":"","background-repeat":"repeat","background-position":"center center","background-size":"auto","background-attachment":"scroll","background-type":"","background-media":"","overlay-type":"","overlay-color":"","overlay-opacity":"","overlay-gradient":""}},"ast-content-background-meta":{"desktop":{"background-color":"var(--ast-global-color-5)","background-image":"","background-repeat":"repeat","background-position":"center center","background-size":"auto","background-attachment":"scroll","background-type":"","background-media":"","overlay-type":"","overlay-color":"","overlay-opacity":"","overlay-gradient":""},"tablet":{"background-color":"var(--ast-global-color-5)","background-image":"","background-repeat":"repeat","background-position":"center center","background-size":"auto","background-attachment":"scroll","background-type":"","background-media":"","overlay-type":"","overlay-color":"","overlay-opacity":"","overlay-gradient":""},"mobile":{"background-color":"var(--ast-global-color-5)","background-image":"","background-repeat":"repeat","background-position":"center center","background-size":"auto","background-attachment":"scroll","background-type":"","background-media":"","overlay-type":"","overlay-color":"","overlay-opacity":"","overlay-gradient":""}},"_joinchat":[]},"product_brand":[],"product_cat":[15,27,25,123,30,26,28,137,135],"product_tag":[156,146,155,132,157],"class_list":{"0":"post-2449","1":"product","2":"type-product","3":"status-publish","4":"has-post-thumbnail","6":"product_cat-new-vape-this-week","7":"product_cat-fance-hot-sale-vape","8":"product_cat-germany-best-selling-vape","9":"product_cat-italy-wholesale-vape","10":"product_cat-minimum-order-quantity-50pcs","11":"product_cat-netherlands-hot-sale-vape","12":"product_cat-poland-hot-sale-vape","13":"product_cat-rechargeable-vapes","14":"product_cat-spain-best-hot-sale-vape","15":"product_tag-0-nicotine-disposable-vape","16":"product_tag-best-hot-sale-vape","17":"product_tag-digital-display-box","18":"product_tag-rechargeable-vape","19":"product_tag-vape-disposable","20":"desktop-align-left","21":"tablet-align-left","22":"mobile-align-left","24":"first","25":"instock","26":"sale","27":"shipping-taxable","28":"purchasable","29":"product-type-simple"},"uagb_featured_image_src":{"full":["https:\/\/rmvapesale.com\/wp-content\/uploads\/2024\/10\/AIVONO-AIM-GUN-7000Puffs-Vape.png",800,800,false],"thumbnail":["https:\/\/rmvapesale.com\/wp-content\/uploads\/2024\/10\/AIVONO-AIM-GUN-7000Puffs-Vape-150x150.png",150,150,true],"medium":["https:\/\/rmvapesale.com\/wp-content\/uploads\/2024\/10\/AIVONO-AIM-GUN-7000Puffs-Vape-300x300.png",300,300,true],"medium_large":["https:\/\/rmvapesale.com\/wp-content\/uploads\/2024\/10\/AIVONO-AIM-GUN-7000Puffs-Vape-768x768.png",768,768,true],"large":["https:\/\/rmvapesale.com\/wp-content\/uploads\/2024\/10\/AIVONO-AIM-GUN-7000Puffs-Vape.png",800,800,false],"1536x1536":["https:\/\/rmvapesale.com\/wp-content\/uploads\/2024\/10\/AIVONO-AIM-GUN-7000Puffs-Vape.png",800,800,false],"2048x2048":["https:\/\/rmvapesale.com\/wp-content\/uploads\/2024\/10\/AIVONO-AIM-GUN-7000Puffs-Vape.png",800,800,false],"trp-custom-language-flag":["https:\/\/rmvapesale.com\/wp-content\/uploads\/2024\/10\/AIVONO-AIM-GUN-7000Puffs-Vape.png",12,12,false],"woocommerce_thumbnail":["https:\/\/rmvapesale.com\/wp-content\/uploads\/2024\/10\/AIVONO-AIM-GUN-7000Puffs-Vape-300x300.png",300,300,true],"woocommerce_single":["https:\/\/rmvapesale.com\/wp-content\/uploads\/2024\/10\/AIVONO-AIM-GUN-7000Puffs-Vape-600x600.png",600,600,true],"woocommerce_gallery_thumbnail":["https:\/\/rmvapesale.com\/wp-content\/uploads\/2024\/10\/AIVONO-AIM-GUN-7000Puffs-Vape-100x100.png",100,100,true],"wcpr-photo-reviews":["https:\/\/rmvapesale.com\/wp-content\/uploads\/2024\/10\/AIVONO-AIM-GUN-7000Puffs-Vape.png",500,500,false]},"uagb_author_info":{"display_name":"AMY","author_link":"https:\/\/rmvapesale.com\/cs\/author\/"},"uagb_comment_info":0,"uagb_excerpt":"AIVONO AIM GUN 7000 Puff Disposable Vape Wholesale Aivono Aim Disposable Vape Pod 7000 Puffs Wholesale AIVONO AIM GUN Disposable VAPE 7000 Puffs 10 Flavors WhatsApp: +86 17776015835 &nbsp;","_links":{"self":[{"href":"https:\/\/rmvapesale.com\/cs\/wp-json\/wp\/v2\/product\/2449","targetHints":{"allow":["GET"]}}],"collection":[{"href":"https:\/\/rmvapesale.com\/cs\/wp-json\/wp\/v2\/product"}],"about":[{"href":"https:\/\/rmvapesale.com\/cs\/wp-json\/wp\/v2\/types\/product"}],"replies":[{"embeddable":true,"href":"https:\/\/rmvapesale.com\/cs\/wp-json\/wp\/v2\/comments?post=2449"}],"wp:featuredmedia":[{"embeddable":true,"href":"https:\/\/rmvapesale.com\/cs\/wp-json\/wp\/v2\/media\/2458"}],"wp:attachment":[{"href":"https:\/\/rmvapesale.com\/cs\/wp-json\/wp\/v2\/media?parent=2449"}],"wp:term":[{"taxonomy":"product_brand","embeddable":true,"href":"https:\/\/rmvapesale.com\/cs\/wp-json\/wp\/v2\/product_brand?post=2449"},{"taxonomy":"product_cat","embeddable":true,"href":"https:\/\/rmvapesale.com\/cs\/wp-json\/wp\/v2\/product_cat?post=2449"},{"taxonomy":"product_tag","embeddable":true,"href":"https:\/\/rmvapesale.com\/cs\/wp-json\/wp\/v2\/product_tag?post=2449"}],"curies":[{"name":"wp","href":"https:\/\/api.w.org\/{rel}","templated":true}]}}