{"id":2472,"date":"2024-10-21T03:19:00","date_gmt":"2024-10-21T03:19:00","guid":{"rendered":"https:\/\/rmvapesale.com\/?post_type=product&#038;p=2472"},"modified":"2024-10-21T07:09:46","modified_gmt":"2024-10-21T07:09:46","slug":"fumot-digital-box-12000-disposable-vape-pink-lemonade-flavor","status":"publish","type":"product","link":"https:\/\/rmvapesale.com\/cs\/product\/fumot-digital-box-12000-disposable-vape-pink-lemonade-flavor\/","title":{"rendered":"Jednor\u00e1zov\u00fd vape Fumot Digital Box 12000 p\u0159\u00edchu\u0165 R\u016f\u017eov\u00e1 limon\u00e1da"},"content":{"rendered":"<div class=\"B2VR9 CJHX3e\">\n<div class=\"wyccme\">\n<h1 class=\"LC20lb MBeuO DKV0Md\">Jednor\u00e1zov\u00fd vape Fumot Digital Box 12000 p\u0159\u00edchu\u0165 R\u016f\u017eov\u00e1 limon\u00e1da<\/h1>\n<div class=\"flex-shrink-0 flex flex-col relative items-end\">\n<div class=\"pt-0\">\n<div class=\"gizmo-bot-avatar flex h-8 w-8 items-center justify-center overflow-hidden rounded-full\">\n<div class=\"relative p-1 rounded-sm flex items-center justify-center bg-token-main-surface-primary text-token-text-primary h-8 w-8\">\n<p>R\u016f\u017eov\u00e1 limon\u00e1da, obl\u00edben\u00e1 v Fumot Digital Box 12000 Jednor\u00e1zov\u00e9m vaporiz\u00e9ru, p\u0159in\u00e1\u0161\u00ed neodolatelnou sm\u011bs kysel\u00e9 citrusov\u00e9 chuti a sladk\u00fdch bobulov\u00fdch t\u00f3n\u016f. Tato \u017eiv\u00e1 sm\u011bs citron\u016f a bobul\u00ed vytv\u00e1\u0159\u00ed osv\u011b\u017euj\u00edc\u00ed, \u017eiv\u00fd chu\u0165ov\u00fd profil, kter\u00fd ka\u017ed\u00fd pot \u010din\u00ed pot\u011b\u0161en\u00edm. P\u0159irozen\u00e1 sv\u011b\u017eest citrusov\u00fdch plod\u016f, dopln\u011bn\u00e1 jemn\u00fdmi bobulov\u00fdmi podt\u00f3ny, zaji\u0161\u0165uje dokonale vyv\u00e1\u017een\u00e9 a harmonick\u00e9 vapov\u00e1n\u00ed.<\/p>\n<p>S ka\u017ed\u00fdm n\u00e1dechem se intenzita chuti zvy\u0161uje, zanech\u00e1vaj\u00edc\u00ed za sebou k\u0159upavou, osv\u011b\u017euj\u00edc\u00ed dochu\u0165 p\u0159ipom\u00ednaj\u00edc\u00ed tepl\u00e9 letn\u00ed dny. D\u00edky nejmodern\u011bj\u0161\u00ed technologii Fumot Vape 12000 pot\u00e1hnut\u00ed z\u016fst\u00e1v\u00e1 chu\u0165 konzistentn\u00ed a bohat\u00e1 po celou dobu sezen\u00ed, \u010d\u00edm\u017e zvy\u0161uje z\u00e1\u017eitek z vapov\u00e1n\u00ed pro chv\u00edle \u010dist\u00e9 rozko\u0161e.<\/p>\n<p>Fumot Digital RandM 12000 Jednor\u00e1zov\u00fd vaporiz\u00e9r R\u016f\u017eov\u00e1 limon\u00e1da je ide\u00e1ln\u00ed volbou pro ty, kte\u0159\u00ed maj\u00ed r\u00e1di ovocn\u00e9 a osv\u011b\u017euj\u00edc\u00ed vapov\u00e1n\u00ed. A\u0165 u\u017e si odpo\u010d\u00edv\u00e1te po dlouh\u00e9m dni nebo hled\u00e1te osv\u011b\u017euj\u00edc\u00ed za\u010d\u00e1tek dne, tato p\u0159\u00edchu\u0165 nab\u00edz\u00ed dokonalou kombinaci ovocnosti a sv\u011b\u017eesti. Je to skv\u011bl\u00e1 volba pro vapery hledaj\u00edc\u00ed zm\u011bnu chuti bez ob\u011btov\u00e1n\u00ed intenzity nebo uspokojen\u00ed.<\/p>\n<p>&nbsp;<\/p>\n<\/div>\n<\/div>\n<\/div>\n<\/div>\n<\/div>\n<\/div>\n<p><strong>Kontaktujte Amy a z\u00edskejte spr\u00e1vnou odpov\u011b\u010f a kup\u00f3n na vape!<\/strong><\/p>\n<p><img loading=\"lazy\" decoding=\"async\" class=\"size-full wp-image-1978\" src=\"https:\/\/rmvapesale.com\/wp-content\/uploads\/2024\/09\/Disposable-Vape-Wholesale.jpg\" alt=\"Jednor\u00e1zov\u00e1 e-cigareta velkoobchod\" width=\"229\" height=\"300\" \/><\/p>\n<h3><a href=\"https:\/\/wa.me\/8617776015835\" target=\"_blank\" rel=\"noopener\"><span style=\"color: #ff0000\"><strong>WhatsApp: +86 17776015835<\/strong><\/span><\/a><\/h3>\n<p>&nbsp;<\/p>\n<h2><\/h2>\n<h2><strong>Fumot 12k vaporiz\u00e9r Jednor\u00e1zov\u00fd<\/strong><strong>\u00a0<\/strong><strong>Kl\u00ed\u010dov\u00e9 vlastnosti<\/strong><\/h2>\n<p>&nbsp;<\/p>\n<p>Zna\u010dka: TORNADO 25000<br \/>\nP\u0159\u00edchu\u0165: R\u016f\u017eov\u00e1 limon\u00e1da<br \/>\nPot\u00e1hnut\u00ed: 12000<br \/>\nNikotin: 0\/2\/3\/5%<br \/>\n20 ML e-\u0161\u0165\u00e1vy.<br \/>\nDob\u00edjec\u00ed baterie<br \/>\nIntegrovan\u00e1 baterie 850mAh.<br \/>\nK dispozici 40 p\u0159\u00edchut\u00ed.<br \/>\nObrazovka pro e-liquid a baterii<\/p>\n<h2><\/h2>\n<h2><strong>Nejlep\u0161\u00ed p\u0159\u00edchu\u0165 pro RandM Fumot Digital Box 12000 Vaporiz\u00e9r<\/strong><\/h2>\n<p>Se 40 jedine\u010dn\u00fdmi p\u0159\u00edchut\u011bmi nab\u00edz\u00ed Fumot Vape 12000 RandM Tornado \u0161irokou \u0161k\u00e1lu preferenc\u00ed, zaji\u0161\u0165uj\u00edc\u00ed, \u017ee ka\u017ed\u00fd u\u017eivatel najde p\u0159\u00edchu\u0165 podle sv\u00e9ho gusta. Za\u0159\u00edzen\u00ed je vyrobeno z vysoce kvalitn\u00edch materi\u00e1l\u016f, co\u017e zaji\u0161\u0165uje odolnost a uspokojiv\u00fd z\u00e1\u017eitek z vapov\u00e1n\u00ed.<\/p>\n<p>1. Chladn\u00e1 m\u00e1ta<br \/>\n2. Melounov\u00e1 ledov\u00e1<br \/>\n3. Hroznov\u00fd led<br \/>\n4. Bor\u016fvka Ryb\u00edz <span style=\"color: #ff0000\"><strong>&gt;&gt;&gt;&gt; Hork\u00e9!<\/strong><\/span><br \/>\n5. Jahoda vodn\u00ed meloun<br \/>\n6. Jahoda ban\u00e1n<br \/>\n7. Sv\u011b\u017e\u00ed led<br \/>\n8. T\u0159e\u0161e\u0148<br \/>\n9. Jahodov\u00fd led<br \/>\n10. Ledov\u00e1 l\u00edz\u00e1tka<br \/>\n11. R\u016f\u017eov\u00e1 limon\u00e1da <span style=\"color: #ff0000\"><strong>&gt;&gt;&gt;&gt; Nejlep\u0161\u00ed!<\/strong><\/span><br \/>\n12. Mango na ledu<br \/>\n13. Sm\u00ed\u0161en\u00e9 bobule <span style=\"color: #ff0000\"><strong>&gt;&gt;&gt;&gt; Hork\u00e9!<\/strong><\/span><br \/>\n14. Jahodov\u00fd donut<br \/>\n15. Jahoda hroznov\u00e9 v\u00edno<br \/>\n16. T\u0159e\u0161\u0148ov\u00e1 kola<br \/>\n17. Dr. modr\u00e1<br \/>\n18. Bor\u016fvka na ledu<br \/>\n19. Kiwi, marakuja, guava<br \/>\n20. Jahoda kiwi<br \/>\n21. Broskev mango<br \/>\n22. Broskvov\u00fd led <span style=\"color: #ff0000\"><strong>&gt;&gt;&gt;&gt; Hork\u00e9!<\/strong><\/span><br \/>\n23. \u010cerven\u00e9 jable\u010dn\u00fd led<br \/>\n24. Bor\u016fvkov\u00e1 \u017ev\u00fdka\u010dka<br \/>\n25. Bobulov\u00e1 limon\u00e1da<br \/>\n26. Modr\u00e1 razz limon\u00e1da<br \/>\n27. Modr\u00fd sour malina<br \/>\n28. Jahodov\u00fd Red Bull<br \/>\n29. Jable\u010dno-berry blast<br \/>\n30. Melounov\u00e1 \u017ev\u00fdka\u010dka<br \/>\n31. Malina s melounem<br \/>\n32. \u010cern\u00fd led<br \/>\n33. Bor\u016fvka s t\u0159e\u0161n\u00ed a brusinkami<br \/>\n34. Jahodov\u00fd pomp (gran\u00e1tov\u00e9 jablko)<br \/>\n35. Vimto <span style=\"color: #ff0000\"><strong>&gt;&gt;&gt;&gt; Hork\u00e9!<\/strong><\/span><br \/>\n36. T\u0159e\u0161\u0148ov\u00e1 bobule <span style=\"color: #ff0000\"><strong>&gt;&gt;&gt;&gt; Hork\u00e9!<\/strong><\/span><br \/>\n37. Citr\u00f3n &amp; Limeta<br \/>\n38. Bingo Crush<br \/>\n39. Bor\u016fvka kiwi<br \/>\n40. Jablko sko\u0159ice<\/p>\n<figure id=\"attachment_2481\" aria-describedby=\"caption-attachment-2481\" style=\"width: 600px\" class=\"wp-caption alignnone\"><img loading=\"lazy\" decoding=\"async\" class=\"wp-image-2481 size-full\" src=\"https:\/\/rmvapesale.com\/wp-content\/uploads\/2024\/10\/Fumot-Vape-12000-Puffs-RandM-Flavor.jpg\" alt=\"Fumot Vape 12000 Puffs RandM P\u0159\u00edchu\u0165\" width=\"600\" height=\"600\" srcset=\"https:\/\/rmvapesale.com\/wp-content\/uploads\/2024\/10\/Fumot-Vape-12000-Puffs-RandM-Flavor.jpg 600w, https:\/\/rmvapesale.com\/wp-content\/uploads\/2024\/10\/Fumot-Vape-12000-Puffs-RandM-Flavor-300x300.jpg 300w, https:\/\/rmvapesale.com\/wp-content\/uploads\/2024\/10\/Fumot-Vape-12000-Puffs-RandM-Flavor-150x150.jpg 150w, https:\/\/rmvapesale.com\/wp-content\/uploads\/2024\/10\/Fumot-Vape-12000-Puffs-RandM-Flavor-100x100.jpg 100w\" sizes=\"auto, (max-width: 600px) 100vw, 600px\" \/><figcaption id=\"caption-attachment-2481\" class=\"wp-caption-text\">Fumot Vape 12000 Puffs RandM P\u0159\u00edchu\u0165<\/figcaption><\/figure>\n<h3><strong>Pro\u010d zvolit Rmvapesale pro Randm Vape 12000 Puffs<\/strong><strong>?<\/strong><\/h3>\n<div class=\"flex-shrink-0 flex flex-col relative items-end\">\n<div class=\"pt-0\">\n<div class=\"gizmo-bot-avatar flex h-8 w-8 items-center justify-center overflow-hidden rounded-full\">\n<div class=\"relative p-1 rounded-sm flex items-center justify-center bg-token-main-surface-primary text-token-text-primary h-8 w-8\">\n<p>&nbsp;<\/p>\n<p>Kdy\u017e si vyberete Rmvapesale pro sv\u00e9 velkoobchodn\u00ed pot\u0159eby jednor\u00e1zov\u00fdch vap\u016f, z\u00edsk\u00e1te:<\/p>\n<ul>\n<li><strong>Konkuren\u010dn\u00ed cena<\/strong>: Z\u00edskejte p\u0159\u00edstup k atraktivn\u00edm velkoobchodn\u00edm cen\u00e1m, kter\u00e9 zv\u00fd\u0161\u00ed mar\u017ee va\u0161eho podnik\u00e1n\u00ed.<\/li>\n<li><strong>Vysok\u00e1 kvalita<\/strong>: Na\u0161e vapy jsou vyr\u00e1b\u011bny podle nejvy\u0161\u0161\u00edch standard\u016f a <span style=\"color: #ff0000\"><strong>zaru\u010den\u011b 100% origin\u00e1ln\u00ed a autentick\u00e9, nebo 10n\u00e1sobn\u00e1 kompenzace za pad\u011blky!<\/strong><\/span><\/li>\n<li><strong>Vynikaj\u00edc\u00ed z\u00e1kaznick\u00fd servis<\/strong>: N\u00e1\u0161 specializovan\u00fd t\u00fdm je v\u00e1m v\u017edy p\u0159ipraven pomoci a u\u010dinit tak v\u00e1\u0161 n\u00e1kupn\u00ed proces plynul\u00fdm a bezprobl\u00e9mov\u00fdm.<\/li>\n<li><strong>Rychl\u00e9 doru\u010den\u00ed<\/strong>: M\u016f\u017eete o\u010dek\u00e1vat rychlou a spolehlivou p\u0159epravu, kter\u00e1 zajist\u00ed, \u017ee va\u0161e objedn\u00e1vky doraz\u00ed v\u010das, poka\u017ed\u00e9.<\/li>\n<\/ul>\n<\/div>\n<h3><\/h3>\n<div class=\"relative p-1 rounded-sm flex items-center justify-center bg-token-main-surface-primary text-token-text-primary h-8 w-8\">\n<h3><b>\u010casto kladen\u00e9 ot\u00e1zky<\/b><\/h3>\n<p>&nbsp;<\/p>\n<ul>\n<li><strong>Jak si vybrat spr\u00e1vn\u00fd jednor\u00e1zov\u00fd vaporiz\u00e9r?<\/strong><br \/>\nV\u00fdb\u011br nejlep\u0161\u00edho jednor\u00e1zov\u00e9ho vaporiz\u00e9ru z\u00e1vis\u00ed na va\u0161ich preferenc\u00edch. Pokud chcete za\u0159\u00edzen\u00ed s dlouhou v\u00fddr\u017e\u00ed, zvolte modely jako RandM Tornado 25000 Puffs, kter\u00e9 nab\u00edz\u00ed tis\u00edce pot\u00e1hnut\u00ed. Pro milovn\u00edky p\u0159\u00edchut\u00ed zna\u010dky jako Bang vapes nebo Waspe vape poskytuj\u00ed \u0161irokou \u0161k\u00e1lu ovocn\u00fdch a dezertov\u00fdch p\u0159\u00edchut\u00ed. Kl\u00ed\u010dem je up\u0159ednostnit to, co je pro v\u00e1s nejd\u016fle\u017eit\u011bj\u0161\u00ed: v\u00fddr\u017e baterie, rozmanitost p\u0159\u00edchut\u00ed nebo p\u0159enosnost.<\/li>\n<li><strong>Kter\u00fd jednor\u00e1zov\u00fd vaporiz\u00e9r nab\u00edz\u00ed nejlep\u0161\u00ed p\u0159\u00edchu\u0165?<\/strong><br \/>\nPro v\u00fdjime\u010dnou p\u0159\u00edchu\u0165 je nejlep\u0161\u00ed volbou Fumot RandM vape 25000, kter\u00fd poskytuje jemn\u00e9 pot\u00e1hnut\u00ed s dlouhotrvaj\u00edc\u00ed chut\u00ed, zejm\u00e9na v ovocn\u00fdch variant\u00e1ch jako Cherry Bomb Candy, Double Apple, PINK LEMONADE atd.<\/li>\n<li><strong>Jak pozn\u00e1te, \u017ee v\u00e1\u0161 vaporiz\u00e9r je pr\u00e1zdn\u00fd?\u00a0<\/strong><br \/>\nPozn\u00e1te, \u017ee se va\u0161e jednor\u00e1zov\u00e1 elektronick\u00e1 d\u00fdmka bl\u00ed\u017e\u00ed vypr\u00e1zdn\u011bn\u00ed, kdy\u017e chu\u0165 zesl\u00e1bne nebo se sn\u00ed\u017e\u00ed produkce p\u00e1ry. N\u011bkter\u00e9 nov\u00e9 jednor\u00e1zov\u00e9 e-cigarety s displejem, jako je RandM Vape 12000, RandM Tornado 15000, Waspe 30000 puffs, maj\u00ed indik\u00e1tor na obrazovce.<\/li>\n<li><strong>Jak dlouho trv\u00e1 nabit\u00ed Randm Tornado?<\/strong><br \/>\nNab\u00edjen\u00ed v\u011bt\u0161iny bateri\u00ed e-cigaret obvykle trv\u00e1 3 a\u017e 4 hodiny pro pln\u00e9 nabit\u00ed, v z\u00e1vislosti na velikosti baterie. Nejlep\u0161\u00ed je po\u010dkat, dokud nen\u00ed baterie zcela vybit\u00e1, ne\u017e ji dobijete. Proto\u017ee je v\u0161ak ka\u017ed\u00e9 za\u0159\u00edzen\u00ed jedine\u010dn\u00e9, v\u017edy se \u0159i\u010fte pokyny v manu\u00e1lu k produktu pro specifick\u00e9 pokyny k nab\u00edjen\u00ed a indik\u00e1tory, abyste zajistili optim\u00e1ln\u00ed v\u00fdkon.<\/li>\n<\/ul>\n<\/div>\n<\/div>\n<\/div>\n<\/div>\n<div class=\"group\/conversation-turn relative flex w-full min-w-0 flex-col agent-turn\">\n<div class=\"flex-col gap-1 md:gap-3\">\n<div class=\"flex max-w-full flex-col flex-grow\">\n<div class=\"min-h-8 text-message flex w-full flex-col items-end gap-2 whitespace-normal break-words [.text-message+&amp;]:mt-5\" dir=\"auto\" data-message-author-role=\"assistant\" data-message-id=\"f226d3fc-81f3-46d5-8c46-31787fff0357\">\n<div class=\"flex w-full flex-col gap-1 empty:hidden first:pt-[3px]\">\n<div class=\"markdown prose w-full break-words dark:prose-invert light\">\n<div class=\"group\/conversation-turn relative flex w-full min-w-0 flex-col agent-turn\">\n<div class=\"flex-col gap-1 md:gap-3\">\n<div class=\"flex max-w-full flex-col flex-grow\">\n<div class=\"min-h-8 text-message flex w-full flex-col items-end gap-2 whitespace-normal break-words [.text-message+&amp;]:mt-5\" dir=\"auto\" data-message-author-role=\"assistant\" data-message-id=\"91d2b73b-9149-4888-a964-4b8464e0e6e3\" data-message-model-slug=\"gpt-4o\">\n<div class=\"flex w-full flex-col gap-1 empty:hidden first:pt-[3px]\">\n<div class=\"markdown prose w-full break-words dark:prose-invert light\">\n<p>&nbsp;<\/p>\n<\/div>\n<\/div>\n<\/div>\n<\/div>\n<\/div>\n<\/div>\n<\/div>\n<\/div>\n<\/div>\n<\/div>\n<\/div>\n<\/div>\n<h3>O p\u0159eprav\u011b<\/h3>\n<div class=\"flex-shrink-0 flex flex-col relative items-end\">\n<div>\n<div class=\"pt-0\">\n<div class=\"gizmo-bot-avatar flex h-8 w-8 items-center justify-center overflow-hidden rounded-full\">\n<div><\/div>\n<div class=\"relative p-1 rounded-sm flex items-center justify-center bg-token-main-surface-primary text-token-text-primary h-8 w-8\"><strong>1. Jak\u00e9 zp\u016fsoby dopravy se pou\u017e\u00edvaj\u00ed?<\/strong><\/div>\n<\/div>\n<\/div>\n<\/div>\n<\/div>\n<div class=\"group\/conversation-turn relative flex w-full min-w-0 flex-col agent-turn\">\n<div class=\"flex-col gap-1 md:gap-3\">\n<div class=\"flex max-w-full flex-col flex-grow\">\n<div class=\"min-h-[20px] text-message flex w-full flex-col items-end gap-2 whitespace-normal break-words [.text-message+&amp;]:mt-5 overflow-x-auto\" dir=\"auto\" data-message-author-role=\"assistant\" data-message-id=\"22f8283b-3233-46ff-89a5-c7a41b33abda\">\n<div class=\"flex w-full flex-col gap-1 empty:hidden first:pt-[3px]\">\n<div class=\"markdown prose w-full break-words dark:prose-invert light\">\n<p>Spolupracujeme s UPS, DHL, FedEx, DPD a dal\u0161\u00edmi p\u0159edn\u00edmi p\u0159epravci. Vybereme nejlep\u0161\u00ed zp\u016fsob dopravy na z\u00e1klad\u011b va\u0161\u00ed doru\u010dovac\u00ed lokality, abychom zajistili, \u017ee sv\u00e9 produkty obdr\u017e\u00edte co nejrychleji.<\/p>\n<\/div>\n<p><strong>2. Jak dlouho trv\u00e1 doru\u010den\u00ed?<\/strong><\/p>\n<p>Bal\u00ed\u010dky odeslan\u00e9 do \u010cesk\u00e9 republiky obvykle doraz\u00ed do 10 pracovn\u00edch dn\u016f. P\u0159eprava do evropsk\u00fdch zem\u00ed obecn\u011b trv\u00e1 asi 12-15 pracovn\u00edch dn\u016f. O stavu va\u0161\u00ed z\u00e1silky v\u00e1s budeme pr\u016fb\u011b\u017en\u011b informovat.<\/p>\n<\/div>\n<\/div>\n<\/div>\n<\/div>\n<\/div>\n<p>&nbsp;<\/p>\n<p>Dal\u0161\u00ed obl\u00edben\u00e9 jednor\u00e1zov\u00e9 e-cigarety, kter\u00e9 by se v\u00e1m mohly l\u00edbit:<\/p>\n<p><a href=\"https:\/\/rmvapesale.com\/cs\/product\/randm-tornado-15000-puffs-15k-vape-recharge-fumot-original-vape-factory-price\/\"><strong>Randm Vape 15000 pot\u00e1hnut\u00ed\u00a0 \u00a0<span style=\"color: #ff0000\">&gt;&gt;&gt;&gt; j\u00edt!<\/span><\/strong><\/a><\/p>\n<p><strong><a href=\"https:\/\/rmvapesale.com\/cs\/product\/faivono-bang-maxi-15000-puffs-disposable-vape-bulk-wholesale\/\">AIVONO Aim Bang Maxi 15000 pot\u00e1hnut\u00ed <span style=\"color: #ff0000\">&gt;&gt;&gt;&gt; j\u00edt!<\/span><\/a>\u00a0<\/strong><\/p>\n<p><a href=\"https:\/\/rmvapesale.com\/cs\/product\/randm-tornado-25000-puffs-disposable-vape-wholesale\/\"><strong>Fumot Vape RandM Tornado 25000 pot\u00e1hnut\u00ed <span style=\"color: #ff0000\">&gt;&gt;&gt;&gt; j\u00edt!<\/span><\/strong><\/a><\/p>\n<p>&nbsp;<\/p>\n<p>&nbsp;<\/p>\n<p>Naj\u00edt v\u00edce produkt\u016f pro vaping, kter\u00e9 by se v\u00e1m mohly l\u00edbit:<strong><em><a href=\"https:\/\/rmvapesale.com\/cs\/shop-2\/\">nakupujte nyn\u00ed &gt;&gt;&gt;<\/a><\/em><\/strong><\/p>","protected":false},"excerpt":{"rendered":"<p>Fumot Vape RandM Digital Box 12000 levn\u00e1 cena r\u016f\u017eov\u00e1 limon\u00e1da<br \/>\nRandM Digital Box 12000 12000 pot\u00e1hnut\u00ed dob\u00edjec\u00ed vaporiz\u00e9ry velkoobchod<br \/>\nRandM Vape 12000 pot\u00e1hnut\u00ed s chytrou obrazovkou velkoobchod<\/p>\n<p><img loading=\"lazy\" decoding=\"async\" class=\"size-full wp-image-2375\" src=\"https:\/\/rmvapesale.com\/wp-content\/uploads\/2024\/10\/image.png\" alt=\"Nejlep\u0161\u00ed jednor\u00e1zov\u00e1 e-cigareta\" width=\"229\" height=\"300\" \/><\/p>\n<h3><a href=\"https:\/\/wa.me\/8617776015835\"><span style=\"color: #ff0000\"><strong>WhatsApp: +86 17776015835<\/strong><\/span><\/a><\/h3>\n<p>&nbsp;<\/p>","protected":false},"featured_media":2486,"comment_status":"open","ping_status":"closed","template":"","meta":{"_uag_custom_page_level_css":"","_lmt_disableupdate":"no","_lmt_disable":"","site-sidebar-layout":"default","site-content-layout":"content-boxed-container","ast-site-content-layout":"normal-width-container","site-content-style":"boxed","site-sidebar-style":"unboxed","ast-global-header-display":"","ast-banner-title-visibility":"","ast-main-header-display":"","ast-hfb-above-header-display":"","ast-hfb-below-header-display":"","ast-hfb-mobile-header-display":"","site-post-title":"","ast-breadcrumbs-content":"","ast-featured-img":"","footer-sml-layout":"","theme-transparent-header-meta":"default","adv-header-id-meta":"","stick-header-meta":"","header-above-stick-meta":"","header-main-stick-meta":"","header-below-stick-meta":"","astra-migrate-meta-layouts":"set","ast-page-background-enabled":"default","ast-page-background-meta":{"desktop":{"background-color":"var(--ast-global-color-4)","background-image":"","background-repeat":"repeat","background-position":"center center","background-size":"auto","background-attachment":"scroll","background-type":"","background-media":"","overlay-type":"","overlay-color":"","overlay-opacity":"","overlay-gradient":""},"tablet":{"background-color":"","background-image":"","background-repeat":"repeat","background-position":"center center","background-size":"auto","background-attachment":"scroll","background-type":"","background-media":"","overlay-type":"","overlay-color":"","overlay-opacity":"","overlay-gradient":""},"mobile":{"background-color":"","background-image":"","background-repeat":"repeat","background-position":"center center","background-size":"auto","background-attachment":"scroll","background-type":"","background-media":"","overlay-type":"","overlay-color":"","overlay-opacity":"","overlay-gradient":""}},"ast-content-background-meta":{"desktop":{"background-color":"var(--ast-global-color-5)","background-image":"","background-repeat":"repeat","background-position":"center center","background-size":"auto","background-attachment":"scroll","background-type":"","background-media":"","overlay-type":"","overlay-color":"","overlay-opacity":"","overlay-gradient":""},"tablet":{"background-color":"var(--ast-global-color-5)","background-image":"","background-repeat":"repeat","background-position":"center center","background-size":"auto","background-attachment":"scroll","background-type":"","background-media":"","overlay-type":"","overlay-color":"","overlay-opacity":"","overlay-gradient":""},"mobile":{"background-color":"var(--ast-global-color-5)","background-image":"","background-repeat":"repeat","background-position":"center center","background-size":"auto","background-attachment":"scroll","background-type":"","background-media":"","overlay-type":"","overlay-color":"","overlay-opacity":"","overlay-gradient":""}},"_joinchat":[]},"product_brand":[],"product_cat":[15,51,25,123,26,28,135,27,31,137,136,30],"product_tag":[169,155,167,170,165,166,120],"class_list":{"0":"post-2472","1":"product","2":"type-product","3":"status-publish","4":"has-post-thumbnail","6":"product_cat-new-vape-this-week","7":"product_cat-fumot-vape","8":"product_cat-germany-best-selling-vape","9":"product_cat-italy-wholesale-vape","10":"product_cat-netherlands-hot-sale-vape","11":"product_cat-poland-hot-sale-vape","12":"product_cat-spain-best-hot-sale-vape","13":"product_cat-fance-hot-sale-vape","14":"product_cat-randm-fumot-vape","15":"product_cat-rechargeable-vapes","16":"product_cat-smart-screen-vapes","17":"product_cat-minimum-order-quantity-50pcs","18":"product_tag-best-disposable-vape-2024","19":"product_tag-digital-display-box","20":"product_tag-disposable-vape-with-screen","21":"product_tag-randm-12000-puff","22":"product_tag-rechargeable-vapes","23":"product_tag-tornado-vape","24":"product_tag-vape-wholesale","25":"desktop-align-left","26":"tablet-align-left","27":"mobile-align-left","29":"first","30":"instock","31":"sale","32":"shipping-taxable","33":"purchasable","34":"product-type-simple"},"uagb_featured_image_src":{"full":["https:\/\/rmvapesale.com\/wp-content\/uploads\/2024\/10\/RandM-Tornado-Digital-12000-Pink-Lemonade.jpg",606,606,false],"thumbnail":["https:\/\/rmvapesale.com\/wp-content\/uploads\/2024\/10\/RandM-Tornado-Digital-12000-Pink-Lemonade-150x150.jpg",150,150,true],"medium":["https:\/\/rmvapesale.com\/wp-content\/uploads\/2024\/10\/RandM-Tornado-Digital-12000-Pink-Lemonade-300x300.jpg",300,300,true],"medium_large":["https:\/\/rmvapesale.com\/wp-content\/uploads\/2024\/10\/RandM-Tornado-Digital-12000-Pink-Lemonade.jpg",606,606,false],"large":["https:\/\/rmvapesale.com\/wp-content\/uploads\/2024\/10\/RandM-Tornado-Digital-12000-Pink-Lemonade.jpg",606,606,false],"1536x1536":["https:\/\/rmvapesale.com\/wp-content\/uploads\/2024\/10\/RandM-Tornado-Digital-12000-Pink-Lemonade.jpg",606,606,false],"2048x2048":["https:\/\/rmvapesale.com\/wp-content\/uploads\/2024\/10\/RandM-Tornado-Digital-12000-Pink-Lemonade.jpg",606,606,false],"trp-custom-language-flag":["https:\/\/rmvapesale.com\/wp-content\/uploads\/2024\/10\/RandM-Tornado-Digital-12000-Pink-Lemonade.jpg",12,12,false],"woocommerce_thumbnail":["https:\/\/rmvapesale.com\/wp-content\/uploads\/2024\/10\/RandM-Tornado-Digital-12000-Pink-Lemonade-300x300.jpg",300,300,true],"woocommerce_single":["https:\/\/rmvapesale.com\/wp-content\/uploads\/2024\/10\/RandM-Tornado-Digital-12000-Pink-Lemonade-600x600.jpg",600,600,true],"woocommerce_gallery_thumbnail":["https:\/\/rmvapesale.com\/wp-content\/uploads\/2024\/10\/RandM-Tornado-Digital-12000-Pink-Lemonade-100x100.jpg",100,100,true],"wcpr-photo-reviews":["https:\/\/rmvapesale.com\/wp-content\/uploads\/2024\/10\/RandM-Tornado-Digital-12000-Pink-Lemonade.jpg",500,500,false]},"uagb_author_info":{"display_name":"AMY","author_link":"https:\/\/rmvapesale.com\/cs\/author\/"},"uagb_comment_info":0,"uagb_excerpt":"Fumot Vape RandM Digital Box 12000 Pink Lemonade Cheap Price RandM Digital Box 12000 Puffs rechargeable vapes Bulk Buy RandM Vape 12000 Puffs with Smart Screen Wholesale WhatsApp: +86 17776015835 &nbsp;","_links":{"self":[{"href":"https:\/\/rmvapesale.com\/cs\/wp-json\/wp\/v2\/product\/2472","targetHints":{"allow":["GET"]}}],"collection":[{"href":"https:\/\/rmvapesale.com\/cs\/wp-json\/wp\/v2\/product"}],"about":[{"href":"https:\/\/rmvapesale.com\/cs\/wp-json\/wp\/v2\/types\/product"}],"replies":[{"embeddable":true,"href":"https:\/\/rmvapesale.com\/cs\/wp-json\/wp\/v2\/comments?post=2472"}],"wp:featuredmedia":[{"embeddable":true,"href":"https:\/\/rmvapesale.com\/cs\/wp-json\/wp\/v2\/media\/2486"}],"wp:attachment":[{"href":"https:\/\/rmvapesale.com\/cs\/wp-json\/wp\/v2\/media?parent=2472"}],"wp:term":[{"taxonomy":"product_brand","embeddable":true,"href":"https:\/\/rmvapesale.com\/cs\/wp-json\/wp\/v2\/product_brand?post=2472"},{"taxonomy":"product_cat","embeddable":true,"href":"https:\/\/rmvapesale.com\/cs\/wp-json\/wp\/v2\/product_cat?post=2472"},{"taxonomy":"product_tag","embeddable":true,"href":"https:\/\/rmvapesale.com\/cs\/wp-json\/wp\/v2\/product_tag?post=2472"}],"curies":[{"name":"wp","href":"https:\/\/api.w.org\/{rel}","templated":true}]}}