{"id":2499,"date":"2024-10-22T03:06:41","date_gmt":"2024-10-22T03:06:41","guid":{"rendered":"https:\/\/rmvapesale.com\/?post_type=product&#038;p=2499"},"modified":"2024-10-22T07:03:42","modified_gmt":"2024-10-22T07:03:42","slug":"vapme-shisha-hookah-pro-max-20000-puffs-disposable-vape-bar","status":"publish","type":"product","link":"https:\/\/rmvapesale.com\/cs\/product\/vapme-shisha-hookah-pro-max-20000-puffs-disposable-vape-bar\/","title":{"rendered":"Vapme Shisha Hookah Pro Max 20000 Puffs jednor\u00e1zov\u00e1 vape bar"},"content":{"rendered":"<div class=\"B2VR9 CJHX3e\">\n<div class=\"wyccme\">\n<div class=\"flex-shrink-0 flex flex-col relative items-end\">\n<div>\n<div class=\"pt-0\">\n<div class=\"gizmo-bot-avatar flex h-8 w-8 items-center justify-center overflow-hidden rounded-full\"><\/div>\n<\/div>\n<\/div>\n<\/div>\n<div class=\"group\/conversation-turn relative flex w-full min-w-0 flex-col agent-turn\">\n<div class=\"flex-col gap-1 md:gap-3\">\n<div class=\"flex max-w-full flex-col flex-grow\">\n<div class=\"min-h-8 text-message flex w-full flex-col items-end gap-2 whitespace-normal break-words [.text-message+&amp;]:mt-5\" dir=\"auto\" data-message-author-role=\"assistant\" data-message-id=\"601ef074-f473-428a-ad27-1d4d88bbe859\" data-message-model-slug=\"gpt-4o\">\n<div class=\"flex w-full flex-col gap-1 empty:hidden first:pt-[3px]\">\n<div class=\"markdown prose w-full break-words dark:prose-invert light\">\n<p><span style=\"font-size: 2em;font-weight: bold\">Vapme Shisha Hookah Pro Max 20000 Puffs jednor\u00e1zov\u00e1 vape bar<\/span><\/p>\n<\/div>\n<\/div>\n<\/div>\n<\/div>\n<\/div>\n<\/div>\n<div class=\"flex-shrink-0 flex flex-col relative items-end\">\n<div class=\"pt-0\">\n<div class=\"gizmo-bot-avatar flex h-8 w-8 items-center justify-center overflow-hidden rounded-full\">\n<div class=\"relative p-1 rounded-sm flex items-center justify-center bg-token-main-surface-primary text-token-text-primary h-8 w-8\">\n<p><strong>Vapme Shisha Hookah Pro Max 20000 Puffs <\/strong>je pr\u00e9miov\u00fd <strong>Shisha bar<\/strong> navr\u017een\u00fd tak, aby poskytoval v\u00fdjime\u010dn\u00fd a dlouhotrvaj\u00edc\u00ed z\u00e1\u017eitek z vapingu. S obrovsk\u00fdm po\u010dtem 20 000 pot\u00e1hnut\u00ed je toto za\u0159\u00edzen\u00ed ide\u00e1ln\u00ed pro ty, kte\u0159\u00ed cht\u011bj\u00ed prodlou\u017een\u00e9 pou\u017e\u00edv\u00e1n\u00ed bez neust\u00e1l\u00e9ho dopl\u0148ov\u00e1n\u00ed nebo nab\u00edjen\u00ed. Jeho kapacita 28 ml e-liquidu sni\u017euje pot\u0159ebu \u010dast\u00fdch v\u00fdm\u011bn, co\u017e vyhovuje jak p\u0159\u00edle\u017eitostn\u00fdm, tak oddan\u00fdm u\u017eivatel\u016fm. D\u00edky v\u00fdkonn\u00e9 650mAh dob\u00edjec\u00ed baterii <strong>Vapme Shisha Hookah 20000<\/strong> zaji\u0161\u0165uje konzistentn\u00ed v\u00fdkon, co\u017e u\u017eivatel\u016fm poskytuje spolehlivost, kterou pot\u0159ebuj\u00ed po celou dobu jeho \u017eivotnosti.<\/p>\n<p>Pro ty, kte\u0159\u00ed hledaj\u00ed cenov\u011b v\u00fdhodn\u00e9 \u0159e\u0161en\u00ed <strong>Vapme Shisha Hookah<\/strong>\u00a0je k dispozici pro hromadn\u00e9 n\u00e1kupy, co\u017e z n\u011bj \u010din\u00ed ide\u00e1ln\u00ed volbu pro maloobchodn\u00edky a prodejny s vapery. A\u0165 u\u017e hled\u00e1te <strong>nejlep\u0161\u00ed jednor\u00e1zov\u00fd vape<\/strong> nebo se chcete z\u00e1sobit <strong>vapes ve velk\u00e9m<\/strong>, tento produkt nab\u00edz\u00ed vynikaj\u00edc\u00ed hodnotu. Mo\u017enost <strong>jednor\u00e1zov\u00fd vape s n\u00edzk\u00fdm obsahem nikotinu<\/strong> je vhodn\u00fd pro \u0161ir\u0161\u00ed \u0161k\u00e1lu preferenc\u00ed, zat\u00edmco jeho <strong>dob\u00edjec\u00ed vapes<\/strong> funkce p\u0159id\u00e1v\u00e1 pohodl\u00ed pro dlouhodob\u00e9 pou\u017e\u00edv\u00e1n\u00ed.<\/p>\n<p>S rostouc\u00ed popularitou <strong>vodn\u00ed d\u00fdmka bez nikotinu<\/strong>, Vapme Shisha 20000 nab\u00edz\u00ed mo\u017enosti pro ty, kte\u0159\u00ed si u\u017e\u00edvaj\u00ed vapov\u00e1n\u00ed bez nikotinu. \u0160irok\u00e1 \u0161k\u00e1la <strong>p\u0159\u00edchut\u011b vodn\u00ed d\u00fdmky<\/strong> zaji\u0161\u0165uje, \u017ee ka\u017ed\u00fd potah poskytuje n\u00e1dhern\u00fd, chutn\u00fd z\u00e1\u017eitek, p\u0159ipom\u00ednaj\u00edc\u00ed tradi\u010dn\u00ed sezen\u00ed s vodn\u00ed d\u00fdmkou.<\/p>\n<p>D\u00edky kombinaci odolnosti, rozmanitosti p\u0159\u00edchut\u00ed a u\u017eivatelsky p\u0159\u00edv\u011btiv\u00fdch funkc\u00ed, <strong>Vapme Shisha Hookah 20000 <\/strong>skute\u010dn\u011b vynik\u00e1 na trhu <strong>jednor\u00e1zov\u00e9 vapes online<\/strong> .<\/p>\n<p>&nbsp;<\/p>\n<\/div>\n<\/div>\n<\/div>\n<\/div>\n<\/div>\n<\/div>\n<p><strong>Kontaktujte Amy a z\u00edskejte spr\u00e1vnou odpov\u011b\u010f a kup\u00f3n na vape!<\/strong><\/p>\n<p><img loading=\"lazy\" decoding=\"async\" class=\"size-full wp-image-1978\" src=\"https:\/\/rmvapesale.com\/wp-content\/uploads\/2024\/09\/Disposable-Vape-Wholesale.jpg\" alt=\"Jednor\u00e1zov\u00e1 e-cigareta velkoobchod\" width=\"229\" height=\"300\" \/><\/p>\n<h3><a href=\"https:\/\/wa.me\/8617776015835\" target=\"_blank\" rel=\"noopener\"><span style=\"color: #ff0000\"><strong>WhatsApp: +86 17776015835<\/strong><\/span><\/a><\/h3>\n<p>&nbsp;<\/p>\n<h2><\/h2>\n<h2><strong>Vapme Shisha Pro Max 20000 Jednor\u00e1zov\u00e1<\/strong><strong>\u00a0<\/strong><strong>Kl\u00ed\u010dov\u00e9 vlastnosti<\/strong><\/h2>\n<p><strong>20 000 pot\u00e1hnut\u00ed:<\/strong> Navr\u017eeno pro dlouhodob\u00e9 pou\u017e\u00edv\u00e1n\u00ed, nab\u00edz\u00ed a\u017e 20 000 pot\u00e1hnut\u00ed na jedno za\u0159\u00edzen\u00ed.<\/p>\n<p><strong>Kapacita e-liquidu 28 ml:<\/strong> Vybaveno velkou 28ml n\u00e1dr\u017ekou na e-liquid pro del\u0161\u00ed vapov\u00e1n\u00ed bez \u010dast\u00e9ho dopl\u0148ov\u00e1n\u00ed.<\/p>\n<p><strong>Dob\u00edjec\u00ed baterie 650mAh:<\/strong> Obsahuje robustn\u00ed dob\u00edjec\u00ed baterii, kter\u00e1 poskytuje konzistentn\u00ed v\u00fdkon.<\/p>\n<p><strong>R\u016fzn\u00e9 p\u0159\u00edchut\u011b:<\/strong> Dostupn\u00e9 ve 24 r\u016fzn\u00fdch p\u0159\u00edchut\u00edch, uspokojuj\u00edc\u00ed r\u016fzn\u00e9 chu\u0165ov\u00e9 preference od ovocn\u00fdch a\u017e po mentolov\u00e9 varianty.<\/p>\n<p><strong>Elegantn\u00ed design:<\/strong> Modern\u00ed a stylov\u00fd design, kter\u00fd se snadno dr\u017e\u00ed a p\u0159en\u00e1\u0161\u00ed, d\u00edky \u010demu\u017e je u\u017eivatelsky p\u0159\u00edv\u011btiv\u00fd.<\/p>\n<p><strong>Obrazovka pro e-liquid a baterii<\/strong><\/p>\n<figure id=\"attachment_2492\" aria-describedby=\"caption-attachment-2492\" style=\"width: 800px\" class=\"wp-caption alignnone\"><img loading=\"lazy\" decoding=\"async\" class=\"wp-image-2492 size-full\" src=\"https:\/\/rmvapesale.com\/wp-content\/uploads\/2024\/10\/Shisha-Bar-Vapme-Shisha-Pro-Max-20000.jpg\" alt=\"D\u00fdmka Bar Vapme Shisha Pro Max 20000\" width=\"800\" height=\"800\" srcset=\"https:\/\/rmvapesale.com\/wp-content\/uploads\/2024\/10\/Shisha-Bar-Vapme-Shisha-Pro-Max-20000.jpg 800w, https:\/\/rmvapesale.com\/wp-content\/uploads\/2024\/10\/Shisha-Bar-Vapme-Shisha-Pro-Max-20000-300x300.jpg 300w, https:\/\/rmvapesale.com\/wp-content\/uploads\/2024\/10\/Shisha-Bar-Vapme-Shisha-Pro-Max-20000-150x150.jpg 150w, https:\/\/rmvapesale.com\/wp-content\/uploads\/2024\/10\/Shisha-Bar-Vapme-Shisha-Pro-Max-20000-768x768.jpg 768w, https:\/\/rmvapesale.com\/wp-content\/uploads\/2024\/10\/Shisha-Bar-Vapme-Shisha-Pro-Max-20000-600x600.jpg 600w, https:\/\/rmvapesale.com\/wp-content\/uploads\/2024\/10\/Shisha-Bar-Vapme-Shisha-Pro-Max-20000-100x100.jpg 100w\" sizes=\"auto, (max-width: 800px) 100vw, 800px\" \/><figcaption id=\"caption-attachment-2492\" class=\"wp-caption-text\">D\u00fdmka Bar Vapme Shisha Pro Max 20000<\/figcaption><\/figure>\n<h2><strong>Nejlep\u0161\u00ed p\u0159\u00edchu\u0165 pro Vapme Shisha <\/strong><strong>Bar<\/strong><strong>\u00a020000 pot\u00e1hnut\u00ed\u00a0<\/strong><\/h2>\n<p>Elegantn\u00ed a modern\u00ed design za\u0159\u00edzen\u00ed je sp\u00e1rov\u00e1n s v\u00fdb\u011brem 24 jedine\u010dn\u00fdch <strong>p\u0159\u00edchut\u011b vodn\u00ed d\u00fdmky<\/strong>, od obl\u00edben\u00fdch ovocn\u00fdch, jako je jahoda s melounem, po osv\u011b\u017euj\u00edc\u00ed mo\u017enosti, jako je bor\u016fvka na ledu, tak\u017ee si ka\u017ed\u00fd najde to sv\u00e9.<\/p>\n<p>1.Bor\u016fvkov\u00fd bublinkov\u00fd gumov\u00fd <span style=\"color: #ff0000\"><strong>&gt;&gt;&gt;&gt; Hork\u00e9!<\/strong><\/span><br \/>\n2.Kiwi s marakujou a guavou<br \/>\n3.Bor\u016fvkov\u00e1 malinov\u00e1 limon\u00e1da<br \/>\n4.Jahoda s kiwi<br \/>\n5.Sm\u00ed\u0161en\u00e9 bobule <span style=\"color: #ff0000\"><strong>&gt;&gt;&gt;&gt; Nejlep\u0161\u00ed!<\/strong><\/span><br \/>\n6.Jahoda s melounem<br \/>\n7.Hroznov\u00fd pun\u010d<br \/>\n8.Meloun s ledem<br \/>\n9.Broskev, mango, ananas<br \/>\n10.Jahoda s ledem<br \/>\n11.\u0160\u0165avnat\u00e1 broskev<br \/>\n12.Lady Killa<br \/>\n13.Cherry Berry<br \/>\n14.Bor\u016fvka malina <span style=\"color: #ff0000\"><strong>&gt;&gt;&gt;&gt; Hork\u00e9!<\/strong><\/span><br \/>\n15.Love 66 <span style=\"color: #ff0000\"><strong>&gt;&gt;&gt;&gt; Hork\u00e9!<\/strong><\/span><br \/>\n16.Vodn\u00ed meloun s b\u00fdkem<br \/>\n17.Jahodov\u00e9 hrozny<br \/>\n18.Jahodov\u00fd malinov\u00fd bonb\u00f3n<br \/>\n19.B\u00edl\u00e1 Mamba<br \/>\n20.Vodn\u00ed meloun s t\u0159e\u0161n\u00ed<br \/>\n21.Mra\u017een\u00e9 jablko<br \/>\n22.Citr\u00f3n s m\u00e1tou<br \/>\n23.\u010cern\u00fd ryb\u00edz led<br \/>\n24.Ananasov\u00fd shake<\/p>\n<p>&nbsp;<\/p>\n<h3><strong>Pro\u010d zvolit Rmvapesale pro Hookah Shisha Vapme 20000 Puffs<\/strong><strong>?<\/strong><\/h3>\n<div class=\"flex-shrink-0 flex flex-col relative items-end\">\n<div class=\"pt-0\">\n<div class=\"gizmo-bot-avatar flex h-8 w-8 items-center justify-center overflow-hidden rounded-full\">\n<div class=\"relative p-1 rounded-sm flex items-center justify-center bg-token-main-surface-primary text-token-text-primary h-8 w-8\">\n<p>&nbsp;<\/p>\n<p>Kdy\u017e si vyberete Rmvapesale pro sv\u00e9 velkoobchodn\u00ed pot\u0159eby jednor\u00e1zov\u00fdch vap\u016f, z\u00edsk\u00e1te:<\/p>\n<ul>\n<li><strong>Konkuren\u010dn\u00ed cena<\/strong>: Z\u00edskejte p\u0159\u00edstup k atraktivn\u00edm velkoobchodn\u00edm cen\u00e1m, kter\u00e9 zv\u00fd\u0161\u00ed mar\u017ee va\u0161eho podnik\u00e1n\u00ed.<\/li>\n<li><strong>Vysok\u00e1 kvalita<\/strong>: Na\u0161e vapy jsou vyr\u00e1b\u011bny podle nejvy\u0161\u0161\u00edch standard\u016f a <span style=\"color: #ff0000\"><strong>zaru\u010den\u011b 100% origin\u00e1ln\u00ed a autentick\u00e9, nebo 10n\u00e1sobn\u00e1 kompenzace za pad\u011blky!<\/strong><\/span><\/li>\n<li><strong>Vynikaj\u00edc\u00ed z\u00e1kaznick\u00fd servis<\/strong>: N\u00e1\u0161 specializovan\u00fd t\u00fdm je v\u00e1m v\u017edy p\u0159ipraven pomoci a u\u010dinit tak v\u00e1\u0161 n\u00e1kupn\u00ed proces plynul\u00fdm a bezprobl\u00e9mov\u00fdm.<\/li>\n<li><strong>Rychl\u00e9 doru\u010den\u00ed<\/strong>: M\u016f\u017eete o\u010dek\u00e1vat rychlou a spolehlivou p\u0159epravu, kter\u00e1 zajist\u00ed, \u017ee va\u0161e objedn\u00e1vky doraz\u00ed v\u010das, poka\u017ed\u00e9.<\/li>\n<\/ul>\n<\/div>\n<h3><\/h3>\n<div class=\"relative p-1 rounded-sm flex items-center justify-center bg-token-main-surface-primary text-token-text-primary h-8 w-8\">\n<h3><b>\u010casto kladen\u00e9 ot\u00e1zky<\/b><\/h3>\n<div class=\"flex-shrink-0 flex flex-col relative items-end\">\n<div>\n<div class=\"pt-0\">\n<div class=\"gizmo-bot-avatar flex h-8 w-8 items-center justify-center overflow-hidden rounded-full\">\n<div class=\"relative p-1 rounded-sm flex items-center justify-center bg-token-main-surface-primary text-token-text-primary h-8 w-8\"><\/div>\n<\/div>\n<\/div>\n<\/div>\n<\/div>\n<div class=\"group\/conversation-turn relative flex w-full min-w-0 flex-col agent-turn\">\n<div class=\"flex-col gap-1 md:gap-3\">\n<div class=\"flex max-w-full flex-col flex-grow\">\n<div class=\"min-h-8 text-message flex w-full flex-col items-end gap-2 whitespace-normal break-words [.text-message+&amp;]:mt-5\" dir=\"auto\" data-message-author-role=\"assistant\" data-message-id=\"3a019841-c00e-477f-baad-0bb23e48af2d\" data-message-model-slug=\"gpt-4o\">\n<div class=\"flex w-full flex-col gap-1 empty:hidden first:pt-[3px]\">\n<div class=\"markdown prose w-full break-words dark:prose-invert light\">\n<p><strong>1. Co je Shisha Hookah jednor\u00e1zov\u00e1 ty\u010dinka?<\/strong><br \/>\nA <strong>Shisha Hookah jednor\u00e1zov\u00e1 ty\u010dinka<\/strong> je typ <strong>jednor\u00e1zov\u00e9 e-cigarety<\/strong> je navr\u017een tak, aby napodoboval z\u00e1\u017eitek z kou\u0159en\u00ed tradi\u010dn\u00ed vodn\u00ed d\u00fdmky. Obsahuje baterii, komoru napln\u011bnou ochucenou e-kapalinou (\u010dasto naz\u00fdvanou <strong>p\u0159\u00edchut\u011b vodn\u00ed d\u00fdmky<\/strong>), a topn\u00e9 t\u011bleso. Baterie nap\u00e1j\u00ed topnou spir\u00e1lu, kter\u00e1 zah\u0159\u00edv\u00e1 kapalinu a vytv\u00e1\u0159\u00ed p\u00e1ru pro vdechov\u00e1n\u00ed.<\/p>\n<p><strong>2. Jak\u00fd je rozd\u00edl mezi jednor\u00e1zovou elektronickou vodn\u00ed d\u00fdmkou a tradi\u010dn\u00ed vodn\u00ed d\u00fdmkou?<\/strong><br \/>\nTradi\u010dn\u00ed vodn\u00ed d\u00fdmka pou\u017e\u00edv\u00e1 uhl\u00edky k p\u00e1len\u00ed tab\u00e1ku, a kou\u0159 je p\u0159ed vdechnut\u00edm filtrov\u00e1n vodou. Na rozd\u00edl od toho, jednor\u00e1zov\u00e1 <strong>elektronick\u00e1 vodn\u00ed d\u00fdmka<\/strong> pou\u017e\u00edv\u00e1 elektrickou topnou spir\u00e1lu k odpa\u0159ov\u00e1n\u00ed e-liquidu, \u010d\u00edm\u017e vytv\u00e1\u0159\u00ed p\u00e1ru, kter\u00e1 je vdechov\u00e1na p\u0159\u00edmo bez pot\u0159eby uhl\u00edk\u016f nebo vody.<\/p>\n<p><strong>3. Kter\u00e9 jsou nejlep\u0161\u00ed zna\u010dky jednor\u00e1zov\u00fdch elektronick\u00fdch vodn\u00edch d\u00fdmek?<\/strong><br \/>\nMezi obl\u00edben\u00e9 zna\u010dky jednor\u00e1zov\u00fdch <strong>elektronick\u00fdch vodn\u00edch d\u00fdmek<\/strong> pat\u0159\u00ed <strong>Vapme Shisha Hookah<\/strong>, FIHP Shisha Hookah 15000 pro, a AIVONO Shisha FATMAN 15000.<\/p>\n<\/div>\n<\/div>\n<\/div>\n<\/div>\n<\/div>\n<\/div>\n<p><strong>4. Jak pozn\u00e1te, \u017ee je va\u0161e elektronick\u00e1 vodn\u00ed d\u00fdmka Vapme pr\u00e1zdn\u00e1?\u00a0<\/strong><br \/>\nPozn\u00e1te, \u017ee se va\u0161e jednor\u00e1zov\u00e1 elektronick\u00e1 d\u00fdmka bl\u00ed\u017e\u00ed vypr\u00e1zdn\u011bn\u00ed, kdy\u017e chu\u0165 zesl\u00e1bne nebo se sn\u00ed\u017e\u00ed produkce p\u00e1ry. N\u011bkter\u00e9 nov\u00e9 jednor\u00e1zov\u00e9 e-cigarety s displejem, jako je RandM Vape 12000, RandM Tornado 15000, Waspe 30000 puffs, maj\u00ed indik\u00e1tor na obrazovce.<\/p>\n<p><strong>5. Jak dlouho trv\u00e1 nab\u00edjen\u00ed jednor\u00e1zov\u00e9 elektronick\u00e9 d\u00fdmky Vapme?<\/strong><br \/>\nNab\u00edjen\u00ed v\u011bt\u0161iny bateri\u00ed e-cigaret obvykle trv\u00e1 3 a\u017e 4 hodiny pro pln\u00e9 nabit\u00ed, v z\u00e1vislosti na velikosti baterie. Nejlep\u0161\u00ed je po\u010dkat, dokud nen\u00ed baterie zcela vybit\u00e1, ne\u017e ji dobijete. Proto\u017ee je v\u0161ak ka\u017ed\u00e9 za\u0159\u00edzen\u00ed jedine\u010dn\u00e9, v\u017edy se \u0159i\u010fte pokyny v manu\u00e1lu k produktu pro specifick\u00e9 pokyny k nab\u00edjen\u00ed a indik\u00e1tory, abyste zajistili optim\u00e1ln\u00ed v\u00fdkon.<\/p>\n<\/div>\n<\/div>\n<\/div>\n<\/div>\n<div class=\"group\/conversation-turn relative flex w-full min-w-0 flex-col agent-turn\">\n<div class=\"flex-col gap-1 md:gap-3\">\n<div class=\"flex max-w-full flex-col flex-grow\">\n<div class=\"min-h-8 text-message flex w-full flex-col items-end gap-2 whitespace-normal break-words [.text-message+&amp;]:mt-5\" dir=\"auto\" data-message-author-role=\"assistant\" data-message-id=\"f226d3fc-81f3-46d5-8c46-31787fff0357\">\n<div class=\"flex w-full flex-col gap-1 empty:hidden first:pt-[3px]\">\n<div class=\"markdown prose w-full break-words dark:prose-invert light\">\n<div class=\"group\/conversation-turn relative flex w-full min-w-0 flex-col agent-turn\">\n<div class=\"flex-col gap-1 md:gap-3\">\n<div class=\"flex max-w-full flex-col flex-grow\">\n<div class=\"min-h-8 text-message flex w-full flex-col items-end gap-2 whitespace-normal break-words [.text-message+&amp;]:mt-5\" dir=\"auto\" data-message-author-role=\"assistant\" data-message-id=\"91d2b73b-9149-4888-a964-4b8464e0e6e3\" data-message-model-slug=\"gpt-4o\">\n<div class=\"flex w-full flex-col gap-1 empty:hidden first:pt-[3px]\">\n<div class=\"markdown prose w-full break-words dark:prose-invert light\">\n<p>&nbsp;<\/p>\n<\/div>\n<\/div>\n<\/div>\n<\/div>\n<\/div>\n<\/div>\n<\/div>\n<\/div>\n<\/div>\n<\/div>\n<\/div>\n<\/div>\n<h3>O p\u0159eprav\u011b<\/h3>\n<div class=\"flex-shrink-0 flex flex-col relative items-end\">\n<div>\n<div class=\"pt-0\">\n<div class=\"gizmo-bot-avatar flex h-8 w-8 items-center justify-center overflow-hidden rounded-full\">\n<div><\/div>\n<div class=\"relative p-1 rounded-sm flex items-center justify-center bg-token-main-surface-primary text-token-text-primary h-8 w-8\"><strong>1. Jak\u00e9 zp\u016fsoby dopravy se pou\u017e\u00edvaj\u00ed?<\/strong><\/div>\n<\/div>\n<\/div>\n<\/div>\n<\/div>\n<div class=\"group\/conversation-turn relative flex w-full min-w-0 flex-col agent-turn\">\n<div class=\"flex-col gap-1 md:gap-3\">\n<div class=\"flex max-w-full flex-col flex-grow\">\n<div class=\"min-h-[20px] text-message flex w-full flex-col items-end gap-2 whitespace-normal break-words [.text-message+&amp;]:mt-5 overflow-x-auto\" dir=\"auto\" data-message-author-role=\"assistant\" data-message-id=\"22f8283b-3233-46ff-89a5-c7a41b33abda\">\n<div class=\"flex w-full flex-col gap-1 empty:hidden first:pt-[3px]\">\n<div class=\"markdown prose w-full break-words dark:prose-invert light\">\n<p>Spolupracujeme s UPS, DHL, FedEx, DPD a dal\u0161\u00edmi p\u0159edn\u00edmi p\u0159epravci. Vybereme nejlep\u0161\u00ed zp\u016fsob dopravy na z\u00e1klad\u011b va\u0161\u00ed doru\u010dovac\u00ed lokality, abychom zajistili, \u017ee sv\u00e9 produkty obdr\u017e\u00edte co nejrychleji.<\/p>\n<\/div>\n<p><strong>2. Jak dlouho trv\u00e1 doru\u010den\u00ed?<\/strong><\/p>\n<p>Bal\u00ed\u010dky odeslan\u00e9 do \u010cesk\u00e9 republiky obvykle doraz\u00ed do 10 pracovn\u00edch dn\u016f. P\u0159eprava do evropsk\u00fdch zem\u00ed obecn\u011b trv\u00e1 asi 12-15 pracovn\u00edch dn\u016f. O stavu va\u0161\u00ed z\u00e1silky v\u00e1s budeme pr\u016fb\u011b\u017en\u011b informovat.<\/p>\n<\/div>\n<\/div>\n<\/div>\n<\/div>\n<\/div>\n<p>&nbsp;<\/p>\n<p>Dal\u0161\u00ed obl\u00edben\u00e9 jednor\u00e1zov\u00e9 e-cigarety, kter\u00e9 by se v\u00e1m mohly l\u00edbit:<\/p>\n<p><a href=\"https:\/\/rmvapesale.com\/cs\/product\/randm-tornado-15000-puffs-15k-vape-recharge-fumot-original-vape-factory-price\/\"><strong>Randm Vape 15000 pot\u00e1hnut\u00ed\u00a0 \u00a0<span style=\"color: #ff0000\">&gt;&gt;&gt;&gt; j\u00edt!<\/span><\/strong><\/a><\/p>\n<p><strong><a href=\"https:\/\/rmvapesale.com\/cs\/product\/fumot-digital-box-12000-disposable-vape-pink-lemonade-flavor\/\">Fumot Digital Box 12000 jednor\u00e1zov\u00e1 e-cigareta<\/a><\/strong><strong><a href=\"https:\/\/rmvapesale.com\/cs\/product\/faivono-bang-maxi-15000-puffs-disposable-vape-bulk-wholesale\/\">\u00a0<span style=\"color: #ff0000\">&gt;&gt;&gt;&gt; j\u00edt!<\/span><\/a>\u00a0<\/strong><\/p>\n<p><a href=\"https:\/\/rmvapesale.com\/cs\/product\/randm-tornado-25000-puffs-disposable-vape-wholesale\/\"><strong>Fumot Vape RandM Tornado 25000 pot\u00e1hnut\u00ed <span style=\"color: #ff0000\">&gt;&gt;&gt;&gt; j\u00edt!<\/span><\/strong><\/a><\/p>\n<p>&nbsp;<\/p>\n<p>&nbsp;<\/p>\n<p>Naj\u00edt v\u00edce produkt\u016f pro vaping, kter\u00e9 by se v\u00e1m mohly l\u00edbit:<strong><em><a href=\"https:\/\/rmvapesale.com\/cs\/shop-2\/\">nakupujte nyn\u00ed &gt;&gt;&gt;<\/a><\/em><\/strong><\/p>","protected":false},"excerpt":{"rendered":"<p>Vapme Shisha Hookah 20000 Puffs Velkoobchod s jednor\u00e1zov\u00fdmi cigaretami<br \/>\nVapme Shisha Hookah 20000 Puffs 24 p\u0159\u00edchut\u00ed skladem<br \/>\nVapme Shisha Pro Max 20000 Puffs LED displej 2% N\u00edzk\u00fd obsah nikotinu Jednor\u00e1zov\u00e1 e-cigareta<\/p>\n<p><img loading=\"lazy\" decoding=\"async\" class=\"size-full wp-image-2375\" src=\"https:\/\/rmvapesale.com\/wp-content\/uploads\/2024\/10\/image.png\" alt=\"Nejlep\u0161\u00ed jednor\u00e1zov\u00e1 e-cigareta\" width=\"229\" height=\"300\" \/><\/p>\n<h3><a href=\"https:\/\/wa.me\/8617776015835\"><span style=\"color: #ff0000\"><strong>WhatsApp: +86 17776015835<\/strong><\/span><\/a><\/h3>\n<p>&nbsp;<\/p>","protected":false},"featured_media":2496,"comment_status":"open","ping_status":"closed","template":"","meta":{"_uag_custom_page_level_css":"","_lmt_disableupdate":"no","_lmt_disable":"","site-sidebar-layout":"default","site-content-layout":"content-boxed-container","ast-site-content-layout":"normal-width-container","site-content-style":"boxed","site-sidebar-style":"unboxed","ast-global-header-display":"","ast-banner-title-visibility":"","ast-main-header-display":"","ast-hfb-above-header-display":"","ast-hfb-below-header-display":"","ast-hfb-mobile-header-display":"","site-post-title":"","ast-breadcrumbs-content":"","ast-featured-img":"","footer-sml-layout":"","theme-transparent-header-meta":"default","adv-header-id-meta":"","stick-header-meta":"","header-above-stick-meta":"","header-main-stick-meta":"","header-below-stick-meta":"","astra-migrate-meta-layouts":"set","ast-page-background-enabled":"default","ast-page-background-meta":{"desktop":{"background-color":"var(--ast-global-color-4)","background-image":"","background-repeat":"repeat","background-position":"center center","background-size":"auto","background-attachment":"scroll","background-type":"","background-media":"","overlay-type":"","overlay-color":"","overlay-opacity":"","overlay-gradient":""},"tablet":{"background-color":"","background-image":"","background-repeat":"repeat","background-position":"center center","background-size":"auto","background-attachment":"scroll","background-type":"","background-media":"","overlay-type":"","overlay-color":"","overlay-opacity":"","overlay-gradient":""},"mobile":{"background-color":"","background-image":"","background-repeat":"repeat","background-position":"center center","background-size":"auto","background-attachment":"scroll","background-type":"","background-media":"","overlay-type":"","overlay-color":"","overlay-opacity":"","overlay-gradient":""}},"ast-content-background-meta":{"desktop":{"background-color":"var(--ast-global-color-5)","background-image":"","background-repeat":"repeat","background-position":"center center","background-size":"auto","background-attachment":"scroll","background-type":"","background-media":"","overlay-type":"","overlay-color":"","overlay-opacity":"","overlay-gradient":""},"tablet":{"background-color":"var(--ast-global-color-5)","background-image":"","background-repeat":"repeat","background-position":"center center","background-size":"auto","background-attachment":"scroll","background-type":"","background-media":"","overlay-type":"","overlay-color":"","overlay-opacity":"","overlay-gradient":""},"mobile":{"background-color":"var(--ast-global-color-5)","background-image":"","background-repeat":"repeat","background-position":"center center","background-size":"auto","background-attachment":"scroll","background-type":"","background-media":"","overlay-type":"","overlay-color":"","overlay-opacity":"","overlay-gradient":""}},"_joinchat":[]},"product_brand":[],"product_cat":[15,25,123,26,28,135,27,137,136,30],"product_tag":[169,167,165,180,103,120,179],"class_list":{"0":"post-2499","1":"product","2":"type-product","3":"status-publish","4":"has-post-thumbnail","6":"product_cat-new-vape-this-week","7":"product_cat-germany-best-selling-vape","8":"product_cat-italy-wholesale-vape","9":"product_cat-netherlands-hot-sale-vape","10":"product_cat-poland-hot-sale-vape","11":"product_cat-spain-best-hot-sale-vape","12":"product_cat-fance-hot-sale-vape","13":"product_cat-rechargeable-vapes","14":"product_cat-smart-screen-vapes","15":"product_cat-minimum-order-quantity-50pcs","16":"product_tag-best-disposable-vape-2024","17":"product_tag-disposable-vape-with-screen","18":"product_tag-rechargeable-vapes","19":"product_tag-shisha-bar","20":"product_tag-shisha-hookah","21":"product_tag-vape-wholesale","22":"product_tag-vapme-shisha-hookah","23":"desktop-align-left","24":"tablet-align-left","25":"mobile-align-left","27":"first","28":"instock","29":"sale","30":"shipping-taxable","31":"purchasable","32":"product-type-simple"},"uagb_featured_image_src":{"full":["https:\/\/rmvapesale.com\/wp-content\/uploads\/2024\/10\/Vapme-Shisha-Hookah-Vape-20000.jpg",800,800,false],"thumbnail":["https:\/\/rmvapesale.com\/wp-content\/uploads\/2024\/10\/Vapme-Shisha-Hookah-Vape-20000-150x150.jpg",150,150,true],"medium":["https:\/\/rmvapesale.com\/wp-content\/uploads\/2024\/10\/Vapme-Shisha-Hookah-Vape-20000-300x300.jpg",300,300,true],"medium_large":["https:\/\/rmvapesale.com\/wp-content\/uploads\/2024\/10\/Vapme-Shisha-Hookah-Vape-20000-768x768.jpg",768,768,true],"large":["https:\/\/rmvapesale.com\/wp-content\/uploads\/2024\/10\/Vapme-Shisha-Hookah-Vape-20000.jpg",800,800,false],"1536x1536":["https:\/\/rmvapesale.com\/wp-content\/uploads\/2024\/10\/Vapme-Shisha-Hookah-Vape-20000.jpg",800,800,false],"2048x2048":["https:\/\/rmvapesale.com\/wp-content\/uploads\/2024\/10\/Vapme-Shisha-Hookah-Vape-20000.jpg",800,800,false],"trp-custom-language-flag":["https:\/\/rmvapesale.com\/wp-content\/uploads\/2024\/10\/Vapme-Shisha-Hookah-Vape-20000.jpg",12,12,false],"woocommerce_thumbnail":["https:\/\/rmvapesale.com\/wp-content\/uploads\/2024\/10\/Vapme-Shisha-Hookah-Vape-20000-300x300.jpg",300,300,true],"woocommerce_single":["https:\/\/rmvapesale.com\/wp-content\/uploads\/2024\/10\/Vapme-Shisha-Hookah-Vape-20000-600x600.jpg",600,600,true],"woocommerce_gallery_thumbnail":["https:\/\/rmvapesale.com\/wp-content\/uploads\/2024\/10\/Vapme-Shisha-Hookah-Vape-20000-100x100.jpg",100,100,true],"wcpr-photo-reviews":["https:\/\/rmvapesale.com\/wp-content\/uploads\/2024\/10\/Vapme-Shisha-Hookah-Vape-20000.jpg",500,500,false]},"uagb_author_info":{"display_name":"AMY","author_link":"https:\/\/rmvapesale.com\/cs\/author\/"},"uagb_comment_info":0,"uagb_excerpt":"Vapme Shisha Hookah 20000 Puffs Disposable Bar Wholesale Vapme Shisha Hookah 20000 Puffs 24 Flavor in Stock Vapme Shisha Pro Max 20000 Puffs LED Display 2% Low Nicotine Disposable Vape WhatsApp: +86 17776015835 &nbsp;","_links":{"self":[{"href":"https:\/\/rmvapesale.com\/cs\/wp-json\/wp\/v2\/product\/2499","targetHints":{"allow":["GET"]}}],"collection":[{"href":"https:\/\/rmvapesale.com\/cs\/wp-json\/wp\/v2\/product"}],"about":[{"href":"https:\/\/rmvapesale.com\/cs\/wp-json\/wp\/v2\/types\/product"}],"replies":[{"embeddable":true,"href":"https:\/\/rmvapesale.com\/cs\/wp-json\/wp\/v2\/comments?post=2499"}],"wp:featuredmedia":[{"embeddable":true,"href":"https:\/\/rmvapesale.com\/cs\/wp-json\/wp\/v2\/media\/2496"}],"wp:attachment":[{"href":"https:\/\/rmvapesale.com\/cs\/wp-json\/wp\/v2\/media?parent=2499"}],"wp:term":[{"taxonomy":"product_brand","embeddable":true,"href":"https:\/\/rmvapesale.com\/cs\/wp-json\/wp\/v2\/product_brand?post=2499"},{"taxonomy":"product_cat","embeddable":true,"href":"https:\/\/rmvapesale.com\/cs\/wp-json\/wp\/v2\/product_cat?post=2499"},{"taxonomy":"product_tag","embeddable":true,"href":"https:\/\/rmvapesale.com\/cs\/wp-json\/wp\/v2\/product_tag?post=2499"}],"curies":[{"name":"wp","href":"https:\/\/api.w.org\/{rel}","templated":true}]}}