{"id":2540,"date":"2024-10-24T09:31:28","date_gmt":"2024-10-24T09:31:28","guid":{"rendered":"https:\/\/rmvapesale.com\/?post_type=product&#038;p=2540"},"modified":"2024-10-24T09:55:38","modified_gmt":"2024-10-24T09:55:38","slug":"vapme-crystal-20000-puffs-20k-double-flavor-rechargeable-vapes","status":"publish","type":"product","link":"https:\/\/rmvapesale.com\/cs\/product\/vapme-crystal-20000-puffs-20k-double-flavor-rechargeable-vapes\/","title":{"rendered":"Vapme Crystal 20000 Puffs 20K Dvojit\u00e1 p\u0159\u00edchu\u0165 Dob\u00edjec\u00ed vapes"},"content":{"rendered":"<div class=\"B2VR9 CJHX3e\">\n<div class=\"wyccme\">\n<h1 class=\"LC20lb MBeuO DKV0Md\">Vapme Crystal 20000 Puffs 20K Dvojit\u00e1 p\u0159\u00edchu\u0165 dob\u00edjec\u00ed vaporiz\u00e9ry Velkoobchod<\/h1>\n<div class=\"flex-shrink-0 flex flex-col relative items-end\">\n<div class=\"pt-0\">\n<div class=\"gizmo-bot-avatar flex h-8 w-8 items-center justify-center overflow-hidden rounded-full\">\n<div class=\"relative p-1 rounded-sm flex items-center justify-center bg-token-main-surface-primary text-token-text-primary h-8 w-8\">\n<p>Tento <strong>Vapme Crystal 20000 Puffs 20K Dob\u00edjec\u00ed jednor\u00e1zov\u00fd vaporiz\u00e9r<\/strong> je pr\u016flomov\u00fdm produktem v odv\u011btv\u00ed vapov\u00e1n\u00ed, nab\u00edzej\u00edc\u00ed vysoce kapacitn\u00ed za\u0159\u00edzen\u00ed ur\u010den\u00e9 jak pro p\u0159\u00edle\u017eitostn\u00e9, tak i \u010dast\u00e9 vap\u00e9ry. S obrovskou <strong>20 000 pot\u00e1hnut\u00edmi<\/strong>, tento <strong>jednor\u00e1zov\u00e9 e-cigarety<\/strong> zaji\u0161\u0165uje dlouhodobou z\u00e1bavu bez nutnosti neust\u00e1l\u00e9ho dopl\u0148ov\u00e1n\u00ed, \u010d\u00edm\u017e se \u0159ad\u00ed mezi <strong>nejlep\u0161\u00edch jednor\u00e1zov\u00fdch vape z roku 2024<\/strong>. Re\u017eim <strong>kapacitou 20 ml e-liquidu<\/strong> umo\u017e\u0148uje u\u017eivatel\u016fm vychutnat si jejich obl\u00edben\u00e9 p\u0159\u00edchut\u011b d\u00e9le, poh\u00e1n\u011bno <strong>cURL Too many subrequests.<\/strong> pro nep\u0159eru\u0161ovan\u00e9 vapovac\u00ed seance.<\/p>\n<p>Jednou z v\u00fdrazn\u00fdch vlastnost\u00ed <strong>Vapme Crystal 20000<\/strong> je jeho <strong>Dvojit\u00e1 p\u0159\u00edchu\u0165<\/strong> funkce, kter\u00e1 umo\u017e\u0148uje u\u017eivatel\u016fm p\u0159ep\u00ednat mezi dv\u011bma odli\u0161n\u00fdmi p\u0159\u00edchut\u011bmi, poskytuj\u00edc\u00ed v\u0161estrannost a jedine\u010dn\u00fd vapovac\u00ed z\u00e1\u017eitek. The <strong>p\u0159esn\u011b navr\u017een\u00e1 s\u00ed\u0165ov\u00e1 c\u00edvka<\/strong> zaji\u0161\u0165uje hladkou, konzistentn\u00ed produkci par, co\u017e zaru\u010duje, \u017ee ka\u017ed\u00fd potah je bohat\u00fd na chu\u0165.<\/p>\n<p>Pro v\u011bt\u0161\u00ed pohodl\u00ed je tento <strong>20000 pot\u00e1hnut\u00ed vape<\/strong> je vybaven <strong>nab\u00edjec\u00edho portu typu C<\/strong>, kter\u00fd umo\u017e\u0148uje rychl\u00e9 a snadn\u00e9 dob\u00edjen\u00ed, co\u017e z n\u011bj \u010din\u00ed obl\u00edbenou volbu pro vap\u00e9ry na cest\u00e1ch. A\u0165 u\u017e si z\u00e1sobujete sv\u016fj <strong>vape obchod<\/strong>, nakupujete pro <strong>velkoobchodn\u00ed vapes<\/strong>, nebo hled\u00e1te zp\u016fsob, jak <strong>koupit vapy online<\/strong>, tak <strong>Vapme Crystal 20K<\/strong> je pr\u00e9miov\u00e1 volba jak pro maloobchodn\u00edky, tak pro individu\u00e1ln\u00ed spot\u0159ebitele.<\/p>\n<p>Perfektn\u011b vhodn\u00fd pro ty, kte\u0159\u00ed hledaj\u00ed vysokou kvalitu <strong>dob\u00edjec\u00ed vapes<\/strong> or <strong>krabi\u010dkov\u00e9 vaporiz\u00e9ry<\/strong>, tento p\u0159\u00edstroj nab\u00edz\u00ed vynikaj\u00edc\u00ed v\u00fdkon a pohodl\u00ed, co\u017e z n\u011bj \u010din\u00ed nezbytnost v jak\u00e9koli <strong>vape bar<\/strong> nebo sb\u00edrce. Vyu\u017eijte maximum sv\u00e9ho vapov\u00e1n\u00ed s <strong>Vapme Crystal 20000 Puffs<\/strong>\u2014 v\u0161estrannou a spolehlivou volbou v \u0159ad\u011b <strong>jednor\u00e1zov\u00e9 e-cigarety<\/strong> .<\/p>\n<\/div>\n<\/div>\n<\/div>\n<\/div>\n<\/div>\n<\/div>\n<p><strong>Kontaktujte Amy a z\u00edskejte spr\u00e1vnou odpov\u011b\u010f a kup\u00f3n na vape!<\/strong><\/p>\n<p><img loading=\"lazy\" decoding=\"async\" class=\"size-full wp-image-1978\" src=\"https:\/\/rmvapesale.com\/wp-content\/uploads\/2024\/09\/Disposable-Vape-Wholesale.jpg\" alt=\"Jednor\u00e1zov\u00e1 e-cigareta velkoobchod\" width=\"229\" height=\"300\" \/><\/p>\n<h3><a href=\"https:\/\/wa.me\/8617776015835\" target=\"_blank\" rel=\"noopener\"><span style=\"color: #ff0000\"><strong>WhatsApp: +86 17776015835<\/strong><\/span><\/a><\/h3>\n<p>&nbsp;<\/p>\n<h2><\/h2>\n<h2><strong>Vapme Crystal 20000 Puffs Jednor\u00e1zov\u00fd<\/strong><strong>\u00a0<\/strong><strong>Kl\u00ed\u010dov\u00e9 vlastnosti<\/strong><\/h2>\n<p>10+10 P\u0158\u00cdCHUT\u00cd<br \/>\nBaterie: 700mAh, port typu C<br \/>\nKapacita: 20mL e-liquidu<br \/>\nC\u00edvka: mesh c\u00edvka 1.0 ohm<br \/>\nPo\u010det pot\u00e1hnut\u00ed: v\u00edce ne\u017e 20000 pot\u00e1hnut\u00ed<br \/>\n160ks\/krabice<br \/>\n16,0kg\/krabice<br \/>\nNikotin: 2%<br \/>\nZa\u0159\u00edzen\u00ed 2 v 1 s p\u0159\u00edchut\u00ed<\/p>\n<h2><strong>Nejlep\u0161\u00ed p\u0159\u00edchu\u0165 pro Vapme Crystal 20000 Puffs<\/strong><\/h2>\n<p>K dispozici v r\u016fzn\u00fdch p\u0159\u00edchut\u00edch, v\u010detn\u011b Bor\u016fvka Malina &amp; Vodn\u00ed meloun Ice a Jahoda Vodn\u00ed meloun &amp; Passionfruit Melon Ice, je VAPME 20K ide\u00e1ln\u00ed pro ty, kte\u0159\u00ed cht\u011bj\u00ed objevovat rozmanit\u00e9 chut\u011b.<\/p>\n<p>1 Bor\u016fvka Malina + Vodn\u00ed meloun ice <span style=\"color: #ff0000\"><strong>&gt;&gt;&gt;&gt; Hork\u00e9!<\/strong><\/span><br \/>\n2 Jahodov\u00e1 vodn\u00ed meloun + Passionfruit Melon led<br \/>\n3 T\u0159e\u0161\u0148ov\u00e1 led + Modr\u00fd razz limon\u00e1da<br \/>\n4 Hroznov\u00e1 led + Jahodov\u00e9 kiwi<br \/>\n5 Jahodov\u00e9 ban\u00e1n + Dvojit\u00e1 jablko <span style=\"color: #ff0000\"><strong>&gt;&gt;&gt;&gt; Hork\u00e9!<\/strong><\/span><br \/>\n6 Sm\u00ed\u0161en\u00e9 bobule led + Broskev mango ananas<br \/>\n7 Jahodov\u00e1 led + Vodn\u00ed meloun kiwi led<br \/>\n8 Energetick\u00fd n\u00e1poj + T\u0159e\u0161\u0148ov\u00e1 cola<br \/>\n9 Jahodovo-ryb\u00edzov\u00e1 cukrov\u00e1 sm\u011bs + Broskvov\u00e1 led <span style=\"color: #ff0000\"><strong>&gt;&gt;&gt;&gt; Nejlep\u0161\u00ed!<\/strong><\/span><br \/>\n10 Jahodov\u00e9 mango + Kiwi Passionfruit guava<\/p>\n<figure id=\"attachment_2537\" aria-describedby=\"caption-attachment-2537\" style=\"width: 800px\" class=\"wp-caption alignnone\"><img loading=\"lazy\" decoding=\"async\" class=\"wp-image-2537 size-full\" src=\"https:\/\/rmvapesale.com\/wp-content\/uploads\/2024\/10\/Vape-Vapme-Crystal-20000-Disposable-Vape.jpg\" alt=\"Vape Vapme Crystal 20000 Jednor\u00e1zov\u00fd vaporiz\u00e9r\" width=\"800\" height=\"800\" srcset=\"https:\/\/rmvapesale.com\/wp-content\/uploads\/2024\/10\/Vape-Vapme-Crystal-20000-Disposable-Vape.jpg 800w, https:\/\/rmvapesale.com\/wp-content\/uploads\/2024\/10\/Vape-Vapme-Crystal-20000-Disposable-Vape-300x300.jpg 300w, https:\/\/rmvapesale.com\/wp-content\/uploads\/2024\/10\/Vape-Vapme-Crystal-20000-Disposable-Vape-150x150.jpg 150w, https:\/\/rmvapesale.com\/wp-content\/uploads\/2024\/10\/Vape-Vapme-Crystal-20000-Disposable-Vape-768x768.jpg 768w, https:\/\/rmvapesale.com\/wp-content\/uploads\/2024\/10\/Vape-Vapme-Crystal-20000-Disposable-Vape-600x600.jpg 600w, https:\/\/rmvapesale.com\/wp-content\/uploads\/2024\/10\/Vape-Vapme-Crystal-20000-Disposable-Vape-100x100.jpg 100w\" sizes=\"auto, (max-width: 800px) 100vw, 800px\" \/><figcaption id=\"caption-attachment-2537\" class=\"wp-caption-text\">Vape Vapme Crystal 20000 Jednor\u00e1zov\u00fd vaporiz\u00e9r<\/figcaption><\/figure>\n<h3><strong>Pro\u010d si vybrat Rmvapesale pro Vapme Crystal 20000 Puffs<\/strong><strong>?<\/strong><\/h3>\n<div class=\"flex-shrink-0 flex flex-col relative items-end\">\n<div class=\"pt-0\">\n<div class=\"gizmo-bot-avatar flex h-8 w-8 items-center justify-center overflow-hidden rounded-full\">\n<div class=\"relative p-1 rounded-sm flex items-center justify-center bg-token-main-surface-primary text-token-text-primary h-8 w-8\">\n<p>&nbsp;<\/p>\n<p>Kdy\u017e si vyberete Rmvapesale pro sv\u00e9 velkoobchodn\u00ed pot\u0159eby jednor\u00e1zov\u00fdch vap\u016f, z\u00edsk\u00e1te:<\/p>\n<ul>\n<li><strong>Konkuren\u010dn\u00ed cena<\/strong>: Z\u00edskejte p\u0159\u00edstup k atraktivn\u00edm velkoobchodn\u00edm cen\u00e1m, kter\u00e9 zv\u00fd\u0161\u00ed mar\u017ee va\u0161eho podnik\u00e1n\u00ed.<\/li>\n<li><strong>Vysok\u00e1 kvalita<\/strong>: Na\u0161e vapy jsou vyr\u00e1b\u011bny podle nejvy\u0161\u0161\u00edch standard\u016f a <span style=\"color: #ff0000\"><strong>zaru\u010den\u011b 100% origin\u00e1ln\u00ed a autentick\u00e9, nebo 10n\u00e1sobn\u00e1 kompenzace za pad\u011blky!<\/strong><\/span><\/li>\n<li><strong>Vynikaj\u00edc\u00ed z\u00e1kaznick\u00fd servis<\/strong>: N\u00e1\u0161 specializovan\u00fd t\u00fdm je v\u00e1m v\u017edy p\u0159ipraven pomoci a u\u010dinit tak v\u00e1\u0161 n\u00e1kupn\u00ed proces plynul\u00fdm a bezprobl\u00e9mov\u00fdm.<\/li>\n<li><strong>Rychl\u00e9 doru\u010den\u00ed<\/strong>: M\u016f\u017eete o\u010dek\u00e1vat rychlou a spolehlivou p\u0159epravu, kter\u00e1 zajist\u00ed, \u017ee va\u0161e objedn\u00e1vky doraz\u00ed v\u010das, poka\u017ed\u00e9.<\/li>\n<\/ul>\n<\/div>\n<h3><\/h3>\n<div class=\"relative p-1 rounded-sm flex items-center justify-center bg-token-main-surface-primary text-token-text-primary h-8 w-8\">\n<h3><b>\u010casto kladen\u00e9 ot\u00e1zky<\/b><\/h3>\n<ul>\n<li><strong>Jak pou\u017e\u00edvat jednor\u00e1zovou vape pero Vapme Crystal 20000 Puffs<\/strong><br \/>\nPro pou\u017eit\u00ed Vapme Crystal 20000 jednodu\u0161e vyjm\u011bte z obalu, vdechn\u011bte \u00fasty a za\u0159\u00edzen\u00ed se automaticky aktivuje. Jedine\u010dnou funkc\u00ed je Double Flavor, kter\u00e1 v\u00e1m umo\u017en\u00ed p\u0159ep\u00ednat mezi dv\u011bma r\u016fzn\u00fdmi p\u0159\u00edchut\u011bmi pro rozmanit\u011bj\u0161\u00ed z\u00e1\u017eitek z vapov\u00e1n\u00ed.<\/li>\n<li><strong>Jak nab\u00edjet jednor\u00e1zovou vape Vapme Crystal 20K Puffs<\/strong><br \/>\nVapme Crystal 20000 je vybaveno dob\u00edjec\u00ed bateri\u00ed o kapacit\u011b 700mAh. Pro nab\u00edjen\u00ed pou\u017eijte port Type-C. P\u0159ipojte za\u0159\u00edzen\u00ed k nap\u00e1jen\u00ed pomoc\u00ed kabelu Type-C a rychle se dobije pro del\u0161\u00ed vapovac\u00ed seance.<\/li>\n<li><strong>Kolik nikotinu je v Vapme Crystal 20000 Puffs<\/strong><br \/>\n\u00darovn\u011b nikotinu u Vapme Crystal 20000 Puffs nejsou v obsahu specifikov\u00e1ny. Nicm\u00e9n\u011b, jednor\u00e1zov\u00e9 vaporiz\u00e9ry tohoto typu obvykle p\u0159ich\u00e1zej\u00ed v r\u016fzn\u00fdch nikotinov\u00fdch koncentrac\u00edch (0%, 2%, 5% atd.). P\u0159esn\u00fd obsah nikotinu si m\u016f\u017eete ov\u011b\u0159it u prodejce nebo na obalu produktu.<\/li>\n<li><strong>Jak dlouho bych m\u011bl nab\u00edjet sv\u016fj Crystal 20000 Puffs?<\/strong><br \/>\nP\u0159esn\u00fd \u010das nab\u00edjen\u00ed z\u00e1vis\u00ed na zdroji nap\u00e1jen\u00ed, ale d\u00edky rychl\u00e9mu nab\u00edjen\u00ed p\u0159es Type-C by se m\u011blo nab\u00edjen\u00ed prov\u00e1d\u011bt pom\u011brn\u011b rychle. B\u011bhem nab\u00edjen\u00ed m\u016f\u017eete sledovat indik\u00e1tory nab\u00edjen\u00ed nebo za\u0159\u00edzen\u00ed sledovat, kdy je pln\u011b nabit\u00e9.<\/li>\n<li><strong>Kde mohu zakoupit jednor\u00e1zovou vape ty\u010d Vapme Crystal 20000 Puffs<\/strong><br \/>\nVapme Crystal 20000 Puffs lze zakoupit u prodejc\u016f vaporiz\u00e9r\u016f, online obchod\u016f s vaporiz\u00e9ry nebo velkoobchodn\u00edch distributor\u016f, kte\u0159\u00ed nab\u00edzej\u00ed jednor\u00e1zov\u00e9 vaporiz\u00e9ry. Je to obl\u00edben\u00e1 volba pro individu\u00e1ln\u00ed spot\u0159ebitele i majitele vape shop\u016f. Zkontrolujte dostupnost ve va\u0161ich m\u00edstn\u00edch obchodech s vaporiz\u00e9ry nebo prohl\u00e9dn\u011bte online platformy specializovan\u00e9 na vapov\u00e1n\u00ed.<\/li>\n<\/ul>\n<\/div>\n<\/div>\n<\/div>\n<\/div>\n<h3>O p\u0159eprav\u011b<\/h3>\n<div class=\"flex-shrink-0 flex flex-col relative items-end\">\n<div>\n<div class=\"pt-0\">\n<div class=\"gizmo-bot-avatar flex h-8 w-8 items-center justify-center overflow-hidden rounded-full\">\n<div><\/div>\n<div class=\"relative p-1 rounded-sm flex items-center justify-center bg-token-main-surface-primary text-token-text-primary h-8 w-8\"><strong>1. Jak\u00e9 zp\u016fsoby dopravy se pou\u017e\u00edvaj\u00ed?<\/strong><\/div>\n<\/div>\n<\/div>\n<\/div>\n<\/div>\n<div class=\"group\/conversation-turn relative flex w-full min-w-0 flex-col agent-turn\">\n<div class=\"flex-col gap-1 md:gap-3\">\n<div class=\"flex max-w-full flex-col flex-grow\">\n<div class=\"min-h-[20px] text-message flex w-full flex-col items-end gap-2 whitespace-normal break-words [.text-message+&amp;]:mt-5 overflow-x-auto\" dir=\"auto\" data-message-author-role=\"assistant\" data-message-id=\"22f8283b-3233-46ff-89a5-c7a41b33abda\">\n<div class=\"flex w-full flex-col gap-1 empty:hidden first:pt-[3px]\">\n<div class=\"markdown prose w-full break-words dark:prose-invert light\">\n<p>Spolupracujeme s UPS, DHL, FedEx, DPD a dal\u0161\u00edmi p\u0159edn\u00edmi p\u0159epravci. Vybereme nejlep\u0161\u00ed zp\u016fsob dopravy na z\u00e1klad\u011b va\u0161\u00ed doru\u010dovac\u00ed lokality, abychom zajistili, \u017ee sv\u00e9 produkty obdr\u017e\u00edte co nejrychleji.<\/p>\n<\/div>\n<p><strong>2. Jak dlouho trv\u00e1 doru\u010den\u00ed?<\/strong><\/p>\n<p>Bal\u00ed\u010dky odeslan\u00e9 do \u010cesk\u00e9 republiky obvykle doraz\u00ed do 10 pracovn\u00edch dn\u016f. P\u0159eprava do evropsk\u00fdch zem\u00ed obecn\u011b trv\u00e1 asi 12-15 pracovn\u00edch dn\u016f. O stavu va\u0161\u00ed z\u00e1silky v\u00e1s budeme pr\u016fb\u011b\u017en\u011b informovat.<\/p>\n<\/div>\n<\/div>\n<\/div>\n<\/div>\n<\/div>\n<p>&nbsp;<\/p>\n<p>Dal\u0161\u00ed obl\u00edben\u00e9 jednor\u00e1zov\u00e9 e-cigarety, kter\u00e9 by se v\u00e1m mohly l\u00edbit:<\/p>\n<p><a href=\"https:\/\/rmvapesale.com\/cs\/product\/fumot-randm-tornado-30000-puffs-30k-music-disposable-vape\/\"><strong>RandM Tornado 30000 Puff\u00a0 \u00a0<span style=\"color: #ff0000\">&gt;&gt;&gt;&gt; j\u00edt!<\/span><\/strong><\/a><\/p>\n<p><strong><a href=\"https:\/\/rmvapesale.com\/cs\/product\/aivono-22000-rechargeable-vapes-with-display-screen\/\">Aivono Aim Fatpro 22000 Puffs <span style=\"color: #ff0000\">&gt;&gt;&gt;&gt; j\u00edt!<\/span><\/a>\u00a0<\/strong><\/p>\n<p><a href=\"https:\/\/rmvapesale.com\/cs\/product\/original-randm-vape-digital-puff-12000-fumot-factory-price\/\"><strong>Fumot Vape 12000 Vdech\u016f <span style=\"color: #ff0000\">&gt;&gt;&gt;&gt; j\u00edt!<\/span><\/strong><\/a><\/p>\n<p>&nbsp;<\/p>\n<p>&nbsp;<\/p>\n<p>Naj\u00edt v\u00edce produkt\u016f pro vaping, kter\u00e9 by se v\u00e1m mohly l\u00edbit:<strong><em><a href=\"https:\/\/rmvapesale.com\/cs\/shop-2\/\">nakupujte nyn\u00ed &gt;&gt;&gt;<\/a><\/em><\/strong><\/p>","protected":false},"excerpt":{"rendered":"<p>Velkoobchodn\u00ed vape Vapme Crystal 20000 Puffs jednor\u00e1zov\u00fd<br \/>\nVapme Crystal 20000 Puffs Dual Flavors Jednor\u00e1zov\u00fd vaporiz\u00e9r<br \/>\nVapme Crystal 20000 Dvojit\u00fd krystalov\u00fd vaporiz\u00e9r bar Velkoobchod<\/p>\n<p><img loading=\"lazy\" decoding=\"async\" class=\"size-full wp-image-2375\" src=\"https:\/\/rmvapesale.com\/wp-content\/uploads\/2024\/10\/image.png\" alt=\"Nejlep\u0161\u00ed jednor\u00e1zov\u00e1 e-cigareta\" width=\"229\" height=\"300\" \/><\/p>\n<h3><a href=\"https:\/\/wa.me\/8617776015835\"><span style=\"color: #ff0000\"><strong>WhatsApp: +86 17776015835<\/strong><\/span><\/a><\/h3>\n<p>&nbsp;<\/p>","protected":false},"featured_media":2539,"comment_status":"open","ping_status":"closed","template":"","meta":{"_uag_custom_page_level_css":"","_lmt_disableupdate":"no","_lmt_disable":"","site-sidebar-layout":"default","site-content-layout":"content-boxed-container","ast-site-content-layout":"normal-width-container","site-content-style":"boxed","site-sidebar-style":"unboxed","ast-global-header-display":"","ast-banner-title-visibility":"","ast-main-header-display":"","ast-hfb-above-header-display":"","ast-hfb-below-header-display":"","ast-hfb-mobile-header-display":"","site-post-title":"","ast-breadcrumbs-content":"","ast-featured-img":"","footer-sml-layout":"","theme-transparent-header-meta":"default","adv-header-id-meta":"","stick-header-meta":"","header-above-stick-meta":"","header-main-stick-meta":"","header-below-stick-meta":"","astra-migrate-meta-layouts":"set","ast-page-background-enabled":"default","ast-page-background-meta":{"desktop":{"background-color":"var(--ast-global-color-4)","background-image":"","background-repeat":"repeat","background-position":"center center","background-size":"auto","background-attachment":"scroll","background-type":"","background-media":"","overlay-type":"","overlay-color":"","overlay-opacity":"","overlay-gradient":""},"tablet":{"background-color":"","background-image":"","background-repeat":"repeat","background-position":"center center","background-size":"auto","background-attachment":"scroll","background-type":"","background-media":"","overlay-type":"","overlay-color":"","overlay-opacity":"","overlay-gradient":""},"mobile":{"background-color":"","background-image":"","background-repeat":"repeat","background-position":"center center","background-size":"auto","background-attachment":"scroll","background-type":"","background-media":"","overlay-type":"","overlay-color":"","overlay-opacity":"","overlay-gradient":""}},"ast-content-background-meta":{"desktop":{"background-color":"var(--ast-global-color-5)","background-image":"","background-repeat":"repeat","background-position":"center center","background-size":"auto","background-attachment":"scroll","background-type":"","background-media":"","overlay-type":"","overlay-color":"","overlay-opacity":"","overlay-gradient":""},"tablet":{"background-color":"var(--ast-global-color-5)","background-image":"","background-repeat":"repeat","background-position":"center center","background-size":"auto","background-attachment":"scroll","background-type":"","background-media":"","overlay-type":"","overlay-color":"","overlay-opacity":"","overlay-gradient":""},"mobile":{"background-color":"var(--ast-global-color-5)","background-image":"","background-repeat":"repeat","background-position":"center center","background-size":"auto","background-attachment":"scroll","background-type":"","background-media":"","overlay-type":"","overlay-color":"","overlay-opacity":"","overlay-gradient":""}},"_joinchat":[]},"product_brand":[],"product_cat":[15,25,123,26,28,135,27,137,136,30],"product_tag":[146,188,124,155,186,38,165,166,120],"class_list":{"0":"post-2540","1":"product","2":"type-product","3":"status-publish","4":"has-post-thumbnail","6":"product_cat-new-vape-this-week","7":"product_cat-germany-best-selling-vape","8":"product_cat-italy-wholesale-vape","9":"product_cat-netherlands-hot-sale-vape","10":"product_cat-poland-hot-sale-vape","11":"product_cat-spain-best-hot-sale-vape","12":"product_cat-fance-hot-sale-vape","13":"product_cat-rechargeable-vapes","14":"product_cat-smart-screen-vapes","15":"product_cat-minimum-order-quantity-50pcs","16":"product_tag-best-hot-sale-vape","17":"product_tag-buy-vapes-online","18":"product_tag-crystal-vape","19":"product_tag-digital-display-box","20":"product_tag-fumot-30k","21":"product_tag-randm-vape","22":"product_tag-rechargeable-vapes","23":"product_tag-tornado-vape","24":"product_tag-vape-wholesale","25":"desktop-align-left","26":"tablet-align-left","27":"mobile-align-left","29":"first","30":"instock","31":"sale","32":"shipping-taxable","33":"purchasable","34":"product-type-simple"},"uagb_featured_image_src":{"full":["https:\/\/rmvapesale.com\/wp-content\/uploads\/2024\/10\/Wholesale-Vape-Vapme-Crystal-20000-Puffs-Disposable.jpg",800,800,false],"thumbnail":["https:\/\/rmvapesale.com\/wp-content\/uploads\/2024\/10\/Wholesale-Vape-Vapme-Crystal-20000-Puffs-Disposable-150x150.jpg",150,150,true],"medium":["https:\/\/rmvapesale.com\/wp-content\/uploads\/2024\/10\/Wholesale-Vape-Vapme-Crystal-20000-Puffs-Disposable-300x300.jpg",300,300,true],"medium_large":["https:\/\/rmvapesale.com\/wp-content\/uploads\/2024\/10\/Wholesale-Vape-Vapme-Crystal-20000-Puffs-Disposable-768x768.jpg",768,768,true],"large":["https:\/\/rmvapesale.com\/wp-content\/uploads\/2024\/10\/Wholesale-Vape-Vapme-Crystal-20000-Puffs-Disposable.jpg",800,800,false],"1536x1536":["https:\/\/rmvapesale.com\/wp-content\/uploads\/2024\/10\/Wholesale-Vape-Vapme-Crystal-20000-Puffs-Disposable.jpg",800,800,false],"2048x2048":["https:\/\/rmvapesale.com\/wp-content\/uploads\/2024\/10\/Wholesale-Vape-Vapme-Crystal-20000-Puffs-Disposable.jpg",800,800,false],"trp-custom-language-flag":["https:\/\/rmvapesale.com\/wp-content\/uploads\/2024\/10\/Wholesale-Vape-Vapme-Crystal-20000-Puffs-Disposable.jpg",12,12,false],"woocommerce_thumbnail":["https:\/\/rmvapesale.com\/wp-content\/uploads\/2024\/10\/Wholesale-Vape-Vapme-Crystal-20000-Puffs-Disposable-300x300.jpg",300,300,true],"woocommerce_single":["https:\/\/rmvapesale.com\/wp-content\/uploads\/2024\/10\/Wholesale-Vape-Vapme-Crystal-20000-Puffs-Disposable-600x600.jpg",600,600,true],"woocommerce_gallery_thumbnail":["https:\/\/rmvapesale.com\/wp-content\/uploads\/2024\/10\/Wholesale-Vape-Vapme-Crystal-20000-Puffs-Disposable-100x100.jpg",100,100,true],"wcpr-photo-reviews":["https:\/\/rmvapesale.com\/wp-content\/uploads\/2024\/10\/Wholesale-Vape-Vapme-Crystal-20000-Puffs-Disposable.jpg",500,500,false]},"uagb_author_info":{"display_name":"AMY","author_link":"https:\/\/rmvapesale.com\/cs\/author\/"},"uagb_comment_info":0,"uagb_excerpt":"Wholesale Vape Vapme Crystal 20000 Puffs Disposable Vapme Crystal 20000 Puffs Dual Flavors Disposable Vape Vapme Crystal 20000 Double Crystal Vape Bar Wholesale WhatsApp: +86 17776015835 &nbsp;","_links":{"self":[{"href":"https:\/\/rmvapesale.com\/cs\/wp-json\/wp\/v2\/product\/2540","targetHints":{"allow":["GET"]}}],"collection":[{"href":"https:\/\/rmvapesale.com\/cs\/wp-json\/wp\/v2\/product"}],"about":[{"href":"https:\/\/rmvapesale.com\/cs\/wp-json\/wp\/v2\/types\/product"}],"replies":[{"embeddable":true,"href":"https:\/\/rmvapesale.com\/cs\/wp-json\/wp\/v2\/comments?post=2540"}],"wp:featuredmedia":[{"embeddable":true,"href":"https:\/\/rmvapesale.com\/cs\/wp-json\/wp\/v2\/media\/2539"}],"wp:attachment":[{"href":"https:\/\/rmvapesale.com\/cs\/wp-json\/wp\/v2\/media?parent=2540"}],"wp:term":[{"taxonomy":"product_brand","embeddable":true,"href":"https:\/\/rmvapesale.com\/cs\/wp-json\/wp\/v2\/product_brand?post=2540"},{"taxonomy":"product_cat","embeddable":true,"href":"https:\/\/rmvapesale.com\/cs\/wp-json\/wp\/v2\/product_cat?post=2540"},{"taxonomy":"product_tag","embeddable":true,"href":"https:\/\/rmvapesale.com\/cs\/wp-json\/wp\/v2\/product_tag?post=2540"}],"curies":[{"name":"wp","href":"https:\/\/api.w.org\/{rel}","templated":true}]}}