{"id":2547,"date":"2024-10-25T02:22:52","date_gmt":"2024-10-25T02:22:52","guid":{"rendered":"https:\/\/rmvapesale.com\/?post_type=product&#038;p=2547"},"modified":"2024-10-25T03:03:28","modified_gmt":"2024-10-25T03:03:28","slug":"rechargeable-vape-vapme-spacex-22000-puff-wholesale","status":"publish","type":"product","link":"https:\/\/rmvapesale.com\/cs\/product\/rechargeable-vape-vapme-spacex-22000-puff-wholesale\/","title":{"rendered":"Dob\u00edjec\u00ed vape Vapme Spacex 22000 Puff velkoobchod"},"content":{"rendered":"<div class=\"B2VR9 CJHX3e\">\n<div class=\"wyccme\">\n<h1 class=\"LC20lb MBeuO DKV0Md\">Dob\u00edjec\u00ed vape Vapme Spacex 22000 Puff velkoobchod<\/h1>\n<div class=\"flex-shrink-0 flex flex-col relative items-end\">\n<div class=\"pt-0\">\n<div class=\"gizmo-bot-avatar flex h-8 w-8 items-center justify-center overflow-hidden rounded-full\">\n<div class=\"relative p-1 rounded-sm flex items-center justify-center bg-token-main-surface-primary text-token-text-primary h-8 w-8\">\n<p>Dob\u00edjec\u00ed Vape <strong>Vapme Spacex 22000 \u0160luk\u016f<\/strong> je pr\u00e9miov\u00fd<strong> chytr\u00e1 jednor\u00e1zov\u00e1 vape<\/strong> ur\u010den\u00e1 pro u\u017eivatele, kte\u0159\u00ed hledaj\u00ed prodlou\u017een\u00e9 vapovac\u00ed seance a pohodl\u00ed. S impozantn\u00ed <strong>kapacitou 30 ml vape \u0161\u0165\u00e1vy<\/strong> a schopnost\u00ed poskytnout v\u00edce ne\u017e <strong>22 000 \u0161luk\u016f<\/strong>, je toto za\u0159\u00edzen\u00ed postaveno pro dlouhou \u017eivotnost a spokojenost. Jeho <strong>850mAh baterie<\/strong>, dob\u00edjec\u00ed p\u0159es <strong>Type-C port<\/strong>, zaji\u0161\u0165uje, \u017ee si m\u016f\u017eete vychutnat sv\u00e9 obl\u00edben\u00e9 p\u0159\u00edchut\u011b bez p\u0159eru\u0161en\u00ed, co\u017e je ide\u00e1ln\u00ed pro p\u0159\u00edle\u017eitostn\u00e9 i n\u00e1ro\u010dn\u00e9 u\u017eivatele. Vybaveno <strong>0,8ohmovou mesh spir\u00e1lkou<\/strong>, tento <strong>dob\u00edjec\u00ed vape<\/strong>\u00a0poskytuje optim\u00e1ln\u00ed produkci p\u00e1ry, zaji\u0161\u0165uje, \u017ee ka\u017ed\u00fd \u0161luk je bohat\u00fd na chu\u0165 a hladk\u00fd p\u0159i vdechov\u00e1n\u00ed.<\/p>\n<p>Tento <strong>LED displej<\/strong> je dal\u0161\u00ed vynikaj\u00edc\u00ed funkc\u00ed, kter\u00e1 u\u017eivatel\u016fm umo\u017e\u0148uje snadno sledovat \u017eivotnost baterie a hladinu e-liquidu na prvn\u00ed pohled, s high-end technologi\u00ed, d\u00edky kter\u00e9 vynik\u00e1 vedle ostatn\u00edch <strong>jednor\u00e1zov\u00e1 e-cigareta s displejem<\/strong>. Toto <strong>jednor\u00e1zov\u00fd vape s n\u00edzk\u00fdm obsahem nikotinu <\/strong>\u00a0je dod\u00e1v\u00e1no s obsahem nikotinu 2% pro u\u017eivatele, kte\u0159\u00ed hledaj\u00ed m\u00edrn\u00fd z\u00e1sah, a\u00a0<strong>5% nikotin <\/strong>varianta je ur\u010dena pro vapery, kte\u0159\u00ed cht\u011bj\u00ed siln\u011bj\u0161\u00ed z\u00e1\u017eitek.<\/p>\n<p>Tento <strong>Vapme 22000<\/strong> je ide\u00e1ln\u00ed pro <strong>velkoobchodn\u00ed vapes<\/strong>, co\u017e z n\u011bj \u010din\u00ed perfektn\u00ed volbu pro maloobchodn\u00edky, kte\u0159\u00ed cht\u011bj\u00ed z\u00e1sobit produkty s vysokou popt\u00e1vkou. Jeho velk\u00e1 kapacita, dob\u00edjec\u00ed baterie a rozmanitost chut\u00ed z n\u011bj \u010din\u00ed <strong>obl\u00edben\u00fd vape<\/strong> na trhu v \u010cesk\u00e9 republice <strong>jednor\u00e1zov\u00e9 e-cigarety<\/strong> trhu, kter\u00fd poskytuje kvalitu i pohodl\u00ed v jednom elegantn\u00edm balen\u00ed.<\/p>\n<\/div>\n<\/div>\n<\/div>\n<\/div>\n<\/div>\n<\/div>\n<p><strong>Kontaktujte Amy a z\u00edskejte spr\u00e1vnou odpov\u011b\u010f a kup\u00f3n na vape!<\/strong><\/p>\n<p><img loading=\"lazy\" decoding=\"async\" class=\"size-full wp-image-1978\" src=\"https:\/\/rmvapesale.com\/wp-content\/uploads\/2024\/09\/Disposable-Vape-Wholesale.jpg\" alt=\"Jednor\u00e1zov\u00e1 e-cigareta velkoobchod\" width=\"229\" height=\"300\" \/><\/p>\n<h3><a href=\"https:\/\/wa.me\/8617776015835\" target=\"_blank\" rel=\"noopener\"><span style=\"color: #ff0000\"><strong>WhatsApp: +86 17776015835<\/strong><\/span><\/a><\/h3>\n<p>&nbsp;<\/p>\n<h2><\/h2>\n<h2><strong>Vapme 22000 <\/strong><strong>Dob\u00edjec\u00ed Vape<\/strong><strong>\u00a0<\/strong><strong>Kl\u00ed\u010dov\u00e9 vlastnosti<\/strong><\/h2>\n<p>Zna\u010dka: Vapme Vape<br \/>\nBaterie: 850mah port typu C<br \/>\nKapacita: 30 ml vape \u0161\u0165\u00e1vy<br \/>\nSpir\u00e1la: 0,8 ohm mesh spir\u00e1la<br \/>\nPot\u00e1hnut\u00ed: 22000+ pot\u00e1hnut\u00ed<br \/>\nNikotin: 2%\/5%<br \/>\nLED displej pro baterii a e-liquid<\/p>\n<h2><strong>Nejlep\u0161\u00ed p\u0159\u00edchu\u0165 pro <\/strong><strong>Dob\u00edjec\u00ed Vape <\/strong><strong>Vapme 22000 <\/strong><strong>Pot\u00e1hnut\u00ed\u00a0<\/strong><\/h2>\n<p>Tato <strong>krabicov\u00fd vape<\/strong> nab\u00eddka za\u0159\u00edzen\u00ed <strong>12 vzru\u0161uj\u00edc\u00edch p\u0159\u00edchut\u00ed<\/strong>, od \u0161tiplav\u00e9 exploze <strong>Blue Razz Lemonade<\/strong> po osv\u011b\u017euj\u00edc\u00ed chlad <strong>Watermelon Ice<\/strong> a tropickou sm\u011bs <strong>Mango Peach Pineapple<\/strong>. A\u0165 u\u017e preferujete sladk\u00e9, ovocn\u00e9 nebo ledov\u00e9 p\u0159\u00edchut\u011b, Vapme Spacex m\u00e1 n\u011bco pro ka\u017ed\u00e9ho.<\/p>\n<p>1.Blue razz lemoonade<span style=\"color: #ff0000\"><strong>&gt;&gt;&gt;&gt; Hork\u00e9!<\/strong><\/span><br \/>\n2. Broskvov\u00fd led<br \/>\n3. Melounov\u00fd led <span style=\"color: #ff0000\"><strong>&gt;&gt;&gt;&gt; Hork\u00e9!<\/strong><\/span><br \/>\n4. Bor\u016fvkov\u00e1 malina<br \/>\n5. T\u0159e\u0161\u0148ov\u00fd led<br \/>\n6. Jahodov\u00fd led<br \/>\n7. Jahodov\u00fd meloun<br \/>\n8. Mango broskev ananas <span style=\"color: #ff0000\"><strong>&gt;&gt;&gt;&gt; Nejlep\u0161\u00ed!<\/strong><\/span><br \/>\n9. Jahodov\u00e9 kiwi<br \/>\n10. Kiwi mu\u010denka guava<br \/>\n11. Energetick\u00fd n\u00e1poj<br \/>\n12. L\u00e1ska 66<\/p>\n<figure id=\"attachment_2542\" aria-describedby=\"caption-attachment-2542\" style=\"width: 800px\" class=\"wp-caption alignnone\"><img loading=\"lazy\" decoding=\"async\" class=\"wp-image-2542 size-full\" src=\"https:\/\/rmvapesale.com\/wp-content\/uploads\/2024\/10\/Disposable-Vape-Vapme-22000-Puffs-Price.jpg\" alt=\"Cena jednor\u00e1zov\u00e9 vapky Vapme 22000 pot\u00e1hnut\u00ed\" width=\"800\" height=\"800\" srcset=\"https:\/\/rmvapesale.com\/wp-content\/uploads\/2024\/10\/Disposable-Vape-Vapme-22000-Puffs-Price.jpg 800w, https:\/\/rmvapesale.com\/wp-content\/uploads\/2024\/10\/Disposable-Vape-Vapme-22000-Puffs-Price-300x300.jpg 300w, https:\/\/rmvapesale.com\/wp-content\/uploads\/2024\/10\/Disposable-Vape-Vapme-22000-Puffs-Price-150x150.jpg 150w, https:\/\/rmvapesale.com\/wp-content\/uploads\/2024\/10\/Disposable-Vape-Vapme-22000-Puffs-Price-768x768.jpg 768w, https:\/\/rmvapesale.com\/wp-content\/uploads\/2024\/10\/Disposable-Vape-Vapme-22000-Puffs-Price-600x600.jpg 600w, https:\/\/rmvapesale.com\/wp-content\/uploads\/2024\/10\/Disposable-Vape-Vapme-22000-Puffs-Price-100x100.jpg 100w\" sizes=\"auto, (max-width: 800px) 100vw, 800px\" \/><figcaption id=\"caption-attachment-2542\" class=\"wp-caption-text\">Cena jednor\u00e1zov\u00e9 vapky Vapme 22000 pot\u00e1hnut\u00ed<\/figcaption><\/figure>\n<p>&nbsp;<\/p>\n<h3><strong>Pro\u010d si vybrat Rmvapesale pro Vapme 22000 pot\u00e1hnut\u00ed<\/strong><strong>?<\/strong><\/h3>\n<div class=\"flex-shrink-0 flex flex-col relative items-end\">\n<div class=\"pt-0\">\n<div class=\"gizmo-bot-avatar flex h-8 w-8 items-center justify-center overflow-hidden rounded-full\">\n<div class=\"relative p-1 rounded-sm flex items-center justify-center bg-token-main-surface-primary text-token-text-primary h-8 w-8\">\n<p>&nbsp;<\/p>\n<p>Kdy\u017e si vyberete Rmvapesale pro sv\u00e9 velkoobchodn\u00ed pot\u0159eby jednor\u00e1zov\u00fdch vap\u016f, z\u00edsk\u00e1te:<\/p>\n<ul>\n<li><strong>Konkuren\u010dn\u00ed cena<\/strong>: Z\u00edskejte p\u0159\u00edstup k atraktivn\u00edm velkoobchodn\u00edm cen\u00e1m, kter\u00e9 zv\u00fd\u0161\u00ed mar\u017ee va\u0161eho podnik\u00e1n\u00ed.<\/li>\n<li><strong>Vysok\u00e1 kvalita<\/strong>: Na\u0161e vapy jsou vyr\u00e1b\u011bny podle nejvy\u0161\u0161\u00edch standard\u016f a <span style=\"color: #ff0000\"><strong>zaru\u010den\u011b 100% origin\u00e1ln\u00ed a autentick\u00e9, nebo 10n\u00e1sobn\u00e1 kompenzace za pad\u011blky!<\/strong><\/span><\/li>\n<li><strong>Vynikaj\u00edc\u00ed z\u00e1kaznick\u00fd servis<\/strong>: N\u00e1\u0161 specializovan\u00fd t\u00fdm je v\u00e1m v\u017edy p\u0159ipraven pomoci a u\u010dinit tak v\u00e1\u0161 n\u00e1kupn\u00ed proces plynul\u00fdm a bezprobl\u00e9mov\u00fdm.<\/li>\n<li><strong>Rychl\u00e9 doru\u010den\u00ed<\/strong>: M\u016f\u017eete o\u010dek\u00e1vat rychlou a spolehlivou p\u0159epravu, kter\u00e1 zajist\u00ed, \u017ee va\u0161e objedn\u00e1vky doraz\u00ed v\u010das, poka\u017ed\u00e9.<\/li>\n<\/ul>\n<\/div>\n<h3><\/h3>\n<div class=\"relative p-1 rounded-sm flex items-center justify-center bg-token-main-surface-primary text-token-text-primary h-8 w-8\">\n<h3><b>Nab\u00edjec\u00ed vapka Vapme 22000 \u010casto kladen\u00e9 ot\u00e1zky<\/b><\/h3>\n<ul>\n<li><strong>Jak nab\u00edjet nab\u00edjec\u00ed jednor\u00e1zovou vapku Vapme Spacex 22000<\/strong><br \/>\nVapme Spacex 22000 je dod\u00e1v\u00e1n s 850mAh dob\u00edjec\u00ed bateri\u00ed, kterou lze nab\u00edjet p\u0159es nab\u00edjec\u00ed port typu C. Jednodu\u0161e p\u0159ipojte kabel typu C ke zdroji nap\u00e1jen\u00ed a za\u0159\u00edzen\u00ed dobijte.<\/li>\n<li><strong>Kolik nikotinu je v Vapme Spacex 22000 pot\u00e1hnut\u00ed<\/strong><br \/>\nVapme Spacex 22000 Puffs je k dispozici ve dvou variant\u00e1ch s\u00edly nikotinu: 2% (20 mg) pro m\u00edrn\u011bj\u0161\u00ed z\u00e1sah a 5% (50 mg) pro u\u017eivatele, kte\u0159\u00ed hledaj\u00ed siln\u011bj\u0161\u00ed z\u00e1\u017eitek.<\/li>\n<li><strong>Jak dlouho bych m\u011bl nab\u00edjet svou Vapme Spacex 22000 Vape Box?<\/strong><br \/>\nP\u0159esn\u00e1 doba nab\u00edjen\u00ed z\u00e1vis\u00ed na zdroji nap\u00e1jen\u00ed, ale mo\u017enost rychl\u00e9ho nab\u00edjen\u00ed typu C umo\u017e\u0148uje relativn\u011b rychl\u00e9 dobit\u00ed. Sledujte LED displej, abyste zjistili, kdy je baterie pln\u011b nabit\u00e1, proto\u017ee displej poskytne informace o \u017eivotnosti baterie.<\/li>\n<li><strong>Kde mohu koupit jednor\u00e1zov\u00e9 e-cigarety Vapme Spacex 22000?<\/strong><br \/>\nJednor\u00e1zovou e-cigaretu Vapme Spacex 22000 Puffs lze zakoupit u maloobchodn\u00edk\u016f, v obchodech s e-cigaretami nebo na online platform\u00e1ch, kter\u00e9 se specializuj\u00ed na prodej vapingov\u00fdch produkt\u016f. Je tak\u00e9 k dispozici pro velkoobchod, co\u017e z n\u00ed \u010din\u00ed obl\u00edbenou volbu pro podniky, kter\u00e9 cht\u011bj\u00ed z\u00e1sobit jednor\u00e1zov\u00e9 e-cigarety.<\/li>\n<li><strong>Jak\u00e9 jsou nejlep\u0161\u00ed jednor\u00e1zov\u00e9 e-cigarety roku 2024?<\/strong><br \/>\nMezi nejlep\u0161\u00ed jednor\u00e1zov\u00e9 e-cigarety roku 2024 pat\u0159\u00ed:<\/p>\n<ul>\n<li><strong>Vapme Spacex 22000 \u0160luk\u016f<\/strong>: Zn\u00e1m\u00fd pro svou velkou kapacitu, LED displej a dob\u00edjec\u00ed baterii.<\/li>\n<li><strong>Vapme Crystal 20000 Puffs<\/strong>: Popul\u00e1rn\u00ed pro svou funkci Double Flavor a pohodln\u00e9 nab\u00edjen\u00ed.<\/li>\n<li><strong>Aivono Fatpro 22000 Puffs<\/strong>: Nab\u00edz\u00ed dlouhotrvaj\u00edc\u00ed vapingov\u00fd z\u00e1\u017eitek s technologi\u00ed mesh coil a p\u0159izp\u016fsobiteln\u00fdm proud\u011bn\u00edm vzduchu.<\/li>\n<li><strong>Fumot RandM Tornado 30000 Puffs<\/strong>: Obsahuje hudebn\u00ed synchronizaci a RGB sv\u011btla, ide\u00e1ln\u00ed pro interaktivn\u00ed vaping.<\/li>\n<\/ul>\n<\/li>\n<\/ul>\n<\/div>\n<\/div>\n<\/div>\n<\/div>\n<h3>O p\u0159eprav\u011b<\/h3>\n<div class=\"flex-shrink-0 flex flex-col relative items-end\">\n<div>\n<div class=\"pt-0\">\n<div class=\"gizmo-bot-avatar flex h-8 w-8 items-center justify-center overflow-hidden rounded-full\">\n<div><\/div>\n<div class=\"relative p-1 rounded-sm flex items-center justify-center bg-token-main-surface-primary text-token-text-primary h-8 w-8\"><strong>1. Jak\u00e9 zp\u016fsoby dopravy se pou\u017e\u00edvaj\u00ed?<\/strong><\/div>\n<\/div>\n<\/div>\n<\/div>\n<\/div>\n<div class=\"group\/conversation-turn relative flex w-full min-w-0 flex-col agent-turn\">\n<div class=\"flex-col gap-1 md:gap-3\">\n<div class=\"flex max-w-full flex-col flex-grow\">\n<div class=\"min-h-[20px] text-message flex w-full flex-col items-end gap-2 whitespace-normal break-words [.text-message+&amp;]:mt-5 overflow-x-auto\" dir=\"auto\" data-message-author-role=\"assistant\" data-message-id=\"22f8283b-3233-46ff-89a5-c7a41b33abda\">\n<div class=\"flex w-full flex-col gap-1 empty:hidden first:pt-[3px]\">\n<div class=\"markdown prose w-full break-words dark:prose-invert light\">\n<p>Spolupracujeme s UPS, DHL, FedEx, DPD a dal\u0161\u00edmi p\u0159edn\u00edmi p\u0159epravci. Vybereme nejlep\u0161\u00ed zp\u016fsob dopravy na z\u00e1klad\u011b va\u0161\u00ed doru\u010dovac\u00ed lokality, abychom zajistili, \u017ee sv\u00e9 produkty obdr\u017e\u00edte co nejrychleji.<\/p>\n<\/div>\n<p><strong>2. Jak dlouho trv\u00e1 doru\u010den\u00ed?<\/strong><\/p>\n<p>Bal\u00ed\u010dky odeslan\u00e9 do \u010cesk\u00e9 republiky obvykle doraz\u00ed do 10 pracovn\u00edch dn\u016f. P\u0159eprava do evropsk\u00fdch zem\u00ed obecn\u011b trv\u00e1 asi 12-15 pracovn\u00edch dn\u016f. O stavu va\u0161\u00ed z\u00e1silky v\u00e1s budeme pr\u016fb\u011b\u017en\u011b informovat.<\/p>\n<\/div>\n<\/div>\n<\/div>\n<\/div>\n<\/div>\n<p>&nbsp;<\/p>\n<p>Dal\u0161\u00ed obl\u00edben\u00e9 jednor\u00e1zov\u00e9 e-cigarety, kter\u00e9 by se v\u00e1m mohly l\u00edbit:<\/p>\n<p><a href=\"https:\/\/rmvapesale.com\/cs\/product\/fumot-randm-tornado-30000-puffs-30k-music-disposable-vape\/\"><strong>RandM Tornado 30000 Puff\u00a0 \u00a0<span style=\"color: #ff0000\">&gt;&gt;&gt;&gt; j\u00edt!<\/span><\/strong><\/a><\/p>\n<p><strong><a href=\"https:\/\/rmvapesale.com\/cs\/product\/vapme-crystal-20000-puffs-20k-double-flavor-rechargeable-vapes\/\">Vapme Crystal 20000 Puffs <span style=\"color: #ff0000\">&gt;&gt;&gt;&gt; j\u00edt!<\/span><\/a>\u00a0<\/strong><\/p>\n<p><a href=\"https:\/\/rmvapesale.com\/cs\/product\/original-randm-vape-digital-puff-12000-fumot-factory-price\/\"><strong>Fumot Vape 12000 Vdech\u016f <span style=\"color: #ff0000\">&gt;&gt;&gt;&gt; j\u00edt!<\/span><\/strong><\/a><\/p>\n<p>&nbsp;<\/p>\n<p>&nbsp;<\/p>\n<p>Naj\u00edt v\u00edce produkt\u016f pro vaping, kter\u00e9 by se v\u00e1m mohly l\u00edbit:<strong><em><a href=\"https:\/\/rmvapesale.com\/cs\/shop-2\/\">nakupujte nyn\u00ed &gt;&gt;&gt;<\/a><\/em><\/strong><\/p>","protected":false},"excerpt":{"rendered":"<p>Dob\u00edjec\u00ed vape Vapme Spacex 22000 Puff velkoobchod<br \/>\nVapme 22000 \u0160luk\u016f Jednor\u00e1zov\u00e1 Vape Krabi\u010dka v\u0161echny P\u0159\u00edchut\u011b<br \/>\nVapme Spacex 22000 \u0160luk\u016f Jednor\u00e1zov\u00e1 Vape s Obrazovkou<\/p>\n<p><img loading=\"lazy\" decoding=\"async\" class=\"size-full wp-image-2375\" src=\"https:\/\/rmvapesale.com\/wp-content\/uploads\/2024\/10\/image.png\" alt=\"Nejlep\u0161\u00ed jednor\u00e1zov\u00e1 e-cigareta\" width=\"229\" height=\"300\" \/><\/p>\n<h3><a href=\"https:\/\/wa.me\/8617776015835\"><span style=\"color: #ff0000\"><strong>WhatsApp: +86 17776015835<\/strong><\/span><\/a><\/h3>\n<p>&nbsp;<\/p>","protected":false},"featured_media":2541,"comment_status":"open","ping_status":"closed","template":"","meta":{"_uag_custom_page_level_css":"","_lmt_disableupdate":"no","_lmt_disable":"","site-sidebar-layout":"default","site-content-layout":"content-boxed-container","ast-site-content-layout":"normal-width-container","site-content-style":"boxed","site-sidebar-style":"unboxed","ast-global-header-display":"","ast-banner-title-visibility":"","ast-main-header-display":"","ast-hfb-above-header-display":"","ast-hfb-below-header-display":"","ast-hfb-mobile-header-display":"","site-post-title":"","ast-breadcrumbs-content":"","ast-featured-img":"","footer-sml-layout":"","ast-disable-related-posts":"","theme-transparent-header-meta":"default","adv-header-id-meta":"","stick-header-meta":"","header-above-stick-meta":"","header-main-stick-meta":"","header-below-stick-meta":"","astra-migrate-meta-layouts":"set","ast-page-background-enabled":"default","ast-page-background-meta":{"desktop":{"background-color":"var(--ast-global-color-4)","background-image":"","background-repeat":"repeat","background-position":"center center","background-size":"auto","background-attachment":"scroll","background-type":"","background-media":"","overlay-type":"","overlay-color":"","overlay-opacity":"","overlay-gradient":""},"tablet":{"background-color":"","background-image":"","background-repeat":"repeat","background-position":"center center","background-size":"auto","background-attachment":"scroll","background-type":"","background-media":"","overlay-type":"","overlay-color":"","overlay-opacity":"","overlay-gradient":""},"mobile":{"background-color":"","background-image":"","background-repeat":"repeat","background-position":"center center","background-size":"auto","background-attachment":"scroll","background-type":"","background-media":"","overlay-type":"","overlay-color":"","overlay-opacity":"","overlay-gradient":""}},"ast-content-background-meta":{"desktop":{"background-color":"var(--ast-global-color-5)","background-image":"","background-repeat":"repeat","background-position":"center center","background-size":"auto","background-attachment":"scroll","background-type":"","background-media":"","overlay-type":"","overlay-color":"","overlay-opacity":"","overlay-gradient":""},"tablet":{"background-color":"var(--ast-global-color-5)","background-image":"","background-repeat":"repeat","background-position":"center center","background-size":"auto","background-attachment":"scroll","background-type":"","background-media":"","overlay-type":"","overlay-color":"","overlay-opacity":"","overlay-gradient":""},"mobile":{"background-color":"var(--ast-global-color-5)","background-image":"","background-repeat":"repeat","background-position":"center center","background-size":"auto","background-attachment":"scroll","background-type":"","background-media":"","overlay-type":"","overlay-color":"","overlay-opacity":"","overlay-gradient":""}},"_joinchat":[]},"product_brand":[],"product_cat":[15,27,25,123,30,26,28,137,136,135],"product_tag":[146,188,155,167,165,120],"class_list":{"0":"post-2547","1":"product","2":"type-product","3":"status-publish","4":"has-post-thumbnail","6":"product_cat-new-vape-this-week","7":"product_cat-fance-hot-sale-vape","8":"product_cat-germany-best-selling-vape","9":"product_cat-italy-wholesale-vape","10":"product_cat-minimum-order-quantity-50pcs","11":"product_cat-netherlands-hot-sale-vape","12":"product_cat-poland-hot-sale-vape","13":"product_cat-rechargeable-vapes","14":"product_cat-smart-screen-vapes","15":"product_cat-spain-best-hot-sale-vape","16":"product_tag-best-hot-sale-vape","17":"product_tag-buy-vapes-online","18":"product_tag-digital-display-box","19":"product_tag-disposable-vape-with-screen","20":"product_tag-rechargeable-vapes","21":"product_tag-vape-wholesale","22":"desktop-align-left","23":"tablet-align-left","24":"mobile-align-left","26":"first","27":"instock","28":"sale","29":"shipping-taxable","30":"purchasable","31":"product-type-simple"},"uagb_featured_image_src":{"full":["https:\/\/rmvapesale.com\/wp-content\/uploads\/2024\/10\/Disposable-Vape-Pen-Vapme-Spacex-22000.jpg",800,800,false],"thumbnail":["https:\/\/rmvapesale.com\/wp-content\/uploads\/2024\/10\/Disposable-Vape-Pen-Vapme-Spacex-22000-150x150.jpg",150,150,true],"medium":["https:\/\/rmvapesale.com\/wp-content\/uploads\/2024\/10\/Disposable-Vape-Pen-Vapme-Spacex-22000-300x300.jpg",300,300,true],"medium_large":["https:\/\/rmvapesale.com\/wp-content\/uploads\/2024\/10\/Disposable-Vape-Pen-Vapme-Spacex-22000-768x768.jpg",768,768,true],"large":["https:\/\/rmvapesale.com\/wp-content\/uploads\/2024\/10\/Disposable-Vape-Pen-Vapme-Spacex-22000.jpg",800,800,false],"1536x1536":["https:\/\/rmvapesale.com\/wp-content\/uploads\/2024\/10\/Disposable-Vape-Pen-Vapme-Spacex-22000.jpg",800,800,false],"2048x2048":["https:\/\/rmvapesale.com\/wp-content\/uploads\/2024\/10\/Disposable-Vape-Pen-Vapme-Spacex-22000.jpg",800,800,false],"trp-custom-language-flag":["https:\/\/rmvapesale.com\/wp-content\/uploads\/2024\/10\/Disposable-Vape-Pen-Vapme-Spacex-22000.jpg",12,12,false],"woocommerce_thumbnail":["https:\/\/rmvapesale.com\/wp-content\/uploads\/2024\/10\/Disposable-Vape-Pen-Vapme-Spacex-22000-300x300.jpg",300,300,true],"woocommerce_single":["https:\/\/rmvapesale.com\/wp-content\/uploads\/2024\/10\/Disposable-Vape-Pen-Vapme-Spacex-22000-600x600.jpg",600,600,true],"woocommerce_gallery_thumbnail":["https:\/\/rmvapesale.com\/wp-content\/uploads\/2024\/10\/Disposable-Vape-Pen-Vapme-Spacex-22000-100x100.jpg",100,100,true],"wcpr-photo-reviews":["https:\/\/rmvapesale.com\/wp-content\/uploads\/2024\/10\/Disposable-Vape-Pen-Vapme-Spacex-22000.jpg",500,500,false]},"uagb_author_info":{"display_name":"AMY","author_link":"https:\/\/rmvapesale.com\/cs\/author\/"},"uagb_comment_info":0,"uagb_excerpt":"Wholesale\u00a0Rechargeable Vapes Vapme Spacex 22000 Puff Vapme 22000 Puffs Disposable Vape Box all Flavor Vapme Spacex 22000 Puff Disposable Vape with Screen WhatsApp: +86 17776015835 &nbsp;","_links":{"self":[{"href":"https:\/\/rmvapesale.com\/cs\/wp-json\/wp\/v2\/product\/2547","targetHints":{"allow":["GET"]}}],"collection":[{"href":"https:\/\/rmvapesale.com\/cs\/wp-json\/wp\/v2\/product"}],"about":[{"href":"https:\/\/rmvapesale.com\/cs\/wp-json\/wp\/v2\/types\/product"}],"replies":[{"embeddable":true,"href":"https:\/\/rmvapesale.com\/cs\/wp-json\/wp\/v2\/comments?post=2547"}],"wp:featuredmedia":[{"embeddable":true,"href":"https:\/\/rmvapesale.com\/cs\/wp-json\/wp\/v2\/media\/2541"}],"wp:attachment":[{"href":"https:\/\/rmvapesale.com\/cs\/wp-json\/wp\/v2\/media?parent=2547"}],"wp:term":[{"taxonomy":"product_brand","embeddable":true,"href":"https:\/\/rmvapesale.com\/cs\/wp-json\/wp\/v2\/product_brand?post=2547"},{"taxonomy":"product_cat","embeddable":true,"href":"https:\/\/rmvapesale.com\/cs\/wp-json\/wp\/v2\/product_cat?post=2547"},{"taxonomy":"product_tag","embeddable":true,"href":"https:\/\/rmvapesale.com\/cs\/wp-json\/wp\/v2\/product_tag?post=2547"}],"curies":[{"name":"wp","href":"https:\/\/api.w.org\/{rel}","templated":true}]}}