{"id":2589,"date":"2024-10-28T08:12:17","date_gmt":"2024-10-28T08:12:17","guid":{"rendered":"https:\/\/rmvapesale.com\/?post_type=product&#038;p=2589"},"modified":"2024-10-28T08:47:41","modified_gmt":"2024-10-28T08:47:41","slug":"poco-pt12000-puffs-disposable-vape-pod-electronic-cigarette","status":"publish","type":"product","link":"https:\/\/rmvapesale.com\/cs\/product\/poco-pt12000-puffs-disposable-vape-pod-electronic-cigarette\/","title":{"rendered":"POCO PT12000 Puffs jednor\u00e1zov\u00fd vape pod elektronick\u00e1 cigareta"},"content":{"rendered":"<div class=\"B2VR9 CJHX3e\">\n<div class=\"wyccme\">\n<h1 class=\"LC20lb MBeuO DKV0Md\">POCO PT12000 Puffs jednor\u00e1zov\u00fd vape pod elektronick\u00e1 cigareta<\/h1>\n<div class=\"flex-shrink-0 flex flex-col relative items-end\">\n<div class=\"pt-0\">\n<div class=\"gizmo-bot-avatar flex h-8 w-8 items-center justify-center overflow-hidden rounded-full\">\n<div class=\"relative p-1 rounded-sm flex items-center justify-center bg-token-main-surface-primary text-token-text-primary h-8 w-8\">\n<p>POCO PT12000 Puffs Jednor\u00e1zov\u00fd vaporiz\u00e9r nastavuje la\u0165ku jako jeden z nejv\u00fdkonn\u011bj\u0161\u00edch dob\u00edjec\u00edch jednor\u00e1zov\u00fdch vaporiz\u00e9r\u016f dostupn\u00fdch, poskytuj\u00edc\u00ed p\u016fsobiv\u00fdch 12 000 pota\u017een\u00ed v elegantn\u00edm, dob\u00edjec\u00edm designu. Tento p\u0159\u00edstroj na pota\u017een\u00ed 12k p\u0159in\u00e1\u0161\u00ed odv\u00e1\u017en\u00fd obrat na trhu s jednor\u00e1zov\u00fdmi vaporiz\u00e9ry s funkcemi navr\u017een\u00fdmi tak, aby uspokojily i ty nejn\u00e1ro\u010dn\u011bj\u0161\u00ed vapery. Poco PT12000 Puffs Jednor\u00e1zov\u00fd vaporiz\u00e9r s podem vybaven\u00fd vysoce v\u00fdkonn\u00fdm s\u00ed\u0165ov\u00fdm c\u00edvkou, p\u0159edpln\u011bn\u00fd pr\u00e9miov\u00fdm e-liquidem s nikotinovou sol\u00ed, zaji\u0161\u0165uj\u00edc\u00ed bohatou chu\u0165 a hladk\u00fd v\u00fdpar poka\u017ed\u00e9.<\/p>\n<p>Nap\u00e1jen\u00fd robustn\u00ed dob\u00edjec\u00ed bateri\u00ed o kapacit\u011b 650mAh a pohodln\u00fdm nab\u00edjec\u00edm portem Type-C, tento vaporiz\u00e9r se rychle nab\u00edj\u00ed, tak\u017ee nikdy nez\u016fst\u00e1v\u00e1te bez n\u00e1poje. Funkce nastaviteln\u00e9ho pr\u016ftoku vzduchu umo\u017e\u0148uje u\u017eivatel\u016fm p\u0159izp\u016fsobit ka\u017ed\u00fd potah, a\u0165 u\u017e preferuj\u00ed t\u011bsn\u011bj\u0161\u00ed nebo otev\u0159en\u011bj\u0161\u00ed tah. S koncentrovan\u00fdm obsahem nikotinov\u00e9 soli 5% je tento vaporiz\u00e9r ide\u00e1ln\u00ed pro zku\u0161en\u00e9 vapery hledaj\u00edc\u00ed uspokojiv\u00fd pocit v krku.<\/p>\n<p>Ide\u00e1ln\u00ed pro velkoobchodn\u00ed vapeshopy a velkoodb\u011bratele, kte\u0159\u00ed cht\u011bj\u00ed nakupovat vaporiz\u00e9ry online, POCO PT 12k puff kombinuje pr\u00e9miovou kvalitu a u\u017eivatelsky p\u0159\u00edv\u011btiv\u00e9 funkce, vytv\u00e1\u0159ej\u00edc\u00ed nep\u0159ekonateln\u00fd z\u00e1\u017eitek z vapov\u00e1n\u00ed, kter\u00fd vynik\u00e1 mezi konkurenc\u00ed.<\/p>\n<p>&nbsp;<\/p>\n<\/div>\n<\/div>\n<\/div>\n<\/div>\n<\/div>\n<\/div>\n<p><strong>Kontaktujte Amy a z\u00edskejte spr\u00e1vnou odpov\u011b\u010f a kup\u00f3n na vape!<\/strong><\/p>\n<p><img loading=\"lazy\" decoding=\"async\" class=\"size-full wp-image-1978\" src=\"https:\/\/rmvapesale.com\/wp-content\/uploads\/2024\/09\/Disposable-Vape-Wholesale.jpg\" alt=\"Jednor\u00e1zov\u00e1 e-cigareta velkoobchod\" width=\"229\" height=\"300\" \/><\/p>\n<h3><a href=\"https:\/\/wa.me\/8617776015835\" target=\"_blank\" rel=\"noopener\"><span style=\"color: #ff0000\"><strong>WhatsApp: +86 17776015835<\/strong><\/span><\/a><\/h3>\n<p>&nbsp;<\/p>\n<h2><\/h2>\n<h2><strong>Jednor\u00e1zov\u00fd vaporiz\u00e9r POCO PT12000 <\/strong><strong>Kl\u00ed\u010dov\u00e9 vlastnosti<\/strong><\/h2>\n<p>Nikotin: 5%<br \/>\nPo\u010det pot\u00e1hnut\u00ed: 12000<br \/>\nKapacita: 22 ml<br \/>\nK dispozici 10 p\u0159\u00edchut\u00ed<br \/>\n650mah Dob\u00edjec\u00ed<br \/>\nmesh spir\u00e1lkou<br \/>\nType-C, dob\u00edjec\u00ed<\/p>\n<figure id=\"attachment_2588\" aria-describedby=\"caption-attachment-2588\" style=\"width: 800px\" class=\"wp-caption alignnone\"><img loading=\"lazy\" decoding=\"async\" class=\"wp-image-2588 size-full\" src=\"https:\/\/rmvapesale.com\/wp-content\/uploads\/2024\/10\/Poco-pt12000-For-Sale.jpg\" alt=\"Poco Pt12000 na prodej\" width=\"800\" height=\"800\" srcset=\"https:\/\/rmvapesale.com\/wp-content\/uploads\/2024\/10\/Poco-pt12000-For-Sale.jpg 800w, https:\/\/rmvapesale.com\/wp-content\/uploads\/2024\/10\/Poco-pt12000-For-Sale-300x300.jpg 300w, https:\/\/rmvapesale.com\/wp-content\/uploads\/2024\/10\/Poco-pt12000-For-Sale-150x150.jpg 150w, https:\/\/rmvapesale.com\/wp-content\/uploads\/2024\/10\/Poco-pt12000-For-Sale-768x768.jpg 768w, https:\/\/rmvapesale.com\/wp-content\/uploads\/2024\/10\/Poco-pt12000-For-Sale-600x600.jpg 600w, https:\/\/rmvapesale.com\/wp-content\/uploads\/2024\/10\/Poco-pt12000-For-Sale-100x100.jpg 100w\" sizes=\"auto, (max-width: 800px) 100vw, 800px\" \/><figcaption id=\"caption-attachment-2588\" class=\"wp-caption-text\">Poco Pt12000 na prodej<\/figcaption><\/figure>\n<h2><strong>Nejlep\u0161\u00ed p\u0159\u00edchu\u0165 pro POCO PT12000 Puffs Jednor\u00e1zov\u00fd vaporiz\u00e9r<\/strong><strong>\u00a0<\/strong><\/h2>\n<p>&nbsp;<\/p>\n<p>1. Bor\u016fvkov\u00e1 ledov\u00e1<span style=\"color: #ff0000\"><strong>&gt;&gt;&gt;&gt; Hork\u00e9!<\/strong><\/span><br \/>\n2. Jahodov\u00fd meloun<br \/>\n3. \u010cern\u00fd led drakovo ovoce jahoda<br \/>\n4. Energetick\u00fd n\u00e1poj<br \/>\n5. Broskvov\u00e1 ledov\u00e1<br \/>\n6. T\u0159e\u0161\u0148ovo-broskvov\u00e1 citron\u00e1da<br \/>\n7. Bor\u016fvka malina <span style=\"color: #ff0000\"><strong>&gt;&gt;&gt;&gt; Nejlep\u0161\u00ed!<\/strong><\/span><br \/>\n8. Jahoda Kiwi<br \/>\n9. Aloe hroznov\u00e9 v\u00edno<br \/>\n10. Jahodov\u00e1 ledov\u00e1 <span style=\"color: #ff0000\"><strong>&gt;&gt;&gt;&gt; Hork\u00e9!<\/strong><\/span><\/p>\n<p>&nbsp;<\/p>\n<h3><strong>Pro\u010d si vybrat Rmvapesale pro <\/strong><strong>POCO PT12000 <\/strong><strong>Puffs Dob\u00edjec\u00ed Jednor\u00e1zov\u00fd Vaporiz\u00e9r<\/strong><strong>?<\/strong><\/h3>\n<div class=\"flex-shrink-0 flex flex-col relative items-end\">\n<div class=\"pt-0\">\n<div class=\"gizmo-bot-avatar flex h-8 w-8 items-center justify-center overflow-hidden rounded-full\">\n<div class=\"relative p-1 rounded-sm flex items-center justify-center bg-token-main-surface-primary text-token-text-primary h-8 w-8\">\n<p>&nbsp;<\/p>\n<p>Kdy\u017e si vyberete Rmvapesale pro sv\u00e9 velkoobchodn\u00ed pot\u0159eby jednor\u00e1zov\u00fdch vap\u016f, z\u00edsk\u00e1te:<\/p>\n<ul>\n<li><strong>Konkuren\u010dn\u00ed cena<\/strong>: Z\u00edskejte p\u0159\u00edstup k atraktivn\u00edm velkoobchodn\u00edm cen\u00e1m, kter\u00e9 zv\u00fd\u0161\u00ed mar\u017ee va\u0161eho podnik\u00e1n\u00ed.<\/li>\n<li><strong>Vysok\u00e1 kvalita<\/strong>: Na\u0161e vapy jsou vyr\u00e1b\u011bny podle nejvy\u0161\u0161\u00edch standard\u016f a <span style=\"color: #ff0000\"><strong>zaru\u010den\u011b 100% origin\u00e1ln\u00ed a autentick\u00e9, nebo 10n\u00e1sobn\u00e1 kompenzace za pad\u011blky!<\/strong><\/span><\/li>\n<li><strong>Vynikaj\u00edc\u00ed z\u00e1kaznick\u00fd servis<\/strong>: N\u00e1\u0161 specializovan\u00fd t\u00fdm je v\u00e1m v\u017edy p\u0159ipraven pomoci a u\u010dinit tak v\u00e1\u0161 n\u00e1kupn\u00ed proces plynul\u00fdm a bezprobl\u00e9mov\u00fdm.<\/li>\n<li><strong>Rychl\u00e9 doru\u010den\u00ed<\/strong>: M\u016f\u017eete o\u010dek\u00e1vat rychlou a spolehlivou p\u0159epravu, kter\u00e1 zajist\u00ed, \u017ee va\u0161e objedn\u00e1vky doraz\u00ed v\u010das, poka\u017ed\u00e9.<\/li>\n<\/ul>\n<\/div>\n<h3><\/h3>\n<div class=\"relative p-1 rounded-sm flex items-center justify-center bg-token-main-surface-primary text-token-text-primary h-8 w-8\">\n<h3><b>Vape POCO <\/b><strong>PT12000 <\/strong><b>\u010casto kladen\u00e9 ot\u00e1zky k Puff\u016fm<\/b><\/h3>\n<p><strong>1. Jak nabiji POCO PT 12K dob\u00edjec\u00ed jednor\u00e1zov\u00fd vaporiz\u00e9r?<\/strong><br \/>\nPro nab\u00edjen\u00ed va\u0161eho POCO PT 12000 pou\u017eijte kabel s Type-C konektorem. Jednodu\u0161e jej zapojte do portu um\u00edst\u011bn\u00e9ho na spodn\u00ed stran\u011b za\u0159\u00edzen\u00ed. Ujist\u011bte se, \u017ee je p\u0159ipojen ke kompatibiln\u00edmu zdroji nap\u00e1jen\u00ed pro stabiln\u00ed nab\u00edjen\u00ed. POCO PT 12000 je navr\u017een pro rychl\u00e9 nab\u00edjen\u00ed, tak\u017ee budete p\u0159ipraveni na vapov\u00e1n\u00ed b\u011bhem chvilky!<\/p>\n<p><strong>2. Kolik nikotinu je v POCO PT12000 Puffs Jednor\u00e1zov\u00e9 vaporiz\u00e9rov\u00e9 kazet\u011b?<\/strong><br \/>\nPOCO PT 12000 nab\u00edz\u00ed koncentraci nikotinu 5% soli nikotin, co\u017e poskytuje siln\u00fd a uspokojiv\u00fd z\u00e1\u017eitek z vapov\u00e1n\u00ed pro ty, kte\u0159\u00ed hledaj\u00ed siln\u011bj\u0161\u00ed n\u00e1raz.<\/p>\n<p><strong>3. Jak dlouho bych m\u011bl nab\u00edjet sv\u016fj POCO 12000 Puffs Jednor\u00e1zov\u00fd vaporiz\u00e9r?<\/strong><br \/>\nPro optim\u00e1ln\u00ed v\u00fdkon nabijte POCO 12000 asi 1-2 hodiny nebo dokud nebude pln\u011b nabit\u00fd. Nejlep\u0161\u00ed je nep\u0159ekra\u010dovat tento \u010das, aby se zachovala \u017eivotnost baterie.<\/p>\n<p><strong>4. Kde mohu koupit POCO PT12000 Puffs Jednor\u00e1zov\u00fd vaporiz\u00e9r?<\/strong><br \/>\nPOCO PT12000 Puffs Jednor\u00e1zov\u00fd vaporiz\u00e9r je dostupn\u00fd u mnoha online prodejc\u016f vaporiz\u00e9r\u016f, vape shop\u016f a vybran\u00fdch velkoobchodn\u00edch distributor\u016f vaporiz\u00e9r\u016f. Pro pohodln\u00e9 mo\u017enosti zva\u017ete prohl\u00ed\u017een\u00ed obl\u00edben\u00fdch online obchod\u016f s vaporiz\u00e9ry, nap\u0159\u00edklad rmvapesale, a najd\u011bte nejlep\u0161\u00ed nab\u00eddky.<\/p>\n<p><strong>5. Jak\u00e9 jsou nejlep\u0161\u00ed jednor\u00e1zov\u00e9 vaporiz\u00e9ry pro rok 2024?<\/strong><br \/>\nPOCO PT12000 pat\u0159\u00ed mezi nejlep\u0161\u00ed jednor\u00e1zov\u00e9 vaporiz\u00e9ry pro rok 2024 d\u00edky vysok\u00e9mu po\u010dtu pota\u017een\u00ed, nastaviteln\u00e9mu pr\u016ftoku vzduchu, pr\u00e9miov\u00e9 s\u00ed\u0165ov\u00e9 c\u00edvce a dob\u00edjec\u00ed baterii. S kvalitn\u00edm v\u00fdkonem a inovativn\u00edm designem vynik\u00e1 jako \u0161pi\u010dkov\u00e1 volba pro dlouhotrvaj\u00edc\u00ed a chutn\u00e9 vapov\u00e1n\u00ed.<\/p>\n<\/div>\n<\/div>\n<\/div>\n<\/div>\n<h3>O p\u0159eprav\u011b<\/h3>\n<div class=\"flex-shrink-0 flex flex-col relative items-end\">\n<div>\n<div class=\"pt-0\">\n<div class=\"gizmo-bot-avatar flex h-8 w-8 items-center justify-center overflow-hidden rounded-full\">\n<div><\/div>\n<div class=\"relative p-1 rounded-sm flex items-center justify-center bg-token-main-surface-primary text-token-text-primary h-8 w-8\"><strong>1. Jak\u00e9 zp\u016fsoby dopravy se pou\u017e\u00edvaj\u00ed?<\/strong><\/div>\n<\/div>\n<\/div>\n<\/div>\n<\/div>\n<div class=\"group\/conversation-turn relative flex w-full min-w-0 flex-col agent-turn\">\n<div class=\"flex-col gap-1 md:gap-3\">\n<div class=\"flex max-w-full flex-col flex-grow\">\n<div class=\"min-h-[20px] text-message flex w-full flex-col items-end gap-2 whitespace-normal break-words [.text-message+&amp;]:mt-5 overflow-x-auto\" dir=\"auto\" data-message-author-role=\"assistant\" data-message-id=\"22f8283b-3233-46ff-89a5-c7a41b33abda\">\n<div class=\"flex w-full flex-col gap-1 empty:hidden first:pt-[3px]\">\n<div class=\"markdown prose w-full break-words dark:prose-invert light\">\n<p>Spolupracujeme s UPS, DHL, FedEx, DPD a dal\u0161\u00edmi p\u0159edn\u00edmi p\u0159epravci. Vybereme nejlep\u0161\u00ed zp\u016fsob dopravy na z\u00e1klad\u011b va\u0161\u00ed doru\u010dovac\u00ed lokality, abychom zajistili, \u017ee sv\u00e9 produkty obdr\u017e\u00edte co nejrychleji.<\/p>\n<\/div>\n<p><strong>2. Jak dlouho trv\u00e1 doru\u010den\u00ed?<\/strong><\/p>\n<p>Bal\u00ed\u010dky odeslan\u00e9 do \u010cesk\u00e9 republiky obvykle doraz\u00ed do 10 pracovn\u00edch dn\u016f. P\u0159eprava do evropsk\u00fdch zem\u00ed obecn\u011b trv\u00e1 asi 12-15 pracovn\u00edch dn\u016f. O stavu va\u0161\u00ed z\u00e1silky v\u00e1s budeme pr\u016fb\u011b\u017en\u011b informovat.<\/p>\n<\/div>\n<\/div>\n<\/div>\n<\/div>\n<\/div>\n<p>&nbsp;<\/p>\n<p>Dal\u0161\u00ed obl\u00edben\u00e9 jednor\u00e1zov\u00e9 e-cigarety, kter\u00e9 by se v\u00e1m mohly l\u00edbit:<\/p>\n<p><a href=\"https:\/\/rmvapesale.com\/cs\/product\/fumot-randm-tornado-30000-puffs-30k-music-disposable-vape\/\"><strong>RandM Tornado 30000 Puff\u00a0 \u00a0<span style=\"color: #ff0000\">&gt;&gt;&gt;&gt; j\u00edt!<\/span><\/strong><\/a><\/p>\n<p><strong><a href=\"https:\/\/rmvapesale.com\/cs\/product\/disposable-vape-poco-bl10000-puffs-wholesale\/\">POCO BL10000 pota\u017een\u00ed <span style=\"color: #ff0000\">&gt;&gt;&gt;&gt; j\u00edt!<\/span><\/a>\u00a0<\/strong><\/p>\n<p><a href=\"https:\/\/rmvapesale.com\/cs\/product\/original-randm-vape-digital-puff-12000-fumot-factory-price\/\"><strong>Fumot Vape 12000 Vdech\u016f <span style=\"color: #ff0000\">&gt;&gt;&gt;&gt; j\u00edt!<\/span><\/strong><\/a><\/p>\n<p>&nbsp;<\/p>\n<p>&nbsp;<\/p>\n<p>Naj\u00edt v\u00edce produkt\u016f pro vaping, kter\u00e9 by se v\u00e1m mohly l\u00edbit:<strong><em><a href=\"https:\/\/rmvapesale.com\/cs\/shop-2\/\">nakupujte nyn\u00ed &gt;&gt;&gt;<\/a><\/em><\/strong><\/p>","protected":false},"excerpt":{"rendered":"<p>POCO PT 12000 Puffs Jednor\u00e1zov\u00fd vaporiz\u00e9r tov\u00e1rn\u00ed cena<br \/>\nSklad EU Poco PT12000 Puffs Jednor\u00e1zov\u00fd vaporiz\u00e9r skladem<br \/>\nPOCO PT 12000 Puffs Velkoobchod s jednor\u00e1zov\u00fdmi vaporiz\u00e9ry<br \/>\n<span style=\"color: #ff0000\">(Odesl\u00e1n\u00ed ze skladu EU a trv\u00e1 p\u0159ibli\u017en\u011b 3-7 dn\u00ed, ne\u017e doraz\u00ed do v\u011bt\u0161iny evropsk\u00fdch zem\u00ed, jako je Nizozemsko, Francie, It\u00e1lie, \u0160pan\u011blsko, \u0160v\u00fdcarsko, \u0160v\u00e9dsko, Polsko atd.)<\/span><\/p>\n<p><img loading=\"lazy\" decoding=\"async\" class=\"size-full wp-image-2375\" src=\"https:\/\/rmvapesale.com\/wp-content\/uploads\/2024\/10\/image.png\" alt=\"Nejlep\u0161\u00ed jednor\u00e1zov\u00e1 e-cigareta\" width=\"229\" height=\"300\" \/><\/p>\n<h3><a href=\"https:\/\/wa.me\/8617776015835\"><span style=\"color: #ff0000\"><strong>WhatsApp: +86 17776015835<\/strong><\/span><\/a><\/h3>\n<p>&nbsp;<\/p>","protected":false},"featured_media":2586,"comment_status":"open","ping_status":"closed","template":"","meta":{"_uag_custom_page_level_css":"","_lmt_disableupdate":"no","_lmt_disable":"","site-sidebar-layout":"default","site-content-layout":"content-boxed-container","ast-site-content-layout":"normal-width-container","site-content-style":"boxed","site-sidebar-style":"unboxed","ast-global-header-display":"","ast-banner-title-visibility":"","ast-main-header-display":"","ast-hfb-above-header-display":"","ast-hfb-below-header-display":"","ast-hfb-mobile-header-display":"","site-post-title":"","ast-breadcrumbs-content":"","ast-featured-img":"","footer-sml-layout":"","theme-transparent-header-meta":"default","adv-header-id-meta":"","stick-header-meta":"","header-above-stick-meta":"","header-main-stick-meta":"","header-below-stick-meta":"","astra-migrate-meta-layouts":"set","ast-page-background-enabled":"default","ast-page-background-meta":{"desktop":{"background-color":"var(--ast-global-color-4)","background-image":"","background-repeat":"repeat","background-position":"center center","background-size":"auto","background-attachment":"scroll","background-type":"","background-media":"","overlay-type":"","overlay-color":"","overlay-opacity":"","overlay-gradient":""},"tablet":{"background-color":"","background-image":"","background-repeat":"repeat","background-position":"center center","background-size":"auto","background-attachment":"scroll","background-type":"","background-media":"","overlay-type":"","overlay-color":"","overlay-opacity":"","overlay-gradient":""},"mobile":{"background-color":"","background-image":"","background-repeat":"repeat","background-position":"center center","background-size":"auto","background-attachment":"scroll","background-type":"","background-media":"","overlay-type":"","overlay-color":"","overlay-opacity":"","overlay-gradient":""}},"ast-content-background-meta":{"desktop":{"background-color":"var(--ast-global-color-5)","background-image":"","background-repeat":"repeat","background-position":"center center","background-size":"auto","background-attachment":"scroll","background-type":"","background-media":"","overlay-type":"","overlay-color":"","overlay-opacity":"","overlay-gradient":""},"tablet":{"background-color":"var(--ast-global-color-5)","background-image":"","background-repeat":"repeat","background-position":"center center","background-size":"auto","background-attachment":"scroll","background-type":"","background-media":"","overlay-type":"","overlay-color":"","overlay-opacity":"","overlay-gradient":""},"mobile":{"background-color":"var(--ast-global-color-5)","background-image":"","background-repeat":"repeat","background-position":"center center","background-size":"auto","background-attachment":"scroll","background-type":"","background-media":"","overlay-type":"","overlay-color":"","overlay-opacity":"","overlay-gradient":""}},"_joinchat":[]},"product_brand":[],"product_cat":[15,195,25,123,26,28,135,27,137,30],"product_tag":[146,188,167,165,191,196,120],"class_list":{"0":"post-2589","1":"product","2":"type-product","3":"status-publish","4":"has-post-thumbnail","6":"product_cat-new-vape-this-week","7":"product_cat-germany-warehouse","8":"product_cat-germany-best-selling-vape","9":"product_cat-italy-wholesale-vape","10":"product_cat-netherlands-hot-sale-vape","11":"product_cat-poland-hot-sale-vape","12":"product_cat-spain-best-hot-sale-vape","13":"product_cat-fance-hot-sale-vape","14":"product_cat-rechargeable-vapes","15":"product_cat-minimum-order-quantity-50pcs","16":"product_tag-best-hot-sale-vape","17":"product_tag-buy-vapes-online","18":"product_tag-disposable-vape-with-screen","19":"product_tag-rechargeable-vapes","20":"product_tag-vape-box","21":"product_tag-vape-shop","22":"product_tag-vape-wholesale","23":"desktop-align-left","24":"tablet-align-left","25":"mobile-align-left","27":"first","28":"instock","29":"sale","30":"shipping-taxable","31":"purchasable","32":"product-type-simple"},"uagb_featured_image_src":{"full":["https:\/\/rmvapesale.com\/wp-content\/uploads\/2024\/10\/POCO-PT-12000-Puffs-Disposable-Vape.jpg",800,800,false],"thumbnail":["https:\/\/rmvapesale.com\/wp-content\/uploads\/2024\/10\/POCO-PT-12000-Puffs-Disposable-Vape-150x150.jpg",150,150,true],"medium":["https:\/\/rmvapesale.com\/wp-content\/uploads\/2024\/10\/POCO-PT-12000-Puffs-Disposable-Vape-300x300.jpg",300,300,true],"medium_large":["https:\/\/rmvapesale.com\/wp-content\/uploads\/2024\/10\/POCO-PT-12000-Puffs-Disposable-Vape-768x768.jpg",768,768,true],"large":["https:\/\/rmvapesale.com\/wp-content\/uploads\/2024\/10\/POCO-PT-12000-Puffs-Disposable-Vape.jpg",800,800,false],"1536x1536":["https:\/\/rmvapesale.com\/wp-content\/uploads\/2024\/10\/POCO-PT-12000-Puffs-Disposable-Vape.jpg",800,800,false],"2048x2048":["https:\/\/rmvapesale.com\/wp-content\/uploads\/2024\/10\/POCO-PT-12000-Puffs-Disposable-Vape.jpg",800,800,false],"trp-custom-language-flag":["https:\/\/rmvapesale.com\/wp-content\/uploads\/2024\/10\/POCO-PT-12000-Puffs-Disposable-Vape.jpg",12,12,false],"woocommerce_thumbnail":["https:\/\/rmvapesale.com\/wp-content\/uploads\/2024\/10\/POCO-PT-12000-Puffs-Disposable-Vape-300x300.jpg",300,300,true],"woocommerce_single":["https:\/\/rmvapesale.com\/wp-content\/uploads\/2024\/10\/POCO-PT-12000-Puffs-Disposable-Vape-600x600.jpg",600,600,true],"woocommerce_gallery_thumbnail":["https:\/\/rmvapesale.com\/wp-content\/uploads\/2024\/10\/POCO-PT-12000-Puffs-Disposable-Vape-100x100.jpg",100,100,true],"wcpr-photo-reviews":["https:\/\/rmvapesale.com\/wp-content\/uploads\/2024\/10\/POCO-PT-12000-Puffs-Disposable-Vape.jpg",500,500,false]},"uagb_author_info":{"display_name":"AMY","author_link":"https:\/\/rmvapesale.com\/cs\/author\/"},"uagb_comment_info":0,"uagb_excerpt":"POCO PT 12000 Puffs Disposable Vape Factory Price EU Warehouse Poco PT12000 Puffs Disposable Vape in Stock POCO PT 12000 Puffs Disposable Vape Wholesale (Ship from Germany warehouse and takes about 3-5 days\u00a0 to get arrive to most Europe countries like Netherlands, France, Italy, Spain, Switzerland, Sweden, Poland, etc. ) WhatsApp: +86 17776015835 &nbsp;","_links":{"self":[{"href":"https:\/\/rmvapesale.com\/cs\/wp-json\/wp\/v2\/product\/2589","targetHints":{"allow":["GET"]}}],"collection":[{"href":"https:\/\/rmvapesale.com\/cs\/wp-json\/wp\/v2\/product"}],"about":[{"href":"https:\/\/rmvapesale.com\/cs\/wp-json\/wp\/v2\/types\/product"}],"replies":[{"embeddable":true,"href":"https:\/\/rmvapesale.com\/cs\/wp-json\/wp\/v2\/comments?post=2589"}],"wp:featuredmedia":[{"embeddable":true,"href":"https:\/\/rmvapesale.com\/cs\/wp-json\/wp\/v2\/media\/2586"}],"wp:attachment":[{"href":"https:\/\/rmvapesale.com\/cs\/wp-json\/wp\/v2\/media?parent=2589"}],"wp:term":[{"taxonomy":"product_brand","embeddable":true,"href":"https:\/\/rmvapesale.com\/cs\/wp-json\/wp\/v2\/product_brand?post=2589"},{"taxonomy":"product_cat","embeddable":true,"href":"https:\/\/rmvapesale.com\/cs\/wp-json\/wp\/v2\/product_cat?post=2589"},{"taxonomy":"product_tag","embeddable":true,"href":"https:\/\/rmvapesale.com\/cs\/wp-json\/wp\/v2\/product_tag?post=2589"}],"curies":[{"name":"wp","href":"https:\/\/api.w.org\/{rel}","templated":true}]}}