{"id":2596,"date":"2024-10-28T09:08:31","date_gmt":"2024-10-28T09:08:31","guid":{"rendered":"https:\/\/rmvapesale.com\/?post_type=product&#038;p=2596"},"modified":"2024-10-28T09:48:39","modified_gmt":"2024-10-28T09:48:39","slug":"poco-sl15000-disposable-vape-5-nicotine-smart-vape","status":"publish","type":"product","link":"https:\/\/rmvapesale.com\/cs\/product\/poco-sl15000-disposable-vape-5-nicotine-smart-vape\/","title":{"rendered":"POCO SL15000 Jednor\u00e1zov\u00fd vape 5% Nikotin chytr\u00fd vape"},"content":{"rendered":"<div class=\"B2VR9 CJHX3e\">\n<div class=\"wyccme\">\n<h1 class=\"LC20lb MBeuO DKV0Md\">Velkoobchod POCO SL15000 Jednor\u00e1zov\u00fd vaporiz\u00e9r 5% Nikotin Chytr\u00fd vaporiz\u00e9r<\/h1>\n<div class=\"flex-shrink-0 flex flex-col relative items-end\">\n<div class=\"pt-0\">\n<div class=\"gizmo-bot-avatar flex h-8 w-8 items-center justify-center overflow-hidden rounded-full\">\n<div class=\"relative p-1 rounded-sm flex items-center justify-center bg-token-main-surface-primary text-token-text-primary h-8 w-8\">\n<p>POCO SL15000 Jednor\u00e1zov\u00fd vaporiz\u00e9r je \u0161pi\u010dkov\u00e9 za\u0159\u00edzen\u00ed pro vapov\u00e1n\u00ed navr\u017een\u00e9 pro pohodl\u00ed a vynikaj\u00edc\u00ed chu\u0165. S impozantn\u00ed kapacitou 24 ml poskytuje a\u017e 15 000 pot\u00e1hnut\u00ed, co\u017e z n\u011bj \u010din\u00ed jeden z nejpopul\u00e1rn\u011bj\u0161\u00edch jednor\u00e1zov\u00fdch vaporiz\u00e9r\u016f na trhu.<\/p>\n<p>Vyrobeno z vysoce kvalitn\u00edch ingredienc\u00ed, POCO SL15000 zaji\u0161\u0165uje konzistentn\u00ed a p\u0159\u00edjemn\u00fd z\u00e1\u017eitek z vapov\u00e1n\u00ed p\u0159i ka\u017ed\u00e9m pot\u00e1hnut\u00ed, \u010d\u00edm\u017e se v\u00fdrazn\u011b odli\u0161uje mezi obl\u00edben\u00fdmi zna\u010dkami vaporiz\u00e9r\u016f. Jako \u0161pi\u010dka volby pro p\u0159\u00edle\u017eitostn\u00e9 u\u017eivatele i v\u00e1\u0161niv\u00e9 nad\u0161ence vapov\u00e1n\u00ed, toto za\u0159\u00edzen\u00ed je vhodn\u00e9 pro dlouhodob\u00e9 pou\u017e\u00edv\u00e1n\u00ed a nab\u00edz\u00ed rozmanitost pro r\u016fzn\u00e9 preference nikotinu, v\u010detn\u011b n\u00edzkonikotinov\u00fdch variant.<\/p>\n<p>Ide\u00e1ln\u00ed jak na cesty, tak pro odpo\u010dinek doma, POCO SL15000 slibuje nep\u0159eru\u0161ovan\u00fd po\u017eitek z vapov\u00e1n\u00ed. Jeho elegantn\u00ed design a u\u017eivatelsky p\u0159\u00edv\u011btiv\u00e9 funkce z n\u011bj \u010din\u00ed p\u0159edn\u00ed volbu mezi velkoobchodn\u00edmi vaporiz\u00e9ry, z\u00edsk\u00e1vaj\u00edc\u00ed popularitu jako nejlep\u0161\u00ed jednor\u00e1zov\u00fd vaporiz\u00e9r roku 2024. Jako dob\u00edjec\u00ed vaporiz\u00e9r tento p\u0159\u00edstroj s pohodln\u00fdm portem Type-C zvy\u0161uje z\u00e1\u017eitek, zat\u00edmco jasn\u00e1 obrazovka sleduje \u00farove\u0148 baterie a e-tekutiny, co\u017e ocen\u00ed mnoho u\u017eivatel\u016f vaporiz\u00e9r\u016f.<\/p>\n<p>Pro ty, kte\u0159\u00ed hledaj\u00ed velkoobchodn\u00ed vaporiz\u00e9ry, jednor\u00e1zov\u00e9 vaporiz\u00e9ry online nebo v obchod\u011b s vaporiz\u00e9ry, vynik\u00e1 POCO SL15000 sv\u00fdm vysok\u00fdm v\u00fdkonem a designem, ide\u00e1ln\u00ed pro ty, kte\u0159\u00ed cht\u011bj\u00ed z\u00e1\u017eitek s 15000 pot\u00e1hnut\u00edmi bez nutnosti vlastnit v\u00edce za\u0159\u00edzen\u00ed.<\/p>\n<p>&nbsp;<\/p>\n<\/div>\n<\/div>\n<\/div>\n<\/div>\n<\/div>\n<\/div>\n<p><strong>Kontaktujte Amy a z\u00edskejte spr\u00e1vnou odpov\u011b\u010f a kup\u00f3n na vape!<\/strong><\/p>\n<p><img loading=\"lazy\" decoding=\"async\" class=\"size-full wp-image-1978\" src=\"https:\/\/rmvapesale.com\/wp-content\/uploads\/2024\/09\/Disposable-Vape-Wholesale.jpg\" alt=\"Jednor\u00e1zov\u00e1 e-cigareta velkoobchod\" width=\"229\" height=\"300\" \/><\/p>\n<h3><a href=\"https:\/\/wa.me\/8617776015835\" target=\"_blank\" rel=\"noopener\"><span style=\"color: #ff0000\"><strong>WhatsApp: +86 17776015835<\/strong><\/span><\/a><\/h3>\n<p>&nbsp;<\/p>\n<h2><\/h2>\n<h2><strong>POCO SL15000 Jednor\u00e1zov\u00e1 Vape <\/strong><strong>Kl\u00ed\u010dov\u00e9 vlastnosti<\/strong><\/h2>\n<p>Nikotin: 5%<br \/>\nPot\u00e1hnut\u00ed: 15000<br \/>\nKapacita: 24 ml<br \/>\nDostupn\u00fdch 12 p\u0159\u00edchut\u00ed<br \/>\nMesh Coil<br \/>\nBaterie:850mah<br \/>\nChytr\u00e1 obrazovka: kapacita baterie \/ kapacita e-tekutiny<\/p>\n<p>&nbsp;<\/p>\n<figure id=\"attachment_2591\" aria-describedby=\"caption-attachment-2591\" style=\"width: 800px\" class=\"wp-caption alignnone\"><img loading=\"lazy\" decoding=\"async\" class=\"wp-image-2591 size-full\" src=\"https:\/\/rmvapesale.com\/wp-content\/uploads\/2024\/10\/Poco-SL-15000-Puffs-Disposable-Vape-Wholesale.png\" alt=\"Velkoobchod POCO SL15000 Puffs Jednor\u00e1zov\u00fd vaporiz\u00e9r\" width=\"800\" height=\"800\" srcset=\"https:\/\/rmvapesale.com\/wp-content\/uploads\/2024\/10\/Poco-SL-15000-Puffs-Disposable-Vape-Wholesale.png 800w, https:\/\/rmvapesale.com\/wp-content\/uploads\/2024\/10\/Poco-SL-15000-Puffs-Disposable-Vape-Wholesale-300x300.png 300w, https:\/\/rmvapesale.com\/wp-content\/uploads\/2024\/10\/Poco-SL-15000-Puffs-Disposable-Vape-Wholesale-150x150.png 150w, https:\/\/rmvapesale.com\/wp-content\/uploads\/2024\/10\/Poco-SL-15000-Puffs-Disposable-Vape-Wholesale-768x768.png 768w, https:\/\/rmvapesale.com\/wp-content\/uploads\/2024\/10\/Poco-SL-15000-Puffs-Disposable-Vape-Wholesale-600x600.png 600w, https:\/\/rmvapesale.com\/wp-content\/uploads\/2024\/10\/Poco-SL-15000-Puffs-Disposable-Vape-Wholesale-100x100.png 100w\" sizes=\"auto, (max-width: 800px) 100vw, 800px\" \/><figcaption id=\"caption-attachment-2591\" class=\"wp-caption-text\">Velkoobchod POCO SL15000 Puffs Jednor\u00e1zov\u00fd vaporiz\u00e9r<\/figcaption><\/figure>\n<h2><strong>Obl\u00edben\u00e1 p\u0159\u00edchu\u0165 pro POCO <\/strong><strong>SL15000 <\/strong><strong>Puffs Jednor\u00e1zov\u00fd vaporiz\u00e9r<\/strong><strong>\u00a0<\/strong><\/h2>\n<p>Tento jednor\u00e1zov\u00fd vaporiz\u00e9r s displejem je ide\u00e1ln\u00ed pro ty, kte\u0159\u00ed si u\u017e\u00edvaj\u00ed r\u016fzn\u00e9 p\u0159\u00edchut\u011b, proto\u017ee nab\u00edz\u00ed \u0161irokou \u0161k\u00e1lu v\u010detn\u011b Aloe Hroznov\u00e9 v\u00edno, Bor\u016fvka Malina Citr\u00f3nov\u00e1 limon\u00e1da, Jahoda Meloun a mnoho dal\u0161\u00edch. Ka\u017ed\u00e1 p\u0159\u00edchu\u0165 je navr\u017eena tak, aby poskytovala uspokojiv\u00fd a jemn\u00fd z\u00e1\u017eitek z vapov\u00e1n\u00ed, co\u017e zaji\u0161\u0165uje, \u017ee u\u017eivatel\u00e9 si mohou vychutnat svou obl\u00edbenou chu\u0165 bez kompromis\u016f.<\/p>\n<p>1. Aloe Hroznov\u00e9 v\u00edno<br \/>\n2. Bor\u016fvka Malina Citr\u00f3nov\u00e1 limon\u00e1da <span style=\"color: #ff0000\"><strong>&gt;&gt;&gt;&gt; Hork\u00e9!<\/strong><\/span><br \/>\n3. Jahoda Vodn\u00ed meloun<br \/>\n4. \u010cern\u00fd led Dra\u010d\u00ed ovoce Jahoda<span style=\"color: #ff0000\"><strong>&gt;&gt;&gt;&gt; Hork\u00e9!<\/strong><\/span><br \/>\n5. Energetick\u00fd n\u00e1poj<br \/>\n6. Jahoda Malina Kiwi<br \/>\n7. Hroznov\u00e9 Cranberry Peach<br \/>\n8. Ostru\u017einov\u00e9 Cranberry<br \/>\n9. Jahodov\u00e9 T\u0159e\u0161e\u0148 <span style=\"color: #ff0000\"><strong>&gt;&gt;&gt;&gt; Nejlep\u0161\u00ed!<\/strong><\/span><br \/>\n10. Ananas Jahoda Ban\u00e1n<br \/>\n11. Meloun Lychee<br \/>\n12. Ananas Jablko<\/p>\n<p>&nbsp;<\/p>\n<h3><strong>Pro\u010d si vybrat Rmvapesale pro POCO SL15000<\/strong><strong>\u00a0Dob\u00edjec\u00ed jednor\u00e1zov\u00e1 vapka<\/strong><strong>?<\/strong><\/h3>\n<div class=\"flex-shrink-0 flex flex-col relative items-end\">\n<div class=\"pt-0\">\n<div class=\"gizmo-bot-avatar flex h-8 w-8 items-center justify-center overflow-hidden rounded-full\">\n<div class=\"relative p-1 rounded-sm flex items-center justify-center bg-token-main-surface-primary text-token-text-primary h-8 w-8\">\n<p>&nbsp;<\/p>\n<p>Kdy\u017e si vyberete Rmvapesale pro sv\u00e9 velkoobchodn\u00ed pot\u0159eby jednor\u00e1zov\u00fdch vap\u016f, z\u00edsk\u00e1te:<\/p>\n<ul>\n<li><strong>Konkuren\u010dn\u00ed cena<\/strong>: Z\u00edskejte p\u0159\u00edstup k atraktivn\u00edm velkoobchodn\u00edm cen\u00e1m, kter\u00e9 zv\u00fd\u0161\u00ed mar\u017ee va\u0161eho podnik\u00e1n\u00ed.<\/li>\n<li><strong>Vysok\u00e1 kvalita<\/strong>: Na\u0161e vapy jsou vyr\u00e1b\u011bny podle nejvy\u0161\u0161\u00edch standard\u016f a <span style=\"color: #ff0000\"><strong>zaru\u010den\u011b 100% origin\u00e1ln\u00ed a autentick\u00e9, nebo 10n\u00e1sobn\u00e1 kompenzace za pad\u011blky!<\/strong><\/span><\/li>\n<li><strong>Vynikaj\u00edc\u00ed z\u00e1kaznick\u00fd servis<\/strong>: N\u00e1\u0161 specializovan\u00fd t\u00fdm je v\u00e1m v\u017edy p\u0159ipraven pomoci a u\u010dinit tak v\u00e1\u0161 n\u00e1kupn\u00ed proces plynul\u00fdm a bezprobl\u00e9mov\u00fdm.<\/li>\n<li><strong>Rychl\u00e9 doru\u010den\u00ed<\/strong>: M\u016f\u017eete o\u010dek\u00e1vat rychlou a spolehlivou p\u0159epravu, kter\u00e1 zajist\u00ed, \u017ee va\u0161e objedn\u00e1vky doraz\u00ed v\u010das, poka\u017ed\u00e9.<\/li>\n<\/ul>\n<\/div>\n<h3><\/h3>\n<div class=\"relative p-1 rounded-sm flex items-center justify-center bg-token-main-surface-primary text-token-text-primary h-8 w-8\">\n<h3><b>Vape POCO SL 15000<\/b><strong>\u00a0<\/strong><b>\u010casto kladen\u00e9 ot\u00e1zky k Puff\u016fm<\/b><\/h3>\n<p><strong>Jak nab\u00edt opakovan\u011b pou\u017eiteln\u00fd jednor\u00e1zov\u00fd vaporiz\u00e9r POCO SL15000 Puffs?<\/strong><br \/>\nPro nabit\u00ed va\u0161eho jednor\u00e1zov\u00e9ho vaporiz\u00e9ru POCO SL15000 Puffs pou\u017eijte nab\u00edjec\u00ed port Type-C um\u00edst\u011bn\u00fd na za\u0159\u00edzen\u00ed. Sta\u010d\u00ed ho p\u0159ipojit k kompatibiln\u00edmu USB-C kabelu a zapojit do zdroje nap\u00e1jen\u00ed. To umo\u017en\u00ed rychl\u00e9 dobit\u00ed nab\u00edjec\u00ed baterie vaporiz\u00e9ru, co\u017e zajist\u00ed nep\u0159eru\u0161ovan\u00e9 vapov\u00e1n\u00ed.<\/p>\n<p><strong>Kolik nikotinu je v vaporiz\u00e9ru POCO SL15000?<\/strong><br \/>\nVapor POCO SL15000 nab\u00edz\u00ed mo\u017enosti nikotinu p\u0159izp\u016fsoben\u00e9 r\u016fzn\u00fdm preferenc\u00edm, v\u010detn\u011b n\u00edzk\u00fdch \u00farovn\u00ed nikotinu. Vyberte si koncentraci, kter\u00e1 nejl\u00e9pe vyhovuje va\u0161im pot\u0159eb\u00e1m, a u\u017eijte si personalizovan\u00fd z\u00e1\u017eitek s vysoce kvalitn\u00edmi ingrediencemi a dlouhotrvaj\u00edc\u00edm aroma.<\/p>\n<p><strong>Jak dlouho bych m\u011bl nab\u00edjet svou jednor\u00e1zovou krabi\u010dku POCO SL15000?<\/strong><br \/>\nPro optim\u00e1ln\u00ed nab\u00edjen\u00ed nabijte jednor\u00e1zovou krabi\u010dku POCO SL15000, dokud indik\u00e1tor baterie na za\u0159\u00edzen\u00ed neuk\u00e1\u017ee pln\u00e9 nabit\u00ed. Pln\u00e9 nabit\u00ed obvykle trv\u00e1 n\u011bkolik hodin, v z\u00e1vislosti na va\u0161em zdroji nap\u00e1jen\u00ed, a podpo\u0159\u00ed dlouhodob\u00e9 vapov\u00e1n\u00ed po cel\u00fd den.<\/p>\n<p><strong>Kde mohu koupit POCO SL15000 Puffs Puff Vape Bar?<\/strong><br \/>\nPOCO SL15000 Puffs Puff Vape Bar lze pohodln\u011b zakoupit online nebo v obchod\u011b s vaporiz\u00e9ry. Mnoho online prodejc\u016f vaporiz\u00e9r\u016f nab\u00edz\u00ed mo\u017enosti hromadn\u00e9ho n\u00e1kupu, proto si vyhledejte nejlep\u0161\u00ed nab\u00eddky, velkoobchodn\u00ed vaporiz\u00e9ry a speci\u00e1ln\u00ed akce.<\/p>\n<p><strong>Jak\u00e9 jsou nejlep\u0161\u00ed jednor\u00e1zov\u00e9 vaporiz\u00e9ry pro rok 2024?<\/strong><br \/>\nPOCO SL15000 pat\u0159\u00ed mezi nejlep\u0161\u00ed jednor\u00e1zov\u00e9 vaporiz\u00e9ry roku 2024 d\u00edky sv\u00e9 dlouh\u00e9 kapacit\u011b 15 000 pota\u017een\u00ed, u\u017eivatelsky p\u0159\u00edv\u011btiv\u00e9mu designu a bohat\u00fdm mo\u017enostem p\u0159\u00edchut\u00ed. Je to \u0161pi\u010dkov\u00e1 volba v kategorii box vaporiz\u00e9r\u016f a st\u00e1le se \u0159ad\u00ed mezi top 10 zna\u010dek jednor\u00e1zov\u00fdch vaporiz\u00e9r\u016f, co\u017e z n\u011bj \u010din\u00ed obl\u00edbenou volbu jak pro jednotliv\u00e9 u\u017eivatele, tak pro prodejce.<\/p>\n<\/div>\n<\/div>\n<\/div>\n<\/div>\n<h3>O p\u0159eprav\u011b<\/h3>\n<div class=\"flex-shrink-0 flex flex-col relative items-end\">\n<div>\n<div class=\"pt-0\">\n<div class=\"gizmo-bot-avatar flex h-8 w-8 items-center justify-center overflow-hidden rounded-full\">\n<div><\/div>\n<div class=\"relative p-1 rounded-sm flex items-center justify-center bg-token-main-surface-primary text-token-text-primary h-8 w-8\"><strong>1. Jak\u00e9 zp\u016fsoby dopravy se pou\u017e\u00edvaj\u00ed?<\/strong><\/div>\n<\/div>\n<\/div>\n<\/div>\n<\/div>\n<div class=\"group\/conversation-turn relative flex w-full min-w-0 flex-col agent-turn\">\n<div class=\"flex-col gap-1 md:gap-3\">\n<div class=\"flex max-w-full flex-col flex-grow\">\n<div class=\"min-h-[20px] text-message flex w-full flex-col items-end gap-2 whitespace-normal break-words [.text-message+&amp;]:mt-5 overflow-x-auto\" dir=\"auto\" data-message-author-role=\"assistant\" data-message-id=\"22f8283b-3233-46ff-89a5-c7a41b33abda\">\n<div class=\"flex w-full flex-col gap-1 empty:hidden first:pt-[3px]\">\n<div class=\"markdown prose w-full break-words dark:prose-invert light\">\n<p>Spolupracujeme s UPS, DHL, FedEx, DPD a dal\u0161\u00edmi p\u0159edn\u00edmi p\u0159epravci. Vybereme nejlep\u0161\u00ed zp\u016fsob dopravy na z\u00e1klad\u011b va\u0161\u00ed doru\u010dovac\u00ed lokality, abychom zajistili, \u017ee sv\u00e9 produkty obdr\u017e\u00edte co nejrychleji.<\/p>\n<\/div>\n<p><strong>2. Jak dlouho trv\u00e1 doru\u010den\u00ed?<\/strong><\/p>\n<p>Bal\u00ed\u010dky odeslan\u00e9 do \u010cesk\u00e9 republiky obvykle doraz\u00ed do 10 pracovn\u00edch dn\u016f. P\u0159eprava do evropsk\u00fdch zem\u00ed obecn\u011b trv\u00e1 asi 12-15 pracovn\u00edch dn\u016f. O stavu va\u0161\u00ed z\u00e1silky v\u00e1s budeme pr\u016fb\u011b\u017en\u011b informovat.<\/p>\n<\/div>\n<\/div>\n<\/div>\n<\/div>\n<\/div>\n<p>&nbsp;<\/p>\n<p>Dal\u0161\u00ed obl\u00edben\u00e9 jednor\u00e1zov\u00e9 e-cigarety, kter\u00e9 by se v\u00e1m mohly l\u00edbit:<\/p>\n<p><a href=\"https:\/\/rmvapesale.com\/cs\/product\/poco-pt12000-puffs-disposable-vape-pod-electronic-cigarette\/\"><strong>POCO PT 12000 pota\u017een\u00ed\u00a0 \u00a0<span style=\"color: #ff0000\">&gt;&gt;&gt;&gt; j\u00edt!<\/span><\/strong><\/a><\/p>\n<p><strong><a href=\"https:\/\/rmvapesale.com\/cs\/product\/disposable-vape-poco-bl10000-puffs-wholesale\/\">POCO BL10000 pota\u017een\u00ed <span style=\"color: #ff0000\">&gt;&gt;&gt;&gt; j\u00edt!<\/span><\/a>\u00a0<\/strong><\/p>\n<p><a href=\"https:\/\/rmvapesale.com\/cs\/product\/original-randm-vape-digital-puff-12000-fumot-factory-price\/\"><strong>Fumot Vape 12000 Vdech\u016f <span style=\"color: #ff0000\">&gt;&gt;&gt;&gt; j\u00edt!<\/span><\/strong><\/a><\/p>\n<p>&nbsp;<\/p>\n<p>&nbsp;<\/p>\n<p>Naj\u00edt v\u00edce produkt\u016f pro vaping, kter\u00e9 by se v\u00e1m mohly l\u00edbit:<strong><em><a href=\"https:\/\/rmvapesale.com\/cs\/shop-2\/\">nakupujte nyn\u00ed &gt;&gt;&gt;<\/a><\/em><\/strong><\/p>","protected":false},"excerpt":{"rendered":"<p>Velkoobchodn\u00ed cena POCO SL15000 Jednor\u00e1zov\u00fd vaporiz\u00e9r<br \/>\nSklad EU Poco SL 15000 Puffs Chytr\u00e1 obrazovka<br \/>\nKrabice na jednor\u00e1zov\u00fd vaporiz\u00e9r POCO 5% E Cigareta<br \/>\n<span style=\"color: #ff0000\">(Odesl\u00e1n\u00ed ze skladu EU a trv\u00e1 p\u0159ibli\u017en\u011b 3-7 dn\u00ed, ne\u017e doraz\u00ed do v\u011bt\u0161iny evropsk\u00fdch zem\u00ed, jako je Nizozemsko, Francie, It\u00e1lie, \u0160pan\u011blsko, \u0160v\u00fdcarsko, \u0160v\u00e9dsko, Polsko atd.)<\/span><\/p>\n<p><img loading=\"lazy\" decoding=\"async\" class=\"size-full wp-image-2375\" src=\"https:\/\/rmvapesale.com\/wp-content\/uploads\/2024\/10\/image.png\" alt=\"Nejlep\u0161\u00ed jednor\u00e1zov\u00e1 e-cigareta\" width=\"229\" height=\"300\" \/><\/p>\n<h3><a href=\"https:\/\/wa.me\/8617776015835\"><span style=\"color: #ff0000\"><strong>WhatsApp: +86 17776015835<\/strong><\/span><\/a><\/h3>\n<p>&nbsp;<\/p>","protected":false},"featured_media":2590,"comment_status":"open","ping_status":"closed","template":"","meta":{"_uag_custom_page_level_css":"","_lmt_disableupdate":"no","_lmt_disable":"","site-sidebar-layout":"default","site-content-layout":"content-boxed-container","ast-site-content-layout":"normal-width-container","site-content-style":"boxed","site-sidebar-style":"unboxed","ast-global-header-display":"","ast-banner-title-visibility":"","ast-main-header-display":"","ast-hfb-above-header-display":"","ast-hfb-below-header-display":"","ast-hfb-mobile-header-display":"","site-post-title":"","ast-breadcrumbs-content":"","ast-featured-img":"","footer-sml-layout":"","ast-disable-related-posts":"","theme-transparent-header-meta":"default","adv-header-id-meta":"","stick-header-meta":"","header-above-stick-meta":"","header-main-stick-meta":"","header-below-stick-meta":"","astra-migrate-meta-layouts":"set","ast-page-background-enabled":"default","ast-page-background-meta":{"desktop":{"background-color":"var(--ast-global-color-4)","background-image":"","background-repeat":"repeat","background-position":"center center","background-size":"auto","background-attachment":"scroll","background-type":"","background-media":"","overlay-type":"","overlay-color":"","overlay-opacity":"","overlay-gradient":""},"tablet":{"background-color":"","background-image":"","background-repeat":"repeat","background-position":"center center","background-size":"auto","background-attachment":"scroll","background-type":"","background-media":"","overlay-type":"","overlay-color":"","overlay-opacity":"","overlay-gradient":""},"mobile":{"background-color":"","background-image":"","background-repeat":"repeat","background-position":"center center","background-size":"auto","background-attachment":"scroll","background-type":"","background-media":"","overlay-type":"","overlay-color":"","overlay-opacity":"","overlay-gradient":""}},"ast-content-background-meta":{"desktop":{"background-color":"var(--ast-global-color-5)","background-image":"","background-repeat":"repeat","background-position":"center center","background-size":"auto","background-attachment":"scroll","background-type":"","background-media":"","overlay-type":"","overlay-color":"","overlay-opacity":"","overlay-gradient":""},"tablet":{"background-color":"var(--ast-global-color-5)","background-image":"","background-repeat":"repeat","background-position":"center center","background-size":"auto","background-attachment":"scroll","background-type":"","background-media":"","overlay-type":"","overlay-color":"","overlay-opacity":"","overlay-gradient":""},"mobile":{"background-color":"var(--ast-global-color-5)","background-image":"","background-repeat":"repeat","background-position":"center center","background-size":"auto","background-attachment":"scroll","background-type":"","background-media":"","overlay-type":"","overlay-color":"","overlay-opacity":"","overlay-gradient":""}},"_joinchat":[]},"product_brand":[],"product_cat":[15,27,25,195,123,30,26,28,137,135],"product_tag":[146,188,167,197,165,191,196,120],"class_list":{"0":"post-2596","1":"product","2":"type-product","3":"status-publish","4":"has-post-thumbnail","6":"product_cat-new-vape-this-week","7":"product_cat-fance-hot-sale-vape","8":"product_cat-germany-best-selling-vape","9":"product_cat-germany-warehouse","10":"product_cat-italy-wholesale-vape","11":"product_cat-minimum-order-quantity-50pcs","12":"product_cat-netherlands-hot-sale-vape","13":"product_cat-poland-hot-sale-vape","14":"product_cat-rechargeable-vapes","15":"product_cat-spain-best-hot-sale-vape","16":"product_tag-best-hot-sale-vape","17":"product_tag-buy-vapes-online","18":"product_tag-disposable-vape-with-screen","19":"product_tag-germany-hot-sale-vape","20":"product_tag-rechargeable-vapes","21":"product_tag-vape-box","22":"product_tag-vape-shop","23":"product_tag-vape-wholesale","24":"desktop-align-left","25":"tablet-align-left","26":"mobile-align-left","28":"first","29":"instock","30":"sale","31":"shipping-taxable","32":"purchasable","33":"product-type-simple"},"uagb_featured_image_src":{"full":["https:\/\/rmvapesale.com\/wp-content\/uploads\/2024\/10\/15K-Puffs-Screen-Poco-SL15000-Disposable-Vape.png",800,800,false],"thumbnail":["https:\/\/rmvapesale.com\/wp-content\/uploads\/2024\/10\/15K-Puffs-Screen-Poco-SL15000-Disposable-Vape-150x150.png",150,150,true],"medium":["https:\/\/rmvapesale.com\/wp-content\/uploads\/2024\/10\/15K-Puffs-Screen-Poco-SL15000-Disposable-Vape-300x300.png",300,300,true],"medium_large":["https:\/\/rmvapesale.com\/wp-content\/uploads\/2024\/10\/15K-Puffs-Screen-Poco-SL15000-Disposable-Vape-768x768.png",768,768,true],"large":["https:\/\/rmvapesale.com\/wp-content\/uploads\/2024\/10\/15K-Puffs-Screen-Poco-SL15000-Disposable-Vape.png",800,800,false],"1536x1536":["https:\/\/rmvapesale.com\/wp-content\/uploads\/2024\/10\/15K-Puffs-Screen-Poco-SL15000-Disposable-Vape.png",800,800,false],"2048x2048":["https:\/\/rmvapesale.com\/wp-content\/uploads\/2024\/10\/15K-Puffs-Screen-Poco-SL15000-Disposable-Vape.png",800,800,false],"trp-custom-language-flag":["https:\/\/rmvapesale.com\/wp-content\/uploads\/2024\/10\/15K-Puffs-Screen-Poco-SL15000-Disposable-Vape.png",12,12,false],"woocommerce_thumbnail":["https:\/\/rmvapesale.com\/wp-content\/uploads\/2024\/10\/15K-Puffs-Screen-Poco-SL15000-Disposable-Vape-300x300.png",300,300,true],"woocommerce_single":["https:\/\/rmvapesale.com\/wp-content\/uploads\/2024\/10\/15K-Puffs-Screen-Poco-SL15000-Disposable-Vape-600x600.png",600,600,true],"woocommerce_gallery_thumbnail":["https:\/\/rmvapesale.com\/wp-content\/uploads\/2024\/10\/15K-Puffs-Screen-Poco-SL15000-Disposable-Vape-100x100.png",100,100,true],"wcpr-photo-reviews":["https:\/\/rmvapesale.com\/wp-content\/uploads\/2024\/10\/15K-Puffs-Screen-Poco-SL15000-Disposable-Vape.png",500,500,false]},"uagb_author_info":{"display_name":"AMY","author_link":"https:\/\/rmvapesale.com\/cs\/author\/"},"uagb_comment_info":0,"uagb_excerpt":"POCO SL15000 Disposable Vape Wholesale Price EU Warehouse Poco SL 15000 Puffs Smart Screen POCO Disposable Vape Box 5% E Cigarette (Ship from Germany warehouse and takes about 3-5 days\u00a0 to get arrive to most Europe countries like Netherlands, France, Italy, Spain, Switzerland, Sweden, Poland, etc. ) WhatsApp: +86 17776015835 &nbsp;","_links":{"self":[{"href":"https:\/\/rmvapesale.com\/cs\/wp-json\/wp\/v2\/product\/2596","targetHints":{"allow":["GET"]}}],"collection":[{"href":"https:\/\/rmvapesale.com\/cs\/wp-json\/wp\/v2\/product"}],"about":[{"href":"https:\/\/rmvapesale.com\/cs\/wp-json\/wp\/v2\/types\/product"}],"replies":[{"embeddable":true,"href":"https:\/\/rmvapesale.com\/cs\/wp-json\/wp\/v2\/comments?post=2596"}],"wp:featuredmedia":[{"embeddable":true,"href":"https:\/\/rmvapesale.com\/cs\/wp-json\/wp\/v2\/media\/2590"}],"wp:attachment":[{"href":"https:\/\/rmvapesale.com\/cs\/wp-json\/wp\/v2\/media?parent=2596"}],"wp:term":[{"taxonomy":"product_brand","embeddable":true,"href":"https:\/\/rmvapesale.com\/cs\/wp-json\/wp\/v2\/product_brand?post=2596"},{"taxonomy":"product_cat","embeddable":true,"href":"https:\/\/rmvapesale.com\/cs\/wp-json\/wp\/v2\/product_cat?post=2596"},{"taxonomy":"product_tag","embeddable":true,"href":"https:\/\/rmvapesale.com\/cs\/wp-json\/wp\/v2\/product_tag?post=2596"}],"curies":[{"name":"wp","href":"https:\/\/api.w.org\/{rel}","templated":true}]}}