{"id":2609,"date":"2024-10-30T08:06:20","date_gmt":"2024-10-30T08:06:20","guid":{"rendered":"https:\/\/rmvapesale.com\/?post_type=product&#038;p=2609"},"modified":"2024-10-31T03:48:31","modified_gmt":"2024-10-31T03:48:31","slug":"smart-disposable-vape-elfworld-ai-22000-puffs-led-display","status":"publish","type":"product","link":"https:\/\/rmvapesale.com\/cs\/product\/smart-disposable-vape-elfworld-ai-22000-puffs-led-display\/","title":{"rendered":"Chytr\u00fd jednor\u00e1zov\u00fd vape ELFWORLD AI 22000 Puffs LED displej"},"content":{"rendered":"<div class=\"B2VR9 CJHX3e\">\n<div class=\"wyccme\">\n<h1 class=\"LC20lb MBeuO DKV0Md\">Chytr\u00fd jednor\u00e1zov\u00fd vape ELFWORLD AI 22000 Puffs LED displej<\/h1>\n<div class=\"flex-shrink-0 flex flex-col relative items-end\">\n<div class=\"pt-0\">\n<div class=\"gizmo-bot-avatar flex h-8 w-8 items-center justify-center overflow-hidden rounded-full\">\n<div class=\"relative p-1 rounded-sm flex items-center justify-center bg-token-main-surface-primary text-token-text-primary h-8 w-8\">\n<p><strong>Chytr\u00fd jednor\u00e1zov\u00fd vape ELFWORLD AI 22000 Puffs LED displej<\/strong> je skv\u011blou volbou pro vapery, kte\u0159\u00ed hledaj\u00ed inovace, styl a prodlou\u017een\u00fd z\u00e1\u017eitek z vapingu. S masivn\u00ed kapacitou <strong>22000 pot\u00e1hnut\u00ed<\/strong>, nab\u00edz\u00ed tato e-cigareta s velk\u00fdm po\u010dtem pot\u00e1hnut\u00ed <strong>jednor\u00e1zov\u00e9 e-cigarety<\/strong> dlouhotrvaj\u00edc\u00ed, bezprobl\u00e9movou volbu pro zku\u0161en\u00e9 vapery i nov\u00e1\u010dky.<\/p>\n<p><strong>Elegantn\u00ed design a p\u0159enosnost<\/strong><br \/>\nTento <strong>Elf World AI 22000<\/strong> p\u0159edstavuje elegantn\u00ed, modern\u00ed design s hladk\u00fdmi liniemi a pr\u00e9miov\u00fdm povrchem, kter\u00fd je stejn\u011b dobr\u00fd na pohled, jako na dotek. Tato <strong>krabicov\u00fd vape<\/strong> e-cigareta je kompaktn\u00ed a lehk\u00e1, tak\u017ee ji lze snadno nosit s sebou. Navzdory sv\u00e9 lehk\u00e9 konstrukci je stav\u011bna tak, aby odolala ka\u017edodenn\u00edmu pou\u017e\u00edv\u00e1n\u00ed, co\u017e zaji\u0161\u0165uje odolnost, ani\u017e by ob\u011btovala sv\u016fj pr\u00e9miov\u00fd vzhled.<\/p>\n<p><strong>Chytr\u00e1 technologie s nastaviteln\u00fdm pr\u016ftokem vzduchu<\/strong><br \/>\nJako skute\u010dn\u00e1 <strong>chytr\u00e1 e-cigareta<\/strong>, AI 22000 nab\u00edz\u00ed p\u0159izp\u016fsobiteln\u00fd z\u00e1\u017eitek s funkc\u00ed nastaviteln\u00e9ho pr\u016ftoku vzduchu, co\u017e u\u017eivatel\u016fm umo\u017e\u0148uje zvolit si t\u011bsnost potahu, kter\u00e1 nejl\u00e9pe vyhovuje jejich preferenc\u00edm. Tato <strong>dob\u00edjec\u00ed vape<\/strong> e-cigareta obsahuje v\u00fdkonnou baterii a LED displej, kter\u00fd v\u00e1m poskytuje indik\u00e1tory stavu baterie a hladiny e-liquidu v re\u00e1ln\u00e9m \u010dase. Tato funkce zaji\u0161\u0165uje, \u017ee si v\u017edy uv\u011bdom\u00edte, kdy je t\u0159eba dob\u00edjet a kdy si m\u016f\u017eete u\u017e\u00edt nep\u0159etr\u017eit\u00e9 potahy. Port na za\u0159\u00edzen\u00ed <strong>nab\u00edjen\u00ed typu C<\/strong> poskytuje rychl\u00e9 a pohodln\u00e9 nab\u00edjen\u00ed, ide\u00e1ln\u00ed pro zanepr\u00e1zdn\u011bn\u00e9 u\u017eivatele, kte\u0159\u00ed cht\u011bj\u00ed spolehlivou e-cigaretu.<\/p>\n<p><strong>Z\u00e1v\u011br<\/strong><br \/>\nELFWORLD<strong> Chytr\u00e1 jednor\u00e1zov\u00e1 e-cigareta na 22000 pot\u00e1hnut\u00ed<\/strong>\u00a0je dokonal\u00fdm spojen\u00edm stylu, pokro\u010dil\u00e9 technologie a dlouhotrvaj\u00edc\u00edho v\u00fdkonu, co\u017e z n\u00ed \u010din\u00ed jednu z <strong>nejlep\u0161\u00edch jednor\u00e1zov\u00fdch e-cigaret<\/strong> na trhu. Pro ty, kte\u0159\u00ed hledaj\u00ed velkokapacitn\u00ed, odolnou a na funkce bohatou variantu, je ElfWorld AI 22000 ide\u00e1ln\u00ed volbou. Objevte pohodl\u00ed a kvalitu t\u00e9to \u0161pi\u010dkov\u00e9 e-cigarety, kter\u00e1 je k dost\u00e1n\u00ed na <strong>obchody s vapovac\u00edmi sadami<\/strong>, <strong>jednor\u00e1zov\u00e9 vapes online<\/strong>, nebo prost\u0159ednictv\u00edm <strong>vapes ve velk\u00e9m<\/strong> mo\u017enost\u00ed pro velkoobchodn\u00ed pot\u0159eby.<\/p>\n<\/div>\n<\/div>\n<\/div>\n<\/div>\n<\/div>\n<\/div>\n<p><strong>Kontaktujte Amy a z\u00edskejte spr\u00e1vnou odpov\u011b\u010f a kup\u00f3n na vape!<\/strong><\/p>\n<p><img loading=\"lazy\" decoding=\"async\" class=\"size-full wp-image-1978\" src=\"https:\/\/rmvapesale.com\/wp-content\/uploads\/2024\/09\/Disposable-Vape-Wholesale.jpg\" alt=\"Jednor\u00e1zov\u00e1 e-cigareta velkoobchod\" width=\"229\" height=\"300\" \/><\/p>\n<h3><a href=\"https:\/\/wa.me\/8617776015835\" target=\"_blank\" rel=\"noopener\"><span style=\"color: #ff0000\"><strong>WhatsApp: +86 17776015835<\/strong><\/span><\/a><\/h3>\n<p>&nbsp;<\/p>\n<h2><\/h2>\n<h2><strong>Chytr\u00e1 jednor\u00e1zov\u00e1 e-cigareta ELFWORLD AI 22000 <\/strong><strong>Kl\u00ed\u010dov\u00e9 vlastnosti<\/strong><\/h2>\n<ul class=\"wp-block-list\">\n<li>Pot\u00e1hnut\u00ed: 22000 pot\u00e1hnut\u00ed<\/li>\n<li>S\u00edla nikotinu: 0%2%3%5%<\/li>\n<li>Kapacita: 26 ml<\/li>\n<li>Baterie: 650 mAh<\/li>\n<li>Materi\u00e1l spir\u00e1lky: 1.0*2 ohm du\u00e1ln\u00ed s\u00ed\u0165ovan\u00e1 spir\u00e1lka<\/li>\n<li>Displej: Digit\u00e1ln\u00ed obrazovka<\/li>\n<li>Nab\u00edjen\u00ed: Dob\u00edjec\u00ed p\u0159es Type-C<\/li>\n<li>Nastaviteln\u00fd pr\u016ftok vzduchu<\/li>\n<li>K dispozici 10 p\u0159\u00edchut\u00ed<\/li>\n<\/ul>\n<figure id=\"attachment_2619\" aria-describedby=\"caption-attachment-2619\" style=\"width: 600px\" class=\"wp-caption alignnone\"><img loading=\"lazy\" decoding=\"async\" class=\"wp-image-2619 size-full\" src=\"https:\/\/rmvapesale.com\/wp-content\/uploads\/2024\/10\/Vape-22000-Puff-Rechargeable-Disposable-Vape.png\" alt=\"Dob\u00edjec\u00ed jednor\u00e1zov\u00e1 e-cigareta na 22000 pot\u00e1hnut\u00ed\" width=\"600\" height=\"849\" srcset=\"https:\/\/rmvapesale.com\/wp-content\/uploads\/2024\/10\/Vape-22000-Puff-Rechargeable-Disposable-Vape.png 600w, https:\/\/rmvapesale.com\/wp-content\/uploads\/2024\/10\/Vape-22000-Puff-Rechargeable-Disposable-Vape-212x300.png 212w\" sizes=\"auto, (max-width: 600px) 100vw, 600px\" \/><figcaption id=\"caption-attachment-2619\" class=\"wp-caption-text\">Dob\u00edjec\u00ed jednor\u00e1zov\u00e1 e-cigareta na 22000 pot\u00e1hnut\u00ed<\/figcaption><\/figure>\n<h2><strong>Nejlep\u0161\u00ed p\u0159\u00edchu\u0165 pro <\/strong><strong>Chytr\u00e1 jednor\u00e1zov\u00e1 e-cigareta ELFWORLD AI 22000 na 22000 pot\u00e1hnut\u00ed<\/strong><\/h2>\n<p>S ka\u017ed\u00fdm pot\u00e1hnut\u00edm <strong>Elf World AI 22000<\/strong> dod\u00e1v\u00e1 pln\u00e9, v\u00fdrazn\u00e9 chut\u011b, kter\u00e9 z\u016fst\u00e1vaj\u00ed konzistentn\u00ed od prvn\u00edho a\u017e do posledn\u00edho pot\u00e1hnut\u00ed. K dispozici v \u0161irok\u00e9 \u0161k\u00e1le mo\u017enost\u00ed, tento <strong>e-cigaretu s n\u00edzk\u00fdm obsahem nikotinu<\/strong> poskytuje uspokojiv\u00fd a hladk\u00fd z\u00e1\u017eitek pro vapery, kte\u0159\u00ed up\u0159ednost\u0148uj\u00ed kvalitu i chu\u0165.<\/p>\n<p>1.Mango jablko hru\u0161ka<br \/>\n2.Chladn\u00e9 mango<br \/>\n3.Zelen\u00e9 jablko<br \/>\n4.Tyg\u0159\u00ed krev <span style=\"color: #ff0000\"><strong>&gt;&gt;&gt;&gt; Hork\u00e9!<\/strong><\/span><br \/>\n5.Bor\u016fvkov\u00fd led <span style=\"color: #ff0000\"><strong>&gt;&gt;&gt;&gt; Hork\u00e9!<\/strong><\/span><br \/>\n6.M\u00e1ta<br \/>\n7.Sm\u011bs bobul\u00ed <span style=\"color: #ff0000\"><strong>&gt;&gt;&gt;&gt; Nejlep\u0161\u00ed!<\/strong><\/span><br \/>\n8.Hroznov\u00fd led<br \/>\n9.Melounov\u00e1 ledov\u00e1<br \/>\n10.Bor\u016fvka s m\u00e1tou<br \/>\n11.Jahodov\u00e1 ledov\u00e1<br \/>\n12.\u0160\u0165avnat\u00e1 broskvov\u00e1 ledov\u00e1<br \/>\n13.Modr\u00e1 malinov\u00e1 ledov\u00e1<br \/>\n14.T\u0159e\u0161\u0148ov\u00fd citron<br \/>\n15.Jahodov\u00fd meloun<\/p>\n<p>&nbsp;<\/p>\n<h3><strong>Pro\u010d si vybrat Rmvapesale pro jednor\u00e1zovou vapku ELFWORLD 22000 Puffs s LED displejem<\/strong><strong>?<\/strong><\/h3>\n<div class=\"flex-shrink-0 flex flex-col relative items-end\">\n<div class=\"pt-0\">\n<div class=\"gizmo-bot-avatar flex h-8 w-8 items-center justify-center overflow-hidden rounded-full\">\n<div class=\"relative p-1 rounded-sm flex items-center justify-center bg-token-main-surface-primary text-token-text-primary h-8 w-8\">\n<p>V\u00edtejte v Rmvapesale, va\u0161em d\u016fv\u011bryhodn\u00e9m obchod\u011b s pr\u00e9miov\u00fdmi jednor\u00e1zov\u00fdmi vapovac\u00edmi p\u0159\u00edstroji. S v\u00edce ne\u017e 5 lety odborn\u00fdch zku\u0161enost\u00ed v\u00e1m p\u0159in\u00e1\u0161\u00edme obl\u00edben\u00e9 zna\u010dky jednor\u00e1zov\u00fdch vapovac\u00edch p\u0159\u00edstroj\u016f, jako jsou Al Fakher, Vapme Vape, <a href=\"https:\/\/rmvapesale.com\/cs\/product\/vapme-crystal-7000-puffs-rechargeable-disposable-vape-price\/\">Vapme<\/a>, <a href=\"https:\/\/rmvapesale.com\/cs\/product-category\/bang-vapes\/\">Bang Vape<\/a>, Waspe, <a href=\"https:\/\/rmvapesale.com\/cs\/product\/wga-crystal-pro-max-extra-15k-puffs-disposable-vape-wholesale\/\">WGA<\/a> Vape a<a href=\"https:\/\/rmvapesale.com\/cs\/product-category\/randm-fumot-vape\/\"> RandM Vape<\/a>.<\/p>\n<p>N\u00e1\u0161 sortiment zahrnuje \u017ehav\u00e9 prodejn\u00ed kousky jako <a href=\"https:\/\/rmvapesale.com\/cs\/product\/fumot-digital-box-12000-disposable-vape-pink-lemonade-flavor\/\">RandM 12k<\/a> a chu\u0165ov\u011b bohat\u00e9 mo\u017enosti, jako je <a href=\"https:\/\/rmvapesale.com\/cs\/product\/wga-crystal-pro-max-extra-15k-puffs-disposable-vape-wholesale\/\">WGA Crystal Pro Max 15K Puffs<\/a>. Ka\u017ed\u00fd produkt je vyb\u00edr\u00e1n s d\u016frazem na kvalitu, hodnotu a rozmanitost, abyste si zajistili dokonalou shodu pro va\u0161e pot\u0159eby. Objevte v\u00fdjime\u010dn\u00e9 slu\u017eby a \u0161irokou \u0161k\u00e1lu \u0161pi\u010dkov\u00fdch produkt\u016f na Rmvapesale.<\/p>\n<\/div>\n<h3><\/h3>\n<div class=\"relative p-1 rounded-sm flex items-center justify-center bg-token-main-surface-primary text-token-text-primary h-8 w-8\">\n<h3><b>\u010casto kladen\u00e9 dotazy k vapce ELFWORLD 22000<\/b><\/h3>\n<\/div>\n<p><strong>Mohu si vz\u00edt jednor\u00e1zovou vapovac\u00ed sadu do letadla?<\/strong><br \/>\nAno, jednor\u00e1zov\u00e9 vapky jako <strong>Elf World AI 22000 Puff<\/strong> jsou povoleny v letadle, ale pouze v p\u0159\u00edru\u010dn\u00edm zavazadle kv\u016fli p\u0159edpis\u016fm o bateri\u00edch. Ujist\u011bte se, \u017ee je za\u0159\u00edzen\u00ed vypnut\u00e9, a zkontrolujte pokyny leteck\u00e9 spole\u010dnosti pro p\u0159\u00edpadn\u00e1 omezen\u00ed t\u00fdkaj\u00edc\u00ed se vapovac\u00edch produkt\u016f.<\/p>\n<p><strong>Je jednor\u00e1zov\u00e1 vapka Elf World AI 22000 Puff Smart vhodn\u00e1 pro za\u010d\u00e1te\u010dn\u00edky?<\/strong><br \/>\nAno, <strong>Elf World AI 22000 Puff<\/strong> je vhodn\u00e1 pro za\u010d\u00e1te\u010dn\u00edky. M\u00e1 u\u017eivatelsky p\u0159\u00edv\u011btiv\u00fd, elegantn\u00ed design, nastaviteln\u00fd pr\u016ftok vzduchu a pohodln\u00fd <strong>LED displej<\/strong> pro \u00farove\u0148 baterie a e-d\u017eusu, co\u017e za\u010d\u00e1te\u010dn\u00edk\u016fm usnad\u0148uje sledov\u00e1n\u00ed pou\u017e\u00edv\u00e1n\u00ed.<\/p>\n<p><strong>Kter\u00e9 jednor\u00e1zov\u00e9 vapky s displejem jsou obl\u00edben\u00e9?<\/strong><br \/>\nMezi <strong>jednor\u00e1zov\u00fdmi vapkami v akci<\/strong> s displejem, je <strong>Elf World AI 22000 Puff<\/strong> vynik\u00e1 sv\u00fdmi pokro\u010dil\u00fdmi funkcemi, dlouhou v\u00fddr\u017e\u00ed 22 000 pot\u00e1hnut\u00ed a nastaviteln\u00fdm pr\u016ftokem vzduchu, co\u017e z n\u011bj \u010din\u00ed \u0161pi\u010dkovou volbu pro vapery, kte\u0159\u00ed hledaj\u00ed high-tech z\u00e1\u017eitek.<\/p>\n<p><strong>Jak pozn\u00e1m, \u017ee je moje jednor\u00e1zov\u00e1 vapa Elf World Smart pr\u00e1zdn\u00e1?<\/strong><br \/>\nTento <strong>LED displej<\/strong> na <strong>Elf World AI 22000 Puff<\/strong> poskytuje informace o stavu baterie a hladin\u011b e-liquidu v re\u00e1ln\u00e9m \u010dase, tak\u017ee si m\u016f\u017eete snadno zkontrolovat, kdy je vapa t\u00e9m\u011b\u0159 vybit\u00e1 nebo pr\u00e1zdn\u00e1.<\/p>\n<p><strong>Jak dlouho by m\u011bla vydr\u017eet vapa Elf World AI 22000 Puffs?<\/strong><br \/>\nTento <strong>Elf World AI 22000 Puff<\/strong> je navr\u017eena tak, aby vydr\u017eela p\u0159ibli\u017en\u011b <strong>22 000 \u0161luk\u016f<\/strong>, co\u017e z n\u00ed \u010din\u00ed dlouhotrvaj\u00edc\u00ed volbu pro vapery, kte\u0159\u00ed vapuj\u00ed m\u00e1lo i \u010dasto. P\u0159i m\u00edrn\u00e9m pou\u017e\u00edv\u00e1n\u00ed m\u016f\u017ee toto za\u0159\u00edzen\u00ed vydr\u017eet t\u00fddny, v z\u00e1vislosti na individu\u00e1ln\u00edch zvyklostech.<\/p>\n<div class=\"relative p-1 rounded-sm flex items-center justify-center bg-token-main-surface-primary text-token-text-primary h-8 w-8\">\n<p>&nbsp;<\/p>\n<\/div>\n<\/div>\n<\/div>\n<\/div>\n<h3>O p\u0159eprav\u011b<\/h3>\n<div class=\"flex-shrink-0 flex flex-col relative items-end\">\n<div>\n<div class=\"pt-0\">\n<div class=\"gizmo-bot-avatar flex h-8 w-8 items-center justify-center overflow-hidden rounded-full\">\n<div><\/div>\n<div class=\"relative p-1 rounded-sm flex items-center justify-center bg-token-main-surface-primary text-token-text-primary h-8 w-8\"><strong>1. Jak\u00e9 zp\u016fsoby dopravy se pou\u017e\u00edvaj\u00ed?<\/strong><\/div>\n<\/div>\n<\/div>\n<\/div>\n<\/div>\n<div class=\"group\/conversation-turn relative flex w-full min-w-0 flex-col agent-turn\">\n<div class=\"flex-col gap-1 md:gap-3\">\n<div class=\"flex max-w-full flex-col flex-grow\">\n<div class=\"min-h-[20px] text-message flex w-full flex-col items-end gap-2 whitespace-normal break-words [.text-message+&amp;]:mt-5 overflow-x-auto\" dir=\"auto\" data-message-author-role=\"assistant\" data-message-id=\"22f8283b-3233-46ff-89a5-c7a41b33abda\">\n<div class=\"flex w-full flex-col gap-1 empty:hidden first:pt-[3px]\">\n<div class=\"markdown prose w-full break-words dark:prose-invert light\">\n<p>Spolupracujeme s UPS, DHL, FedEx, DPD a dal\u0161\u00edmi p\u0159edn\u00edmi p\u0159epravci. Vybereme nejlep\u0161\u00ed zp\u016fsob dopravy na z\u00e1klad\u011b va\u0161\u00ed doru\u010dovac\u00ed lokality, abychom zajistili, \u017ee sv\u00e9 produkty obdr\u017e\u00edte co nejrychleji.<\/p>\n<\/div>\n<p><strong>2. Jak dlouho trv\u00e1 doru\u010den\u00ed?<\/strong><\/p>\n<p>Bal\u00ed\u010dky odeslan\u00e9 do \u010cesk\u00e9 republiky obvykle doraz\u00ed do 10 pracovn\u00edch dn\u016f. P\u0159eprava do evropsk\u00fdch zem\u00ed obecn\u011b trv\u00e1 asi 12-15 pracovn\u00edch dn\u016f. O stavu va\u0161\u00ed z\u00e1silky v\u00e1s budeme pr\u016fb\u011b\u017en\u011b informovat.<\/p>\n<\/div>\n<\/div>\n<\/div>\n<\/div>\n<\/div>\n<p>&nbsp;<\/p>\n<p>Naj\u00edt v\u00edce produkt\u016f pro vaping, kter\u00e9 by se v\u00e1m mohly l\u00edbit:<strong><em><a href=\"https:\/\/rmvapesale.com\/cs\/shop-2\/\">nakupujte nyn\u00ed &gt;&gt;&gt;<\/a><\/em><\/strong><\/p>","protected":false},"excerpt":{"rendered":"<p>Jednor\u00e1zov\u00e1 e-cigareta Elf World AI 22000 pot\u00e1hnut\u00ed s displejem<br \/>\nE-cigareta 22000 pot\u00e1hnut\u00ed Dob\u00edjec\u00ed jednor\u00e1zov\u00e1 e-cigareta<br \/>\nELFWORLD AI 22000 pot\u00e1hnut\u00ed Jednor\u00e1zov\u00e1 e-cigareta Velkoobchod<\/p>\n<p><img loading=\"lazy\" decoding=\"async\" class=\"size-full wp-image-2375\" src=\"https:\/\/rmvapesale.com\/wp-content\/uploads\/2024\/10\/image.png\" alt=\"Nejlep\u0161\u00ed jednor\u00e1zov\u00e1 e-cigareta\" width=\"229\" height=\"300\" \/><\/p>\n<h3><a href=\"https:\/\/wa.me\/8617776015835\"><span style=\"color: #ff0000\"><strong>WhatsApp: +86 17776015835<\/strong><\/span><\/a><\/h3>\n<p>&nbsp;<\/p>","protected":false},"featured_media":2617,"comment_status":"open","ping_status":"closed","template":"","meta":{"_uag_custom_page_level_css":"","_lmt_disableupdate":"no","_lmt_disable":"","site-sidebar-layout":"default","site-content-layout":"content-boxed-container","ast-site-content-layout":"normal-width-container","site-content-style":"boxed","site-sidebar-style":"unboxed","ast-global-header-display":"","ast-banner-title-visibility":"","ast-main-header-display":"","ast-hfb-above-header-display":"","ast-hfb-below-header-display":"","ast-hfb-mobile-header-display":"","site-post-title":"","ast-breadcrumbs-content":"","ast-featured-img":"","footer-sml-layout":"","ast-disable-related-posts":"","theme-transparent-header-meta":"default","adv-header-id-meta":"","stick-header-meta":"","header-above-stick-meta":"","header-main-stick-meta":"","header-below-stick-meta":"","astra-migrate-meta-layouts":"set","ast-page-background-enabled":"default","ast-page-background-meta":{"desktop":{"background-color":"var(--ast-global-color-4)","background-image":"","background-repeat":"repeat","background-position":"center center","background-size":"auto","background-attachment":"scroll","background-type":"","background-media":"","overlay-type":"","overlay-color":"","overlay-opacity":"","overlay-gradient":""},"tablet":{"background-color":"","background-image":"","background-repeat":"repeat","background-position":"center center","background-size":"auto","background-attachment":"scroll","background-type":"","background-media":"","overlay-type":"","overlay-color":"","overlay-opacity":"","overlay-gradient":""},"mobile":{"background-color":"","background-image":"","background-repeat":"repeat","background-position":"center center","background-size":"auto","background-attachment":"scroll","background-type":"","background-media":"","overlay-type":"","overlay-color":"","overlay-opacity":"","overlay-gradient":""}},"ast-content-background-meta":{"desktop":{"background-color":"var(--ast-global-color-5)","background-image":"","background-repeat":"repeat","background-position":"center center","background-size":"auto","background-attachment":"scroll","background-type":"","background-media":"","overlay-type":"","overlay-color":"","overlay-opacity":"","overlay-gradient":""},"tablet":{"background-color":"var(--ast-global-color-5)","background-image":"","background-repeat":"repeat","background-position":"center center","background-size":"auto","background-attachment":"scroll","background-type":"","background-media":"","overlay-type":"","overlay-color":"","overlay-opacity":"","overlay-gradient":""},"mobile":{"background-color":"var(--ast-global-color-5)","background-image":"","background-repeat":"repeat","background-position":"center center","background-size":"auto","background-attachment":"scroll","background-type":"","background-media":"","overlay-type":"","overlay-color":"","overlay-opacity":"","overlay-gradient":""}},"_joinchat":[]},"product_brand":[],"product_cat":[15,27,25,195,123,30,26,28,137,136,135],"product_tag":[146,188,167,198,165,85,191,120],"class_list":{"0":"post-2609","1":"product","2":"type-product","3":"status-publish","4":"has-post-thumbnail","6":"product_cat-new-vape-this-week","7":"product_cat-fance-hot-sale-vape","8":"product_cat-germany-best-selling-vape","9":"product_cat-germany-warehouse","10":"product_cat-italy-wholesale-vape","11":"product_cat-minimum-order-quantity-50pcs","12":"product_cat-netherlands-hot-sale-vape","13":"product_cat-poland-hot-sale-vape","14":"product_cat-rechargeable-vapes","15":"product_cat-smart-screen-vapes","16":"product_cat-spain-best-hot-sale-vape","17":"product_tag-best-hot-sale-vape","18":"product_tag-buy-vapes-online","19":"product_tag-disposable-vape-with-screen","20":"product_tag-elfworld-vape","21":"product_tag-rechargeable-vapes","22":"product_tag-smart-disposable-vape","23":"product_tag-vape-box","24":"product_tag-vape-wholesale","25":"desktop-align-left","26":"tablet-align-left","27":"mobile-align-left","29":"first","30":"instock","31":"sale","32":"shipping-taxable","33":"purchasable","34":"product-type-simple"},"uagb_featured_image_src":{"full":["https:\/\/rmvapesale.com\/wp-content\/uploads\/2024\/10\/ELFWORLD-AI-22000-Puffs-Disposable-Vape.png",800,800,false],"thumbnail":["https:\/\/rmvapesale.com\/wp-content\/uploads\/2024\/10\/ELFWORLD-AI-22000-Puffs-Disposable-Vape-150x150.png",150,150,true],"medium":["https:\/\/rmvapesale.com\/wp-content\/uploads\/2024\/10\/ELFWORLD-AI-22000-Puffs-Disposable-Vape-300x300.png",300,300,true],"medium_large":["https:\/\/rmvapesale.com\/wp-content\/uploads\/2024\/10\/ELFWORLD-AI-22000-Puffs-Disposable-Vape-768x768.png",768,768,true],"large":["https:\/\/rmvapesale.com\/wp-content\/uploads\/2024\/10\/ELFWORLD-AI-22000-Puffs-Disposable-Vape.png",800,800,false],"1536x1536":["https:\/\/rmvapesale.com\/wp-content\/uploads\/2024\/10\/ELFWORLD-AI-22000-Puffs-Disposable-Vape.png",800,800,false],"2048x2048":["https:\/\/rmvapesale.com\/wp-content\/uploads\/2024\/10\/ELFWORLD-AI-22000-Puffs-Disposable-Vape.png",800,800,false],"trp-custom-language-flag":["https:\/\/rmvapesale.com\/wp-content\/uploads\/2024\/10\/ELFWORLD-AI-22000-Puffs-Disposable-Vape.png",12,12,false],"woocommerce_thumbnail":["https:\/\/rmvapesale.com\/wp-content\/uploads\/2024\/10\/ELFWORLD-AI-22000-Puffs-Disposable-Vape-300x300.png",300,300,true],"woocommerce_single":["https:\/\/rmvapesale.com\/wp-content\/uploads\/2024\/10\/ELFWORLD-AI-22000-Puffs-Disposable-Vape-600x600.png",600,600,true],"woocommerce_gallery_thumbnail":["https:\/\/rmvapesale.com\/wp-content\/uploads\/2024\/10\/ELFWORLD-AI-22000-Puffs-Disposable-Vape-100x100.png",100,100,true],"wcpr-photo-reviews":["https:\/\/rmvapesale.com\/wp-content\/uploads\/2024\/10\/ELFWORLD-AI-22000-Puffs-Disposable-Vape.png",500,500,false]},"uagb_author_info":{"display_name":"AMY","author_link":"https:\/\/rmvapesale.com\/cs\/author\/"},"uagb_comment_info":0,"uagb_excerpt":"Elf World AI 22000 Puffs Screen Display Disposable Vape Vape 22000 Puff Rechargeable Disposable E-Cigarette ELFWORLD AI 22000 Puffs Disposable Vape Wholesale WhatsApp: +86 17776015835 &nbsp;","_links":{"self":[{"href":"https:\/\/rmvapesale.com\/cs\/wp-json\/wp\/v2\/product\/2609","targetHints":{"allow":["GET"]}}],"collection":[{"href":"https:\/\/rmvapesale.com\/cs\/wp-json\/wp\/v2\/product"}],"about":[{"href":"https:\/\/rmvapesale.com\/cs\/wp-json\/wp\/v2\/types\/product"}],"replies":[{"embeddable":true,"href":"https:\/\/rmvapesale.com\/cs\/wp-json\/wp\/v2\/comments?post=2609"}],"wp:featuredmedia":[{"embeddable":true,"href":"https:\/\/rmvapesale.com\/cs\/wp-json\/wp\/v2\/media\/2617"}],"wp:attachment":[{"href":"https:\/\/rmvapesale.com\/cs\/wp-json\/wp\/v2\/media?parent=2609"}],"wp:term":[{"taxonomy":"product_brand","embeddable":true,"href":"https:\/\/rmvapesale.com\/cs\/wp-json\/wp\/v2\/product_brand?post=2609"},{"taxonomy":"product_cat","embeddable":true,"href":"https:\/\/rmvapesale.com\/cs\/wp-json\/wp\/v2\/product_cat?post=2609"},{"taxonomy":"product_tag","embeddable":true,"href":"https:\/\/rmvapesale.com\/cs\/wp-json\/wp\/v2\/product_tag?post=2609"}],"curies":[{"name":"wp","href":"https:\/\/api.w.org\/{rel}","templated":true}]}}