{"id":2628,"date":"2024-10-31T08:10:13","date_gmt":"2024-10-31T08:10:13","guid":{"rendered":"https:\/\/rmvapesale.com\/?post_type=product&#038;p=2628"},"modified":"2024-10-31T09:26:49","modified_gmt":"2024-10-31T09:26:49","slug":"bang-vape-12000-puff-rechargeable-disposable-vape-wholesale","status":"publish","type":"product","link":"https:\/\/rmvapesale.com\/cs\/product\/bang-vape-12000-puff-rechargeable-disposable-vape-wholesale\/","title":{"rendered":"Bang Vape 12000 pot\u00e1hnut\u00ed Nab\u00edjec\u00ed jednor\u00e1zov\u00e1 vape velkoobchod"},"content":{"rendered":"<div class=\"B2VR9 CJHX3e\">\n<div class=\"wyccme\">\n<h1 class=\"LC20lb MBeuO DKV0Md\">Bang Vape 12000 pot\u00e1hnut\u00ed Nab\u00edjec\u00ed jednor\u00e1zov\u00e1 vape velkoobchod<\/h1>\n<div class=\"flex-shrink-0 flex flex-col relative items-end\">\n<div class=\"pt-0\">\n<div class=\"gizmo-bot-avatar flex h-8 w-8 items-center justify-center overflow-hidden rounded-full\">\n<div class=\"relative p-1 rounded-sm flex items-center justify-center bg-token-main-surface-primary text-token-text-primary h-8 w-8\"><\/div>\n<p>Tento <strong>Bang Vape 12000 pot\u00e1hnut\u00ed dob\u00edjec\u00ed jednor\u00e1zov\u00fd vape<\/strong> p\u0159in\u00e1\u0161\u00ed v\u00fdkonn\u00fd v\u00fdkon a rozmanitost p\u0159\u00edchut\u00ed, co\u017e z n\u011bj \u010din\u00ed obl\u00edben\u00fd vape pro ka\u017ed\u00e9ho, kdo hled\u00e1 pr\u00e9miov\u00fd z\u00e1\u017eitek z vapov\u00e1n\u00ed na jedno pou\u017eit\u00ed. S p\u016fsobivou <strong>12 000 pot\u00e1hnut\u00ed<\/strong> a <strong>dob\u00edjec\u00ed bateri\u00ed 550mAh<\/strong>, tento <strong>Bang Vape<\/strong> je navr\u017een pro pohodl\u00ed a dlouhotrvaj\u00edc\u00ed po\u017eitek. Kapacita <strong>18ml e-liquidu<\/strong> poskytuje konzistentn\u00ed chu\u0165 a s\u00edly nikotinu jsou k dispozici v <strong>0%, 2% a 5%<\/strong> pro p\u0159izp\u016fsobiteln\u00e9 uspokojen\u00ed.<\/p>\n<p>S jednoduch\u00fdm designem bez nutnosti \u00fadr\u017eby je tento <strong>jednor\u00e1zov\u00fd vape Bang<\/strong> ide\u00e1ln\u00ed pro za\u010d\u00e1te\u010dn\u00edky i zku\u0161en\u00e9 vapery. Za\u017eijte kvalitu s ka\u017ed\u00fdm pot\u00e1hnut\u00edm a u\u017eijte si jednoduchost <strong>ty\u010dinek Bang<\/strong> v pohodln\u00e9m <strong>puff vape<\/strong> form\u00e1tu.<\/p>\n<p>Chcete-li prozkoumat celou \u0159adu <strong>Bang Vape 12000 pot\u00e1hnut\u00ed<\/strong>, nav\u0161tivte <strong>rmvapesale<\/strong>, d\u016fv\u011bryhodn\u00fd <strong>vape obchod<\/strong> nab\u00edz\u00ed <strong>velkoobchod s vapov\u00e1n\u00edm<\/strong> a skv\u011bl\u00e9 nab\u00eddky na <strong>Bang Box<\/strong> a dal\u0161\u00ed <strong>Bang jednor\u00e1zov\u00fd vape<\/strong> produkty.<\/p>\n<p>&nbsp;<\/p>\n<\/div>\n<\/div>\n<\/div>\n<\/div>\n<\/div>\n<p><strong>Kontaktujte Amy a z\u00edskejte spr\u00e1vnou odpov\u011b\u010f a kup\u00f3n na vape!<\/strong><\/p>\n<p><img loading=\"lazy\" decoding=\"async\" class=\"size-full wp-image-1978\" src=\"https:\/\/rmvapesale.com\/wp-content\/uploads\/2024\/09\/Disposable-Vape-Wholesale.jpg\" alt=\"Jednor\u00e1zov\u00e1 e-cigareta velkoobchod\" width=\"229\" height=\"300\" \/><\/p>\n<h3><a href=\"https:\/\/wa.me\/8617776015835\" target=\"_blank\" rel=\"noopener\"><span style=\"color: #ff0000\"><strong>WhatsApp: +86 17776015835<\/strong><\/span><\/a><\/h3>\n<p>&nbsp;<\/p>\n<h2>Kl\u00ed\u010dov\u00e9 vlastnosti Bang Vape 12000 Puff:<\/h2>\n<ul>\n<li><strong>Masivn\u00edch 12 000 pot\u00e1hnut\u00ed<\/strong> s hladk\u00fdm a konzistentn\u00edm dod\u00e1v\u00e1n\u00edm<\/li>\n<li><strong>Dob\u00edjec\u00ed 550mAh baterie<\/strong> s portem typu C pro rychl\u00e9 nab\u00edjen\u00ed<\/li>\n<li><strong>18ml e-liquidu<\/strong> v ka\u017ed\u00e9m za\u0159\u00edzen\u00ed, co\u017e zaji\u0161\u0165uje m\u00e9n\u011b \u010dastou v\u00fdm\u011bnu<\/li>\n<li><strong>Mo\u017enosti nikotinu<\/strong>: Vyberte si mezi 2 % nebo 5 % pro ide\u00e1ln\u00ed z\u00e1\u017eitek<\/li>\n<li><strong>12 lahodn\u00fdch p\u0159\u00edchut\u00ed<\/strong>: U\u017eijte si jedine\u010dn\u00e9 mo\u017enosti jako <strong>Blueberry Ice, Black Dragon Ice, Cherry Cola, Watermelon Bubblegum a Peach Ice<\/strong><\/li>\n<\/ul>\n<h2><strong>Nejlep\u0161\u00ed p\u0159\u00edchu\u0165 pro <\/strong><strong>Dob\u00edjec\u00ed Bang Box Vape 12000<\/strong><\/h2>\n<p>Tento <strong>Bang Box Vape 12000<\/strong> je k dispozici ve 12 fantastick\u00fdch p\u0159\u00edchut\u00edch, kter\u00e9 uspokoj\u00ed \u0161irokou \u0161k\u00e1lu chut\u00ed, od osv\u011b\u017euj\u00edc\u00edch <strong>Peach Ice (broskvov\u00fd led)<\/strong> a sladk\u00e9 <strong>Trojit\u00e9 bobule<\/strong> k pikantn\u00ed <strong>Bor\u016fvka Citr\u00f3n<\/strong>. Mezi dal\u0161\u00ed obl\u00edben\u00e9 mo\u017enosti pat\u0159\u00ed:<\/p>\n<p>1.Vodn\u00ed meloun <span style=\"color: #ff0000\"><strong>&gt;&gt;&gt;&gt; Hork\u00e9!<\/strong><\/span><br \/>\n2.Jahodov\u00fd meloun<br \/>\n3.Bor\u016fvkov\u00fd led<br \/>\n4.Bor\u016fvka Malina <span style=\"color: #ff0000\"><strong>&gt;&gt;&gt;&gt; Hork\u00e9!<\/strong><\/span><br \/>\n5.Jahoda mango<br \/>\n6.\u010cern\u00fd dra\u010d\u00ed led<br \/>\n7.Vi\u0161\u0148ov\u00e1 Cola<br \/>\n8.Bor\u016fvka Hrozen<br \/>\n9.Trojit\u00e9 Bobulov\u00e9 ovoce <span style=\"color: #ff0000\"><strong>&gt;&gt;&gt;&gt; Nejlep\u0161\u00ed!<\/strong><\/span><br \/>\n10.Jahoda Kiwi<br \/>\n11.Broskvov\u00e1 ledov\u00e1<br \/>\n12.Vodn\u00ed meloun \u017dv\u00fdka\u010dka<\/p>\n<figure id=\"attachment_2635\" aria-describedby=\"caption-attachment-2635\" style=\"width: 600px\" class=\"wp-caption alignnone\"><img loading=\"lazy\" decoding=\"async\" class=\"wp-image-2635 size-full\" src=\"https:\/\/rmvapesale.com\/wp-content\/uploads\/2024\/10\/Bang-Vape-Dispsable-Wholesale.jpg\" alt=\"Bang Vape Jednor\u00e1zov\u00e9 Velkoobchod\" width=\"600\" height=\"1050\" srcset=\"https:\/\/rmvapesale.com\/wp-content\/uploads\/2024\/10\/Bang-Vape-Dispsable-Wholesale.jpg 600w, https:\/\/rmvapesale.com\/wp-content\/uploads\/2024\/10\/Bang-Vape-Dispsable-Wholesale-171x300.jpg 171w, https:\/\/rmvapesale.com\/wp-content\/uploads\/2024\/10\/Bang-Vape-Dispsable-Wholesale-585x1024.jpg 585w\" sizes=\"auto, (max-width: 600px) 100vw, 600px\" \/><figcaption id=\"caption-attachment-2635\" class=\"wp-caption-text\">Bang Vape Jednor\u00e1zov\u00e9 Velkoobchod<\/figcaption><\/figure>\n<h3><strong>Pro\u010d si vybrat Rmvapesale pro jednor\u00e1zov\u00fd vape Bang 12000 Puffs<\/strong><strong>?<\/strong><\/h3>\n<div class=\"flex-shrink-0 flex flex-col relative items-end\">\n<div class=\"pt-0\">\n<div class=\"gizmo-bot-avatar flex h-8 w-8 items-center justify-center overflow-hidden rounded-full\">\n<div class=\"relative p-1 rounded-sm flex items-center justify-center bg-token-main-surface-primary text-token-text-primary h-8 w-8\">\n<p>V\u00edtejte v Rmvapesale, va\u0161em d\u016fv\u011bryhodn\u00e9m obchod\u011b s pr\u00e9miov\u00fdmi jednor\u00e1zov\u00fdmi vapovac\u00edmi p\u0159\u00edstroji. S v\u00edce ne\u017e 5 lety odborn\u00fdch zku\u0161enost\u00ed v\u00e1m p\u0159in\u00e1\u0161\u00edme obl\u00edben\u00e9 zna\u010dky jednor\u00e1zov\u00fdch vapovac\u00edch p\u0159\u00edstroj\u016f, jako jsou Al Fakher, Vapme Vape, <a href=\"https:\/\/rmvapesale.com\/cs\/product\/vapme-crystal-7000-puffs-rechargeable-disposable-vape-price\/\">Vapme<\/a>, <a href=\"https:\/\/rmvapesale.com\/cs\/product-category\/bang-vapes\/\">Bang Vape<\/a>, Waspe, <a href=\"https:\/\/rmvapesale.com\/cs\/product\/wga-crystal-pro-max-extra-15k-puffs-disposable-vape-wholesale\/\">WGA<\/a> Vape a<a href=\"https:\/\/rmvapesale.com\/cs\/product-category\/randm-fumot-vape\/\"> RandM Vape<\/a>.<\/p>\n<p>N\u00e1\u0161 sortiment zahrnuje \u017ehav\u00e9 prodejn\u00ed kousky jako <a href=\"https:\/\/rmvapesale.com\/cs\/product\/bang-box-vape-tornado-40000-puff-2-5-low-nicotine\/\">Bang Box Vape 40000 Puff<\/a> a chu\u0165ov\u011b bohat\u00e9 mo\u017enosti, jako je <a href=\"https:\/\/rmvapesale.com\/cs\/product\/randm-tornado-25000-puffs-disposable-vape-wholesale\/\">RandM 25000 Puff<\/a>. Ka\u017ed\u00fd produkt je vyb\u00edr\u00e1n s d\u016frazem na kvalitu, hodnotu a rozmanitost, abyste si zajistili dokonalou shodu pro va\u0161e pot\u0159eby. Objevte v\u00fdjime\u010dn\u00e9 slu\u017eby a \u0161irokou \u0161k\u00e1lu \u0161pi\u010dkov\u00fdch produkt\u016f na Rmvapesale.<\/p>\n<\/div>\n<h3><\/h3>\n<h3>\u010cASTO KLADEN\u00c9 DOTAZY k dob\u00edjec\u00edmu jednor\u00e1zov\u00e9mu vapu Bang Vape 12000 Puff<\/h3>\n<ol>\n<li><strong>Jak pozn\u00e1m, \u017ee je moje jednor\u00e1zov\u00e1 e-cigareta pr\u00e1zdn\u00e1?<\/strong> Kdy\u017e je v\u00e1\u0161 <strong>jednor\u00e1zov\u00fd vape Bang Vape 12000 Puff<\/strong> pr\u00e1zdn\u00fd, m\u016f\u017eete si v\u0161imnout sn\u00ed\u017een\u00ed intenzity chuti a produkce p\u00e1ry. Nav\u00edc, pokud za\u0159\u00edzen\u00ed p\u0159estane produkovat p\u00e1ru \u00fapln\u011b, pravd\u011bpodobn\u011b to znamen\u00e1, \u017ee e-liquid byl zcela spot\u0159ebov\u00e1n. I kdy\u017e je dob\u00edjec\u00ed, je navr\u017een tak, aby byl po vypr\u00e1zdn\u011bn\u00ed nahrazen nov\u00fdm.<\/li>\n<li><strong>Jak dlouho trv\u00e1 nab\u00edjen\u00ed Bang 12000 Puff?<\/strong> Tento <strong>Bang 12000<\/strong> m\u00e1 <strong>550mAh baterii<\/strong> a obvykle trv\u00e1 p\u0159ibli\u017en\u011b <strong>1\u20132 hodiny k pln\u00e9mu nabit\u00ed<\/strong> p\u0159es sv\u016fj nab\u00edjec\u00ed port typu C. Tato funkce rychl\u00e9ho nab\u00edjen\u00ed zaji\u0161\u0165uje, \u017ee si sv\u00e9 vapov\u00e1n\u00ed m\u016f\u017eete rychle op\u011bt u\u017e\u00edvat.<\/li>\n<li><strong>Kolik nikotinu je v Bang Vape Tornado 12000?<\/strong> Tento <strong>Bang Vape Tornado 12000<\/strong> nab\u00edz\u00ed s\u00edlu nikotinu v <strong>2% (20 mg)<\/strong> a <strong>5% (50 mg)<\/strong>, co\u017e v\u00e1m umo\u017en\u00ed vybrat si \u00farove\u0148, kter\u00e1 nejl\u00e9pe vyhovuje va\u0161im preferenc\u00edm.<\/li>\n<li><strong>Kde koupit Bang Vapes za velkoobchodn\u00ed ceny?<\/strong> Bang Vapes, v\u010detn\u011b <strong>Bang Vape 12000 pot\u00e1hnut\u00ed, Bang 30k pot\u00e1hnut\u00ed <\/strong>a dal\u0161\u00edch popul\u00e1rn\u00edch model\u016f, m\u016f\u017eete zakoupit za velkoobchodn\u00ed ceny v <strong>rmvapesale<\/strong>. Tento d\u016fv\u011bryhodn\u00fd <strong>vape obchod<\/strong> nab\u00edz\u00ed \u0159adu <strong>Bang jednor\u00e1zov\u00fdch vaporiz\u00e9r\u016f<\/strong> jak pro maloobchodn\u00ed, tak pro velkoodb\u011bratele.<\/li>\n<li><strong>Mohu si vz\u00edt jednor\u00e1zovou vapovac\u00ed sadu do letadla?<\/strong> Ano, jednor\u00e1zov\u00fd vape si m\u016f\u017eete vz\u00edt na palubu letadla, ale m\u011bl by b\u00fdt ulo\u017een v p\u0159\u00edru\u010dn\u00edm zavazadle, dle p\u0159edpis\u016f leteck\u00e9 spole\u010dnosti pro elektronick\u00e1 za\u0159\u00edzen\u00ed. Nezapome\u0148te si to p\u0159edem ov\u011b\u0159it u sv\u00e9 leteck\u00e9 spole\u010dnosti a vyhnout se jeho pou\u017e\u00edv\u00e1n\u00ed b\u011bhem letu.<\/li>\n<\/ol>\n<\/div>\n<\/div>\n<\/div>\n<h3>O p\u0159eprav\u011b<\/h3>\n<div class=\"flex-shrink-0 flex flex-col relative items-end\">\n<div>\n<div class=\"pt-0\">\n<div class=\"gizmo-bot-avatar flex h-8 w-8 items-center justify-center overflow-hidden rounded-full\">\n<div><\/div>\n<div class=\"relative p-1 rounded-sm flex items-center justify-center bg-token-main-surface-primary text-token-text-primary h-8 w-8\"><strong>1. Jak\u00e9 jsou zp\u016fsoby dopravy?<\/strong><\/div>\n<\/div>\n<\/div>\n<\/div>\n<\/div>\n<div class=\"group\/conversation-turn relative flex w-full min-w-0 flex-col agent-turn\">\n<div class=\"flex-col gap-1 md:gap-3\">\n<div class=\"flex max-w-full flex-col flex-grow\">\n<div class=\"min-h-[20px] text-message flex w-full flex-col items-end gap-2 whitespace-normal break-words [.text-message+&amp;]:mt-5 overflow-x-auto\" dir=\"auto\" data-message-author-role=\"assistant\" data-message-id=\"22f8283b-3233-46ff-89a5-c7a41b33abda\">\n<div class=\"flex w-full flex-col gap-1 empty:hidden first:pt-[3px]\">\n<div class=\"markdown prose w-full break-words dark:prose-invert light\">\n<p>Spolupracujeme s UPS, DHL, FedEx, DPD a dal\u0161\u00edmi p\u0159edn\u00edmi p\u0159epravci. Vybereme nejlep\u0161\u00ed zp\u016fsob dopravy na z\u00e1klad\u011b va\u0161\u00ed doru\u010dovac\u00ed lokality, abychom zajistili, \u017ee sv\u00e9 produkty obdr\u017e\u00edte co nejrychleji.<\/p>\n<\/div>\n<p><strong>2. Jak dlouho trv\u00e1 doru\u010den\u00ed?<\/strong><\/p>\n<p>Bal\u00ed\u010dky odeslan\u00e9 do \u010cesk\u00e9 republiky obvykle doraz\u00ed do 10 pracovn\u00edch dn\u016f. P\u0159eprava do evropsk\u00fdch zem\u00ed obecn\u011b trv\u00e1 asi 12-15 pracovn\u00edch dn\u016f. O stavu va\u0161\u00ed z\u00e1silky v\u00e1s budeme pr\u016fb\u011b\u017en\u011b informovat.<\/p>\n<\/div>\n<\/div>\n<\/div>\n<\/div>\n<\/div>\n<p>&nbsp;<\/p>\n<p>Naj\u00edt v\u00edce produkt\u016f pro vaping, kter\u00e9 by se v\u00e1m mohly l\u00edbit:<strong><em><a href=\"https:\/\/rmvapesale.com\/cs\/shop-2\/\">nakupujte nyn\u00ed &gt;&gt;&gt;<\/a><\/em><\/strong><\/p>","protected":false},"excerpt":{"rendered":"<p>Origin\u00e1ln\u00ed Bang Vape 12000 pot\u00e1hnut\u00ed velkoobchodn\u00ed cena<br \/>\nBang 12000 pot\u00e1hnut\u00ed dob\u00edjec\u00ed vape hromadn\u00fd n\u00e1kup<br \/>\nKupte jednor\u00e1zov\u00fd vape Bang s 0%, 2%, 3%, 5% nikotinu<\/p>\n<p><img loading=\"lazy\" decoding=\"async\" class=\"size-full wp-image-2375\" src=\"https:\/\/rmvapesale.com\/wp-content\/uploads\/2024\/10\/image.png\" alt=\"Nejlep\u0161\u00ed jednor\u00e1zov\u00e1 e-cigareta\" width=\"229\" height=\"300\" \/><\/p>\n<h3><a href=\"https:\/\/wa.me\/8617776015835\"><span style=\"color: #ff0000\"><strong>WhatsApp: +86 17776015835<\/strong><\/span><\/a><\/h3>\n<p>&nbsp;<\/p>","protected":false},"featured_media":2633,"comment_status":"open","ping_status":"closed","template":"","meta":{"_uag_custom_page_level_css":"","_lmt_disableupdate":"no","_lmt_disable":"","site-sidebar-layout":"default","site-content-layout":"content-boxed-container","ast-site-content-layout":"normal-width-container","site-content-style":"boxed","site-sidebar-style":"unboxed","ast-global-header-display":"","ast-banner-title-visibility":"","ast-main-header-display":"","ast-hfb-above-header-display":"","ast-hfb-below-header-display":"","ast-hfb-mobile-header-display":"","site-post-title":"","ast-breadcrumbs-content":"","ast-featured-img":"","footer-sml-layout":"","theme-transparent-header-meta":"default","adv-header-id-meta":"","stick-header-meta":"","header-above-stick-meta":"","header-main-stick-meta":"","header-below-stick-meta":"","astra-migrate-meta-layouts":"set","ast-page-background-enabled":"default","ast-page-background-meta":{"desktop":{"background-color":"var(--ast-global-color-4)","background-image":"","background-repeat":"repeat","background-position":"center center","background-size":"auto","background-attachment":"scroll","background-type":"","background-media":"","overlay-type":"","overlay-color":"","overlay-opacity":"","overlay-gradient":""},"tablet":{"background-color":"","background-image":"","background-repeat":"repeat","background-position":"center center","background-size":"auto","background-attachment":"scroll","background-type":"","background-media":"","overlay-type":"","overlay-color":"","overlay-opacity":"","overlay-gradient":""},"mobile":{"background-color":"","background-image":"","background-repeat":"repeat","background-position":"center center","background-size":"auto","background-attachment":"scroll","background-type":"","background-media":"","overlay-type":"","overlay-color":"","overlay-opacity":"","overlay-gradient":""}},"ast-content-background-meta":{"desktop":{"background-color":"var(--ast-global-color-5)","background-image":"","background-repeat":"repeat","background-position":"center center","background-size":"auto","background-attachment":"scroll","background-type":"","background-media":"","overlay-type":"","overlay-color":"","overlay-opacity":"","overlay-gradient":""},"tablet":{"background-color":"var(--ast-global-color-5)","background-image":"","background-repeat":"repeat","background-position":"center center","background-size":"auto","background-attachment":"scroll","background-type":"","background-media":"","overlay-type":"","overlay-color":"","overlay-opacity":"","overlay-gradient":""},"mobile":{"background-color":"var(--ast-global-color-5)","background-image":"","background-repeat":"repeat","background-position":"center center","background-size":"auto","background-attachment":"scroll","background-type":"","background-media":"","overlay-type":"","overlay-color":"","overlay-opacity":"","overlay-gradient":""}},"_joinchat":[]},"product_brand":[],"product_cat":[15,25,123,26,28,135,27,60,137,136,30],"product_tag":[187,199,146,188,167,165,191,120],"class_list":{"0":"post-2628","1":"product","2":"type-product","3":"status-publish","4":"has-post-thumbnail","6":"product_cat-new-vape-this-week","7":"product_cat-germany-best-selling-vape","8":"product_cat-italy-wholesale-vape","9":"product_cat-netherlands-hot-sale-vape","10":"product_cat-poland-hot-sale-vape","11":"product_cat-spain-best-hot-sale-vape","12":"product_cat-fance-hot-sale-vape","13":"product_cat-bang-vapes","14":"product_cat-rechargeable-vapes","15":"product_cat-smart-screen-vapes","16":"product_cat-minimum-order-quantity-50pcs","17":"product_tag-bang-box-vape","18":"product_tag-bang-vape","19":"product_tag-best-hot-sale-vape","20":"product_tag-buy-vapes-online","21":"product_tag-disposable-vape-with-screen","22":"product_tag-rechargeable-vapes","23":"product_tag-vape-box","24":"product_tag-vape-wholesale","25":"desktop-align-left","26":"tablet-align-left","27":"mobile-align-left","29":"first","30":"instock","31":"sale","32":"shipping-taxable","33":"purchasable","34":"product-type-simple"},"uagb_featured_image_src":{"full":["https:\/\/rmvapesale.com\/wp-content\/uploads\/2024\/10\/Bang-Rechargeable-Vape-12000-Puff-Wholesale.jpg",600,634,false],"thumbnail":["https:\/\/rmvapesale.com\/wp-content\/uploads\/2024\/10\/Bang-Rechargeable-Vape-12000-Puff-Wholesale-150x150.jpg",150,150,true],"medium":["https:\/\/rmvapesale.com\/wp-content\/uploads\/2024\/10\/Bang-Rechargeable-Vape-12000-Puff-Wholesale-284x300.jpg",284,300,true],"medium_large":["https:\/\/rmvapesale.com\/wp-content\/uploads\/2024\/10\/Bang-Rechargeable-Vape-12000-Puff-Wholesale.jpg",600,634,false],"large":["https:\/\/rmvapesale.com\/wp-content\/uploads\/2024\/10\/Bang-Rechargeable-Vape-12000-Puff-Wholesale.jpg",600,634,false],"1536x1536":["https:\/\/rmvapesale.com\/wp-content\/uploads\/2024\/10\/Bang-Rechargeable-Vape-12000-Puff-Wholesale.jpg",600,634,false],"2048x2048":["https:\/\/rmvapesale.com\/wp-content\/uploads\/2024\/10\/Bang-Rechargeable-Vape-12000-Puff-Wholesale.jpg",600,634,false],"trp-custom-language-flag":["https:\/\/rmvapesale.com\/wp-content\/uploads\/2024\/10\/Bang-Rechargeable-Vape-12000-Puff-Wholesale.jpg",11,12,false],"woocommerce_thumbnail":["https:\/\/rmvapesale.com\/wp-content\/uploads\/2024\/10\/Bang-Rechargeable-Vape-12000-Puff-Wholesale-300x300.jpg",300,300,true],"woocommerce_single":["https:\/\/rmvapesale.com\/wp-content\/uploads\/2024\/10\/Bang-Rechargeable-Vape-12000-Puff-Wholesale.jpg",600,634,false],"woocommerce_gallery_thumbnail":["https:\/\/rmvapesale.com\/wp-content\/uploads\/2024\/10\/Bang-Rechargeable-Vape-12000-Puff-Wholesale-100x100.jpg",100,100,true],"wcpr-photo-reviews":["https:\/\/rmvapesale.com\/wp-content\/uploads\/2024\/10\/Bang-Rechargeable-Vape-12000-Puff-Wholesale.jpg",473,500,false]},"uagb_author_info":{"display_name":"AMY","author_link":"https:\/\/rmvapesale.com\/cs\/author\/"},"uagb_comment_info":0,"uagb_excerpt":"Original Bang Vape 12000 Puffs Wholesale Price Bang 12000 Puffs Rechargeable Vape Bulk Buy Buy Bang Disposable Vape 0% 2% 3% 5% Nicotine WhatsApp: +86 17776015835 &nbsp;","_links":{"self":[{"href":"https:\/\/rmvapesale.com\/cs\/wp-json\/wp\/v2\/product\/2628","targetHints":{"allow":["GET"]}}],"collection":[{"href":"https:\/\/rmvapesale.com\/cs\/wp-json\/wp\/v2\/product"}],"about":[{"href":"https:\/\/rmvapesale.com\/cs\/wp-json\/wp\/v2\/types\/product"}],"replies":[{"embeddable":true,"href":"https:\/\/rmvapesale.com\/cs\/wp-json\/wp\/v2\/comments?post=2628"}],"wp:featuredmedia":[{"embeddable":true,"href":"https:\/\/rmvapesale.com\/cs\/wp-json\/wp\/v2\/media\/2633"}],"wp:attachment":[{"href":"https:\/\/rmvapesale.com\/cs\/wp-json\/wp\/v2\/media?parent=2628"}],"wp:term":[{"taxonomy":"product_brand","embeddable":true,"href":"https:\/\/rmvapesale.com\/cs\/wp-json\/wp\/v2\/product_brand?post=2628"},{"taxonomy":"product_cat","embeddable":true,"href":"https:\/\/rmvapesale.com\/cs\/wp-json\/wp\/v2\/product_cat?post=2628"},{"taxonomy":"product_tag","embeddable":true,"href":"https:\/\/rmvapesale.com\/cs\/wp-json\/wp\/v2\/product_tag?post=2628"}],"curies":[{"name":"wp","href":"https:\/\/api.w.org\/{rel}","templated":true}]}}