{"id":2644,"date":"2024-11-01T03:33:21","date_gmt":"2024-11-01T03:33:21","guid":{"rendered":"https:\/\/rmvapesale.com\/?post_type=product&#038;p=2644"},"modified":"2024-11-01T07:28:51","modified_gmt":"2024-11-01T07:28:51","slug":"puff-vape-cold-mountain-alps-30000-shisha-hookah-bar-wholesale","status":"publish","type":"product","link":"https:\/\/rmvapesale.com\/cs\/product\/puff-vape-cold-mountain-alps-30000-shisha-hookah-bar-wholesale\/","title":{"rendered":"Puff Vape Cold Mountain ALPS 30000 Shisha Hookah Bar Velkoobchod"},"content":{"rendered":"<div class=\"B2VR9 CJHX3e\">\n<div class=\"wyccme\">\n<h1 class=\"LC20lb MBeuO DKV0Md\">Puff Vape Cold Mountain ALPS 30000 Shisha Hookah Bar Velkoobchodn\u00ed Cena<\/h1>\n<div class=\"flex-shrink-0 flex flex-col relative items-end\">\n<div class=\"pt-0\">\n<div class=\"gizmo-bot-avatar flex h-8 w-8 items-center justify-center overflow-hidden rounded-full\">\n<div class=\"relative p-1 rounded-sm flex items-center justify-center bg-token-main-surface-primary text-token-text-primary h-8 w-8\">\n<p>Tento <strong>Puff Vape Cold Mountain ALPS Shisha Hookah Bar\u00a0<\/strong>je pr\u00e9miov\u00e9 za\u0159\u00edzen\u00ed, kter\u00e9 poskytuje pozoruhodn\u00fd z\u00e1\u017eitek z vapingu, ide\u00e1ln\u00ed pro ty, kte\u0159\u00ed si cen\u00ed dlouhou \u017eivotnost a v\u00fdkon. S neuv\u011b\u0159iteln\u00fdm <strong>30 000 pot\u00e1hnut\u00ed<\/strong>, tento <strong>jednor\u00e1zov\u00e9 e-cigarety<\/strong> je postaven tak, aby vydr\u017eel a poskytoval trvalou spokojenost.<\/p>\n<p>Tento <strong>Cold Mountain ALPS<\/strong> je nejnov\u011bj\u0161\u00ed inovac\u00ed v oblasti jednor\u00e1zov\u00fdch e-cigaret, kter\u00e1 nab\u00edz\u00ed efektivn\u011bj\u0161\u00ed a ekonomi\u010dt\u011bj\u0161\u00ed \u0159e\u0161en\u00ed ve srovn\u00e1n\u00ed s jin\u00fdmi za\u0159\u00edzen\u00edmi, co\u017e v\u00e1m u\u0161et\u0159\u00ed <strong>10-20%<\/strong> p\u0159i celkov\u00e9m pou\u017e\u00edv\u00e1n\u00ed. Nav\u00edc integrovan\u00e1 <strong>LED obrazovka<\/strong> odstra\u0148uje dohady z vapingu a jasn\u011b zobrazuje stav baterie a e-liquidu v re\u00e1ln\u00e9m \u010dase. Vybaveno <strong>0,5ohmov\u00e1 mesh spir\u00e1lka<\/strong>, Cold Mountain ALPS <strong>vodn\u00ed d\u00fdmka shisha <\/strong>zvy\u0161uje chu\u0165 s ka\u017ed\u00fdm pota\u017een\u00edm a poskytuje hladkou a bohatou p\u00e1ru. Jeho p\u016fsobiv\u00e1 <strong>kapacita 35 ml e-liquidu<\/strong> sni\u017euje pot\u0159ebu \u010dast\u00e9 v\u00fdm\u011bny, ide\u00e1ln\u00ed pro del\u0161\u00ed pou\u017e\u00edv\u00e1n\u00ed. Vyberte si z n\u00edzk\u00fdch sil nikotinu<strong> 2%<\/strong>, p\u0159izp\u016fsoben\u00e9 va\u0161im osobn\u00edm preferenc\u00edm.<\/p>\n<p>Tato <strong>vodn\u00ed d\u00fdmka vape<\/strong> za\u0159\u00edzen\u00ed je vybaveno spolehlivou <strong>850mAh dob\u00edjec\u00ed bateri\u00ed<\/strong>, kter\u00e1 zaji\u0161\u0165uje vysok\u00fd v\u00fdkon po celou dobu \u017eivotnosti. Technologie <strong>nab\u00edjen\u00ed typu C<\/strong> poskytuje rychl\u00e9 a efektivn\u00ed dob\u00edjen\u00ed, minimalizuje prostoje a udr\u017euje va\u0161i vapku p\u0159ipravenou k pou\u017eit\u00ed. Pro v\u011bt\u0161\u00ed pohodl\u00ed je vape dod\u00e1v\u00e1n s propracovan\u00fdm <strong>LCD digit\u00e1ln\u00edm displejem<\/strong> , kter\u00fd zobrazuje zb\u00fdvaj\u00edc\u00ed \u017eivotnost baterie a hladinu e-liquidu, tak\u017ee je snadn\u00e9 b\u00fdt informov\u00e1n.<\/p>\n<p>Objevte luxusn\u00ed a pln\u011b nastaviteln\u00e9 <strong>shisha bar<\/strong> zku\u0161enosti s <strong>jednor\u00e1zovou vapkou Cold Mountain ALPS<\/strong>. Pozvedn\u011bte svou vapingovou hru s <strong>velkoobchodn\u00ed vapes<\/strong>, k dispozici pro hromadn\u00fd n\u00e1kup za konkuren\u010dn\u00ed cenu. Najdete to a dal\u0161\u00ed u sv\u00e9ho d\u016fv\u011bryhodn\u00e9ho <strong>puff vape<\/strong> dodavatele, kde se kvalita a v\u00fdkon snoub\u00ed s dostupnost\u00ed.<\/p>\n<\/div>\n<\/div>\n<\/div>\n<\/div>\n<\/div>\n<\/div>\n<p><strong>Kontaktujte Amy a z\u00edskejte spr\u00e1vnou odpov\u011b\u010f a kup\u00f3n na vape!<\/strong><\/p>\n<p><img loading=\"lazy\" decoding=\"async\" class=\"size-full wp-image-1978\" src=\"https:\/\/rmvapesale.com\/wp-content\/uploads\/2024\/09\/Disposable-Vape-Wholesale.jpg\" alt=\"Jednor\u00e1zov\u00e1 e-cigareta velkoobchod\" width=\"229\" height=\"300\" \/><\/p>\n<h3><a href=\"https:\/\/wa.me\/8617776015835\" target=\"_blank\" rel=\"noopener\"><span style=\"color: #ff0000\"><strong>WhatsApp: +86 17776015835<\/strong><\/span><\/a><\/h3>\n<p>&nbsp;<\/p>\n<h2><\/h2>\n<h2><strong>Puff Vape Cold Mountain ALPS 30000 <\/strong><strong>Kl\u00ed\u010dov\u00e9 vlastnosti<\/strong><\/h2>\n<p>Typ: Dob\u00edjec\u00ed Vape<br \/>\nE-juice: 35ml<br \/>\nMesh spir\u00e1lka: Velk\u00fd kou\u0159<br \/>\nPot\u00e1hnut\u00ed: 30000 pot\u00e1hnut\u00ed<br \/>\nOdpor: 0,5 \u03a9<br \/>\nNikotinov\u00e1 s\u016fl: 2%<br \/>\nSpodn\u00ed nab\u00edjen\u00ed typu C<br \/>\nObrazovka displeje<\/p>\n<figure id=\"attachment_2643\" aria-describedby=\"caption-attachment-2643\" style=\"width: 800px\" class=\"wp-caption alignnone\"><img loading=\"lazy\" decoding=\"async\" class=\"wp-image-2643 size-full\" src=\"https:\/\/rmvapesale.com\/wp-content\/uploads\/2024\/11\/Wholesale-COLD-MOUNTAIN-ALPS-30000-Disposable-Vape.jpg\" alt=\"Velkoobchodn\u00ed jednor\u00e1zov\u00e1 e-cigareta COLD MOUNTAIN ALPS 30000\" width=\"800\" height=\"800\" srcset=\"https:\/\/rmvapesale.com\/wp-content\/uploads\/2024\/11\/Wholesale-COLD-MOUNTAIN-ALPS-30000-Disposable-Vape.jpg 800w, https:\/\/rmvapesale.com\/wp-content\/uploads\/2024\/11\/Wholesale-COLD-MOUNTAIN-ALPS-30000-Disposable-Vape-300x300.jpg 300w, https:\/\/rmvapesale.com\/wp-content\/uploads\/2024\/11\/Wholesale-COLD-MOUNTAIN-ALPS-30000-Disposable-Vape-150x150.jpg 150w, https:\/\/rmvapesale.com\/wp-content\/uploads\/2024\/11\/Wholesale-COLD-MOUNTAIN-ALPS-30000-Disposable-Vape-768x768.jpg 768w, https:\/\/rmvapesale.com\/wp-content\/uploads\/2024\/11\/Wholesale-COLD-MOUNTAIN-ALPS-30000-Disposable-Vape-600x600.jpg 600w, https:\/\/rmvapesale.com\/wp-content\/uploads\/2024\/11\/Wholesale-COLD-MOUNTAIN-ALPS-30000-Disposable-Vape-100x100.jpg 100w\" sizes=\"auto, (max-width: 800px) 100vw, 800px\" \/><figcaption id=\"caption-attachment-2643\" class=\"wp-caption-text\">Velkoobchodn\u00ed jednor\u00e1zov\u00e1 e-cigareta COLD MOUNTAIN ALPS 30000<\/figcaption><\/figure>\n<h2><strong>Nejlep\u0161\u00ed p\u0159\u00edchu\u0165 pro <\/strong><strong>Puff Vape Cold Mountain ALPS 30000 pot\u00e1hnut\u00ed<\/strong><\/h2>\n<p>1. Dra\u010d\u00ed meloun<br \/>\n2. Jahodov\u00fd meloun\u00a0 <span style=\"color: #ff0000\"><strong>&gt;&gt;&gt;&gt; Hork\u00e9!<\/strong><\/span><br \/>\n3. R\u016f\u017eov\u00e1 limon\u00e1da<br \/>\n4. \u010cern\u00fd led Dra\u010d\u00ed ovoce Jahoda<br \/>\n5. Mu\u010denka Kiwi<br \/>\n6. Meloun<br \/>\n7. Jahodov\u00fd ban\u00e1n<br \/>\n8. Aloe Hrozny<br \/>\n9. Bor\u016fvkov\u00e1 t\u0159e\u0161\u0148ov\u00e1 cola <span style=\"color: #ff0000\"><strong>&gt;&gt;&gt;&gt; Nejlep\u0161\u00ed!<\/strong><\/span><br \/>\n10. Mango<\/p>\n<p>&nbsp;<\/p>\n<h3><strong>Pro\u010d si vybrat Rmvapesale pro <\/strong><strong>ALPY\u00a0<\/strong><strong>Dob\u00edjec\u00ed e-cigareta na 30000 pot\u00e1hnut\u00ed<\/strong><strong>?<\/strong><\/h3>\n<div class=\"flex-shrink-0 flex flex-col relative items-end\">\n<div class=\"pt-0\">\n<div class=\"gizmo-bot-avatar flex h-8 w-8 items-center justify-center overflow-hidden rounded-full\">\n<div class=\"relative p-1 rounded-sm flex items-center justify-center bg-token-main-surface-primary text-token-text-primary h-8 w-8\">\n<p>Kdy\u017e si vyberete Rmvapesale pro sv\u00e9 velkoobchodn\u00ed pot\u0159eby jednor\u00e1zov\u00fdch vap\u016f, z\u00edsk\u00e1te:<\/p>\n<ul>\n<li><strong>Konkuren\u010dn\u00ed cena<\/strong>: Z\u00edskejte p\u0159\u00edstup k atraktivn\u00edm velkoobchodn\u00edm cen\u00e1m, kter\u00e9 zv\u00fd\u0161\u00ed mar\u017ee va\u0161eho podnik\u00e1n\u00ed.<\/li>\n<li><strong>Vysok\u00e1 kvalita<\/strong>: Na\u0161e vapy jsou vyr\u00e1b\u011bny podle nejvy\u0161\u0161\u00edch standard\u016f a <span style=\"color: #ff0000\"><strong>zaru\u010den\u011b 100% origin\u00e1ln\u00ed a autentick\u00e9, nebo 10n\u00e1sobn\u00e1 kompenzace za pad\u011blky!<\/strong><\/span><\/li>\n<li><strong>Vynikaj\u00edc\u00ed z\u00e1kaznick\u00fd servis<\/strong>: N\u00e1\u0161 specializovan\u00fd t\u00fdm je v\u00e1m v\u017edy p\u0159ipraven pomoci a u\u010dinit tak v\u00e1\u0161 n\u00e1kupn\u00ed proces plynul\u00fdm a bezprobl\u00e9mov\u00fdm.<\/li>\n<li><strong>Rychl\u00e9 doru\u010den\u00ed<\/strong>: M\u016f\u017eete o\u010dek\u00e1vat rychlou a spolehlivou p\u0159epravu, kter\u00e1 zajist\u00ed, \u017ee va\u0161e objedn\u00e1vky doraz\u00ed v\u010das, poka\u017ed\u00e9.<\/li>\n<\/ul>\n<\/div>\n<h3><\/h3>\n<div class=\"relative p-1 rounded-sm flex items-center justify-center bg-token-main-surface-primary text-token-text-primary h-8 w-8\">\n<h3><b>Cold Mountain ALPS 30000 Shisha \u010casto kladen\u00e9 ot\u00e1zky\u00a0<\/b><\/h3>\n<\/div>\n<ol>\n<li><strong>Jak pozn\u00e1m, \u017ee je moje jednor\u00e1zov\u00e1 e-cigareta pr\u00e1zdn\u00e1?<\/strong>\n<ul>\n<li>Tento <strong>Cold Mountain ALPS 30000<\/strong> je vybaven <strong>LCD digit\u00e1ln\u00edm displejem<\/strong> kter\u00fd zobrazuje zb\u00fdvaj\u00edc\u00ed hladinu e-liquidu. Kdy\u017e obrazovka ukazuje, \u017ee je hladina e-liquidu n\u00edzk\u00e1, nebo zaznamen\u00e1te v\u00fdrazn\u00fd pokles produkce p\u00e1ry a intenzity chuti, je \u010das vym\u011bnit va\u0161i jednor\u00e1zovou vapovac\u00ed sadu.<\/li>\n<\/ul>\n<\/li>\n<li><strong>Jak dlouho trv\u00e1 nab\u00edjen\u00ed Puff Vape Cold Mountain ALPS 30000?<\/strong>\n<ul>\n<li>Tento <strong>Cold Mountain ALPS 30000<\/strong> nab\u00edz\u00ed <strong>Technologii nab\u00edjen\u00ed typu C<\/strong>, kter\u00e1 zaji\u0161\u0165uje rychl\u00e9 a efektivn\u00ed dobit\u00ed. V pr\u016fm\u011bru to trv\u00e1 asi <strong>1-2 hodiny<\/strong> k pln\u00e9mu nabit\u00ed za\u0159\u00edzen\u00ed, v z\u00e1vislosti na zdroji nap\u00e1jen\u00ed.<\/li>\n<\/ul>\n<\/li>\n<li><strong>Kolik nikotinu je v Cold Mountain ALPS 30000 Shisha?<\/strong>\n<ul>\n<li>Tento <strong>Cold Mountain ALPS 30000 Shisha<\/strong> nab\u00edz\u00ed r\u016fzn\u00e9 mo\u017enosti s\u00edly nikotinu <strong>2%.<\/strong><\/li>\n<\/ul>\n<\/li>\n<li><strong>Kde koupit Puff Vape za velkoobchodn\u00ed cenu?<\/strong>\n<ul>\n<li>M\u016f\u017eete zakoupit <strong>Puff Vape Cold Mountain ALPS 30000<\/strong> a dal\u0161\u00ed <strong>velkoobchodn\u00ed vapes<\/strong> od d\u016fv\u011bryhodn\u00fdch dodavatel\u016f, jako jsou <strong>rmvapesale<\/strong> nebo specializovan\u00e9 <strong>obchody s vapovac\u00edmi sadami<\/strong> kter\u00e9 nab\u00edzej\u00ed mo\u017enosti hromadn\u00e9ho n\u00e1kupu. Zkontrolujte jejich online platformy pro konkuren\u010dn\u00ed velkoobchodn\u00ed ceny.<\/li>\n<\/ul>\n<\/li>\n<li><strong>Mohu si vz\u00edt jednor\u00e1zovou vapovac\u00ed sadu do letadla?<\/strong>\n<ul>\n<li>Ano, m\u016f\u017eete si vz\u00edt <strong>jednor\u00e1zov\u00e9 e-cigarety<\/strong> do letadla, ale mus\u00ed b\u00fdt um\u00edst\u011bna ve va\u0161em <strong>p\u0159\u00edru\u010dn\u00edm zavazadle<\/strong>, nikoli v odbaven\u00e9m zavazadle, kv\u016fli bezpe\u010dnostn\u00edm p\u0159edpis\u016fm leteck\u00fdch spole\u010dnost\u00ed t\u00fdkaj\u00edc\u00edch se lithiov\u00fdch bateri\u00ed. Ujist\u011bte se, \u017ee je za\u0159\u00edzen\u00ed vypnut\u00e9, a dodr\u017eujte ve\u0161ker\u00e9 specifick\u00e9 pokyny stanoven\u00e9 leteckou spole\u010dnost\u00ed. P\u0159ed cestov\u00e1n\u00edm se v\u017edy informujte u sv\u00e9 leteck\u00e9 spole\u010dnosti.<\/li>\n<\/ul>\n<\/li>\n<\/ol>\n<\/div>\n<\/div>\n<\/div>\n<h3>O p\u0159eprav\u011b<\/h3>\n<div class=\"flex-shrink-0 flex flex-col relative items-end\">\n<div>\n<div class=\"pt-0\">\n<div class=\"gizmo-bot-avatar flex h-8 w-8 items-center justify-center overflow-hidden rounded-full\">\n<div><\/div>\n<div class=\"relative p-1 rounded-sm flex items-center justify-center bg-token-main-surface-primary text-token-text-primary h-8 w-8\"><strong>1. Jak\u00e9 zp\u016fsoby dopravy se pou\u017e\u00edvaj\u00ed?<\/strong><\/div>\n<\/div>\n<\/div>\n<\/div>\n<\/div>\n<div class=\"group\/conversation-turn relative flex w-full min-w-0 flex-col agent-turn\">\n<div class=\"flex-col gap-1 md:gap-3\">\n<div class=\"flex max-w-full flex-col flex-grow\">\n<div class=\"min-h-[20px] text-message flex w-full flex-col items-end gap-2 whitespace-normal break-words [.text-message+&amp;]:mt-5 overflow-x-auto\" dir=\"auto\" data-message-author-role=\"assistant\" data-message-id=\"22f8283b-3233-46ff-89a5-c7a41b33abda\">\n<div class=\"flex w-full flex-col gap-1 empty:hidden first:pt-[3px]\">\n<div class=\"markdown prose w-full break-words dark:prose-invert light\">\n<p>Spolupracujeme s UPS, DHL, FedEx, DPD a dal\u0161\u00edmi p\u0159edn\u00edmi p\u0159epravci. Vybereme nejlep\u0161\u00ed zp\u016fsob dopravy na z\u00e1klad\u011b va\u0161\u00ed doru\u010dovac\u00ed lokality, abychom zajistili, \u017ee sv\u00e9 produkty obdr\u017e\u00edte co nejrychleji.<\/p>\n<\/div>\n<p><strong>2. Jak dlouho trv\u00e1 doru\u010den\u00ed?<\/strong><\/p>\n<p>Bal\u00ed\u010dky odeslan\u00e9 do \u010cesk\u00e9 republiky obvykle doraz\u00ed do 10 pracovn\u00edch dn\u016f. P\u0159eprava do evropsk\u00fdch zem\u00ed obecn\u011b trv\u00e1 asi 12-15 pracovn\u00edch dn\u016f. O stavu va\u0161\u00ed z\u00e1silky v\u00e1s budeme pr\u016fb\u011b\u017en\u011b informovat.<\/p>\n<\/div>\n<\/div>\n<\/div>\n<\/div>\n<\/div>\n<p>&nbsp;<\/p>\n<p>Dal\u0161\u00ed obl\u00edben\u00e9 jednor\u00e1zov\u00e9 e-cigarety, kter\u00e9 by se v\u00e1m mohly l\u00edbit:<\/p>\n<p><a href=\"https:\/\/rmvapesale.com\/cs\/product\/full-screen-disposable-vape-hzko-supernova-30000-puffs-wholesale\/\"><strong>HZKO Supernova 25000 Puff\u00a0 \u00a0<span style=\"color: #ff0000\">&gt;&gt;&gt;&gt; j\u00edt!<\/span><\/strong><\/a><\/p>\n<p><strong><a href=\"https:\/\/rmvapesale.com\/cs\/product\/poco-sl15000-disposable-vape-5-nicotine-smart-vape\/\">POCO SL15000 Jednor\u00e1zov\u00e1 Vape <span style=\"color: #ff0000\">&gt;&gt;&gt;&gt; j\u00edt!<\/span><\/a>\u00a0<\/strong><\/p>\n<p><a href=\"https:\/\/rmvapesale.com\/cs\/product\/original-randm-vape-digital-puff-12000-fumot-factory-price\/\"><strong>Fumot Vape 12000 Vdech\u016f <span style=\"color: #ff0000\">&gt;&gt;&gt;&gt; j\u00edt!<\/span><\/strong><\/a><\/p>\n<p>&nbsp;<\/p>\n<p>&nbsp;<\/p>\n<p>Naj\u00edt v\u00edce produkt\u016f pro vaping, kter\u00e9 by se v\u00e1m mohly l\u00edbit:<strong><em><a href=\"https:\/\/rmvapesale.com\/cs\/shop-2\/\">nakupujte nyn\u00ed &gt;&gt;&gt;<\/a><\/em><\/strong><\/p>","protected":false},"excerpt":{"rendered":"<p>Cold Mountain Alps Jednor\u00e1zov\u00e1 Vape S 30K Pot\u00e1hnut\u00edmi<br \/>\nPod Cold Mountain Alps 30000 Pot\u00e1hnut\u00ed EU Sklad<br \/>\nVelkoobchod COLD MOUNTAIN ALPS 30000 Pot\u00e1hnut\u00ed Jednor\u00e1zov\u00e9<br \/>\n<span style=\"color: #ff0000\">(Odesl\u00e1n\u00ed ze skladu EU a trv\u00e1 p\u0159ibli\u017en\u011b 3-7 dn\u00ed, ne\u017e doraz\u00ed do v\u011bt\u0161iny evropsk\u00fdch zem\u00ed, jako je Nizozemsko, Francie, It\u00e1lie, \u0160pan\u011blsko, \u0160v\u00fdcarsko, \u0160v\u00e9dsko, Polsko atd.)<\/span><\/p>\n<p><img loading=\"lazy\" decoding=\"async\" class=\"size-full wp-image-2375\" src=\"https:\/\/rmvapesale.com\/wp-content\/uploads\/2024\/10\/image.png\" alt=\"Nejlep\u0161\u00ed jednor\u00e1zov\u00e1 e-cigareta\" width=\"229\" height=\"300\" \/><\/p>\n<h3><a href=\"https:\/\/wa.me\/8617776015835\"><span style=\"color: #ff0000\"><strong>WhatsApp: +86 17776015835<\/strong><\/span><\/a><\/h3>\n<p>&nbsp;<\/p>","protected":false},"featured_media":2641,"comment_status":"open","ping_status":"closed","template":"","meta":{"_uag_custom_page_level_css":"","_lmt_disableupdate":"no","_lmt_disable":"","site-sidebar-layout":"default","site-content-layout":"content-boxed-container","ast-site-content-layout":"normal-width-container","site-content-style":"boxed","site-sidebar-style":"unboxed","ast-global-header-display":"","ast-banner-title-visibility":"","ast-main-header-display":"","ast-hfb-above-header-display":"","ast-hfb-below-header-display":"","ast-hfb-mobile-header-display":"","site-post-title":"","ast-breadcrumbs-content":"","ast-featured-img":"","footer-sml-layout":"","ast-disable-related-posts":"","theme-transparent-header-meta":"default","adv-header-id-meta":"","stick-header-meta":"","header-above-stick-meta":"","header-main-stick-meta":"","header-below-stick-meta":"","astra-migrate-meta-layouts":"set","ast-page-background-enabled":"default","ast-page-background-meta":{"desktop":{"background-color":"var(--ast-global-color-4)","background-image":"","background-repeat":"repeat","background-position":"center center","background-size":"auto","background-attachment":"scroll","background-type":"","background-media":"","overlay-type":"","overlay-color":"","overlay-opacity":"","overlay-gradient":""},"tablet":{"background-color":"","background-image":"","background-repeat":"repeat","background-position":"center center","background-size":"auto","background-attachment":"scroll","background-type":"","background-media":"","overlay-type":"","overlay-color":"","overlay-opacity":"","overlay-gradient":""},"mobile":{"background-color":"","background-image":"","background-repeat":"repeat","background-position":"center center","background-size":"auto","background-attachment":"scroll","background-type":"","background-media":"","overlay-type":"","overlay-color":"","overlay-opacity":"","overlay-gradient":""}},"ast-content-background-meta":{"desktop":{"background-color":"var(--ast-global-color-5)","background-image":"","background-repeat":"repeat","background-position":"center center","background-size":"auto","background-attachment":"scroll","background-type":"","background-media":"","overlay-type":"","overlay-color":"","overlay-opacity":"","overlay-gradient":""},"tablet":{"background-color":"var(--ast-global-color-5)","background-image":"","background-repeat":"repeat","background-position":"center center","background-size":"auto","background-attachment":"scroll","background-type":"","background-media":"","overlay-type":"","overlay-color":"","overlay-opacity":"","overlay-gradient":""},"mobile":{"background-color":"var(--ast-global-color-5)","background-image":"","background-repeat":"repeat","background-position":"center center","background-size":"auto","background-attachment":"scroll","background-type":"","background-media":"","overlay-type":"","overlay-color":"","overlay-opacity":"","overlay-gradient":""}},"_joinchat":[]},"product_brand":[],"product_cat":[15,27,25,195,123,30,26,28,137,136,135],"product_tag":[146,188,167,197,165,180,154,191,196,120],"class_list":{"0":"post-2644","1":"product","2":"type-product","3":"status-publish","4":"has-post-thumbnail","6":"product_cat-new-vape-this-week","7":"product_cat-fance-hot-sale-vape","8":"product_cat-germany-best-selling-vape","9":"product_cat-germany-warehouse","10":"product_cat-italy-wholesale-vape","11":"product_cat-minimum-order-quantity-50pcs","12":"product_cat-netherlands-hot-sale-vape","13":"product_cat-poland-hot-sale-vape","14":"product_cat-rechargeable-vapes","15":"product_cat-smart-screen-vapes","16":"product_cat-spain-best-hot-sale-vape","17":"product_tag-best-hot-sale-vape","18":"product_tag-buy-vapes-online","19":"product_tag-disposable-vape-with-screen","20":"product_tag-germany-hot-sale-vape","21":"product_tag-rechargeable-vapes","22":"product_tag-shisha-bar","23":"product_tag-smart-vape","24":"product_tag-vape-box","25":"product_tag-vape-shop","26":"product_tag-vape-wholesale","27":"desktop-align-left","28":"tablet-align-left","29":"mobile-align-left","31":"first","32":"instock","33":"sale","34":"shipping-taxable","35":"purchasable","36":"product-type-simple"},"uagb_featured_image_src":{"full":["https:\/\/rmvapesale.com\/wp-content\/uploads\/2024\/11\/Cold-Mountain-ALPS-Shisha-Hookah.jpg",800,800,false],"thumbnail":["https:\/\/rmvapesale.com\/wp-content\/uploads\/2024\/11\/Cold-Mountain-ALPS-Shisha-Hookah-150x150.jpg",150,150,true],"medium":["https:\/\/rmvapesale.com\/wp-content\/uploads\/2024\/11\/Cold-Mountain-ALPS-Shisha-Hookah-300x300.jpg",300,300,true],"medium_large":["https:\/\/rmvapesale.com\/wp-content\/uploads\/2024\/11\/Cold-Mountain-ALPS-Shisha-Hookah-768x768.jpg",768,768,true],"large":["https:\/\/rmvapesale.com\/wp-content\/uploads\/2024\/11\/Cold-Mountain-ALPS-Shisha-Hookah.jpg",800,800,false],"1536x1536":["https:\/\/rmvapesale.com\/wp-content\/uploads\/2024\/11\/Cold-Mountain-ALPS-Shisha-Hookah.jpg",800,800,false],"2048x2048":["https:\/\/rmvapesale.com\/wp-content\/uploads\/2024\/11\/Cold-Mountain-ALPS-Shisha-Hookah.jpg",800,800,false],"trp-custom-language-flag":["https:\/\/rmvapesale.com\/wp-content\/uploads\/2024\/11\/Cold-Mountain-ALPS-Shisha-Hookah.jpg",12,12,false],"woocommerce_thumbnail":["https:\/\/rmvapesale.com\/wp-content\/uploads\/2024\/11\/Cold-Mountain-ALPS-Shisha-Hookah-300x300.jpg",300,300,true],"woocommerce_single":["https:\/\/rmvapesale.com\/wp-content\/uploads\/2024\/11\/Cold-Mountain-ALPS-Shisha-Hookah-600x600.jpg",600,600,true],"woocommerce_gallery_thumbnail":["https:\/\/rmvapesale.com\/wp-content\/uploads\/2024\/11\/Cold-Mountain-ALPS-Shisha-Hookah-100x100.jpg",100,100,true],"wcpr-photo-reviews":["https:\/\/rmvapesale.com\/wp-content\/uploads\/2024\/11\/Cold-Mountain-ALPS-Shisha-Hookah.jpg",500,500,false]},"uagb_author_info":{"display_name":"AMY","author_link":"https:\/\/rmvapesale.com\/cs\/author\/"},"uagb_comment_info":0,"uagb_excerpt":"Cold Mountain Alps Disposable Vape With 30K Puffs Pod Cold Mountain Alps 30000 Puff EU Warehouse Wholesale COLD MOUNTAIN ALPS 30000 Puffs Disposable (Ship from EU warehouse and takes about 3-7 days\u00a0 to get arrive to most Europe countries like Netherlands, France, Italy, Spain, Switzerland, Sweden, Poland, etc. ) WhatsApp: +86 17776015835 &nbsp;","_links":{"self":[{"href":"https:\/\/rmvapesale.com\/cs\/wp-json\/wp\/v2\/product\/2644","targetHints":{"allow":["GET"]}}],"collection":[{"href":"https:\/\/rmvapesale.com\/cs\/wp-json\/wp\/v2\/product"}],"about":[{"href":"https:\/\/rmvapesale.com\/cs\/wp-json\/wp\/v2\/types\/product"}],"replies":[{"embeddable":true,"href":"https:\/\/rmvapesale.com\/cs\/wp-json\/wp\/v2\/comments?post=2644"}],"wp:featuredmedia":[{"embeddable":true,"href":"https:\/\/rmvapesale.com\/cs\/wp-json\/wp\/v2\/media\/2641"}],"wp:attachment":[{"href":"https:\/\/rmvapesale.com\/cs\/wp-json\/wp\/v2\/media?parent=2644"}],"wp:term":[{"taxonomy":"product_brand","embeddable":true,"href":"https:\/\/rmvapesale.com\/cs\/wp-json\/wp\/v2\/product_brand?post=2644"},{"taxonomy":"product_cat","embeddable":true,"href":"https:\/\/rmvapesale.com\/cs\/wp-json\/wp\/v2\/product_cat?post=2644"},{"taxonomy":"product_tag","embeddable":true,"href":"https:\/\/rmvapesale.com\/cs\/wp-json\/wp\/v2\/product_tag?post=2644"}],"curies":[{"name":"wp","href":"https:\/\/api.w.org\/{rel}","templated":true}]}}