{"id":2652,"date":"2024-11-02T03:22:36","date_gmt":"2024-11-02T03:22:36","guid":{"rendered":"https:\/\/rmvapesale.com\/?post_type=product&#038;p=2652"},"modified":"2024-11-02T03:56:47","modified_gmt":"2024-11-02T03:56:47","slug":"vape-wholesale-lavande-bm-18000-puffs-shisha-hookah-bar","status":"publish","type":"product","link":"https:\/\/rmvapesale.com\/cs\/product\/vape-wholesale-lavande-bm-18000-puffs-shisha-hookah-bar\/","title":{"rendered":"Velkoobchodn\u00ed vape Lavande BM 18000 Puffs Shisha Hookah Bar"},"content":{"rendered":"<div class=\"B2VR9 CJHX3e\">\n<div class=\"wyccme\">\n<h1 class=\"LC20lb MBeuO DKV0Md\">Velkoobchodn\u00ed vape Lavande BM 18000 Puffs Shisha Hookah Bar<\/h1>\n<div class=\"flex-shrink-0 flex flex-col relative items-end\">\n<div class=\"pt-0\">\n<div class=\"gizmo-bot-avatar flex h-8 w-8 items-center justify-center overflow-hidden rounded-full\">\n<div class=\"relative p-1 rounded-sm flex items-center justify-center bg-token-main-surface-primary text-token-text-primary h-8 w-8\">\n<p>Pro ty, kte\u0159\u00ed hledaj\u00ed\u00a0 <strong>dob\u00edjec\u00ed velkoobchod s vaporiz\u00e9ry<\/strong> kter\u00fd nesni\u017euje v\u00fdkon, Lavande BM18000 <strong>Shisha Hookah Bar<\/strong> je vynikaj\u00edc\u00ed volbou. Kombinace vysokokapacitn\u00ed baterie a rychl\u00e9ho nab\u00edjen\u00ed Type-C zaji\u0161\u0165uje, \u017ee va\u0161e za\u0159\u00edzen\u00ed je v\u017edy p\u0159ipraveno, kdy\u017e ho pot\u0159ebujete. The <strong>P\u0159\u00edkazy pro nastaven\u00ed ovl\u00e1dac\u00edho displeje<\/strong> nab\u00edzej\u00ed p\u0159izp\u016fsoben\u00fd z\u00e1\u017eitek, umo\u017e\u0148uj\u00edc\u00ed vap\u00e9r\u016fm p\u0159ep\u00ednat mezi re\u017eimy podle jejich preference, a\u0165 u\u017e je to jemn\u00fd, konzistentn\u00ed tah nebo zv\u00fd\u0161en\u00fd, intenzivn\u00ed z\u00e1b\u011br v re\u017eimu Boost.<\/p>\n<h3>Velkoobchodn\u00ed p\u0159\u00edle\u017eitosti<\/h3>\n<p>Vyu\u017eijte <strong>velkoobchod s vapov\u00e1n\u00edm<\/strong> cen a pozvedn\u011bte sv\u016fj invent\u00e1\u0159 s jedn\u00edm z <strong>nejlep\u0161\u00edch jednor\u00e1zov\u00fdch vape z roku 2024<\/strong>. Jako jedna z nejlep\u0161\u00edch mo\u017enost\u00ed mezi <strong>zna\u010dkami jednor\u00e1zov\u00fdch vape<\/strong>, je toto za\u0159\u00edzen\u00ed chytrou investic\u00ed pro prodejce, kte\u0159\u00ed cht\u011bj\u00ed uspokojit rostouc\u00ed popt\u00e1vku po <strong>cURL Too many subrequests.<\/strong>. Velkoobjemov\u00e9 objedn\u00e1vky jsou k dispozici pro <strong>velkoobchodn\u00ed vapes<\/strong>, co\u017e zaji\u0161\u0165uje dostupnost a vynikaj\u00edc\u00ed ziskov\u00e9 mar\u017ee pro v\u00e1\u0161 podnik.<\/p>\n<h3>Ide\u00e1ln\u00ed pro nad\u0161ence vapov\u00e1n\u00ed<\/h3>\n<p>A\u0165 u\u017e jste nad\u0161enec vapov\u00e1n\u00ed nebo prodejce, kter\u00fd hled\u00e1 <strong>velkoobchod s jednor\u00e1zov\u00fdmi vodn\u00edmi d\u00fdmkami<\/strong>, Lavande BM 18000 nab\u00edz\u00ed komplexn\u00ed a p\u0159\u00edjemn\u00fd z\u00e1\u017eitek, zd\u016fraz\u0148uje pohodl\u00ed, v\u00fdkon a u\u017eivatelsky p\u0159\u00edv\u011btiv\u00e9 funkce.<\/p>\n<p>Objednejte nyn\u00ed a za\u017eijte budoucnost jednor\u00e1zov\u00fdch, <strong>dob\u00edjec\u00ed vapes<\/strong> s nejmodern\u011bj\u0161\u00ed technologi\u00ed displeje a nep\u0159ekonatelnou kapacitou n\u00e1pln\u011b.<\/p>\n<\/div>\n<\/div>\n<\/div>\n<\/div>\n<\/div>\n<\/div>\n<p><strong>Kontaktujte Amy a z\u00edskejte spr\u00e1vnou odpov\u011b\u010f a kup\u00f3n na vape!<\/strong><\/p>\n<p><img loading=\"lazy\" decoding=\"async\" class=\"size-full wp-image-1978\" src=\"https:\/\/rmvapesale.com\/wp-content\/uploads\/2024\/09\/Disposable-Vape-Wholesale.jpg\" alt=\"Jednor\u00e1zov\u00e1 e-cigareta velkoobchod\" width=\"229\" height=\"300\" \/><\/p>\n<h3><a href=\"https:\/\/wa.me\/8617776015835\" target=\"_blank\" rel=\"noopener\"><span style=\"color: #ff0000\"><strong>WhatsApp: +86 17776015835<\/strong><\/span><\/a><\/h3>\n<p>&nbsp;<\/p>\n<h2><\/h2>\n<h2><strong>Velkoobchod <\/strong><strong>Vape Lavande BM 18000 Puffs <\/strong><strong>Kl\u00ed\u010dov\u00e9 vlastnosti<\/strong><\/h2>\n<p>P\u0159ednapln\u011bn\u00e1 kapacita: 24mBaterie<br \/>\nKapacita: 650mah<br \/>\nMaxim\u00e1ln\u00ed po\u010det pota\u017een\u00ed: 18000<br \/>\nProvoz: Aktivace tahem<br \/>\nTepeln\u00fd prvek: 6x s\u00ed\u0165ov\u00e9 c\u00edvky<br \/>\nDisplej: 3,0\u2033 Full HD Mega displej<br \/>\nTyp nab\u00edjen\u00ed: usB Type-C<br \/>\nRe\u017eimy: Norm\u00e1ln\u00ed re\u017eim, Boost re\u017eim<br \/>\nP\u0159\u00edkazy pro nastaven\u00ed ovl\u00e1dac\u00edho displeje<\/p>\n<figure id=\"attachment_2645\" aria-describedby=\"caption-attachment-2645\" style=\"width: 800px\" class=\"wp-caption alignnone\"><img loading=\"lazy\" decoding=\"async\" class=\"wp-image-2645 size-full\" src=\"https:\/\/rmvapesale.com\/wp-content\/uploads\/2024\/11\/Lavande-BM18000-Hookah-Shisha-Vape.jpg\" alt=\"Lavande BM18000 Hookah Shisha Vape\" width=\"800\" height=\"800\" srcset=\"https:\/\/rmvapesale.com\/wp-content\/uploads\/2024\/11\/Lavande-BM18000-Hookah-Shisha-Vape.jpg 800w, https:\/\/rmvapesale.com\/wp-content\/uploads\/2024\/11\/Lavande-BM18000-Hookah-Shisha-Vape-300x300.jpg 300w, https:\/\/rmvapesale.com\/wp-content\/uploads\/2024\/11\/Lavande-BM18000-Hookah-Shisha-Vape-150x150.jpg 150w, https:\/\/rmvapesale.com\/wp-content\/uploads\/2024\/11\/Lavande-BM18000-Hookah-Shisha-Vape-768x768.jpg 768w, https:\/\/rmvapesale.com\/wp-content\/uploads\/2024\/11\/Lavande-BM18000-Hookah-Shisha-Vape-600x600.jpg 600w, https:\/\/rmvapesale.com\/wp-content\/uploads\/2024\/11\/Lavande-BM18000-Hookah-Shisha-Vape-100x100.jpg 100w\" sizes=\"auto, (max-width: 800px) 100vw, 800px\" \/><figcaption id=\"caption-attachment-2645\" class=\"wp-caption-text\">Lavande BM18000 Hookah Shisha Vape<\/figcaption><\/figure>\n<h2><strong>Nejlep\u0161\u00ed p\u0159\u00edchu\u0165 pro Lavande BM 18000 Puffs Shisha Hookah Vape Velkoobchod<\/strong><\/h2>\n<p>1. Meloun Ryb\u00edz <span style=\"color: #ff0000\"><strong>&gt;&gt;&gt;&gt; Hork\u00e9!<\/strong><\/span><br \/>\n2. Melounov\u00e1 ledov\u00e1<br \/>\n3. Duha Skittz<br \/>\n4. Ananas Ice<br \/>\n5. Jahoda Ice<br \/>\n6. Broskev Ice<br \/>\n7. Pan Blue <span style=\"color: #ff0000\"><strong>&gt;&gt;&gt;&gt; Hork\u00e9!<\/strong><\/span><br \/>\n8. Mango Zmrzlina<br \/>\n9. Mango Drakensbergov\u00e9 Ovoce<br \/>\n10. L\u00e1ska 66 <span style=\"color: #ff0000\"><strong>&gt;&gt;&gt;&gt; Hork\u00e9!<\/strong><\/span><br \/>\n11. Citr\u00f3n M\u00e1ta<br \/>\n12. Hroznov\u00e1 M\u00e1ta<br \/>\n13. Dvojit\u00e1 Hroznov\u00e1 <span style=\"color: #ff0000\"><strong>&gt;&gt;&gt;&gt; Nejlep\u0161\u00ed!<\/strong><\/span><br \/>\n14. Dvojit\u00e9 Jablko<br \/>\n15. \u017dv\u00fdkac\u00ed Vodn\u00ed Meloun<br \/>\n16. Bobulov\u00e1 M\u00e1ta<br \/>\n17. \u010cern\u00fd ryb\u00edz Zmrzlina<br \/>\n18. Blue Berry Ice<br \/>\n19. Blueberry Mint<br \/>\n20. Chewy Mint<\/p>\n<h3><strong>Pro\u010d si vybrat Rmvapesale pro velkoobchod s vaporiz\u00e9ry<\/strong><strong>?<\/strong><\/h3>\n<div class=\"flex-shrink-0 flex flex-col relative items-end\">\n<div class=\"pt-0\">\n<div class=\"gizmo-bot-avatar flex h-8 w-8 items-center justify-center overflow-hidden rounded-full\">\n<div class=\"relative p-1 rounded-sm flex items-center justify-center bg-token-main-surface-primary text-token-text-primary h-8 w-8\">\n<p>Kdy\u017e si vyberete Rmvapesale pro sv\u00e9 velkoobchodn\u00ed pot\u0159eby jednor\u00e1zov\u00fdch vap\u016f, z\u00edsk\u00e1te:<\/p>\n<ul>\n<li><strong>Konkuren\u010dn\u00ed cena<\/strong>: Z\u00edskejte p\u0159\u00edstup k atraktivn\u00edm velkoobchodn\u00edm cen\u00e1m, kter\u00e9 zv\u00fd\u0161\u00ed mar\u017ee va\u0161eho podnik\u00e1n\u00ed.<\/li>\n<li><strong>Vysok\u00e1 kvalita<\/strong>: Na\u0161e vapy jsou vyr\u00e1b\u011bny podle nejvy\u0161\u0161\u00edch standard\u016f a <span style=\"color: #ff0000\"><strong>zaru\u010den\u011b 100% origin\u00e1ln\u00ed a autentick\u00e9, nebo 10n\u00e1sobn\u00e1 kompenzace za pad\u011blky!<\/strong><\/span><\/li>\n<li><strong>Vynikaj\u00edc\u00ed z\u00e1kaznick\u00fd servis<\/strong>: N\u00e1\u0161 specializovan\u00fd t\u00fdm je v\u00e1m v\u017edy p\u0159ipraven pomoci a u\u010dinit tak v\u00e1\u0161 n\u00e1kupn\u00ed proces plynul\u00fdm a bezprobl\u00e9mov\u00fdm.<\/li>\n<li><strong>Rychl\u00e9 doru\u010den\u00ed<\/strong>: M\u016f\u017eete o\u010dek\u00e1vat rychlou a spolehlivou p\u0159epravu, kter\u00e1 zajist\u00ed, \u017ee va\u0161e objedn\u00e1vky doraz\u00ed v\u010das, poka\u017ed\u00e9.<\/li>\n<\/ul>\n<\/div>\n<h3><\/h3>\n<div class=\"relative p-1 rounded-sm flex items-center justify-center bg-token-main-surface-primary text-token-text-primary h-8 w-8\">\n<h3><b>Jednor\u00e1zov\u00e9 vodn\u00ed d\u00fdmky Velkoobchod Vaporiz\u00e9ry Lavande BM18000 \u010casto kladen\u00e9 ot\u00e1zky\u00a0<\/b><\/h3>\n<\/div>\n<h3><\/h3>\n<ol>\n<li><strong>Kolik pot\u00e1hnut\u00ed je v jednor\u00e1zov\u00e9 shishe Lavande BM18000?<\/strong><br \/>\nLavande BM18000 poskytuje a\u017e 18 000 pot\u00e1hnut\u00ed, co\u017e zaji\u0161\u0165uje dlouhotrvaj\u00edc\u00ed pou\u017e\u00edv\u00e1n\u00ed bez nutnosti \u010dast\u00e9 v\u00fdm\u011bny.<\/li>\n<li><strong>Jak\u00e1 je s\u00edla nikotinu u shishe Lavande BM18000?<\/strong><br \/>\nLavande BM18000 je dostupn\u00e1 v r\u016fzn\u00fdch sil\u00e1ch nikotinu, aby vyhovovala r\u016fzn\u00fdm preferenc\u00edm. Konkr\u00e9tn\u00ed \u00farovn\u011b nikotinu se v\u0161ak mohou li\u0161it v z\u00e1vislosti na p\u0159\u00edchuti a \u0161ar\u017ei. Doporu\u010duje se zkontrolovat obal nebo popis produktu pro p\u0159esn\u00e9 \u00fadaje.<\/li>\n<li><strong>Jak pozn\u00e1m, \u017ee je moje jednor\u00e1zov\u00e1 vape Lavande BM18000 n\u00edzk\u00e1 na baterii?<\/strong><br \/>\nLavande BM18000 m\u00e1 3,0\u2033 Full HD Mega displej, kter\u00fd jasn\u011b ukazuje stav baterie. Pokud ikona baterie na displeji ukazuje n\u00edzk\u00e9 \u00farovn\u011b nebo za\u0159\u00edzen\u00ed ji\u017e nevytv\u00e1\u0159\u00ed efektivn\u011b p\u00e1ru, je \u010das jej dob\u00edt pomoc\u00ed USB Type-C nab\u00edje\u010dky.<\/li>\n<li><strong>Kde mohu koupit velkoobchodn\u00ed ceny na vaporiz\u00e9ry?<\/strong><br \/>\nM\u016f\u017eete zakoupit Lavande BM18000 a dal\u0161\u00ed jednor\u00e1zov\u00e9 vaporiz\u00e9ry za velkoobchodn\u00ed ceny od spolehliv\u00fdch dodavatel\u016f, kte\u0159\u00ed se specializuj\u00ed na <strong>velkoobchod s vapov\u00e1n\u00edm<\/strong>. Hledejte d\u016fv\u011bryhodn\u00e9 online platformy nebo kontaktujte distributory nab\u00edzej\u00edc\u00ed <strong>velkoobchodn\u00ed vapes<\/strong> konkurenceschopn\u00e9 velkoobchodn\u00ed ceny a zaji\u0161t\u011bn\u00ed kvality produktu.<\/li>\n<\/ol>\n<\/div>\n<\/div>\n<\/div>\n<h3>O p\u0159eprav\u011b<\/h3>\n<div class=\"flex-shrink-0 flex flex-col relative items-end\">\n<div>\n<div class=\"pt-0\">\n<div class=\"gizmo-bot-avatar flex h-8 w-8 items-center justify-center overflow-hidden rounded-full\">\n<div><\/div>\n<div class=\"relative p-1 rounded-sm flex items-center justify-center bg-token-main-surface-primary text-token-text-primary h-8 w-8\"><strong>1. Jak\u00e9 zp\u016fsoby dopravy se pou\u017e\u00edvaj\u00ed?<\/strong><\/div>\n<\/div>\n<\/div>\n<\/div>\n<\/div>\n<div class=\"group\/conversation-turn relative flex w-full min-w-0 flex-col agent-turn\">\n<div class=\"flex-col gap-1 md:gap-3\">\n<div class=\"flex max-w-full flex-col flex-grow\">\n<div class=\"min-h-[20px] text-message flex w-full flex-col items-end gap-2 whitespace-normal break-words [.text-message+&amp;]:mt-5 overflow-x-auto\" dir=\"auto\" data-message-author-role=\"assistant\" data-message-id=\"22f8283b-3233-46ff-89a5-c7a41b33abda\">\n<div class=\"flex w-full flex-col gap-1 empty:hidden first:pt-[3px]\">\n<div class=\"markdown prose w-full break-words dark:prose-invert light\">\n<p>Spolupracujeme s UPS, DHL, FedEx, DPD a dal\u0161\u00edmi p\u0159edn\u00edmi p\u0159epravci. Vybereme nejlep\u0161\u00ed zp\u016fsob dopravy na z\u00e1klad\u011b va\u0161\u00ed doru\u010dovac\u00ed lokality, abychom zajistili, \u017ee sv\u00e9 produkty obdr\u017e\u00edte co nejrychleji.<\/p>\n<\/div>\n<p><strong>2. Jak dlouho trv\u00e1 doru\u010den\u00ed?<\/strong><\/p>\n<p>Bal\u00ed\u010dky odeslan\u00e9 do \u010cesk\u00e9 republiky obvykle doraz\u00ed do 10 pracovn\u00edch dn\u016f. P\u0159eprava do evropsk\u00fdch zem\u00ed obecn\u011b trv\u00e1 asi 12-15 pracovn\u00edch dn\u016f. O stavu va\u0161\u00ed z\u00e1silky v\u00e1s budeme pr\u016fb\u011b\u017en\u011b informovat.<\/p>\n<\/div>\n<\/div>\n<\/div>\n<\/div>\n<\/div>\n<p>&nbsp;<\/p>\n<p>Dal\u0161\u00ed obl\u00edben\u00e9 jednor\u00e1zov\u00e9 e-cigarety, kter\u00e9 by se v\u00e1m mohly l\u00edbit:<\/p>\n<p><a href=\"https:\/\/rmvapesale.com\/cs\/product\/full-screen-disposable-vape-hzko-supernova-30000-puffs-wholesale\/\"><strong>HZKO Supernova 25000 Puff\u00a0 \u00a0<span style=\"color: #ff0000\">&gt;&gt;&gt;&gt; j\u00edt!<\/span><\/strong><\/a><\/p>\n<p><strong><a href=\"https:\/\/rmvapesale.com\/cs\/product\/bang-vape-12000-puff-rechargeable-disposable-vape-wholesale\/\">Bang 12000 Vaporiz\u00e9r <span style=\"color: #ff0000\">&gt;&gt;&gt;&gt; j\u00edt!<\/span><\/a>\u00a0<\/strong><\/p>\n<p><a href=\"https:\/\/rmvapesale.com\/cs\/product\/puff-vape-cold-mountain-alps-30000-shisha-hookah-bar-wholesale\/\"><strong>Cold Mountain Alps 30000 Pot\u00e1hnut\u00ed <span style=\"color: #ff0000\">&gt;&gt;&gt;&gt; j\u00edt!<\/span><\/strong><\/a><\/p>\n<p>&nbsp;<\/p>\n<p>&nbsp;<\/p>\n<p>Naj\u00edt v\u00edce produkt\u016f pro vaping, kter\u00e9 by se v\u00e1m mohly l\u00edbit:<strong><em><a href=\"https:\/\/rmvapesale.com\/cs\/shop-2\/\">nakupujte nyn\u00ed &gt;&gt;&gt;<\/a><\/em><\/strong><\/p>","protected":false},"excerpt":{"rendered":"<p>Lavande BM18000 Puffs Shisha Velkoobchod s vaporiz\u00e9ry<br \/>\nLavande BM 18000 Puffs Shisha Jednor\u00e1zov\u00fd vaporiz\u00e9r<br \/>\nVelkoobchod levn\u00e9 jednor\u00e1zov\u00e9 vaporiz\u00e9ry Lavande BM 18000 Puffs<br \/>\n<span style=\"color: #ff0000\">(Odesl\u00e1n\u00ed ze skladu EU a trv\u00e1 p\u0159ibli\u017en\u011b 3-7 dn\u00ed, ne\u017e doraz\u00ed do v\u011bt\u0161iny evropsk\u00fdch zem\u00ed, jako je Nizozemsko, Francie, It\u00e1lie, \u0160pan\u011blsko, \u0160v\u00fdcarsko, \u0160v\u00e9dsko, Polsko atd.)<\/span><\/p>\n<p><img loading=\"lazy\" decoding=\"async\" class=\"size-full wp-image-2375\" src=\"https:\/\/rmvapesale.com\/wp-content\/uploads\/2024\/10\/image.png\" alt=\"Nejlep\u0161\u00ed jednor\u00e1zov\u00e1 e-cigareta\" width=\"229\" height=\"300\" \/><\/p>\n<h3><a href=\"https:\/\/wa.me\/8617776015835\"><span style=\"color: #ff0000\"><strong>WhatsApp: +86 17776015835<\/strong><\/span><\/a><\/h3>\n<p>&nbsp;<\/p>","protected":false},"featured_media":2646,"comment_status":"open","ping_status":"closed","template":"","meta":{"_uag_custom_page_level_css":"","_lmt_disableupdate":"no","_lmt_disable":"","site-sidebar-layout":"default","site-content-layout":"content-boxed-container","ast-site-content-layout":"normal-width-container","site-content-style":"boxed","site-sidebar-style":"unboxed","ast-global-header-display":"","ast-banner-title-visibility":"","ast-main-header-display":"","ast-hfb-above-header-display":"","ast-hfb-below-header-display":"","ast-hfb-mobile-header-display":"","site-post-title":"","ast-breadcrumbs-content":"","ast-featured-img":"","footer-sml-layout":"","ast-disable-related-posts":"","theme-transparent-header-meta":"default","adv-header-id-meta":"","stick-header-meta":"","header-above-stick-meta":"","header-main-stick-meta":"","header-below-stick-meta":"","astra-migrate-meta-layouts":"set","ast-page-background-enabled":"default","ast-page-background-meta":{"desktop":{"background-color":"var(--ast-global-color-4)","background-image":"","background-repeat":"repeat","background-position":"center center","background-size":"auto","background-attachment":"scroll","background-type":"","background-media":"","overlay-type":"","overlay-color":"","overlay-opacity":"","overlay-gradient":""},"tablet":{"background-color":"","background-image":"","background-repeat":"repeat","background-position":"center center","background-size":"auto","background-attachment":"scroll","background-type":"","background-media":"","overlay-type":"","overlay-color":"","overlay-opacity":"","overlay-gradient":""},"mobile":{"background-color":"","background-image":"","background-repeat":"repeat","background-position":"center center","background-size":"auto","background-attachment":"scroll","background-type":"","background-media":"","overlay-type":"","overlay-color":"","overlay-opacity":"","overlay-gradient":""}},"ast-content-background-meta":{"desktop":{"background-color":"var(--ast-global-color-5)","background-image":"","background-repeat":"repeat","background-position":"center center","background-size":"auto","background-attachment":"scroll","background-type":"","background-media":"","overlay-type":"","overlay-color":"","overlay-opacity":"","overlay-gradient":""},"tablet":{"background-color":"var(--ast-global-color-5)","background-image":"","background-repeat":"repeat","background-position":"center center","background-size":"auto","background-attachment":"scroll","background-type":"","background-media":"","overlay-type":"","overlay-color":"","overlay-opacity":"","overlay-gradient":""},"mobile":{"background-color":"var(--ast-global-color-5)","background-image":"","background-repeat":"repeat","background-position":"center center","background-size":"auto","background-attachment":"scroll","background-type":"","background-media":"","overlay-type":"","overlay-color":"","overlay-opacity":"","overlay-gradient":""}},"_joinchat":[]},"product_brand":[],"product_cat":[15,27,25,195,123,30,26,28,137,136,135],"product_tag":[188,200,167,197,165,180,154,196,120],"class_list":{"0":"post-2652","1":"product","2":"type-product","3":"status-publish","4":"has-post-thumbnail","6":"product_cat-new-vape-this-week","7":"product_cat-fance-hot-sale-vape","8":"product_cat-germany-best-selling-vape","9":"product_cat-germany-warehouse","10":"product_cat-italy-wholesale-vape","11":"product_cat-minimum-order-quantity-50pcs","12":"product_cat-netherlands-hot-sale-vape","13":"product_cat-poland-hot-sale-vape","14":"product_cat-rechargeable-vapes","15":"product_cat-smart-screen-vapes","16":"product_cat-spain-best-hot-sale-vape","17":"product_tag-buy-vapes-online","18":"product_tag-disposable-hookah-wholesale","19":"product_tag-disposable-vape-with-screen","20":"product_tag-germany-hot-sale-vape","21":"product_tag-rechargeable-vapes","22":"product_tag-shisha-bar","23":"product_tag-smart-vape","24":"product_tag-vape-shop","25":"product_tag-vape-wholesale","26":"desktop-align-left","27":"tablet-align-left","28":"mobile-align-left","30":"first","31":"instock","32":"sale","33":"shipping-taxable","34":"purchasable","35":"product-type-simple"},"uagb_featured_image_src":{"full":["https:\/\/rmvapesale.com\/wp-content\/uploads\/2024\/11\/Lavande-BM18000-Puffs-Shisha-monouso-Vape.jpg",800,800,false],"thumbnail":["https:\/\/rmvapesale.com\/wp-content\/uploads\/2024\/11\/Lavande-BM18000-Puffs-Shisha-monouso-Vape-150x150.jpg",150,150,true],"medium":["https:\/\/rmvapesale.com\/wp-content\/uploads\/2024\/11\/Lavande-BM18000-Puffs-Shisha-monouso-Vape-300x300.jpg",300,300,true],"medium_large":["https:\/\/rmvapesale.com\/wp-content\/uploads\/2024\/11\/Lavande-BM18000-Puffs-Shisha-monouso-Vape-768x768.jpg",768,768,true],"large":["https:\/\/rmvapesale.com\/wp-content\/uploads\/2024\/11\/Lavande-BM18000-Puffs-Shisha-monouso-Vape.jpg",800,800,false],"1536x1536":["https:\/\/rmvapesale.com\/wp-content\/uploads\/2024\/11\/Lavande-BM18000-Puffs-Shisha-monouso-Vape.jpg",800,800,false],"2048x2048":["https:\/\/rmvapesale.com\/wp-content\/uploads\/2024\/11\/Lavande-BM18000-Puffs-Shisha-monouso-Vape.jpg",800,800,false],"trp-custom-language-flag":["https:\/\/rmvapesale.com\/wp-content\/uploads\/2024\/11\/Lavande-BM18000-Puffs-Shisha-monouso-Vape.jpg",12,12,false],"woocommerce_thumbnail":["https:\/\/rmvapesale.com\/wp-content\/uploads\/2024\/11\/Lavande-BM18000-Puffs-Shisha-monouso-Vape-300x300.jpg",300,300,true],"woocommerce_single":["https:\/\/rmvapesale.com\/wp-content\/uploads\/2024\/11\/Lavande-BM18000-Puffs-Shisha-monouso-Vape-600x600.jpg",600,600,true],"woocommerce_gallery_thumbnail":["https:\/\/rmvapesale.com\/wp-content\/uploads\/2024\/11\/Lavande-BM18000-Puffs-Shisha-monouso-Vape-100x100.jpg",100,100,true],"wcpr-photo-reviews":["https:\/\/rmvapesale.com\/wp-content\/uploads\/2024\/11\/Lavande-BM18000-Puffs-Shisha-monouso-Vape.jpg",500,500,false]},"uagb_author_info":{"display_name":"AMY","author_link":"https:\/\/rmvapesale.com\/cs\/author\/"},"uagb_comment_info":0,"uagb_excerpt":"Lavande BM18000 Puffs Shisha Vape Wholesale Lavande BM 18000 Puffs Shisha monouso Vape Wholesale Cheap Disposable Vapes Lavande BM 18000 Puffs (Ship from EU warehouse and takes about 3-7 days\u00a0 to get arrive to most Europe countries like Netherlands, France, Italy, Spain, Switzerland, Sweden, Poland, etc. ) WhatsApp: +86 17776015835 &nbsp;","_links":{"self":[{"href":"https:\/\/rmvapesale.com\/cs\/wp-json\/wp\/v2\/product\/2652","targetHints":{"allow":["GET"]}}],"collection":[{"href":"https:\/\/rmvapesale.com\/cs\/wp-json\/wp\/v2\/product"}],"about":[{"href":"https:\/\/rmvapesale.com\/cs\/wp-json\/wp\/v2\/types\/product"}],"replies":[{"embeddable":true,"href":"https:\/\/rmvapesale.com\/cs\/wp-json\/wp\/v2\/comments?post=2652"}],"wp:featuredmedia":[{"embeddable":true,"href":"https:\/\/rmvapesale.com\/cs\/wp-json\/wp\/v2\/media\/2646"}],"wp:attachment":[{"href":"https:\/\/rmvapesale.com\/cs\/wp-json\/wp\/v2\/media?parent=2652"}],"wp:term":[{"taxonomy":"product_brand","embeddable":true,"href":"https:\/\/rmvapesale.com\/cs\/wp-json\/wp\/v2\/product_brand?post=2652"},{"taxonomy":"product_cat","embeddable":true,"href":"https:\/\/rmvapesale.com\/cs\/wp-json\/wp\/v2\/product_cat?post=2652"},{"taxonomy":"product_tag","embeddable":true,"href":"https:\/\/rmvapesale.com\/cs\/wp-json\/wp\/v2\/product_tag?post=2652"}],"curies":[{"name":"wp","href":"https:\/\/api.w.org\/{rel}","templated":true}]}}