{"id":2678,"date":"2024-11-06T09:28:10","date_gmt":"2024-11-06T09:28:10","guid":{"rendered":"https:\/\/rmvapesale.com\/?post_type=product&#038;p=2678"},"modified":"2024-11-06T10:01:09","modified_gmt":"2024-11-06T10:01:09","slug":"vozol-star-20000-puffs-rechargeable-disposable-vape-wholesale-uk","status":"publish","type":"product","link":"https:\/\/rmvapesale.com\/cs\/product\/vozol-star-20000-puffs-rechargeable-disposable-vape-wholesale-uk\/","title":{"rendered":"VOZOL Star 20000 pot\u00e1hnut\u00ed Dob\u00edjec\u00ed jednor\u00e1zov\u00e1 vape velkoobchod UK"},"content":{"rendered":"<h1>VOZOL Star 20000 pot\u00e1hnut\u00ed Dob\u00edjec\u00ed jednor\u00e1zov\u00e1 vape velkoobchod UK<\/h1>\n<p><strong>VOZOL Star 20000 pot\u00e1hnut\u00ed Dob\u00edjec\u00ed jednor\u00e1zov\u00fd vape<\/strong>, pr\u00e9miov\u00e9 vapovac\u00ed za\u0159\u00edzen\u00ed ur\u010den\u00e9 pro ty, kte\u0159\u00ed vy\u017eaduj\u00ed kvalitu, pohodl\u00ed a styl. Ide\u00e1ln\u00ed pro vapery v \u010cesk\u00e9 republice, kte\u0159\u00ed hledaj\u00ed dlouhotrvaj\u00edc\u00ed a uspokojiv\u00e9 z\u00e1\u017eitky. Tento jednor\u00e1zov\u00fd vape pen kombinuje \u0161pi\u010dkovou technologii s elegantn\u00edm, u\u017eivatelsky p\u0159\u00edv\u011btiv\u00fdm designem.<\/p>\n<p>Tento <strong>VOZOL Star 20000 pot\u00e1hnut\u00ed Jednor\u00e1zov\u00fd vape<\/strong> je \u0161pi\u010dkovou volbou mezi popul\u00e1rn\u00edmi zna\u010dkami jednor\u00e1zov\u00fdch vap\u016f, kter\u00e1 kombinuje pohodl\u00ed s vynikaj\u00edc\u00edm v\u00fdkonem. A\u0165 u\u017e hled\u00e1te <strong>nejlep\u0161\u00ed jednor\u00e1zov\u00fd vape roku 2024<\/strong>v\u00fdkonnou <strong>puff vape<\/strong> mo\u017enost nebo za\u0159\u00edzen\u00ed, kter\u00e9 se rychle nab\u00edj\u00ed, VOZOL Star spln\u00ed v\u0161echna o\u010dek\u00e1v\u00e1n\u00ed. K dispozici pro <strong>velkoobchod s vapov\u00e1n\u00edm<\/strong> a individu\u00e1ln\u00ed n\u00e1kupy, je to ide\u00e1ln\u00ed volba pro ty, kte\u0159\u00ed cht\u011bj\u00ed kvalitu a mno\u017estv\u00ed v jednom balen\u00ed.<\/p>\n<p>Pro vapery v \u010cesk\u00e9 republice najdete <strong>VOZOL Star 20000 pot\u00e1hnut\u00ed Jednor\u00e1zov\u00fd vape<\/strong> u d\u016fv\u011bryhodn\u00fdch <strong>velkoobchodn\u00edch vape<\/strong> distributor\u016f nebo si jej objednejte z spolehliv\u00fdch <strong>jednor\u00e1zov\u00e9 vapes online<\/strong> platforem. Jako popul\u00e1rn\u00ed volba mezi <strong>dob\u00edjec\u00ed vapes<\/strong>, VOZOL zaji\u0161\u0165uje, \u017ee si u\u017eijete ka\u017ed\u00e9 pot\u00e1hnut\u00ed, ani\u017e byste d\u011blali kompromisy ohledn\u011b chuti nebo v\u00fdkonu.<\/p>\n<p>Objevte dokonal\u00fd z\u00e1\u017eitek z vapov\u00e1n\u00ed s <strong>VOZOL Star 20000<\/strong>. Objednejte si je\u0161t\u011b dnes a posu\u0148te sv\u00e9 vapov\u00e1n\u00ed na vy\u0161\u0161\u00ed \u00farove\u0148 t\u00edm nejpohodln\u011bj\u0161\u00edm a nejchutn\u011bj\u0161\u00edm mo\u017en\u00fdm zp\u016fsobem!<\/p>\n<p>&nbsp;<\/p>\n<p><strong>Kontaktujte Amy pro spr\u00e1vnou odpov\u011b\u010f a velkoobchodn\u00ed cenu!<\/strong><\/p>\n<p><img loading=\"lazy\" decoding=\"async\" class=\"size-medium wp-image-1814\" src=\"https:\/\/rmvapesale.com\/wp-content\/uploads\/2024\/04\/whatsapp-amy-229x300.jpg\" alt=\"whatsapp amy\" width=\"229\" height=\"300\" srcset=\"https:\/\/rmvapesale.com\/wp-content\/uploads\/2024\/04\/whatsapp-amy-229x300.jpg 229w, https:\/\/rmvapesale.com\/wp-content\/uploads\/2024\/04\/whatsapp-amy-783x1024.jpg 783w, https:\/\/rmvapesale.com\/wp-content\/uploads\/2024\/04\/whatsapp-amy-768x1005.jpg 768w, https:\/\/rmvapesale.com\/wp-content\/uploads\/2024\/04\/whatsapp-amy-600x785.jpg 600w, https:\/\/rmvapesale.com\/wp-content\/uploads\/2024\/04\/whatsapp-amy.jpg 990w\" sizes=\"auto, (max-width: 229px) 100vw, 229px\" \/><\/p>\n<h2><\/h2>\n<h2><strong>VOZOL Star 20000 pot\u00e1hnut\u00ed Dob\u00edjec\u00ed vape <\/strong><\/h2>\n<h2><strong>Kl\u00ed\u010dov\u00e9 vlastnosti<\/strong><\/h2>\n<p>Zna\u010dka: Vozol<br \/>\nModel: Star 20000<br \/>\nPot\u00e1hnut\u00ed: A\u017e 20000 v re\u017eimu Eco (re\u017eim Power 15000)<br \/>\nTyp spir\u00e1lky: Du\u00e1ln\u00ed s\u00ed\u0165ov\u00e1 spir\u00e1lka<br \/>\nDisplej: Barevn\u00fd displej<br \/>\nDesign: Zcela pr\u016fhledn\u00fd<br \/>\nBaterie: 650mAh<br \/>\nObjem kapaliny: 24ML<\/p>\n<p>&nbsp;<\/p>\n<figure id=\"attachment_2677\" aria-describedby=\"caption-attachment-2677\" style=\"width: 550px\" class=\"wp-caption alignnone\"><img loading=\"lazy\" decoding=\"async\" class=\"wp-image-2677 size-full\" src=\"https:\/\/rmvapesale.com\/wp-content\/uploads\/2024\/11\/Vozol-Vista-20000-Vape-Rechargeable-Vape.png\" alt=\"Vozol Vista 20000 Vape dob\u00edjec\u00ed Vape\" width=\"550\" height=\"550\" srcset=\"https:\/\/rmvapesale.com\/wp-content\/uploads\/2024\/11\/Vozol-Vista-20000-Vape-Rechargeable-Vape.png 550w, https:\/\/rmvapesale.com\/wp-content\/uploads\/2024\/11\/Vozol-Vista-20000-Vape-Rechargeable-Vape-300x300.png 300w, https:\/\/rmvapesale.com\/wp-content\/uploads\/2024\/11\/Vozol-Vista-20000-Vape-Rechargeable-Vape-150x150.png 150w, https:\/\/rmvapesale.com\/wp-content\/uploads\/2024\/11\/Vozol-Vista-20000-Vape-Rechargeable-Vape-100x100.png 100w\" sizes=\"auto, (max-width: 550px) 100vw, 550px\" \/><figcaption id=\"caption-attachment-2677\" class=\"wp-caption-text\">Vozol Vista 20000 Vape dob\u00edjec\u00ed Vape<\/figcaption><\/figure>\n<h2><strong>Jak\u00e1 je popul\u00e1rn\u00ed p\u0159\u00edchu\u0165 pro VOZOL <\/strong><strong>Vape <\/strong><strong>Star 20000 pot\u00e1hnut\u00ed?<\/strong><\/h2>\n<p>1.Vodn\u00ed melounov\u00fd led<br \/>\n2.Hroznov\u00fd led<br \/>\n3.Mangov\u00fd led<br \/>\n4.Dvojit\u00e9 jable\u010dn\u00fd led<br \/>\n5.Jahoda Kiwi<br \/>\n6.Malina Vodn\u00ed meloun<br \/>\n7.Bor\u016fvkov\u00fd led<br \/>\n8.Jahoda Mango<br \/>\n9. Broskvov\u00e9 mango meloun<br \/>\n10.T\u0159e\u0161\u0148ov\u00e1 Cola<br \/>\n11.\u0160\u0165avnat\u00fd broskvov\u00fd led<br \/>\n12.Dra\u010d\u00ed Strawnana<br \/>\n13.sm\u011bs bobul\u00ed<br \/>\n14.citron Limetka<br \/>\n15.tropick\u00e1 exploze<br \/>\n16.bor\u016fvkov\u00e1 bou\u0159e<br \/>\n17.parf\u00e9mov\u00fd citron<br \/>\n18.pomeran\u010d Ananas Li\u010di<br \/>\n19.L\u00e1ska 77<br \/>\n20.malina Jablko Vodn\u00ed meloun Ananas<\/p>\n<h3><strong>Pro\u010d si vybrat Rmvapesale pro <\/strong><b>VOZOL Star 20000 Vape <\/b><strong>Velkoobchod<\/strong><strong>?<\/strong><\/h3>\n<div class=\"flex-shrink-0 flex flex-col relative items-end\">\n<div class=\"pt-0\">\n<div class=\"gizmo-bot-avatar flex h-8 w-8 items-center justify-center overflow-hidden rounded-full\">\n<div class=\"relative p-1 rounded-sm flex items-center justify-center bg-token-main-surface-primary text-token-text-primary h-8 w-8\">\n<p>V\u00edtejte v Rmvapesale, va\u0161em d\u016fv\u011bryhodn\u00e9m obchod\u011b s pr\u00e9miov\u00fdmi jednor\u00e1zov\u00fdmi vapovac\u00edmi p\u0159\u00edstroji. S v\u00edce ne\u017e 5 lety odborn\u00fdch zku\u0161enost\u00ed v\u00e1m p\u0159in\u00e1\u0161\u00edme obl\u00edben\u00e9 zna\u010dky jednor\u00e1zov\u00fdch vapovac\u00edch p\u0159\u00edstroj\u016f, jako jsou Al Fakher, Vapme Vape, <a href=\"https:\/\/rmvapesale.com\/cs\/product\/vapme-crystal-7000-puffs-rechargeable-disposable-vape-price\/\">Vapme<\/a>, <a href=\"https:\/\/rmvapesale.com\/cs\/product-category\/bang-vapes\/\">Bang Vape<\/a>, Waspe, <a href=\"https:\/\/rmvapesale.com\/cs\/product\/wga-crystal-pro-max-extra-15k-puffs-disposable-vape-wholesale\/\">WGA<\/a> Vape a<a href=\"https:\/\/rmvapesale.com\/cs\/product-category\/randm-fumot-vape\/\"> RandM Vape<\/a>.<\/p>\n<p>N\u00e1\u0161 sortiment zahrnuje \u017ehav\u00e9 prodejn\u00ed kousky jako <a href=\"https:\/\/rmvapesale.com\/cs\/product\/fumot-digital-box-12000-disposable-vape-pink-lemonade-flavor\/\">RandM 12k<\/a> a chu\u0165ov\u011b bohat\u00e9 mo\u017enosti, jako je <a href=\"https:\/\/rmvapesale.com\/cs\/product\/wga-crystal-plus-20000-puff-dual-flavour-disposable-vape\/\">WGA 20K potah\u016f<\/a>. Ka\u017ed\u00fd produkt je vyb\u00edr\u00e1n s d\u016frazem na kvalitu, hodnotu a rozmanitost, abyste si zajistili dokonalou shodu pro va\u0161e pot\u0159eby. Objevte v\u00fdjime\u010dn\u00e9 slu\u017eby a \u0161irokou \u0161k\u00e1lu \u0161pi\u010dkov\u00fdch produkt\u016f na Rmvapesale.<\/p>\n<\/div>\n<\/div>\n<\/div>\n<\/div>\n<h3><\/h3>\n<h3><b>VOZOL Star 20000 potah\u016f Dob\u00edjec\u00ed vape FAQ<\/b><\/h3>\n<p><strong>Q: Co je VOZOL Star 20 000 potah\u016f?<\/strong><br \/>\nA: VOZOL Star 20 000 potah\u016f je jednor\u00e1zov\u00e9 dob\u00edjec\u00ed vape za\u0159\u00edzen\u00ed s vysokou kapacitou, kter\u00e9 nab\u00edz\u00ed p\u016fsobiv\u00fdch 20 000+ potah\u016f. Vyzna\u010duje se elegantn\u00edm designem, LED obrazovkou pro aktu\u00e1ln\u00ed informace o stavu baterie a e-liquidu a pokro\u010dilou technologi\u00ed mesh c\u00edvky pro konzistentn\u00ed a chutnou produkci p\u00e1ry.<\/p>\n<p><strong>Q: Kolik potah\u016f poskytuje VOZOL Star 20000 potah\u016f?<\/strong><br \/>\nA: VOZOL Star 20000 poskytuje p\u0159es 20 000 potah\u016f, co\u017e zaji\u0161\u0165uje prodlou\u017een\u00e9 pou\u017e\u00edv\u00e1n\u00ed a bezprobl\u00e9mov\u00fd z\u00e1\u017eitek z vapingu.<\/p>\n<p><strong>Q: M\u00e1 dob\u00edjec\u00ed vape VOZOL Star 20000 displej?<\/strong><br \/>\nA: Ano, VOZOL Star 20000 je vybaven pohodln\u00fdm LED displejem, kter\u00fd zobrazuje z\u00e1kladn\u00ed informace, jako je \u017eivotnost baterie a hladina e-liquidu, d\u00edky \u010demu\u017e budete p\u0159i vapingu dob\u0159e informov\u00e1ni.<\/p>\n<p><strong>Q: Jak dlouho trv\u00e1 pln\u00e9 nabit\u00ed jednor\u00e1zov\u00e9ho vape VOZOL Star 20K?<\/strong><br \/>\nA: Jednor\u00e1zov\u00fd vape VOZOL Star 20K je vybaven technologi\u00ed rychl\u00e9ho nab\u00edjen\u00ed a lze jej pln\u011b nab\u00edt za pouh\u00fdch 30 minut, tak\u017ee se m\u016f\u017eete rychle vr\u00e1tit k vapingu.<\/p>\n<p><strong>Q: Jak\u00e9 p\u0159\u00edchut\u011b jsou k dispozici pro vape VOZOL Star 20000?<\/strong><br \/>\nA: Vape VOZOL Star 20000 se dod\u00e1v\u00e1 v \u0159ad\u011b zaj\u00edmav\u00fdch p\u0159\u00edchut\u00ed. Konkr\u00e9tn\u00ed p\u0159\u00edchut\u011b se sice mohou li\u0161it, ale m\u016f\u017eete o\u010dek\u00e1vat rozmanitou \u0161k\u00e1lu mo\u017enost\u00ed navr\u017een\u00fdch tak, aby vyhovovaly r\u016fzn\u00fdm preferenc\u00edm.<\/p>\n<p><strong>Q: Kde si mohu koupit VOZOL Star 20000?<\/strong><br \/>\nA: VOZOL Star 20000 si m\u016f\u017eete zakoupit v renomovan\u00fdch vape obchodech nebo si jej objednat od spolehliv\u00fdch velkoobchodn\u00edch distributor\u016f a online vape platforem. Hledejte mo\u017enosti, kter\u00e9 nab\u00edzej\u00ed <strong>velkoobchod s vapov\u00e1n\u00edm<\/strong> or <strong>jednor\u00e1zov\u00e9 vapes online<\/strong> k z\u00edsk\u00e1n\u00ed nejlep\u0161\u00edch nab\u00eddek.<\/p>\n<p>&nbsp;<\/p>","protected":false},"excerpt":{"rendered":"<p>Vozol 20000 Puffs Dob\u00edjec\u00ed Vape LED Displej<br \/>\nVozol Star 20000 Jednor\u00e1zov\u00e1 Vape Velkoobchod Levn\u00e1 Cena<br \/>\nVOZOL Star 20000 Puffs Jednor\u00e1zov\u00e1 Vape 5% Nikotin<\/p>\n<p><img loading=\"lazy\" decoding=\"async\" class=\"size-medium wp-image-1814\" src=\"https:\/\/rmvapesale.com\/wp-content\/uploads\/2024\/04\/whatsapp-amy-229x300.jpg\" alt=\"whatsapp amy\" width=\"229\" height=\"300\" srcset=\"https:\/\/rmvapesale.com\/wp-content\/uploads\/2024\/04\/whatsapp-amy-229x300.jpg 229w, https:\/\/rmvapesale.com\/wp-content\/uploads\/2024\/04\/whatsapp-amy-783x1024.jpg 783w, https:\/\/rmvapesale.com\/wp-content\/uploads\/2024\/04\/whatsapp-amy-768x1005.jpg 768w, https:\/\/rmvapesale.com\/wp-content\/uploads\/2024\/04\/whatsapp-amy-600x785.jpg 600w, https:\/\/rmvapesale.com\/wp-content\/uploads\/2024\/04\/whatsapp-amy.jpg 990w\" sizes=\"auto, (max-width: 229px) 100vw, 229px\" \/><\/p>\n<h3><span style=\"color: #ff0000\"><strong>WhatsApp: +86 17776015835<\/strong><\/span><\/h3>","protected":false},"featured_media":2673,"comment_status":"open","ping_status":"closed","template":"","meta":{"_uag_custom_page_level_css":"","_lmt_disableupdate":"no","_lmt_disable":"","site-sidebar-layout":"default","site-content-layout":"content-boxed-container","ast-site-content-layout":"normal-width-container","site-content-style":"boxed","site-sidebar-style":"unboxed","ast-global-header-display":"","ast-banner-title-visibility":"","ast-main-header-display":"","ast-hfb-above-header-display":"","ast-hfb-below-header-display":"","ast-hfb-mobile-header-display":"","site-post-title":"","ast-breadcrumbs-content":"","ast-featured-img":"","footer-sml-layout":"","theme-transparent-header-meta":"default","adv-header-id-meta":"","stick-header-meta":"","header-above-stick-meta":"","header-main-stick-meta":"","header-below-stick-meta":"","astra-migrate-meta-layouts":"set","ast-page-background-enabled":"default","ast-page-background-meta":{"desktop":{"background-color":"var(--ast-global-color-4)","background-image":"","background-repeat":"repeat","background-position":"center center","background-size":"auto","background-attachment":"scroll","background-type":"","background-media":"","overlay-type":"","overlay-color":"","overlay-opacity":"","overlay-gradient":""},"tablet":{"background-color":"","background-image":"","background-repeat":"repeat","background-position":"center center","background-size":"auto","background-attachment":"scroll","background-type":"","background-media":"","overlay-type":"","overlay-color":"","overlay-opacity":"","overlay-gradient":""},"mobile":{"background-color":"","background-image":"","background-repeat":"repeat","background-position":"center center","background-size":"auto","background-attachment":"scroll","background-type":"","background-media":"","overlay-type":"","overlay-color":"","overlay-opacity":"","overlay-gradient":""}},"ast-content-background-meta":{"desktop":{"background-color":"var(--ast-global-color-5)","background-image":"","background-repeat":"repeat","background-position":"center center","background-size":"auto","background-attachment":"scroll","background-type":"","background-media":"","overlay-type":"","overlay-color":"","overlay-opacity":"","overlay-gradient":""},"tablet":{"background-color":"var(--ast-global-color-5)","background-image":"","background-repeat":"repeat","background-position":"center center","background-size":"auto","background-attachment":"scroll","background-type":"","background-media":"","overlay-type":"","overlay-color":"","overlay-opacity":"","overlay-gradient":""},"mobile":{"background-color":"var(--ast-global-color-5)","background-image":"","background-repeat":"repeat","background-position":"center center","background-size":"auto","background-attachment":"scroll","background-type":"","background-media":"","overlay-type":"","overlay-color":"","overlay-opacity":"","overlay-gradient":""}},"_joinchat":[]},"product_brand":[],"product_cat":[25,123,26,28,135,27,137,136,15,30],"product_tag":[40,54,154,203,204,37],"class_list":{"0":"post-2678","1":"product","2":"type-product","3":"status-publish","4":"has-post-thumbnail","6":"product_cat-germany-best-selling-vape","7":"product_cat-italy-wholesale-vape","8":"product_cat-netherlands-hot-sale-vape","9":"product_cat-poland-hot-sale-vape","10":"product_cat-spain-best-hot-sale-vape","11":"product_cat-fance-hot-sale-vape","12":"product_cat-rechargeable-vapes","13":"product_cat-smart-screen-vapes","14":"product_cat-new-vape-this-week","15":"product_cat-minimum-order-quantity-50pcs","16":"product_tag-hot-sale-vape","17":"product_tag-rechargeable-disposable-vape","18":"product_tag-smart-vape","19":"product_tag-vozol-star-20000-puffs","20":"product_tag-vozol-vape-uk","21":"product_tag-wholesale-vape-price","22":"desktop-align-left","23":"tablet-align-left","24":"mobile-align-left","26":"first","27":"instock","28":"sale","29":"shipping-taxable","30":"purchasable","31":"product-type-simple"},"uagb_featured_image_src":{"full":["https:\/\/rmvapesale.com\/wp-content\/uploads\/2024\/11\/VOZOL-Star-20000-Puffs-Disposable-Vape-Wholesale.png",550,550,false],"thumbnail":["https:\/\/rmvapesale.com\/wp-content\/uploads\/2024\/11\/VOZOL-Star-20000-Puffs-Disposable-Vape-Wholesale-150x150.png",150,150,true],"medium":["https:\/\/rmvapesale.com\/wp-content\/uploads\/2024\/11\/VOZOL-Star-20000-Puffs-Disposable-Vape-Wholesale-300x300.png",300,300,true],"medium_large":["https:\/\/rmvapesale.com\/wp-content\/uploads\/2024\/11\/VOZOL-Star-20000-Puffs-Disposable-Vape-Wholesale.png",550,550,false],"large":["https:\/\/rmvapesale.com\/wp-content\/uploads\/2024\/11\/VOZOL-Star-20000-Puffs-Disposable-Vape-Wholesale.png",550,550,false],"1536x1536":["https:\/\/rmvapesale.com\/wp-content\/uploads\/2024\/11\/VOZOL-Star-20000-Puffs-Disposable-Vape-Wholesale.png",550,550,false],"2048x2048":["https:\/\/rmvapesale.com\/wp-content\/uploads\/2024\/11\/VOZOL-Star-20000-Puffs-Disposable-Vape-Wholesale.png",550,550,false],"trp-custom-language-flag":["https:\/\/rmvapesale.com\/wp-content\/uploads\/2024\/11\/VOZOL-Star-20000-Puffs-Disposable-Vape-Wholesale.png",12,12,false],"woocommerce_thumbnail":["https:\/\/rmvapesale.com\/wp-content\/uploads\/2024\/11\/VOZOL-Star-20000-Puffs-Disposable-Vape-Wholesale-300x300.png",300,300,true],"woocommerce_single":["https:\/\/rmvapesale.com\/wp-content\/uploads\/2024\/11\/VOZOL-Star-20000-Puffs-Disposable-Vape-Wholesale.png",550,550,false],"woocommerce_gallery_thumbnail":["https:\/\/rmvapesale.com\/wp-content\/uploads\/2024\/11\/VOZOL-Star-20000-Puffs-Disposable-Vape-Wholesale-100x100.png",100,100,true],"wcpr-photo-reviews":["https:\/\/rmvapesale.com\/wp-content\/uploads\/2024\/11\/VOZOL-Star-20000-Puffs-Disposable-Vape-Wholesale.png",500,500,false]},"uagb_author_info":{"display_name":"AMY","author_link":"https:\/\/rmvapesale.com\/cs\/author\/"},"uagb_comment_info":0,"uagb_excerpt":"Vozol 20000 Puffs Rechargeable Vape LED Display Vozol Star 20000 Disposable Vape Wholesale Cheap Price VOZOL Star 20000 Puffs Disposable Vape 5% Nicotine WhatsApp: +86 17776015835","_links":{"self":[{"href":"https:\/\/rmvapesale.com\/cs\/wp-json\/wp\/v2\/product\/2678","targetHints":{"allow":["GET"]}}],"collection":[{"href":"https:\/\/rmvapesale.com\/cs\/wp-json\/wp\/v2\/product"}],"about":[{"href":"https:\/\/rmvapesale.com\/cs\/wp-json\/wp\/v2\/types\/product"}],"replies":[{"embeddable":true,"href":"https:\/\/rmvapesale.com\/cs\/wp-json\/wp\/v2\/comments?post=2678"}],"wp:featuredmedia":[{"embeddable":true,"href":"https:\/\/rmvapesale.com\/cs\/wp-json\/wp\/v2\/media\/2673"}],"wp:attachment":[{"href":"https:\/\/rmvapesale.com\/cs\/wp-json\/wp\/v2\/media?parent=2678"}],"wp:term":[{"taxonomy":"product_brand","embeddable":true,"href":"https:\/\/rmvapesale.com\/cs\/wp-json\/wp\/v2\/product_brand?post=2678"},{"taxonomy":"product_cat","embeddable":true,"href":"https:\/\/rmvapesale.com\/cs\/wp-json\/wp\/v2\/product_cat?post=2678"},{"taxonomy":"product_tag","embeddable":true,"href":"https:\/\/rmvapesale.com\/cs\/wp-json\/wp\/v2\/product_tag?post=2678"}],"curies":[{"name":"wp","href":"https:\/\/api.w.org\/{rel}","templated":true}]}}