{"id":2680,"date":"2024-11-06T09:47:09","date_gmt":"2024-11-06T09:47:09","guid":{"rendered":"https:\/\/rmvapesale.com\/?post_type=product&#038;p=2680"},"modified":"2024-11-07T08:24:43","modified_gmt":"2024-11-07T08:24:43","slug":"vopk-ultra-30000-puffs-double-flavor-digital-screen-rechargeable-disposable-vapes","status":"publish","type":"product","link":"https:\/\/rmvapesale.com\/cs\/product\/vopk-ultra-30000-puffs-double-flavor-digital-screen-rechargeable-disposable-vapes\/","title":{"rendered":"VOPK ULTRA 30000 pot\u00e1hnut\u00ed Dvojit\u00e1 p\u0159\u00edchu\u0165 Digit\u00e1ln\u00ed obrazovka Dob\u00edjec\u00ed jednor\u00e1zov\u00e9 vapes"},"content":{"rendered":"<div class=\"B2VR9 CJHX3e\">\n<div class=\"wyccme\">\n<h1 class=\"LC20lb MBeuO DKV0Md\">VOPK ULTRA 30000 pot\u00e1hnut\u00ed Dvojit\u00e1 p\u0159\u00edchu\u0165 Digit\u00e1ln\u00ed obrazovka Dob\u00edjec\u00ed jednor\u00e1zov\u00e9 vapes<\/h1>\n<div class=\"flex-shrink-0 flex flex-col relative items-end\">\n<div class=\"pt-0\">\n<div class=\"gizmo-bot-avatar flex h-8 w-8 items-center justify-center overflow-hidden rounded-full\">\n<div class=\"relative p-1 rounded-sm flex items-center justify-center bg-token-main-surface-primary text-token-text-primary h-8 w-8\">\n<p>Tento <strong>VOPK ULTRA 30000 pot\u00e1hnut\u00ed Dvojit\u00e1 p\u0159\u00edchu\u0165 Digit\u00e1ln\u00ed obrazovka Dob\u00edjec\u00ed jednor\u00e1zov\u00e9 vapes<\/strong> je pr\u00e9miov\u00e9 vapovac\u00ed za\u0159\u00edzen\u00ed, \u0161it\u00e9 na m\u00edru pro ty, kte\u0159\u00ed hledaj\u00ed vysoce v\u00fdkonnou mo\u017enost s prodlou\u017eenou dobou pou\u017eit\u00ed. S masivn\u00edm <strong>30 000 pot\u00e1hnut\u00ed<\/strong> a podstatn\u00fdm <strong>objemem 36 ml e-liquidu<\/strong>, toto za\u0159\u00edzen\u00ed zaji\u0161\u0165uje hladk\u00fd a dlouhotrvaj\u00edc\u00ed z\u00e1\u017eitek z vapov\u00e1n\u00ed. Ide\u00e1ln\u00ed pro nad\u0161ence i za\u010d\u00ednaj\u00edc\u00ed u\u017eivatele, tento <strong>jednor\u00e1zov\u00fd vape pen<\/strong> je navr\u017een tak, aby nab\u00edzel optim\u00e1ln\u00ed pohodl\u00ed a styl.<\/p>\n<p>Vybaven <strong>du\u00e1ln\u00ed mesh c\u00edvkou<\/strong> pro robustn\u00ed dod\u00e1vku chuti, <strong>VOPK Ultra 30000<\/strong> produkuje hust\u00e9, uspokojuj\u00edc\u00ed mraky, kter\u00e9 vylep\u0161uj\u00ed ka\u017ed\u00e9 pot\u00e1hnut\u00ed. Integrovan\u00fd <strong>chytr\u00fd displej s dotykovou obrazovkou<\/strong> poskytuje u\u017eivatel\u016fm snadn\u00fd p\u0159\u00edstup k z\u00e1kladn\u00edm informac\u00edm o za\u0159\u00edzen\u00ed, co\u017e umo\u017e\u0148uje rychl\u00e9 \u00fapravy ve dvou dostupn\u00fdch re\u017eimech vapov\u00e1n\u00ed pro pln\u011b personalizovan\u00fd z\u00e1\u017eitek.<\/p>\n<p>Nab\u00edjen\u00ed je rychl\u00e9 a efektivn\u00ed d\u00edky jeho <strong>dob\u00edjen\u00ed pomoc\u00ed Type-C<\/strong> design, a <strong>5% nikotin<\/strong> obsah, ka\u017ed\u00e9 pota\u017een\u00ed poskytuje hladk\u00fd a uspokojiv\u00fd z\u00e1\u017eitek, kter\u00fd si vaperov\u00e9 u\u017e\u00edvaj\u00ed. Toto za\u0159\u00edzen\u00ed je tak\u00e9 skv\u011blou volbou pro ty, kte\u0159\u00ed hledaj\u00ed <strong>velkoobchodn\u00ed n\u00e1kup<\/strong> nebo cht\u011bj\u00ed prozkoumat <strong>velkoobchod s vapov\u00e1n\u00edm<\/strong> mo\u017enosti, kter\u00e9 vyhovuj\u00ed ka\u017ed\u00e9mu, kdo si cen\u00ed kvality a dostupnosti ve sv\u00fdch vapovac\u00edch za\u0159\u00edzen\u00edch.<\/p>\n<p>A\u0165 u\u017e v\u00e1s zaj\u00edmaj\u00ed <strong>obl\u00edben\u00e9 zna\u010dky jednor\u00e1zov\u00fdch vape<\/strong> nebo spolehliv\u00e1 <strong>jednor\u00e1zov\u00fd vape s n\u00edzk\u00fdm obsahem nikotinu<\/strong> mo\u017enost, kter\u00e1 <strong>VOPK Ultra 30000<\/strong> nab\u00edz\u00ed silnou kombinaci kapacity, chuti a pohodl\u00ed, co\u017e z n\u011bj d\u011bl\u00e1 nejlep\u0161\u00ed volbu pro vapery nap\u0159\u00ed\u010d celou deskou.<\/p>\n<p>&nbsp;<\/p>\n<\/div>\n<\/div>\n<\/div>\n<\/div>\n<\/div>\n<\/div>\n<p><strong>Kontaktujte Amy a z\u00edskejte spr\u00e1vnou odpov\u011b\u010f a kup\u00f3n na vape!<\/strong><\/p>\n<p><img loading=\"lazy\" decoding=\"async\" class=\"size-full wp-image-1978\" src=\"https:\/\/rmvapesale.com\/wp-content\/uploads\/2024\/09\/Disposable-Vape-Wholesale.jpg\" alt=\"Jednor\u00e1zov\u00e1 e-cigareta velkoobchod\" width=\"229\" height=\"300\" \/><\/p>\n<h3><a href=\"https:\/\/wa.me\/8617776015835\" target=\"_blank\" rel=\"noopener\"><span style=\"color: #ff0000\"><strong>WhatsApp: +86 17776015835<\/strong><\/span><\/a><\/h3>\n<p>&nbsp;<\/p>\n<h2><\/h2>\n<h2><strong>VOPK ULTRA 30000 dob\u00edjec\u00ed jednor\u00e1zov\u00e9 vape s digit\u00e1ln\u00edm displejem <\/strong><strong>Kl\u00ed\u010dov\u00e9 vlastnosti<\/strong><\/h2>\n<p>Zna\u010dka: Vopk<br \/>\nN\u00e1zev modelu: Vopk Ultra 30000<br \/>\n30 000 pota\u017een\u00ed pro del\u0161\u00ed pou\u017e\u00edv\u00e1n\u00ed<br \/>\nKapacita e-liquidu 36ML pro m\u00e9n\u011b dopl\u0148ov\u00e1n\u00ed a d\u00e9le trvaj\u00edc\u00ed po\u017eitek<br \/>\nDvojit\u00e1 s\u00ed\u0165ovan\u00e1 c\u00edvka pro intenzivn\u00ed chu\u0165 a hust\u00e9 mraky<br \/>\nInteligentn\u00ed displej s dotykovou obrazovkou pro snadn\u00fd p\u0159\u00edstup k nastaven\u00ed za\u0159\u00edzen\u00ed<br \/>\nDva re\u017eimy pro p\u0159izp\u016fsoben\u00ed va\u0161eho z\u00e1\u017eitku z vapov\u00e1n\u00ed<br \/>\nNab\u00edjec\u00ed Type-C pro rychl\u00e9 a efektivn\u00ed nab\u00edjen\u00ed<br \/>\n5% nikotinu pro uspokojiv\u00fd z\u00e1\u017eitek s ka\u017ed\u00fdm pota\u017een\u00edm<\/p>\n<p>&nbsp;<\/p>\n<h2><strong>Nejlep\u0161\u00ed p\u0159\u00edchu\u0165 pro VOPK ULTRA 30000 dob\u00edjec\u00ed jednor\u00e1zov\u00e9 e-cigarety s digit\u00e1ln\u00edm displejem<\/strong><\/h2>\n<p>1.Jahoda Vodn\u00ed meloun + Kiwi Mu\u010denka Guava <span style=\"color: #ff0000\"><strong>&gt;&gt;&gt;&gt; Hork\u00e9!<\/strong><\/span><br \/>\n2.Bor\u016fvka Malina + Broskev Mango Vodn\u00ed meloun<br \/>\n3.Modr\u00e1 malina Gumov\u00fd medv\u00eddek + Jahoda Kiwi <span style=\"color: #ff0000\"><strong>&gt;&gt;&gt;&gt; Hork\u00e9!<\/strong><\/span><br \/>\n4.Modr\u00e1 malina T\u0159e\u0161e\u0148 + Jahoda Malina<br \/>\n5.\u0160umiv\u00fd citron<br \/>\n6.Vodn\u00ed meloun led + Modr\u00e1 malina led <span style=\"color: #ff0000\"><strong>&gt;&gt;&gt;&gt; Nejlep\u0161\u00ed!<\/strong><\/span><br \/>\n7.Modr\u00e1 malina Ananas + Trojit\u00e9 mango<br \/>\n8.Hroznov\u00e9 bobule + Hru\u0161ka Jablko Malina<br \/>\n9.Jahoda Brusinka T\u0159e\u0161e\u0148 + Ananas Mu\u010denka Limetka<br \/>\n10.Bor\u016fvka Jahoda Mentol + Bor\u016fvka Malina Mentol<\/p>\n<p>&nbsp;<\/p>\n<figure id=\"attachment_2687\" aria-describedby=\"caption-attachment-2687\" style=\"width: 1000px\" class=\"wp-caption alignnone\"><img loading=\"lazy\" decoding=\"async\" class=\"wp-image-2687 size-full\" src=\"https:\/\/rmvapesale.com\/wp-content\/uploads\/2024\/11\/VOPK-ULTRA-30000-Puffs-Digital-ScreenRechargeable-Disposable-Vapes.jpg\" alt=\"VOPK ULTRA 30000 Puffs Digit\u00e1ln\u00ed displej Dob\u00edjec\u00ed jednor\u00e1zov\u00e9 vapy\" width=\"1000\" height=\"1000\" srcset=\"https:\/\/rmvapesale.com\/wp-content\/uploads\/2024\/11\/VOPK-ULTRA-30000-Puffs-Digital-ScreenRechargeable-Disposable-Vapes.jpg 1000w, https:\/\/rmvapesale.com\/wp-content\/uploads\/2024\/11\/VOPK-ULTRA-30000-Puffs-Digital-ScreenRechargeable-Disposable-Vapes-300x300.jpg 300w, https:\/\/rmvapesale.com\/wp-content\/uploads\/2024\/11\/VOPK-ULTRA-30000-Puffs-Digital-ScreenRechargeable-Disposable-Vapes-150x150.jpg 150w, https:\/\/rmvapesale.com\/wp-content\/uploads\/2024\/11\/VOPK-ULTRA-30000-Puffs-Digital-ScreenRechargeable-Disposable-Vapes-768x768.jpg 768w, https:\/\/rmvapesale.com\/wp-content\/uploads\/2024\/11\/VOPK-ULTRA-30000-Puffs-Digital-ScreenRechargeable-Disposable-Vapes-600x600.jpg 600w, https:\/\/rmvapesale.com\/wp-content\/uploads\/2024\/11\/VOPK-ULTRA-30000-Puffs-Digital-ScreenRechargeable-Disposable-Vapes-100x100.jpg 100w\" sizes=\"auto, (max-width: 1000px) 100vw, 1000px\" \/><figcaption id=\"caption-attachment-2687\" class=\"wp-caption-text\">VOPK ULTRA 30000 Puffs Digit\u00e1ln\u00ed displej Dob\u00edjec\u00ed jednor\u00e1zov\u00e9 vapy<\/figcaption><\/figure>\n<h3><strong>Pro\u010d zvolit Rmvapesale pro VOPK <\/strong><strong>Jednor\u00e1zov\u00e9 V<\/strong><strong>ape Velkoobchod<\/strong><strong>?<\/strong><\/h3>\n<div class=\"flex-shrink-0 flex flex-col relative items-end\">\n<div class=\"pt-0\">\n<div class=\"gizmo-bot-avatar flex h-8 w-8 items-center justify-center overflow-hidden rounded-full\">\n<div class=\"relative p-1 rounded-sm flex items-center justify-center bg-token-main-surface-primary text-token-text-primary h-8 w-8\">\n<p>V\u00edtejte v Rmvapesale, va\u0161em d\u016fv\u011bryhodn\u00e9m obchod\u011b s pr\u00e9miov\u00fdmi jednor\u00e1zov\u00fdmi vapovac\u00edmi p\u0159\u00edstroji. S v\u00edce ne\u017e 5 lety odborn\u00fdch zku\u0161enost\u00ed v\u00e1m p\u0159in\u00e1\u0161\u00edme obl\u00edben\u00e9 zna\u010dky jednor\u00e1zov\u00fdch vapovac\u00edch p\u0159\u00edstroj\u016f, jako jsou Al Fakher, Vapme Vape, <a href=\"https:\/\/rmvapesale.com\/cs\/product\/vapme-crystal-7000-puffs-rechargeable-disposable-vape-price\/\">Vapme<\/a>, <a href=\"https:\/\/rmvapesale.com\/cs\/product-category\/bang-vapes\/\">Bang Vape<\/a>, Waspe, <a href=\"https:\/\/rmvapesale.com\/cs\/product\/wga-crystal-pro-max-extra-15k-puffs-disposable-vape-wholesale\/\">WGA<\/a> Vape a<a href=\"https:\/\/rmvapesale.com\/cs\/product-category\/randm-fumot-vape\/\"> RandM Vape<\/a>.<\/p>\n<p>N\u00e1\u0161 sortiment zahrnuje \u017ehav\u00e9 prodejn\u00ed kousky jako <a href=\"https:\/\/rmvapesale.com\/cs\/product\/fumot-digital-box-12000-disposable-vape-pink-lemonade-flavor\/\">RandM 12k<\/a> a chu\u0165ov\u011b bohat\u00e9 mo\u017enosti, jako je <a href=\"https:\/\/rmvapesale.com\/cs\/product\/elfbar-combo-25000-puffs-rechargeable-disposable-vape-wholesale\/\">ELFBAR Combo 25000 Puff<\/a>. Ka\u017ed\u00fd produkt je vyb\u00edr\u00e1n s d\u016frazem na kvalitu, hodnotu a rozmanitost, abyste si zajistili dokonalou shodu pro va\u0161e pot\u0159eby. Objevte v\u00fdjime\u010dn\u00e9 slu\u017eby a \u0161irokou \u0161k\u00e1lu \u0161pi\u010dkov\u00fdch produkt\u016f na Rmvapesale.<\/p>\n<\/div>\n<h3><\/h3>\n<div class=\"relative p-1 rounded-sm flex items-center justify-center bg-token-main-surface-primary text-token-text-primary h-8 w-8\">\n<h3><b>VOPK 30000 Digit\u00e1ln\u00ed displej Dob\u00edjec\u00ed jednor\u00e1zov\u00e9 vapy \u010cASTO KLADEN\u00c9 DOTAZY<\/b><\/h3>\n<\/div>\n<p><strong>Ot\u00e1zka: Jak pozn\u00e1m, \u017ee je m\u016fj dob\u00edjec\u00ed jednor\u00e1zov\u00fd vape VOPK ULTRA 30000 s digit\u00e1ln\u00edm displejem pr\u00e1zdn\u00fd?<\/strong><br \/>\nVOPK ULTRA 30000 je vybaven inteligentn\u00edm digit\u00e1ln\u00edm displejem, kter\u00fd ukazuje hladinu e-liquidu, co\u017e usnad\u0148uje kontrolu, kdy je v\u00e1\u0161 vape t\u00e9m\u011b\u0159 pr\u00e1zdn\u00fd. Kdy\u017e se na displeji ukazuje, \u017ee je e-liquid t\u00e9m\u011b\u0159 pr\u00e1zdn\u00fd, nebo si v\u0161imnete poklesu kvality p\u00e1ry a chuti, je \u010das za\u0159\u00edzen\u00ed vym\u011bnit.<\/p>\n<p><strong>Ot\u00e1zka: Jak dlouho trv\u00e1 nab\u00edjen\u00ed vapy VOPK ULTRA 30000 Puffs?<\/strong><br \/>\nVOPK ULTRA 30000 je navr\u017een s rychl\u00fdm nab\u00edjen\u00edm Type-C, kter\u00e9 mu umo\u017e\u0148uje pln\u00e9 nabit\u00ed p\u0159ibli\u017en\u011b za 1-1,5 hodiny.<\/p>\n<p><strong>Ot\u00e1zka: Kolik nikotinu je v jednor\u00e1zov\u00e9m vape VOPK ULTRA 30000 Puffs?<\/strong><br \/>\nTento vape obsahuje 5% (50mg) s\u00edlu nikotinu, poskytuj\u00edc\u00ed hladk\u00fd a uspokojiv\u00fd hit s ka\u017ed\u00fdm pota\u017een\u00edm.<\/p>\n<p><strong>Ot\u00e1zka: Kde mohu koupit dob\u00edjec\u00ed jednor\u00e1zov\u00e9 vapy VOPK ULTRA 30000 Puffs za velkoobchodn\u00ed cenu?<\/strong><br \/>\nPro hromadn\u00e9 n\u00e1kupy a velkoobchodn\u00ed ceny mnoho dodavatel\u016f vap nab\u00edz\u00ed VOPK ULTRA 30000. M\u016f\u017eete se pod\u00edvat na online velkoobchodn\u00ed obchody s vapy nebo kontaktovat <strong>velkoobchodn\u00ed distributory vap<\/strong> pro nejlep\u0161\u00ed ceny.<\/p>\n<p><strong>Ot\u00e1zka: Mohu si vz\u00edt dob\u00edjec\u00ed jednor\u00e1zov\u00fd vape do letadla?<\/strong><br \/>\nAno, m\u016f\u017eete si vz\u00edt dob\u00edjec\u00ed jednor\u00e1zov\u00e9 vapy, jako je VOPK ULTRA 30000, do letadla, ale mus\u00ed b\u00fdt zabaleny v p\u0159\u00edru\u010dn\u00edm zavazadle, proto\u017ee lithiov\u00e9 baterie obecn\u011b nejsou povoleny v odbaven\u00e9m zavazadle. Nezapome\u0148te zkontrolovat konkr\u00e9tn\u00ed z\u00e1sady leteck\u00fdch spole\u010dnost\u00ed, proto\u017ee se mohou li\u0161it.<\/p>\n<p><strong>Ot\u00e1zka: Kolik pota\u017een\u00ed poskytuje dob\u00edjec\u00ed jednor\u00e1zov\u00fd vape VOPK 30000 s digit\u00e1ln\u00edm displejem?<\/strong><br \/>\nVOPK 30000 nab\u00edz\u00ed dlouhotrvaj\u00edc\u00ed kapacitu a\u017e <strong>30 000 pot\u00e1hnut\u00ed<\/strong>.<\/p>\n<p><strong>Ot\u00e1zka: Jak dlouho trv\u00e1 pln\u00e9 nabit\u00ed VOPK 30000 vapy?<\/strong><br \/>\nS nab\u00edjen\u00edm pomoc\u00ed Type-C dos\u00e1hne VOPK 30000 pln\u00e9ho nabit\u00ed obvykle b\u011bhem <strong>1-1,5 hodiny<\/strong>.<\/p>\n<\/div>\n<\/div>\n<\/div>\n<h3>O p\u0159eprav\u011b<\/h3>\n<div class=\"flex-shrink-0 flex flex-col relative items-end\">\n<div>\n<div class=\"pt-0\">\n<div class=\"gizmo-bot-avatar flex h-8 w-8 items-center justify-center overflow-hidden rounded-full\">\n<div><\/div>\n<div class=\"relative p-1 rounded-sm flex items-center justify-center bg-token-main-surface-primary text-token-text-primary h-8 w-8\"><strong>1. Jak\u00e9 zp\u016fsoby dopravy se pou\u017e\u00edvaj\u00ed?<\/strong><\/div>\n<\/div>\n<\/div>\n<\/div>\n<\/div>\n<div class=\"group\/conversation-turn relative flex w-full min-w-0 flex-col agent-turn\">\n<div class=\"flex-col gap-1 md:gap-3\">\n<div class=\"flex max-w-full flex-col flex-grow\">\n<div class=\"min-h-[20px] text-message flex w-full flex-col items-end gap-2 whitespace-normal break-words [.text-message+&amp;]:mt-5 overflow-x-auto\" dir=\"auto\" data-message-author-role=\"assistant\" data-message-id=\"22f8283b-3233-46ff-89a5-c7a41b33abda\">\n<div class=\"flex w-full flex-col gap-1 empty:hidden first:pt-[3px]\">\n<div class=\"markdown prose w-full break-words dark:prose-invert light\">\n<p>Spolupracujeme s UPS, DHL, FedEx, DPD a dal\u0161\u00edmi p\u0159edn\u00edmi p\u0159epravci. Vybereme nejlep\u0161\u00ed zp\u016fsob dopravy na z\u00e1klad\u011b va\u0161\u00ed doru\u010dovac\u00ed lokality, abychom zajistili, \u017ee sv\u00e9 produkty obdr\u017e\u00edte co nejrychleji.<\/p>\n<\/div>\n<p><strong>2. Jak dlouho trv\u00e1 doru\u010den\u00ed?<\/strong><\/p>\n<p>Bal\u00ed\u010dky odeslan\u00e9 do \u010cesk\u00e9 republiky obvykle doraz\u00ed do 10 pracovn\u00edch dn\u016f. P\u0159eprava do evropsk\u00fdch zem\u00ed obecn\u011b trv\u00e1 asi 12-15 pracovn\u00edch dn\u016f. O stavu va\u0161\u00ed z\u00e1silky v\u00e1s budeme pr\u016fb\u011b\u017en\u011b informovat.<\/p>\n<\/div>\n<\/div>\n<\/div>\n<\/div>\n<\/div>\n<p>&nbsp;<\/p>\n<p>Naj\u00edt v\u00edce produkt\u016f pro vaping, kter\u00e9 by se v\u00e1m mohly l\u00edbit:<strong><em><a href=\"https:\/\/rmvapesale.com\/cs\/shop-2\/\">nakupujte nyn\u00ed &gt;&gt;&gt;<\/a><\/em><\/strong><\/p>","protected":false},"excerpt":{"rendered":"<p>VOPK ULTRA 30000 pot\u00e1hnut\u00ed, dvojit\u00e1 p\u0159\u00edchu\u0165, digit\u00e1ln\u00ed obrazovka, n\u00edzk\u00fd obsah nikotinu, jednor\u00e1zov\u00e9 vape<br \/>\nVOPK 30000 pot\u00e1hnut\u00ed, velkoobchodn\u00ed n\u00e1kup, dob\u00edjec\u00ed jednor\u00e1zov\u00fd vape pod<br \/>\nVOPK ULTRA 30000 pot\u00e1hnut\u00ed, dvojit\u00e1 p\u0159\u00edchu\u0165, jednor\u00e1zov\u00e1 vape pen<\/p>\n<p><img loading=\"lazy\" decoding=\"async\" class=\"size-full wp-image-2375\" src=\"https:\/\/rmvapesale.com\/wp-content\/uploads\/2024\/10\/image.png\" alt=\"Nejlep\u0161\u00ed jednor\u00e1zov\u00e1 e-cigareta\" width=\"229\" height=\"300\" \/><\/p>\n<h3><a href=\"https:\/\/wa.me\/8617776015835\"><span style=\"color: #ff0000\"><strong>WhatsApp: +86 17776015835<\/strong><\/span><\/a><\/h3>\n<p>&nbsp;<\/p>","protected":false},"featured_media":2682,"comment_status":"open","ping_status":"closed","template":"","meta":{"_uag_custom_page_level_css":"","_lmt_disableupdate":"no","_lmt_disable":"","site-sidebar-layout":"default","site-content-layout":"content-boxed-container","ast-site-content-layout":"normal-width-container","site-content-style":"boxed","site-sidebar-style":"unboxed","ast-global-header-display":"","ast-banner-title-visibility":"","ast-main-header-display":"","ast-hfb-above-header-display":"","ast-hfb-below-header-display":"","ast-hfb-mobile-header-display":"","site-post-title":"","ast-breadcrumbs-content":"","ast-featured-img":"","footer-sml-layout":"","theme-transparent-header-meta":"default","adv-header-id-meta":"","stick-header-meta":"","header-above-stick-meta":"","header-main-stick-meta":"","header-below-stick-meta":"","astra-migrate-meta-layouts":"set","ast-page-background-enabled":"default","ast-page-background-meta":{"desktop":{"background-color":"var(--ast-global-color-4)","background-image":"","background-repeat":"repeat","background-position":"center center","background-size":"auto","background-attachment":"scroll","background-type":"","background-media":"","overlay-type":"","overlay-color":"","overlay-opacity":"","overlay-gradient":""},"tablet":{"background-color":"","background-image":"","background-repeat":"repeat","background-position":"center center","background-size":"auto","background-attachment":"scroll","background-type":"","background-media":"","overlay-type":"","overlay-color":"","overlay-opacity":"","overlay-gradient":""},"mobile":{"background-color":"","background-image":"","background-repeat":"repeat","background-position":"center center","background-size":"auto","background-attachment":"scroll","background-type":"","background-media":"","overlay-type":"","overlay-color":"","overlay-opacity":"","overlay-gradient":""}},"ast-content-background-meta":{"desktop":{"background-color":"var(--ast-global-color-5)","background-image":"","background-repeat":"repeat","background-position":"center center","background-size":"auto","background-attachment":"scroll","background-type":"","background-media":"","overlay-type":"","overlay-color":"","overlay-opacity":"","overlay-gradient":""},"tablet":{"background-color":"var(--ast-global-color-5)","background-image":"","background-repeat":"repeat","background-position":"center center","background-size":"auto","background-attachment":"scroll","background-type":"","background-media":"","overlay-type":"","overlay-color":"","overlay-opacity":"","overlay-gradient":""},"mobile":{"background-color":"var(--ast-global-color-5)","background-image":"","background-repeat":"repeat","background-position":"center center","background-size":"auto","background-attachment":"scroll","background-type":"","background-media":"","overlay-type":"","overlay-color":"","overlay-opacity":"","overlay-gradient":""}},"_joinchat":[]},"product_brand":[],"product_cat":[15,25,123,26,28,135,27,137,136,30],"product_tag":[146,188,200,167,127,180,120],"class_list":{"0":"post-2680","1":"product","2":"type-product","3":"status-publish","4":"has-post-thumbnail","6":"product_cat-new-vape-this-week","7":"product_cat-germany-best-selling-vape","8":"product_cat-italy-wholesale-vape","9":"product_cat-netherlands-hot-sale-vape","10":"product_cat-poland-hot-sale-vape","11":"product_cat-spain-best-hot-sale-vape","12":"product_cat-fance-hot-sale-vape","13":"product_cat-rechargeable-vapes","14":"product_cat-smart-screen-vapes","15":"product_cat-minimum-order-quantity-50pcs","16":"product_tag-best-hot-sale-vape","17":"product_tag-buy-vapes-online","18":"product_tag-disposable-hookah-wholesale","19":"product_tag-disposable-vape-with-screen","20":"product_tag-puff-30k","21":"product_tag-shisha-bar","22":"product_tag-vape-wholesale","23":"desktop-align-left","24":"tablet-align-left","25":"mobile-align-left","27":"first","28":"instock","29":"sale","30":"shipping-taxable","31":"purchasable","32":"product-type-simple"},"uagb_featured_image_src":{"full":["https:\/\/rmvapesale.com\/wp-content\/uploads\/2024\/11\/VOPK-ULTRA-30000-Double-Flavor-Digital-Disposable-Vapes-Pen-Wholesale.jpg",800,800,false],"thumbnail":["https:\/\/rmvapesale.com\/wp-content\/uploads\/2024\/11\/VOPK-ULTRA-30000-Double-Flavor-Digital-Disposable-Vapes-Pen-Wholesale-150x150.jpg",150,150,true],"medium":["https:\/\/rmvapesale.com\/wp-content\/uploads\/2024\/11\/VOPK-ULTRA-30000-Double-Flavor-Digital-Disposable-Vapes-Pen-Wholesale-300x300.jpg",300,300,true],"medium_large":["https:\/\/rmvapesale.com\/wp-content\/uploads\/2024\/11\/VOPK-ULTRA-30000-Double-Flavor-Digital-Disposable-Vapes-Pen-Wholesale-768x768.jpg",768,768,true],"large":["https:\/\/rmvapesale.com\/wp-content\/uploads\/2024\/11\/VOPK-ULTRA-30000-Double-Flavor-Digital-Disposable-Vapes-Pen-Wholesale.jpg",800,800,false],"1536x1536":["https:\/\/rmvapesale.com\/wp-content\/uploads\/2024\/11\/VOPK-ULTRA-30000-Double-Flavor-Digital-Disposable-Vapes-Pen-Wholesale.jpg",800,800,false],"2048x2048":["https:\/\/rmvapesale.com\/wp-content\/uploads\/2024\/11\/VOPK-ULTRA-30000-Double-Flavor-Digital-Disposable-Vapes-Pen-Wholesale.jpg",800,800,false],"trp-custom-language-flag":["https:\/\/rmvapesale.com\/wp-content\/uploads\/2024\/11\/VOPK-ULTRA-30000-Double-Flavor-Digital-Disposable-Vapes-Pen-Wholesale.jpg",12,12,false],"woocommerce_thumbnail":["https:\/\/rmvapesale.com\/wp-content\/uploads\/2024\/11\/VOPK-ULTRA-30000-Double-Flavor-Digital-Disposable-Vapes-Pen-Wholesale-300x300.jpg",300,300,true],"woocommerce_single":["https:\/\/rmvapesale.com\/wp-content\/uploads\/2024\/11\/VOPK-ULTRA-30000-Double-Flavor-Digital-Disposable-Vapes-Pen-Wholesale-600x600.jpg",600,600,true],"woocommerce_gallery_thumbnail":["https:\/\/rmvapesale.com\/wp-content\/uploads\/2024\/11\/VOPK-ULTRA-30000-Double-Flavor-Digital-Disposable-Vapes-Pen-Wholesale-100x100.jpg",100,100,true],"wcpr-photo-reviews":["https:\/\/rmvapesale.com\/wp-content\/uploads\/2024\/11\/VOPK-ULTRA-30000-Double-Flavor-Digital-Disposable-Vapes-Pen-Wholesale.jpg",500,500,false]},"uagb_author_info":{"display_name":"AMY","author_link":"https:\/\/rmvapesale.com\/cs\/author\/"},"uagb_comment_info":0,"uagb_excerpt":"VOPK ULTRA 30000 Puffs Double Flavor Digital Screen Low Nicotine Disposable Vapes VOPK 30000 Puffs Bulk Buy Wholesale Rechargeable Disposable Vapes Pod VOPK ULTRA 30000 Puffs Double Flavor Disposable Vapes Pen WhatsApp: +86 17776015835 &nbsp;","_links":{"self":[{"href":"https:\/\/rmvapesale.com\/cs\/wp-json\/wp\/v2\/product\/2680","targetHints":{"allow":["GET"]}}],"collection":[{"href":"https:\/\/rmvapesale.com\/cs\/wp-json\/wp\/v2\/product"}],"about":[{"href":"https:\/\/rmvapesale.com\/cs\/wp-json\/wp\/v2\/types\/product"}],"replies":[{"embeddable":true,"href":"https:\/\/rmvapesale.com\/cs\/wp-json\/wp\/v2\/comments?post=2680"}],"wp:featuredmedia":[{"embeddable":true,"href":"https:\/\/rmvapesale.com\/cs\/wp-json\/wp\/v2\/media\/2682"}],"wp:attachment":[{"href":"https:\/\/rmvapesale.com\/cs\/wp-json\/wp\/v2\/media?parent=2680"}],"wp:term":[{"taxonomy":"product_brand","embeddable":true,"href":"https:\/\/rmvapesale.com\/cs\/wp-json\/wp\/v2\/product_brand?post=2680"},{"taxonomy":"product_cat","embeddable":true,"href":"https:\/\/rmvapesale.com\/cs\/wp-json\/wp\/v2\/product_cat?post=2680"},{"taxonomy":"product_tag","embeddable":true,"href":"https:\/\/rmvapesale.com\/cs\/wp-json\/wp\/v2\/product_tag?post=2680"}],"curies":[{"name":"wp","href":"https:\/\/api.w.org\/{rel}","templated":true}]}}