{"id":2695,"date":"2024-11-07T09:50:56","date_gmt":"2024-11-07T09:50:56","guid":{"rendered":"https:\/\/rmvapesale.com\/?post_type=product&#038;p=2695"},"modified":"2024-11-08T03:15:20","modified_gmt":"2024-11-08T03:15:20","slug":"jnr-mediamax-40000-smart-vape-phone-call-rechargeable-disposable-wholesale","status":"publish","type":"product","link":"https:\/\/rmvapesale.com\/cs\/product\/jnr-mediamax-40000-smart-vape-phone-call-rechargeable-disposable-wholesale\/","title":{"rendered":"JNR MediaMax 40000 Chytr\u00fd Vape Telefonn\u00ed hovor Dob\u00edjec\u00ed jednor\u00e1zov\u00fd velkoobchod"},"content":{"rendered":"<div class=\"B2VR9 CJHX3e\">\n<div class=\"wyccme\">\n<h1 class=\"LC20lb MBeuO DKV0Md\">JNR MediaMax 40000 Chytr\u00fd Vape Telefonn\u00ed hovor Dob\u00edjec\u00ed jednor\u00e1zov\u00fd velkoobchod<\/h1>\n<div class=\"flex-shrink-0 flex flex-col relative items-end\">\n<div class=\"pt-0\">\n<div class=\"gizmo-bot-avatar flex h-8 w-8 items-center justify-center overflow-hidden rounded-full\">\n<div class=\"relative p-1 rounded-sm flex items-center justify-center bg-token-main-surface-primary text-token-text-primary h-8 w-8\">\n<p>Chytr\u00fd vape JNR MediaMax 40000\u00a0p\u0159in\u00e1\u0161\u00ed revoluci do sv\u011bta vapingu d\u00edky jedine\u010dn\u00e9 kombinaci \u0161pi\u010dkov\u00fdch technologi\u00ed a vysoce v\u00fdkonn\u00fdch funkc\u00ed. Toto za\u0159\u00edzen\u00ed, zn\u00e1m\u00e9 jako prvn\u00ed <strong>jednor\u00e1zov\u00fd vape s 40 000 \u0161luky<\/strong> vybaven\u00fd funkc\u00ed chytr\u00e9ho telefonov\u00e1n\u00ed, nab\u00edz\u00ed p\u016fsobiv\u00fdch <strong>21 ml p\u0159edpln\u011bn\u00e9ho e-d\u017eusu<\/strong> a <strong>1000mAh dob\u00edjec\u00ed baterii<\/strong> abyste mohli vapovat d\u00e9le s minim\u00e1ln\u00edm dob\u00edjen\u00edm.<\/p>\n<p>Se dv\u011bma re\u017eimy vapingu \u2013<strong>Standardn\u00ed re\u017eim<\/strong> a\u017e 40 000 \u0161luk\u016f a <strong>Re\u017eim Pulse<\/strong> pro 20 000 \u0161luk\u016f \u2013 JNR MediaMax 40000 <strong>puff vape<\/strong> nab\u00edz\u00ed v\u00fdjime\u010dnou v\u0161estrannost a kontrolu. D\u00edky <strong>2,4palcov\u00e9 HD dotykov\u00e9 obrazovce<\/strong> je snadn\u00e9 pou\u017eit\u00ed, co\u017e v\u00e1m umo\u017en\u00ed sledovat \u017eivotnost baterie, \u00farove\u0148 e-d\u017eusu a nastaven\u00ed za\u0159\u00edzen\u00ed v re\u00e1ln\u00e9m \u010dase.<\/p>\n<p>Tento vape posouv\u00e1 chytr\u00e9 vapov\u00e1n\u00ed o krok d\u00e1l a zahrnuje <strong>upozorn\u011bn\u00ed na hovory a zpr\u00e1vy<\/strong>, d\u00e1lkov\u00e9 ovl\u00e1d\u00e1n\u00ed fotoapar\u00e1tu, a <strong>funkce vyhled\u00e1n\u00ed telefonu<\/strong>, a <strong>re\u017eim z\u00e1mku<\/strong> pro zaji\u0161t\u011bn\u00ed soukrom\u00ed a bezpe\u010dnosti. Ur\u010deno pro <strong>MTL (Mouth-to-Lung) vaping<\/strong>, toto za\u0159\u00edzen\u00ed tak\u00e9 poskytuje uspokojiv\u00fd tah s <strong>silou nikotinu 5% (50mg)<\/strong>.<\/p>\n<p>Se sv\u00fdm stylov\u00fdm designem, pohodl\u00edm a <strong>funkcemi chytr\u00e9ho telefonu<\/strong>, JNR MediaMax 40K nastavuje la\u0165ku vysoko pro <strong>jednor\u00e1zov\u00e9 vapovac\u00ed za\u0159\u00edzen\u00ed<\/strong>. Ide\u00e1ln\u00ed pro ty, kte\u0159\u00ed cht\u011bj\u00ed spojit inovativn\u00ed technologie s tradi\u010dn\u00edm z\u00e1\u017eitkem z vapov\u00e1n\u00ed, JNR MediaMax 40000 je k dispozici pro <strong>velkoobchodn\u00ed n\u00e1kup<\/strong> a <strong>velkoobchodn\u00ed<\/strong> objedn\u00e1vky, aby vyhov\u011bl v\u0161em va\u0161im pot\u0159eb\u00e1m. Objevte <strong>chytr\u00fd vape<\/strong> JNR MediaMax je\u0161t\u011b dnes a p\u0159edefinujte sv\u016fj z\u00e1\u017eitek z vapov\u00e1n\u00ed.<\/p>\n<p>&nbsp;<\/p>\n<\/div>\n<\/div>\n<\/div>\n<\/div>\n<\/div>\n<\/div>\n<p><strong>Kontaktujte Amy a z\u00edskejte spr\u00e1vnou odpov\u011b\u010f a kup\u00f3n na vape!<\/strong><\/p>\n<p><img loading=\"lazy\" decoding=\"async\" class=\"size-full wp-image-1978\" src=\"https:\/\/rmvapesale.com\/wp-content\/uploads\/2024\/09\/Disposable-Vape-Wholesale.jpg\" alt=\"Jednor\u00e1zov\u00e1 e-cigareta velkoobchod\" width=\"229\" height=\"300\" \/><\/p>\n<h3><a href=\"https:\/\/wa.me\/8617776015835\" target=\"_blank\" rel=\"noopener\"><span style=\"color: #ff0000\"><strong>WhatsApp: +86 17776015835<\/strong><\/span><\/a><\/h3>\n<p>&nbsp;<\/p>\n<h2><\/h2>\n<h2><strong>JNR MediaMax 40000 chytr\u00e9 dob\u00edjec\u00ed jednor\u00e1zov\u00e9 vapovac\u00ed za\u0159\u00edzen\u00ed <\/strong><strong>Kl\u00ed\u010dov\u00e9 vlastnosti<\/strong><\/h2>\n<p>Zna\u010dka: JNR Vape<br \/>\nPrvn\u00ed jednor\u00e1zov\u00e1 sada na sv\u011bt\u011b s 40K s funkcemi chytr\u00e9ho telefonu<br \/>\nN\u00e1pl\u0148: 21ml p\u0159edpln\u011bn\u00fd e-liquid<br \/>\nNikotin: 5% (50mg) s\u00edla nikotinu<br \/>\nBaterie: 1000mAh dob\u00edjec\u00ed baterie<br \/>\nRe\u017eim Regular\/Pulse: 40000 potah\u016f pro re\u017eim Regular\/20000 potah\u016f pro re\u017eim Pulse<br \/>\n2.4-palcov\u00fd HD dotykov\u00fd displej<br \/>\nFunkce vol\u00e1n\u00ed a textov\u00fdch zpr\u00e1v: Vol\u00e1n\u00ed<br \/>\nVzd\u00e1len\u00e1 kamera: D\u00e1lkov\u00e9 ovl\u00e1d\u00e1n\u00ed fotoapar\u00e1tu<br \/>\nFunkce Najdi m\u016fj telefon<br \/>\nRe\u017eim uzam\u010den\u00ed<br \/>\nMTL vapov\u00e1n\u00ed<\/p>\n<p>&nbsp;<\/p>\n<h2><strong>Nejobl\u00edben\u011bj\u0161\u00ed p\u0159\u00edchu\u0165 pro jednor\u00e1zov\u00e9 e-cigarety JNR MediaMax 40000 Smart Phone<\/strong><\/h2>\n<p>1.Bor\u016fvka s ledem <span style=\"color: #ff0000\"><strong>&gt;&gt;&gt;&gt; Hork\u00e9!<\/strong><\/span><br \/>\n2.Jahoda s ledem<br \/>\n3.Meloun s ledem<br \/>\n4.Miami Mint<br \/>\n5. Kysel\u00e9 jablko led<br \/>\n6. Bor\u016fvka vodn\u00ed meloun <span style=\"color: #ff0000\"><strong>&gt;&gt;&gt;&gt; Hork\u00e9!<\/strong><\/span><br \/>\n7. Fantastick\u00e1 chu\u0165<br \/>\n8. T\u0159e\u0161e\u0148 jahoda malina <span style=\"color: #ff0000\"><strong>&gt;&gt;&gt;&gt; Nejlep\u0161\u00ed!<\/strong><\/span><br \/>\n9. Broskvov\u00e9 mango meloun<br \/>\n10.Jahoda Ban\u00e1n<\/p>\n<figure id=\"attachment_2689\" aria-describedby=\"caption-attachment-2689\" style=\"width: 800px\" class=\"wp-caption alignnone\"><img loading=\"lazy\" decoding=\"async\" class=\"wp-image-2689 size-full\" src=\"https:\/\/rmvapesale.com\/wp-content\/uploads\/2024\/11\/JNR-Mediamax-40000-Best-Vape-2024.jpg\" alt=\"JNR Mediamax 40000 Nejlep\u0161\u00ed Vape 2024\" width=\"800\" height=\"800\" srcset=\"https:\/\/rmvapesale.com\/wp-content\/uploads\/2024\/11\/JNR-Mediamax-40000-Best-Vape-2024.jpg 800w, https:\/\/rmvapesale.com\/wp-content\/uploads\/2024\/11\/JNR-Mediamax-40000-Best-Vape-2024-300x300.jpg 300w, https:\/\/rmvapesale.com\/wp-content\/uploads\/2024\/11\/JNR-Mediamax-40000-Best-Vape-2024-150x150.jpg 150w, https:\/\/rmvapesale.com\/wp-content\/uploads\/2024\/11\/JNR-Mediamax-40000-Best-Vape-2024-768x768.jpg 768w, https:\/\/rmvapesale.com\/wp-content\/uploads\/2024\/11\/JNR-Mediamax-40000-Best-Vape-2024-600x600.jpg 600w, https:\/\/rmvapesale.com\/wp-content\/uploads\/2024\/11\/JNR-Mediamax-40000-Best-Vape-2024-100x100.jpg 100w\" sizes=\"auto, (max-width: 800px) 100vw, 800px\" \/><figcaption id=\"caption-attachment-2689\" class=\"wp-caption-text\">JNR Mediamax 40000 Nejlep\u0161\u00ed Vape 2024<\/figcaption><\/figure>\n<h3><strong>Pro\u010d zvolit Rmvapesale pro JNR MediaMax 40000 Smart<\/strong><strong>\u00a0V<\/strong><strong>ape Velkoobchod<\/strong><strong>?<\/strong><\/h3>\n<div class=\"flex-shrink-0 flex flex-col relative items-end\">\n<div class=\"pt-0\">\n<div class=\"gizmo-bot-avatar flex h-8 w-8 items-center justify-center overflow-hidden rounded-full\">\n<div class=\"relative p-1 rounded-sm flex items-center justify-center bg-token-main-surface-primary text-token-text-primary h-8 w-8\">\n<p>V\u00edtejte v Rmvapesale, va\u0161em d\u016fv\u011bryhodn\u00e9m obchod\u011b s pr\u00e9miov\u00fdmi jednor\u00e1zov\u00fdmi vapovac\u00edmi p\u0159\u00edstroji. S v\u00edce ne\u017e 5 lety odborn\u00fdch zku\u0161enost\u00ed v\u00e1m p\u0159in\u00e1\u0161\u00edme obl\u00edben\u00e9 zna\u010dky jednor\u00e1zov\u00fdch vapovac\u00edch p\u0159\u00edstroj\u016f, jako jsou Al Fakher, Vapme Vape, <a href=\"https:\/\/rmvapesale.com\/cs\/product\/vapme-crystal-7000-puffs-rechargeable-disposable-vape-price\/\">Vapme<\/a>, <a href=\"https:\/\/rmvapesale.com\/cs\/product-category\/bang-vapes\/\">Bang Vape<\/a>, Waspe, <a href=\"https:\/\/rmvapesale.com\/cs\/product\/wga-crystal-pro-max-extra-15k-puffs-disposable-vape-wholesale\/\">WGA<\/a> Vape a<a href=\"https:\/\/rmvapesale.com\/cs\/product-category\/randm-fumot-vape\/\"> RandM Vape<\/a>.<\/p>\n<p>N\u00e1\u0161 sortiment zahrnuje \u017ehav\u00e9 prodejn\u00ed kousky jako <a href=\"https:\/\/rmvapesale.com\/cs\/product\/fumot-digital-box-12000-disposable-vape-pink-lemonade-flavor\/\">RandM 12k<\/a> a chu\u0165ov\u011b bohat\u00e9 mo\u017enosti, jako je <a href=\"https:\/\/rmvapesale.com\/cs\/product\/elfbar-combo-25000-puffs-rechargeable-disposable-vape-wholesale\/\">ELFBAR Combo 25000 Puff<\/a>. Ka\u017ed\u00fd produkt je vyb\u00edr\u00e1n s d\u016frazem na kvalitu, hodnotu a rozmanitost, abyste si zajistili dokonalou shodu pro va\u0161e pot\u0159eby. Objevte v\u00fdjime\u010dn\u00e9 slu\u017eby a \u0161irokou \u0161k\u00e1lu \u0161pi\u010dkov\u00fdch produkt\u016f na Rmvapesale.<\/p>\n<\/div>\n<h3><\/h3>\n<div class=\"relative p-1 rounded-sm flex items-center justify-center bg-token-main-surface-primary text-token-text-primary h-8 w-8\">\n<h3><b>JNR MediaMax 40000 Digit\u00e1ln\u00ed displej Dob\u00edjec\u00ed jednor\u00e1zov\u00fd Vape FAQ<\/b><\/h3>\n<p>&nbsp;<\/p>\n<\/div>\n<div class=\"flex max-w-full flex-col flex-grow\">\n<div class=\"min-h-8 text-message flex w-full flex-col items-end gap-2 whitespace-normal break-words [.text-message+&amp;]:mt-5\" dir=\"auto\" data-message-author-role=\"assistant\" data-message-id=\"97cb2f27-e2e6-4ecb-a3cc-49b64fba0d8b\" data-message-model-slug=\"gpt-4o\">\n<div class=\"flex w-full flex-col gap-1 empty:hidden first:pt-[3px]\">\n<div class=\"markdown prose w-full break-words dark:prose-invert light\">\n<ol>\n<li><strong>Jak pozn\u00e1m, kdy je m\u016fj JNR MediaMax 40000 Smart Vape pr\u00e1zdn\u00fd?<\/strong><br \/>\nTento <strong>2,4palcov\u00e9 HD dotykov\u00e9 obrazovce<\/strong> na va\u0161em JNR MediaMax 40000 Smart Vape zobraz\u00ed \u00farove\u0148 e-liquidu, co\u017e usnad\u0148uje sledov\u00e1n\u00ed, kdy se bl\u00ed\u017e\u00ed vypr\u00e1zdn\u011bn\u00ed nebo je pr\u00e1zdn\u00fd.<\/li>\n<li><strong>Jak dlouho trv\u00e1 nab\u00edjen\u00ed dob\u00edjec\u00edho Vape JNR MediaMax 40000 Smart?<\/strong><br \/>\nJNR MediaMax 40000 disponuje <strong>rychl\u00fdm nab\u00edjen\u00edm Type-C<\/strong> a pln\u00e9ho nabit\u00ed dos\u00e1hne p\u0159ibli\u017en\u011b za <strong>jednu hodinu<\/strong>.<\/li>\n<li><strong>Kolik nikotinu je v jednor\u00e1zov\u00e9m Vape JNR MediaMax 40000 Smart?<\/strong><br \/>\nToto za\u0159\u00edzen\u00ed je navr\u017eeno s <strong>silou nikotinu 5% (50mg)<\/strong> pro poskytnut\u00ed uspokojiv\u00e9ho z\u00e1\u017eitku z vapov\u00e1n\u00ed.<\/li>\n<li><strong>Kde mohu koupit Vapy JNR 40000 Puffs za velkoobchodn\u00ed cenu?<\/strong><br \/>\nJNR MediaMax 40000 je k dispozici pro <strong>velkoobchodn\u00ed a hromadn\u00e9 objedn\u00e1vky<\/strong> prost\u0159ednictv\u00edm autorizovan\u00fdch dodavatel\u016f a internetov\u00fdch obchod\u016f s vape produkty.<\/li>\n<li><strong>Ot\u00e1zka: Mohu si vz\u00edt dob\u00edjec\u00ed jednor\u00e1zov\u00fd vape do letadla?<\/strong><br \/>\nAno, jednor\u00e1zovou dob\u00edjec\u00ed vapku, jako je JNR MediaMax 40000, si m\u016f\u017eete vz\u00edt do p\u0159\u00edru\u010dn\u00edho zavazadla, ale je d\u016fle\u017eit\u00e9 zkontrolovat p\u0159edpisy leteck\u00fdch spole\u010dnost\u00ed a m\u00edstn\u00ed na\u0159\u00edzen\u00ed pro p\u0159\u00edpadn\u00e1 omezen\u00ed. B\u011bhem letu ji nezapome\u0148te vypnout.<\/li>\n<li><strong>Kolik pot\u00e1hnut\u00ed nab\u00edz\u00ed chytr\u00e1 vapka JNR MediaMax 40000?<\/strong><br \/>\nJNR MediaMax nab\u00edz\u00ed <strong>a\u017e 40 000 pot\u00e1hnut\u00ed<\/strong> v b\u011b\u017en\u00e9m re\u017eimu a <strong>20 000 pot\u00e1hnut\u00ed v pulzn\u00edm re\u017eimu<\/strong> pro v\u0161estrann\u00fd a dlouhotrvaj\u00edc\u00ed z\u00e1\u017eitek.<\/li>\n<li><strong>Jak dlouho trv\u00e1 pln\u00e9 nabit\u00ed JNR MediaMax 40000?<\/strong><br \/>\nTento <strong>1000mAh dob\u00edjec\u00ed baterii<\/strong> dos\u00e1hne pln\u00e9ho nabit\u00ed za p\u0159ibli\u017en\u011b <strong>jednu hodinu<\/strong> s efektivn\u00ed technologi\u00ed nab\u00edjen\u00ed Type-C.<\/li>\n<\/ol>\n<\/div>\n<\/div>\n<\/div>\n<\/div>\n<div class=\"mb-2 flex gap-3 empty:hidden -ml-2\"><\/div>\n<p>&nbsp;<\/p>\n<\/div>\n<\/div>\n<\/div>\n<h3>O p\u0159eprav\u011b<\/h3>\n<div class=\"flex-shrink-0 flex flex-col relative items-end\">\n<div>\n<div class=\"pt-0\">\n<div class=\"gizmo-bot-avatar flex h-8 w-8 items-center justify-center overflow-hidden rounded-full\">\n<div><\/div>\n<div class=\"relative p-1 rounded-sm flex items-center justify-center bg-token-main-surface-primary text-token-text-primary h-8 w-8\"><strong>1. Jak\u00e9 zp\u016fsoby dopravy se pou\u017e\u00edvaj\u00ed?<\/strong><\/div>\n<\/div>\n<\/div>\n<\/div>\n<\/div>\n<div class=\"group\/conversation-turn relative flex w-full min-w-0 flex-col agent-turn\">\n<div class=\"flex-col gap-1 md:gap-3\">\n<div class=\"flex max-w-full flex-col flex-grow\">\n<div class=\"min-h-[20px] text-message flex w-full flex-col items-end gap-2 whitespace-normal break-words [.text-message+&amp;]:mt-5 overflow-x-auto\" dir=\"auto\" data-message-author-role=\"assistant\" data-message-id=\"22f8283b-3233-46ff-89a5-c7a41b33abda\">\n<div class=\"flex w-full flex-col gap-1 empty:hidden first:pt-[3px]\">\n<div class=\"markdown prose w-full break-words dark:prose-invert light\">\n<p>Spolupracujeme s UPS, DHL, FedEx, DPD a dal\u0161\u00edmi p\u0159edn\u00edmi p\u0159epravci. Vybereme nejlep\u0161\u00ed zp\u016fsob dopravy na z\u00e1klad\u011b va\u0161\u00ed doru\u010dovac\u00ed lokality, abychom zajistili, \u017ee sv\u00e9 produkty obdr\u017e\u00edte co nejrychleji.<\/p>\n<\/div>\n<p><strong>2. Jak dlouho trv\u00e1 doru\u010den\u00ed?<\/strong><\/p>\n<p>Bal\u00ed\u010dky odeslan\u00e9 do \u010cesk\u00e9 republiky obvykle doraz\u00ed do 10 pracovn\u00edch dn\u016f. P\u0159eprava do evropsk\u00fdch zem\u00ed obecn\u011b trv\u00e1 asi 12-15 pracovn\u00edch dn\u016f. O stavu va\u0161\u00ed z\u00e1silky v\u00e1s budeme pr\u016fb\u011b\u017en\u011b informovat.<\/p>\n<\/div>\n<\/div>\n<\/div>\n<\/div>\n<\/div>\n<p>&nbsp;<\/p>\n<p>Naj\u00edt v\u00edce produkt\u016f pro vaping, kter\u00e9 by se v\u00e1m mohly l\u00edbit:<strong><em><a href=\"https:\/\/rmvapesale.com\/cs\/shop-2\/\">nakupujte nyn\u00ed &gt;&gt;&gt;<\/a><\/em><\/strong><\/p>","protected":false},"excerpt":{"rendered":"<p>JNR Mediamax 40000 nejlep\u0161\u00ed jednor\u00e1zov\u00fd vape 2024<br \/>\nJNR 40000 Dob\u00edjec\u00ed jednor\u00e1zov\u00fd vape velkoobchodn\u00ed cena<br \/>\nVelkoobchod JNR Mediamax 40000 \u0161luk\u016f chytr\u00fd vape na telefonov\u00e1n\u00ed<\/p>\n<p><img loading=\"lazy\" decoding=\"async\" class=\"size-full wp-image-2375\" src=\"https:\/\/rmvapesale.com\/wp-content\/uploads\/2024\/10\/image.png\" alt=\"Nejlep\u0161\u00ed jednor\u00e1zov\u00e1 e-cigareta\" width=\"229\" height=\"300\" \/><\/p>\n<h3><a href=\"https:\/\/wa.me\/8617776015835\"><span style=\"color: #ff0000\"><strong>WhatsApp: +86 17776015835<\/strong><\/span><\/a><\/h3>\n<p>&nbsp;<\/p>","protected":false},"featured_media":2690,"comment_status":"open","ping_status":"closed","template":"","meta":{"_uag_custom_page_level_css":"","_lmt_disableupdate":"no","_lmt_disable":"","site-sidebar-layout":"default","site-content-layout":"content-boxed-container","ast-site-content-layout":"normal-width-container","site-content-style":"boxed","site-sidebar-style":"unboxed","ast-global-header-display":"","ast-banner-title-visibility":"","ast-main-header-display":"","ast-hfb-above-header-display":"","ast-hfb-below-header-display":"","ast-hfb-mobile-header-display":"","site-post-title":"","ast-breadcrumbs-content":"","ast-featured-img":"","footer-sml-layout":"","theme-transparent-header-meta":"default","adv-header-id-meta":"","stick-header-meta":"","header-above-stick-meta":"","header-main-stick-meta":"","header-below-stick-meta":"","astra-migrate-meta-layouts":"set","ast-page-background-enabled":"default","ast-page-background-meta":{"desktop":{"background-color":"var(--ast-global-color-4)","background-image":"","background-repeat":"repeat","background-position":"center center","background-size":"auto","background-attachment":"scroll","background-type":"","background-media":"","overlay-type":"","overlay-color":"","overlay-opacity":"","overlay-gradient":""},"tablet":{"background-color":"","background-image":"","background-repeat":"repeat","background-position":"center center","background-size":"auto","background-attachment":"scroll","background-type":"","background-media":"","overlay-type":"","overlay-color":"","overlay-opacity":"","overlay-gradient":""},"mobile":{"background-color":"","background-image":"","background-repeat":"repeat","background-position":"center center","background-size":"auto","background-attachment":"scroll","background-type":"","background-media":"","overlay-type":"","overlay-color":"","overlay-opacity":"","overlay-gradient":""}},"ast-content-background-meta":{"desktop":{"background-color":"var(--ast-global-color-5)","background-image":"","background-repeat":"repeat","background-position":"center center","background-size":"auto","background-attachment":"scroll","background-type":"","background-media":"","overlay-type":"","overlay-color":"","overlay-opacity":"","overlay-gradient":""},"tablet":{"background-color":"var(--ast-global-color-5)","background-image":"","background-repeat":"repeat","background-position":"center center","background-size":"auto","background-attachment":"scroll","background-type":"","background-media":"","overlay-type":"","overlay-color":"","overlay-opacity":"","overlay-gradient":""},"mobile":{"background-color":"var(--ast-global-color-5)","background-image":"","background-repeat":"repeat","background-position":"center center","background-size":"auto","background-attachment":"scroll","background-type":"","background-media":"","overlay-type":"","overlay-color":"","overlay-opacity":"","overlay-gradient":""}},"_joinchat":[]},"product_brand":[],"product_cat":[15,25,123,26,28,135,27,137,136,30],"product_tag":[146,188,167,205,207,206,120],"class_list":{"0":"post-2695","1":"product","2":"type-product","3":"status-publish","4":"has-post-thumbnail","6":"product_cat-new-vape-this-week","7":"product_cat-germany-best-selling-vape","8":"product_cat-italy-wholesale-vape","9":"product_cat-netherlands-hot-sale-vape","10":"product_cat-poland-hot-sale-vape","11":"product_cat-spain-best-hot-sale-vape","12":"product_cat-fance-hot-sale-vape","13":"product_cat-rechargeable-vapes","14":"product_cat-smart-screen-vapes","15":"product_cat-minimum-order-quantity-50pcs","16":"product_tag-best-hot-sale-vape","17":"product_tag-buy-vapes-online","18":"product_tag-disposable-vape-with-screen","19":"product_tag-jnr-vape","20":"product_tag-puff-vape","21":"product_tag-smart-phone-vape","22":"product_tag-vape-wholesale","23":"desktop-align-left","24":"tablet-align-left","25":"mobile-align-left","27":"first","28":"instock","29":"sale","30":"shipping-taxable","31":"purchasable","32":"product-type-simple"},"uagb_featured_image_src":{"full":["https:\/\/rmvapesale.com\/wp-content\/uploads\/2024\/11\/JNR-MediaMax-40000-Disposable-Vape-Wholesale.jpg",800,800,false],"thumbnail":["https:\/\/rmvapesale.com\/wp-content\/uploads\/2024\/11\/JNR-MediaMax-40000-Disposable-Vape-Wholesale-150x150.jpg",150,150,true],"medium":["https:\/\/rmvapesale.com\/wp-content\/uploads\/2024\/11\/JNR-MediaMax-40000-Disposable-Vape-Wholesale-300x300.jpg",300,300,true],"medium_large":["https:\/\/rmvapesale.com\/wp-content\/uploads\/2024\/11\/JNR-MediaMax-40000-Disposable-Vape-Wholesale-768x768.jpg",768,768,true],"large":["https:\/\/rmvapesale.com\/wp-content\/uploads\/2024\/11\/JNR-MediaMax-40000-Disposable-Vape-Wholesale.jpg",800,800,false],"1536x1536":["https:\/\/rmvapesale.com\/wp-content\/uploads\/2024\/11\/JNR-MediaMax-40000-Disposable-Vape-Wholesale.jpg",800,800,false],"2048x2048":["https:\/\/rmvapesale.com\/wp-content\/uploads\/2024\/11\/JNR-MediaMax-40000-Disposable-Vape-Wholesale.jpg",800,800,false],"trp-custom-language-flag":["https:\/\/rmvapesale.com\/wp-content\/uploads\/2024\/11\/JNR-MediaMax-40000-Disposable-Vape-Wholesale.jpg",12,12,false],"woocommerce_thumbnail":["https:\/\/rmvapesale.com\/wp-content\/uploads\/2024\/11\/JNR-MediaMax-40000-Disposable-Vape-Wholesale-300x300.jpg",300,300,true],"woocommerce_single":["https:\/\/rmvapesale.com\/wp-content\/uploads\/2024\/11\/JNR-MediaMax-40000-Disposable-Vape-Wholesale-600x600.jpg",600,600,true],"woocommerce_gallery_thumbnail":["https:\/\/rmvapesale.com\/wp-content\/uploads\/2024\/11\/JNR-MediaMax-40000-Disposable-Vape-Wholesale-100x100.jpg",100,100,true],"wcpr-photo-reviews":["https:\/\/rmvapesale.com\/wp-content\/uploads\/2024\/11\/JNR-MediaMax-40000-Disposable-Vape-Wholesale.jpg",500,500,false]},"uagb_author_info":{"display_name":"AMY","author_link":"https:\/\/rmvapesale.com\/cs\/author\/"},"uagb_comment_info":0,"uagb_excerpt":"JNR Mediamax 40000 Best Disposable Vape 2024 JNR 40000 Rechargeable Disposable Vape Wholesale Price Wholesale JNR Mediamax 40000 Puffs Phone Call Smart Vape WhatsApp: +86 17776015835 &nbsp;","_links":{"self":[{"href":"https:\/\/rmvapesale.com\/cs\/wp-json\/wp\/v2\/product\/2695","targetHints":{"allow":["GET"]}}],"collection":[{"href":"https:\/\/rmvapesale.com\/cs\/wp-json\/wp\/v2\/product"}],"about":[{"href":"https:\/\/rmvapesale.com\/cs\/wp-json\/wp\/v2\/types\/product"}],"replies":[{"embeddable":true,"href":"https:\/\/rmvapesale.com\/cs\/wp-json\/wp\/v2\/comments?post=2695"}],"wp:featuredmedia":[{"embeddable":true,"href":"https:\/\/rmvapesale.com\/cs\/wp-json\/wp\/v2\/media\/2690"}],"wp:attachment":[{"href":"https:\/\/rmvapesale.com\/cs\/wp-json\/wp\/v2\/media?parent=2695"}],"wp:term":[{"taxonomy":"product_brand","embeddable":true,"href":"https:\/\/rmvapesale.com\/cs\/wp-json\/wp\/v2\/product_brand?post=2695"},{"taxonomy":"product_cat","embeddable":true,"href":"https:\/\/rmvapesale.com\/cs\/wp-json\/wp\/v2\/product_cat?post=2695"},{"taxonomy":"product_tag","embeddable":true,"href":"https:\/\/rmvapesale.com\/cs\/wp-json\/wp\/v2\/product_tag?post=2695"}],"curies":[{"name":"wp","href":"https:\/\/api.w.org\/{rel}","templated":true}]}}